{"id":13087,"date":"2024-09-20T14:45:00","date_gmt":"2024-09-20T21:45:00","guid":{"rendered":"https:\/\/www.nevadaregistry.org\/manual-de-politicas-el-comite-asesor-de-nevada-registry\/"},"modified":"2025-05-01T14:54:51","modified_gmt":"2025-05-01T21:54:51","slug":"manual-de-politicas-el-comite-asesor-de-nevada-registry","status":"publish","type":"page","link":"https:\/\/www.nevadaregistry.org\/es\/acerca\/politicas-del-programa\/manual-de-politicas-el-comite-asesor-de-nevada-registry\/","title":{"rendered":"Manual de Pol\u00edticas: El Comit\u00e9 Asesor de Nevada Registry"},"content":{"rendered":"<h6><em>Revisado\/Actualizado octubre de 2024<\/em><\/h6>\n<p>El <a href=\"https:\/\/www.nevadaregistry.org\/about\/advisory-committee\/\">Comit\u00e9 Asesor de Nevada Registry (RAC)<\/a> fue establecido en 2005 y sirve como un organismo para guiar, asesorar y hacer recomendaciones de pol\u00edtica para el sistema de aprobaci\u00f3n de desarrollo profesional y capacitaci\u00f3n*. El RAC opera de acuerdo con la <a href=\"https:\/\/www.nevadaregistry.org\/es\/?page_id=13249\">Declaraci\u00f3n de Visi\u00f3n, Misi\u00f3n y Valores<\/a> de Nevada Registry. <\/p>\n<h4>Composici\u00f3n del Comit\u00e9<\/h4>\n<p>El Comit\u00e9 Asesor de Nevada Registry es un cuerpo consultivo con una amplia gama de representaci\u00f3n profesional en todo el estado. El comit\u00e9 est\u00e1 compuesto por representantes de varios sectores de la Primera Infancia que ayudan a guiar la visi\u00f3n de Nevada Registry. <\/p>\n<p>Se invita a representantes de agencias a participar en funci\u00f3n de la poblaci\u00f3n representada por su programa\/agencia (Educaci\u00f3n Superior, Cuidado en Centros, Cuidado en Hogares, etc.), as\u00ed como por la conexi\u00f3n y comprensi\u00f3n del individuo sobre la industria del cuidado infantil en Nevada. Los miembros incluyen, pero no se limitan a, al menos un individuo que represente lo siguiente: <\/p>\n<ul>\n<li>Agente de Financiamiento<\/li>\n<li>Representante de Subsidios CCDF<\/li>\n<li>Educaci\u00f3n Superior, incluyendo instituciones de dos y cuatro a\u00f1os<\/li>\n<li>Departamento de Educaci\u00f3n del Estado<\/li>\n<li>Sistema de Calificaci\u00f3n y Mejora de la Calidad (QRIS)<\/li>\n<li>Licenciamiento de Cuidado Infantil<\/li>\n<li>Programa de Becas para la Primera Infancia a Nivel Estatal<\/li>\n<li>Est\u00e1ndares de Pre-K de Nevada<\/li>\n<li>Head Start\/Early Head Start<\/li>\n<li>Programa de Pre-K Basado en el Distrito Escolar<\/li>\n<li>Proveedor de Cuidado Infantil con Licencia Basado en Centros (Urbano y Rural)<\/li>\n<li>Guarder\u00eda Familiar con Licencia<\/li>\n<li>Cuidado Infantil Tribal<\/li>\n<\/ul>\n<p>Las agencias identificadas tienen una posici\u00f3n permanente en el comit\u00e9. Las posiciones en el Comit\u00e9 Asesor son voluntarias; sin embargo, se solicita a los representantes de las agencias que se comprometan a un t\u00e9rmino m\u00ednimo de dos a\u00f1os. Si una agencia no puede participar de acuerdo con el Acuerdo de Miembros manteniendo representaci\u00f3n en el comit\u00e9, se invitar\u00e1 a otra agencia que represente a la misma poblaci\u00f3n o una similar a unirse al comit\u00e9.  <\/p>\n<p><em>*Las reuniones del RAC se llevaron a cabo entre 2005 y 2017 hasta que se colocaron en un hiato temporal mientras el Comit\u00e9 Asesor del Sistema de Aprobaci\u00f3n de Capacitaci\u00f3n (TAS) completaba su trabajo relacionado con el nuevo y aprobado sistema de aprobaci\u00f3n de capacitaci\u00f3n (2017 &#8211; 2022; con representaci\u00f3n del RAC). Las reuniones se convocaron seg\u00fan fuera necesario para revisar las apelaciones. El RAC se volver\u00e1 a convocar oficialmente en el a\u00f1o fiscal 25 para apoyar el crecimiento y desarrollo continuo de Nevada Registry.  <\/em><\/p>\n","protected":false},"excerpt":{"rendered":"<p>Revisado\/Actualizado octubre de 2024 El Comit\u00e9 Asesor de Nevada Registry (RAC) fue establecido en 2005 y sirve como un organismo&#8230;<\/p>\n","protected":false},"author":2,"featured_media":0,"parent":13312,"menu_order":0,"comment_status":"closed","ping_status":"closed","template":"","meta":{"_acf_changed":false,"footnotes":""},"class_list":["post-13087","page","type-page","status-publish","hentry"],"acf":[],"yoast_head":"<!-- This site is optimized with the Yoast SEO plugin v27.4 - https:\/\/yoast.com\/product\/yoast-seo-wordpress\/ -->\n<title>Manual de Pol\u00edticas: El Comit\u00e9 Asesor de Nevada Registry - The Nevada Registry<\/title>\n<meta name=\"description\" content=\"Revisado\/Actualizado octubre de 2024 El Comit\u00e9 Asesor de Nevada Registry (RAC) fue establecido en 2005 y sirve como un organismo para guiar, asesorar y\" \/>\n<meta name=\"robots\" content=\"index, follow, max-snippet:-1, max-image-preview:large, max-video-preview:-1\" \/>\n<link rel=\"canonical\" href=\"https:\/\/www.nevadaregistry.org\/es\/acerca\/politicas-del-programa\/manual-de-politicas-el-comite-asesor-de-nevada-registry\/\" \/>\n<meta property=\"og:locale\" content=\"es_ES\" \/>\n<meta property=\"og:type\" content=\"article\" \/>\n<meta property=\"og:title\" content=\"Manual de Pol\u00edticas: El Comit\u00e9 Asesor de Nevada Registry - The Nevada Registry\" \/>\n<meta property=\"og:description\" content=\"Revisado\/Actualizado octubre de 2024 El Comit\u00e9 Asesor de Nevada Registry (RAC) fue establecido en 2005 y sirve como un organismo para guiar, asesorar y\" \/>\n<meta property=\"og:url\" content=\"https:\/\/www.nevadaregistry.org\/es\/acerca\/politicas-del-programa\/manual-de-politicas-el-comite-asesor-de-nevada-registry\/\" \/>\n<meta property=\"og:site_name\" content=\"The Nevada Registry\" \/>\n<meta property=\"article:publisher\" content=\"https:\/\/www.facebook.com\/nevadaregistry\" \/>\n<meta property=\"article:modified_time\" content=\"2025-05-01T21:54:51+00:00\" \/>\n<meta property=\"og:image\" content=\"https:\/\/www.nevadaregistry.org\/wp-content\/uploads\/2020\/10\/NevadaRegistryOGImage.jpg\" \/>\n\t<meta property=\"og:image:width\" content=\"1200\" \/>\n\t<meta property=\"og:image:height\" content=\"630\" \/>\n\t<meta property=\"og:image:type\" content=\"image\/jpeg\" \/>\n<meta name=\"twitter:card\" content=\"summary_large_image\" \/>\n<meta name=\"twitter:label1\" content=\"Tiempo de lectura\" \/>\n\t<meta name=\"twitter:data1\" content=\"2 minutos\" \/>\n<script type=\"application\/ld+json\" class=\"yoast-schema-graph\">{\"@context\":\"https:\\\/\\\/schema.org\",\"@graph\":[{\"@type\":\"WebPage\",\"@id\":\"https:\\\/\\\/www.nevadaregistry.org\\\/es\\\/acerca\\\/politicas-del-programa\\\/manual-de-politicas-el-comite-asesor-de-nevada-registry\\\/\",\"url\":\"https:\\\/\\\/www.nevadaregistry.org\\\/es\\\/acerca\\\/politicas-del-programa\\\/manual-de-politicas-el-comite-asesor-de-nevada-registry\\\/\",\"name\":\"Manual de Pol\u00edticas: El Comit\u00e9 Asesor de Nevada Registry - The Nevada Registry\",\"isPartOf\":{\"@id\":\"https:\\\/\\\/www.nevadaregistry.org\\\/es\\\/#website\"},\"datePublished\":\"2024-09-20T21:45:00+00:00\",\"dateModified\":\"2025-05-01T21:54:51+00:00\",\"description\":\"Revisado\\\/Actualizado octubre de 2024 El Comit\u00e9 Asesor de Nevada Registry (RAC) fue establecido en 2005 y sirve como un organismo para guiar, asesorar y\",\"breadcrumb\":{\"@id\":\"https:\\\/\\\/www.nevadaregistry.org\\\/es\\\/acerca\\\/politicas-del-programa\\\/manual-de-politicas-el-comite-asesor-de-nevada-registry\\\/#breadcrumb\"},\"inLanguage\":\"es\",\"potentialAction\":[{\"@type\":\"ReadAction\",\"target\":[\"https:\\\/\\\/www.nevadaregistry.org\\\/es\\\/acerca\\\/politicas-del-programa\\\/manual-de-politicas-el-comite-asesor-de-nevada-registry\\\/\"]}]},{\"@type\":\"BreadcrumbList\",\"@id\":\"https:\\\/\\\/www.nevadaregistry.org\\\/es\\\/acerca\\\/politicas-del-programa\\\/manual-de-politicas-el-comite-asesor-de-nevada-registry\\\/#breadcrumb\",\"itemListElement\":[{\"@type\":\"ListItem\",\"position\":1,\"name\":\"Home\",\"item\":\"https:\\\/\\\/www.nevadaregistry.org\\\/es\\\/pagina-principal\\\/\"},{\"@type\":\"ListItem\",\"position\":2,\"name\":\"P\u00e1gina Acerca de The Nevada Registry\",\"item\":\"https:\\\/\\\/www.nevadaregistry.org\\\/es\\\/acerca\\\/\"},{\"@type\":\"ListItem\",\"position\":3,\"name\":\"Pol\u00edticas del programa\",\"item\":\"https:\\\/\\\/www.nevadaregistry.org\\\/es\\\/acerca\\\/politicas-del-programa\\\/\"},{\"@type\":\"ListItem\",\"position\":4,\"name\":\"Manual de Pol\u00edticas: El Comit\u00e9 Asesor de Nevada Registry\"}]},{\"@type\":\"WebSite\",\"@id\":\"https:\\\/\\\/www.nevadaregistry.org\\\/es\\\/#website\",\"url\":\"https:\\\/\\\/www.nevadaregistry.org\\\/es\\\/\",\"name\":\"The Nevada Registry\",\"description\":\"Workforce data system capturing information about the Early Childhood Education and Care (ECEC) workforce in Nevada.\",\"publisher\":{\"@id\":\"https:\\\/\\\/www.nevadaregistry.org\\\/es\\\/#organization\"},\"potentialAction\":[{\"@type\":\"SearchAction\",\"target\":{\"@type\":\"EntryPoint\",\"urlTemplate\":\"https:\\\/\\\/www.nevadaregistry.org\\\/es\\\/?s={search_term_string}\"},\"query-input\":{\"@type\":\"PropertyValueSpecification\",\"valueRequired\":true,\"valueName\":\"search_term_string\"}}],\"inLanguage\":\"es\"},{\"@type\":\"Organization\",\"@id\":\"https:\\\/\\\/www.nevadaregistry.org\\\/es\\\/#organization\",\"name\":\"El Nevada Registry\",\"url\":\"https:\\\/\\\/www.nevadaregistry.org\\\/es\\\/\",\"logo\":{\"@type\":\"ImageObject\",\"inLanguage\":\"es\",\"@id\":\"https:\\\/\\\/www.nevadaregistry.org\\\/es\\\/#\\\/schema\\\/logo\\\/image\\\/\",\"url\":\"https:\\\/\\\/www.nevadaregistry.org\\\/wp-content\\\/uploads\\\/2020\\\/10\\\/tnr-logo-purple-copy.jpg\",\"contentUrl\":\"https:\\\/\\\/www.nevadaregistry.org\\\/wp-content\\\/uploads\\\/2020\\\/10\\\/tnr-logo-purple-copy.jpg\",\"width\":\"900\",\"height\":\"562\",\"caption\":\"El Nevada Registry\"},\"image\":{\"@id\":\"https:\\\/\\\/www.nevadaregistry.org\\\/es\\\/#\\\/schema\\\/logo\\\/image\\\/\"},\"sameAs\":[\"https:\\\/\\\/www.facebook.com\\\/nevadaregistry\"]}]}<\/script>\n<!-- \/ Yoast SEO plugin. -->","yoast_head_json":{"title":"Manual de Pol\u00edticas: El Comit\u00e9 Asesor de Nevada Registry - The Nevada Registry","description":"Revisado\/Actualizado octubre de 2024 El Comit\u00e9 Asesor de Nevada Registry (RAC) fue establecido en 2005 y sirve como un organismo para guiar, asesorar y","robots":{"index":"index","follow":"follow","max-snippet":"max-snippet:-1","max-image-preview":"max-image-preview:large","max-video-preview":"max-video-preview:-1"},"canonical":"https:\/\/www.nevadaregistry.org\/es\/acerca\/politicas-del-programa\/manual-de-politicas-el-comite-asesor-de-nevada-registry\/","og_locale":"es_ES","og_type":"article","og_title":"Manual de Pol\u00edticas: El Comit\u00e9 Asesor de Nevada Registry - The Nevada Registry","og_description":"Revisado\/Actualizado octubre de 2024 El Comit\u00e9 Asesor de Nevada Registry (RAC) fue establecido en 2005 y sirve como un organismo para guiar, asesorar y","og_url":"https:\/\/www.nevadaregistry.org\/es\/acerca\/politicas-del-programa\/manual-de-politicas-el-comite-asesor-de-nevada-registry\/","og_site_name":"The Nevada Registry","article_publisher":"https:\/\/www.facebook.com\/nevadaregistry","article_modified_time":"2025-05-01T21:54:51+00:00","og_image":[{"width":1200,"height":630,"url":"https:\/\/www.nevadaregistry.org\/wp-content\/uploads\/2020\/10\/NevadaRegistryOGImage.jpg","type":"image\/jpeg"}],"twitter_card":"summary_large_image","twitter_misc":{"Tiempo de lectura":"2 minutos"},"schema":{"@context":"https:\/\/schema.org","@graph":[{"@type":"WebPage","@id":"https:\/\/www.nevadaregistry.org\/es\/acerca\/politicas-del-programa\/manual-de-politicas-el-comite-asesor-de-nevada-registry\/","url":"https:\/\/www.nevadaregistry.org\/es\/acerca\/politicas-del-programa\/manual-de-politicas-el-comite-asesor-de-nevada-registry\/","name":"Manual de Pol\u00edticas: El Comit\u00e9 Asesor de Nevada Registry - The Nevada Registry","isPartOf":{"@id":"https:\/\/www.nevadaregistry.org\/es\/#website"},"datePublished":"2024-09-20T21:45:00+00:00","dateModified":"2025-05-01T21:54:51+00:00","description":"Revisado\/Actualizado octubre de 2024 El Comit\u00e9 Asesor de Nevada Registry (RAC) fue establecido en 2005 y sirve como un organismo para guiar, asesorar y","breadcrumb":{"@id":"https:\/\/www.nevadaregistry.org\/es\/acerca\/politicas-del-programa\/manual-de-politicas-el-comite-asesor-de-nevada-registry\/#breadcrumb"},"inLanguage":"es","potentialAction":[{"@type":"ReadAction","target":["https:\/\/www.nevadaregistry.org\/es\/acerca\/politicas-del-programa\/manual-de-politicas-el-comite-asesor-de-nevada-registry\/"]}]},{"@type":"BreadcrumbList","@id":"https:\/\/www.nevadaregistry.org\/es\/acerca\/politicas-del-programa\/manual-de-politicas-el-comite-asesor-de-nevada-registry\/#breadcrumb","itemListElement":[{"@type":"ListItem","position":1,"name":"Home","item":"https:\/\/www.nevadaregistry.org\/es\/pagina-principal\/"},{"@type":"ListItem","position":2,"name":"P\u00e1gina Acerca de The Nevada Registry","item":"https:\/\/www.nevadaregistry.org\/es\/acerca\/"},{"@type":"ListItem","position":3,"name":"Pol\u00edticas del programa","item":"https:\/\/www.nevadaregistry.org\/es\/acerca\/politicas-del-programa\/"},{"@type":"ListItem","position":4,"name":"Manual de Pol\u00edticas: El Comit\u00e9 Asesor de Nevada Registry"}]},{"@type":"WebSite","@id":"https:\/\/www.nevadaregistry.org\/es\/#website","url":"https:\/\/www.nevadaregistry.org\/es\/","name":"The Nevada Registry","description":"Workforce data system capturing information about the Early Childhood Education and Care (ECEC) workforce in Nevada.","publisher":{"@id":"https:\/\/www.nevadaregistry.org\/es\/#organization"},"potentialAction":[{"@type":"SearchAction","target":{"@type":"EntryPoint","urlTemplate":"https:\/\/www.nevadaregistry.org\/es\/?s={search_term_string}"},"query-input":{"@type":"PropertyValueSpecification","valueRequired":true,"valueName":"search_term_string"}}],"inLanguage":"es"},{"@type":"Organization","@id":"https:\/\/www.nevadaregistry.org\/es\/#organization","name":"El Nevada Registry","url":"https:\/\/www.nevadaregistry.org\/es\/","logo":{"@type":"ImageObject","inLanguage":"es","@id":"https:\/\/www.nevadaregistry.org\/es\/#\/schema\/logo\/image\/","url":"https:\/\/www.nevadaregistry.org\/wp-content\/uploads\/2020\/10\/tnr-logo-purple-copy.jpg","contentUrl":"https:\/\/www.nevadaregistry.org\/wp-content\/uploads\/2020\/10\/tnr-logo-purple-copy.jpg","width":"900","height":"562","caption":"El Nevada Registry"},"image":{"@id":"https:\/\/www.nevadaregistry.org\/es\/#\/schema\/logo\/image\/"},"sameAs":["https:\/\/www.facebook.com\/nevadaregistry"]}]}},"_links":{"self":[{"href":"https:\/\/www.nevadaregistry.org\/es\/wp-json\/wp\/v2\/pages\/13087","targetHints":{"allow":["GET"]}}],"collection":[{"href":"https:\/\/www.nevadaregistry.org\/es\/wp-json\/wp\/v2\/pages"}],"about":[{"href":"https:\/\/www.nevadaregistry.org\/es\/wp-json\/wp\/v2\/types\/page"}],"author":[{"embeddable":true,"href":"https:\/\/www.nevadaregistry.org\/es\/wp-json\/wp\/v2\/users\/2"}],"replies":[{"embeddable":true,"href":"https:\/\/www.nevadaregistry.org\/es\/wp-json\/wp\/v2\/comments?post=13087"}],"version-history":[{"count":2,"href":"https:\/\/www.nevadaregistry.org\/es\/wp-json\/wp\/v2\/pages\/13087\/revisions"}],"predecessor-version":[{"id":13127,"href":"https:\/\/www.nevadaregistry.org\/es\/wp-json\/wp\/v2\/pages\/13087\/revisions\/13127"}],"up":[{"embeddable":true,"href":"https:\/\/www.nevadaregistry.org\/es\/wp-json\/wp\/v2\/pages\/13312"}],"wp:attachment":[{"href":"https:\/\/www.nevadaregistry.org\/es\/wp-json\/wp\/v2\/media?parent=13087"}],"curies":[{"name":"wp","href":"https:\/\/api.w.org\/{rel}","templated":true}]}}