{"id":13097,"date":"2024-09-20T13:48:46","date_gmt":"2024-09-20T20:48:46","guid":{"rendered":"https:\/\/www.nevadaregistry.org\/manual-de-politicas-la-alianza-nacional-de-registros-de-la-fuerza-laboral-nwra\/"},"modified":"2025-05-01T14:54:51","modified_gmt":"2025-05-01T21:54:51","slug":"manual-de-politicas-la-alianza-nacional-de-registros-de-la-fuerza-laboral-nwra","status":"publish","type":"page","link":"https:\/\/www.nevadaregistry.org\/es\/acerca\/politicas-del-programa\/manual-de-politicas-la-alianza-nacional-de-registros-de-la-fuerza-laboral-nwra\/","title":{"rendered":"Manual de Pol\u00edticas: La Alianza Nacional de Registros de la Fuerza Laboral (NWRA)"},"content":{"rendered":"<h6><em>Revisado\/Actualizado octubre de 2024<\/em><\/h6>\n<p>El Nevada Registry es miembro de <a href=\"https:\/\/www.registryalliance.org\/\">La Alianza Nacional de Registros de la Fuerza Laboral (NWRA)<\/a>. La NWRA es una organizaci\u00f3n privada, sin fines de lucro y voluntaria de l\u00edderes estatales en registros de la fuerza laboral y desarrollo profesional en la primera infancia y en programas extraescolares, cuya misi\u00f3n es mejorar, fortalecer y apoyar el trabajo de los registros estatales de la primera infancia y programas extraescolares, proporcionando un foro interactivo para el establecimiento de redes, intercambio de informaci\u00f3n y estrategias. La visi\u00f3n de la Alianza es que nuestra naci\u00f3n demuestre compromiso con la atenci\u00f3n y educaci\u00f3n temprana de calidad a trav\u00e9s de una compensaci\u00f3n justa de una fuerza laboral de primera infancia y programas extraescolares bien preparada y respaldada, utilizando datos confiables para informar decisiones pol\u00edticas equitativas e impulsar la investigaci\u00f3n. La misi\u00f3n de la Alianza es promover una fuerza laboral de primera infancia y programas extraescolares preparada, respaldada, equitativamente representada y reconocida, estableciendo y apoyando est\u00e1ndares de calidad de datos y sistemas de desarrollo profesional para los registros. A trav\u00e9s de la membres\u00eda en la Alianza, el Nevada Registry puede alinear nuestras pol\u00edticas y procedimientos del programa con las mejores pr\u00e1cticas establecidas para el desarrollo e implementaci\u00f3n de sistemas de registro en todo el pa\u00eds.    <\/p>\n<h4>Socios en Informes de Empleo (PER)<\/h4>\n<p>El Nevada Registry logr\u00f3 el estatus de <a href=\"https:\/\/www.registryalliance.org\/our-work\/per\/\">Socios en Informes de Empleo (PER)<\/a> en 2015 a trav\u00e9s de la Alianza Nacional de Registros de la Fuerza Laboral (la Alianza) y ha mantenido ese estatus hasta el a\u00f1o en curso mediante renovaciones bianuales. PER es un proceso voluntario; los registros pueden participar para determinar su nivel de \u00abpreparaci\u00f3n\u00bb para la participaci\u00f3n en proyectos relacionados con datos a nivel nacional para informar pol\u00edticas o apoyar iniciativas de calidad. PER no solo examina qu\u00e9 datos se recopilan y la consistencia del formato, sino m\u00e1s importante a\u00fan, c\u00f3mo se recopilan los datos con una revisi\u00f3n de pol\u00edticas y procesos clave. Comparable al proceso de acreditaci\u00f3n que los programas de cuidado infantil atraviesan para lograr la acreditaci\u00f3n nacional a trav\u00e9s de NAEYC, NAFCC, etc., PER implica un riguroso autoestudio que desaf\u00eda a los programas a evaluar sus pol\u00edticas actuales y procedimientos operativos para garantizar la alineaci\u00f3n con las mejores pr\u00e1cticas para los registros seg\u00fan lo definido por la Alianza. El Nevada Registry es uno de los solo 17 estados que han completado el proceso PER hasta la fecha, demostrando un compromiso con nuestra propia mejora continua de la calidad.    <\/p>\n","protected":false},"excerpt":{"rendered":"<p>Revisado\/Actualizado octubre de 2024 El Nevada Registry es miembro de La Alianza Nacional de Registros de la Fuerza Laboral (NWRA)&#8230;.<\/p>\n","protected":false},"author":2,"featured_media":0,"parent":13312,"menu_order":0,"comment_status":"closed","ping_status":"closed","template":"","meta":{"_acf_changed":false,"footnotes":""},"class_list":["post-13097","page","type-page","status-publish","hentry"],"acf":[],"yoast_head":"<!-- This site is optimized with the Yoast SEO plugin v27.4 - https:\/\/yoast.com\/product\/yoast-seo-wordpress\/ -->\n<title>Manual de Pol\u00edticas: La Alianza Nacional de Registros de la Fuerza Laboral (NWRA) - The Nevada Registry<\/title>\n<meta name=\"description\" content=\"Revisado\/Actualizado octubre de 2024 El Nevada Registry es miembro de La Alianza Nacional de Registros de la Fuerza Laboral (NWRA). La NWRA es una\" \/>\n<meta name=\"robots\" content=\"index, follow, max-snippet:-1, max-image-preview:large, max-video-preview:-1\" \/>\n<link rel=\"canonical\" href=\"https:\/\/www.nevadaregistry.org\/es\/acerca\/politicas-del-programa\/manual-de-politicas-la-alianza-nacional-de-registros-de-la-fuerza-laboral-nwra\/\" \/>\n<meta property=\"og:locale\" content=\"es_ES\" \/>\n<meta property=\"og:type\" content=\"article\" \/>\n<meta property=\"og:title\" content=\"Manual de Pol\u00edticas: La Alianza Nacional de Registros de la Fuerza Laboral (NWRA) - The Nevada Registry\" \/>\n<meta property=\"og:description\" content=\"Revisado\/Actualizado octubre de 2024 El Nevada Registry es miembro de La Alianza Nacional de Registros de la Fuerza Laboral (NWRA). La NWRA es una\" \/>\n<meta property=\"og:url\" content=\"https:\/\/www.nevadaregistry.org\/es\/acerca\/politicas-del-programa\/manual-de-politicas-la-alianza-nacional-de-registros-de-la-fuerza-laboral-nwra\/\" \/>\n<meta property=\"og:site_name\" content=\"The Nevada Registry\" \/>\n<meta property=\"article:publisher\" content=\"https:\/\/www.facebook.com\/nevadaregistry\" \/>\n<meta property=\"article:modified_time\" content=\"2025-05-01T21:54:51+00:00\" \/>\n<meta property=\"og:image\" content=\"https:\/\/www.nevadaregistry.org\/wp-content\/uploads\/2020\/10\/NevadaRegistryOGImage.jpg\" \/>\n\t<meta property=\"og:image:width\" content=\"1200\" \/>\n\t<meta property=\"og:image:height\" content=\"630\" \/>\n\t<meta property=\"og:image:type\" content=\"image\/jpeg\" \/>\n<meta name=\"twitter:card\" content=\"summary_large_image\" \/>\n<meta name=\"twitter:label1\" content=\"Tiempo de lectura\" \/>\n\t<meta name=\"twitter:data1\" content=\"2 minutos\" \/>\n<script type=\"application\/ld+json\" class=\"yoast-schema-graph\">{\"@context\":\"https:\\\/\\\/schema.org\",\"@graph\":[{\"@type\":\"WebPage\",\"@id\":\"https:\\\/\\\/www.nevadaregistry.org\\\/es\\\/acerca\\\/politicas-del-programa\\\/manual-de-politicas-la-alianza-nacional-de-registros-de-la-fuerza-laboral-nwra\\\/\",\"url\":\"https:\\\/\\\/www.nevadaregistry.org\\\/es\\\/acerca\\\/politicas-del-programa\\\/manual-de-politicas-la-alianza-nacional-de-registros-de-la-fuerza-laboral-nwra\\\/\",\"name\":\"Manual de Pol\u00edticas: La Alianza Nacional de Registros de la Fuerza Laboral (NWRA) - The Nevada Registry\",\"isPartOf\":{\"@id\":\"https:\\\/\\\/www.nevadaregistry.org\\\/es\\\/#website\"},\"datePublished\":\"2024-09-20T20:48:46+00:00\",\"dateModified\":\"2025-05-01T21:54:51+00:00\",\"description\":\"Revisado\\\/Actualizado octubre de 2024 El Nevada Registry es miembro de La Alianza Nacional de Registros de la Fuerza Laboral (NWRA). La NWRA es una\",\"breadcrumb\":{\"@id\":\"https:\\\/\\\/www.nevadaregistry.org\\\/es\\\/acerca\\\/politicas-del-programa\\\/manual-de-politicas-la-alianza-nacional-de-registros-de-la-fuerza-laboral-nwra\\\/#breadcrumb\"},\"inLanguage\":\"es\",\"potentialAction\":[{\"@type\":\"ReadAction\",\"target\":[\"https:\\\/\\\/www.nevadaregistry.org\\\/es\\\/acerca\\\/politicas-del-programa\\\/manual-de-politicas-la-alianza-nacional-de-registros-de-la-fuerza-laboral-nwra\\\/\"]}]},{\"@type\":\"BreadcrumbList\",\"@id\":\"https:\\\/\\\/www.nevadaregistry.org\\\/es\\\/acerca\\\/politicas-del-programa\\\/manual-de-politicas-la-alianza-nacional-de-registros-de-la-fuerza-laboral-nwra\\\/#breadcrumb\",\"itemListElement\":[{\"@type\":\"ListItem\",\"position\":1,\"name\":\"Home\",\"item\":\"https:\\\/\\\/www.nevadaregistry.org\\\/es\\\/pagina-principal\\\/\"},{\"@type\":\"ListItem\",\"position\":2,\"name\":\"P\u00e1gina Acerca de The Nevada Registry\",\"item\":\"https:\\\/\\\/www.nevadaregistry.org\\\/es\\\/acerca\\\/\"},{\"@type\":\"ListItem\",\"position\":3,\"name\":\"Pol\u00edticas del programa\",\"item\":\"https:\\\/\\\/www.nevadaregistry.org\\\/es\\\/acerca\\\/politicas-del-programa\\\/\"},{\"@type\":\"ListItem\",\"position\":4,\"name\":\"Manual de Pol\u00edticas: La Alianza Nacional de Registros de la Fuerza Laboral (NWRA)\"}]},{\"@type\":\"WebSite\",\"@id\":\"https:\\\/\\\/www.nevadaregistry.org\\\/es\\\/#website\",\"url\":\"https:\\\/\\\/www.nevadaregistry.org\\\/es\\\/\",\"name\":\"The Nevada Registry\",\"description\":\"Workforce data system capturing information about the Early Childhood Education and Care (ECEC) workforce in Nevada.\",\"publisher\":{\"@id\":\"https:\\\/\\\/www.nevadaregistry.org\\\/es\\\/#organization\"},\"potentialAction\":[{\"@type\":\"SearchAction\",\"target\":{\"@type\":\"EntryPoint\",\"urlTemplate\":\"https:\\\/\\\/www.nevadaregistry.org\\\/es\\\/?s={search_term_string}\"},\"query-input\":{\"@type\":\"PropertyValueSpecification\",\"valueRequired\":true,\"valueName\":\"search_term_string\"}}],\"inLanguage\":\"es\"},{\"@type\":\"Organization\",\"@id\":\"https:\\\/\\\/www.nevadaregistry.org\\\/es\\\/#organization\",\"name\":\"El Nevada Registry\",\"url\":\"https:\\\/\\\/www.nevadaregistry.org\\\/es\\\/\",\"logo\":{\"@type\":\"ImageObject\",\"inLanguage\":\"es\",\"@id\":\"https:\\\/\\\/www.nevadaregistry.org\\\/es\\\/#\\\/schema\\\/logo\\\/image\\\/\",\"url\":\"https:\\\/\\\/www.nevadaregistry.org\\\/wp-content\\\/uploads\\\/2020\\\/10\\\/tnr-logo-purple-copy.jpg\",\"contentUrl\":\"https:\\\/\\\/www.nevadaregistry.org\\\/wp-content\\\/uploads\\\/2020\\\/10\\\/tnr-logo-purple-copy.jpg\",\"width\":\"900\",\"height\":\"562\",\"caption\":\"El Nevada Registry\"},\"image\":{\"@id\":\"https:\\\/\\\/www.nevadaregistry.org\\\/es\\\/#\\\/schema\\\/logo\\\/image\\\/\"},\"sameAs\":[\"https:\\\/\\\/www.facebook.com\\\/nevadaregistry\"]}]}<\/script>\n<!-- \/ Yoast SEO plugin. -->","yoast_head_json":{"title":"Manual de Pol\u00edticas: La Alianza Nacional de Registros de la Fuerza Laboral (NWRA) - The Nevada Registry","description":"Revisado\/Actualizado octubre de 2024 El Nevada Registry es miembro de La Alianza Nacional de Registros de la Fuerza Laboral (NWRA). La NWRA es una","robots":{"index":"index","follow":"follow","max-snippet":"max-snippet:-1","max-image-preview":"max-image-preview:large","max-video-preview":"max-video-preview:-1"},"canonical":"https:\/\/www.nevadaregistry.org\/es\/acerca\/politicas-del-programa\/manual-de-politicas-la-alianza-nacional-de-registros-de-la-fuerza-laboral-nwra\/","og_locale":"es_ES","og_type":"article","og_title":"Manual de Pol\u00edticas: La Alianza Nacional de Registros de la Fuerza Laboral (NWRA) - The Nevada Registry","og_description":"Revisado\/Actualizado octubre de 2024 El Nevada Registry es miembro de La Alianza Nacional de Registros de la Fuerza Laboral (NWRA). La NWRA es una","og_url":"https:\/\/www.nevadaregistry.org\/es\/acerca\/politicas-del-programa\/manual-de-politicas-la-alianza-nacional-de-registros-de-la-fuerza-laboral-nwra\/","og_site_name":"The Nevada Registry","article_publisher":"https:\/\/www.facebook.com\/nevadaregistry","article_modified_time":"2025-05-01T21:54:51+00:00","og_image":[{"width":1200,"height":630,"url":"https:\/\/www.nevadaregistry.org\/wp-content\/uploads\/2020\/10\/NevadaRegistryOGImage.jpg","type":"image\/jpeg"}],"twitter_card":"summary_large_image","twitter_misc":{"Tiempo de lectura":"2 minutos"},"schema":{"@context":"https:\/\/schema.org","@graph":[{"@type":"WebPage","@id":"https:\/\/www.nevadaregistry.org\/es\/acerca\/politicas-del-programa\/manual-de-politicas-la-alianza-nacional-de-registros-de-la-fuerza-laboral-nwra\/","url":"https:\/\/www.nevadaregistry.org\/es\/acerca\/politicas-del-programa\/manual-de-politicas-la-alianza-nacional-de-registros-de-la-fuerza-laboral-nwra\/","name":"Manual de Pol\u00edticas: La Alianza Nacional de Registros de la Fuerza Laboral (NWRA) - The Nevada Registry","isPartOf":{"@id":"https:\/\/www.nevadaregistry.org\/es\/#website"},"datePublished":"2024-09-20T20:48:46+00:00","dateModified":"2025-05-01T21:54:51+00:00","description":"Revisado\/Actualizado octubre de 2024 El Nevada Registry es miembro de La Alianza Nacional de Registros de la Fuerza Laboral (NWRA). La NWRA es una","breadcrumb":{"@id":"https:\/\/www.nevadaregistry.org\/es\/acerca\/politicas-del-programa\/manual-de-politicas-la-alianza-nacional-de-registros-de-la-fuerza-laboral-nwra\/#breadcrumb"},"inLanguage":"es","potentialAction":[{"@type":"ReadAction","target":["https:\/\/www.nevadaregistry.org\/es\/acerca\/politicas-del-programa\/manual-de-politicas-la-alianza-nacional-de-registros-de-la-fuerza-laboral-nwra\/"]}]},{"@type":"BreadcrumbList","@id":"https:\/\/www.nevadaregistry.org\/es\/acerca\/politicas-del-programa\/manual-de-politicas-la-alianza-nacional-de-registros-de-la-fuerza-laboral-nwra\/#breadcrumb","itemListElement":[{"@type":"ListItem","position":1,"name":"Home","item":"https:\/\/www.nevadaregistry.org\/es\/pagina-principal\/"},{"@type":"ListItem","position":2,"name":"P\u00e1gina Acerca de The Nevada Registry","item":"https:\/\/www.nevadaregistry.org\/es\/acerca\/"},{"@type":"ListItem","position":3,"name":"Pol\u00edticas del programa","item":"https:\/\/www.nevadaregistry.org\/es\/acerca\/politicas-del-programa\/"},{"@type":"ListItem","position":4,"name":"Manual de Pol\u00edticas: La Alianza Nacional de Registros de la Fuerza Laboral (NWRA)"}]},{"@type":"WebSite","@id":"https:\/\/www.nevadaregistry.org\/es\/#website","url":"https:\/\/www.nevadaregistry.org\/es\/","name":"The Nevada Registry","description":"Workforce data system capturing information about the Early Childhood Education and Care (ECEC) workforce in Nevada.","publisher":{"@id":"https:\/\/www.nevadaregistry.org\/es\/#organization"},"potentialAction":[{"@type":"SearchAction","target":{"@type":"EntryPoint","urlTemplate":"https:\/\/www.nevadaregistry.org\/es\/?s={search_term_string}"},"query-input":{"@type":"PropertyValueSpecification","valueRequired":true,"valueName":"search_term_string"}}],"inLanguage":"es"},{"@type":"Organization","@id":"https:\/\/www.nevadaregistry.org\/es\/#organization","name":"El Nevada Registry","url":"https:\/\/www.nevadaregistry.org\/es\/","logo":{"@type":"ImageObject","inLanguage":"es","@id":"https:\/\/www.nevadaregistry.org\/es\/#\/schema\/logo\/image\/","url":"https:\/\/www.nevadaregistry.org\/wp-content\/uploads\/2020\/10\/tnr-logo-purple-copy.jpg","contentUrl":"https:\/\/www.nevadaregistry.org\/wp-content\/uploads\/2020\/10\/tnr-logo-purple-copy.jpg","width":"900","height":"562","caption":"El Nevada Registry"},"image":{"@id":"https:\/\/www.nevadaregistry.org\/es\/#\/schema\/logo\/image\/"},"sameAs":["https:\/\/www.facebook.com\/nevadaregistry"]}]}},"_links":{"self":[{"href":"https:\/\/www.nevadaregistry.org\/es\/wp-json\/wp\/v2\/pages\/13097","targetHints":{"allow":["GET"]}}],"collection":[{"href":"https:\/\/www.nevadaregistry.org\/es\/wp-json\/wp\/v2\/pages"}],"about":[{"href":"https:\/\/www.nevadaregistry.org\/es\/wp-json\/wp\/v2\/types\/page"}],"author":[{"embeddable":true,"href":"https:\/\/www.nevadaregistry.org\/es\/wp-json\/wp\/v2\/users\/2"}],"replies":[{"embeddable":true,"href":"https:\/\/www.nevadaregistry.org\/es\/wp-json\/wp\/v2\/comments?post=13097"}],"version-history":[{"count":2,"href":"https:\/\/www.nevadaregistry.org\/es\/wp-json\/wp\/v2\/pages\/13097\/revisions"}],"predecessor-version":[{"id":13128,"href":"https:\/\/www.nevadaregistry.org\/es\/wp-json\/wp\/v2\/pages\/13097\/revisions\/13128"}],"up":[{"embeddable":true,"href":"https:\/\/www.nevadaregistry.org\/es\/wp-json\/wp\/v2\/pages\/13312"}],"wp:attachment":[{"href":"https:\/\/www.nevadaregistry.org\/es\/wp-json\/wp\/v2\/media?parent=13097"}],"curies":[{"name":"wp","href":"https:\/\/api.w.org\/{rel}","templated":true}]}}