{"id":13101,"date":"2024-09-18T09:07:28","date_gmt":"2024-09-18T16:07:28","guid":{"rendered":"https:\/\/www.nevadaregistry.org\/manual-de-politicas-expedientes-de-desarrollo-profesional\/"},"modified":"2025-05-01T14:54:51","modified_gmt":"2025-05-01T21:54:51","slug":"manual-de-politicas-expedientes-de-desarrollo-profesional","status":"publish","type":"page","link":"https:\/\/www.nevadaregistry.org\/es\/acerca\/politicas-del-programa\/manual-de-politicas-expedientes-de-desarrollo-profesional\/","title":{"rendered":"Manual de pol\u00edticas: Expedientes de desarrollo profesional"},"content":{"rendered":"<h6><em>Revisado\/Actualizado octubre de 2024<\/em><\/h6>\n<p>Cuando un individuo se une a The Nevada Registry, se crea un expediente confidencial de desarrollo profesional en su nombre. Este es un registro electr\u00f3nico que contiene todos los datos recopilados de la solicitud de membres\u00eda, renovaci\u00f3n e im\u00e1genes escaneadas de toda la documentaci\u00f3n de respaldo presentada. <\/p>\n<p>Cada expediente contiene parte o toda la informaci\u00f3n que se enumera a continuaci\u00f3n (el nivel asignado en la escala profesional depende del tipo de documentaci\u00f3n presentada con cada solicitud y renovaci\u00f3n):<\/p>\n<ul>\n<li>N\u00famero de identificaci\u00f3n \u00fanico del registro.<\/li>\n<li>Informaci\u00f3n de la solicitud inicial (direcci\u00f3n, etc.).<\/li>\n<li>Un registro del empleo actual y anterior del individuo.<\/li>\n<li>Copias de certificados de capacitaci\u00f3n* (proporcionados por el miembro) que documenten la finalizaci\u00f3n de los requisitos de formaci\u00f3n inicial exigidos por la Licencia de Cuidado Infantil, tales como Signos y S\u00edntomas de Enfermedad, RCP, etc. (aplicable a cualquier persona que trabaje en un entorno de cuidado infantil con licencia).<\/li>\n<li>Copias de certificados de capacitaci\u00f3n* (proporcionados por el miembro) que documenten la finalizaci\u00f3n de sesiones de formaci\u00f3n informal, no universitaria, a las que haya asistido (es decir, la formaci\u00f3n requerida por la Licencia de Cuidado Infantil anualmente). <em>The Nevada Registry verifica y guarda la educaci\u00f3n formal y la capacitaci\u00f3n hasta donde sea posible en el pasado. Se anima a los miembros a presentar todos los certificados de capacitaci\u00f3n que han acumulado a lo largo de toda su carrera para almacenar informaci\u00f3n, al tiempo que se crea el registro m\u00e1s completo del trasfondo profesional y educativo \u00fanico de un individuo.  <\/em><\/li>\n<li>Copias de contribuciones profesionales (opcional).<\/li>\n<li>Copias de registros de educaci\u00f3n formal (diploma de escuela secundaria\/GED, transcripciones de cursos universitarios y\/o t\u00edtulos obtenidos).<\/li>\n<li>Copias de cualquier licencia de ECE, certificados de ense\u00f1anza o endosos recibidos.<\/li>\n<li>Copias de cualquier otra documentaci\u00f3n miscel\u00e1nea proporcionada al momento de la solicitud (curr\u00edculos, cartas de recomendaci\u00f3n, etc.).<\/li>\n<li>Copias de toda la documentaci\u00f3n proporcionada como resultado de la colocaci\u00f3n en la Escala Profesional (Certificado de Logro, carta de bienvenida, transcripci\u00f3n de capacitaci\u00f3n, etc.). <em>Aplica a las solicitudes procesadas antes de mayo de 2019. Los documentos est\u00e1n disponibles solo en formato digital a partir de mayo de 2019 dentro del Portal en L\u00ednea.  <\/em><\/li>\n<li>Nivel actual en la Escala Profesional de Educaci\u00f3n y Cuidado Temprano de Nevada.<\/li>\n<\/ul>\n<p><em>* A partir de marzo de 2020, se requiere que los capacitadores env\u00eden registros de asistencia digitales a The Nevada Registry, los cuales se agregan a las cuentas de los miembros una vez verificados. Aunque esta capacitaci\u00f3n aparecer\u00e1 en la &#8216;Transcripci\u00f3n de Capacitaci\u00f3n&#8217; del individuo, el Registro solo tendr\u00e1 una copia del certificado de capacitaci\u00f3n si el miembro lo carga durante su renovaci\u00f3n anual. <\/em><\/p>\n","protected":false},"excerpt":{"rendered":"<p>Revisado\/Actualizado octubre de 2024 Cuando un individuo se une a The Nevada Registry, se crea un expediente confidencial de desarrollo&#8230;<\/p>\n","protected":false},"author":2,"featured_media":0,"parent":13312,"menu_order":0,"comment_status":"closed","ping_status":"closed","template":"","meta":{"_acf_changed":false,"footnotes":""},"class_list":["post-13101","page","type-page","status-publish","hentry"],"acf":[],"yoast_head":"<!-- This site is optimized with the Yoast SEO plugin v27.4 - https:\/\/yoast.com\/product\/yoast-seo-wordpress\/ -->\n<title>Manual de pol\u00edticas: Expedientes de desarrollo profesional - The Nevada Registry<\/title>\n<meta name=\"description\" content=\"Revisado\/Actualizado octubre de 2024 Cuando un individuo se une a The Nevada Registry, se crea un expediente confidencial de desarrollo profesional en su\" \/>\n<meta name=\"robots\" content=\"index, follow, max-snippet:-1, max-image-preview:large, max-video-preview:-1\" \/>\n<link rel=\"canonical\" href=\"https:\/\/www.nevadaregistry.org\/es\/acerca\/politicas-del-programa\/manual-de-politicas-expedientes-de-desarrollo-profesional\/\" \/>\n<meta property=\"og:locale\" content=\"es_ES\" \/>\n<meta property=\"og:type\" content=\"article\" \/>\n<meta property=\"og:title\" content=\"Manual de pol\u00edticas: Expedientes de desarrollo profesional - The Nevada Registry\" \/>\n<meta property=\"og:description\" content=\"Revisado\/Actualizado octubre de 2024 Cuando un individuo se une a The Nevada Registry, se crea un expediente confidencial de desarrollo profesional en su\" \/>\n<meta property=\"og:url\" content=\"https:\/\/www.nevadaregistry.org\/es\/acerca\/politicas-del-programa\/manual-de-politicas-expedientes-de-desarrollo-profesional\/\" \/>\n<meta property=\"og:site_name\" content=\"The Nevada Registry\" \/>\n<meta property=\"article:publisher\" content=\"https:\/\/www.facebook.com\/nevadaregistry\" \/>\n<meta property=\"article:modified_time\" content=\"2025-05-01T21:54:51+00:00\" \/>\n<meta property=\"og:image\" content=\"https:\/\/www.nevadaregistry.org\/wp-content\/uploads\/2020\/10\/NevadaRegistryOGImage.jpg\" \/>\n\t<meta property=\"og:image:width\" content=\"1200\" \/>\n\t<meta property=\"og:image:height\" content=\"630\" \/>\n\t<meta property=\"og:image:type\" content=\"image\/jpeg\" \/>\n<meta name=\"twitter:card\" content=\"summary_large_image\" \/>\n<meta name=\"twitter:label1\" content=\"Tiempo de lectura\" \/>\n\t<meta name=\"twitter:data1\" content=\"2 minutos\" \/>\n<script type=\"application\/ld+json\" class=\"yoast-schema-graph\">{\"@context\":\"https:\\\/\\\/schema.org\",\"@graph\":[{\"@type\":\"WebPage\",\"@id\":\"https:\\\/\\\/www.nevadaregistry.org\\\/es\\\/acerca\\\/politicas-del-programa\\\/manual-de-politicas-expedientes-de-desarrollo-profesional\\\/\",\"url\":\"https:\\\/\\\/www.nevadaregistry.org\\\/es\\\/acerca\\\/politicas-del-programa\\\/manual-de-politicas-expedientes-de-desarrollo-profesional\\\/\",\"name\":\"Manual de pol\u00edticas: Expedientes de desarrollo profesional - The Nevada Registry\",\"isPartOf\":{\"@id\":\"https:\\\/\\\/www.nevadaregistry.org\\\/es\\\/#website\"},\"datePublished\":\"2024-09-18T16:07:28+00:00\",\"dateModified\":\"2025-05-01T21:54:51+00:00\",\"description\":\"Revisado\\\/Actualizado octubre de 2024 Cuando un individuo se une a The Nevada Registry, se crea un expediente confidencial de desarrollo profesional en su\",\"breadcrumb\":{\"@id\":\"https:\\\/\\\/www.nevadaregistry.org\\\/es\\\/acerca\\\/politicas-del-programa\\\/manual-de-politicas-expedientes-de-desarrollo-profesional\\\/#breadcrumb\"},\"inLanguage\":\"es\",\"potentialAction\":[{\"@type\":\"ReadAction\",\"target\":[\"https:\\\/\\\/www.nevadaregistry.org\\\/es\\\/acerca\\\/politicas-del-programa\\\/manual-de-politicas-expedientes-de-desarrollo-profesional\\\/\"]}]},{\"@type\":\"BreadcrumbList\",\"@id\":\"https:\\\/\\\/www.nevadaregistry.org\\\/es\\\/acerca\\\/politicas-del-programa\\\/manual-de-politicas-expedientes-de-desarrollo-profesional\\\/#breadcrumb\",\"itemListElement\":[{\"@type\":\"ListItem\",\"position\":1,\"name\":\"Home\",\"item\":\"https:\\\/\\\/www.nevadaregistry.org\\\/es\\\/pagina-principal\\\/\"},{\"@type\":\"ListItem\",\"position\":2,\"name\":\"P\u00e1gina Acerca de The Nevada Registry\",\"item\":\"https:\\\/\\\/www.nevadaregistry.org\\\/es\\\/acerca\\\/\"},{\"@type\":\"ListItem\",\"position\":3,\"name\":\"Pol\u00edticas del programa\",\"item\":\"https:\\\/\\\/www.nevadaregistry.org\\\/es\\\/acerca\\\/politicas-del-programa\\\/\"},{\"@type\":\"ListItem\",\"position\":4,\"name\":\"Manual de pol\u00edticas: Expedientes de desarrollo profesional\"}]},{\"@type\":\"WebSite\",\"@id\":\"https:\\\/\\\/www.nevadaregistry.org\\\/es\\\/#website\",\"url\":\"https:\\\/\\\/www.nevadaregistry.org\\\/es\\\/\",\"name\":\"The Nevada Registry\",\"description\":\"Workforce data system capturing information about the Early Childhood Education and Care (ECEC) workforce in Nevada.\",\"publisher\":{\"@id\":\"https:\\\/\\\/www.nevadaregistry.org\\\/es\\\/#organization\"},\"potentialAction\":[{\"@type\":\"SearchAction\",\"target\":{\"@type\":\"EntryPoint\",\"urlTemplate\":\"https:\\\/\\\/www.nevadaregistry.org\\\/es\\\/?s={search_term_string}\"},\"query-input\":{\"@type\":\"PropertyValueSpecification\",\"valueRequired\":true,\"valueName\":\"search_term_string\"}}],\"inLanguage\":\"es\"},{\"@type\":\"Organization\",\"@id\":\"https:\\\/\\\/www.nevadaregistry.org\\\/es\\\/#organization\",\"name\":\"El Nevada Registry\",\"url\":\"https:\\\/\\\/www.nevadaregistry.org\\\/es\\\/\",\"logo\":{\"@type\":\"ImageObject\",\"inLanguage\":\"es\",\"@id\":\"https:\\\/\\\/www.nevadaregistry.org\\\/es\\\/#\\\/schema\\\/logo\\\/image\\\/\",\"url\":\"https:\\\/\\\/www.nevadaregistry.org\\\/wp-content\\\/uploads\\\/2020\\\/10\\\/tnr-logo-purple-copy.jpg\",\"contentUrl\":\"https:\\\/\\\/www.nevadaregistry.org\\\/wp-content\\\/uploads\\\/2020\\\/10\\\/tnr-logo-purple-copy.jpg\",\"width\":\"900\",\"height\":\"562\",\"caption\":\"El Nevada Registry\"},\"image\":{\"@id\":\"https:\\\/\\\/www.nevadaregistry.org\\\/es\\\/#\\\/schema\\\/logo\\\/image\\\/\"},\"sameAs\":[\"https:\\\/\\\/www.facebook.com\\\/nevadaregistry\"]}]}<\/script>\n<!-- \/ Yoast SEO plugin. -->","yoast_head_json":{"title":"Manual de pol\u00edticas: Expedientes de desarrollo profesional - The Nevada Registry","description":"Revisado\/Actualizado octubre de 2024 Cuando un individuo se une a The Nevada Registry, se crea un expediente confidencial de desarrollo profesional en su","robots":{"index":"index","follow":"follow","max-snippet":"max-snippet:-1","max-image-preview":"max-image-preview:large","max-video-preview":"max-video-preview:-1"},"canonical":"https:\/\/www.nevadaregistry.org\/es\/acerca\/politicas-del-programa\/manual-de-politicas-expedientes-de-desarrollo-profesional\/","og_locale":"es_ES","og_type":"article","og_title":"Manual de pol\u00edticas: Expedientes de desarrollo profesional - The Nevada Registry","og_description":"Revisado\/Actualizado octubre de 2024 Cuando un individuo se une a The Nevada Registry, se crea un expediente confidencial de desarrollo profesional en su","og_url":"https:\/\/www.nevadaregistry.org\/es\/acerca\/politicas-del-programa\/manual-de-politicas-expedientes-de-desarrollo-profesional\/","og_site_name":"The Nevada Registry","article_publisher":"https:\/\/www.facebook.com\/nevadaregistry","article_modified_time":"2025-05-01T21:54:51+00:00","og_image":[{"width":1200,"height":630,"url":"https:\/\/www.nevadaregistry.org\/wp-content\/uploads\/2020\/10\/NevadaRegistryOGImage.jpg","type":"image\/jpeg"}],"twitter_card":"summary_large_image","twitter_misc":{"Tiempo de lectura":"2 minutos"},"schema":{"@context":"https:\/\/schema.org","@graph":[{"@type":"WebPage","@id":"https:\/\/www.nevadaregistry.org\/es\/acerca\/politicas-del-programa\/manual-de-politicas-expedientes-de-desarrollo-profesional\/","url":"https:\/\/www.nevadaregistry.org\/es\/acerca\/politicas-del-programa\/manual-de-politicas-expedientes-de-desarrollo-profesional\/","name":"Manual de pol\u00edticas: Expedientes de desarrollo profesional - The Nevada Registry","isPartOf":{"@id":"https:\/\/www.nevadaregistry.org\/es\/#website"},"datePublished":"2024-09-18T16:07:28+00:00","dateModified":"2025-05-01T21:54:51+00:00","description":"Revisado\/Actualizado octubre de 2024 Cuando un individuo se une a The Nevada Registry, se crea un expediente confidencial de desarrollo profesional en su","breadcrumb":{"@id":"https:\/\/www.nevadaregistry.org\/es\/acerca\/politicas-del-programa\/manual-de-politicas-expedientes-de-desarrollo-profesional\/#breadcrumb"},"inLanguage":"es","potentialAction":[{"@type":"ReadAction","target":["https:\/\/www.nevadaregistry.org\/es\/acerca\/politicas-del-programa\/manual-de-politicas-expedientes-de-desarrollo-profesional\/"]}]},{"@type":"BreadcrumbList","@id":"https:\/\/www.nevadaregistry.org\/es\/acerca\/politicas-del-programa\/manual-de-politicas-expedientes-de-desarrollo-profesional\/#breadcrumb","itemListElement":[{"@type":"ListItem","position":1,"name":"Home","item":"https:\/\/www.nevadaregistry.org\/es\/pagina-principal\/"},{"@type":"ListItem","position":2,"name":"P\u00e1gina Acerca de The Nevada Registry","item":"https:\/\/www.nevadaregistry.org\/es\/acerca\/"},{"@type":"ListItem","position":3,"name":"Pol\u00edticas del programa","item":"https:\/\/www.nevadaregistry.org\/es\/acerca\/politicas-del-programa\/"},{"@type":"ListItem","position":4,"name":"Manual de pol\u00edticas: Expedientes de desarrollo profesional"}]},{"@type":"WebSite","@id":"https:\/\/www.nevadaregistry.org\/es\/#website","url":"https:\/\/www.nevadaregistry.org\/es\/","name":"The Nevada Registry","description":"Workforce data system capturing information about the Early Childhood Education and Care (ECEC) workforce in Nevada.","publisher":{"@id":"https:\/\/www.nevadaregistry.org\/es\/#organization"},"potentialAction":[{"@type":"SearchAction","target":{"@type":"EntryPoint","urlTemplate":"https:\/\/www.nevadaregistry.org\/es\/?s={search_term_string}"},"query-input":{"@type":"PropertyValueSpecification","valueRequired":true,"valueName":"search_term_string"}}],"inLanguage":"es"},{"@type":"Organization","@id":"https:\/\/www.nevadaregistry.org\/es\/#organization","name":"El Nevada Registry","url":"https:\/\/www.nevadaregistry.org\/es\/","logo":{"@type":"ImageObject","inLanguage":"es","@id":"https:\/\/www.nevadaregistry.org\/es\/#\/schema\/logo\/image\/","url":"https:\/\/www.nevadaregistry.org\/wp-content\/uploads\/2020\/10\/tnr-logo-purple-copy.jpg","contentUrl":"https:\/\/www.nevadaregistry.org\/wp-content\/uploads\/2020\/10\/tnr-logo-purple-copy.jpg","width":"900","height":"562","caption":"El Nevada Registry"},"image":{"@id":"https:\/\/www.nevadaregistry.org\/es\/#\/schema\/logo\/image\/"},"sameAs":["https:\/\/www.facebook.com\/nevadaregistry"]}]}},"_links":{"self":[{"href":"https:\/\/www.nevadaregistry.org\/es\/wp-json\/wp\/v2\/pages\/13101","targetHints":{"allow":["GET"]}}],"collection":[{"href":"https:\/\/www.nevadaregistry.org\/es\/wp-json\/wp\/v2\/pages"}],"about":[{"href":"https:\/\/www.nevadaregistry.org\/es\/wp-json\/wp\/v2\/types\/page"}],"author":[{"embeddable":true,"href":"https:\/\/www.nevadaregistry.org\/es\/wp-json\/wp\/v2\/users\/2"}],"replies":[{"embeddable":true,"href":"https:\/\/www.nevadaregistry.org\/es\/wp-json\/wp\/v2\/comments?post=13101"}],"version-history":[{"count":1,"href":"https:\/\/www.nevadaregistry.org\/es\/wp-json\/wp\/v2\/pages\/13101\/revisions"}],"predecessor-version":[{"id":13102,"href":"https:\/\/www.nevadaregistry.org\/es\/wp-json\/wp\/v2\/pages\/13101\/revisions\/13102"}],"up":[{"embeddable":true,"href":"https:\/\/www.nevadaregistry.org\/es\/wp-json\/wp\/v2\/pages\/13312"}],"wp:attachment":[{"href":"https:\/\/www.nevadaregistry.org\/es\/wp-json\/wp\/v2\/media?parent=13101"}],"curies":[{"name":"wp","href":"https:\/\/api.w.org\/{rel}","templated":true}]}}