{"id":13103,"date":"2024-09-18T10:21:16","date_gmt":"2024-09-18T17:21:16","guid":{"rendered":"https:\/\/www.nevadaregistry.org\/manual-de-politicas-tiempo-de-procesamiento-de-solicitudes\/"},"modified":"2025-05-01T14:54:51","modified_gmt":"2025-05-01T21:54:51","slug":"manual-de-politicas-tiempo-de-procesamiento-de-solicitudes","status":"publish","type":"page","link":"https:\/\/www.nevadaregistry.org\/es\/acerca\/politicas-del-programa\/manual-de-politicas-tiempo-de-procesamiento-de-solicitudes\/","title":{"rendered":"Manual de pol\u00edticas: Tiempo de procesamiento de solicitudes"},"content":{"rendered":"<h6><em>Revisado\/Actualizado octubre de 2024<\/em><\/h6>\n<p>El Nevada Registry se esfuerza por mantener tiempos de respuesta r\u00e1pidos y eficientes. Por consiguiente, el tiempo proyectado de procesamiento para todas las solicitudes de membres\u00eda y formularios de renovaci\u00f3n completos es de una a dos semanas a partir de la fecha de recepci\u00f3n, sin exceder los treinta (30) d\u00edas h\u00e1biles. El tiempo de procesamiento real es t\u00edpicamente inferior a una semana tanto para solicitudes iniciales como para renovaciones.  <\/p>\n<p>Las solicitudes y formularios de renovaci\u00f3n se procesan en el orden de recepci\u00f3n. En todos los casos, las solicitudes entrantes reciben un sello digital de fecha, y esa fecha se ingresa autom\u00e1ticamente en la cuenta del miembro como la fecha de recepci\u00f3n. Cada solicitud inicial es revisada por un Especialista del Registro para determinar si est\u00e1 completa y si toda la documentaci\u00f3n de respaldo requerida ha sido cargada con la solicitud. Una vez que se determina que est\u00e1 completa, el estado del miembro se cambia a &#8216;Revisi\u00f3n&#8217;. Se genera autom\u00e1ticamente un correo electr\u00f3nico que se env\u00eda a la direcci\u00f3n de correo electr\u00f3nico registrada confirmando que su solicitud est\u00e1 completa seg\u00fan lo presentado. Es en este momento cuando se considera que el individuo es un miembro activo de El Nevada Registry y cumple con las regulaciones de Licencias de Cuidado Infantil para la participaci\u00f3n obligatoria (si corresponde). El tiempo de procesamiento y el nivel asignado de Escala Profesional no afectan el estado de cumplimiento de un individuo con las Licencias de Cuidado Infantil.      <\/p>\n<p>Debido a que no se requiere documentaci\u00f3n adicional para ser presentada con un formulario de renovaci\u00f3n digital, y porque todos los campos son obligatorios, los formularios de renovaci\u00f3n en l\u00ednea se consideran completos al momento de la presentaci\u00f3n. Se genera autom\u00e1ticamente un correo electr\u00f3nico en el momento de la presentaci\u00f3n y se env\u00eda a la direcci\u00f3n de correo electr\u00f3nico registrada confirmando que se ha recibido la renovaci\u00f3n. Es en este punto cuando se considera que el individuo es un miembro activo de El Nevada Registry y cumple con las regulaciones de Licencias de Cuidado Infantil para la participaci\u00f3n obligatoria (si corresponde). El personal luego realiza una revisi\u00f3n de la informaci\u00f3n contenida en la renovaci\u00f3n del miembro (verificando errores de entrada de datos como palabras mal escritas, etc.) y guarda la informaci\u00f3n en la cuenta del miembro. El tiempo de procesamiento y el nivel asignado de Escala Profesional no afectan el estado de cumplimiento de un individuo con las Licencias de Cuidado Infantil.    <\/p>\n<p>Las solicitudes completas se ingresan inmediatamente en la cola de procesamiento para la entrada de datos y se procesar\u00e1n dentro de una a dos semanas. La fecha en que se procesa la solicitud (Fecha de Procesamiento) se registra autom\u00e1ticamente en la base de datos. Cada miembro recibe un mensaje de correo electr\u00f3nico en la fecha en que su solicitud o formulario de renovaci\u00f3n ha sido procesado. Es en esta fecha que su certificado de membres\u00eda digital est\u00e1 disponible desde su Portal en L\u00ednea. Esta informaci\u00f3n se documenta en la secci\u00f3n de Memorandos del Personal del archivo de cada miembro.    <\/p>\n<p>El tiempo de procesamiento para solicitudes incompletas depende del tiempo que le tome a un miembro presentar la informaci\u00f3n faltante para completar el proceso de solicitud. Una vez que la solicitud est\u00e9 completa, se procesar\u00e1 dentro del plazo establecido de 30 d\u00edas (a partir de la fecha de recepci\u00f3n de la solicitud completa). <\/p>\n<h4>Cumplimiento de los plazos de asociaci\u00f3n<\/h4>\n<p>El personal del Registro puede priorizar las solicitudes de membres\u00eda a petici\u00f3n para cumplir con los plazos de acreditaci\u00f3n de un programa, mantener acuerdos de asociaci\u00f3n o seg\u00fan lo indique nuestro financiador. Por ejemplo, si El Nevada Registry ha sido notificado que un programa est\u00e1 pasando por una acreditaci\u00f3n y se ha informado de su fecha l\u00edmite, todas las solicitudes pendientes de individuos empleados en ese centro ser\u00e1n extra\u00eddas de la cola de procesamiento y procesadas inmediatamente antes que todas las dem\u00e1s en la cola. <\/p>\n<p>Se espera que cualquier programa que requiera procesamiento prioritario solicite este servicio con un m\u00ednimo de 10 d\u00edas h\u00e1biles antes de su fecha l\u00edmite de acreditaci\u00f3n para permitir tiempo adecuado para el procesamiento y debe trabajar con el personal del Registro para asegurar que todas las solicitudes incluyan toda la documentaci\u00f3n de respaldo requerida. El procesamiento expedito solo puede garantizarse cuando las solicitudes est\u00e1n completas al momento de la presentaci\u00f3n. <\/p>\n<h4>Monitoreo de los tiempos de procesamiento<\/h4>\n<p>Para asegurar que se mantengan los tiempos de procesamiento establecidos, se ejecutan consultas mensuales para determinar el n\u00famero promedio de d\u00edas que toma procesar las solicitudes iniciales de membres\u00eda y los formularios de renovaci\u00f3n. Si el tiempo de procesamiento excede los 30 d\u00edas h\u00e1biles, se har\u00e1 todo lo posible para rectificar la situaci\u00f3n (por ejemplo, cierre de oficina para procesar solicitudes sin interrupci\u00f3n, repriorizaci\u00f3n de la carga de trabajo, ajustes de personal) para asegurar la entrega oportuna de certificados de acuerdo con la pol\u00edtica establecida. <\/p>\n<p>&nbsp;<\/p>\n","protected":false},"excerpt":{"rendered":"<p>Revisado\/Actualizado octubre de 2024 El Nevada Registry se esfuerza por mantener tiempos de respuesta r\u00e1pidos y eficientes. Por consiguiente, el&#8230;<\/p>\n","protected":false},"author":2,"featured_media":0,"parent":13312,"menu_order":0,"comment_status":"closed","ping_status":"closed","template":"","meta":{"_acf_changed":false,"footnotes":""},"class_list":["post-13103","page","type-page","status-publish","hentry"],"acf":[],"yoast_head":"<!-- This site is optimized with the Yoast SEO plugin v27.2 - https:\/\/yoast.com\/product\/yoast-seo-wordpress\/ -->\n<title>Manual de pol\u00edticas: Tiempo de procesamiento de solicitudes - The Nevada Registry<\/title>\n<meta name=\"description\" content=\"Revisado\/Actualizado octubre de 2024 El Nevada Registry se esfuerza por mantener tiempos de respuesta r\u00e1pidos y eficientes. Por consiguiente, el tiempo\" \/>\n<meta name=\"robots\" content=\"index, follow, max-snippet:-1, max-image-preview:large, max-video-preview:-1\" \/>\n<link rel=\"canonical\" href=\"https:\/\/www.nevadaregistry.org\/es\/acerca\/politicas-del-programa\/manual-de-politicas-tiempo-de-procesamiento-de-solicitudes\/\" \/>\n<meta property=\"og:locale\" content=\"es_ES\" \/>\n<meta property=\"og:type\" content=\"article\" \/>\n<meta property=\"og:title\" content=\"Manual de pol\u00edticas: Tiempo de procesamiento de solicitudes - The Nevada Registry\" \/>\n<meta property=\"og:description\" content=\"Revisado\/Actualizado octubre de 2024 El Nevada Registry se esfuerza por mantener tiempos de respuesta r\u00e1pidos y eficientes. Por consiguiente, el tiempo\" \/>\n<meta property=\"og:url\" content=\"https:\/\/www.nevadaregistry.org\/es\/acerca\/politicas-del-programa\/manual-de-politicas-tiempo-de-procesamiento-de-solicitudes\/\" \/>\n<meta property=\"og:site_name\" content=\"The Nevada Registry\" \/>\n<meta property=\"article:publisher\" content=\"https:\/\/www.facebook.com\/nevadaregistry\" \/>\n<meta property=\"article:modified_time\" content=\"2025-05-01T21:54:51+00:00\" \/>\n<meta property=\"og:image\" content=\"https:\/\/www.nevadaregistry.org\/wp-content\/uploads\/2020\/10\/NevadaRegistryOGImage.jpg\" \/>\n\t<meta property=\"og:image:width\" content=\"1200\" \/>\n\t<meta property=\"og:image:height\" content=\"630\" \/>\n\t<meta property=\"og:image:type\" content=\"image\/jpeg\" \/>\n<meta name=\"twitter:card\" content=\"summary_large_image\" \/>\n<meta name=\"twitter:label1\" content=\"Tiempo de lectura\" \/>\n\t<meta name=\"twitter:data1\" content=\"4 minutos\" \/>\n<script type=\"application\/ld+json\" class=\"yoast-schema-graph\">{\"@context\":\"https:\/\/schema.org\",\"@graph\":[{\"@type\":\"WebPage\",\"@id\":\"https:\/\/www.nevadaregistry.org\/es\/acerca\/politicas-del-programa\/manual-de-politicas-tiempo-de-procesamiento-de-solicitudes\/\",\"url\":\"https:\/\/www.nevadaregistry.org\/es\/acerca\/politicas-del-programa\/manual-de-politicas-tiempo-de-procesamiento-de-solicitudes\/\",\"name\":\"Manual de pol\u00edticas: Tiempo de procesamiento de solicitudes - The Nevada Registry\",\"isPartOf\":{\"@id\":\"https:\/\/www.nevadaregistry.org\/es\/#website\"},\"datePublished\":\"2024-09-18T17:21:16+00:00\",\"dateModified\":\"2025-05-01T21:54:51+00:00\",\"description\":\"Revisado\/Actualizado octubre de 2024 El Nevada Registry se esfuerza por mantener tiempos de respuesta r\u00e1pidos y eficientes. Por consiguiente, el tiempo\",\"breadcrumb\":{\"@id\":\"https:\/\/www.nevadaregistry.org\/es\/acerca\/politicas-del-programa\/manual-de-politicas-tiempo-de-procesamiento-de-solicitudes\/#breadcrumb\"},\"inLanguage\":\"es\",\"potentialAction\":[{\"@type\":\"ReadAction\",\"target\":[\"https:\/\/www.nevadaregistry.org\/es\/acerca\/politicas-del-programa\/manual-de-politicas-tiempo-de-procesamiento-de-solicitudes\/\"]}]},{\"@type\":\"BreadcrumbList\",\"@id\":\"https:\/\/www.nevadaregistry.org\/es\/acerca\/politicas-del-programa\/manual-de-politicas-tiempo-de-procesamiento-de-solicitudes\/#breadcrumb\",\"itemListElement\":[{\"@type\":\"ListItem\",\"position\":1,\"name\":\"Home\",\"item\":\"https:\/\/www.nevadaregistry.org\/es\/pagina-principal\/\"},{\"@type\":\"ListItem\",\"position\":2,\"name\":\"P\u00e1gina Acerca de The Nevada Registry\",\"item\":\"https:\/\/www.nevadaregistry.org\/es\/acerca\/\"},{\"@type\":\"ListItem\",\"position\":3,\"name\":\"Pol\u00edticas del programa\",\"item\":\"https:\/\/www.nevadaregistry.org\/es\/acerca\/politicas-del-programa\/\"},{\"@type\":\"ListItem\",\"position\":4,\"name\":\"Manual de pol\u00edticas: Tiempo de procesamiento de solicitudes\"}]},{\"@type\":\"WebSite\",\"@id\":\"https:\/\/www.nevadaregistry.org\/es\/#website\",\"url\":\"https:\/\/www.nevadaregistry.org\/es\/\",\"name\":\"The Nevada Registry\",\"description\":\"Workforce data system capturing information about the Early Childhood Education and Care (ECEC) workforce in Nevada.\",\"publisher\":{\"@id\":\"https:\/\/www.nevadaregistry.org\/es\/#organization\"},\"potentialAction\":[{\"@type\":\"SearchAction\",\"target\":{\"@type\":\"EntryPoint\",\"urlTemplate\":\"https:\/\/www.nevadaregistry.org\/es\/?s={search_term_string}\"},\"query-input\":{\"@type\":\"PropertyValueSpecification\",\"valueRequired\":true,\"valueName\":\"search_term_string\"}}],\"inLanguage\":\"es\"},{\"@type\":\"Organization\",\"@id\":\"https:\/\/www.nevadaregistry.org\/es\/#organization\",\"name\":\"El Nevada Registry\",\"url\":\"https:\/\/www.nevadaregistry.org\/es\/\",\"logo\":{\"@type\":\"ImageObject\",\"inLanguage\":\"es\",\"@id\":\"https:\/\/www.nevadaregistry.org\/es\/#\/schema\/logo\/image\/\",\"url\":\"https:\/\/www.nevadaregistry.org\/wp-content\/uploads\/2020\/10\/tnr-logo-purple-copy.jpg\",\"contentUrl\":\"https:\/\/www.nevadaregistry.org\/wp-content\/uploads\/2020\/10\/tnr-logo-purple-copy.jpg\",\"width\":\"900\",\"height\":\"562\",\"caption\":\"El Nevada Registry\"},\"image\":{\"@id\":\"https:\/\/www.nevadaregistry.org\/es\/#\/schema\/logo\/image\/\"},\"sameAs\":[\"https:\/\/www.facebook.com\/nevadaregistry\"]}]}<\/script>\n<!-- \/ Yoast SEO plugin. -->","yoast_head_json":{"title":"Manual de pol\u00edticas: Tiempo de procesamiento de solicitudes - The Nevada Registry","description":"Revisado\/Actualizado octubre de 2024 El Nevada Registry se esfuerza por mantener tiempos de respuesta r\u00e1pidos y eficientes. Por consiguiente, el tiempo","robots":{"index":"index","follow":"follow","max-snippet":"max-snippet:-1","max-image-preview":"max-image-preview:large","max-video-preview":"max-video-preview:-1"},"canonical":"https:\/\/www.nevadaregistry.org\/es\/acerca\/politicas-del-programa\/manual-de-politicas-tiempo-de-procesamiento-de-solicitudes\/","og_locale":"es_ES","og_type":"article","og_title":"Manual de pol\u00edticas: Tiempo de procesamiento de solicitudes - The Nevada Registry","og_description":"Revisado\/Actualizado octubre de 2024 El Nevada Registry se esfuerza por mantener tiempos de respuesta r\u00e1pidos y eficientes. Por consiguiente, el tiempo","og_url":"https:\/\/www.nevadaregistry.org\/es\/acerca\/politicas-del-programa\/manual-de-politicas-tiempo-de-procesamiento-de-solicitudes\/","og_site_name":"The Nevada Registry","article_publisher":"https:\/\/www.facebook.com\/nevadaregistry","article_modified_time":"2025-05-01T21:54:51+00:00","og_image":[{"width":1200,"height":630,"url":"https:\/\/www.nevadaregistry.org\/wp-content\/uploads\/2020\/10\/NevadaRegistryOGImage.jpg","type":"image\/jpeg"}],"twitter_card":"summary_large_image","twitter_misc":{"Tiempo de lectura":"4 minutos"},"schema":{"@context":"https:\/\/schema.org","@graph":[{"@type":"WebPage","@id":"https:\/\/www.nevadaregistry.org\/es\/acerca\/politicas-del-programa\/manual-de-politicas-tiempo-de-procesamiento-de-solicitudes\/","url":"https:\/\/www.nevadaregistry.org\/es\/acerca\/politicas-del-programa\/manual-de-politicas-tiempo-de-procesamiento-de-solicitudes\/","name":"Manual de pol\u00edticas: Tiempo de procesamiento de solicitudes - The Nevada Registry","isPartOf":{"@id":"https:\/\/www.nevadaregistry.org\/es\/#website"},"datePublished":"2024-09-18T17:21:16+00:00","dateModified":"2025-05-01T21:54:51+00:00","description":"Revisado\/Actualizado octubre de 2024 El Nevada Registry se esfuerza por mantener tiempos de respuesta r\u00e1pidos y eficientes. Por consiguiente, el tiempo","breadcrumb":{"@id":"https:\/\/www.nevadaregistry.org\/es\/acerca\/politicas-del-programa\/manual-de-politicas-tiempo-de-procesamiento-de-solicitudes\/#breadcrumb"},"inLanguage":"es","potentialAction":[{"@type":"ReadAction","target":["https:\/\/www.nevadaregistry.org\/es\/acerca\/politicas-del-programa\/manual-de-politicas-tiempo-de-procesamiento-de-solicitudes\/"]}]},{"@type":"BreadcrumbList","@id":"https:\/\/www.nevadaregistry.org\/es\/acerca\/politicas-del-programa\/manual-de-politicas-tiempo-de-procesamiento-de-solicitudes\/#breadcrumb","itemListElement":[{"@type":"ListItem","position":1,"name":"Home","item":"https:\/\/www.nevadaregistry.org\/es\/pagina-principal\/"},{"@type":"ListItem","position":2,"name":"P\u00e1gina Acerca de The Nevada Registry","item":"https:\/\/www.nevadaregistry.org\/es\/acerca\/"},{"@type":"ListItem","position":3,"name":"Pol\u00edticas del programa","item":"https:\/\/www.nevadaregistry.org\/es\/acerca\/politicas-del-programa\/"},{"@type":"ListItem","position":4,"name":"Manual de pol\u00edticas: Tiempo de procesamiento de solicitudes"}]},{"@type":"WebSite","@id":"https:\/\/www.nevadaregistry.org\/es\/#website","url":"https:\/\/www.nevadaregistry.org\/es\/","name":"The Nevada Registry","description":"Workforce data system capturing information about the Early Childhood Education and Care (ECEC) workforce in Nevada.","publisher":{"@id":"https:\/\/www.nevadaregistry.org\/es\/#organization"},"potentialAction":[{"@type":"SearchAction","target":{"@type":"EntryPoint","urlTemplate":"https:\/\/www.nevadaregistry.org\/es\/?s={search_term_string}"},"query-input":{"@type":"PropertyValueSpecification","valueRequired":true,"valueName":"search_term_string"}}],"inLanguage":"es"},{"@type":"Organization","@id":"https:\/\/www.nevadaregistry.org\/es\/#organization","name":"El Nevada Registry","url":"https:\/\/www.nevadaregistry.org\/es\/","logo":{"@type":"ImageObject","inLanguage":"es","@id":"https:\/\/www.nevadaregistry.org\/es\/#\/schema\/logo\/image\/","url":"https:\/\/www.nevadaregistry.org\/wp-content\/uploads\/2020\/10\/tnr-logo-purple-copy.jpg","contentUrl":"https:\/\/www.nevadaregistry.org\/wp-content\/uploads\/2020\/10\/tnr-logo-purple-copy.jpg","width":"900","height":"562","caption":"El Nevada Registry"},"image":{"@id":"https:\/\/www.nevadaregistry.org\/es\/#\/schema\/logo\/image\/"},"sameAs":["https:\/\/www.facebook.com\/nevadaregistry"]}]}},"_links":{"self":[{"href":"https:\/\/www.nevadaregistry.org\/es\/wp-json\/wp\/v2\/pages\/13103","targetHints":{"allow":["GET"]}}],"collection":[{"href":"https:\/\/www.nevadaregistry.org\/es\/wp-json\/wp\/v2\/pages"}],"about":[{"href":"https:\/\/www.nevadaregistry.org\/es\/wp-json\/wp\/v2\/types\/page"}],"author":[{"embeddable":true,"href":"https:\/\/www.nevadaregistry.org\/es\/wp-json\/wp\/v2\/users\/2"}],"replies":[{"embeddable":true,"href":"https:\/\/www.nevadaregistry.org\/es\/wp-json\/wp\/v2\/comments?post=13103"}],"version-history":[{"count":1,"href":"https:\/\/www.nevadaregistry.org\/es\/wp-json\/wp\/v2\/pages\/13103\/revisions"}],"predecessor-version":[{"id":13104,"href":"https:\/\/www.nevadaregistry.org\/es\/wp-json\/wp\/v2\/pages\/13103\/revisions\/13104"}],"up":[{"embeddable":true,"href":"https:\/\/www.nevadaregistry.org\/es\/wp-json\/wp\/v2\/pages\/13312"}],"wp:attachment":[{"href":"https:\/\/www.nevadaregistry.org\/es\/wp-json\/wp\/v2\/media?parent=13103"}],"curies":[{"name":"wp","href":"https:\/\/api.w.org\/{rel}","templated":true}]}}