{"id":13105,"date":"2024-09-20T11:01:08","date_gmt":"2024-09-20T18:01:08","guid":{"rendered":"https:\/\/www.nevadaregistry.org\/manual-de-politicas-accesibilidad\/"},"modified":"2025-11-10T16:12:50","modified_gmt":"2025-11-10T23:12:50","slug":"manual-de-politicas-accesibilidad","status":"publish","type":"page","link":"https:\/\/www.nevadaregistry.org\/es\/acerca\/politicas-del-programa\/manual-de-politicas-accesibilidad\/","title":{"rendered":"Manual de pol\u00edticas: accesibilidad"},"content":{"rendered":"<h6><em>Revisado\/Actualizado octubre de 2024<\/em><\/h6>\n<p>El personal de The Nevada Registry se esfuerza por garantizar que cada interacci\u00f3n oral o escrita con los miembros, los socios de la comunidad y el personal de ECE sea siempre receptiva, r\u00e1pida, cort\u00e9s, respetuosa y profesional. Cualquier cosa que no sea un excelente servicio de atenci\u00f3n al cliente es inaceptable. Se anima a aquellos que tengan una interacci\u00f3n que no sea positiva con el personal de Registry a expresar sus inquietudes.  <\/p>\n<p>Prometemos asegurarnos de que las llamadas telef\u00f3nicas y los mensajes de contacto\/correo electr\u00f3nico se devuelvan con prontitud, las preguntas se respondan con precisi\u00f3n y cortes\u00eda, los materiales y recursos solicitados se proporcionen de manera oportuna y que la experiencia general con nuestro programa sea positiva. Si el personal no est\u00e1 seguro de c\u00f3mo responder a una solicitud, la solicitud se remite al Director del Programa. Las reuniones del personal brindan una oportunidad para que el personal discuta problemas, inquietudes e interacciones con los miembros y el p\u00fablico de ECE en general.  <\/p>\n<h3>Acceso f\u00edsico<\/h3>\n<p>La oficina de The Nevada Registry est\u00e1 ubicada en Sparks, Nevada, en el campus de la escuela primaria Maxwell. Nuestra oficina est\u00e1 abierta de lunes a viernes de 8:00 a 16:30. En caso de que la oficina est\u00e9 cerrada durante el horario comercial habitual por un per\u00edodo prolongado (es decir, para la capacitaci\u00f3n del personal, eventos especiales, mantenimiento del edificio), se proporcionar\u00e1 una notificaci\u00f3n en la p\u00e1gina de inicio del sitio web, dentro de nuestro mensaje de correo de voz est\u00e1ndar, canales de redes sociales y como una respuesta autom\u00e1tica por correo electr\u00f3nico, seg\u00fan se considere apropiado. Todos los cierres de oficina programados se publican en la p\u00e1gina de \u2018NOTICIAS\u2019 del sitio web del programa y en la p\u00e1gina de Facebook con un m\u00ednimo de una semana antes del cierre programado.   <\/p>\n<h3>Acceso telef\u00f3nico\/electr\u00f3nico<\/h3>\n<p>Adem\u00e1s de una l\u00ednea fija est\u00e1ndar, hay un n\u00famero gratuito disponible para garantizar siempre el acceso telef\u00f3nico gratuito. Se puede contactar con el personal de Registry por correo electr\u00f3nico a trav\u00e9s de la direcci\u00f3n de correo electr\u00f3nico general del programa en <a href=\"mailto:nevadaregistry@washoeschools.net\">nevadaregistry@washoeschools.net<\/a>, o a trav\u00e9s de sus direcciones de correo electr\u00f3nico asignadas individualmente, as\u00ed como a trav\u00e9s de la p\u00e1gina &#8216;<a href=\"https:\/\/www.nevadaregistry.org\/es\/acerca\/contactenos\/\">Contact Us<\/a>&#8216; del sitio web de The Nevada Registry en <a href=\"http:\/\/www.nevadaregistry.org\">www.nevadaregistry.org<\/a>. El servicio de correo de voz est\u00e1 disponible las 24 horas del d\u00eda, los siete d\u00edas de la semana. Los mensajes recibidos durante el horario comercial habitual se devuelven el mismo d\u00eda. Los mensajes recibidos fuera de horario se devuelven el siguiente d\u00eda h\u00e1bil, a menos que el personal est\u00e9 fuera de la oficina por motivos laborales o personales.    <\/p>\n<h3>Acceso a la inscripci\u00f3n<\/h3>\n<p>Se puede solicitar el acceso a la solicitud de membres\u00eda a trav\u00e9s de la Lista de empleados (a la que se accede a trav\u00e9s de la cuenta del Portal en l\u00ednea del director) para las personas que trabajan en centros de cuidado infantil con licencia y en la p\u00e1gina &#8216;<a href=\"https:\/\/www.nevadaregistry.org\/es\/membresia\/solicitar-membresia\/\">Apply for Membership<\/a>&#8216; del sitio web de The Nevada Registry para todos los dem\u00e1s. Las solicitudes recibidas durante el horario comercial habitual se procesan dentro del mismo d\u00eda h\u00e1bil. Las solicitudes recibidas fuera de horario se procesan el siguiente d\u00eda h\u00e1bil. El proceso de renovaci\u00f3n de la membres\u00eda en l\u00ednea est\u00e1 disponible 45 d\u00edas antes de la fecha de vencimiento de una persona. El acceso a la cuenta del Portal en l\u00ednea est\u00e1 disponible las 24 horas del d\u00eda, los 7 d\u00edas de la semana.    <\/p>\n<h3>Acceso inclusivo y equitativo<\/h3>\n<p>The Nevada Registry es sensible a las necesidades ling\u00fc\u00edsticas y a las adaptaciones especiales necesarias para ayudar a todos los educadores de la primera infancia a participar plenamente en el programa y buscar\u00e1 asistencia externa para trabajar con \u00e9xito con los miembros seg\u00fan sea necesario.<\/p>\n<h3>Informaci\u00f3n de contacto<\/h3>\n<p>N\u00famero de tel\u00e9fono: 775-327-0670 n\u00famero gratuito: 800\u2013259-1906<\/p>\n<p>Direcci\u00f3n f\u00edsica: 2300 North Rock blvd., Sparks, Nevada 89431<\/p>\n<p>Direcci\u00f3n de correo electr\u00f3nico: <a href=\"mailto:nevadaregistry@washoeschools.net\">nevadaregistry@washoeschools.net<\/a><\/p>\n<p>Direcci\u00f3n del sitio web: <a href=\"http:\/\/www.nevadaregistry.org\">www.nevadaregistry.org<\/a><\/p>\n<p>Cont\u00e1ctenos: <a href=\"https:\/\/www.nevadaregistry.org\/es\/acerca\/contactenos\/\">https:\/\/www.nevadaregistry.org\/about\/contact-us\/<\/a><\/p>\n<p>P\u00e1gina de Facebook: <a href=\"https:\/\/www.facebook.com\/nevadaregistry\">https:\/\/www.facebook.com\/nevadaregistry<\/a><\/p>\n","protected":false},"excerpt":{"rendered":"<p>Revisado\/Actualizado octubre de 2024 El personal de The Nevada Registry se esfuerza por garantizar que cada interacci\u00f3n oral o escrita&#8230;<\/p>\n","protected":false},"author":2,"featured_media":0,"parent":13312,"menu_order":0,"comment_status":"closed","ping_status":"closed","template":"","meta":{"_acf_changed":false,"footnotes":""},"class_list":["post-13105","page","type-page","status-publish","hentry"],"acf":[],"yoast_head":"<!-- This site is optimized with the Yoast SEO plugin v27.4 - https:\/\/yoast.com\/product\/yoast-seo-wordpress\/ -->\n<title>Manual de pol\u00edticas: accesibilidad - The Nevada Registry<\/title>\n<meta name=\"description\" content=\"Revisado\/Actualizado octubre de 2024 El personal de The Nevada Registry se esfuerza por garantizar que cada interacci\u00f3n oral o escrita con los miembros,\" \/>\n<meta name=\"robots\" content=\"index, follow, max-snippet:-1, max-image-preview:large, max-video-preview:-1\" \/>\n<link rel=\"canonical\" href=\"https:\/\/www.nevadaregistry.org\/es\/acerca\/politicas-del-programa\/manual-de-politicas-accesibilidad\/\" \/>\n<meta property=\"og:locale\" content=\"es_ES\" \/>\n<meta property=\"og:type\" content=\"article\" \/>\n<meta property=\"og:title\" content=\"Manual de pol\u00edticas: accesibilidad - The Nevada Registry\" \/>\n<meta property=\"og:description\" content=\"Revisado\/Actualizado octubre de 2024 El personal de The Nevada Registry se esfuerza por garantizar que cada interacci\u00f3n oral o escrita con los miembros,\" \/>\n<meta property=\"og:url\" content=\"https:\/\/www.nevadaregistry.org\/es\/acerca\/politicas-del-programa\/manual-de-politicas-accesibilidad\/\" \/>\n<meta property=\"og:site_name\" content=\"The Nevada Registry\" \/>\n<meta property=\"article:publisher\" content=\"https:\/\/www.facebook.com\/nevadaregistry\" \/>\n<meta property=\"article:modified_time\" content=\"2025-11-10T23:12:50+00:00\" \/>\n<meta property=\"og:image\" content=\"https:\/\/www.nevadaregistry.org\/wp-content\/uploads\/2020\/10\/NevadaRegistryOGImage.jpg\" \/>\n\t<meta property=\"og:image:width\" content=\"1200\" \/>\n\t<meta property=\"og:image:height\" content=\"630\" \/>\n\t<meta property=\"og:image:type\" content=\"image\/jpeg\" \/>\n<meta name=\"twitter:card\" content=\"summary_large_image\" \/>\n<meta name=\"twitter:label1\" content=\"Tiempo de lectura\" \/>\n\t<meta name=\"twitter:data1\" content=\"4 minutos\" \/>\n<script type=\"application\/ld+json\" class=\"yoast-schema-graph\">{\"@context\":\"https:\\\/\\\/schema.org\",\"@graph\":[{\"@type\":\"WebPage\",\"@id\":\"https:\\\/\\\/www.nevadaregistry.org\\\/es\\\/acerca\\\/politicas-del-programa\\\/manual-de-politicas-accesibilidad\\\/\",\"url\":\"https:\\\/\\\/www.nevadaregistry.org\\\/es\\\/acerca\\\/politicas-del-programa\\\/manual-de-politicas-accesibilidad\\\/\",\"name\":\"Manual de pol\u00edticas: accesibilidad - The Nevada Registry\",\"isPartOf\":{\"@id\":\"https:\\\/\\\/www.nevadaregistry.org\\\/es\\\/#website\"},\"datePublished\":\"2024-09-20T18:01:08+00:00\",\"dateModified\":\"2025-11-10T23:12:50+00:00\",\"description\":\"Revisado\\\/Actualizado octubre de 2024 El personal de The Nevada Registry se esfuerza por garantizar que cada interacci\u00f3n oral o escrita con los miembros,\",\"breadcrumb\":{\"@id\":\"https:\\\/\\\/www.nevadaregistry.org\\\/es\\\/acerca\\\/politicas-del-programa\\\/manual-de-politicas-accesibilidad\\\/#breadcrumb\"},\"inLanguage\":\"es\",\"potentialAction\":[{\"@type\":\"ReadAction\",\"target\":[\"https:\\\/\\\/www.nevadaregistry.org\\\/es\\\/acerca\\\/politicas-del-programa\\\/manual-de-politicas-accesibilidad\\\/\"]}]},{\"@type\":\"BreadcrumbList\",\"@id\":\"https:\\\/\\\/www.nevadaregistry.org\\\/es\\\/acerca\\\/politicas-del-programa\\\/manual-de-politicas-accesibilidad\\\/#breadcrumb\",\"itemListElement\":[{\"@type\":\"ListItem\",\"position\":1,\"name\":\"Home\",\"item\":\"https:\\\/\\\/www.nevadaregistry.org\\\/es\\\/pagina-principal\\\/\"},{\"@type\":\"ListItem\",\"position\":2,\"name\":\"P\u00e1gina Acerca de The Nevada Registry\",\"item\":\"https:\\\/\\\/www.nevadaregistry.org\\\/es\\\/acerca\\\/\"},{\"@type\":\"ListItem\",\"position\":3,\"name\":\"Pol\u00edticas del programa\",\"item\":\"https:\\\/\\\/www.nevadaregistry.org\\\/es\\\/acerca\\\/politicas-del-programa\\\/\"},{\"@type\":\"ListItem\",\"position\":4,\"name\":\"Manual de pol\u00edticas: accesibilidad\"}]},{\"@type\":\"WebSite\",\"@id\":\"https:\\\/\\\/www.nevadaregistry.org\\\/es\\\/#website\",\"url\":\"https:\\\/\\\/www.nevadaregistry.org\\\/es\\\/\",\"name\":\"The Nevada Registry\",\"description\":\"Workforce data system capturing information about the Early Childhood Education and Care (ECEC) workforce in Nevada.\",\"publisher\":{\"@id\":\"https:\\\/\\\/www.nevadaregistry.org\\\/es\\\/#organization\"},\"potentialAction\":[{\"@type\":\"SearchAction\",\"target\":{\"@type\":\"EntryPoint\",\"urlTemplate\":\"https:\\\/\\\/www.nevadaregistry.org\\\/es\\\/?s={search_term_string}\"},\"query-input\":{\"@type\":\"PropertyValueSpecification\",\"valueRequired\":true,\"valueName\":\"search_term_string\"}}],\"inLanguage\":\"es\"},{\"@type\":\"Organization\",\"@id\":\"https:\\\/\\\/www.nevadaregistry.org\\\/es\\\/#organization\",\"name\":\"El Nevada Registry\",\"url\":\"https:\\\/\\\/www.nevadaregistry.org\\\/es\\\/\",\"logo\":{\"@type\":\"ImageObject\",\"inLanguage\":\"es\",\"@id\":\"https:\\\/\\\/www.nevadaregistry.org\\\/es\\\/#\\\/schema\\\/logo\\\/image\\\/\",\"url\":\"https:\\\/\\\/www.nevadaregistry.org\\\/wp-content\\\/uploads\\\/2020\\\/10\\\/tnr-logo-purple-copy.jpg\",\"contentUrl\":\"https:\\\/\\\/www.nevadaregistry.org\\\/wp-content\\\/uploads\\\/2020\\\/10\\\/tnr-logo-purple-copy.jpg\",\"width\":\"900\",\"height\":\"562\",\"caption\":\"El Nevada Registry\"},\"image\":{\"@id\":\"https:\\\/\\\/www.nevadaregistry.org\\\/es\\\/#\\\/schema\\\/logo\\\/image\\\/\"},\"sameAs\":[\"https:\\\/\\\/www.facebook.com\\\/nevadaregistry\"]}]}<\/script>\n<!-- \/ Yoast SEO plugin. -->","yoast_head_json":{"title":"Manual de pol\u00edticas: accesibilidad - The Nevada Registry","description":"Revisado\/Actualizado octubre de 2024 El personal de The Nevada Registry se esfuerza por garantizar que cada interacci\u00f3n oral o escrita con los miembros,","robots":{"index":"index","follow":"follow","max-snippet":"max-snippet:-1","max-image-preview":"max-image-preview:large","max-video-preview":"max-video-preview:-1"},"canonical":"https:\/\/www.nevadaregistry.org\/es\/acerca\/politicas-del-programa\/manual-de-politicas-accesibilidad\/","og_locale":"es_ES","og_type":"article","og_title":"Manual de pol\u00edticas: accesibilidad - The Nevada Registry","og_description":"Revisado\/Actualizado octubre de 2024 El personal de The Nevada Registry se esfuerza por garantizar que cada interacci\u00f3n oral o escrita con los miembros,","og_url":"https:\/\/www.nevadaregistry.org\/es\/acerca\/politicas-del-programa\/manual-de-politicas-accesibilidad\/","og_site_name":"The Nevada Registry","article_publisher":"https:\/\/www.facebook.com\/nevadaregistry","article_modified_time":"2025-11-10T23:12:50+00:00","og_image":[{"width":1200,"height":630,"url":"https:\/\/www.nevadaregistry.org\/wp-content\/uploads\/2020\/10\/NevadaRegistryOGImage.jpg","type":"image\/jpeg"}],"twitter_card":"summary_large_image","twitter_misc":{"Tiempo de lectura":"4 minutos"},"schema":{"@context":"https:\/\/schema.org","@graph":[{"@type":"WebPage","@id":"https:\/\/www.nevadaregistry.org\/es\/acerca\/politicas-del-programa\/manual-de-politicas-accesibilidad\/","url":"https:\/\/www.nevadaregistry.org\/es\/acerca\/politicas-del-programa\/manual-de-politicas-accesibilidad\/","name":"Manual de pol\u00edticas: accesibilidad - The Nevada Registry","isPartOf":{"@id":"https:\/\/www.nevadaregistry.org\/es\/#website"},"datePublished":"2024-09-20T18:01:08+00:00","dateModified":"2025-11-10T23:12:50+00:00","description":"Revisado\/Actualizado octubre de 2024 El personal de The Nevada Registry se esfuerza por garantizar que cada interacci\u00f3n oral o escrita con los miembros,","breadcrumb":{"@id":"https:\/\/www.nevadaregistry.org\/es\/acerca\/politicas-del-programa\/manual-de-politicas-accesibilidad\/#breadcrumb"},"inLanguage":"es","potentialAction":[{"@type":"ReadAction","target":["https:\/\/www.nevadaregistry.org\/es\/acerca\/politicas-del-programa\/manual-de-politicas-accesibilidad\/"]}]},{"@type":"BreadcrumbList","@id":"https:\/\/www.nevadaregistry.org\/es\/acerca\/politicas-del-programa\/manual-de-politicas-accesibilidad\/#breadcrumb","itemListElement":[{"@type":"ListItem","position":1,"name":"Home","item":"https:\/\/www.nevadaregistry.org\/es\/pagina-principal\/"},{"@type":"ListItem","position":2,"name":"P\u00e1gina Acerca de The Nevada Registry","item":"https:\/\/www.nevadaregistry.org\/es\/acerca\/"},{"@type":"ListItem","position":3,"name":"Pol\u00edticas del programa","item":"https:\/\/www.nevadaregistry.org\/es\/acerca\/politicas-del-programa\/"},{"@type":"ListItem","position":4,"name":"Manual de pol\u00edticas: accesibilidad"}]},{"@type":"WebSite","@id":"https:\/\/www.nevadaregistry.org\/es\/#website","url":"https:\/\/www.nevadaregistry.org\/es\/","name":"The Nevada Registry","description":"Workforce data system capturing information about the Early Childhood Education and Care (ECEC) workforce in Nevada.","publisher":{"@id":"https:\/\/www.nevadaregistry.org\/es\/#organization"},"potentialAction":[{"@type":"SearchAction","target":{"@type":"EntryPoint","urlTemplate":"https:\/\/www.nevadaregistry.org\/es\/?s={search_term_string}"},"query-input":{"@type":"PropertyValueSpecification","valueRequired":true,"valueName":"search_term_string"}}],"inLanguage":"es"},{"@type":"Organization","@id":"https:\/\/www.nevadaregistry.org\/es\/#organization","name":"El Nevada Registry","url":"https:\/\/www.nevadaregistry.org\/es\/","logo":{"@type":"ImageObject","inLanguage":"es","@id":"https:\/\/www.nevadaregistry.org\/es\/#\/schema\/logo\/image\/","url":"https:\/\/www.nevadaregistry.org\/wp-content\/uploads\/2020\/10\/tnr-logo-purple-copy.jpg","contentUrl":"https:\/\/www.nevadaregistry.org\/wp-content\/uploads\/2020\/10\/tnr-logo-purple-copy.jpg","width":"900","height":"562","caption":"El Nevada Registry"},"image":{"@id":"https:\/\/www.nevadaregistry.org\/es\/#\/schema\/logo\/image\/"},"sameAs":["https:\/\/www.facebook.com\/nevadaregistry"]}]}},"_links":{"self":[{"href":"https:\/\/www.nevadaregistry.org\/es\/wp-json\/wp\/v2\/pages\/13105","targetHints":{"allow":["GET"]}}],"collection":[{"href":"https:\/\/www.nevadaregistry.org\/es\/wp-json\/wp\/v2\/pages"}],"about":[{"href":"https:\/\/www.nevadaregistry.org\/es\/wp-json\/wp\/v2\/types\/page"}],"author":[{"embeddable":true,"href":"https:\/\/www.nevadaregistry.org\/es\/wp-json\/wp\/v2\/users\/2"}],"replies":[{"embeddable":true,"href":"https:\/\/www.nevadaregistry.org\/es\/wp-json\/wp\/v2\/comments?post=13105"}],"version-history":[{"count":4,"href":"https:\/\/www.nevadaregistry.org\/es\/wp-json\/wp\/v2\/pages\/13105\/revisions"}],"predecessor-version":[{"id":17504,"href":"https:\/\/www.nevadaregistry.org\/es\/wp-json\/wp\/v2\/pages\/13105\/revisions\/17504"}],"up":[{"embeddable":true,"href":"https:\/\/www.nevadaregistry.org\/es\/wp-json\/wp\/v2\/pages\/13312"}],"wp:attachment":[{"href":"https:\/\/www.nevadaregistry.org\/es\/wp-json\/wp\/v2\/media?parent=13105"}],"curies":[{"name":"wp","href":"https:\/\/api.w.org\/{rel}","templated":true}]}}