{"id":13109,"date":"2025-01-30T18:26:16","date_gmt":"2025-01-31T01:26:16","guid":{"rendered":"https:\/\/www.nevadaregistry.org\/cronograma-de-implementacion-de-la-formacion-en-bienestar\/"},"modified":"2025-05-01T14:55:54","modified_gmt":"2025-05-01T21:55:54","slug":"cronograma-de-implementacion-de-la-formacion-en-bienestar","status":"publish","type":"page","link":"https:\/\/www.nevadaregistry.org\/es\/para-formadores\/recursos-para-formadores\/cronograma-de-implementacion-de-la-formacion-en-bienestar\/","title":{"rendered":"Cronograma de implementaci\u00f3n de la formaci\u00f3n en bienestar"},"content":{"rendered":"<p>Las nuevas directrices para la aprobaci\u00f3n de la formaci\u00f3n en bienestar entraron en vigor el 1 de febrero de 2025. El cronograma de implementaci\u00f3n se describe a continuaci\u00f3n. <\/p>\n<h4 style=\"text-align: center;\">Los cursos de bienestar <strong>EN SU TOTALIDAD<\/strong> deben ahora contener niveles de edad y desarrollo, as\u00ed como diversos niveles de conocimiento (b\u00e1sico, intermedio y avanzado) y deben contener al menos <u>dos<\/u> horas de contenido para cumplir con el nuevo requisito, independientemente del nivel de formaci\u00f3n.<\/h4>\n<p><strong>Requisito de formaci\u00f3n en bienestar de la Licencia de Cuidado Infantil<\/strong><\/p>\n<p>El 20 de septiembre de 2017, se actualiz\u00f3 el SB No. 27, c\u00f3digo NAC 432A.323 con un requisito que fue aprobado como ley durante la sesi\u00f3n legislativa estatal de Nevada de 2017. La nueva ley establece que se requieren dos o m\u00e1s horas de formaci\u00f3n en bienestar, incluyendo obesidad infantil, nutrici\u00f3n y actividad f\u00edsica moderada o vigorosa, dentro de los 90 d\u00edas posteriores al empleo y cada a\u00f1o subsiguiente. Estos requisitos fueron adoptados en las regulaciones estatales de licencias de cuidado infantil de Nevada (Regulaci\u00f3n adoptada de la Junta Estatal de Salud, archivo LCB R092-16).  <\/p>\n<p><strong>Historia del requisito de bienestar<\/strong><\/p>\n<p>A partir de su adopci\u00f3n en 2017, los educadores de ECE pod\u00edan tomar dos (2) sesiones de formaci\u00f3n de una hora o una (1) sesi\u00f3n de formaci\u00f3n de dos horas para cumplir con el requisito de bienestar, en cualquiera de las tres \u00e1reas de contenido: obesidad infantil, nutrici\u00f3n y actividad f\u00edsica. Las sesiones de formaci\u00f3n en bienestar y los cursos en l\u00ednea pod\u00edan contener una, dos o tres de estas \u00e1reas para ser aprobados por The Nevada Registry y ser aceptados por la Licencia de Cuidado Infantil. <\/p>\n<p><strong>Evoluci\u00f3n del requisito de bienestar <\/strong><\/p>\n<p class=\"Default\">A principios de 2022, The Nevada Registry fue invitado a participar en el <a href=\"https:\/\/nicdev.sites.unlv.edu\/necop\/\">Grupo de Trabajo de Prevenci\u00f3n de la Obesidad Infantil Temprana (ECOP)<\/a>. El ECOP estaba interesado en crear v\u00edas para aumentar el conocimiento en las \u00e1reas de obesidad infantil, nutrici\u00f3n y actividad f\u00edsica moderada o vigorosa y solicit\u00f3 a The Nevada Registry que creara <a href=\"https:\/\/www.nevadaregistry.org\/wp-content\/uploads\/2024\/11\/WellnessTrainingContentGuidelinesCourseObjectivesandTrainerQualifications.pdf\">directrices de contenido espec\u00edficas, objetivos del curso y cualificaciones del formador<\/a> para los cursos de bienestar, que incluyeran niveles b\u00e1sico, intermedio y avanzado de contenido de formaci\u00f3n para proporcionar m\u00e1s opciones al personal experimentado que ha tomado formaci\u00f3n en bienestar durante muchos a\u00f1os y para alentar a los educadores de ECE a aumentar sus conocimientos en estas \u00e1reas con el tiempo en lugar de continuar completando la misma formaci\u00f3n a\u00f1o tras a\u00f1o. <\/p>\n<p>En septiembre de 2022, con la aportaci\u00f3n de la Licencia de Cuidado Infantil y en colaboraci\u00f3n con The Nevada Registry, el ECOP cre\u00f3 y adopt\u00f3 los nuevos criterios de bienestar. Tambi\u00e9n se cre\u00f3 una r\u00fabrica de aprobaci\u00f3n de formaci\u00f3n para evaluar 65 cursos en l\u00ednea de bienestar aprobados por el Registro de Nevada existentes. <\/p>\n<ul>\n<li><a href=\"https:\/\/www.nevadaregistry.org\/wp-content\/uploads\/2024\/11\/WellnessTrainingContentGuidelinesCourseObjectivesandTrainerQualifications.pdf\">FORMACI\u00d3N EN BIENESTAR: Directrices de contenido, objetivos del curso y cualificaciones del formador<\/a><\/li>\n<li><a href=\"https:\/\/www.nevadaregistry.org\/wp-content\/uploads\/2024\/11\/WellnessTrainingAPPENDIX.pdf\">FORMACI\u00d3N EN BIENESTAR: AP\u00c9NDICE Y REFERENCIAS <\/a><\/li>\n<\/ul>\n<p><strong>Actividades de implementaci\u00f3n y notificaci\u00f3n<\/strong><\/p>\n<p>Utilizando la r\u00fabrica adoptada, el personal de The Nevada Registry y los miembros del ECOP, espec\u00edficamente los pasantes de Instructores Comunitarios del Departamento de Salud Integrada, Nutrici\u00f3n y Actividad F\u00edsica de la Universidad de Nevada Reno, evaluaron cada curso en l\u00ednea de bienestar aprobado por el Registro y determinaron si los cursos cumplen con los nuevos criterios y\/o las modificaciones necesarias para alinearse con los nuevos criterios.<\/p>\n<ul>\n<li><strong>Agosto 2024:<cx id=\"gid_1\"><\/cx><\/strong>Todas las organizaciones de formaci\u00f3n en l\u00ednea (un total de 15) con cursos en l\u00ednea de bienestar aprobados en Nevada fueron notificadas por The Nevada Registry v\u00eda correo electr\u00f3nico sobre los pr\u00f3ximos cambios en bienestar. A cada una se le proporcionaron los nuevos criterios adoptados y se les inform\u00f3 que sus cursos ser\u00edan evaluados seg\u00fan la nueva r\u00fabrica. The Nevada Registry proporcion\u00f3 apoyo t\u00e9cnico y asistencia seg\u00fan fue necesario.  <\/li>\n<li><strong>Octubre 2024:<cx id=\"gid_1\"><\/cx><\/strong>The Nevada Registry contact\u00f3 a todas (15) las organizaciones de formaci\u00f3n en l\u00ednea para informarles que la revisi\u00f3n\/evaluaci\u00f3n de sus cursos de bienestar estaba completa. Se les pidi\u00f3 que revisaran sus cursos de bienestar actualmente aprobados y se les proporcionaron las modificaciones necesarias para alinearse con los nuevos criterios. <\/li>\n<li><strong>Noviembre\/Diciembre 2024: <\/strong>\n<ul>\n<li>The Nevada Registry contact\u00f3 a todos los formadores previamente aprobados para impartir sesiones de formaci\u00f3n en bienestar presenciales o virtuales para informarles sobre los nuevos criterios de bienestar y la r\u00fabrica de aprobaci\u00f3n de formaci\u00f3n. Se les proporcionaron las nuevas <a href=\"https:\/\/www.nevadaregistry.org\/wp-content\/uploads\/2024\/11\/WellnessTrainingContentGuidelinesCourseObjectivesandTrainerQualifications.pdf\">directrices de contenido, la r\u00fabrica de aprobaci\u00f3n de formaci\u00f3n<\/a> y el <a href=\"https:\/\/www.nevadaregistry.org\/wp-content\/uploads\/2024\/11\/WellnessTrainingAPPENDIX.pdf\">ap\u00e9ndice<\/a>. <\/li>\n<li>Los nuevos criterios de bienestar fueron presentados a un Comit\u00e9 Ad Hoc del <a href=\"https:\/\/www.nevadaregistry.org\/es\/?page_id=13344\">Grupo de Trabajo Asesor del Sistema de Aprobaci\u00f3n de Formaci\u00f3n (TAS)<\/a>.<\/li>\n<li>La informaci\u00f3n sobre los nuevos criterios se public\u00f3 en la p\u00e1gina de <a href=\"https:\/\/www.nevadaregistry.org\/es\/news-updates\/atencion-formadores-nuevas-directrices-de-contenido-de-formacion-en-bienestar-objetivos-del-curso-y-cualificaciones-del-formador-en-vigor-a-partir-de-febrero-de-2025\/\">NOTICIAS<\/a> del sitio web de The Nevada Registry.<\/li>\n<li>The Nevada Registry recibi\u00f3 varios cursos en l\u00ednea de bienestar revisados alineados con los nuevos criterios de <a href=\"https:\/\/childcaretrainingclasses.com\/\">ChildCareEd<\/a> y <a href=\"https:\/\/childcaretrainingclasses.com\/\">Child Care Training Consultants<\/a>.<\/li>\n<\/ul>\n<\/li>\n<li><strong>Enero 2025: <\/strong>\n<ul>\n<li>Se public\u00f3 informaci\u00f3n general sobre los pr\u00f3ximos cambios en la formaci\u00f3n de bienestar en la p\u00e1gina de <a href=\"https:\/\/www.nevadaregistry.org\/es\/news-updates\/cambios-importantes-en-la-formacion-aprobada-sobre-bienestar\/\">NOTICIAS<\/a> de Nevada Registry.<\/li>\n<li>Nevada Registry envi\u00f3 un correo electr\u00f3nico directamente a todos los Directores de Centros para informarles sobre los pr\u00f3ximos cambios en la formaci\u00f3n de bienestar.<\/li>\n<li>Nevada Registry envi\u00f3 un correo electr\u00f3nico a la Licencia Estatal de Cuidado Infantil con una actualizaci\u00f3n sobre los pr\u00f3ximos cambios en la formaci\u00f3n de bienestar.<\/li>\n<li>Se public\u00f3 un segundo mensaje para los formadores en la p\u00e1gina de <a href=\"https:\/\/www.nevadaregistry.org\/es\/news-updates\/atencion-formadores-los-cursos-de-bienestar-previamente-aprobados-ya-no-pueden-ser-duplicados\/\">NOTICIAS<\/a> de Nevada Registry con recordatorios\/m\u00e1s informaci\u00f3n sobre los pr\u00f3ximos cambios en la aprobaci\u00f3n de la formaci\u00f3n de bienestar.<\/li>\n<li>Se envi\u00f3 un correo electr\u00f3nico de recordatorio a las organizaciones de formaci\u00f3n en l\u00ednea que no hab\u00edan actualizado sus cursos de bienestar previamente aprobados para cumplir con los nuevos requisitos, solicit\u00e1ndoles que confirmen si actualizar\u00e1n sus cursos de bienestar para su aprobaci\u00f3n en Nevada.<\/li>\n<li>El personal de Nevada Registry proporcion\u00f3 una actualizaci\u00f3n del estado del proyecto al ECOP.<\/li>\n<li>Se public\u00f3 una lista de cursos en l\u00ednea disponibles para cumplir con el requisito de bienestar de la Licencia de Cuidado Infantil en la p\u00e1gina de <a href=\"https:\/\/www.nevadaregistry.org\/es\/news-updates\/nuevos-cursos-en-linea-de-bienestar-ahora-disponibles\/\">NOTICIAS<\/a> de Nevada Registry.<\/li>\n<li>Se actualiz\u00f3 el <a href=\"https:\/\/ww2.nevadaregistry.org\/calendar\/\">Calendario de Formaci\u00f3n<\/a> para incluir un filtro de b\u00fasqueda para los tres niveles de formaci\u00f3n en bienestar (b\u00e1sico, intermedio, avanzado).<\/li>\n<\/ul>\n<\/li>\n<li><strong>Febrero de 2025: <\/strong>\n<ul>\n<li class=\"Default\">Los nuevos criterios entraron en vigor el 1 de febrero de 2025.<\/li>\n<li>Todos los cursos de bienestar en l\u00ednea previamente aprobados que no se actualizaron para cumplir con los nuevos criterios fueron eliminados del <a href=\"https:\/\/ww2.nevadaregistry.org\/calendar\/\">Calendario de Formaci\u00f3n<\/a> de Nevada Registry.<\/li>\n<\/ul>\n<\/li>\n<\/ul>\n<p><strong>Pr\u00f3ximos pasos<\/strong><\/p>\n<p>Nevada Registry, en colaboraci\u00f3n con el ECOP, solicitar\u00e1 formadores aprobados y calificados para desarrollar sesiones de formaci\u00f3n en bienestar presenciales y virtuales alineadas con los nuevos criterios. Tambi\u00e9n se identificar\u00e1 una organizaci\u00f3n calificada para crear un m\u00f3dulo de Formaci\u00f3n de Formadores con el fin de aumentar el grupo de formadores elegibles para impartir formaci\u00f3n en bienestar. Ambos esfuerzos ayudar\u00e1n a incrementar las opciones de desarrollo profesional para la fuerza laboral de ECE en Nevada y garantizar el cumplimiento continuo de los requisitos de Licencia de Cuidado Infantil para la formaci\u00f3n inicial y anual en bienestar.  <\/p>\n<p>&nbsp;<\/p>\n","protected":false},"excerpt":{"rendered":"<p>Las nuevas directrices para la aprobaci\u00f3n de la formaci\u00f3n en bienestar entraron en vigor el 1 de febrero de 2025&#8230;.<\/p>\n","protected":false},"author":2,"featured_media":0,"parent":13354,"menu_order":0,"comment_status":"closed","ping_status":"closed","template":"","meta":{"_acf_changed":false,"footnotes":""},"class_list":["post-13109","page","type-page","status-publish","hentry"],"acf":[],"yoast_head":"<!-- This site is optimized with the Yoast SEO plugin v27.2 - https:\/\/yoast.com\/product\/yoast-seo-wordpress\/ -->\n<title>Cronograma de implementaci\u00f3n de la formaci\u00f3n en bienestar - The Nevada Registry<\/title>\n<meta name=\"description\" content=\"Las nuevas directrices para la aprobaci\u00f3n de la formaci\u00f3n en bienestar entraron en vigor el 1 de febrero de 2025. El cronograma de implementaci\u00f3n se\" \/>\n<meta name=\"robots\" content=\"index, follow, max-snippet:-1, max-image-preview:large, max-video-preview:-1\" \/>\n<link rel=\"canonical\" href=\"https:\/\/www.nevadaregistry.org\/es\/para-formadores\/recursos-para-formadores\/cronograma-de-implementacion-de-la-formacion-en-bienestar\/\" \/>\n<meta property=\"og:locale\" content=\"es_ES\" \/>\n<meta property=\"og:type\" content=\"article\" \/>\n<meta property=\"og:title\" content=\"Cronograma de implementaci\u00f3n de la formaci\u00f3n en bienestar - The Nevada Registry\" \/>\n<meta property=\"og:description\" content=\"Las nuevas directrices para la aprobaci\u00f3n de la formaci\u00f3n en bienestar entraron en vigor el 1 de febrero de 2025. El cronograma de implementaci\u00f3n se\" \/>\n<meta property=\"og:url\" content=\"https:\/\/www.nevadaregistry.org\/es\/para-formadores\/recursos-para-formadores\/cronograma-de-implementacion-de-la-formacion-en-bienestar\/\" \/>\n<meta property=\"og:site_name\" content=\"The Nevada Registry\" \/>\n<meta property=\"article:publisher\" content=\"https:\/\/www.facebook.com\/nevadaregistry\" \/>\n<meta property=\"article:modified_time\" content=\"2025-05-01T21:55:54+00:00\" \/>\n<meta property=\"og:image\" content=\"https:\/\/www.nevadaregistry.org\/wp-content\/uploads\/2020\/10\/NevadaRegistryOGImage.jpg\" \/>\n\t<meta property=\"og:image:width\" content=\"1200\" \/>\n\t<meta property=\"og:image:height\" content=\"630\" \/>\n\t<meta property=\"og:image:type\" content=\"image\/jpeg\" \/>\n<meta name=\"twitter:card\" content=\"summary_large_image\" \/>\n<meta name=\"twitter:label1\" content=\"Tiempo de lectura\" \/>\n\t<meta name=\"twitter:data1\" content=\"6 minutos\" \/>\n<script type=\"application\/ld+json\" class=\"yoast-schema-graph\">{\"@context\":\"https:\/\/schema.org\",\"@graph\":[{\"@type\":\"WebPage\",\"@id\":\"https:\/\/www.nevadaregistry.org\/es\/para-formadores\/recursos-para-formadores\/cronograma-de-implementacion-de-la-formacion-en-bienestar\/\",\"url\":\"https:\/\/www.nevadaregistry.org\/es\/para-formadores\/recursos-para-formadores\/cronograma-de-implementacion-de-la-formacion-en-bienestar\/\",\"name\":\"Cronograma de implementaci\u00f3n de la formaci\u00f3n en bienestar - The Nevada Registry\",\"isPartOf\":{\"@id\":\"https:\/\/www.nevadaregistry.org\/es\/#website\"},\"datePublished\":\"2025-01-31T01:26:16+00:00\",\"dateModified\":\"2025-05-01T21:55:54+00:00\",\"description\":\"Las nuevas directrices para la aprobaci\u00f3n de la formaci\u00f3n en bienestar entraron en vigor el 1 de febrero de 2025. El cronograma de implementaci\u00f3n se\",\"breadcrumb\":{\"@id\":\"https:\/\/www.nevadaregistry.org\/es\/para-formadores\/recursos-para-formadores\/cronograma-de-implementacion-de-la-formacion-en-bienestar\/#breadcrumb\"},\"inLanguage\":\"es\",\"potentialAction\":[{\"@type\":\"ReadAction\",\"target\":[\"https:\/\/www.nevadaregistry.org\/es\/para-formadores\/recursos-para-formadores\/cronograma-de-implementacion-de-la-formacion-en-bienestar\/\"]}]},{\"@type\":\"BreadcrumbList\",\"@id\":\"https:\/\/www.nevadaregistry.org\/es\/para-formadores\/recursos-para-formadores\/cronograma-de-implementacion-de-la-formacion-en-bienestar\/#breadcrumb\",\"itemListElement\":[{\"@type\":\"ListItem\",\"position\":1,\"name\":\"Home\",\"item\":\"https:\/\/www.nevadaregistry.org\/es\/pagina-principal\/\"},{\"@type\":\"ListItem\",\"position\":2,\"name\":\"Informaci\u00f3n de The Nevada Registry para formadores\",\"item\":\"https:\/\/www.nevadaregistry.org\/es\/para-formadores\/\"},{\"@type\":\"ListItem\",\"position\":3,\"name\":\"Recursos para formadores\",\"item\":\"https:\/\/www.nevadaregistry.org\/es\/para-formadores\/recursos-para-formadores\/\"},{\"@type\":\"ListItem\",\"position\":4,\"name\":\"Cronograma de implementaci\u00f3n de la formaci\u00f3n en bienestar\"}]},{\"@type\":\"WebSite\",\"@id\":\"https:\/\/www.nevadaregistry.org\/es\/#website\",\"url\":\"https:\/\/www.nevadaregistry.org\/es\/\",\"name\":\"The Nevada Registry\",\"description\":\"Workforce data system capturing information about the Early Childhood Education and Care (ECEC) workforce in Nevada.\",\"publisher\":{\"@id\":\"https:\/\/www.nevadaregistry.org\/es\/#organization\"},\"potentialAction\":[{\"@type\":\"SearchAction\",\"target\":{\"@type\":\"EntryPoint\",\"urlTemplate\":\"https:\/\/www.nevadaregistry.org\/es\/?s={search_term_string}\"},\"query-input\":{\"@type\":\"PropertyValueSpecification\",\"valueRequired\":true,\"valueName\":\"search_term_string\"}}],\"inLanguage\":\"es\"},{\"@type\":\"Organization\",\"@id\":\"https:\/\/www.nevadaregistry.org\/es\/#organization\",\"name\":\"El Nevada Registry\",\"url\":\"https:\/\/www.nevadaregistry.org\/es\/\",\"logo\":{\"@type\":\"ImageObject\",\"inLanguage\":\"es\",\"@id\":\"https:\/\/www.nevadaregistry.org\/es\/#\/schema\/logo\/image\/\",\"url\":\"https:\/\/www.nevadaregistry.org\/wp-content\/uploads\/2020\/10\/tnr-logo-purple-copy.jpg\",\"contentUrl\":\"https:\/\/www.nevadaregistry.org\/wp-content\/uploads\/2020\/10\/tnr-logo-purple-copy.jpg\",\"width\":\"900\",\"height\":\"562\",\"caption\":\"El Nevada Registry\"},\"image\":{\"@id\":\"https:\/\/www.nevadaregistry.org\/es\/#\/schema\/logo\/image\/\"},\"sameAs\":[\"https:\/\/www.facebook.com\/nevadaregistry\"]}]}<\/script>\n<!-- \/ Yoast SEO plugin. -->","yoast_head_json":{"title":"Cronograma de implementaci\u00f3n de la formaci\u00f3n en bienestar - The Nevada Registry","description":"Las nuevas directrices para la aprobaci\u00f3n de la formaci\u00f3n en bienestar entraron en vigor el 1 de febrero de 2025. El cronograma de implementaci\u00f3n se","robots":{"index":"index","follow":"follow","max-snippet":"max-snippet:-1","max-image-preview":"max-image-preview:large","max-video-preview":"max-video-preview:-1"},"canonical":"https:\/\/www.nevadaregistry.org\/es\/para-formadores\/recursos-para-formadores\/cronograma-de-implementacion-de-la-formacion-en-bienestar\/","og_locale":"es_ES","og_type":"article","og_title":"Cronograma de implementaci\u00f3n de la formaci\u00f3n en bienestar - The Nevada Registry","og_description":"Las nuevas directrices para la aprobaci\u00f3n de la formaci\u00f3n en bienestar entraron en vigor el 1 de febrero de 2025. El cronograma de implementaci\u00f3n se","og_url":"https:\/\/www.nevadaregistry.org\/es\/para-formadores\/recursos-para-formadores\/cronograma-de-implementacion-de-la-formacion-en-bienestar\/","og_site_name":"The Nevada Registry","article_publisher":"https:\/\/www.facebook.com\/nevadaregistry","article_modified_time":"2025-05-01T21:55:54+00:00","og_image":[{"width":1200,"height":630,"url":"https:\/\/www.nevadaregistry.org\/wp-content\/uploads\/2020\/10\/NevadaRegistryOGImage.jpg","type":"image\/jpeg"}],"twitter_card":"summary_large_image","twitter_misc":{"Tiempo de lectura":"6 minutos"},"schema":{"@context":"https:\/\/schema.org","@graph":[{"@type":"WebPage","@id":"https:\/\/www.nevadaregistry.org\/es\/para-formadores\/recursos-para-formadores\/cronograma-de-implementacion-de-la-formacion-en-bienestar\/","url":"https:\/\/www.nevadaregistry.org\/es\/para-formadores\/recursos-para-formadores\/cronograma-de-implementacion-de-la-formacion-en-bienestar\/","name":"Cronograma de implementaci\u00f3n de la formaci\u00f3n en bienestar - The Nevada Registry","isPartOf":{"@id":"https:\/\/www.nevadaregistry.org\/es\/#website"},"datePublished":"2025-01-31T01:26:16+00:00","dateModified":"2025-05-01T21:55:54+00:00","description":"Las nuevas directrices para la aprobaci\u00f3n de la formaci\u00f3n en bienestar entraron en vigor el 1 de febrero de 2025. El cronograma de implementaci\u00f3n se","breadcrumb":{"@id":"https:\/\/www.nevadaregistry.org\/es\/para-formadores\/recursos-para-formadores\/cronograma-de-implementacion-de-la-formacion-en-bienestar\/#breadcrumb"},"inLanguage":"es","potentialAction":[{"@type":"ReadAction","target":["https:\/\/www.nevadaregistry.org\/es\/para-formadores\/recursos-para-formadores\/cronograma-de-implementacion-de-la-formacion-en-bienestar\/"]}]},{"@type":"BreadcrumbList","@id":"https:\/\/www.nevadaregistry.org\/es\/para-formadores\/recursos-para-formadores\/cronograma-de-implementacion-de-la-formacion-en-bienestar\/#breadcrumb","itemListElement":[{"@type":"ListItem","position":1,"name":"Home","item":"https:\/\/www.nevadaregistry.org\/es\/pagina-principal\/"},{"@type":"ListItem","position":2,"name":"Informaci\u00f3n de The Nevada Registry para formadores","item":"https:\/\/www.nevadaregistry.org\/es\/para-formadores\/"},{"@type":"ListItem","position":3,"name":"Recursos para formadores","item":"https:\/\/www.nevadaregistry.org\/es\/para-formadores\/recursos-para-formadores\/"},{"@type":"ListItem","position":4,"name":"Cronograma de implementaci\u00f3n de la formaci\u00f3n en bienestar"}]},{"@type":"WebSite","@id":"https:\/\/www.nevadaregistry.org\/es\/#website","url":"https:\/\/www.nevadaregistry.org\/es\/","name":"The Nevada Registry","description":"Workforce data system capturing information about the Early Childhood Education and Care (ECEC) workforce in Nevada.","publisher":{"@id":"https:\/\/www.nevadaregistry.org\/es\/#organization"},"potentialAction":[{"@type":"SearchAction","target":{"@type":"EntryPoint","urlTemplate":"https:\/\/www.nevadaregistry.org\/es\/?s={search_term_string}"},"query-input":{"@type":"PropertyValueSpecification","valueRequired":true,"valueName":"search_term_string"}}],"inLanguage":"es"},{"@type":"Organization","@id":"https:\/\/www.nevadaregistry.org\/es\/#organization","name":"El Nevada Registry","url":"https:\/\/www.nevadaregistry.org\/es\/","logo":{"@type":"ImageObject","inLanguage":"es","@id":"https:\/\/www.nevadaregistry.org\/es\/#\/schema\/logo\/image\/","url":"https:\/\/www.nevadaregistry.org\/wp-content\/uploads\/2020\/10\/tnr-logo-purple-copy.jpg","contentUrl":"https:\/\/www.nevadaregistry.org\/wp-content\/uploads\/2020\/10\/tnr-logo-purple-copy.jpg","width":"900","height":"562","caption":"El Nevada Registry"},"image":{"@id":"https:\/\/www.nevadaregistry.org\/es\/#\/schema\/logo\/image\/"},"sameAs":["https:\/\/www.facebook.com\/nevadaregistry"]}]}},"_links":{"self":[{"href":"https:\/\/www.nevadaregistry.org\/es\/wp-json\/wp\/v2\/pages\/13109","targetHints":{"allow":["GET"]}}],"collection":[{"href":"https:\/\/www.nevadaregistry.org\/es\/wp-json\/wp\/v2\/pages"}],"about":[{"href":"https:\/\/www.nevadaregistry.org\/es\/wp-json\/wp\/v2\/types\/page"}],"author":[{"embeddable":true,"href":"https:\/\/www.nevadaregistry.org\/es\/wp-json\/wp\/v2\/users\/2"}],"replies":[{"embeddable":true,"href":"https:\/\/www.nevadaregistry.org\/es\/wp-json\/wp\/v2\/comments?post=13109"}],"version-history":[{"count":1,"href":"https:\/\/www.nevadaregistry.org\/es\/wp-json\/wp\/v2\/pages\/13109\/revisions"}],"predecessor-version":[{"id":13110,"href":"https:\/\/www.nevadaregistry.org\/es\/wp-json\/wp\/v2\/pages\/13109\/revisions\/13110"}],"up":[{"embeddable":true,"href":"https:\/\/www.nevadaregistry.org\/es\/wp-json\/wp\/v2\/pages\/13354"}],"wp:attachment":[{"href":"https:\/\/www.nevadaregistry.org\/es\/wp-json\/wp\/v2\/media?parent=13109"}],"curies":[{"name":"wp","href":"https:\/\/api.w.org\/{rel}","templated":true}]}}