{"id":13115,"date":"2024-09-18T09:36:49","date_gmt":"2024-09-18T16:36:49","guid":{"rendered":"https:\/\/www.nevadaregistry.org\/manual-de-politicas-definiciones-de-tipos-de-cuenta-y-estados-de-solicitud\/"},"modified":"2025-05-01T14:54:51","modified_gmt":"2025-05-01T21:54:51","slug":"manual-de-politicas-definiciones-de-tipos-de-cuenta-y-estados-de-solicitud","status":"publish","type":"page","link":"https:\/\/www.nevadaregistry.org\/es\/acerca\/politicas-del-programa\/manual-de-politicas-definiciones-de-tipos-de-cuenta-y-estados-de-solicitud\/","title":{"rendered":"Manual de pol\u00edticas: Definiciones de tipos de cuenta y estados de solicitud"},"content":{"rendered":"<h6><em>Revisado\/Actualizado octubre de 2024<\/em><\/h6>\n<p>A todos los miembros en la base de datos de Nevada Registry se les asigna un tipo de solicitud y un estado de solicitud. Los tipos de solicitud incluyen miembro regular, formador de ECE y formador tem\u00e1tico. Los estados de solicitud incluyen activo, pre-nivel, inactivo, solicitud, incompleto, revisi\u00f3n, renovaci\u00f3n, incumplimiento de presentaci\u00f3n, pago tard\u00edo recibido y reciclado.  <\/p>\n<h4>Tipos de cuenta<\/h4>\n<p>Al crear una cuenta, a cada registro se le asigna un tipo de cuenta:<\/p>\n<ol>\n<li>Regular: Individuo que trabaja o ha trabajado previamente en ECE y\/o tiene educaci\u00f3n formal en ECE, ha solicitado la colocaci\u00f3n en la Escala Profesional y no es formador.<\/li>\n<li>Formador de ECE: Individuo que trabaja o ha trabajado previamente en ECE y\/o tiene educaci\u00f3n formal en ECE, ha solicitado la colocaci\u00f3n en la Escala Profesional y ha sido aprobado como formador.<\/li>\n<li>Miembro formador tem\u00e1tico: Individuo que ha solicitado la colocaci\u00f3n en la Escala Profesional pero no tiene educaci\u00f3n formal en ECE para calificar como formador de ECE.<\/li>\n<\/ol>\n<h4>Definiciones de estado de solicitud<\/h4>\n<p>Los estados de solicitud se asignan a todas las cuentas. Es importante tener en cuenta que el estado de solicitud asociado a una cuenta cambiar\u00e1 a medida que la solicitud avance en la cola de procesamiento. <\/p>\n<ul>\n<li><em>Activo: <\/em>Estado utilizado para designar cuando se ha procesado la solicitud de membres\u00eda y\/o el formulario de renovaci\u00f3n de un miembro, se le ha colocado en la Escala Profesional y se ha emitido un Certificado de Logro. Los miembros permanecen en estado Activo durante un per\u00edodo de un a\u00f1o desde la fecha en que se proces\u00f3 su solicitud. Ocasionalmente, las fechas de vencimiento se ajustan para abordar problemas de flujo de trabajo.  <\/li>\n<li><em>Pre-nivel: <\/em>Estado utilizado para designar cuando un miembro est\u00e1 activo pero posee menos de 1,000 horas de servicio directo de primera infancia necesarias para ubicarse en los niveles de entrada o sin t\u00edtulo de la Escala Profesional (Niveles 1 \u2013 3). Se ha emitido un Certificado de Participaci\u00f3n y es v\u00e1lido por un a\u00f1o. <\/li>\n<li><em>Inactivo: <\/em>Estado utilizado para designar cuando la membres\u00eda de un miembro ha expirado. Todos los miembros deben renovar su membres\u00eda anualmente en conjunto con la fecha de vencimiento indicada en su certificado de membres\u00eda. El estado de solicitud de los miembros que no renuevan a tiempo, o antes de su fecha de vencimiento, se cambia a &#8216;Inactivo&#8217; el d\u00eda en que expira el certificado.  <\/li>\n<li><em>Solicitud: <\/em>Estado utilizado para designar cuando un individuo ha solicitado acceso a la solicitud de membres\u00eda en l\u00ednea pero a\u00fan no ha presentado una solicitud. El individuo tiene un total de diez d\u00edas calendario para iniciar y enviar una solicitud en l\u00ednea antes de que la solicitud o la solicitud parcial (si se inici\u00f3) sea eliminada del sistema. <\/li>\n<li><em>Incompleto: <\/em>Estado utilizado para designar cuando un individuo ha aplicado pero la solicitud est\u00e1 incompleta. El individuo tiene un n\u00famero designado de d\u00edas para completar su solicitud antes de que sea eliminada del sistema. La documentaci\u00f3n de respaldo previamente cargada se conserva electr\u00f3nicamente en la base de datos para respaldar la solicitud en caso de re-presentaci\u00f3n, si corresponde.  <\/li>\n<li><em>Revisi\u00f3n y renovaci\u00f3n: <\/em>Estado interno utilizado para indicar cuando se ha recibido una solicitud completa o una renovaci\u00f3n. El miembro cumple con las regulaciones de licencias de cuidado infantil con respecto a la participaci\u00f3n obligatoria (si corresponde), pero la solicitud a\u00fan no ha sido procesada. <\/li>\n<li><em>Incumplimiento de presentaci\u00f3n: <\/em>Estado utilizado para designar cuando un individuo solicit\u00f3 una aplicaci\u00f3n pero no present\u00f3 una solicitud dentro de los diez d\u00edas calendario. El individuo debe reiniciar el proceso de solicitud. La documentaci\u00f3n de respaldo previamente cargada se conserva electr\u00f3nicamente en la base de datos para respaldar la solicitud en caso de re-presentaci\u00f3n, si corresponde.  <\/li>\n<li><em>Pago tard\u00edo recibido: <\/em>Estado utilizado para designar cuando un miembro ha expirado pero ha presentado la tarifa de reincorporaci\u00f3n requerida de $25. El miembro ahora puede proceder con el proceso de renovaci\u00f3n. <\/li>\n<li><em>Reciclado<\/em>: Estado utilizado para designar cuando un individuo present\u00f3 un formulario de solicitud de membres\u00eda incompleto pero no present\u00f3 la documentaci\u00f3n de respaldo requerida antes de la fecha l\u00edmite especificada. La solicitud ha sido eliminada del sistema y el individuo debe reiniciar el proceso de solicitud. La documentaci\u00f3n de respaldo previamente cargada se conserva electr\u00f3nicamente en la base de datos para respaldar la solicitud en caso de re-presentaci\u00f3n, si corresponde.  <\/li>\n<\/ul>\n<h4>Participaci\u00f3n obligatoria<\/h4>\n<p>Para los prop\u00f3sitos de participaci\u00f3n obligatoria, las cuentas en cualquiera de los siguientes estados se consideran miembros \u00abActivos\u00bb de Nevada Registry y EN cumplimiento con las licencias de cuidado infantil.<\/p>\n<ul>\n<li>Activo<\/li>\n<li>Pre-nivel<\/li>\n<li>Revisi\u00f3n<\/li>\n<li>Renovaci\u00f3n<\/li>\n<\/ul>\n<p>Los siguientes estados se consideran \u00abInactivos\u00bb y NO cumplen con la Licencia de Cuidado Infantil:<\/p>\n<ul>\n<li>Inactivo<\/li>\n<li>Solicitud<\/li>\n<li>Incompleto<\/li>\n<li>Falta de presentaci\u00f3n<\/li>\n<li>Pago tard\u00edo recibido<\/li>\n<li>Reciclado<\/li>\n<\/ul>\n","protected":false},"excerpt":{"rendered":"<p>Revisado\/Actualizado octubre de 2024 A todos los miembros en la base de datos de Nevada Registry se les asigna un&#8230;<\/p>\n","protected":false},"author":2,"featured_media":0,"parent":13312,"menu_order":0,"comment_status":"closed","ping_status":"closed","template":"","meta":{"_acf_changed":false,"footnotes":""},"class_list":["post-13115","page","type-page","status-publish","hentry"],"acf":[],"yoast_head":"<!-- This site is optimized with the Yoast SEO plugin v27.4 - https:\/\/yoast.com\/product\/yoast-seo-wordpress\/ -->\n<title>Manual de pol\u00edticas: Definiciones de tipos de cuenta y estados de solicitud - The Nevada Registry<\/title>\n<meta name=\"description\" content=\"Revisado\/Actualizado octubre de 2024 A todos los miembros en la base de datos de Nevada Registry se les asigna un tipo de solicitud y un estado de\" \/>\n<meta name=\"robots\" content=\"index, follow, max-snippet:-1, max-image-preview:large, max-video-preview:-1\" \/>\n<link rel=\"canonical\" href=\"https:\/\/www.nevadaregistry.org\/es\/acerca\/politicas-del-programa\/manual-de-politicas-definiciones-de-tipos-de-cuenta-y-estados-de-solicitud\/\" \/>\n<meta property=\"og:locale\" content=\"es_ES\" \/>\n<meta property=\"og:type\" content=\"article\" \/>\n<meta property=\"og:title\" content=\"Manual de pol\u00edticas: Definiciones de tipos de cuenta y estados de solicitud - The Nevada Registry\" \/>\n<meta property=\"og:description\" content=\"Revisado\/Actualizado octubre de 2024 A todos los miembros en la base de datos de Nevada Registry se les asigna un tipo de solicitud y un estado de\" \/>\n<meta property=\"og:url\" content=\"https:\/\/www.nevadaregistry.org\/es\/acerca\/politicas-del-programa\/manual-de-politicas-definiciones-de-tipos-de-cuenta-y-estados-de-solicitud\/\" \/>\n<meta property=\"og:site_name\" content=\"The Nevada Registry\" \/>\n<meta property=\"article:publisher\" content=\"https:\/\/www.facebook.com\/nevadaregistry\" \/>\n<meta property=\"article:modified_time\" content=\"2025-05-01T21:54:51+00:00\" \/>\n<meta property=\"og:image\" content=\"https:\/\/www.nevadaregistry.org\/wp-content\/uploads\/2020\/10\/NevadaRegistryOGImage.jpg\" \/>\n\t<meta property=\"og:image:width\" content=\"1200\" \/>\n\t<meta property=\"og:image:height\" content=\"630\" \/>\n\t<meta property=\"og:image:type\" content=\"image\/jpeg\" \/>\n<meta name=\"twitter:card\" content=\"summary_large_image\" \/>\n<meta name=\"twitter:label1\" content=\"Tiempo de lectura\" \/>\n\t<meta name=\"twitter:data1\" content=\"4 minutos\" \/>\n<script type=\"application\/ld+json\" class=\"yoast-schema-graph\">{\"@context\":\"https:\\\/\\\/schema.org\",\"@graph\":[{\"@type\":\"WebPage\",\"@id\":\"https:\\\/\\\/www.nevadaregistry.org\\\/es\\\/acerca\\\/politicas-del-programa\\\/manual-de-politicas-definiciones-de-tipos-de-cuenta-y-estados-de-solicitud\\\/\",\"url\":\"https:\\\/\\\/www.nevadaregistry.org\\\/es\\\/acerca\\\/politicas-del-programa\\\/manual-de-politicas-definiciones-de-tipos-de-cuenta-y-estados-de-solicitud\\\/\",\"name\":\"Manual de pol\u00edticas: Definiciones de tipos de cuenta y estados de solicitud - The Nevada Registry\",\"isPartOf\":{\"@id\":\"https:\\\/\\\/www.nevadaregistry.org\\\/es\\\/#website\"},\"datePublished\":\"2024-09-18T16:36:49+00:00\",\"dateModified\":\"2025-05-01T21:54:51+00:00\",\"description\":\"Revisado\\\/Actualizado octubre de 2024 A todos los miembros en la base de datos de Nevada Registry se les asigna un tipo de solicitud y un estado de\",\"breadcrumb\":{\"@id\":\"https:\\\/\\\/www.nevadaregistry.org\\\/es\\\/acerca\\\/politicas-del-programa\\\/manual-de-politicas-definiciones-de-tipos-de-cuenta-y-estados-de-solicitud\\\/#breadcrumb\"},\"inLanguage\":\"es\",\"potentialAction\":[{\"@type\":\"ReadAction\",\"target\":[\"https:\\\/\\\/www.nevadaregistry.org\\\/es\\\/acerca\\\/politicas-del-programa\\\/manual-de-politicas-definiciones-de-tipos-de-cuenta-y-estados-de-solicitud\\\/\"]}]},{\"@type\":\"BreadcrumbList\",\"@id\":\"https:\\\/\\\/www.nevadaregistry.org\\\/es\\\/acerca\\\/politicas-del-programa\\\/manual-de-politicas-definiciones-de-tipos-de-cuenta-y-estados-de-solicitud\\\/#breadcrumb\",\"itemListElement\":[{\"@type\":\"ListItem\",\"position\":1,\"name\":\"Home\",\"item\":\"https:\\\/\\\/www.nevadaregistry.org\\\/es\\\/pagina-principal\\\/\"},{\"@type\":\"ListItem\",\"position\":2,\"name\":\"P\u00e1gina Acerca de The Nevada Registry\",\"item\":\"https:\\\/\\\/www.nevadaregistry.org\\\/es\\\/acerca\\\/\"},{\"@type\":\"ListItem\",\"position\":3,\"name\":\"Pol\u00edticas del programa\",\"item\":\"https:\\\/\\\/www.nevadaregistry.org\\\/es\\\/acerca\\\/politicas-del-programa\\\/\"},{\"@type\":\"ListItem\",\"position\":4,\"name\":\"Manual de pol\u00edticas: Definiciones de tipos de cuenta y estados de solicitud\"}]},{\"@type\":\"WebSite\",\"@id\":\"https:\\\/\\\/www.nevadaregistry.org\\\/es\\\/#website\",\"url\":\"https:\\\/\\\/www.nevadaregistry.org\\\/es\\\/\",\"name\":\"The Nevada Registry\",\"description\":\"Workforce data system capturing information about the Early Childhood Education and Care (ECEC) workforce in Nevada.\",\"publisher\":{\"@id\":\"https:\\\/\\\/www.nevadaregistry.org\\\/es\\\/#organization\"},\"potentialAction\":[{\"@type\":\"SearchAction\",\"target\":{\"@type\":\"EntryPoint\",\"urlTemplate\":\"https:\\\/\\\/www.nevadaregistry.org\\\/es\\\/?s={search_term_string}\"},\"query-input\":{\"@type\":\"PropertyValueSpecification\",\"valueRequired\":true,\"valueName\":\"search_term_string\"}}],\"inLanguage\":\"es\"},{\"@type\":\"Organization\",\"@id\":\"https:\\\/\\\/www.nevadaregistry.org\\\/es\\\/#organization\",\"name\":\"El Nevada Registry\",\"url\":\"https:\\\/\\\/www.nevadaregistry.org\\\/es\\\/\",\"logo\":{\"@type\":\"ImageObject\",\"inLanguage\":\"es\",\"@id\":\"https:\\\/\\\/www.nevadaregistry.org\\\/es\\\/#\\\/schema\\\/logo\\\/image\\\/\",\"url\":\"https:\\\/\\\/www.nevadaregistry.org\\\/wp-content\\\/uploads\\\/2020\\\/10\\\/tnr-logo-purple-copy.jpg\",\"contentUrl\":\"https:\\\/\\\/www.nevadaregistry.org\\\/wp-content\\\/uploads\\\/2020\\\/10\\\/tnr-logo-purple-copy.jpg\",\"width\":\"900\",\"height\":\"562\",\"caption\":\"El Nevada Registry\"},\"image\":{\"@id\":\"https:\\\/\\\/www.nevadaregistry.org\\\/es\\\/#\\\/schema\\\/logo\\\/image\\\/\"},\"sameAs\":[\"https:\\\/\\\/www.facebook.com\\\/nevadaregistry\"]}]}<\/script>\n<!-- \/ Yoast SEO plugin. -->","yoast_head_json":{"title":"Manual de pol\u00edticas: Definiciones de tipos de cuenta y estados de solicitud - The Nevada Registry","description":"Revisado\/Actualizado octubre de 2024 A todos los miembros en la base de datos de Nevada Registry se les asigna un tipo de solicitud y un estado de","robots":{"index":"index","follow":"follow","max-snippet":"max-snippet:-1","max-image-preview":"max-image-preview:large","max-video-preview":"max-video-preview:-1"},"canonical":"https:\/\/www.nevadaregistry.org\/es\/acerca\/politicas-del-programa\/manual-de-politicas-definiciones-de-tipos-de-cuenta-y-estados-de-solicitud\/","og_locale":"es_ES","og_type":"article","og_title":"Manual de pol\u00edticas: Definiciones de tipos de cuenta y estados de solicitud - The Nevada Registry","og_description":"Revisado\/Actualizado octubre de 2024 A todos los miembros en la base de datos de Nevada Registry se les asigna un tipo de solicitud y un estado de","og_url":"https:\/\/www.nevadaregistry.org\/es\/acerca\/politicas-del-programa\/manual-de-politicas-definiciones-de-tipos-de-cuenta-y-estados-de-solicitud\/","og_site_name":"The Nevada Registry","article_publisher":"https:\/\/www.facebook.com\/nevadaregistry","article_modified_time":"2025-05-01T21:54:51+00:00","og_image":[{"width":1200,"height":630,"url":"https:\/\/www.nevadaregistry.org\/wp-content\/uploads\/2020\/10\/NevadaRegistryOGImage.jpg","type":"image\/jpeg"}],"twitter_card":"summary_large_image","twitter_misc":{"Tiempo de lectura":"4 minutos"},"schema":{"@context":"https:\/\/schema.org","@graph":[{"@type":"WebPage","@id":"https:\/\/www.nevadaregistry.org\/es\/acerca\/politicas-del-programa\/manual-de-politicas-definiciones-de-tipos-de-cuenta-y-estados-de-solicitud\/","url":"https:\/\/www.nevadaregistry.org\/es\/acerca\/politicas-del-programa\/manual-de-politicas-definiciones-de-tipos-de-cuenta-y-estados-de-solicitud\/","name":"Manual de pol\u00edticas: Definiciones de tipos de cuenta y estados de solicitud - The Nevada Registry","isPartOf":{"@id":"https:\/\/www.nevadaregistry.org\/es\/#website"},"datePublished":"2024-09-18T16:36:49+00:00","dateModified":"2025-05-01T21:54:51+00:00","description":"Revisado\/Actualizado octubre de 2024 A todos los miembros en la base de datos de Nevada Registry se les asigna un tipo de solicitud y un estado de","breadcrumb":{"@id":"https:\/\/www.nevadaregistry.org\/es\/acerca\/politicas-del-programa\/manual-de-politicas-definiciones-de-tipos-de-cuenta-y-estados-de-solicitud\/#breadcrumb"},"inLanguage":"es","potentialAction":[{"@type":"ReadAction","target":["https:\/\/www.nevadaregistry.org\/es\/acerca\/politicas-del-programa\/manual-de-politicas-definiciones-de-tipos-de-cuenta-y-estados-de-solicitud\/"]}]},{"@type":"BreadcrumbList","@id":"https:\/\/www.nevadaregistry.org\/es\/acerca\/politicas-del-programa\/manual-de-politicas-definiciones-de-tipos-de-cuenta-y-estados-de-solicitud\/#breadcrumb","itemListElement":[{"@type":"ListItem","position":1,"name":"Home","item":"https:\/\/www.nevadaregistry.org\/es\/pagina-principal\/"},{"@type":"ListItem","position":2,"name":"P\u00e1gina Acerca de The Nevada Registry","item":"https:\/\/www.nevadaregistry.org\/es\/acerca\/"},{"@type":"ListItem","position":3,"name":"Pol\u00edticas del programa","item":"https:\/\/www.nevadaregistry.org\/es\/acerca\/politicas-del-programa\/"},{"@type":"ListItem","position":4,"name":"Manual de pol\u00edticas: Definiciones de tipos de cuenta y estados de solicitud"}]},{"@type":"WebSite","@id":"https:\/\/www.nevadaregistry.org\/es\/#website","url":"https:\/\/www.nevadaregistry.org\/es\/","name":"The Nevada Registry","description":"Workforce data system capturing information about the Early Childhood Education and Care (ECEC) workforce in Nevada.","publisher":{"@id":"https:\/\/www.nevadaregistry.org\/es\/#organization"},"potentialAction":[{"@type":"SearchAction","target":{"@type":"EntryPoint","urlTemplate":"https:\/\/www.nevadaregistry.org\/es\/?s={search_term_string}"},"query-input":{"@type":"PropertyValueSpecification","valueRequired":true,"valueName":"search_term_string"}}],"inLanguage":"es"},{"@type":"Organization","@id":"https:\/\/www.nevadaregistry.org\/es\/#organization","name":"El Nevada Registry","url":"https:\/\/www.nevadaregistry.org\/es\/","logo":{"@type":"ImageObject","inLanguage":"es","@id":"https:\/\/www.nevadaregistry.org\/es\/#\/schema\/logo\/image\/","url":"https:\/\/www.nevadaregistry.org\/wp-content\/uploads\/2020\/10\/tnr-logo-purple-copy.jpg","contentUrl":"https:\/\/www.nevadaregistry.org\/wp-content\/uploads\/2020\/10\/tnr-logo-purple-copy.jpg","width":"900","height":"562","caption":"El Nevada Registry"},"image":{"@id":"https:\/\/www.nevadaregistry.org\/es\/#\/schema\/logo\/image\/"},"sameAs":["https:\/\/www.facebook.com\/nevadaregistry"]}]}},"_links":{"self":[{"href":"https:\/\/www.nevadaregistry.org\/es\/wp-json\/wp\/v2\/pages\/13115","targetHints":{"allow":["GET"]}}],"collection":[{"href":"https:\/\/www.nevadaregistry.org\/es\/wp-json\/wp\/v2\/pages"}],"about":[{"href":"https:\/\/www.nevadaregistry.org\/es\/wp-json\/wp\/v2\/types\/page"}],"author":[{"embeddable":true,"href":"https:\/\/www.nevadaregistry.org\/es\/wp-json\/wp\/v2\/users\/2"}],"replies":[{"embeddable":true,"href":"https:\/\/www.nevadaregistry.org\/es\/wp-json\/wp\/v2\/comments?post=13115"}],"version-history":[{"count":1,"href":"https:\/\/www.nevadaregistry.org\/es\/wp-json\/wp\/v2\/pages\/13115\/revisions"}],"predecessor-version":[{"id":13116,"href":"https:\/\/www.nevadaregistry.org\/es\/wp-json\/wp\/v2\/pages\/13115\/revisions\/13116"}],"up":[{"embeddable":true,"href":"https:\/\/www.nevadaregistry.org\/es\/wp-json\/wp\/v2\/pages\/13312"}],"wp:attachment":[{"href":"https:\/\/www.nevadaregistry.org\/es\/wp-json\/wp\/v2\/media?parent=13115"}],"curies":[{"name":"wp","href":"https:\/\/api.w.org\/{rel}","templated":true}]}}