{"id":13119,"date":"2024-09-18T10:30:08","date_gmt":"2024-09-18T17:30:08","guid":{"rendered":"https:\/\/www.nevadaregistry.org\/manual-de-politicas-proceso-de-solicitud-incompleta\/"},"modified":"2025-05-01T14:54:51","modified_gmt":"2025-05-01T21:54:51","slug":"manual-de-politicas-proceso-de-solicitud-incompleta","status":"publish","type":"page","link":"https:\/\/www.nevadaregistry.org\/es\/acerca\/politicas-del-programa\/manual-de-politicas-proceso-de-solicitud-incompleta\/","title":{"rendered":"Manual de pol\u00edticas: Proceso de solicitud incompleta"},"content":{"rendered":"<h6><em>Revisado\/Actualizado octubre de 2024<\/em><\/h6>\n<p>Las solicitudes deben estar completas al momento de su presentaci\u00f3n para ser procesadas. El personal realiza una revisi\u00f3n inicial al recibirlas y determina si la solicitud est\u00e1 completa. <\/p>\n<h4>Informaci\u00f3n m\u00ednima requerida para la inscripci\u00f3n inicial<\/h4>\n<p>Las secciones de Informaci\u00f3n Personal y Laboral de la solicitud en l\u00ednea son obligatorias. Sin embargo, hay varias preguntas dentro de cada secci\u00f3n requerida que no son obligatorias si la informaci\u00f3n no es aplicable (por ejemplo, &#8216;Apellido anterior&#8217;, &#8216;Empleador actual&#8217; (si est\u00e1 desempleado o es estudiante a tiempo completo) y &#8216;Experiencia laboral previa en ECE&#8217;). Adem\u00e1s, aunque se requiere que los miembros completen la secci\u00f3n de Datos Demogr\u00e1ficos de la Fuerza Laboral, tienen la opci\u00f3n de omitir cualquiera de las preguntas que prefieran no responder. La secci\u00f3n se considera completa si se realiza una selecci\u00f3n, incluso si esa selecci\u00f3n es omitir la pregunta.    <strong>Todas las Solicitudes de Membres\u00eda deben incluir la aceptaci\u00f3n digital del Acuerdo de Miembro por parte del solicitante. <\/strong><\/p>\n<p>La siguiente informaci\u00f3n se solicita en las secciones de Informaci\u00f3n Personal y Laboral de la solicitud en l\u00ednea. Todos los campos, excepto dos (Nombre anterior y Experiencia previa en ECE), son obligatorios y deben proporcionarse para que una Solicitud de Membres\u00eda se considere completa. <\/p>\n<ul>\n<li>Nombre<\/li>\n<li>Apellido<\/li>\n<li>Nombre anterior (opcional)<\/li>\n<li>Fecha de nacimiento<\/li>\n<li>Direcci\u00f3n postal, Ciudad, Estado y C\u00f3digo postal<\/li>\n<li>N\u00famero de tel\u00e9fono de contacto<\/li>\n<li>Lugar de empleo actual<\/li>\n<li>Tipo de puesto (directo o indirecto)<\/li>\n<li>T\u00edtulo del puesto<\/li>\n<li>Fecha de inicio<\/li>\n<li>Horas trabajadas por semana<\/li>\n<li>Meses por a\u00f1o<\/li>\n<li>Ingreso por hora<\/li>\n<li>\u00daltimo aumento salarial<\/li>\n<li>Grupo de edad<\/li>\n<li>Experiencia previa en ECE (opcional)<\/li>\n<li>Aceptaci\u00f3n digital del Acuerdo de Miembro<\/li>\n<\/ul>\n<p>La documentaci\u00f3n requerida para completar el proceso de solicitud se divide en dos tipos: M\u00ednima y Complementaria. Presentar la documentaci\u00f3n m\u00ednima ubica a un individuo en la Escala Profesional en el Nivel Previo o Nivel 1.1. Proporcionar documentaci\u00f3n complementaria adicional podr\u00eda resultar en un Nivel de Escala Profesional de 1.2 o superior y puede ayudar a crear un reflejo m\u00e1s preciso del historial educativo y profesional de un individuo.  <\/p>\n<h4>Documentaci\u00f3n m\u00ednima para la ubicaci\u00f3n en la Escala Profesional en el Nivel Previo o Nivel 1.1<\/h4>\n<p>Adem\u00e1s de los campos de solicitud requeridos, los solicitantes deben cargar, dentro de su portal, documentaci\u00f3n para respaldar su Solicitud de Membres\u00eda. Si un individuo trabaja en un programa de cuidado infantil con licencia, la documentaci\u00f3n m\u00ednima requerida para ubicarse en la Escala Profesional es la formaci\u00f3n inicial requerida por la Licencia de Cuidado Infantil. Como m\u00ednimo, una solicitud debe incluir certificados de finalizaci\u00f3n para los siguientes temas*:  <\/p>\n<ul>\n<li>RCP y Primeros Auxilios para Beb\u00e9s\/Ni\u00f1os\/Pedi\u00e1tricos (La tarjeta\/certificados deben ser emitidos por una de las siguientes agencias autorizadas: American Heart Association, American Red Cross, Medic First Aid, International, EMS Safety Services, American Safety and Health Institute o HSI. La certificaci\u00f3n debe ser v\u00e1lida\/vigente en el momento de la solicitud.)<\/li>\n<li>Signos y s\u00edntomas de enfermedades\/enfermedades transmisibles con pat\u00f3genos transmitidos por sangre<\/li>\n<li>Reconocimiento y denuncia de abuso y negligencia infantil (debe incluir contenido espec\u00edfico de Nevada)<\/li>\n<li>S\u00edndrome de muerte s\u00fabita del lactante (si trabaja con beb\u00e9s) **<\/li>\n<li>Desarrollo infantil (Se requieren tres horas.)<\/li>\n<li>Bienestar de por vida (Obesidad\/Nutrici\u00f3n\/Actividad f\u00edsica) (Se requieren dos horas.)<\/li>\n<li>Certificados de capacitaci\u00f3n en salud y seguridad de CCDBG (Prevenci\u00f3n del s\u00edndrome del beb\u00e9 sacudido y trauma craneal abusivo [si trabaja con beb\u00e9s] **, Seguridad de edificios y locales, Planificaci\u00f3n de preparaci\u00f3n y respuesta ante emergencias, Administraci\u00f3n de medicamentos\/Alergias alimentarias y Seguridad en el transporte y excursiones [si es conductor designado] **)<\/li>\n<\/ul>\n<p><em>*La documentaci\u00f3n m\u00ednima requerida para completar la Solicitud de Membres\u00eda para individuos que trabajan en programas exentos de la Licencia de Cuidado Infantil (por ejemplo, Programa del Distrito Escolar o Escuela Aut\u00f3noma, Cuidado Infantil Tribal, Programa para Edad Escolar, etc.), es diferente de lo que se requiere para los educadores que trabajan en programas de cuidado infantil con licencia. <\/em><\/p>\n<p><em>**Si un solicitante no indica su lugar de empleo al momento de la solicitud, se le requiere presentar certificados para estos temas, independientemente de si trabaja con beb\u00e9s y\/o proporciona transporte. <\/em><\/p>\n<h4>Documentaci\u00f3n complementaria para la ubicaci\u00f3n en la Escala Profesional en el Nivel 1.2 o superior<\/h4>\n<p>Se puede presentar documentaci\u00f3n complementaria adem\u00e1s de los requisitos m\u00ednimos descritos anteriormente*:<\/p>\n<ul>\n<li>Diploma de escuela secundaria\/GED<\/li>\n<li>Asociado en Desarrollo Infantil (CDA) (Debe ser un certificado oficial; no se aceptan certificados temporales)<\/li>\n<li>Expedientes acad\u00e9micos universitarios que demuestren la finalizaci\u00f3n de ocho o m\u00e1s cr\u00e9ditos universitarios en Educaci\u00f3n Infantil, la obtenci\u00f3n de un t\u00edtulo en Educaci\u00f3n Infantil, o la obtenci\u00f3n de un t\u00edtulo en otro campo de estudio, con 30 o m\u00e1s cr\u00e9ditos en Educaci\u00f3n Infantil y\/o una licencia estatal de ense\u00f1anza que incluya una especializaci\u00f3n en Educaci\u00f3n Infantil.<\/li>\n<li>Diploma Montessori<\/li>\n<li>Certificado de Aprendizaje<\/li>\n<li>Certificados de formaci\u00f3n adicional (m\u00e1s all\u00e1 de los requisitos m\u00ednimos de documentaci\u00f3n)<\/li>\n<\/ul>\n<p><em>*Las personas que posean un CDA (con 2.000 horas de experiencia directa) y\/o educaci\u00f3n formal en Educaci\u00f3n Infantil no est\u00e1n obligadas a presentar documentaci\u00f3n que verifique la finalizaci\u00f3n de los requisitos de formaci\u00f3n inicial de la Licencia de Cuidado Infantil para ubicarse en la Escala Profesional, incluso si trabajan en un centro de cuidado infantil con licencia. Sin embargo, se les anima a presentar certificados de toda la formaci\u00f3n inicial completada (si procede) para que su expediente sea m\u00e1s completo.  <\/em><\/p>\n<h4>Informaci\u00f3n m\u00ednima requerida para la renovaci\u00f3n<\/h4>\n<p>Las secciones de Informaci\u00f3n Personal y de Empleo del formulario de renovaci\u00f3n en l\u00ednea son obligatorias. El miembro debe confirmar si la informaci\u00f3n registrada sigue siendo v\u00e1lida o proporcionar una actualizaci\u00f3n si la informaci\u00f3n ha cambiado desde su \u00faltima actualizaci\u00f3n. Adem\u00e1s, aunque los miembros est\u00e1n obligados a completar la secci\u00f3n de Demograf\u00eda de la Fuerza Laboral, tienen la opci\u00f3n de omitir cualquiera de las preguntas. La secci\u00f3n se considera completa si se realiza una selecci\u00f3n, incluso si esa selecci\u00f3n es omitir la pregunta. Se anima a los miembros a presentar cualquier certificado de finalizaci\u00f3n de formaci\u00f3n reci\u00e9n adquirido, expedientes acad\u00e9micos universitarios que demuestren la finalizaci\u00f3n de cursos adicionales de Educaci\u00f3n Infantil o la obtenci\u00f3n de un t\u00edtulo, junto con su renovaci\u00f3n, pero no se requiere documentaci\u00f3n de respaldo.     <strong>Todos los Formularios de Renovaci\u00f3n deben incluir la aceptaci\u00f3n digital del Acuerdo de Miembro por parte del miembro. <\/strong><\/p>\n<h4>Proceso para solicitar informaci\u00f3n adicional para solicitudes incompletas<\/h4>\n<p>Si no se proporciona alguno de los documentos de respaldo necesarios, la solicitud se considera incompleta. Se env\u00eda un correo electr\u00f3nico al solicitante indicando la informaci\u00f3n faltante con una petici\u00f3n de que presente los elementos faltantes dentro de un n\u00famero espec\u00edfico de d\u00edas (basado en su fecha de inicio de empleo). El solicitante permanecer\u00e1 en estado &#8216;Incompleto&#8217; hasta que presente la documentaci\u00f3n faltante. El solicitante recibe dos recordatorios por correo electr\u00f3nico para completar su solicitud antes de su plazo de solicitud \u00fanico. Si los elementos solicitados no se reciben antes del plazo del individuo, el solicitante recibe un aviso final de que su solicitud ha sido eliminada de forma segura del sistema y que necesitar\u00e1 reiniciar el proceso de solicitud. La documentaci\u00f3n de respaldo previamente cargada se conserva electr\u00f3nicamente en la base de datos para respaldar la solicitud en caso de una nueva presentaci\u00f3n, si procede.     <\/p>\n<p>&nbsp;<\/p>\n","protected":false},"excerpt":{"rendered":"<p>Revisado\/Actualizado octubre de 2024 Las solicitudes deben estar completas al momento de su presentaci\u00f3n para ser procesadas. El personal realiza&#8230;<\/p>\n","protected":false},"author":2,"featured_media":0,"parent":13312,"menu_order":0,"comment_status":"closed","ping_status":"closed","template":"","meta":{"_acf_changed":false,"footnotes":""},"class_list":["post-13119","page","type-page","status-publish","hentry"],"acf":[],"yoast_head":"<!-- This site is optimized with the Yoast SEO plugin v27.4 - https:\/\/yoast.com\/product\/yoast-seo-wordpress\/ -->\n<title>Manual de pol\u00edticas: Proceso de solicitud incompleta - The Nevada Registry<\/title>\n<meta name=\"description\" content=\"Revisado\/Actualizado octubre de 2024 Las solicitudes deben estar completas al momento de su presentaci\u00f3n para ser procesadas. El personal realiza una\" \/>\n<meta name=\"robots\" content=\"index, follow, max-snippet:-1, max-image-preview:large, max-video-preview:-1\" \/>\n<link rel=\"canonical\" href=\"https:\/\/www.nevadaregistry.org\/es\/acerca\/politicas-del-programa\/manual-de-politicas-proceso-de-solicitud-incompleta\/\" \/>\n<meta property=\"og:locale\" content=\"es_ES\" \/>\n<meta property=\"og:type\" content=\"article\" \/>\n<meta property=\"og:title\" content=\"Manual de pol\u00edticas: Proceso de solicitud incompleta - The Nevada Registry\" \/>\n<meta property=\"og:description\" content=\"Revisado\/Actualizado octubre de 2024 Las solicitudes deben estar completas al momento de su presentaci\u00f3n para ser procesadas. El personal realiza una\" \/>\n<meta property=\"og:url\" content=\"https:\/\/www.nevadaregistry.org\/es\/acerca\/politicas-del-programa\/manual-de-politicas-proceso-de-solicitud-incompleta\/\" \/>\n<meta property=\"og:site_name\" content=\"The Nevada Registry\" \/>\n<meta property=\"article:publisher\" content=\"https:\/\/www.facebook.com\/nevadaregistry\" \/>\n<meta property=\"article:modified_time\" content=\"2025-05-01T21:54:51+00:00\" \/>\n<meta property=\"og:image\" content=\"https:\/\/www.nevadaregistry.org\/wp-content\/uploads\/2020\/10\/NevadaRegistryOGImage.jpg\" \/>\n\t<meta property=\"og:image:width\" content=\"1200\" \/>\n\t<meta property=\"og:image:height\" content=\"630\" \/>\n\t<meta property=\"og:image:type\" content=\"image\/jpeg\" \/>\n<meta name=\"twitter:card\" content=\"summary_large_image\" \/>\n<meta name=\"twitter:label1\" content=\"Tiempo de lectura\" \/>\n\t<meta name=\"twitter:data1\" content=\"7 minutos\" \/>\n<script type=\"application\/ld+json\" class=\"yoast-schema-graph\">{\"@context\":\"https:\\\/\\\/schema.org\",\"@graph\":[{\"@type\":\"WebPage\",\"@id\":\"https:\\\/\\\/www.nevadaregistry.org\\\/es\\\/acerca\\\/politicas-del-programa\\\/manual-de-politicas-proceso-de-solicitud-incompleta\\\/\",\"url\":\"https:\\\/\\\/www.nevadaregistry.org\\\/es\\\/acerca\\\/politicas-del-programa\\\/manual-de-politicas-proceso-de-solicitud-incompleta\\\/\",\"name\":\"Manual de pol\u00edticas: Proceso de solicitud incompleta - The Nevada Registry\",\"isPartOf\":{\"@id\":\"https:\\\/\\\/www.nevadaregistry.org\\\/es\\\/#website\"},\"datePublished\":\"2024-09-18T17:30:08+00:00\",\"dateModified\":\"2025-05-01T21:54:51+00:00\",\"description\":\"Revisado\\\/Actualizado octubre de 2024 Las solicitudes deben estar completas al momento de su presentaci\u00f3n para ser procesadas. El personal realiza una\",\"breadcrumb\":{\"@id\":\"https:\\\/\\\/www.nevadaregistry.org\\\/es\\\/acerca\\\/politicas-del-programa\\\/manual-de-politicas-proceso-de-solicitud-incompleta\\\/#breadcrumb\"},\"inLanguage\":\"es\",\"potentialAction\":[{\"@type\":\"ReadAction\",\"target\":[\"https:\\\/\\\/www.nevadaregistry.org\\\/es\\\/acerca\\\/politicas-del-programa\\\/manual-de-politicas-proceso-de-solicitud-incompleta\\\/\"]}]},{\"@type\":\"BreadcrumbList\",\"@id\":\"https:\\\/\\\/www.nevadaregistry.org\\\/es\\\/acerca\\\/politicas-del-programa\\\/manual-de-politicas-proceso-de-solicitud-incompleta\\\/#breadcrumb\",\"itemListElement\":[{\"@type\":\"ListItem\",\"position\":1,\"name\":\"Home\",\"item\":\"https:\\\/\\\/www.nevadaregistry.org\\\/es\\\/pagina-principal\\\/\"},{\"@type\":\"ListItem\",\"position\":2,\"name\":\"P\u00e1gina Acerca de The Nevada Registry\",\"item\":\"https:\\\/\\\/www.nevadaregistry.org\\\/es\\\/acerca\\\/\"},{\"@type\":\"ListItem\",\"position\":3,\"name\":\"Pol\u00edticas del programa\",\"item\":\"https:\\\/\\\/www.nevadaregistry.org\\\/es\\\/acerca\\\/politicas-del-programa\\\/\"},{\"@type\":\"ListItem\",\"position\":4,\"name\":\"Manual de pol\u00edticas: Proceso de solicitud incompleta\"}]},{\"@type\":\"WebSite\",\"@id\":\"https:\\\/\\\/www.nevadaregistry.org\\\/es\\\/#website\",\"url\":\"https:\\\/\\\/www.nevadaregistry.org\\\/es\\\/\",\"name\":\"The Nevada Registry\",\"description\":\"Workforce data system capturing information about the Early Childhood Education and Care (ECEC) workforce in Nevada.\",\"publisher\":{\"@id\":\"https:\\\/\\\/www.nevadaregistry.org\\\/es\\\/#organization\"},\"potentialAction\":[{\"@type\":\"SearchAction\",\"target\":{\"@type\":\"EntryPoint\",\"urlTemplate\":\"https:\\\/\\\/www.nevadaregistry.org\\\/es\\\/?s={search_term_string}\"},\"query-input\":{\"@type\":\"PropertyValueSpecification\",\"valueRequired\":true,\"valueName\":\"search_term_string\"}}],\"inLanguage\":\"es\"},{\"@type\":\"Organization\",\"@id\":\"https:\\\/\\\/www.nevadaregistry.org\\\/es\\\/#organization\",\"name\":\"El Nevada Registry\",\"url\":\"https:\\\/\\\/www.nevadaregistry.org\\\/es\\\/\",\"logo\":{\"@type\":\"ImageObject\",\"inLanguage\":\"es\",\"@id\":\"https:\\\/\\\/www.nevadaregistry.org\\\/es\\\/#\\\/schema\\\/logo\\\/image\\\/\",\"url\":\"https:\\\/\\\/www.nevadaregistry.org\\\/wp-content\\\/uploads\\\/2020\\\/10\\\/tnr-logo-purple-copy.jpg\",\"contentUrl\":\"https:\\\/\\\/www.nevadaregistry.org\\\/wp-content\\\/uploads\\\/2020\\\/10\\\/tnr-logo-purple-copy.jpg\",\"width\":\"900\",\"height\":\"562\",\"caption\":\"El Nevada Registry\"},\"image\":{\"@id\":\"https:\\\/\\\/www.nevadaregistry.org\\\/es\\\/#\\\/schema\\\/logo\\\/image\\\/\"},\"sameAs\":[\"https:\\\/\\\/www.facebook.com\\\/nevadaregistry\"]}]}<\/script>\n<!-- \/ Yoast SEO plugin. -->","yoast_head_json":{"title":"Manual de pol\u00edticas: Proceso de solicitud incompleta - The Nevada Registry","description":"Revisado\/Actualizado octubre de 2024 Las solicitudes deben estar completas al momento de su presentaci\u00f3n para ser procesadas. El personal realiza una","robots":{"index":"index","follow":"follow","max-snippet":"max-snippet:-1","max-image-preview":"max-image-preview:large","max-video-preview":"max-video-preview:-1"},"canonical":"https:\/\/www.nevadaregistry.org\/es\/acerca\/politicas-del-programa\/manual-de-politicas-proceso-de-solicitud-incompleta\/","og_locale":"es_ES","og_type":"article","og_title":"Manual de pol\u00edticas: Proceso de solicitud incompleta - The Nevada Registry","og_description":"Revisado\/Actualizado octubre de 2024 Las solicitudes deben estar completas al momento de su presentaci\u00f3n para ser procesadas. El personal realiza una","og_url":"https:\/\/www.nevadaregistry.org\/es\/acerca\/politicas-del-programa\/manual-de-politicas-proceso-de-solicitud-incompleta\/","og_site_name":"The Nevada Registry","article_publisher":"https:\/\/www.facebook.com\/nevadaregistry","article_modified_time":"2025-05-01T21:54:51+00:00","og_image":[{"width":1200,"height":630,"url":"https:\/\/www.nevadaregistry.org\/wp-content\/uploads\/2020\/10\/NevadaRegistryOGImage.jpg","type":"image\/jpeg"}],"twitter_card":"summary_large_image","twitter_misc":{"Tiempo de lectura":"7 minutos"},"schema":{"@context":"https:\/\/schema.org","@graph":[{"@type":"WebPage","@id":"https:\/\/www.nevadaregistry.org\/es\/acerca\/politicas-del-programa\/manual-de-politicas-proceso-de-solicitud-incompleta\/","url":"https:\/\/www.nevadaregistry.org\/es\/acerca\/politicas-del-programa\/manual-de-politicas-proceso-de-solicitud-incompleta\/","name":"Manual de pol\u00edticas: Proceso de solicitud incompleta - The Nevada Registry","isPartOf":{"@id":"https:\/\/www.nevadaregistry.org\/es\/#website"},"datePublished":"2024-09-18T17:30:08+00:00","dateModified":"2025-05-01T21:54:51+00:00","description":"Revisado\/Actualizado octubre de 2024 Las solicitudes deben estar completas al momento de su presentaci\u00f3n para ser procesadas. El personal realiza una","breadcrumb":{"@id":"https:\/\/www.nevadaregistry.org\/es\/acerca\/politicas-del-programa\/manual-de-politicas-proceso-de-solicitud-incompleta\/#breadcrumb"},"inLanguage":"es","potentialAction":[{"@type":"ReadAction","target":["https:\/\/www.nevadaregistry.org\/es\/acerca\/politicas-del-programa\/manual-de-politicas-proceso-de-solicitud-incompleta\/"]}]},{"@type":"BreadcrumbList","@id":"https:\/\/www.nevadaregistry.org\/es\/acerca\/politicas-del-programa\/manual-de-politicas-proceso-de-solicitud-incompleta\/#breadcrumb","itemListElement":[{"@type":"ListItem","position":1,"name":"Home","item":"https:\/\/www.nevadaregistry.org\/es\/pagina-principal\/"},{"@type":"ListItem","position":2,"name":"P\u00e1gina Acerca de The Nevada Registry","item":"https:\/\/www.nevadaregistry.org\/es\/acerca\/"},{"@type":"ListItem","position":3,"name":"Pol\u00edticas del programa","item":"https:\/\/www.nevadaregistry.org\/es\/acerca\/politicas-del-programa\/"},{"@type":"ListItem","position":4,"name":"Manual de pol\u00edticas: Proceso de solicitud incompleta"}]},{"@type":"WebSite","@id":"https:\/\/www.nevadaregistry.org\/es\/#website","url":"https:\/\/www.nevadaregistry.org\/es\/","name":"The Nevada Registry","description":"Workforce data system capturing information about the Early Childhood Education and Care (ECEC) workforce in Nevada.","publisher":{"@id":"https:\/\/www.nevadaregistry.org\/es\/#organization"},"potentialAction":[{"@type":"SearchAction","target":{"@type":"EntryPoint","urlTemplate":"https:\/\/www.nevadaregistry.org\/es\/?s={search_term_string}"},"query-input":{"@type":"PropertyValueSpecification","valueRequired":true,"valueName":"search_term_string"}}],"inLanguage":"es"},{"@type":"Organization","@id":"https:\/\/www.nevadaregistry.org\/es\/#organization","name":"El Nevada Registry","url":"https:\/\/www.nevadaregistry.org\/es\/","logo":{"@type":"ImageObject","inLanguage":"es","@id":"https:\/\/www.nevadaregistry.org\/es\/#\/schema\/logo\/image\/","url":"https:\/\/www.nevadaregistry.org\/wp-content\/uploads\/2020\/10\/tnr-logo-purple-copy.jpg","contentUrl":"https:\/\/www.nevadaregistry.org\/wp-content\/uploads\/2020\/10\/tnr-logo-purple-copy.jpg","width":"900","height":"562","caption":"El Nevada Registry"},"image":{"@id":"https:\/\/www.nevadaregistry.org\/es\/#\/schema\/logo\/image\/"},"sameAs":["https:\/\/www.facebook.com\/nevadaregistry"]}]}},"_links":{"self":[{"href":"https:\/\/www.nevadaregistry.org\/es\/wp-json\/wp\/v2\/pages\/13119","targetHints":{"allow":["GET"]}}],"collection":[{"href":"https:\/\/www.nevadaregistry.org\/es\/wp-json\/wp\/v2\/pages"}],"about":[{"href":"https:\/\/www.nevadaregistry.org\/es\/wp-json\/wp\/v2\/types\/page"}],"author":[{"embeddable":true,"href":"https:\/\/www.nevadaregistry.org\/es\/wp-json\/wp\/v2\/users\/2"}],"replies":[{"embeddable":true,"href":"https:\/\/www.nevadaregistry.org\/es\/wp-json\/wp\/v2\/comments?post=13119"}],"version-history":[{"count":1,"href":"https:\/\/www.nevadaregistry.org\/es\/wp-json\/wp\/v2\/pages\/13119\/revisions"}],"predecessor-version":[{"id":13120,"href":"https:\/\/www.nevadaregistry.org\/es\/wp-json\/wp\/v2\/pages\/13119\/revisions\/13120"}],"up":[{"embeddable":true,"href":"https:\/\/www.nevadaregistry.org\/es\/wp-json\/wp\/v2\/pages\/13312"}],"wp:attachment":[{"href":"https:\/\/www.nevadaregistry.org\/es\/wp-json\/wp\/v2\/media?parent=13119"}],"curies":[{"name":"wp","href":"https:\/\/api.w.org\/{rel}","templated":true}]}}