{"id":13136,"date":"2024-09-17T13:21:42","date_gmt":"2024-09-17T20:21:42","guid":{"rendered":"https:\/\/www.nevadaregistry.org\/manual-de-politicas-verificacion-de-empleo-e-historial-laboral\/"},"modified":"2025-05-01T14:54:51","modified_gmt":"2025-05-01T21:54:51","slug":"manual-de-politicas-verificacion-de-empleo-e-historial-laboral","status":"publish","type":"page","link":"https:\/\/www.nevadaregistry.org\/es\/acerca\/politicas-del-programa\/manual-de-politicas-verificacion-de-empleo-e-historial-laboral\/","title":{"rendered":"Manual de pol\u00edticas: Verificaci\u00f3n de empleo e historial laboral"},"content":{"rendered":"<h6><em>Revisado\/Actualizado octubre de 2024<\/em><\/h6>\n<p>Todo el historial laboral proporcionado por los solicitantes a trav\u00e9s del proceso de solicitud\/renovaci\u00f3n es informaci\u00f3n autorreportada. Ni el empleo actual ni la experiencia previa son verificados por el personal del Registro. <\/p>\n<h4>Experiencia laboral aceptada para la ubicaci\u00f3n en la Escala Profesional<\/h4>\n<p>El Nevada Registry registra todo el empleo con licencia (Centros, Cuidado Infantil Familiar\/Hogar Grupal) y legalmente exento (Distrito Escolar, Escuela Charter, Programas Extraescolares, Tribal, Familiar\/Amigo\/Vecino Registrado, Kith &amp; Kin, Militar) relacionado con el trabajo directo con ni\u00f1os peque\u00f1os para la ubicaci\u00f3n en la <a href=\"https:\/\/www.nevadaregistry.org\/wp-content\/uploads\/2020\/09\/CareerLadder.pdf\">Escala Profesional<\/a>. Los solicitantes pueden incluir pr\u00e1cticas no remuneradas a nivel universitario y horas de pr\u00e1cticum*, as\u00ed como experiencia en entornos de laboratorio de ECE de escuela secundaria como parte de su historial laboral. El cuidado de ni\u00f1os, el trabajo como ni\u00f1era, au pair y\/o servicio voluntario no son aceptados ni registrados como experiencia laboral previa.  <\/p>\n<p><em>*Las horas obtenidas durante un curso de pr\u00e1cticum se otorgan solo cuando un individuo incluye el pr\u00e1cticum en su solicitud en la secci\u00f3n &#8216;Experiencia previa en ECE&#8217; del formulario de solicitud, junto con una declaraci\u00f3n del profesor que verifique el n\u00famero de horas de pr\u00e1cticum completadas. Las horas no se otorgar\u00e1n autom\u00e1ticamente al ver un curso de pr\u00e1cticum listado en las transcripciones universitarias (se otorgar\u00e1n cr\u00e9ditos pero no horas).  <\/em><\/p>\n<h4>Horas\/Puestos de Servicio Directo<\/h4>\n<p>Todos los puestos en la base de datos de Nevada Registry han sido codificados como &#8216;Directo&#8217; o &#8216;Indirecto&#8217;. Para que la experiencia cuente para la ubicaci\u00f3n en la Escala Profesional, debe haber ocurrido en un puesto de servicio directo. La base de datos calcula autom\u00e1ticamente las horas de experiencia laboral bas\u00e1ndose en los registros de empleo ingresados. La base de datos tambi\u00e9n calcula la experiencia laboral continua hasta que se haya ingresado una fecha de finalizaci\u00f3n en el registro de empleo actual. Se consideran hasta 4,000 horas de experiencia directa en la ubicaci\u00f3n de la Escala Profesional.    <\/p>\n<p>Los miembros deben tener un m\u00ednimo de 1,000 horas de experiencia laboral directa en ECE para ubicarse en la Escala Profesional (si no cumplen con los requisitos para un nivel con t\u00edtulo). A los miembros con menos de las horas requeridas se les emitir\u00e1 un Certificado de Participaci\u00f3n pero no se les otorgar\u00e1 un nivel en la Escala Profesional (si no cumplen con los requisitos para un nivel con t\u00edtulo). Los individuos en esta situaci\u00f3n son considerados miembros activos de Nevada Registry y cumplen con los requisitos de Licencia de Cuidado Infantil para la participaci\u00f3n obligatoria (si aplica) aunque no se les haya asignado un nivel. Si al renovar anualmente en Nevada Registry, el individuo ha acumulado 1,000+ horas de servicio directo, se le asignar\u00e1 un nivel de Escala Profesional respaldado por la documentaci\u00f3n verificada contenida en su cuenta.   <\/p>\n<h4>Horas\/Puestos de Servicio Indirecto<\/h4>\n<p>La experiencia indirecta (es decir, formador, CCR&amp;R, profesorado de educaci\u00f3n superior, etc.) se registra pero no se considera en el n\u00famero total de horas de servicio directo utilizadas en el c\u00e1lculo de los niveles de la Escala Profesional.<\/p>\n<h4>Empleo Actual<\/h4>\n<p>Los miembros seleccionan su lugar de empleo actual eligiendo un nombre de programa de una lista desplegable. Si su programa no se encuentra, tienen la opci\u00f3n de enviar un nuevo programa para revisi\u00f3n por parte del personal del Registro. El personal del Registro crea un nuevo registro de programa (si no se encuentra en la base de datos pero se ha verificado que tiene licencia) o selecciona el programa que coincide con la informaci\u00f3n proporcionada por el miembro. Aunque los solicitantes no tienen que estar empleados actualmente o tener historial laboral pasado para ser miembros, todos los miembros deben tener un registro de empleo activo vinculado a su cuenta, incluso si ese registro es &#8216;Actualmente sin trabajo&#8217;, &#8216;Actualmente sin trabajo en ECE&#8217;, o &#8216;Empleador actual desconocido&#8217;. Si un miembro tiene m\u00e1s de un lugar de empleo en Educaci\u00f3n Infantil Temprana, cada puesto se registrar\u00e1 por separado.    <\/p>\n<h4>Experiencia Previa<\/h4>\n<p>Toda la experiencia directa* previa en ECE, independientemente de si ocurri\u00f3 dentro o fuera del estado, se ingresa en la cuenta de un miembro y se considera en el n\u00famero total de horas de servicio directo utilizadas en el c\u00e1lculo de los niveles de la Escala Profesional.<\/p>\n<p><em>*La experiencia directa incluye todo el empleo con licencia (Centros, Cuidado Infantil Familiar\/Hogares Grupales) y legalmente exento (Distrito Escolar, Escuela Charter, Programas Extraescolares, Tribal, Familiar\/Amigo\/Vecino, Kith &amp; Kin, Cuidado Militar) relacionado con el trabajo directo con ni\u00f1os peque\u00f1os entre las edades de 0 a 8 a\u00f1os. El cuidado de ni\u00f1os, el trabajo como ni\u00f1era, au pair y\/o servicio voluntario no son aceptados ni registrados como experiencia laboral previa.  <\/em><\/p>\n<h4>A\u00f1os totales de experiencia\/Longevidad<\/h4>\n<p>Toda experiencia, tanto directa como indirecta, se considera en el c\u00e1lculo de los a\u00f1os totales de experiencia autorreportados por un miembro, los cuales se reflejan en su certificado de membres\u00eda junto con su nivel en la Escala Profesional. Los certificados muestran \u00fanicamente los a\u00f1os completos de experiencia. Por ejemplo, si al momento de la solicitud un individuo cuenta con tres a\u00f1os y dos meses de experiencia en el campo, su certificado mostrar\u00e1 tres a\u00f1os de experiencia autorreportada<em>. <\/em>   <\/p>\n<h4>Cambios de Empleo<\/h4>\n<p>Los miembros pueden actualizar su informaci\u00f3n de empleo en cualquier momento de manera electr\u00f3nica a trav\u00e9s de su Portal en L\u00ednea. Tambi\u00e9n se aceptan las fechas de finalizaci\u00f3n de empleo proporcionadas por los directores de las instalaciones mediante la funci\u00f3n de Lista de Empleados del <a href=\"https:\/\/ww2.nevadaregistry.org\/UserPortal\/NRUsers.aspx\">Portal en L\u00ednea<\/a>. Si un miembro ya no trabaja en la instalaci\u00f3n registrada y su empleo ha sido modificado por el director, el miembro recibir\u00e1 una serie continua de correos electr\u00f3nicos solicit\u00e1ndole que actualice su empleo actual.  <\/p>\n","protected":false},"excerpt":{"rendered":"<p>Revisado\/Actualizado octubre de 2024 Todo el historial laboral proporcionado por los solicitantes a trav\u00e9s del proceso de solicitud\/renovaci\u00f3n es informaci\u00f3n&#8230;<\/p>\n","protected":false},"author":2,"featured_media":0,"parent":13312,"menu_order":0,"comment_status":"closed","ping_status":"closed","template":"","meta":{"_acf_changed":false,"footnotes":""},"class_list":["post-13136","page","type-page","status-publish","hentry"],"acf":[],"yoast_head":"<!-- This site is optimized with the Yoast SEO plugin v27.4 - https:\/\/yoast.com\/product\/yoast-seo-wordpress\/ -->\n<title>Manual de pol\u00edticas: Verificaci\u00f3n de empleo e historial laboral - The Nevada Registry<\/title>\n<meta name=\"description\" content=\"Revisado\/Actualizado octubre de 2024 Todo el historial laboral proporcionado por los solicitantes a trav\u00e9s del proceso de solicitud\/renovaci\u00f3n es\" \/>\n<meta name=\"robots\" content=\"index, follow, max-snippet:-1, max-image-preview:large, max-video-preview:-1\" \/>\n<link rel=\"canonical\" href=\"https:\/\/www.nevadaregistry.org\/es\/acerca\/politicas-del-programa\/manual-de-politicas-verificacion-de-empleo-e-historial-laboral\/\" \/>\n<meta property=\"og:locale\" content=\"es_ES\" \/>\n<meta property=\"og:type\" content=\"article\" \/>\n<meta property=\"og:title\" content=\"Manual de pol\u00edticas: Verificaci\u00f3n de empleo e historial laboral - The Nevada Registry\" \/>\n<meta property=\"og:description\" content=\"Revisado\/Actualizado octubre de 2024 Todo el historial laboral proporcionado por los solicitantes a trav\u00e9s del proceso de solicitud\/renovaci\u00f3n es\" \/>\n<meta property=\"og:url\" content=\"https:\/\/www.nevadaregistry.org\/es\/acerca\/politicas-del-programa\/manual-de-politicas-verificacion-de-empleo-e-historial-laboral\/\" \/>\n<meta property=\"og:site_name\" content=\"The Nevada Registry\" \/>\n<meta property=\"article:publisher\" content=\"https:\/\/www.facebook.com\/nevadaregistry\" \/>\n<meta property=\"article:modified_time\" content=\"2025-05-01T21:54:51+00:00\" \/>\n<meta property=\"og:image\" content=\"https:\/\/www.nevadaregistry.org\/wp-content\/uploads\/2020\/10\/NevadaRegistryOGImage.jpg\" \/>\n\t<meta property=\"og:image:width\" content=\"1200\" \/>\n\t<meta property=\"og:image:height\" content=\"630\" \/>\n\t<meta property=\"og:image:type\" content=\"image\/jpeg\" \/>\n<meta name=\"twitter:card\" content=\"summary_large_image\" \/>\n<meta name=\"twitter:label1\" content=\"Tiempo de lectura\" \/>\n\t<meta name=\"twitter:data1\" content=\"5 minutos\" \/>\n<script type=\"application\/ld+json\" class=\"yoast-schema-graph\">{\"@context\":\"https:\\\/\\\/schema.org\",\"@graph\":[{\"@type\":\"WebPage\",\"@id\":\"https:\\\/\\\/www.nevadaregistry.org\\\/es\\\/acerca\\\/politicas-del-programa\\\/manual-de-politicas-verificacion-de-empleo-e-historial-laboral\\\/\",\"url\":\"https:\\\/\\\/www.nevadaregistry.org\\\/es\\\/acerca\\\/politicas-del-programa\\\/manual-de-politicas-verificacion-de-empleo-e-historial-laboral\\\/\",\"name\":\"Manual de pol\u00edticas: Verificaci\u00f3n de empleo e historial laboral - The Nevada Registry\",\"isPartOf\":{\"@id\":\"https:\\\/\\\/www.nevadaregistry.org\\\/es\\\/#website\"},\"datePublished\":\"2024-09-17T20:21:42+00:00\",\"dateModified\":\"2025-05-01T21:54:51+00:00\",\"description\":\"Revisado\\\/Actualizado octubre de 2024 Todo el historial laboral proporcionado por los solicitantes a trav\u00e9s del proceso de solicitud\\\/renovaci\u00f3n es\",\"breadcrumb\":{\"@id\":\"https:\\\/\\\/www.nevadaregistry.org\\\/es\\\/acerca\\\/politicas-del-programa\\\/manual-de-politicas-verificacion-de-empleo-e-historial-laboral\\\/#breadcrumb\"},\"inLanguage\":\"es\",\"potentialAction\":[{\"@type\":\"ReadAction\",\"target\":[\"https:\\\/\\\/www.nevadaregistry.org\\\/es\\\/acerca\\\/politicas-del-programa\\\/manual-de-politicas-verificacion-de-empleo-e-historial-laboral\\\/\"]}]},{\"@type\":\"BreadcrumbList\",\"@id\":\"https:\\\/\\\/www.nevadaregistry.org\\\/es\\\/acerca\\\/politicas-del-programa\\\/manual-de-politicas-verificacion-de-empleo-e-historial-laboral\\\/#breadcrumb\",\"itemListElement\":[{\"@type\":\"ListItem\",\"position\":1,\"name\":\"Home\",\"item\":\"https:\\\/\\\/www.nevadaregistry.org\\\/es\\\/pagina-principal\\\/\"},{\"@type\":\"ListItem\",\"position\":2,\"name\":\"P\u00e1gina Acerca de The Nevada Registry\",\"item\":\"https:\\\/\\\/www.nevadaregistry.org\\\/es\\\/acerca\\\/\"},{\"@type\":\"ListItem\",\"position\":3,\"name\":\"Pol\u00edticas del programa\",\"item\":\"https:\\\/\\\/www.nevadaregistry.org\\\/es\\\/acerca\\\/politicas-del-programa\\\/\"},{\"@type\":\"ListItem\",\"position\":4,\"name\":\"Manual de pol\u00edticas: Verificaci\u00f3n de empleo e historial laboral\"}]},{\"@type\":\"WebSite\",\"@id\":\"https:\\\/\\\/www.nevadaregistry.org\\\/es\\\/#website\",\"url\":\"https:\\\/\\\/www.nevadaregistry.org\\\/es\\\/\",\"name\":\"The Nevada Registry\",\"description\":\"Workforce data system capturing information about the Early Childhood Education and Care (ECEC) workforce in Nevada.\",\"publisher\":{\"@id\":\"https:\\\/\\\/www.nevadaregistry.org\\\/es\\\/#organization\"},\"potentialAction\":[{\"@type\":\"SearchAction\",\"target\":{\"@type\":\"EntryPoint\",\"urlTemplate\":\"https:\\\/\\\/www.nevadaregistry.org\\\/es\\\/?s={search_term_string}\"},\"query-input\":{\"@type\":\"PropertyValueSpecification\",\"valueRequired\":true,\"valueName\":\"search_term_string\"}}],\"inLanguage\":\"es\"},{\"@type\":\"Organization\",\"@id\":\"https:\\\/\\\/www.nevadaregistry.org\\\/es\\\/#organization\",\"name\":\"El Nevada Registry\",\"url\":\"https:\\\/\\\/www.nevadaregistry.org\\\/es\\\/\",\"logo\":{\"@type\":\"ImageObject\",\"inLanguage\":\"es\",\"@id\":\"https:\\\/\\\/www.nevadaregistry.org\\\/es\\\/#\\\/schema\\\/logo\\\/image\\\/\",\"url\":\"https:\\\/\\\/www.nevadaregistry.org\\\/wp-content\\\/uploads\\\/2020\\\/10\\\/tnr-logo-purple-copy.jpg\",\"contentUrl\":\"https:\\\/\\\/www.nevadaregistry.org\\\/wp-content\\\/uploads\\\/2020\\\/10\\\/tnr-logo-purple-copy.jpg\",\"width\":\"900\",\"height\":\"562\",\"caption\":\"El Nevada Registry\"},\"image\":{\"@id\":\"https:\\\/\\\/www.nevadaregistry.org\\\/es\\\/#\\\/schema\\\/logo\\\/image\\\/\"},\"sameAs\":[\"https:\\\/\\\/www.facebook.com\\\/nevadaregistry\"]}]}<\/script>\n<!-- \/ Yoast SEO plugin. -->","yoast_head_json":{"title":"Manual de pol\u00edticas: Verificaci\u00f3n de empleo e historial laboral - The Nevada Registry","description":"Revisado\/Actualizado octubre de 2024 Todo el historial laboral proporcionado por los solicitantes a trav\u00e9s del proceso de solicitud\/renovaci\u00f3n es","robots":{"index":"index","follow":"follow","max-snippet":"max-snippet:-1","max-image-preview":"max-image-preview:large","max-video-preview":"max-video-preview:-1"},"canonical":"https:\/\/www.nevadaregistry.org\/es\/acerca\/politicas-del-programa\/manual-de-politicas-verificacion-de-empleo-e-historial-laboral\/","og_locale":"es_ES","og_type":"article","og_title":"Manual de pol\u00edticas: Verificaci\u00f3n de empleo e historial laboral - The Nevada Registry","og_description":"Revisado\/Actualizado octubre de 2024 Todo el historial laboral proporcionado por los solicitantes a trav\u00e9s del proceso de solicitud\/renovaci\u00f3n es","og_url":"https:\/\/www.nevadaregistry.org\/es\/acerca\/politicas-del-programa\/manual-de-politicas-verificacion-de-empleo-e-historial-laboral\/","og_site_name":"The Nevada Registry","article_publisher":"https:\/\/www.facebook.com\/nevadaregistry","article_modified_time":"2025-05-01T21:54:51+00:00","og_image":[{"width":1200,"height":630,"url":"https:\/\/www.nevadaregistry.org\/wp-content\/uploads\/2020\/10\/NevadaRegistryOGImage.jpg","type":"image\/jpeg"}],"twitter_card":"summary_large_image","twitter_misc":{"Tiempo de lectura":"5 minutos"},"schema":{"@context":"https:\/\/schema.org","@graph":[{"@type":"WebPage","@id":"https:\/\/www.nevadaregistry.org\/es\/acerca\/politicas-del-programa\/manual-de-politicas-verificacion-de-empleo-e-historial-laboral\/","url":"https:\/\/www.nevadaregistry.org\/es\/acerca\/politicas-del-programa\/manual-de-politicas-verificacion-de-empleo-e-historial-laboral\/","name":"Manual de pol\u00edticas: Verificaci\u00f3n de empleo e historial laboral - The Nevada Registry","isPartOf":{"@id":"https:\/\/www.nevadaregistry.org\/es\/#website"},"datePublished":"2024-09-17T20:21:42+00:00","dateModified":"2025-05-01T21:54:51+00:00","description":"Revisado\/Actualizado octubre de 2024 Todo el historial laboral proporcionado por los solicitantes a trav\u00e9s del proceso de solicitud\/renovaci\u00f3n es","breadcrumb":{"@id":"https:\/\/www.nevadaregistry.org\/es\/acerca\/politicas-del-programa\/manual-de-politicas-verificacion-de-empleo-e-historial-laboral\/#breadcrumb"},"inLanguage":"es","potentialAction":[{"@type":"ReadAction","target":["https:\/\/www.nevadaregistry.org\/es\/acerca\/politicas-del-programa\/manual-de-politicas-verificacion-de-empleo-e-historial-laboral\/"]}]},{"@type":"BreadcrumbList","@id":"https:\/\/www.nevadaregistry.org\/es\/acerca\/politicas-del-programa\/manual-de-politicas-verificacion-de-empleo-e-historial-laboral\/#breadcrumb","itemListElement":[{"@type":"ListItem","position":1,"name":"Home","item":"https:\/\/www.nevadaregistry.org\/es\/pagina-principal\/"},{"@type":"ListItem","position":2,"name":"P\u00e1gina Acerca de The Nevada Registry","item":"https:\/\/www.nevadaregistry.org\/es\/acerca\/"},{"@type":"ListItem","position":3,"name":"Pol\u00edticas del programa","item":"https:\/\/www.nevadaregistry.org\/es\/acerca\/politicas-del-programa\/"},{"@type":"ListItem","position":4,"name":"Manual de pol\u00edticas: Verificaci\u00f3n de empleo e historial laboral"}]},{"@type":"WebSite","@id":"https:\/\/www.nevadaregistry.org\/es\/#website","url":"https:\/\/www.nevadaregistry.org\/es\/","name":"The Nevada Registry","description":"Workforce data system capturing information about the Early Childhood Education and Care (ECEC) workforce in Nevada.","publisher":{"@id":"https:\/\/www.nevadaregistry.org\/es\/#organization"},"potentialAction":[{"@type":"SearchAction","target":{"@type":"EntryPoint","urlTemplate":"https:\/\/www.nevadaregistry.org\/es\/?s={search_term_string}"},"query-input":{"@type":"PropertyValueSpecification","valueRequired":true,"valueName":"search_term_string"}}],"inLanguage":"es"},{"@type":"Organization","@id":"https:\/\/www.nevadaregistry.org\/es\/#organization","name":"El Nevada Registry","url":"https:\/\/www.nevadaregistry.org\/es\/","logo":{"@type":"ImageObject","inLanguage":"es","@id":"https:\/\/www.nevadaregistry.org\/es\/#\/schema\/logo\/image\/","url":"https:\/\/www.nevadaregistry.org\/wp-content\/uploads\/2020\/10\/tnr-logo-purple-copy.jpg","contentUrl":"https:\/\/www.nevadaregistry.org\/wp-content\/uploads\/2020\/10\/tnr-logo-purple-copy.jpg","width":"900","height":"562","caption":"El Nevada Registry"},"image":{"@id":"https:\/\/www.nevadaregistry.org\/es\/#\/schema\/logo\/image\/"},"sameAs":["https:\/\/www.facebook.com\/nevadaregistry"]}]}},"_links":{"self":[{"href":"https:\/\/www.nevadaregistry.org\/es\/wp-json\/wp\/v2\/pages\/13136","targetHints":{"allow":["GET"]}}],"collection":[{"href":"https:\/\/www.nevadaregistry.org\/es\/wp-json\/wp\/v2\/pages"}],"about":[{"href":"https:\/\/www.nevadaregistry.org\/es\/wp-json\/wp\/v2\/types\/page"}],"author":[{"embeddable":true,"href":"https:\/\/www.nevadaregistry.org\/es\/wp-json\/wp\/v2\/users\/2"}],"replies":[{"embeddable":true,"href":"https:\/\/www.nevadaregistry.org\/es\/wp-json\/wp\/v2\/comments?post=13136"}],"version-history":[{"count":1,"href":"https:\/\/www.nevadaregistry.org\/es\/wp-json\/wp\/v2\/pages\/13136\/revisions"}],"predecessor-version":[{"id":13137,"href":"https:\/\/www.nevadaregistry.org\/es\/wp-json\/wp\/v2\/pages\/13136\/revisions\/13137"}],"up":[{"embeddable":true,"href":"https:\/\/www.nevadaregistry.org\/es\/wp-json\/wp\/v2\/pages\/13312"}],"wp:attachment":[{"href":"https:\/\/www.nevadaregistry.org\/es\/wp-json\/wp\/v2\/media?parent=13136"}],"curies":[{"name":"wp","href":"https:\/\/api.w.org\/{rel}","templated":true}]}}