{"id":13138,"date":"2024-09-19T09:22:29","date_gmt":"2024-09-19T16:22:29","guid":{"rendered":"https:\/\/www.nevadaregistry.org\/manual-de-politicas-politicas-de-privacidad\/"},"modified":"2025-05-01T14:54:51","modified_gmt":"2025-05-01T21:54:51","slug":"manual-de-politicas-politicas-de-privacidad","status":"publish","type":"page","link":"https:\/\/www.nevadaregistry.org\/es\/acerca\/politicas-del-programa\/manual-de-politicas-politicas-de-privacidad\/","title":{"rendered":"Manual de pol\u00edticas: Pol\u00edticas de privacidad"},"content":{"rendered":"<h6><em>Revisado\/Actualizado octubre de 2024<\/em><\/h6>\n<h3><span style=\"text-decoration: underline;\">Pol\u00edtica de privacidad del sitio web<\/span><\/h3>\n<p>La Pol\u00edtica de privacidad del sitio web rige la manera en que Nevada Registry recopila, utiliza, mantiene y divulga la informaci\u00f3n recolectada de los usuarios (cada uno, un \u00abUsuario\u00bb) del sitio web www.nevadaregistry.org (\u00abSitio\u00bb). Esta pol\u00edtica de privacidad se aplica al Sitio y a todos los servicios ofrecidos por Nevada Registry. La Pol\u00edtica de privacidad se explica a continuaci\u00f3n.  <\/p>\n<p><strong>Informaci\u00f3n de identificaci\u00f3n personal<\/strong><br \/>\nPodemos recopilar informaci\u00f3n de identificaci\u00f3n personal de los Usuarios de diversas maneras, incluyendo, pero no limit\u00e1ndose a, cuando los Usuarios visitan nuestro sitio, completan un formulario y en relaci\u00f3n con otras actividades, servicios, caracter\u00edsticas o recursos que ponemos a disposici\u00f3n en nuestro Sitio. Se puede solicitar a los Usuarios, seg\u00fan corresponda, nombre, direcci\u00f3n de correo electr\u00f3nico, direcci\u00f3n postal, n\u00famero de tel\u00e9fono. Los Usuarios pueden, sin embargo, visitar nuestro Sitio de forma an\u00f3nima. Recopilaremos informaci\u00f3n de identificaci\u00f3n personal de los Usuarios solo si estos la env\u00edan voluntariamente. Los Usuarios siempre pueden negarse a proporcionar informaci\u00f3n de identificaci\u00f3n personal, excepto que esto puede impedirles participar en ciertas actividades relacionadas con el Sitio.    <\/p>\n<p><strong>Informaci\u00f3n de identificaci\u00f3n no personal<\/strong><br \/>\nPodemos recopilar informaci\u00f3n de identificaci\u00f3n no personal sobre los Usuarios cuando interact\u00faan con nuestro Sitio. La informaci\u00f3n de identificaci\u00f3n no personal puede incluir el nombre del navegador, el tipo de ordenador e informaci\u00f3n t\u00e9cnica sobre los medios de conexi\u00f3n de los Usuarios a nuestro Sitio, como el sistema operativo y los proveedores de servicios de Internet utilizados, y otra informaci\u00f3n similar. <\/p>\n<p><strong>Cookies del navegador web y ventanas emergentes<\/strong><br \/>\nNuestro Sitio puede utilizar \u00abcookies\u00bb para mejorar la experiencia del Usuario. El navegador web del Usuario coloca cookies en su disco duro con fines de registro y a veces para rastrear informaci\u00f3n sobre ellos. El Usuario puede optar por configurar su navegador web para rechazar las cookies o para que le avise cuando se env\u00edan cookies. Si lo hacen, tengan en cuenta que algunas partes del Sitio pueden no funcionar correctamente. Nuestro sitio web tambi\u00e9n utiliza ventanas emergentes para acceder a archivos. Si un miembro tiene habilitado un software de seguridad de Internet, puede impedir que ciertas ventanas emergentes se muestren, y es posible que necesiten desactivar o ajustar temporalmente su configuraci\u00f3n.     <\/p>\n<p><strong>C\u00f3mo utilizamos la informaci\u00f3n recopilada<\/strong><br \/>\nNevada Registry recopila y utiliza la informaci\u00f3n personal para los siguientes prop\u00f3sitos:<\/p>\n<ul>\n<li>Para mejorar el servicio al cliente: La informaci\u00f3n del Usuario nos ayuda a responder de manera m\u00e1s eficaz a sus solicitudes de servicio al cliente y necesidades de soporte.<\/li>\n<li>Para administrar un concurso, promoci\u00f3n, encuesta u otra funci\u00f3n del Sitio.<\/li>\n<li>Para enviar a los Usuarios informaci\u00f3n que aceptaron recibir sobre temas que creemos ser\u00e1n de su inter\u00e9s.<\/li>\n<li>Para enviar correos electr\u00f3nicos peri\u00f3dicos: La direcci\u00f3n de correo electr\u00f3nico que los Usuarios proporcionan solo se utilizar\u00e1 para enviarles informaci\u00f3n y actualizaciones relacionadas con su cuenta. Tambi\u00e9n puede utilizarse para responder a sus consultas y\/u otras solicitudes o preguntas. Los Usuarios reciben correos electr\u00f3nicos que pueden incluir noticias de la empresa, actualizaciones, informaci\u00f3n sobre productos o servicios relacionados, etc. Si en alg\u00fan momento el Usuario desea darse de baja para no recibir futuros correos electr\u00f3nicos, se incluyen instrucciones detalladas para darse de baja al final de cada correo electr\u00f3nico, o el Usuario puede contactarnos a trav\u00e9s de nuestro Sitio.   <\/li>\n<\/ul>\n<p><strong>C\u00f3mo protegemos su informaci\u00f3n<\/strong><br \/>\nAdoptamos pr\u00e1cticas apropiadas de recopilaci\u00f3n, almacenamiento y procesamiento de datos y medidas de seguridad para proteger contra el acceso no autorizado, la alteraci\u00f3n, la divulgaci\u00f3n o la destrucci\u00f3n de su informaci\u00f3n personal, nombre de usuario, contrase\u00f1a, informaci\u00f3n sobre transacciones y datos almacenados en nuestro Sitio. El intercambio de datos sensibles y privados entre el Sitio y sus Usuarios se realiza a trav\u00e9s de un canal de comunicaci\u00f3n seguro SSL y est\u00e1 encriptado y protegido con firmas digitales. <\/p>\n<p><strong>Compartir su informaci\u00f3n personal<\/strong><br \/>\nNo vendemos, intercambiamos ni alquilamos la informaci\u00f3n de identificaci\u00f3n personal de los usuarios a terceros. Podemos compartir informaci\u00f3n demogr\u00e1fica agregada gen\u00e9rica no vinculada a ninguna informaci\u00f3n de identificaci\u00f3n personal sobre visitantes y usuarios con nuestros socios comerciales, afiliados de confianza y anunciantes para los fines descritos anteriormente. <\/p>\n<p>Los usuarios pueden encontrar contenido en nuestro Sitio que enlace a los sitios y servicios de nuestros socios, proveedores, anunciantes, patrocinadores, licenciantes y otros terceros. No controlamos el contenido ni los enlaces que aparecen en estos sitios y no somos responsables de las pr\u00e1cticas empleadas por los sitios web enlazados a o desde nuestro Sitio. Adem\u00e1s, estos sitios o servicios, incluyendo su contenido y enlaces, pueden estar en constante cambio. Estos sitios y servicios pueden tener sus propias pol\u00edticas de privacidad y de servicio al cliente. La navegaci\u00f3n e interacci\u00f3n en cualquier otro sitio web, incluyendo sitios web que tengan un enlace a nuestro Sitio, est\u00e1 sujeta a los t\u00e9rminos y pol\u00edticas propios de ese sitio web.    <\/p>\n<p>Google Analytics se utiliza para el an\u00e1lisis agregado y anonimizado del tr\u00e1fico del sitio web. Para rastrear el uso de su sesi\u00f3n, Google coloca una cookie (_ga) con un ClientID generado aleatoriamente en su navegador. Este ID es anonimizado y no contiene informaci\u00f3n identificable como correo electr\u00f3nico, n\u00famero de tel\u00e9fono, nombre, etc. Tambi\u00e9n enviamos su direcci\u00f3n IP a Google. Utilizamos GA para rastrear el comportamiento agregado del sitio web, como qu\u00e9 p\u00e1ginas visit\u00f3, por cu\u00e1nto tiempo, y as\u00ed sucesivamente. Esta informaci\u00f3n es importante para nosotros para mejorar la experiencia del usuario y determinar la efectividad del sitio. Si desea acceder a la informaci\u00f3n de navegaci\u00f3n que tenemos, o solicitarnos que eliminemos cualquier dato de GA, por favor elimine sus cookies _ga, comun\u00edquese con nosotros por tel\u00e9fono al 800-259-1906 o por correo electr\u00f3nico a nevadaregistry@washoeschools.net y\/o instale el Complemento de Navegador para la Inhabilitaci\u00f3n de Google Analytics.      <\/p>\n<p><strong>Cambios a esta Pol\u00edtica de Privacidad<\/strong><br \/>\nEl Nevada Registry tiene la discreci\u00f3n de actualizar esta pol\u00edtica de privacidad en cualquier momento. Alentamos a los Usuarios a que revisen frecuentemente esta p\u00e1gina del sitio web para estar informados sobre cualquier cambio en c\u00f3mo estamos ayudando a proteger la informaci\u00f3n personal que recopilamos. Usted reconoce y acepta que es su responsabilidad revisar esta pol\u00edtica de privacidad peri\u00f3dicamente y tomar conciencia de las modificaciones.  <\/p>\n<p><strong>Su aceptaci\u00f3n de estos T\u00e9rminos<\/strong><br \/>\nAl utilizar el Sitio de Nevada Registry, usted manifiesta su aceptaci\u00f3n de esta pol\u00edtica. Si no est\u00e1 de acuerdo con esta pol\u00edtica, por favor, no utilice nuestro Sitio. El uso continuado del Sitio despu\u00e9s de la publicaci\u00f3n de cambios en esta pol\u00edtica se considerar\u00e1 como su aceptaci\u00f3n de dichos cambios.  <\/p>\n<h6><strong><em>Pol\u00edtica de privacidad creada por <\/em><a href=\"http:\/\/www.generateprivacypolicy.com\/\"><em>http:\/\/www.generateprivacypolicy.com<\/em><\/a><\/strong><\/h6>\n<h3><span style=\"text-decoration: underline;\">Pol\u00edtica de Privacidad de la Aplicaci\u00f3n M\u00f3vil<\/span><\/h3>\n<p>El Nevada Registry desarroll\u00f3 la Aplicaci\u00f3n M\u00f3vil para Formadores de Nevada Registry como una aplicaci\u00f3n gratuita. Este Servicio es proporcionado por El Nevada Registry sin costo alguno y est\u00e1 destinado a ser utilizado tal cual. <\/p>\n<p>Esta secci\u00f3n se proporciona para informar a los visitantes sobre nuestras pol\u00edticas de recopilaci\u00f3n, uso y divulgaci\u00f3n de Informaci\u00f3n Personal si alguien decide utilizar nuestro Servicio.<\/p>\n<p>Si elige utilizar nuestro Servicio, acepta la recopilaci\u00f3n y el uso de informaci\u00f3n en relaci\u00f3n con esta pol\u00edtica. La Informaci\u00f3n Personal que recopilamos se utiliza para proporcionar y mejorar el Servicio. No utilizaremos ni compartiremos su informaci\u00f3n con nadie excepto como se describe en esta Pol\u00edtica de Privacidad.  <\/p>\n<p>Para una mejor experiencia, mientras utiliza nuestro Servicio, podemos requerir que nos proporcione cierta informaci\u00f3n de identificaci\u00f3n personal, incluyendo, pero no limit\u00e1ndose a, Identificaci\u00f3n de Usuario, Correo Electr\u00f3nico, Nombre, Apellido. La informaci\u00f3n que solicitamos ser\u00e1 retenida por nosotros y utilizada como se describe en esta Pol\u00edtica de Privacidad. <\/p>\n<p>Podemos actualizar nuestra Pol\u00edtica de Privacidad de vez en cuando. Se le aconseja revisar esta informaci\u00f3n peri\u00f3dicamente para cualquier cambio. Le notificaremos sobre cualquier cambio publicando la nueva Pol\u00edtica de Privacidad en esta p\u00e1gina.  <\/p>\n<h3><span style=\"text-decoration: underline;\">Pol\u00edtica de Privacidad del Servicio de Mensajer\u00eda SMS (Texto)<\/span><\/h3>\n<h6><em>Esta pol\u00edtica entra en vigor a partir del 1 de abril de 2024.<\/em><\/h6>\n<p>Esta Pol\u00edtica de Privacidad explica c\u00f3mo El Nevada Registry recopila, utiliza y divulga la informaci\u00f3n personal de sus miembros a trav\u00e9s de su servicio de mensajer\u00eda SMS.<\/p>\n<p>Informaci\u00f3n recopilada directamente de usted: Podemos recopilar informaci\u00f3n personal directamente de usted, por ejemplo: a trav\u00e9s de la solicitud de membres\u00eda en l\u00ednea y la renovaci\u00f3n, y el acuerdo de servicio de SMS. La informaci\u00f3n personal que recopilamos directamente de usted puede incluir: Nombre y apellido, direcci\u00f3n, direcci\u00f3n de correo electr\u00f3nico y n\u00famero de tel\u00e9fono. <\/p>\n<p>Informaci\u00f3n recopilada de su dispositivo: Nuestro servicio de SMS recopilar\u00e1 y mantendr\u00e1 un registro de su n\u00famero de tel\u00e9fono, el cual est\u00e1 vinculado a su cuenta a trav\u00e9s de The Nevada Registry. El sitio web de The Nevada Registry puede utilizar tecnolog\u00edas de seguimiento como cookies, balizas web, p\u00edxeles y otras tecnolog\u00edas similares para recopilar autom\u00e1ticamente cierta informaci\u00f3n de su dispositivo, incluyendo: su direcci\u00f3n IP, informaci\u00f3n del navegador y sistema operativo, ubicaci\u00f3n geogr\u00e1fica y otra informaci\u00f3n sobre c\u00f3mo interact\u00faa con nuestro servicio de SMS y sitio web. Usted puede deshabilitar las cookies en su navegador web; sin embargo, es posible que algunas partes de nuestro sitio web no funcionen correctamente. M\u00e1s informaci\u00f3n sobre c\u00f3mo bloquear y eliminar cookies est\u00e1 disponible en <a href=\"http:\/\/www.allaboutcookies.org\">http:\/\/www.allaboutcookies.org<\/a>. Nuestro servicio de mensajer\u00eda SMS utiliza la informaci\u00f3n de nuestro sitio web vinculada a las cuentas de los miembros junto con los n\u00fameros de tel\u00e9fono proporcionados para fines informativos relacionados con las actualizaciones de su cuenta.    <\/p>\n<p><strong>Uso de la informaci\u00f3n personal<br \/>\n<\/strong>El servicio de SMS de The Nevada Registry utiliza la informaci\u00f3n personal proporcionada por usted estrictamente para servicios de membres\u00eda. Esto puede incluir recordatorios, contactarlo con anuncios o mensajes importantes, si es necesario, y realizar investigaciones. The Nevada Registry no vender\u00e1 su informaci\u00f3n a terceros y solo utilizar\u00e1 la informaci\u00f3n que usted proporcion\u00f3 para servicios de membres\u00eda.  <\/p>\n<p><strong>Cancelaci\u00f3n de suscripci\u00f3n<br \/>\n<\/strong>El servicio de SMS de The Nevada Registry le brinda la posibilidad de cancelar su suscripci\u00f3n al Servicio por cualquier motivo. Puede darse de baja a trav\u00e9s de su cuenta de membres\u00eda en el Portal en l\u00ednea. <\/p>\n<p>Usted puede tener el derecho de solicitar acceso a la informaci\u00f3n personal que mantenemos sobre usted, o solicitar que su informaci\u00f3n personal sea corregida o eliminada. Para ejercer cualquiera de estos derechos, por favor cont\u00e1ctenos en <a href=\"mailto:nevadaregistry@washoeschools.net\">nevadaregistry@washoeschools.net<\/a>. <\/p>\n<p><strong>Menores<br \/>\n<\/strong>El Servicio no est\u00e1 destinado a menores de 16 a\u00f1os, y The Nevada Registry no recopila conscientemente informaci\u00f3n de menores de 16 a\u00f1os. Los menores de 16 a\u00f1os o m\u00e1s no deben enviar ninguna informaci\u00f3n personal sin el permiso de sus padres o tutores. Al utilizar el Servicio, usted declara que tiene al menos 18 a\u00f1os, o que tiene al menos 16 a\u00f1os y cuenta con el permiso de sus padres para utilizar el servicio.  <\/p>\n<p><strong>Cambios en esta Pol\u00edtica de Privacidad<br \/>\n<\/strong>Podemos actualizar esta Pol\u00edtica de Privacidad en cualquier momento. Por favor, rev\u00edsela con frecuencia. <\/p>\n<h3><strong>Informaci\u00f3n de contacto<\/strong><\/h3>\n<p>Si tiene alguna pregunta sobre estas pol\u00edticas de privacidad o nuestras pr\u00e1cticas de privacidad, por favor <a href=\"https:\/\/www.nevadaregistry.org\/es\/?page_id=13305\">Cont\u00e1ctenos<\/a>.<\/p>\n","protected":false},"excerpt":{"rendered":"<p>Revisado\/Actualizado octubre de 2024 Pol\u00edtica de privacidad del sitio web La Pol\u00edtica de privacidad del sitio web rige la manera&#8230;<\/p>\n","protected":false},"author":2,"featured_media":0,"parent":13312,"menu_order":0,"comment_status":"closed","ping_status":"closed","template":"","meta":{"_acf_changed":false,"footnotes":""},"class_list":["post-13138","page","type-page","status-publish","hentry"],"acf":[],"yoast_head":"<!-- This site is optimized with the Yoast SEO plugin v27.2 - https:\/\/yoast.com\/product\/yoast-seo-wordpress\/ -->\n<title>Manual de pol\u00edticas: Pol\u00edticas de privacidad - The Nevada Registry<\/title>\n<meta name=\"description\" content=\"Revisado\/Actualizado octubre de 2024 Pol\u00edtica de privacidad del sitio web La Pol\u00edtica de privacidad del sitio web rige la manera en que Nevada Registry\" \/>\n<meta name=\"robots\" content=\"index, follow, max-snippet:-1, max-image-preview:large, max-video-preview:-1\" \/>\n<link rel=\"canonical\" href=\"https:\/\/www.nevadaregistry.org\/es\/acerca\/politicas-del-programa\/manual-de-politicas-politicas-de-privacidad\/\" \/>\n<meta property=\"og:locale\" content=\"es_ES\" \/>\n<meta property=\"og:type\" content=\"article\" \/>\n<meta property=\"og:title\" content=\"Manual de pol\u00edticas: Pol\u00edticas de privacidad - The Nevada Registry\" \/>\n<meta property=\"og:description\" content=\"Revisado\/Actualizado octubre de 2024 Pol\u00edtica de privacidad del sitio web La Pol\u00edtica de privacidad del sitio web rige la manera en que Nevada Registry\" \/>\n<meta property=\"og:url\" content=\"https:\/\/www.nevadaregistry.org\/es\/acerca\/politicas-del-programa\/manual-de-politicas-politicas-de-privacidad\/\" \/>\n<meta property=\"og:site_name\" content=\"The Nevada Registry\" \/>\n<meta property=\"article:publisher\" content=\"https:\/\/www.facebook.com\/nevadaregistry\" \/>\n<meta property=\"article:modified_time\" content=\"2025-05-01T21:54:51+00:00\" \/>\n<meta property=\"og:image\" content=\"https:\/\/www.nevadaregistry.org\/wp-content\/uploads\/2020\/10\/NevadaRegistryOGImage.jpg\" \/>\n\t<meta property=\"og:image:width\" content=\"1200\" \/>\n\t<meta property=\"og:image:height\" content=\"630\" \/>\n\t<meta property=\"og:image:type\" content=\"image\/jpeg\" \/>\n<meta name=\"twitter:card\" content=\"summary_large_image\" \/>\n<meta name=\"twitter:label1\" content=\"Tiempo de lectura\" \/>\n\t<meta name=\"twitter:data1\" content=\"10 minutos\" \/>\n<script type=\"application\/ld+json\" class=\"yoast-schema-graph\">{\"@context\":\"https:\/\/schema.org\",\"@graph\":[{\"@type\":\"WebPage\",\"@id\":\"https:\/\/www.nevadaregistry.org\/es\/acerca\/politicas-del-programa\/manual-de-politicas-politicas-de-privacidad\/\",\"url\":\"https:\/\/www.nevadaregistry.org\/es\/acerca\/politicas-del-programa\/manual-de-politicas-politicas-de-privacidad\/\",\"name\":\"Manual de pol\u00edticas: Pol\u00edticas de privacidad - The Nevada Registry\",\"isPartOf\":{\"@id\":\"https:\/\/www.nevadaregistry.org\/es\/#website\"},\"datePublished\":\"2024-09-19T16:22:29+00:00\",\"dateModified\":\"2025-05-01T21:54:51+00:00\",\"description\":\"Revisado\/Actualizado octubre de 2024 Pol\u00edtica de privacidad del sitio web La Pol\u00edtica de privacidad del sitio web rige la manera en que Nevada Registry\",\"breadcrumb\":{\"@id\":\"https:\/\/www.nevadaregistry.org\/es\/acerca\/politicas-del-programa\/manual-de-politicas-politicas-de-privacidad\/#breadcrumb\"},\"inLanguage\":\"es\",\"potentialAction\":[{\"@type\":\"ReadAction\",\"target\":[\"https:\/\/www.nevadaregistry.org\/es\/acerca\/politicas-del-programa\/manual-de-politicas-politicas-de-privacidad\/\"]}]},{\"@type\":\"BreadcrumbList\",\"@id\":\"https:\/\/www.nevadaregistry.org\/es\/acerca\/politicas-del-programa\/manual-de-politicas-politicas-de-privacidad\/#breadcrumb\",\"itemListElement\":[{\"@type\":\"ListItem\",\"position\":1,\"name\":\"Home\",\"item\":\"https:\/\/www.nevadaregistry.org\/es\/pagina-principal\/\"},{\"@type\":\"ListItem\",\"position\":2,\"name\":\"P\u00e1gina Acerca de The Nevada Registry\",\"item\":\"https:\/\/www.nevadaregistry.org\/es\/acerca\/\"},{\"@type\":\"ListItem\",\"position\":3,\"name\":\"Pol\u00edticas del programa\",\"item\":\"https:\/\/www.nevadaregistry.org\/es\/acerca\/politicas-del-programa\/\"},{\"@type\":\"ListItem\",\"position\":4,\"name\":\"Manual de pol\u00edticas: Pol\u00edticas de privacidad\"}]},{\"@type\":\"WebSite\",\"@id\":\"https:\/\/www.nevadaregistry.org\/es\/#website\",\"url\":\"https:\/\/www.nevadaregistry.org\/es\/\",\"name\":\"The Nevada Registry\",\"description\":\"Workforce data system capturing information about the Early Childhood Education and Care (ECEC) workforce in Nevada.\",\"publisher\":{\"@id\":\"https:\/\/www.nevadaregistry.org\/es\/#organization\"},\"potentialAction\":[{\"@type\":\"SearchAction\",\"target\":{\"@type\":\"EntryPoint\",\"urlTemplate\":\"https:\/\/www.nevadaregistry.org\/es\/?s={search_term_string}\"},\"query-input\":{\"@type\":\"PropertyValueSpecification\",\"valueRequired\":true,\"valueName\":\"search_term_string\"}}],\"inLanguage\":\"es\"},{\"@type\":\"Organization\",\"@id\":\"https:\/\/www.nevadaregistry.org\/es\/#organization\",\"name\":\"El Nevada Registry\",\"url\":\"https:\/\/www.nevadaregistry.org\/es\/\",\"logo\":{\"@type\":\"ImageObject\",\"inLanguage\":\"es\",\"@id\":\"https:\/\/www.nevadaregistry.org\/es\/#\/schema\/logo\/image\/\",\"url\":\"https:\/\/www.nevadaregistry.org\/wp-content\/uploads\/2020\/10\/tnr-logo-purple-copy.jpg\",\"contentUrl\":\"https:\/\/www.nevadaregistry.org\/wp-content\/uploads\/2020\/10\/tnr-logo-purple-copy.jpg\",\"width\":\"900\",\"height\":\"562\",\"caption\":\"El Nevada Registry\"},\"image\":{\"@id\":\"https:\/\/www.nevadaregistry.org\/es\/#\/schema\/logo\/image\/\"},\"sameAs\":[\"https:\/\/www.facebook.com\/nevadaregistry\"]}]}<\/script>\n<!-- \/ Yoast SEO plugin. -->","yoast_head_json":{"title":"Manual de pol\u00edticas: Pol\u00edticas de privacidad - The Nevada Registry","description":"Revisado\/Actualizado octubre de 2024 Pol\u00edtica de privacidad del sitio web La Pol\u00edtica de privacidad del sitio web rige la manera en que Nevada Registry","robots":{"index":"index","follow":"follow","max-snippet":"max-snippet:-1","max-image-preview":"max-image-preview:large","max-video-preview":"max-video-preview:-1"},"canonical":"https:\/\/www.nevadaregistry.org\/es\/acerca\/politicas-del-programa\/manual-de-politicas-politicas-de-privacidad\/","og_locale":"es_ES","og_type":"article","og_title":"Manual de pol\u00edticas: Pol\u00edticas de privacidad - The Nevada Registry","og_description":"Revisado\/Actualizado octubre de 2024 Pol\u00edtica de privacidad del sitio web La Pol\u00edtica de privacidad del sitio web rige la manera en que Nevada Registry","og_url":"https:\/\/www.nevadaregistry.org\/es\/acerca\/politicas-del-programa\/manual-de-politicas-politicas-de-privacidad\/","og_site_name":"The Nevada Registry","article_publisher":"https:\/\/www.facebook.com\/nevadaregistry","article_modified_time":"2025-05-01T21:54:51+00:00","og_image":[{"width":1200,"height":630,"url":"https:\/\/www.nevadaregistry.org\/wp-content\/uploads\/2020\/10\/NevadaRegistryOGImage.jpg","type":"image\/jpeg"}],"twitter_card":"summary_large_image","twitter_misc":{"Tiempo de lectura":"10 minutos"},"schema":{"@context":"https:\/\/schema.org","@graph":[{"@type":"WebPage","@id":"https:\/\/www.nevadaregistry.org\/es\/acerca\/politicas-del-programa\/manual-de-politicas-politicas-de-privacidad\/","url":"https:\/\/www.nevadaregistry.org\/es\/acerca\/politicas-del-programa\/manual-de-politicas-politicas-de-privacidad\/","name":"Manual de pol\u00edticas: Pol\u00edticas de privacidad - The Nevada Registry","isPartOf":{"@id":"https:\/\/www.nevadaregistry.org\/es\/#website"},"datePublished":"2024-09-19T16:22:29+00:00","dateModified":"2025-05-01T21:54:51+00:00","description":"Revisado\/Actualizado octubre de 2024 Pol\u00edtica de privacidad del sitio web La Pol\u00edtica de privacidad del sitio web rige la manera en que Nevada Registry","breadcrumb":{"@id":"https:\/\/www.nevadaregistry.org\/es\/acerca\/politicas-del-programa\/manual-de-politicas-politicas-de-privacidad\/#breadcrumb"},"inLanguage":"es","potentialAction":[{"@type":"ReadAction","target":["https:\/\/www.nevadaregistry.org\/es\/acerca\/politicas-del-programa\/manual-de-politicas-politicas-de-privacidad\/"]}]},{"@type":"BreadcrumbList","@id":"https:\/\/www.nevadaregistry.org\/es\/acerca\/politicas-del-programa\/manual-de-politicas-politicas-de-privacidad\/#breadcrumb","itemListElement":[{"@type":"ListItem","position":1,"name":"Home","item":"https:\/\/www.nevadaregistry.org\/es\/pagina-principal\/"},{"@type":"ListItem","position":2,"name":"P\u00e1gina Acerca de The Nevada Registry","item":"https:\/\/www.nevadaregistry.org\/es\/acerca\/"},{"@type":"ListItem","position":3,"name":"Pol\u00edticas del programa","item":"https:\/\/www.nevadaregistry.org\/es\/acerca\/politicas-del-programa\/"},{"@type":"ListItem","position":4,"name":"Manual de pol\u00edticas: Pol\u00edticas de privacidad"}]},{"@type":"WebSite","@id":"https:\/\/www.nevadaregistry.org\/es\/#website","url":"https:\/\/www.nevadaregistry.org\/es\/","name":"The Nevada Registry","description":"Workforce data system capturing information about the Early Childhood Education and Care (ECEC) workforce in Nevada.","publisher":{"@id":"https:\/\/www.nevadaregistry.org\/es\/#organization"},"potentialAction":[{"@type":"SearchAction","target":{"@type":"EntryPoint","urlTemplate":"https:\/\/www.nevadaregistry.org\/es\/?s={search_term_string}"},"query-input":{"@type":"PropertyValueSpecification","valueRequired":true,"valueName":"search_term_string"}}],"inLanguage":"es"},{"@type":"Organization","@id":"https:\/\/www.nevadaregistry.org\/es\/#organization","name":"El Nevada Registry","url":"https:\/\/www.nevadaregistry.org\/es\/","logo":{"@type":"ImageObject","inLanguage":"es","@id":"https:\/\/www.nevadaregistry.org\/es\/#\/schema\/logo\/image\/","url":"https:\/\/www.nevadaregistry.org\/wp-content\/uploads\/2020\/10\/tnr-logo-purple-copy.jpg","contentUrl":"https:\/\/www.nevadaregistry.org\/wp-content\/uploads\/2020\/10\/tnr-logo-purple-copy.jpg","width":"900","height":"562","caption":"El Nevada Registry"},"image":{"@id":"https:\/\/www.nevadaregistry.org\/es\/#\/schema\/logo\/image\/"},"sameAs":["https:\/\/www.facebook.com\/nevadaregistry"]}]}},"_links":{"self":[{"href":"https:\/\/www.nevadaregistry.org\/es\/wp-json\/wp\/v2\/pages\/13138","targetHints":{"allow":["GET"]}}],"collection":[{"href":"https:\/\/www.nevadaregistry.org\/es\/wp-json\/wp\/v2\/pages"}],"about":[{"href":"https:\/\/www.nevadaregistry.org\/es\/wp-json\/wp\/v2\/types\/page"}],"author":[{"embeddable":true,"href":"https:\/\/www.nevadaregistry.org\/es\/wp-json\/wp\/v2\/users\/2"}],"replies":[{"embeddable":true,"href":"https:\/\/www.nevadaregistry.org\/es\/wp-json\/wp\/v2\/comments?post=13138"}],"version-history":[{"count":1,"href":"https:\/\/www.nevadaregistry.org\/es\/wp-json\/wp\/v2\/pages\/13138\/revisions"}],"predecessor-version":[{"id":13140,"href":"https:\/\/www.nevadaregistry.org\/es\/wp-json\/wp\/v2\/pages\/13138\/revisions\/13140"}],"up":[{"embeddable":true,"href":"https:\/\/www.nevadaregistry.org\/es\/wp-json\/wp\/v2\/pages\/13312"}],"wp:attachment":[{"href":"https:\/\/www.nevadaregistry.org\/es\/wp-json\/wp\/v2\/media?parent=13138"}],"curies":[{"name":"wp","href":"https:\/\/api.w.org\/{rel}","templated":true}]}}