{"id":13139,"date":"2024-09-17T14:44:51","date_gmt":"2024-09-17T21:44:51","guid":{"rendered":"https:\/\/www.nevadaregistry.org\/manual-de-politicas-requisitos-de-nivel-de-entrada\/"},"modified":"2026-04-21T13:43:36","modified_gmt":"2026-04-21T20:43:36","slug":"manual-de-politicas-requisitos-de-nivel-de-entrada","status":"publish","type":"page","link":"https:\/\/www.nevadaregistry.org\/es\/acerca\/politicas-del-programa\/manual-de-politicas-requisitos-de-nivel-de-entrada\/","title":{"rendered":"Manual de pol\u00edticas: Requisitos de nivel de entrada"},"content":{"rendered":"<h6><em>Revisado\/Actualizado en abril de 2026<\/em><\/h6>\n<p>Las personas que trabajan en programas de cuidado infantil con licencia deben cumplir con requisitos iniciales espec\u00edficos de Child Care Licensing dentro de los 90 d\u00edas posteriores a su contrataci\u00f3n. La solicitud a The Nevada Registry es el paso final de este proceso. <\/p>\n<p>Los requisitos de nivel de entrada se definen como: Signos y S\u00edntomas de Enfermedad (SOI) con Pat\u00f3genos de Transmisi\u00f3n Hem\u00e1tica, RCP\/Primeros Auxilios para beb\u00e9s\/ni\u00f1os\/pedi\u00e1tricos, Reconocimiento y Notificaci\u00f3n de Abuso y Negligencia Infantil, Desarrollo Infantil, S\u00edndrome de Muerte S\u00fabita del Lactante (SIDS), Bienestar de por Vida, Prevenci\u00f3n del S\u00edndrome del Beb\u00e9 Sacudido (SBS) y Traumatismo Craneal Abusivo (AHT), Seguridad en el Edificio y en las Instalaciones F\u00edsicas, Preparaci\u00f3n para Emergencias, Administraci\u00f3n de Medicamentos\/Alergias Alimentarias y Seguridad en el Transporte y en Excursiones. El SIDS y el SBS\/AHT solo son obligatorios para los cuidadores que trabajan con beb\u00e9s, y la formaci\u00f3n en Seguridad en el Transporte y en Excursiones solo es obligatoria para los conductores designados. <\/p>\n<p>Si al solicitar el ingreso en The Nevada Registry una persona no ha presentado documentaci\u00f3n que acredite la finalizaci\u00f3n de su educaci\u00f3n formal, ser\u00e1 necesaria la verificaci\u00f3n de que ha cumplido los requisitos iniciales de Child Care Licensing para su ubicaci\u00f3n en la Escala de Carrera Profesional en los niveles 1.1, 1.2 y 1.3*. Los solicitantes con al menos ocho cr\u00e9ditos universitarios en ECE, un t\u00edtulo en el campo de la ECE (Educaci\u00f3n Infantil, Desarrollo Infantil, etc.), un t\u00edtulo en otro campo con al menos 30 horas de cr\u00e9dito de cursos de ECE, un certificado CDA vigente o un diploma de secundaria con 120 horas de formaci\u00f3n aprobada no est\u00e1n obligados a presentar los elementos considerados requisitos iniciales de licencia. Los requisitos de nivel de entrada tampoco son obligatorios para las personas que no trabajan en entornos de cuidado infantil con licencia y\/o que cumplen los criterios de proveedor exento de licencia (ver m\u00e1s abajo).  <\/p>\n<p><em>*Se requiere un m\u00ednimo de 1.000 horas de experiencia laboral directa en ECE para situarse en la Escala de Carrera Profesional. Las personas con menos de 1.000 horas de experiencia laboral directa en ECE en el momento de la solicitud recibir\u00e1n un Certificado de Participaci\u00f3n (Pre-Nivel) hasta que se hayan acumulado las horas necesarias. Los miembros de este nivel se consideran miembros activos de The Nevada Registry y cumplen con Child Care Licensing, a pesar de no tener todav\u00eda un nivel asignado en la escala.   <\/em><\/p>\n<h4>Proveedores exentos de licencia<\/h4>\n<p>La mayor\u00eda de los miembros activos del Registro trabajan en programas de cuidado infantil autorizados por Child Care Licensing. Las personas que trabajan en programas con licencia deben cumplir requisitos espec\u00edficos de nivel de entrada y de formaci\u00f3n continua. Estos requisitos de nivel de entrada son la base para la ubicaci\u00f3n en el Nivel 1.1 de la Escala de Carrera Profesional. Sin embargo, existe un subconjunto de miembros que trabajan en programas exentos de licencia* y otros tipos de programas relacionados con la primera infancia que no implican el cuidado directo de ni\u00f1os (por ejemplo, agencias de recursos y derivaci\u00f3n). Debido a que estas personas no est\u00e1n sujetas a los requisitos iniciales y continuos de Child Care Licensing, no pueden cumplir los requisitos del Nivel 1.1 de la Escala de Carrera Profesional (cuando no poseen un t\u00edtulo que les situar\u00eda en los Niveles 4 \u2013 7 de dicha escala). Por este motivo, se aceptan formas alternativas de documentaci\u00f3n, como se indica a continuaci\u00f3n, para la ubicaci\u00f3n en la Escala de Carrera Profesional.     <\/p>\n<p><em>*Los programas exentos de licencia son programas de cuidado infantil no autorizados por Child Care Licensing pero que funcionan legalmente, y otros tipos de programas relacionados con la primera infancia que no implican el cuidado directo de ni\u00f1os (por ejemplo, agencias de recursos y derivaci\u00f3n). <\/em><\/p>\n<p>Nota: Se sigue requiriendo un m\u00ednimo de 1.000 horas de experiencia laboral directa en Educaci\u00f3n Infantil para la ubicaci\u00f3n en la Escala de Carrera Profesional. Las personas con menos de 1.000 horas de experiencia laboral directa en ECE en el momento de la solicitud recibir\u00e1n un Certificado de Participaci\u00f3n (Pre-Nivel) hasta que se hayan acumulado las horas necesarias. Los miembros de este nivel se consideran miembros activos del Registro y cumplen con Child Care Licensing, a pesar de no tener todav\u00eda un nivel asignado en la escala.  <\/p>\n<ol>\n<li>Tribus nativas americanas<\/li>\n<\/ol>\n<ul>\n<li>Identificaci\u00f3n tribal, o<\/li>\n<li>Carta del director del centro tribal que verifique el empleo o carta que verifique la realizaci\u00f3n de una comprobaci\u00f3n de antecedentes del departamento de investigaci\u00f3n tribal (a menudo denominada carta de adjudicaci\u00f3n)<\/li>\n<\/ul>\n<ol start=\"2\">\n<li>Empleados del distrito escolar (que no trabajen en un centro con licencia)<\/li>\n<\/ol>\n<ul>\n<li>Tarjeta de identificaci\u00f3n del distrito escolar<\/li>\n<\/ul>\n<ol start=\"3\">\n<li>Empleados de escuelas ch\u00e1rter (que no trabajen en un centro con licencia) \u2013 Patrocinadas por el estado y el distrito escolar<\/li>\n<\/ol>\n<ul>\n<li>Identificaci\u00f3n del distrito escolar O identificaci\u00f3n emitida por la escuela ch\u00e1rter<\/li>\n<\/ul>\n<ol start=\"4\">\n<li>Programas para ni\u00f1os en edad escolar (cuidado antes y despu\u00e9s de la escuela sin licencia) (obligatorio seg\u00fan NRS 432A.620)<\/li>\n<\/ol>\n<ul>\n<li>Comprobaci\u00f3n de antecedentes<\/li>\n<li>Formaci\u00f3n sobre abuso y negligencia infantil (no es necesario que est\u00e9 aprobada por el Registro)<\/li>\n<\/ul>\n<ol start=\"5\">\n<li>Estudiantes de ECE que deben solicitarlo como parte de un curso universitario. (Solo se aplica a quienes no trabajan en un centro con licencia. Los estudiantes que trabajan en programas con licencia est\u00e1n sujetos a los requisitos de Child Care Licensing). <\/li>\n<\/ol>\n<ul>\n<li>Correo electr\u00f3nico o carta del profesor detallando que deben solicitar la membres\u00eda como una tarea de clase<\/li>\n<\/ul>\n<ol start=\"6\">\n<li>Cuidadores menores de edad (16 y 17 a\u00f1os)<\/li>\n<\/ol>\n<ul>\n<li>Toda la formaci\u00f3n inicial requerida por Child Care Licensing.<\/li>\n<\/ul>\n<ol start=\"7\">\n<li>Profesionales indirectos de ECE (no trabajan en programas de cuidado infantil)<\/li>\n<\/ol>\n<ul>\n<li><a href=\"https:\/\/www.nevadaregistry.org\/wp-content\/uploads\/2023\/03\/IndirectEmploymentVerificationFormFILLABLE.pdf\">Formulario de verificaci\u00f3n de empleo indirecto<\/a><\/li>\n<\/ul>\n<ol start=\"8\">\n<li>Proveedores registrados de Familia, Amigos y Vecinos (FFN)<\/li>\n<\/ol>\n<ul>\n<li>Toda la formaci\u00f3n inicial requerida por Child Care Licensing.<\/li>\n<\/ul>\n<ol start=\"9\">\n<li>Proveedores de Kith and Kin sin licencia<\/li>\n<\/ol>\n<ul>\n<li><a href=\"https:\/\/www.nevadaregistry.org\/wp-content\/uploads\/2023\/03\/UnlicensedChildCareSelfAttestationForm.pdf\">Formulario de autodeclaraci\u00f3n de proveedor de cuidado infantil sin licencia<\/a><\/li>\n<\/ul>\n<ol start=\"10\">\n<li>Proveedores de cuidado infantil familiar de la Base de la Fuerza A\u00e9rea de Nellis\/Creech<\/li>\n<\/ol>\n<ul>\n<li>El certificado emitido por la AFB para la Orientaci\u00f3n de Nuevos Proveedores, los M\u00f3dulos de Proveedor de FCC y la formaci\u00f3n anual requerida por la AF es aceptado autom\u00e1ticamente por Child Care Licensing\/The Nevada Registry sin necesidad de un c\u00f3digo de aprobaci\u00f3n o carta emitida por el Registro.<\/li>\n<\/ul>\n<h4>Primeros auxilios\/RCP<\/h4>\n<p>La formaci\u00f3n en RCP\/Primeros auxilios ser\u00e1 reconocida por Child Care Licensing y The Nevada Registry para la ubicaci\u00f3n en la escala profesional SOLO cuando se reciba de un instructor que emita una tarjeta de certificaci\u00f3n oficial* de una de las siguientes agencias:<\/p>\n<ul>\n<li>American Heart Association<\/li>\n<li>American Red Cross<\/li>\n<li>HSI (agencia matriz de las marcas American Safety and Health Institute, Medic First Aid y EMS Safety Services)<\/li>\n<\/ul>\n<p>Seg\u00fan la licencia estatal de cuidado infantil:<\/p>\n<ul>\n<li>La capacitaci\u00f3n en RCP debe incluir un componente para beb\u00e9s\/ni\u00f1os\/pedi\u00e1trico. No se aceptar\u00e1n tarjetas que indiquen instrucci\u00f3n solo para adultos o que no indiquen claramente que se incluy\u00f3 RCP para beb\u00e9s\/ni\u00f1os\/pedi\u00e1trica.<\/li>\n<li>La formaci\u00f3n en RCP debe incluir un componente de demostraci\u00f3n de habilidades en persona. Se permite la instrucci\u00f3n combinada que combine el aprendizaje en l\u00ednea con la demostraci\u00f3n de habilidades. No se aceptar\u00e1 un curso de RCP ofrecido 100% en l\u00ednea, incluso si se toma de una de las agencias reconocidas. <\/li>\n<li>La formaci\u00f3n en primeros auxilios puede realizarse en persona o en l\u00ednea, pero debe ser espec\u00edfica para beb\u00e9s\/ni\u00f1os\/pedi\u00e1trica. No se aceptar\u00e1n tarjetas que indiquen instrucci\u00f3n solo para adultos o que no indiquen claramente que se incluyeron primeros auxilios para beb\u00e9s\/ni\u00f1os\/pedi\u00e1tricos. <\/li>\n<\/ul>\n","protected":false},"excerpt":{"rendered":"<p>Revisado\/Actualizado en abril de 2026 Las personas que trabajan en programas de cuidado infantil con licencia deben cumplir con requisitos&#8230;<\/p>\n","protected":false},"author":2,"featured_media":0,"parent":13312,"menu_order":0,"comment_status":"closed","ping_status":"closed","template":"","meta":{"_acf_changed":false,"footnotes":""},"class_list":["post-13139","page","type-page","status-publish","hentry"],"acf":[],"yoast_head":"<!-- This site is optimized with the Yoast SEO plugin v27.4 - https:\/\/yoast.com\/product\/yoast-seo-wordpress\/ -->\n<title>Manual de pol\u00edticas: Requisitos de nivel de entrada - The Nevada Registry<\/title>\n<meta name=\"description\" content=\"Revisado\/Actualizado en abril de 2026 Las personas que trabajan en programas de cuidado infantil con licencia deben cumplir con requisitos iniciales\" \/>\n<meta name=\"robots\" content=\"index, follow, max-snippet:-1, max-image-preview:large, max-video-preview:-1\" \/>\n<link rel=\"canonical\" href=\"https:\/\/www.nevadaregistry.org\/es\/acerca\/politicas-del-programa\/manual-de-politicas-requisitos-de-nivel-de-entrada\/\" \/>\n<meta property=\"og:locale\" content=\"es_ES\" \/>\n<meta property=\"og:type\" content=\"article\" \/>\n<meta property=\"og:title\" content=\"Manual de pol\u00edticas: Requisitos de nivel de entrada - The Nevada Registry\" \/>\n<meta property=\"og:description\" content=\"Revisado\/Actualizado en abril de 2026 Las personas que trabajan en programas de cuidado infantil con licencia deben cumplir con requisitos iniciales\" \/>\n<meta property=\"og:url\" content=\"https:\/\/www.nevadaregistry.org\/es\/acerca\/politicas-del-programa\/manual-de-politicas-requisitos-de-nivel-de-entrada\/\" \/>\n<meta property=\"og:site_name\" content=\"The Nevada Registry\" \/>\n<meta property=\"article:publisher\" content=\"https:\/\/www.facebook.com\/nevadaregistry\" \/>\n<meta property=\"article:modified_time\" content=\"2026-04-21T20:43:36+00:00\" \/>\n<meta property=\"og:image\" content=\"https:\/\/www.nevadaregistry.org\/wp-content\/uploads\/2020\/10\/NevadaRegistryOGImage.jpg\" \/>\n\t<meta property=\"og:image:width\" content=\"1200\" \/>\n\t<meta property=\"og:image:height\" content=\"630\" \/>\n\t<meta property=\"og:image:type\" content=\"image\/jpeg\" \/>\n<meta name=\"twitter:card\" content=\"summary_large_image\" \/>\n<meta name=\"twitter:label1\" content=\"Tiempo de lectura\" \/>\n\t<meta name=\"twitter:data1\" content=\"7 minutos\" \/>\n<script type=\"application\/ld+json\" class=\"yoast-schema-graph\">{\"@context\":\"https:\\\/\\\/schema.org\",\"@graph\":[{\"@type\":\"WebPage\",\"@id\":\"https:\\\/\\\/www.nevadaregistry.org\\\/es\\\/acerca\\\/politicas-del-programa\\\/manual-de-politicas-requisitos-de-nivel-de-entrada\\\/\",\"url\":\"https:\\\/\\\/www.nevadaregistry.org\\\/es\\\/acerca\\\/politicas-del-programa\\\/manual-de-politicas-requisitos-de-nivel-de-entrada\\\/\",\"name\":\"Manual de pol\u00edticas: Requisitos de nivel de entrada - The Nevada Registry\",\"isPartOf\":{\"@id\":\"https:\\\/\\\/www.nevadaregistry.org\\\/es\\\/#website\"},\"datePublished\":\"2024-09-17T21:44:51+00:00\",\"dateModified\":\"2026-04-21T20:43:36+00:00\",\"description\":\"Revisado\\\/Actualizado en abril de 2026 Las personas que trabajan en programas de cuidado infantil con licencia deben cumplir con requisitos iniciales\",\"breadcrumb\":{\"@id\":\"https:\\\/\\\/www.nevadaregistry.org\\\/es\\\/acerca\\\/politicas-del-programa\\\/manual-de-politicas-requisitos-de-nivel-de-entrada\\\/#breadcrumb\"},\"inLanguage\":\"es\",\"potentialAction\":[{\"@type\":\"ReadAction\",\"target\":[\"https:\\\/\\\/www.nevadaregistry.org\\\/es\\\/acerca\\\/politicas-del-programa\\\/manual-de-politicas-requisitos-de-nivel-de-entrada\\\/\"]}]},{\"@type\":\"BreadcrumbList\",\"@id\":\"https:\\\/\\\/www.nevadaregistry.org\\\/es\\\/acerca\\\/politicas-del-programa\\\/manual-de-politicas-requisitos-de-nivel-de-entrada\\\/#breadcrumb\",\"itemListElement\":[{\"@type\":\"ListItem\",\"position\":1,\"name\":\"Home\",\"item\":\"https:\\\/\\\/www.nevadaregistry.org\\\/es\\\/pagina-principal\\\/\"},{\"@type\":\"ListItem\",\"position\":2,\"name\":\"P\u00e1gina Acerca de The Nevada Registry\",\"item\":\"https:\\\/\\\/www.nevadaregistry.org\\\/es\\\/acerca\\\/\"},{\"@type\":\"ListItem\",\"position\":3,\"name\":\"Pol\u00edticas del programa\",\"item\":\"https:\\\/\\\/www.nevadaregistry.org\\\/es\\\/acerca\\\/politicas-del-programa\\\/\"},{\"@type\":\"ListItem\",\"position\":4,\"name\":\"Manual de pol\u00edticas: Requisitos de nivel de entrada\"}]},{\"@type\":\"WebSite\",\"@id\":\"https:\\\/\\\/www.nevadaregistry.org\\\/es\\\/#website\",\"url\":\"https:\\\/\\\/www.nevadaregistry.org\\\/es\\\/\",\"name\":\"The Nevada Registry\",\"description\":\"Workforce data system capturing information about the Early Childhood Education and Care (ECEC) workforce in Nevada.\",\"publisher\":{\"@id\":\"https:\\\/\\\/www.nevadaregistry.org\\\/es\\\/#organization\"},\"potentialAction\":[{\"@type\":\"SearchAction\",\"target\":{\"@type\":\"EntryPoint\",\"urlTemplate\":\"https:\\\/\\\/www.nevadaregistry.org\\\/es\\\/?s={search_term_string}\"},\"query-input\":{\"@type\":\"PropertyValueSpecification\",\"valueRequired\":true,\"valueName\":\"search_term_string\"}}],\"inLanguage\":\"es\"},{\"@type\":\"Organization\",\"@id\":\"https:\\\/\\\/www.nevadaregistry.org\\\/es\\\/#organization\",\"name\":\"El Nevada Registry\",\"url\":\"https:\\\/\\\/www.nevadaregistry.org\\\/es\\\/\",\"logo\":{\"@type\":\"ImageObject\",\"inLanguage\":\"es\",\"@id\":\"https:\\\/\\\/www.nevadaregistry.org\\\/es\\\/#\\\/schema\\\/logo\\\/image\\\/\",\"url\":\"https:\\\/\\\/www.nevadaregistry.org\\\/wp-content\\\/uploads\\\/2020\\\/10\\\/tnr-logo-purple-copy.jpg\",\"contentUrl\":\"https:\\\/\\\/www.nevadaregistry.org\\\/wp-content\\\/uploads\\\/2020\\\/10\\\/tnr-logo-purple-copy.jpg\",\"width\":\"900\",\"height\":\"562\",\"caption\":\"El Nevada Registry\"},\"image\":{\"@id\":\"https:\\\/\\\/www.nevadaregistry.org\\\/es\\\/#\\\/schema\\\/logo\\\/image\\\/\"},\"sameAs\":[\"https:\\\/\\\/www.facebook.com\\\/nevadaregistry\"]}]}<\/script>\n<!-- \/ Yoast SEO plugin. -->","yoast_head_json":{"title":"Manual de pol\u00edticas: Requisitos de nivel de entrada - The Nevada Registry","description":"Revisado\/Actualizado en abril de 2026 Las personas que trabajan en programas de cuidado infantil con licencia deben cumplir con requisitos iniciales","robots":{"index":"index","follow":"follow","max-snippet":"max-snippet:-1","max-image-preview":"max-image-preview:large","max-video-preview":"max-video-preview:-1"},"canonical":"https:\/\/www.nevadaregistry.org\/es\/acerca\/politicas-del-programa\/manual-de-politicas-requisitos-de-nivel-de-entrada\/","og_locale":"es_ES","og_type":"article","og_title":"Manual de pol\u00edticas: Requisitos de nivel de entrada - The Nevada Registry","og_description":"Revisado\/Actualizado en abril de 2026 Las personas que trabajan en programas de cuidado infantil con licencia deben cumplir con requisitos iniciales","og_url":"https:\/\/www.nevadaregistry.org\/es\/acerca\/politicas-del-programa\/manual-de-politicas-requisitos-de-nivel-de-entrada\/","og_site_name":"The Nevada Registry","article_publisher":"https:\/\/www.facebook.com\/nevadaregistry","article_modified_time":"2026-04-21T20:43:36+00:00","og_image":[{"width":1200,"height":630,"url":"https:\/\/www.nevadaregistry.org\/wp-content\/uploads\/2020\/10\/NevadaRegistryOGImage.jpg","type":"image\/jpeg"}],"twitter_card":"summary_large_image","twitter_misc":{"Tiempo de lectura":"7 minutos"},"schema":{"@context":"https:\/\/schema.org","@graph":[{"@type":"WebPage","@id":"https:\/\/www.nevadaregistry.org\/es\/acerca\/politicas-del-programa\/manual-de-politicas-requisitos-de-nivel-de-entrada\/","url":"https:\/\/www.nevadaregistry.org\/es\/acerca\/politicas-del-programa\/manual-de-politicas-requisitos-de-nivel-de-entrada\/","name":"Manual de pol\u00edticas: Requisitos de nivel de entrada - The Nevada Registry","isPartOf":{"@id":"https:\/\/www.nevadaregistry.org\/es\/#website"},"datePublished":"2024-09-17T21:44:51+00:00","dateModified":"2026-04-21T20:43:36+00:00","description":"Revisado\/Actualizado en abril de 2026 Las personas que trabajan en programas de cuidado infantil con licencia deben cumplir con requisitos iniciales","breadcrumb":{"@id":"https:\/\/www.nevadaregistry.org\/es\/acerca\/politicas-del-programa\/manual-de-politicas-requisitos-de-nivel-de-entrada\/#breadcrumb"},"inLanguage":"es","potentialAction":[{"@type":"ReadAction","target":["https:\/\/www.nevadaregistry.org\/es\/acerca\/politicas-del-programa\/manual-de-politicas-requisitos-de-nivel-de-entrada\/"]}]},{"@type":"BreadcrumbList","@id":"https:\/\/www.nevadaregistry.org\/es\/acerca\/politicas-del-programa\/manual-de-politicas-requisitos-de-nivel-de-entrada\/#breadcrumb","itemListElement":[{"@type":"ListItem","position":1,"name":"Home","item":"https:\/\/www.nevadaregistry.org\/es\/pagina-principal\/"},{"@type":"ListItem","position":2,"name":"P\u00e1gina Acerca de The Nevada Registry","item":"https:\/\/www.nevadaregistry.org\/es\/acerca\/"},{"@type":"ListItem","position":3,"name":"Pol\u00edticas del programa","item":"https:\/\/www.nevadaregistry.org\/es\/acerca\/politicas-del-programa\/"},{"@type":"ListItem","position":4,"name":"Manual de pol\u00edticas: Requisitos de nivel de entrada"}]},{"@type":"WebSite","@id":"https:\/\/www.nevadaregistry.org\/es\/#website","url":"https:\/\/www.nevadaregistry.org\/es\/","name":"The Nevada Registry","description":"Workforce data system capturing information about the Early Childhood Education and Care (ECEC) workforce in Nevada.","publisher":{"@id":"https:\/\/www.nevadaregistry.org\/es\/#organization"},"potentialAction":[{"@type":"SearchAction","target":{"@type":"EntryPoint","urlTemplate":"https:\/\/www.nevadaregistry.org\/es\/?s={search_term_string}"},"query-input":{"@type":"PropertyValueSpecification","valueRequired":true,"valueName":"search_term_string"}}],"inLanguage":"es"},{"@type":"Organization","@id":"https:\/\/www.nevadaregistry.org\/es\/#organization","name":"El Nevada Registry","url":"https:\/\/www.nevadaregistry.org\/es\/","logo":{"@type":"ImageObject","inLanguage":"es","@id":"https:\/\/www.nevadaregistry.org\/es\/#\/schema\/logo\/image\/","url":"https:\/\/www.nevadaregistry.org\/wp-content\/uploads\/2020\/10\/tnr-logo-purple-copy.jpg","contentUrl":"https:\/\/www.nevadaregistry.org\/wp-content\/uploads\/2020\/10\/tnr-logo-purple-copy.jpg","width":"900","height":"562","caption":"El Nevada Registry"},"image":{"@id":"https:\/\/www.nevadaregistry.org\/es\/#\/schema\/logo\/image\/"},"sameAs":["https:\/\/www.facebook.com\/nevadaregistry"]}]}},"_links":{"self":[{"href":"https:\/\/www.nevadaregistry.org\/es\/wp-json\/wp\/v2\/pages\/13139","targetHints":{"allow":["GET"]}}],"collection":[{"href":"https:\/\/www.nevadaregistry.org\/es\/wp-json\/wp\/v2\/pages"}],"about":[{"href":"https:\/\/www.nevadaregistry.org\/es\/wp-json\/wp\/v2\/types\/page"}],"author":[{"embeddable":true,"href":"https:\/\/www.nevadaregistry.org\/es\/wp-json\/wp\/v2\/users\/2"}],"replies":[{"embeddable":true,"href":"https:\/\/www.nevadaregistry.org\/es\/wp-json\/wp\/v2\/comments?post=13139"}],"version-history":[{"count":4,"href":"https:\/\/www.nevadaregistry.org\/es\/wp-json\/wp\/v2\/pages\/13139\/revisions"}],"predecessor-version":[{"id":18461,"href":"https:\/\/www.nevadaregistry.org\/es\/wp-json\/wp\/v2\/pages\/13139\/revisions\/18461"}],"up":[{"embeddable":true,"href":"https:\/\/www.nevadaregistry.org\/es\/wp-json\/wp\/v2\/pages\/13312"}],"wp:attachment":[{"href":"https:\/\/www.nevadaregistry.org\/es\/wp-json\/wp\/v2\/media?parent=13139"}],"curies":[{"name":"wp","href":"https:\/\/api.w.org\/{rel}","templated":true}]}}