{"id":13144,"date":"2024-09-16T10:16:52","date_gmt":"2024-09-16T17:16:52","guid":{"rendered":"https:\/\/www.nevadaregistry.org\/proximamente-manual-de-bienestar-para-la-fuerza-laboral-de-atencion-y-educacion-temprana-de-nevada\/"},"modified":"2026-02-18T08:40:51","modified_gmt":"2026-02-18T16:40:51","slug":"proximamente-manual-de-bienestar-para-la-fuerza-laboral-de-atencion-y-educacion-temprana-de-nevada","status":"publish","type":"page","link":"https:\/\/www.nevadaregistry.org\/es\/proximamente-manual-de-bienestar-para-la-fuerza-laboral-de-atencion-y-educacion-temprana-de-nevada\/","title":{"rendered":"\u00a1Pr\u00f3ximamente! Gu\u00eda de bienestar para el personal de educaci\u00f3n y cuidado infantil de Nevada"},"content":{"rendered":"\t\t<div data-elementor-type=\"wp-page\" data-elementor-id=\"13144\" class=\"elementor elementor-13144\" data-elementor-post-type=\"page\">\n\t\t\t\t\t\t<section class=\"elementor-section elementor-top-section elementor-element elementor-element-45ae1f9 elementor-section-boxed elementor-section-height-default elementor-section-height-default\" data-id=\"45ae1f9\" data-element_type=\"section\" data-e-type=\"section\">\n\t\t\t\t\t\t<div class=\"elementor-container elementor-column-gap-default\">\n\t\t\t\t\t<div class=\"elementor-column elementor-col-100 elementor-top-column elementor-element elementor-element-4e5d4f1\" data-id=\"4e5d4f1\" data-element_type=\"column\" data-e-type=\"column\">\n\t\t\t<div class=\"elementor-widget-wrap elementor-element-populated\">\n\t\t\t\t\t\t<div class=\"elementor-element elementor-element-3ffbea6 elementor-widget elementor-widget-kps3-simple\" data-id=\"3ffbea6\" data-element_type=\"widget\" data-e-type=\"widget\" data-widget_type=\"kps3-simple.default\">\n\t\t\t\t<div class=\"elementor-widget-container\">\n\t\t\t\t\t\n    <header  class=\"header  header--green\">\n      <div class=\"header__container container\">\n        <div class=\"header__content\">\n          <h1 class=\"header__heading\">Gu\u00eda de bienestar para el personal de educaci\u00f3n y cuidado infantil<\/h1>\n        <\/div>\n                <div class=\"header__image\" style=\"background-image:url('https:\/\/www.nevadaregistry.org\/wp-content\/uploads\/2020\/09\/NVR_Header_Image-4.png')\"><\/div>\n              <\/div>\n    <\/header>\n    \t\t\t\t<\/div>\n\t\t\t\t<\/div>\n\t\t\t\t<div class=\"elementor-element elementor-element-6471205 elementor-widget elementor-widget-kps3-intro-text\" data-id=\"6471205\" data-element_type=\"widget\" data-e-type=\"widget\" data-widget_type=\"kps3-intro-text.default\">\n\t\t\t\t<div class=\"elementor-widget-container\">\n\t\t\t\t\t\n    <div  class=\"intro-text\">\n      <div class=\"intro-text__container container\">\n        <h2 class=\"intro-text__heading\" id=\"6471205\"><\/h2>\n                  <p class=\"intro-text__text\">\n            <p>\u00a1YA EST\u00c1 DISPONIBLE!<br \/>\nLa Gu\u00eda de Bienestar de la Fuerza Laboral de Cuidado y Educaci\u00f3n Temprana incluye estrategias e ideas de bienestar espec\u00edficas para apoyar a los directores y a su personal de manera significativa. <\/p>\n<p>La Gu\u00eda interactiva de Bienestar de la Fuerza Laboral ya est\u00e1 disponible para los miembros activos de The Nevada Registry.<br \/>\n\u00a1Inicia sesi\u00f3n en tu portal en l\u00ednea para comenzar tu viaje de bienestar hoy mismo! <\/p>\n<p>Para obtener m\u00e1s informaci\u00f3n, ponte en contacto con Jamie Mendez en: jamie.mendez@doe.nv.gov.<\/p>\n          <\/p>\n                      <\/div>\n    <\/div>\n\n    \t\t\t\t<\/div>\n\t\t\t\t<\/div>\n\t\t\t\t<div class=\"elementor-element elementor-element-a9930b9 elementor-widget elementor-widget-kps3-spacer\" data-id=\"a9930b9\" data-element_type=\"widget\" data-e-type=\"widget\" data-widget_type=\"kps3-spacer.default\">\n\t\t\t\t<div class=\"elementor-widget-container\">\n\t\t\t\t\t    <div \n            class=\"spacer spacer--small spacer--white\"\n    ><\/div>\n    \t\t\t\t<\/div>\n\t\t\t\t<\/div>\n\t\t\t\t\t<\/div>\n\t\t<\/div>\n\t\t\t\t\t<\/div>\n\t\t<\/section>\n\t\t\t\t<\/div>\n\t\t","protected":false},"excerpt":{"rendered":"<p>Gu\u00eda de bienestar para el personal de educaci\u00f3n y cuidado infantil \u00a1YA EST\u00c1 DISPONIBLE! La Gu\u00eda de Bienestar de la&#8230;<\/p>\n","protected":false},"author":2,"featured_media":0,"parent":0,"menu_order":0,"comment_status":"closed","ping_status":"closed","template":"","meta":{"_acf_changed":false,"footnotes":""},"class_list":["post-13144","page","type-page","status-publish","hentry"],"acf":[],"yoast_head":"<!-- This site is optimized with the Yoast SEO plugin v27.2 - https:\/\/yoast.com\/product\/yoast-seo-wordpress\/ -->\n<title>\u00a1Pr\u00f3ximamente! Gu\u00eda de bienestar para el personal de educaci\u00f3n y cuidado infantil de Nevada - The Nevada Registry<\/title>\n<meta name=\"description\" content=\"Gu\u00eda de bienestar para el personal de educaci\u00f3n y cuidado infantil \u00a1YA EST\u00c1 DISPONIBLE! La Gu\u00eda de Bienestar de la Fuerza Laboral de Cuidado y Educaci\u00f3n\" \/>\n<meta name=\"robots\" content=\"index, follow, max-snippet:-1, max-image-preview:large, max-video-preview:-1\" \/>\n<link rel=\"canonical\" href=\"https:\/\/www.nevadaregistry.org\/es\/proximamente-manual-de-bienestar-para-la-fuerza-laboral-de-atencion-y-educacion-temprana-de-nevada\/\" \/>\n<meta property=\"og:locale\" content=\"es_ES\" \/>\n<meta property=\"og:type\" content=\"article\" \/>\n<meta property=\"og:title\" content=\"\u00a1Pr\u00f3ximamente! Gu\u00eda de bienestar para el personal de educaci\u00f3n y cuidado infantil de Nevada - The Nevada Registry\" \/>\n<meta property=\"og:description\" content=\"Gu\u00eda de bienestar para el personal de educaci\u00f3n y cuidado infantil \u00a1YA EST\u00c1 DISPONIBLE! La Gu\u00eda de Bienestar de la Fuerza Laboral de Cuidado y Educaci\u00f3n\" \/>\n<meta property=\"og:url\" content=\"https:\/\/www.nevadaregistry.org\/es\/proximamente-manual-de-bienestar-para-la-fuerza-laboral-de-atencion-y-educacion-temprana-de-nevada\/\" \/>\n<meta property=\"og:site_name\" content=\"The Nevada Registry\" \/>\n<meta property=\"article:publisher\" content=\"https:\/\/www.facebook.com\/nevadaregistry\" \/>\n<meta property=\"article:modified_time\" content=\"2026-02-18T16:40:51+00:00\" \/>\n<meta property=\"og:image\" content=\"https:\/\/www.nevadaregistry.org\/wp-content\/uploads\/2020\/10\/NevadaRegistryOGImage.jpg\" \/>\n\t<meta property=\"og:image:width\" content=\"1200\" \/>\n\t<meta property=\"og:image:height\" content=\"630\" \/>\n\t<meta property=\"og:image:type\" content=\"image\/jpeg\" \/>\n<meta name=\"twitter:card\" content=\"summary_large_image\" \/>\n<meta name=\"twitter:label1\" content=\"Tiempo de lectura\" \/>\n\t<meta name=\"twitter:data1\" content=\"1 minuto\" \/>\n<script type=\"application\/ld+json\" class=\"yoast-schema-graph\">{\"@context\":\"https:\/\/schema.org\",\"@graph\":[{\"@type\":\"WebPage\",\"@id\":\"https:\/\/www.nevadaregistry.org\/es\/proximamente-manual-de-bienestar-para-la-fuerza-laboral-de-atencion-y-educacion-temprana-de-nevada\/\",\"url\":\"https:\/\/www.nevadaregistry.org\/es\/proximamente-manual-de-bienestar-para-la-fuerza-laboral-de-atencion-y-educacion-temprana-de-nevada\/\",\"name\":\"\u00a1Pr\u00f3ximamente! Gu\u00eda de bienestar para el personal de educaci\u00f3n y cuidado infantil de Nevada - The Nevada Registry\",\"isPartOf\":{\"@id\":\"https:\/\/www.nevadaregistry.org\/es\/#website\"},\"datePublished\":\"2024-09-16T17:16:52+00:00\",\"dateModified\":\"2026-02-18T16:40:51+00:00\",\"description\":\"Gu\u00eda de bienestar para el personal de educaci\u00f3n y cuidado infantil \u00a1YA EST\u00c1 DISPONIBLE! La Gu\u00eda de Bienestar de la Fuerza Laboral de Cuidado y Educaci\u00f3n\",\"breadcrumb\":{\"@id\":\"https:\/\/www.nevadaregistry.org\/es\/proximamente-manual-de-bienestar-para-la-fuerza-laboral-de-atencion-y-educacion-temprana-de-nevada\/#breadcrumb\"},\"inLanguage\":\"es\",\"potentialAction\":[{\"@type\":\"ReadAction\",\"target\":[\"https:\/\/www.nevadaregistry.org\/es\/proximamente-manual-de-bienestar-para-la-fuerza-laboral-de-atencion-y-educacion-temprana-de-nevada\/\"]}]},{\"@type\":\"BreadcrumbList\",\"@id\":\"https:\/\/www.nevadaregistry.org\/es\/proximamente-manual-de-bienestar-para-la-fuerza-laboral-de-atencion-y-educacion-temprana-de-nevada\/#breadcrumb\",\"itemListElement\":[{\"@type\":\"ListItem\",\"position\":1,\"name\":\"Home\",\"item\":\"https:\/\/www.nevadaregistry.org\/es\/pagina-principal\/\"},{\"@type\":\"ListItem\",\"position\":2,\"name\":\"\u00a1Pr\u00f3ximamente! Gu\u00eda de bienestar para el personal de educaci\u00f3n y cuidado infantil de Nevada\"}]},{\"@type\":\"WebSite\",\"@id\":\"https:\/\/www.nevadaregistry.org\/es\/#website\",\"url\":\"https:\/\/www.nevadaregistry.org\/es\/\",\"name\":\"The Nevada Registry\",\"description\":\"Workforce data system capturing information about the Early Childhood Education and Care (ECEC) workforce in Nevada.\",\"publisher\":{\"@id\":\"https:\/\/www.nevadaregistry.org\/es\/#organization\"},\"potentialAction\":[{\"@type\":\"SearchAction\",\"target\":{\"@type\":\"EntryPoint\",\"urlTemplate\":\"https:\/\/www.nevadaregistry.org\/es\/?s={search_term_string}\"},\"query-input\":{\"@type\":\"PropertyValueSpecification\",\"valueRequired\":true,\"valueName\":\"search_term_string\"}}],\"inLanguage\":\"es\"},{\"@type\":\"Organization\",\"@id\":\"https:\/\/www.nevadaregistry.org\/es\/#organization\",\"name\":\"El Nevada Registry\",\"url\":\"https:\/\/www.nevadaregistry.org\/es\/\",\"logo\":{\"@type\":\"ImageObject\",\"inLanguage\":\"es\",\"@id\":\"https:\/\/www.nevadaregistry.org\/es\/#\/schema\/logo\/image\/\",\"url\":\"https:\/\/www.nevadaregistry.org\/wp-content\/uploads\/2020\/10\/tnr-logo-purple-copy.jpg\",\"contentUrl\":\"https:\/\/www.nevadaregistry.org\/wp-content\/uploads\/2020\/10\/tnr-logo-purple-copy.jpg\",\"width\":\"900\",\"height\":\"562\",\"caption\":\"El Nevada Registry\"},\"image\":{\"@id\":\"https:\/\/www.nevadaregistry.org\/es\/#\/schema\/logo\/image\/\"},\"sameAs\":[\"https:\/\/www.facebook.com\/nevadaregistry\"]}]}<\/script>\n<!-- \/ Yoast SEO plugin. -->","yoast_head_json":{"title":"\u00a1Pr\u00f3ximamente! Gu\u00eda de bienestar para el personal de educaci\u00f3n y cuidado infantil de Nevada - The Nevada Registry","description":"Gu\u00eda de bienestar para el personal de educaci\u00f3n y cuidado infantil \u00a1YA EST\u00c1 DISPONIBLE! La Gu\u00eda de Bienestar de la Fuerza Laboral de Cuidado y Educaci\u00f3n","robots":{"index":"index","follow":"follow","max-snippet":"max-snippet:-1","max-image-preview":"max-image-preview:large","max-video-preview":"max-video-preview:-1"},"canonical":"https:\/\/www.nevadaregistry.org\/es\/proximamente-manual-de-bienestar-para-la-fuerza-laboral-de-atencion-y-educacion-temprana-de-nevada\/","og_locale":"es_ES","og_type":"article","og_title":"\u00a1Pr\u00f3ximamente! Gu\u00eda de bienestar para el personal de educaci\u00f3n y cuidado infantil de Nevada - The Nevada Registry","og_description":"Gu\u00eda de bienestar para el personal de educaci\u00f3n y cuidado infantil \u00a1YA EST\u00c1 DISPONIBLE! La Gu\u00eda de Bienestar de la Fuerza Laboral de Cuidado y Educaci\u00f3n","og_url":"https:\/\/www.nevadaregistry.org\/es\/proximamente-manual-de-bienestar-para-la-fuerza-laboral-de-atencion-y-educacion-temprana-de-nevada\/","og_site_name":"The Nevada Registry","article_publisher":"https:\/\/www.facebook.com\/nevadaregistry","article_modified_time":"2026-02-18T16:40:51+00:00","og_image":[{"width":1200,"height":630,"url":"https:\/\/www.nevadaregistry.org\/wp-content\/uploads\/2020\/10\/NevadaRegistryOGImage.jpg","type":"image\/jpeg"}],"twitter_card":"summary_large_image","twitter_misc":{"Tiempo de lectura":"1 minuto"},"schema":{"@context":"https:\/\/schema.org","@graph":[{"@type":"WebPage","@id":"https:\/\/www.nevadaregistry.org\/es\/proximamente-manual-de-bienestar-para-la-fuerza-laboral-de-atencion-y-educacion-temprana-de-nevada\/","url":"https:\/\/www.nevadaregistry.org\/es\/proximamente-manual-de-bienestar-para-la-fuerza-laboral-de-atencion-y-educacion-temprana-de-nevada\/","name":"\u00a1Pr\u00f3ximamente! Gu\u00eda de bienestar para el personal de educaci\u00f3n y cuidado infantil de Nevada - The Nevada Registry","isPartOf":{"@id":"https:\/\/www.nevadaregistry.org\/es\/#website"},"datePublished":"2024-09-16T17:16:52+00:00","dateModified":"2026-02-18T16:40:51+00:00","description":"Gu\u00eda de bienestar para el personal de educaci\u00f3n y cuidado infantil \u00a1YA EST\u00c1 DISPONIBLE! La Gu\u00eda de Bienestar de la Fuerza Laboral de Cuidado y Educaci\u00f3n","breadcrumb":{"@id":"https:\/\/www.nevadaregistry.org\/es\/proximamente-manual-de-bienestar-para-la-fuerza-laboral-de-atencion-y-educacion-temprana-de-nevada\/#breadcrumb"},"inLanguage":"es","potentialAction":[{"@type":"ReadAction","target":["https:\/\/www.nevadaregistry.org\/es\/proximamente-manual-de-bienestar-para-la-fuerza-laboral-de-atencion-y-educacion-temprana-de-nevada\/"]}]},{"@type":"BreadcrumbList","@id":"https:\/\/www.nevadaregistry.org\/es\/proximamente-manual-de-bienestar-para-la-fuerza-laboral-de-atencion-y-educacion-temprana-de-nevada\/#breadcrumb","itemListElement":[{"@type":"ListItem","position":1,"name":"Home","item":"https:\/\/www.nevadaregistry.org\/es\/pagina-principal\/"},{"@type":"ListItem","position":2,"name":"\u00a1Pr\u00f3ximamente! Gu\u00eda de bienestar para el personal de educaci\u00f3n y cuidado infantil de Nevada"}]},{"@type":"WebSite","@id":"https:\/\/www.nevadaregistry.org\/es\/#website","url":"https:\/\/www.nevadaregistry.org\/es\/","name":"The Nevada Registry","description":"Workforce data system capturing information about the Early Childhood Education and Care (ECEC) workforce in Nevada.","publisher":{"@id":"https:\/\/www.nevadaregistry.org\/es\/#organization"},"potentialAction":[{"@type":"SearchAction","target":{"@type":"EntryPoint","urlTemplate":"https:\/\/www.nevadaregistry.org\/es\/?s={search_term_string}"},"query-input":{"@type":"PropertyValueSpecification","valueRequired":true,"valueName":"search_term_string"}}],"inLanguage":"es"},{"@type":"Organization","@id":"https:\/\/www.nevadaregistry.org\/es\/#organization","name":"El Nevada Registry","url":"https:\/\/www.nevadaregistry.org\/es\/","logo":{"@type":"ImageObject","inLanguage":"es","@id":"https:\/\/www.nevadaregistry.org\/es\/#\/schema\/logo\/image\/","url":"https:\/\/www.nevadaregistry.org\/wp-content\/uploads\/2020\/10\/tnr-logo-purple-copy.jpg","contentUrl":"https:\/\/www.nevadaregistry.org\/wp-content\/uploads\/2020\/10\/tnr-logo-purple-copy.jpg","width":"900","height":"562","caption":"El Nevada Registry"},"image":{"@id":"https:\/\/www.nevadaregistry.org\/es\/#\/schema\/logo\/image\/"},"sameAs":["https:\/\/www.facebook.com\/nevadaregistry"]}]}},"_links":{"self":[{"href":"https:\/\/www.nevadaregistry.org\/es\/wp-json\/wp\/v2\/pages\/13144","targetHints":{"allow":["GET"]}}],"collection":[{"href":"https:\/\/www.nevadaregistry.org\/es\/wp-json\/wp\/v2\/pages"}],"about":[{"href":"https:\/\/www.nevadaregistry.org\/es\/wp-json\/wp\/v2\/types\/page"}],"author":[{"embeddable":true,"href":"https:\/\/www.nevadaregistry.org\/es\/wp-json\/wp\/v2\/users\/2"}],"replies":[{"embeddable":true,"href":"https:\/\/www.nevadaregistry.org\/es\/wp-json\/wp\/v2\/comments?post=13144"}],"version-history":[{"count":6,"href":"https:\/\/www.nevadaregistry.org\/es\/wp-json\/wp\/v2\/pages\/13144\/revisions"}],"predecessor-version":[{"id":17915,"href":"https:\/\/www.nevadaregistry.org\/es\/wp-json\/wp\/v2\/pages\/13144\/revisions\/17915"}],"wp:attachment":[{"href":"https:\/\/www.nevadaregistry.org\/es\/wp-json\/wp\/v2\/media?parent=13144"}],"curies":[{"name":"wp","href":"https:\/\/api.w.org\/{rel}","templated":true}]}}