{"id":13149,"date":"2024-09-13T13:59:17","date_gmt":"2024-09-13T20:59:17","guid":{"rendered":"https:\/\/www.nevadaregistry.org\/manual-de-politicas-rendicion-de-cuentas-monitoreo-e-informes\/"},"modified":"2025-05-01T14:54:51","modified_gmt":"2025-05-01T21:54:51","slug":"manual-de-politicas-rendicion-de-cuentas-monitoreo-e-informes","status":"publish","type":"page","link":"https:\/\/www.nevadaregistry.org\/es\/acerca\/politicas-del-programa\/manual-de-politicas-rendicion-de-cuentas-monitoreo-e-informes\/","title":{"rendered":"Manual de pol\u00edticas: Rendici\u00f3n de cuentas, monitoreo e informes"},"content":{"rendered":"<h6><em>Revisado\/Actualizado octubre de 2024<\/em><\/h6>\n<p>Como sistema de reconocimiento y recopilaci\u00f3n de datos para la Educaci\u00f3n y Atenci\u00f3n Temprana (ECE, por sus siglas en ingl\u00e9s), el Nevada Registry se encuentra en una posici\u00f3n \u00fanica para recopilar una gran cantidad de datos sobre la fuerza laboral en el estado de Nevada. Los datos se recopilan diariamente a trav\u00e9s del proceso de asignaci\u00f3n de la Escala Profesional y el sistema de aprobaci\u00f3n de capacitaciones. <\/p>\n<p>Los datos recopilados de las Solicitudes de Membres\u00eda y los formularios de Renovaci\u00f3n se utilizan para crear Expedientes de Desarrollo Profesional para cada miembro y ayudan a crear un reflejo preciso del historial profesional y educativo \u00fanico de un individuo en ECE; resultando en una asignaci\u00f3n precisa del nivel de <a href=\"https:\/\/www.nevadaregistry.org\/wp-content\/uploads\/2020\/09\/CareerLadder.pdf\">Escala Profesional<\/a>. Los datos tambi\u00e9n ayudan al estado a obtener conocimientos sobre la fuerza laboral de ECE y pueden contribuir a realizar cambios positivos en el sistema de desarrollo profesional en Nevada. <\/p>\n<p>Los datos agregados de membres\u00eda y del sistema de aprobaci\u00f3n de capacitaciones pueden compartirse con colaboradores y partes interesadas y\/o divulgarse a agencias comunitarias y estatales para respaldar proyectos de datos y ayudar en la planificaci\u00f3n de un aumento de financiaci\u00f3n, calidad y servicios de la comunidad de primera infancia. En todos los casos, los datos nunca se divulgan con informaci\u00f3n identificable adjunta. Cualquier dato proporcionado a la comunidad a trav\u00e9s del sitio web y\/o colaboradores por otros medios, se combina para informar sobre grandes grupos de personas, en lugar de sobre cualquier miembro individual.  <\/p>\n<h4>Actividades de monitoreo e informes:<\/h4>\n<ul>\n<li>Trimestralmente, el Nevada Registry publica digitalmente datos agregados del programa que destacan la demograf\u00eda y las estad\u00edsticas de membres\u00eda y aprobaci\u00f3n de capacitaciones. Esta informaci\u00f3n se publica en la p\u00e1gina de &#8216;<a href=\"https:\/\/www.nevadaregistry.org\/es\/about\/informes-y-estadisticas\/\">Informes y Estad\u00edsticas<\/a>&#8216; del sitio web de Nevada Registry. <\/li>\n<li>Los informes de resultados e indicadores del a\u00f1o fiscal se publican en la p\u00e1gina de &#8216;<a href=\"https:\/\/www.nevadaregistry.org\/es\/about\/informes-y-estadisticas\/\">Informes y Estad\u00edsticas<\/a>&#8216; del sitio web de Nevada Registry anualmente.<\/li>\n<li>Las actividades fiscales se llevan a cabo de acuerdo con las pol\u00edticas y procedimientos contables y comerciales establecidos del <a href=\"https:\/\/www.washoeschools.net\/\">Distrito Escolar del Condado de Washoe<\/a> y cumplen con todos los requisitos de subvenciones federales.<\/li>\n<li>Los gastos trimestrales y los resultados anuales del programa se informan a la <a href=\"https:\/\/doe.nv.gov\/offices\/oeld\">Oficina de Aprendizaje y Desarrollo Temprano del Departamento de Educaci\u00f3n de Nevada<\/a> como la principal fuente de financiaci\u00f3n.<\/li>\n<li>Las organizaciones asociadas como <a href=\"https:\/\/doe.nv.gov\/offices\/oeld\/ece-professionals\/qris\">QRIS<\/a>, <a href=\"https:\/\/nvteach.org\/\">T.E.A.C.H. Early Childhood Nevada<\/a>, <a href=\"https:\/\/www.childrenscabinet.org\/\">The Children&#8217;s Cabinet<\/a>, <a href=\"https:\/\/dwss.nv.gov\/Care\/CCL\/ccl-licensing-home\/\">Child Care Licensing<\/a>, etc., pueden solicitar informes de datos por escrito.<\/li>\n<li>Solicitudes de datos adicionales est\u00e1n disponibles previa petici\u00f3n por escrito.<\/li>\n<\/ul>\n<p>&nbsp;<\/p>\n","protected":false},"excerpt":{"rendered":"<p>Revisado\/Actualizado octubre de 2024 Como sistema de reconocimiento y recopilaci\u00f3n de datos para la Educaci\u00f3n y Atenci\u00f3n Temprana (ECE, por&#8230;<\/p>\n","protected":false},"author":2,"featured_media":0,"parent":13312,"menu_order":0,"comment_status":"closed","ping_status":"closed","template":"","meta":{"_acf_changed":false,"footnotes":""},"class_list":["post-13149","page","type-page","status-publish","hentry"],"acf":[],"yoast_head":"<!-- This site is optimized with the Yoast SEO plugin v27.4 - https:\/\/yoast.com\/product\/yoast-seo-wordpress\/ -->\n<title>Manual de pol\u00edticas: Rendici\u00f3n de cuentas, monitoreo e informes - The Nevada Registry<\/title>\n<meta name=\"description\" content=\"Revisado\/Actualizado octubre de 2024 Como sistema de reconocimiento y recopilaci\u00f3n de datos para la Educaci\u00f3n y Atenci\u00f3n Temprana (ECE, por sus siglas en\" \/>\n<meta name=\"robots\" content=\"index, follow, max-snippet:-1, max-image-preview:large, max-video-preview:-1\" \/>\n<link rel=\"canonical\" href=\"https:\/\/www.nevadaregistry.org\/es\/acerca\/politicas-del-programa\/manual-de-politicas-rendicion-de-cuentas-monitoreo-e-informes\/\" \/>\n<meta property=\"og:locale\" content=\"es_ES\" \/>\n<meta property=\"og:type\" content=\"article\" \/>\n<meta property=\"og:title\" content=\"Manual de pol\u00edticas: Rendici\u00f3n de cuentas, monitoreo e informes - The Nevada Registry\" \/>\n<meta property=\"og:description\" content=\"Revisado\/Actualizado octubre de 2024 Como sistema de reconocimiento y recopilaci\u00f3n de datos para la Educaci\u00f3n y Atenci\u00f3n Temprana (ECE, por sus siglas en\" \/>\n<meta property=\"og:url\" content=\"https:\/\/www.nevadaregistry.org\/es\/acerca\/politicas-del-programa\/manual-de-politicas-rendicion-de-cuentas-monitoreo-e-informes\/\" \/>\n<meta property=\"og:site_name\" content=\"The Nevada Registry\" \/>\n<meta property=\"article:publisher\" content=\"https:\/\/www.facebook.com\/nevadaregistry\" \/>\n<meta property=\"article:modified_time\" content=\"2025-05-01T21:54:51+00:00\" \/>\n<meta property=\"og:image\" content=\"https:\/\/www.nevadaregistry.org\/wp-content\/uploads\/2020\/10\/NevadaRegistryOGImage.jpg\" \/>\n\t<meta property=\"og:image:width\" content=\"1200\" \/>\n\t<meta property=\"og:image:height\" content=\"630\" \/>\n\t<meta property=\"og:image:type\" content=\"image\/jpeg\" \/>\n<meta name=\"twitter:card\" content=\"summary_large_image\" \/>\n<meta name=\"twitter:label1\" content=\"Tiempo de lectura\" \/>\n\t<meta name=\"twitter:data1\" content=\"2 minutos\" \/>\n<script type=\"application\/ld+json\" class=\"yoast-schema-graph\">{\"@context\":\"https:\\\/\\\/schema.org\",\"@graph\":[{\"@type\":\"WebPage\",\"@id\":\"https:\\\/\\\/www.nevadaregistry.org\\\/es\\\/acerca\\\/politicas-del-programa\\\/manual-de-politicas-rendicion-de-cuentas-monitoreo-e-informes\\\/\",\"url\":\"https:\\\/\\\/www.nevadaregistry.org\\\/es\\\/acerca\\\/politicas-del-programa\\\/manual-de-politicas-rendicion-de-cuentas-monitoreo-e-informes\\\/\",\"name\":\"Manual de pol\u00edticas: Rendici\u00f3n de cuentas, monitoreo e informes - The Nevada Registry\",\"isPartOf\":{\"@id\":\"https:\\\/\\\/www.nevadaregistry.org\\\/es\\\/#website\"},\"datePublished\":\"2024-09-13T20:59:17+00:00\",\"dateModified\":\"2025-05-01T21:54:51+00:00\",\"description\":\"Revisado\\\/Actualizado octubre de 2024 Como sistema de reconocimiento y recopilaci\u00f3n de datos para la Educaci\u00f3n y Atenci\u00f3n Temprana (ECE, por sus siglas en\",\"breadcrumb\":{\"@id\":\"https:\\\/\\\/www.nevadaregistry.org\\\/es\\\/acerca\\\/politicas-del-programa\\\/manual-de-politicas-rendicion-de-cuentas-monitoreo-e-informes\\\/#breadcrumb\"},\"inLanguage\":\"es\",\"potentialAction\":[{\"@type\":\"ReadAction\",\"target\":[\"https:\\\/\\\/www.nevadaregistry.org\\\/es\\\/acerca\\\/politicas-del-programa\\\/manual-de-politicas-rendicion-de-cuentas-monitoreo-e-informes\\\/\"]}]},{\"@type\":\"BreadcrumbList\",\"@id\":\"https:\\\/\\\/www.nevadaregistry.org\\\/es\\\/acerca\\\/politicas-del-programa\\\/manual-de-politicas-rendicion-de-cuentas-monitoreo-e-informes\\\/#breadcrumb\",\"itemListElement\":[{\"@type\":\"ListItem\",\"position\":1,\"name\":\"Home\",\"item\":\"https:\\\/\\\/www.nevadaregistry.org\\\/es\\\/pagina-principal\\\/\"},{\"@type\":\"ListItem\",\"position\":2,\"name\":\"P\u00e1gina Acerca de The Nevada Registry\",\"item\":\"https:\\\/\\\/www.nevadaregistry.org\\\/es\\\/acerca\\\/\"},{\"@type\":\"ListItem\",\"position\":3,\"name\":\"Pol\u00edticas del programa\",\"item\":\"https:\\\/\\\/www.nevadaregistry.org\\\/es\\\/acerca\\\/politicas-del-programa\\\/\"},{\"@type\":\"ListItem\",\"position\":4,\"name\":\"Manual de pol\u00edticas: Rendici\u00f3n de cuentas, monitoreo e informes\"}]},{\"@type\":\"WebSite\",\"@id\":\"https:\\\/\\\/www.nevadaregistry.org\\\/es\\\/#website\",\"url\":\"https:\\\/\\\/www.nevadaregistry.org\\\/es\\\/\",\"name\":\"The Nevada Registry\",\"description\":\"Workforce data system capturing information about the Early Childhood Education and Care (ECEC) workforce in Nevada.\",\"publisher\":{\"@id\":\"https:\\\/\\\/www.nevadaregistry.org\\\/es\\\/#organization\"},\"potentialAction\":[{\"@type\":\"SearchAction\",\"target\":{\"@type\":\"EntryPoint\",\"urlTemplate\":\"https:\\\/\\\/www.nevadaregistry.org\\\/es\\\/?s={search_term_string}\"},\"query-input\":{\"@type\":\"PropertyValueSpecification\",\"valueRequired\":true,\"valueName\":\"search_term_string\"}}],\"inLanguage\":\"es\"},{\"@type\":\"Organization\",\"@id\":\"https:\\\/\\\/www.nevadaregistry.org\\\/es\\\/#organization\",\"name\":\"El Nevada Registry\",\"url\":\"https:\\\/\\\/www.nevadaregistry.org\\\/es\\\/\",\"logo\":{\"@type\":\"ImageObject\",\"inLanguage\":\"es\",\"@id\":\"https:\\\/\\\/www.nevadaregistry.org\\\/es\\\/#\\\/schema\\\/logo\\\/image\\\/\",\"url\":\"https:\\\/\\\/www.nevadaregistry.org\\\/wp-content\\\/uploads\\\/2020\\\/10\\\/tnr-logo-purple-copy.jpg\",\"contentUrl\":\"https:\\\/\\\/www.nevadaregistry.org\\\/wp-content\\\/uploads\\\/2020\\\/10\\\/tnr-logo-purple-copy.jpg\",\"width\":\"900\",\"height\":\"562\",\"caption\":\"El Nevada Registry\"},\"image\":{\"@id\":\"https:\\\/\\\/www.nevadaregistry.org\\\/es\\\/#\\\/schema\\\/logo\\\/image\\\/\"},\"sameAs\":[\"https:\\\/\\\/www.facebook.com\\\/nevadaregistry\"]}]}<\/script>\n<!-- \/ Yoast SEO plugin. -->","yoast_head_json":{"title":"Manual de pol\u00edticas: Rendici\u00f3n de cuentas, monitoreo e informes - The Nevada Registry","description":"Revisado\/Actualizado octubre de 2024 Como sistema de reconocimiento y recopilaci\u00f3n de datos para la Educaci\u00f3n y Atenci\u00f3n Temprana (ECE, por sus siglas en","robots":{"index":"index","follow":"follow","max-snippet":"max-snippet:-1","max-image-preview":"max-image-preview:large","max-video-preview":"max-video-preview:-1"},"canonical":"https:\/\/www.nevadaregistry.org\/es\/acerca\/politicas-del-programa\/manual-de-politicas-rendicion-de-cuentas-monitoreo-e-informes\/","og_locale":"es_ES","og_type":"article","og_title":"Manual de pol\u00edticas: Rendici\u00f3n de cuentas, monitoreo e informes - The Nevada Registry","og_description":"Revisado\/Actualizado octubre de 2024 Como sistema de reconocimiento y recopilaci\u00f3n de datos para la Educaci\u00f3n y Atenci\u00f3n Temprana (ECE, por sus siglas en","og_url":"https:\/\/www.nevadaregistry.org\/es\/acerca\/politicas-del-programa\/manual-de-politicas-rendicion-de-cuentas-monitoreo-e-informes\/","og_site_name":"The Nevada Registry","article_publisher":"https:\/\/www.facebook.com\/nevadaregistry","article_modified_time":"2025-05-01T21:54:51+00:00","og_image":[{"width":1200,"height":630,"url":"https:\/\/www.nevadaregistry.org\/wp-content\/uploads\/2020\/10\/NevadaRegistryOGImage.jpg","type":"image\/jpeg"}],"twitter_card":"summary_large_image","twitter_misc":{"Tiempo de lectura":"2 minutos"},"schema":{"@context":"https:\/\/schema.org","@graph":[{"@type":"WebPage","@id":"https:\/\/www.nevadaregistry.org\/es\/acerca\/politicas-del-programa\/manual-de-politicas-rendicion-de-cuentas-monitoreo-e-informes\/","url":"https:\/\/www.nevadaregistry.org\/es\/acerca\/politicas-del-programa\/manual-de-politicas-rendicion-de-cuentas-monitoreo-e-informes\/","name":"Manual de pol\u00edticas: Rendici\u00f3n de cuentas, monitoreo e informes - The Nevada Registry","isPartOf":{"@id":"https:\/\/www.nevadaregistry.org\/es\/#website"},"datePublished":"2024-09-13T20:59:17+00:00","dateModified":"2025-05-01T21:54:51+00:00","description":"Revisado\/Actualizado octubre de 2024 Como sistema de reconocimiento y recopilaci\u00f3n de datos para la Educaci\u00f3n y Atenci\u00f3n Temprana (ECE, por sus siglas en","breadcrumb":{"@id":"https:\/\/www.nevadaregistry.org\/es\/acerca\/politicas-del-programa\/manual-de-politicas-rendicion-de-cuentas-monitoreo-e-informes\/#breadcrumb"},"inLanguage":"es","potentialAction":[{"@type":"ReadAction","target":["https:\/\/www.nevadaregistry.org\/es\/acerca\/politicas-del-programa\/manual-de-politicas-rendicion-de-cuentas-monitoreo-e-informes\/"]}]},{"@type":"BreadcrumbList","@id":"https:\/\/www.nevadaregistry.org\/es\/acerca\/politicas-del-programa\/manual-de-politicas-rendicion-de-cuentas-monitoreo-e-informes\/#breadcrumb","itemListElement":[{"@type":"ListItem","position":1,"name":"Home","item":"https:\/\/www.nevadaregistry.org\/es\/pagina-principal\/"},{"@type":"ListItem","position":2,"name":"P\u00e1gina Acerca de The Nevada Registry","item":"https:\/\/www.nevadaregistry.org\/es\/acerca\/"},{"@type":"ListItem","position":3,"name":"Pol\u00edticas del programa","item":"https:\/\/www.nevadaregistry.org\/es\/acerca\/politicas-del-programa\/"},{"@type":"ListItem","position":4,"name":"Manual de pol\u00edticas: Rendici\u00f3n de cuentas, monitoreo e informes"}]},{"@type":"WebSite","@id":"https:\/\/www.nevadaregistry.org\/es\/#website","url":"https:\/\/www.nevadaregistry.org\/es\/","name":"The Nevada Registry","description":"Workforce data system capturing information about the Early Childhood Education and Care (ECEC) workforce in Nevada.","publisher":{"@id":"https:\/\/www.nevadaregistry.org\/es\/#organization"},"potentialAction":[{"@type":"SearchAction","target":{"@type":"EntryPoint","urlTemplate":"https:\/\/www.nevadaregistry.org\/es\/?s={search_term_string}"},"query-input":{"@type":"PropertyValueSpecification","valueRequired":true,"valueName":"search_term_string"}}],"inLanguage":"es"},{"@type":"Organization","@id":"https:\/\/www.nevadaregistry.org\/es\/#organization","name":"El Nevada Registry","url":"https:\/\/www.nevadaregistry.org\/es\/","logo":{"@type":"ImageObject","inLanguage":"es","@id":"https:\/\/www.nevadaregistry.org\/es\/#\/schema\/logo\/image\/","url":"https:\/\/www.nevadaregistry.org\/wp-content\/uploads\/2020\/10\/tnr-logo-purple-copy.jpg","contentUrl":"https:\/\/www.nevadaregistry.org\/wp-content\/uploads\/2020\/10\/tnr-logo-purple-copy.jpg","width":"900","height":"562","caption":"El Nevada Registry"},"image":{"@id":"https:\/\/www.nevadaregistry.org\/es\/#\/schema\/logo\/image\/"},"sameAs":["https:\/\/www.facebook.com\/nevadaregistry"]}]}},"_links":{"self":[{"href":"https:\/\/www.nevadaregistry.org\/es\/wp-json\/wp\/v2\/pages\/13149","targetHints":{"allow":["GET"]}}],"collection":[{"href":"https:\/\/www.nevadaregistry.org\/es\/wp-json\/wp\/v2\/pages"}],"about":[{"href":"https:\/\/www.nevadaregistry.org\/es\/wp-json\/wp\/v2\/types\/page"}],"author":[{"embeddable":true,"href":"https:\/\/www.nevadaregistry.org\/es\/wp-json\/wp\/v2\/users\/2"}],"replies":[{"embeddable":true,"href":"https:\/\/www.nevadaregistry.org\/es\/wp-json\/wp\/v2\/comments?post=13149"}],"version-history":[{"count":1,"href":"https:\/\/www.nevadaregistry.org\/es\/wp-json\/wp\/v2\/pages\/13149\/revisions"}],"predecessor-version":[{"id":13150,"href":"https:\/\/www.nevadaregistry.org\/es\/wp-json\/wp\/v2\/pages\/13149\/revisions\/13150"}],"up":[{"embeddable":true,"href":"https:\/\/www.nevadaregistry.org\/es\/wp-json\/wp\/v2\/pages\/13312"}],"wp:attachment":[{"href":"https:\/\/www.nevadaregistry.org\/es\/wp-json\/wp\/v2\/media?parent=13149"}],"curies":[{"name":"wp","href":"https:\/\/api.w.org\/{rel}","templated":true}]}}