{"id":13156,"date":"2024-09-12T15:52:23","date_gmt":"2024-09-12T22:52:23","guid":{"rendered":"https:\/\/www.nevadaregistry.org\/manual-de-politicas-introduccion\/"},"modified":"2025-05-01T14:54:51","modified_gmt":"2025-05-01T21:54:51","slug":"manual-de-politicas-introduccion","status":"publish","type":"page","link":"https:\/\/www.nevadaregistry.org\/es\/acerca\/politicas-del-programa\/manual-de-politicas-introduccion\/","title":{"rendered":"Manual de pol\u00edticas: Introducci\u00f3n"},"content":{"rendered":"<h6><em>Revisado\/Actualizado octubre de 2024<\/em><\/h6>\n<p>Prestando servicios a educadores de la primera infancia en todo Nevada, The Nevada Registry es un sistema de desarrollo profesional, reconocimiento y recopilaci\u00f3n de datos que captura informaci\u00f3n importante sobre la fuerza laboral de Educaci\u00f3n Infantil Temprana (ECE, por sus siglas en ingl\u00e9s). A trav\u00e9s de la validaci\u00f3n de los logros profesionales y educativos de los profesionales de ECE, The Nevada Registry aspira a elevar el estatus de la profesi\u00f3n promoviendo una fuerza laboral bien capacitada, educada, respaldada y justamente remunerada; una fuerza laboral que representa una profesi\u00f3n viable y cr\u00edtica en nuestra sociedad. The Nevada Registry es uno de los esfuerzos estatales orientados a reducir la rotaci\u00f3n de personal, aumentar los salarios, elevar el profesionalismo e incrementar las oportunidades de avance para los educadores de ECE.  <\/p>\n<p>Como anfitri\u00f3n de la Escala Profesional de Cuidado y Educaci\u00f3n Temprana de Nevada, The Nevada Registry recopila, valida y almacena los logros profesionales y educativos de los educadores de la primera infancia en todo el estado y destaca esos logros a trav\u00e9s de la ubicaci\u00f3n en la Escala Profesional. Proporcionando un punto \u00fanico de acceso, el Registro ofrece herramientas de planificaci\u00f3n del desarrollo profesional, incluyendo un Plan de Desarrollo Profesional en l\u00ednea, y aloja un sitio web integral que contiene un calendario en l\u00ednea de capacitaciones aprobadas, una p\u00e1gina de NOTICIAS relacionadas con la industria, un tablero de empleos estatal y recursos\/informaci\u00f3n comunitarios. El Registro tambi\u00e9n opera el sistema estatal de aprobaci\u00f3n de capacitaciones para todas las formaciones informales basadas en la comunidad en Nevada.  <\/p>\n","protected":false},"excerpt":{"rendered":"<p>Revisado\/Actualizado octubre de 2024 Prestando servicios a educadores de la primera infancia en todo Nevada, The Nevada Registry es un&#8230;<\/p>\n","protected":false},"author":2,"featured_media":0,"parent":13312,"menu_order":1,"comment_status":"closed","ping_status":"closed","template":"","meta":{"_acf_changed":false,"footnotes":""},"class_list":["post-13156","page","type-page","status-publish","hentry"],"acf":[],"yoast_head":"<!-- This site is optimized with the Yoast SEO plugin v27.4 - https:\/\/yoast.com\/product\/yoast-seo-wordpress\/ -->\n<title>Manual de pol\u00edticas: Introducci\u00f3n - The Nevada Registry<\/title>\n<meta name=\"description\" content=\"Revisado\/Actualizado octubre de 2024 Prestando servicios a educadores de la primera infancia en todo Nevada, The Nevada Registry es un sistema de\" \/>\n<meta name=\"robots\" content=\"index, follow, max-snippet:-1, max-image-preview:large, max-video-preview:-1\" \/>\n<link rel=\"canonical\" href=\"https:\/\/www.nevadaregistry.org\/es\/acerca\/politicas-del-programa\/manual-de-politicas-introduccion\/\" \/>\n<meta property=\"og:locale\" content=\"es_ES\" \/>\n<meta property=\"og:type\" content=\"article\" \/>\n<meta property=\"og:title\" content=\"Manual de pol\u00edticas: Introducci\u00f3n - The Nevada Registry\" \/>\n<meta property=\"og:description\" content=\"Revisado\/Actualizado octubre de 2024 Prestando servicios a educadores de la primera infancia en todo Nevada, The Nevada Registry es un sistema de\" \/>\n<meta property=\"og:url\" content=\"https:\/\/www.nevadaregistry.org\/es\/acerca\/politicas-del-programa\/manual-de-politicas-introduccion\/\" \/>\n<meta property=\"og:site_name\" content=\"The Nevada Registry\" \/>\n<meta property=\"article:publisher\" content=\"https:\/\/www.facebook.com\/nevadaregistry\" \/>\n<meta property=\"article:modified_time\" content=\"2025-05-01T21:54:51+00:00\" \/>\n<meta property=\"og:image\" content=\"https:\/\/www.nevadaregistry.org\/wp-content\/uploads\/2020\/10\/NevadaRegistryOGImage.jpg\" \/>\n\t<meta property=\"og:image:width\" content=\"1200\" \/>\n\t<meta property=\"og:image:height\" content=\"630\" \/>\n\t<meta property=\"og:image:type\" content=\"image\/jpeg\" \/>\n<meta name=\"twitter:card\" content=\"summary_large_image\" \/>\n<meta name=\"twitter:label1\" content=\"Tiempo de lectura\" \/>\n\t<meta name=\"twitter:data1\" content=\"1 minuto\" \/>\n<script type=\"application\/ld+json\" class=\"yoast-schema-graph\">{\"@context\":\"https:\\\/\\\/schema.org\",\"@graph\":[{\"@type\":\"WebPage\",\"@id\":\"https:\\\/\\\/www.nevadaregistry.org\\\/es\\\/acerca\\\/politicas-del-programa\\\/manual-de-politicas-introduccion\\\/\",\"url\":\"https:\\\/\\\/www.nevadaregistry.org\\\/es\\\/acerca\\\/politicas-del-programa\\\/manual-de-politicas-introduccion\\\/\",\"name\":\"Manual de pol\u00edticas: Introducci\u00f3n - The Nevada Registry\",\"isPartOf\":{\"@id\":\"https:\\\/\\\/www.nevadaregistry.org\\\/es\\\/#website\"},\"datePublished\":\"2024-09-12T22:52:23+00:00\",\"dateModified\":\"2025-05-01T21:54:51+00:00\",\"description\":\"Revisado\\\/Actualizado octubre de 2024 Prestando servicios a educadores de la primera infancia en todo Nevada, The Nevada Registry es un sistema de\",\"breadcrumb\":{\"@id\":\"https:\\\/\\\/www.nevadaregistry.org\\\/es\\\/acerca\\\/politicas-del-programa\\\/manual-de-politicas-introduccion\\\/#breadcrumb\"},\"inLanguage\":\"es\",\"potentialAction\":[{\"@type\":\"ReadAction\",\"target\":[\"https:\\\/\\\/www.nevadaregistry.org\\\/es\\\/acerca\\\/politicas-del-programa\\\/manual-de-politicas-introduccion\\\/\"]}]},{\"@type\":\"BreadcrumbList\",\"@id\":\"https:\\\/\\\/www.nevadaregistry.org\\\/es\\\/acerca\\\/politicas-del-programa\\\/manual-de-politicas-introduccion\\\/#breadcrumb\",\"itemListElement\":[{\"@type\":\"ListItem\",\"position\":1,\"name\":\"Home\",\"item\":\"https:\\\/\\\/www.nevadaregistry.org\\\/es\\\/pagina-principal\\\/\"},{\"@type\":\"ListItem\",\"position\":2,\"name\":\"P\u00e1gina Acerca de The Nevada Registry\",\"item\":\"https:\\\/\\\/www.nevadaregistry.org\\\/es\\\/acerca\\\/\"},{\"@type\":\"ListItem\",\"position\":3,\"name\":\"Pol\u00edticas del programa\",\"item\":\"https:\\\/\\\/www.nevadaregistry.org\\\/es\\\/acerca\\\/politicas-del-programa\\\/\"},{\"@type\":\"ListItem\",\"position\":4,\"name\":\"Manual de pol\u00edticas: Introducci\u00f3n\"}]},{\"@type\":\"WebSite\",\"@id\":\"https:\\\/\\\/www.nevadaregistry.org\\\/es\\\/#website\",\"url\":\"https:\\\/\\\/www.nevadaregistry.org\\\/es\\\/\",\"name\":\"The Nevada Registry\",\"description\":\"Workforce data system capturing information about the Early Childhood Education and Care (ECEC) workforce in Nevada.\",\"publisher\":{\"@id\":\"https:\\\/\\\/www.nevadaregistry.org\\\/es\\\/#organization\"},\"potentialAction\":[{\"@type\":\"SearchAction\",\"target\":{\"@type\":\"EntryPoint\",\"urlTemplate\":\"https:\\\/\\\/www.nevadaregistry.org\\\/es\\\/?s={search_term_string}\"},\"query-input\":{\"@type\":\"PropertyValueSpecification\",\"valueRequired\":true,\"valueName\":\"search_term_string\"}}],\"inLanguage\":\"es\"},{\"@type\":\"Organization\",\"@id\":\"https:\\\/\\\/www.nevadaregistry.org\\\/es\\\/#organization\",\"name\":\"El Nevada Registry\",\"url\":\"https:\\\/\\\/www.nevadaregistry.org\\\/es\\\/\",\"logo\":{\"@type\":\"ImageObject\",\"inLanguage\":\"es\",\"@id\":\"https:\\\/\\\/www.nevadaregistry.org\\\/es\\\/#\\\/schema\\\/logo\\\/image\\\/\",\"url\":\"https:\\\/\\\/www.nevadaregistry.org\\\/wp-content\\\/uploads\\\/2020\\\/10\\\/tnr-logo-purple-copy.jpg\",\"contentUrl\":\"https:\\\/\\\/www.nevadaregistry.org\\\/wp-content\\\/uploads\\\/2020\\\/10\\\/tnr-logo-purple-copy.jpg\",\"width\":\"900\",\"height\":\"562\",\"caption\":\"El Nevada Registry\"},\"image\":{\"@id\":\"https:\\\/\\\/www.nevadaregistry.org\\\/es\\\/#\\\/schema\\\/logo\\\/image\\\/\"},\"sameAs\":[\"https:\\\/\\\/www.facebook.com\\\/nevadaregistry\"]}]}<\/script>\n<!-- \/ Yoast SEO plugin. -->","yoast_head_json":{"title":"Manual de pol\u00edticas: Introducci\u00f3n - The Nevada Registry","description":"Revisado\/Actualizado octubre de 2024 Prestando servicios a educadores de la primera infancia en todo Nevada, The Nevada Registry es un sistema de","robots":{"index":"index","follow":"follow","max-snippet":"max-snippet:-1","max-image-preview":"max-image-preview:large","max-video-preview":"max-video-preview:-1"},"canonical":"https:\/\/www.nevadaregistry.org\/es\/acerca\/politicas-del-programa\/manual-de-politicas-introduccion\/","og_locale":"es_ES","og_type":"article","og_title":"Manual de pol\u00edticas: Introducci\u00f3n - The Nevada Registry","og_description":"Revisado\/Actualizado octubre de 2024 Prestando servicios a educadores de la primera infancia en todo Nevada, The Nevada Registry es un sistema de","og_url":"https:\/\/www.nevadaregistry.org\/es\/acerca\/politicas-del-programa\/manual-de-politicas-introduccion\/","og_site_name":"The Nevada Registry","article_publisher":"https:\/\/www.facebook.com\/nevadaregistry","article_modified_time":"2025-05-01T21:54:51+00:00","og_image":[{"width":1200,"height":630,"url":"https:\/\/www.nevadaregistry.org\/wp-content\/uploads\/2020\/10\/NevadaRegistryOGImage.jpg","type":"image\/jpeg"}],"twitter_card":"summary_large_image","twitter_misc":{"Tiempo de lectura":"1 minuto"},"schema":{"@context":"https:\/\/schema.org","@graph":[{"@type":"WebPage","@id":"https:\/\/www.nevadaregistry.org\/es\/acerca\/politicas-del-programa\/manual-de-politicas-introduccion\/","url":"https:\/\/www.nevadaregistry.org\/es\/acerca\/politicas-del-programa\/manual-de-politicas-introduccion\/","name":"Manual de pol\u00edticas: Introducci\u00f3n - The Nevada Registry","isPartOf":{"@id":"https:\/\/www.nevadaregistry.org\/es\/#website"},"datePublished":"2024-09-12T22:52:23+00:00","dateModified":"2025-05-01T21:54:51+00:00","description":"Revisado\/Actualizado octubre de 2024 Prestando servicios a educadores de la primera infancia en todo Nevada, The Nevada Registry es un sistema de","breadcrumb":{"@id":"https:\/\/www.nevadaregistry.org\/es\/acerca\/politicas-del-programa\/manual-de-politicas-introduccion\/#breadcrumb"},"inLanguage":"es","potentialAction":[{"@type":"ReadAction","target":["https:\/\/www.nevadaregistry.org\/es\/acerca\/politicas-del-programa\/manual-de-politicas-introduccion\/"]}]},{"@type":"BreadcrumbList","@id":"https:\/\/www.nevadaregistry.org\/es\/acerca\/politicas-del-programa\/manual-de-politicas-introduccion\/#breadcrumb","itemListElement":[{"@type":"ListItem","position":1,"name":"Home","item":"https:\/\/www.nevadaregistry.org\/es\/pagina-principal\/"},{"@type":"ListItem","position":2,"name":"P\u00e1gina Acerca de The Nevada Registry","item":"https:\/\/www.nevadaregistry.org\/es\/acerca\/"},{"@type":"ListItem","position":3,"name":"Pol\u00edticas del programa","item":"https:\/\/www.nevadaregistry.org\/es\/acerca\/politicas-del-programa\/"},{"@type":"ListItem","position":4,"name":"Manual de pol\u00edticas: Introducci\u00f3n"}]},{"@type":"WebSite","@id":"https:\/\/www.nevadaregistry.org\/es\/#website","url":"https:\/\/www.nevadaregistry.org\/es\/","name":"The Nevada Registry","description":"Workforce data system capturing information about the Early Childhood Education and Care (ECEC) workforce in Nevada.","publisher":{"@id":"https:\/\/www.nevadaregistry.org\/es\/#organization"},"potentialAction":[{"@type":"SearchAction","target":{"@type":"EntryPoint","urlTemplate":"https:\/\/www.nevadaregistry.org\/es\/?s={search_term_string}"},"query-input":{"@type":"PropertyValueSpecification","valueRequired":true,"valueName":"search_term_string"}}],"inLanguage":"es"},{"@type":"Organization","@id":"https:\/\/www.nevadaregistry.org\/es\/#organization","name":"El Nevada Registry","url":"https:\/\/www.nevadaregistry.org\/es\/","logo":{"@type":"ImageObject","inLanguage":"es","@id":"https:\/\/www.nevadaregistry.org\/es\/#\/schema\/logo\/image\/","url":"https:\/\/www.nevadaregistry.org\/wp-content\/uploads\/2020\/10\/tnr-logo-purple-copy.jpg","contentUrl":"https:\/\/www.nevadaregistry.org\/wp-content\/uploads\/2020\/10\/tnr-logo-purple-copy.jpg","width":"900","height":"562","caption":"El Nevada Registry"},"image":{"@id":"https:\/\/www.nevadaregistry.org\/es\/#\/schema\/logo\/image\/"},"sameAs":["https:\/\/www.facebook.com\/nevadaregistry"]}]}},"_links":{"self":[{"href":"https:\/\/www.nevadaregistry.org\/es\/wp-json\/wp\/v2\/pages\/13156","targetHints":{"allow":["GET"]}}],"collection":[{"href":"https:\/\/www.nevadaregistry.org\/es\/wp-json\/wp\/v2\/pages"}],"about":[{"href":"https:\/\/www.nevadaregistry.org\/es\/wp-json\/wp\/v2\/types\/page"}],"author":[{"embeddable":true,"href":"https:\/\/www.nevadaregistry.org\/es\/wp-json\/wp\/v2\/users\/2"}],"replies":[{"embeddable":true,"href":"https:\/\/www.nevadaregistry.org\/es\/wp-json\/wp\/v2\/comments?post=13156"}],"version-history":[{"count":1,"href":"https:\/\/www.nevadaregistry.org\/es\/wp-json\/wp\/v2\/pages\/13156\/revisions"}],"predecessor-version":[{"id":13157,"href":"https:\/\/www.nevadaregistry.org\/es\/wp-json\/wp\/v2\/pages\/13156\/revisions\/13157"}],"up":[{"embeddable":true,"href":"https:\/\/www.nevadaregistry.org\/es\/wp-json\/wp\/v2\/pages\/13312"}],"wp:attachment":[{"href":"https:\/\/www.nevadaregistry.org\/es\/wp-json\/wp\/v2\/media?parent=13156"}],"curies":[{"name":"wp","href":"https:\/\/api.w.org\/{rel}","templated":true}]}}