{"id":13160,"date":"2024-09-13T08:54:45","date_gmt":"2024-09-13T15:54:45","guid":{"rendered":"https:\/\/www.nevadaregistry.org\/manual-de-politicas-de-membresia-y-colocacion-en-la-escala-profesional-de-nevada-registry\/"},"modified":"2025-05-01T14:54:51","modified_gmt":"2025-05-01T21:54:51","slug":"manual-de-politicas-de-membresia-y-colocacion-en-la-escala-profesional-de-nevada-registry","status":"publish","type":"page","link":"https:\/\/www.nevadaregistry.org\/es\/acerca\/politicas-del-programa\/manual-de-politicas-de-membresia-y-colocacion-en-la-escala-profesional-de-nevada-registry\/","title":{"rendered":"Manual de Pol\u00edticas de Membres\u00eda y Colocaci\u00f3n en la Escala Profesional de Nevada Registry"},"content":{"rendered":"<h2>\u00cdndice<\/h2>\n<h3>Descripci\u00f3n General del Programa<\/h3>\n<ul>\n<li><a href=\"https:\/\/www.nevadaregistry.org\/es\/?page_id=13156\">Introducci\u00f3n<\/a><\/li>\n<li><a href=\"https:\/\/www.nevadaregistry.org\/es\/?page_id=13202\">Componentes Clave<\/a><\/li>\n<li><a href=\"https:\/\/www.nevadaregistry.org\/es\/?page_id=13164\">Historia<\/a><\/li>\n<li><a href=\"https:\/\/www.nevadaregistry.org\/es\/?page_id=13091\">Principios rectores<\/a><\/li>\n<li><a href=\"https:\/\/www.nevadaregistry.org\/policy-manual-the-nevada-registry-advisory-committee\/\">El Comit\u00e9 Asesor de Nevada Registry<\/a><\/li>\n<li><a href=\"https:\/\/www.nevadaregistry.org\/es\/?page_id=13099\">Grupo de Trabajo Asesor del Sistema de Aprobaci\u00f3n de Capacitaciones (TAS)<\/a><\/li>\n<li><a href=\"https:\/\/www.nevadaregistry.org\/policy-manual-the-national-workforce-registry-alliance-nwra\/\">La Alianza Nacional de Registros de la Fuerza Laboral (NWRA)<\/a><\/li>\n<li><a href=\"https:\/\/www.nevadaregistry.org\/es\/?page_id=13085\">Financiaci\u00f3n<\/a><\/li>\n<li><a href=\"https:\/\/www.nevadaregistry.org\/es\/?page_id=13107\">Orientaci\u00f3n del Personal<\/a><\/li>\n<li><a href=\"https:\/\/www.nevadaregistry.org\/es\/?page_id=13105\">Accesibilidad<\/a><\/li>\n<li><a href=\"https:\/\/www.nevadaregistry.org\/es\/?page_id=13113\">Confidencialidad<\/a><\/li>\n<li><a href=\"https:\/\/www.nevadaregistry.org\/es\/?page_id=13138\">Pol\u00edticas de Privacidad<\/a><\/li>\n<li><a href=\"https:\/\/www.nevadaregistry.org\/es\/?page_id=13095\">Aportes de Miembros, Socios y Partes Interesadas<\/a><\/li>\n<\/ul>\n<h3>Procesos de Solicitud y Inscripci\u00f3n de Membres\u00eda<\/h3>\n<ul>\n<li><a href=\"https:\/\/www.nevadaregistry.org\/es\/?page_id=13093\">Membres\u00eda y Elegibilidad<\/a><\/li>\n<li><a href=\"https:\/\/www.nevadaregistry.org\/es\/?page_id=13088\">Tarifas de Solicitud<\/a><\/li>\n<li><a href=\"https:\/\/www.nevadaregistry.org\/es\/?page_id=13178\">Proceso de Inscripci\u00f3n<\/a><\/li>\n<li><a href=\"https:\/\/www.nevadaregistry.org\/es\/?page_id=13119\">Proceso de Solicitud Incompleta<\/a><\/li>\n<li><a href=\"https:\/\/www.nevadaregistry.org\/es\/?page_id=13103\">Tiempo de Procesamiento de Solicitudes<\/a><\/li>\n<li><a href=\"https:\/\/www.nevadaregistry.org\/es\/?page_id=13115\">Tipos de Cuenta y Definiciones de Estado de Solicitud<\/a><\/li>\n<li><a href=\"https:\/\/www.nevadaregistry.org\/policy-manual-career-development-files\/\">Expedientes de Desarrollo Profesional<\/a><\/li>\n<li><a href=\"https:\/\/www.nevadaregistry.org\/es\/?page_id=13142\">Procesos de Revisi\u00f3n y Verificaci\u00f3n de Educaci\u00f3n<\/a><\/li>\n<li><a href=\"https:\/\/www.nevadaregistry.org\/es\/?page_id=13147\">Verificaci\u00f3n de Certificados de Capacitaci\u00f3n Comunitaria\/Cursos sin Cr\u00e9ditos Acad\u00e9micos<\/a><\/li>\n<li><a href=\"https:\/\/www.nevadaregistry.org\/policy-manual-entry-level-requirements\/\">Requisitos de Nivel de Entrada<\/a><\/li>\n<li><a href=\"https:\/\/www.nevadaregistry.org\/es\/?page_id=13136\">Verificaci\u00f3n de Empleo e Historial Laboral<\/a><\/li>\n<li><a href=\"https:\/\/www.nevadaregistry.org\/es\/?page_id=13111\">Informaci\u00f3n Opcional del Miembro<\/a><\/li>\n<li><a href=\"https:\/\/www.nevadaregistry.org\/es\/?page_id=13117\">Colocaci\u00f3n en Niveles de la Escala Profesional<\/a><\/li>\n<li><a href=\"https:\/\/www.nevadaregistry.org\/es\/?page_id=13124\">Planes de Desarrollo Profesional<\/a><\/li>\n<li><a href=\"https:\/\/www.nevadaregistry.org\/es\/?page_id=13176\">Pol\u00edtica contra el Fraude<\/a><\/li>\n<li><a href=\"https:\/\/www.nevadaregistry.org\/policy-manual-appeal-process\/\">Proceso de Apelaci\u00f3n<\/a><\/li>\n<\/ul>\n<h3>Gesti\u00f3n Interna de Datos<\/h3>\n<ul>\n<li><a href=\"https:\/\/www.nevadaregistry.org\/es\/?page_id=13149\">Rendici\u00f3n de Cuentas, Monitoreo e Informes<\/a><\/li>\n<li><a href=\"https:\/\/www.nevadaregistry.org\/es\/?page_id=13172\">Control\/Garant\u00eda de Calidad del Sistema de Base de Datos<\/a><\/li>\n<li><a href=\"https:\/\/www.nevadaregistry.org\/es\/?page_id=13169\">Pol\u00edticas de Almacenamiento\/Respaldo de Datos, Mantenimiento de Base de Datos y Compartici\u00f3n de Datos<\/a><\/li>\n<\/ul>\n<h3>Ap\u00e9ndice<\/h3>\n<ul>\n<li><a href=\"https:\/\/www.nevadaregistry.org\/es\/?page_id=13207\">Descripciones de Puestos<\/a><\/li>\n<\/ul>\n<p>&nbsp;<\/p>\n<p>&nbsp;<\/p>\n<p>&nbsp;<\/p>\n","protected":false},"excerpt":{"rendered":"<p>\u00cdndice Descripci\u00f3n General del Programa Introducci\u00f3n Componentes Clave Historia Principios rectores El Comit\u00e9 Asesor de Nevada Registry Grupo de Trabajo&#8230;<\/p>\n","protected":false},"author":2,"featured_media":0,"parent":13312,"menu_order":0,"comment_status":"closed","ping_status":"closed","template":"","meta":{"_acf_changed":false,"footnotes":""},"class_list":["post-13160","page","type-page","status-publish","hentry"],"acf":[],"yoast_head":"<!-- This site is optimized with the Yoast SEO plugin v27.4 - https:\/\/yoast.com\/product\/yoast-seo-wordpress\/ -->\n<title>Manual de Pol\u00edticas de Membres\u00eda y Colocaci\u00f3n en la Escala Profesional de Nevada Registry - The Nevada Registry<\/title>\n<meta name=\"description\" content=\"\u00cdndice Descripci\u00f3n General del Programa Introducci\u00f3n Componentes Clave Historia Principios rectores El Comit\u00e9 Asesor de Nevada Registry Grupo de Trabajo\" \/>\n<meta name=\"robots\" content=\"index, follow, max-snippet:-1, max-image-preview:large, max-video-preview:-1\" \/>\n<link rel=\"canonical\" href=\"https:\/\/www.nevadaregistry.org\/es\/acerca\/politicas-del-programa\/manual-de-politicas-de-membresia-y-colocacion-en-la-escala-profesional-de-nevada-registry\/\" \/>\n<meta property=\"og:locale\" content=\"es_ES\" \/>\n<meta property=\"og:type\" content=\"article\" \/>\n<meta property=\"og:title\" content=\"Manual de Pol\u00edticas de Membres\u00eda y Colocaci\u00f3n en la Escala Profesional de Nevada Registry - The Nevada Registry\" \/>\n<meta property=\"og:description\" content=\"\u00cdndice Descripci\u00f3n General del Programa Introducci\u00f3n Componentes Clave Historia Principios rectores El Comit\u00e9 Asesor de Nevada Registry Grupo de Trabajo\" \/>\n<meta property=\"og:url\" content=\"https:\/\/www.nevadaregistry.org\/es\/acerca\/politicas-del-programa\/manual-de-politicas-de-membresia-y-colocacion-en-la-escala-profesional-de-nevada-registry\/\" \/>\n<meta property=\"og:site_name\" content=\"The Nevada Registry\" \/>\n<meta property=\"article:publisher\" content=\"https:\/\/www.facebook.com\/nevadaregistry\" \/>\n<meta property=\"article:modified_time\" content=\"2025-05-01T21:54:51+00:00\" \/>\n<meta property=\"og:image\" content=\"https:\/\/www.nevadaregistry.org\/wp-content\/uploads\/2020\/10\/NevadaRegistryOGImage.jpg\" \/>\n\t<meta property=\"og:image:width\" content=\"1200\" \/>\n\t<meta property=\"og:image:height\" content=\"630\" \/>\n\t<meta property=\"og:image:type\" content=\"image\/jpeg\" \/>\n<meta name=\"twitter:card\" content=\"summary_large_image\" \/>\n<meta name=\"twitter:label1\" content=\"Tiempo de lectura\" \/>\n\t<meta name=\"twitter:data1\" content=\"1 minuto\" \/>\n<script type=\"application\/ld+json\" class=\"yoast-schema-graph\">{\"@context\":\"https:\\\/\\\/schema.org\",\"@graph\":[{\"@type\":\"WebPage\",\"@id\":\"https:\\\/\\\/www.nevadaregistry.org\\\/es\\\/acerca\\\/politicas-del-programa\\\/manual-de-politicas-de-membresia-y-colocacion-en-la-escala-profesional-de-nevada-registry\\\/\",\"url\":\"https:\\\/\\\/www.nevadaregistry.org\\\/es\\\/acerca\\\/politicas-del-programa\\\/manual-de-politicas-de-membresia-y-colocacion-en-la-escala-profesional-de-nevada-registry\\\/\",\"name\":\"Manual de Pol\u00edticas de Membres\u00eda y Colocaci\u00f3n en la Escala Profesional de Nevada Registry - The Nevada Registry\",\"isPartOf\":{\"@id\":\"https:\\\/\\\/www.nevadaregistry.org\\\/es\\\/#website\"},\"datePublished\":\"2024-09-13T15:54:45+00:00\",\"dateModified\":\"2025-05-01T21:54:51+00:00\",\"description\":\"\u00cdndice Descripci\u00f3n General del Programa Introducci\u00f3n Componentes Clave Historia Principios rectores El Comit\u00e9 Asesor de Nevada Registry Grupo de Trabajo\",\"breadcrumb\":{\"@id\":\"https:\\\/\\\/www.nevadaregistry.org\\\/es\\\/acerca\\\/politicas-del-programa\\\/manual-de-politicas-de-membresia-y-colocacion-en-la-escala-profesional-de-nevada-registry\\\/#breadcrumb\"},\"inLanguage\":\"es\",\"potentialAction\":[{\"@type\":\"ReadAction\",\"target\":[\"https:\\\/\\\/www.nevadaregistry.org\\\/es\\\/acerca\\\/politicas-del-programa\\\/manual-de-politicas-de-membresia-y-colocacion-en-la-escala-profesional-de-nevada-registry\\\/\"]}]},{\"@type\":\"BreadcrumbList\",\"@id\":\"https:\\\/\\\/www.nevadaregistry.org\\\/es\\\/acerca\\\/politicas-del-programa\\\/manual-de-politicas-de-membresia-y-colocacion-en-la-escala-profesional-de-nevada-registry\\\/#breadcrumb\",\"itemListElement\":[{\"@type\":\"ListItem\",\"position\":1,\"name\":\"Home\",\"item\":\"https:\\\/\\\/www.nevadaregistry.org\\\/es\\\/pagina-principal\\\/\"},{\"@type\":\"ListItem\",\"position\":2,\"name\":\"P\u00e1gina Acerca de The Nevada Registry\",\"item\":\"https:\\\/\\\/www.nevadaregistry.org\\\/es\\\/acerca\\\/\"},{\"@type\":\"ListItem\",\"position\":3,\"name\":\"Pol\u00edticas del programa\",\"item\":\"https:\\\/\\\/www.nevadaregistry.org\\\/es\\\/acerca\\\/politicas-del-programa\\\/\"},{\"@type\":\"ListItem\",\"position\":4,\"name\":\"Manual de Pol\u00edticas de Membres\u00eda y Colocaci\u00f3n en la Escala Profesional de Nevada Registry\"}]},{\"@type\":\"WebSite\",\"@id\":\"https:\\\/\\\/www.nevadaregistry.org\\\/es\\\/#website\",\"url\":\"https:\\\/\\\/www.nevadaregistry.org\\\/es\\\/\",\"name\":\"The Nevada Registry\",\"description\":\"Workforce data system capturing information about the Early Childhood Education and Care (ECEC) workforce in Nevada.\",\"publisher\":{\"@id\":\"https:\\\/\\\/www.nevadaregistry.org\\\/es\\\/#organization\"},\"potentialAction\":[{\"@type\":\"SearchAction\",\"target\":{\"@type\":\"EntryPoint\",\"urlTemplate\":\"https:\\\/\\\/www.nevadaregistry.org\\\/es\\\/?s={search_term_string}\"},\"query-input\":{\"@type\":\"PropertyValueSpecification\",\"valueRequired\":true,\"valueName\":\"search_term_string\"}}],\"inLanguage\":\"es\"},{\"@type\":\"Organization\",\"@id\":\"https:\\\/\\\/www.nevadaregistry.org\\\/es\\\/#organization\",\"name\":\"El Nevada Registry\",\"url\":\"https:\\\/\\\/www.nevadaregistry.org\\\/es\\\/\",\"logo\":{\"@type\":\"ImageObject\",\"inLanguage\":\"es\",\"@id\":\"https:\\\/\\\/www.nevadaregistry.org\\\/es\\\/#\\\/schema\\\/logo\\\/image\\\/\",\"url\":\"https:\\\/\\\/www.nevadaregistry.org\\\/wp-content\\\/uploads\\\/2020\\\/10\\\/tnr-logo-purple-copy.jpg\",\"contentUrl\":\"https:\\\/\\\/www.nevadaregistry.org\\\/wp-content\\\/uploads\\\/2020\\\/10\\\/tnr-logo-purple-copy.jpg\",\"width\":\"900\",\"height\":\"562\",\"caption\":\"El Nevada Registry\"},\"image\":{\"@id\":\"https:\\\/\\\/www.nevadaregistry.org\\\/es\\\/#\\\/schema\\\/logo\\\/image\\\/\"},\"sameAs\":[\"https:\\\/\\\/www.facebook.com\\\/nevadaregistry\"]}]}<\/script>\n<!-- \/ Yoast SEO plugin. -->","yoast_head_json":{"title":"Manual de Pol\u00edticas de Membres\u00eda y Colocaci\u00f3n en la Escala Profesional de Nevada Registry - The Nevada Registry","description":"\u00cdndice Descripci\u00f3n General del Programa Introducci\u00f3n Componentes Clave Historia Principios rectores El Comit\u00e9 Asesor de Nevada Registry Grupo de Trabajo","robots":{"index":"index","follow":"follow","max-snippet":"max-snippet:-1","max-image-preview":"max-image-preview:large","max-video-preview":"max-video-preview:-1"},"canonical":"https:\/\/www.nevadaregistry.org\/es\/acerca\/politicas-del-programa\/manual-de-politicas-de-membresia-y-colocacion-en-la-escala-profesional-de-nevada-registry\/","og_locale":"es_ES","og_type":"article","og_title":"Manual de Pol\u00edticas de Membres\u00eda y Colocaci\u00f3n en la Escala Profesional de Nevada Registry - The Nevada Registry","og_description":"\u00cdndice Descripci\u00f3n General del Programa Introducci\u00f3n Componentes Clave Historia Principios rectores El Comit\u00e9 Asesor de Nevada Registry Grupo de Trabajo","og_url":"https:\/\/www.nevadaregistry.org\/es\/acerca\/politicas-del-programa\/manual-de-politicas-de-membresia-y-colocacion-en-la-escala-profesional-de-nevada-registry\/","og_site_name":"The Nevada Registry","article_publisher":"https:\/\/www.facebook.com\/nevadaregistry","article_modified_time":"2025-05-01T21:54:51+00:00","og_image":[{"width":1200,"height":630,"url":"https:\/\/www.nevadaregistry.org\/wp-content\/uploads\/2020\/10\/NevadaRegistryOGImage.jpg","type":"image\/jpeg"}],"twitter_card":"summary_large_image","twitter_misc":{"Tiempo de lectura":"1 minuto"},"schema":{"@context":"https:\/\/schema.org","@graph":[{"@type":"WebPage","@id":"https:\/\/www.nevadaregistry.org\/es\/acerca\/politicas-del-programa\/manual-de-politicas-de-membresia-y-colocacion-en-la-escala-profesional-de-nevada-registry\/","url":"https:\/\/www.nevadaregistry.org\/es\/acerca\/politicas-del-programa\/manual-de-politicas-de-membresia-y-colocacion-en-la-escala-profesional-de-nevada-registry\/","name":"Manual de Pol\u00edticas de Membres\u00eda y Colocaci\u00f3n en la Escala Profesional de Nevada Registry - The Nevada Registry","isPartOf":{"@id":"https:\/\/www.nevadaregistry.org\/es\/#website"},"datePublished":"2024-09-13T15:54:45+00:00","dateModified":"2025-05-01T21:54:51+00:00","description":"\u00cdndice Descripci\u00f3n General del Programa Introducci\u00f3n Componentes Clave Historia Principios rectores El Comit\u00e9 Asesor de Nevada Registry Grupo de Trabajo","breadcrumb":{"@id":"https:\/\/www.nevadaregistry.org\/es\/acerca\/politicas-del-programa\/manual-de-politicas-de-membresia-y-colocacion-en-la-escala-profesional-de-nevada-registry\/#breadcrumb"},"inLanguage":"es","potentialAction":[{"@type":"ReadAction","target":["https:\/\/www.nevadaregistry.org\/es\/acerca\/politicas-del-programa\/manual-de-politicas-de-membresia-y-colocacion-en-la-escala-profesional-de-nevada-registry\/"]}]},{"@type":"BreadcrumbList","@id":"https:\/\/www.nevadaregistry.org\/es\/acerca\/politicas-del-programa\/manual-de-politicas-de-membresia-y-colocacion-en-la-escala-profesional-de-nevada-registry\/#breadcrumb","itemListElement":[{"@type":"ListItem","position":1,"name":"Home","item":"https:\/\/www.nevadaregistry.org\/es\/pagina-principal\/"},{"@type":"ListItem","position":2,"name":"P\u00e1gina Acerca de The Nevada Registry","item":"https:\/\/www.nevadaregistry.org\/es\/acerca\/"},{"@type":"ListItem","position":3,"name":"Pol\u00edticas del programa","item":"https:\/\/www.nevadaregistry.org\/es\/acerca\/politicas-del-programa\/"},{"@type":"ListItem","position":4,"name":"Manual de Pol\u00edticas de Membres\u00eda y Colocaci\u00f3n en la Escala Profesional de Nevada Registry"}]},{"@type":"WebSite","@id":"https:\/\/www.nevadaregistry.org\/es\/#website","url":"https:\/\/www.nevadaregistry.org\/es\/","name":"The Nevada Registry","description":"Workforce data system capturing information about the Early Childhood Education and Care (ECEC) workforce in Nevada.","publisher":{"@id":"https:\/\/www.nevadaregistry.org\/es\/#organization"},"potentialAction":[{"@type":"SearchAction","target":{"@type":"EntryPoint","urlTemplate":"https:\/\/www.nevadaregistry.org\/es\/?s={search_term_string}"},"query-input":{"@type":"PropertyValueSpecification","valueRequired":true,"valueName":"search_term_string"}}],"inLanguage":"es"},{"@type":"Organization","@id":"https:\/\/www.nevadaregistry.org\/es\/#organization","name":"El Nevada Registry","url":"https:\/\/www.nevadaregistry.org\/es\/","logo":{"@type":"ImageObject","inLanguage":"es","@id":"https:\/\/www.nevadaregistry.org\/es\/#\/schema\/logo\/image\/","url":"https:\/\/www.nevadaregistry.org\/wp-content\/uploads\/2020\/10\/tnr-logo-purple-copy.jpg","contentUrl":"https:\/\/www.nevadaregistry.org\/wp-content\/uploads\/2020\/10\/tnr-logo-purple-copy.jpg","width":"900","height":"562","caption":"El Nevada Registry"},"image":{"@id":"https:\/\/www.nevadaregistry.org\/es\/#\/schema\/logo\/image\/"},"sameAs":["https:\/\/www.facebook.com\/nevadaregistry"]}]}},"_links":{"self":[{"href":"https:\/\/www.nevadaregistry.org\/es\/wp-json\/wp\/v2\/pages\/13160","targetHints":{"allow":["GET"]}}],"collection":[{"href":"https:\/\/www.nevadaregistry.org\/es\/wp-json\/wp\/v2\/pages"}],"about":[{"href":"https:\/\/www.nevadaregistry.org\/es\/wp-json\/wp\/v2\/types\/page"}],"author":[{"embeddable":true,"href":"https:\/\/www.nevadaregistry.org\/es\/wp-json\/wp\/v2\/users\/2"}],"replies":[{"embeddable":true,"href":"https:\/\/www.nevadaregistry.org\/es\/wp-json\/wp\/v2\/comments?post=13160"}],"version-history":[{"count":2,"href":"https:\/\/www.nevadaregistry.org\/es\/wp-json\/wp\/v2\/pages\/13160\/revisions"}],"predecessor-version":[{"id":13316,"href":"https:\/\/www.nevadaregistry.org\/es\/wp-json\/wp\/v2\/pages\/13160\/revisions\/13316"}],"up":[{"embeddable":true,"href":"https:\/\/www.nevadaregistry.org\/es\/wp-json\/wp\/v2\/pages\/13312"}],"wp:attachment":[{"href":"https:\/\/www.nevadaregistry.org\/es\/wp-json\/wp\/v2\/media?parent=13160"}],"curies":[{"name":"wp","href":"https:\/\/api.w.org\/{rel}","templated":true}]}}