{"id":13162,"date":"2024-03-19T20:07:27","date_gmt":"2024-03-20T03:07:27","guid":{"rendered":"https:\/\/www.nevadaregistry.org\/politica-de-privacidad-del-servicio-de-mensajeria-sms-texto\/"},"modified":"2025-05-01T14:54:51","modified_gmt":"2025-05-01T21:54:51","slug":"politica-de-privacidad-del-servicio-de-mensajeria-sms-texto","status":"publish","type":"page","link":"https:\/\/www.nevadaregistry.org\/es\/acerca\/politicas-del-programa\/politica-de-privacidad-del-servicio-de-mensajeria-sms-texto\/","title":{"rendered":"Pol\u00edtica de Privacidad del Servicio de Mensajer\u00eda SMS (Texto)"},"content":{"rendered":"<p>Esta Pol\u00edtica de Privacidad explica c\u00f3mo El Nevada Registry recopila, utiliza y divulga la informaci\u00f3n personal de sus miembros a trav\u00e9s de su servicio de mensajer\u00eda SMS.<\/p>\n<p>Informaci\u00f3n recopilada directamente de usted: Podemos recopilar informaci\u00f3n personal directamente de usted, por ejemplo: a trav\u00e9s de la solicitud de membres\u00eda en l\u00ednea y la renovaci\u00f3n, y el acuerdo de servicio de SMS. La informaci\u00f3n personal que recopilamos directamente de usted puede incluir: Nombre y apellido, direcci\u00f3n, direcci\u00f3n de correo electr\u00f3nico y n\u00famero de tel\u00e9fono. <\/p>\n<p>Informaci\u00f3n recopilada de su dispositivo: Nuestro servicio de SMS recopilar\u00e1 y mantendr\u00e1 un registro de su n\u00famero de tel\u00e9fono, el cual est\u00e1 vinculado a su cuenta a trav\u00e9s de The Nevada Registry. El sitio web de The Nevada Registry puede utilizar tecnolog\u00edas de seguimiento como cookies, balizas web, p\u00edxeles y otras tecnolog\u00edas similares para recopilar autom\u00e1ticamente cierta informaci\u00f3n de su dispositivo, incluyendo: su direcci\u00f3n IP, informaci\u00f3n del navegador y sistema operativo, ubicaci\u00f3n geogr\u00e1fica y otra informaci\u00f3n sobre c\u00f3mo interact\u00faa con nuestro servicio de SMS y sitio web. Usted puede deshabilitar las cookies en su navegador web; sin embargo, es posible que algunas partes de nuestro sitio web no funcionen correctamente. M\u00e1s informaci\u00f3n sobre c\u00f3mo bloquear y eliminar cookies est\u00e1 disponible en <a href=\"http:\/\/www.allaboutcookies.org\">http:\/\/www.allaboutcookies.org<\/a>. Nuestro servicio de mensajer\u00eda SMS utiliza la informaci\u00f3n de nuestro sitio web vinculada a las cuentas de los miembros junto con los n\u00fameros de tel\u00e9fono proporcionados para fines informativos relacionados con las actualizaciones de su cuenta.    <\/p>\n<p><strong>Uso de la informaci\u00f3n personal<br \/>\n<\/strong>El servicio de SMS de The Nevada Registry utiliza la informaci\u00f3n personal proporcionada por usted estrictamente para servicios de membres\u00eda. Esto puede incluir recordatorios, contactarlo con anuncios o mensajes importantes, si es necesario, y realizar investigaciones. The Nevada Registry no vender\u00e1 su informaci\u00f3n a terceros y solo utilizar\u00e1 la informaci\u00f3n que usted proporcion\u00f3 para servicios de membres\u00eda.  <\/p>\n<p><strong>Cancelaci\u00f3n de suscripci\u00f3n<br \/>\n<\/strong>El servicio de SMS de The Nevada Registry le brinda la posibilidad de cancelar su suscripci\u00f3n al Servicio por cualquier motivo. Puede darse de baja a trav\u00e9s de su cuenta de membres\u00eda en el Portal en l\u00ednea. <\/p>\n<p>Es posible que usted tenga el derecho de solicitar acceso a la informaci\u00f3n personal que mantenemos sobre su persona, o de solicitar que su informaci\u00f3n personal sea corregida o eliminada. Para ejercer cualquiera de estos derechos, por favor comun\u00edquese con nosotros a trav\u00e9s del correo electr\u00f3nico nevadaregistry@washoeschools.net <\/p>\n<p><strong>Menores<br \/>\n<\/strong>El Servicio no est\u00e1 destinado a menores de 16 a\u00f1os, y The Nevada Registry no recopila conscientemente informaci\u00f3n de menores de 16 a\u00f1os. Los menores de 16 a\u00f1os o m\u00e1s no deben enviar ninguna informaci\u00f3n personal sin el permiso de sus padres o tutores. Al utilizar el Servicio, usted declara que tiene al menos 18 a\u00f1os, o que tiene al menos 16 a\u00f1os y cuenta con el permiso de sus padres para utilizar el servicio.  <\/p>\n<p><strong>Cambios en esta Pol\u00edtica de Privacidad<br \/>\n<\/strong>Podemos actualizar esta Pol\u00edtica de Privacidad en cualquier momento. Por favor, rev\u00edsela con frecuencia. <\/p>\n<p><strong>Informaci\u00f3n de contacto<br \/>\n<\/strong>Si tiene alguna pregunta sobre esta pol\u00edtica o nuestras pr\u00e1cticas de privacidad, por favor <a href=\"https:\/\/www.nevadaregistry.org\/es\/?page_id=13305\">Cont\u00e1ctenos<\/a>.<\/p>\n<p>Esta pol\u00edtica entra en vigor a partir del 1 de abril de 2024.<\/p>\n","protected":false},"excerpt":{"rendered":"<p>Esta Pol\u00edtica de Privacidad explica c\u00f3mo El Nevada Registry recopila, utiliza y divulga la informaci\u00f3n personal de sus miembros a&#8230;<\/p>\n","protected":false},"author":2,"featured_media":0,"parent":13312,"menu_order":0,"comment_status":"closed","ping_status":"closed","template":"","meta":{"_acf_changed":false,"footnotes":""},"class_list":["post-13162","page","type-page","status-publish","hentry"],"acf":[],"yoast_head":"<!-- This site is optimized with the Yoast SEO plugin v27.2 - https:\/\/yoast.com\/product\/yoast-seo-wordpress\/ -->\n<title>Pol\u00edtica de Privacidad del Servicio de Mensajer\u00eda SMS (Texto) - The Nevada Registry<\/title>\n<meta name=\"description\" content=\"Esta Pol\u00edtica de Privacidad explica c\u00f3mo El Nevada Registry recopila, utiliza y divulga la informaci\u00f3n personal de sus miembros a trav\u00e9s de su servicio de\" \/>\n<meta name=\"robots\" content=\"index, follow, max-snippet:-1, max-image-preview:large, max-video-preview:-1\" \/>\n<link rel=\"canonical\" href=\"https:\/\/www.nevadaregistry.org\/es\/acerca\/politicas-del-programa\/politica-de-privacidad-del-servicio-de-mensajeria-sms-texto\/\" \/>\n<meta property=\"og:locale\" content=\"es_ES\" \/>\n<meta property=\"og:type\" content=\"article\" \/>\n<meta property=\"og:title\" content=\"Pol\u00edtica de Privacidad del Servicio de Mensajer\u00eda SMS (Texto) - The Nevada Registry\" \/>\n<meta property=\"og:description\" content=\"Esta Pol\u00edtica de Privacidad explica c\u00f3mo El Nevada Registry recopila, utiliza y divulga la informaci\u00f3n personal de sus miembros a trav\u00e9s de su servicio de\" \/>\n<meta property=\"og:url\" content=\"https:\/\/www.nevadaregistry.org\/es\/acerca\/politicas-del-programa\/politica-de-privacidad-del-servicio-de-mensajeria-sms-texto\/\" \/>\n<meta property=\"og:site_name\" content=\"The Nevada Registry\" \/>\n<meta property=\"article:publisher\" content=\"https:\/\/www.facebook.com\/nevadaregistry\" \/>\n<meta property=\"article:modified_time\" content=\"2025-05-01T21:54:51+00:00\" \/>\n<meta property=\"og:image\" content=\"https:\/\/www.nevadaregistry.org\/wp-content\/uploads\/2020\/10\/NevadaRegistryOGImage.jpg\" \/>\n\t<meta property=\"og:image:width\" content=\"1200\" \/>\n\t<meta property=\"og:image:height\" content=\"630\" \/>\n\t<meta property=\"og:image:type\" content=\"image\/jpeg\" \/>\n<meta name=\"twitter:card\" content=\"summary_large_image\" \/>\n<meta name=\"twitter:label1\" content=\"Tiempo de lectura\" \/>\n\t<meta name=\"twitter:data1\" content=\"3 minutos\" \/>\n<script type=\"application\/ld+json\" class=\"yoast-schema-graph\">{\"@context\":\"https:\/\/schema.org\",\"@graph\":[{\"@type\":\"WebPage\",\"@id\":\"https:\/\/www.nevadaregistry.org\/es\/acerca\/politicas-del-programa\/politica-de-privacidad-del-servicio-de-mensajeria-sms-texto\/\",\"url\":\"https:\/\/www.nevadaregistry.org\/es\/acerca\/politicas-del-programa\/politica-de-privacidad-del-servicio-de-mensajeria-sms-texto\/\",\"name\":\"Pol\u00edtica de Privacidad del Servicio de Mensajer\u00eda SMS (Texto) - The Nevada Registry\",\"isPartOf\":{\"@id\":\"https:\/\/www.nevadaregistry.org\/es\/#website\"},\"datePublished\":\"2024-03-20T03:07:27+00:00\",\"dateModified\":\"2025-05-01T21:54:51+00:00\",\"description\":\"Esta Pol\u00edtica de Privacidad explica c\u00f3mo El Nevada Registry recopila, utiliza y divulga la informaci\u00f3n personal de sus miembros a trav\u00e9s de su servicio de\",\"breadcrumb\":{\"@id\":\"https:\/\/www.nevadaregistry.org\/es\/acerca\/politicas-del-programa\/politica-de-privacidad-del-servicio-de-mensajeria-sms-texto\/#breadcrumb\"},\"inLanguage\":\"es\",\"potentialAction\":[{\"@type\":\"ReadAction\",\"target\":[\"https:\/\/www.nevadaregistry.org\/es\/acerca\/politicas-del-programa\/politica-de-privacidad-del-servicio-de-mensajeria-sms-texto\/\"]}]},{\"@type\":\"BreadcrumbList\",\"@id\":\"https:\/\/www.nevadaregistry.org\/es\/acerca\/politicas-del-programa\/politica-de-privacidad-del-servicio-de-mensajeria-sms-texto\/#breadcrumb\",\"itemListElement\":[{\"@type\":\"ListItem\",\"position\":1,\"name\":\"Home\",\"item\":\"https:\/\/www.nevadaregistry.org\/es\/pagina-principal\/\"},{\"@type\":\"ListItem\",\"position\":2,\"name\":\"P\u00e1gina Acerca de The Nevada Registry\",\"item\":\"https:\/\/www.nevadaregistry.org\/es\/acerca\/\"},{\"@type\":\"ListItem\",\"position\":3,\"name\":\"Pol\u00edticas del programa\",\"item\":\"https:\/\/www.nevadaregistry.org\/es\/acerca\/politicas-del-programa\/\"},{\"@type\":\"ListItem\",\"position\":4,\"name\":\"Pol\u00edtica de Privacidad del Servicio de Mensajer\u00eda SMS (Texto)\"}]},{\"@type\":\"WebSite\",\"@id\":\"https:\/\/www.nevadaregistry.org\/es\/#website\",\"url\":\"https:\/\/www.nevadaregistry.org\/es\/\",\"name\":\"The Nevada Registry\",\"description\":\"Workforce data system capturing information about the Early Childhood Education and Care (ECEC) workforce in Nevada.\",\"publisher\":{\"@id\":\"https:\/\/www.nevadaregistry.org\/es\/#organization\"},\"potentialAction\":[{\"@type\":\"SearchAction\",\"target\":{\"@type\":\"EntryPoint\",\"urlTemplate\":\"https:\/\/www.nevadaregistry.org\/es\/?s={search_term_string}\"},\"query-input\":{\"@type\":\"PropertyValueSpecification\",\"valueRequired\":true,\"valueName\":\"search_term_string\"}}],\"inLanguage\":\"es\"},{\"@type\":\"Organization\",\"@id\":\"https:\/\/www.nevadaregistry.org\/es\/#organization\",\"name\":\"El Nevada Registry\",\"url\":\"https:\/\/www.nevadaregistry.org\/es\/\",\"logo\":{\"@type\":\"ImageObject\",\"inLanguage\":\"es\",\"@id\":\"https:\/\/www.nevadaregistry.org\/es\/#\/schema\/logo\/image\/\",\"url\":\"https:\/\/www.nevadaregistry.org\/wp-content\/uploads\/2020\/10\/tnr-logo-purple-copy.jpg\",\"contentUrl\":\"https:\/\/www.nevadaregistry.org\/wp-content\/uploads\/2020\/10\/tnr-logo-purple-copy.jpg\",\"width\":\"900\",\"height\":\"562\",\"caption\":\"El Nevada Registry\"},\"image\":{\"@id\":\"https:\/\/www.nevadaregistry.org\/es\/#\/schema\/logo\/image\/\"},\"sameAs\":[\"https:\/\/www.facebook.com\/nevadaregistry\"]}]}<\/script>\n<!-- \/ Yoast SEO plugin. -->","yoast_head_json":{"title":"Pol\u00edtica de Privacidad del Servicio de Mensajer\u00eda SMS (Texto) - The Nevada Registry","description":"Esta Pol\u00edtica de Privacidad explica c\u00f3mo El Nevada Registry recopila, utiliza y divulga la informaci\u00f3n personal de sus miembros a trav\u00e9s de su servicio de","robots":{"index":"index","follow":"follow","max-snippet":"max-snippet:-1","max-image-preview":"max-image-preview:large","max-video-preview":"max-video-preview:-1"},"canonical":"https:\/\/www.nevadaregistry.org\/es\/acerca\/politicas-del-programa\/politica-de-privacidad-del-servicio-de-mensajeria-sms-texto\/","og_locale":"es_ES","og_type":"article","og_title":"Pol\u00edtica de Privacidad del Servicio de Mensajer\u00eda SMS (Texto) - The Nevada Registry","og_description":"Esta Pol\u00edtica de Privacidad explica c\u00f3mo El Nevada Registry recopila, utiliza y divulga la informaci\u00f3n personal de sus miembros a trav\u00e9s de su servicio de","og_url":"https:\/\/www.nevadaregistry.org\/es\/acerca\/politicas-del-programa\/politica-de-privacidad-del-servicio-de-mensajeria-sms-texto\/","og_site_name":"The Nevada Registry","article_publisher":"https:\/\/www.facebook.com\/nevadaregistry","article_modified_time":"2025-05-01T21:54:51+00:00","og_image":[{"width":1200,"height":630,"url":"https:\/\/www.nevadaregistry.org\/wp-content\/uploads\/2020\/10\/NevadaRegistryOGImage.jpg","type":"image\/jpeg"}],"twitter_card":"summary_large_image","twitter_misc":{"Tiempo de lectura":"3 minutos"},"schema":{"@context":"https:\/\/schema.org","@graph":[{"@type":"WebPage","@id":"https:\/\/www.nevadaregistry.org\/es\/acerca\/politicas-del-programa\/politica-de-privacidad-del-servicio-de-mensajeria-sms-texto\/","url":"https:\/\/www.nevadaregistry.org\/es\/acerca\/politicas-del-programa\/politica-de-privacidad-del-servicio-de-mensajeria-sms-texto\/","name":"Pol\u00edtica de Privacidad del Servicio de Mensajer\u00eda SMS (Texto) - The Nevada Registry","isPartOf":{"@id":"https:\/\/www.nevadaregistry.org\/es\/#website"},"datePublished":"2024-03-20T03:07:27+00:00","dateModified":"2025-05-01T21:54:51+00:00","description":"Esta Pol\u00edtica de Privacidad explica c\u00f3mo El Nevada Registry recopila, utiliza y divulga la informaci\u00f3n personal de sus miembros a trav\u00e9s de su servicio de","breadcrumb":{"@id":"https:\/\/www.nevadaregistry.org\/es\/acerca\/politicas-del-programa\/politica-de-privacidad-del-servicio-de-mensajeria-sms-texto\/#breadcrumb"},"inLanguage":"es","potentialAction":[{"@type":"ReadAction","target":["https:\/\/www.nevadaregistry.org\/es\/acerca\/politicas-del-programa\/politica-de-privacidad-del-servicio-de-mensajeria-sms-texto\/"]}]},{"@type":"BreadcrumbList","@id":"https:\/\/www.nevadaregistry.org\/es\/acerca\/politicas-del-programa\/politica-de-privacidad-del-servicio-de-mensajeria-sms-texto\/#breadcrumb","itemListElement":[{"@type":"ListItem","position":1,"name":"Home","item":"https:\/\/www.nevadaregistry.org\/es\/pagina-principal\/"},{"@type":"ListItem","position":2,"name":"P\u00e1gina Acerca de The Nevada Registry","item":"https:\/\/www.nevadaregistry.org\/es\/acerca\/"},{"@type":"ListItem","position":3,"name":"Pol\u00edticas del programa","item":"https:\/\/www.nevadaregistry.org\/es\/acerca\/politicas-del-programa\/"},{"@type":"ListItem","position":4,"name":"Pol\u00edtica de Privacidad del Servicio de Mensajer\u00eda SMS (Texto)"}]},{"@type":"WebSite","@id":"https:\/\/www.nevadaregistry.org\/es\/#website","url":"https:\/\/www.nevadaregistry.org\/es\/","name":"The Nevada Registry","description":"Workforce data system capturing information about the Early Childhood Education and Care (ECEC) workforce in Nevada.","publisher":{"@id":"https:\/\/www.nevadaregistry.org\/es\/#organization"},"potentialAction":[{"@type":"SearchAction","target":{"@type":"EntryPoint","urlTemplate":"https:\/\/www.nevadaregistry.org\/es\/?s={search_term_string}"},"query-input":{"@type":"PropertyValueSpecification","valueRequired":true,"valueName":"search_term_string"}}],"inLanguage":"es"},{"@type":"Organization","@id":"https:\/\/www.nevadaregistry.org\/es\/#organization","name":"El Nevada Registry","url":"https:\/\/www.nevadaregistry.org\/es\/","logo":{"@type":"ImageObject","inLanguage":"es","@id":"https:\/\/www.nevadaregistry.org\/es\/#\/schema\/logo\/image\/","url":"https:\/\/www.nevadaregistry.org\/wp-content\/uploads\/2020\/10\/tnr-logo-purple-copy.jpg","contentUrl":"https:\/\/www.nevadaregistry.org\/wp-content\/uploads\/2020\/10\/tnr-logo-purple-copy.jpg","width":"900","height":"562","caption":"El Nevada Registry"},"image":{"@id":"https:\/\/www.nevadaregistry.org\/es\/#\/schema\/logo\/image\/"},"sameAs":["https:\/\/www.facebook.com\/nevadaregistry"]}]}},"_links":{"self":[{"href":"https:\/\/www.nevadaregistry.org\/es\/wp-json\/wp\/v2\/pages\/13162","targetHints":{"allow":["GET"]}}],"collection":[{"href":"https:\/\/www.nevadaregistry.org\/es\/wp-json\/wp\/v2\/pages"}],"about":[{"href":"https:\/\/www.nevadaregistry.org\/es\/wp-json\/wp\/v2\/types\/page"}],"author":[{"embeddable":true,"href":"https:\/\/www.nevadaregistry.org\/es\/wp-json\/wp\/v2\/users\/2"}],"replies":[{"embeddable":true,"href":"https:\/\/www.nevadaregistry.org\/es\/wp-json\/wp\/v2\/comments?post=13162"}],"version-history":[{"count":1,"href":"https:\/\/www.nevadaregistry.org\/es\/wp-json\/wp\/v2\/pages\/13162\/revisions"}],"predecessor-version":[{"id":13163,"href":"https:\/\/www.nevadaregistry.org\/es\/wp-json\/wp\/v2\/pages\/13162\/revisions\/13163"}],"up":[{"embeddable":true,"href":"https:\/\/www.nevadaregistry.org\/es\/wp-json\/wp\/v2\/pages\/13312"}],"wp:attachment":[{"href":"https:\/\/www.nevadaregistry.org\/es\/wp-json\/wp\/v2\/media?parent=13162"}],"curies":[{"name":"wp","href":"https:\/\/api.w.org\/{rel}","templated":true}]}}