{"id":13164,"date":"2024-09-13T09:09:23","date_gmt":"2024-09-13T16:09:23","guid":{"rendered":"https:\/\/www.nevadaregistry.org\/manual-de-politicas-historia\/"},"modified":"2025-05-01T14:54:51","modified_gmt":"2025-05-01T21:54:51","slug":"manual-de-politicas-historia","status":"publish","type":"page","link":"https:\/\/www.nevadaregistry.org\/es\/acerca\/politicas-del-programa\/manual-de-politicas-historia\/","title":{"rendered":"Manual de pol\u00edticas: Historia"},"content":{"rendered":"<h6><em>Revisado\/Actualizado octubre de 2024<\/em><\/h6>\n<p>El Nevada Registry se origin\u00f3 como un esfuerzo colaborativo de un grupo diverso de profesionales y programas de Cuidado y Educaci\u00f3n Temprana en todo el estado que 1) compart\u00edan el deseo de mejorar la calidad de los entornos para los ni\u00f1os, 2) reconoc\u00edan la necesidad de abordar los problemas que conducen a una alta rotaci\u00f3n del personal entre nuestra fuerza laboral, 3) estaban trabajando para desarrollar sistemas innovadores que condujeran a un aumento de salarios y profesionalismo en el campo de la ECE y 4) apoyaban el desarrollo de un centro de informaci\u00f3n centralizado que vinculara a todos los profesionales en el estado.    <\/p>\n<p>En 1998, el Comit\u00e9 Directivo Estatal de Cuidado Infantil de Nevada estableci\u00f3 tres subcomit\u00e9s para apoyar su trabajo:<\/p>\n<ul>\n<li>Subcomit\u00e9 de Pol\u00edticas y Pr\u00e1cticas de Pago, 2) Subcomit\u00e9 de Educaci\u00f3n al Consumidor, y 3) Subcomit\u00e9 de Calidad, Capacitaci\u00f3n y Licencias (QTL). Los tres subcomit\u00e9s trabajaron juntos para crear un informe y recomendaciones para el Comit\u00e9 Asesor de Cuidado Infantil del Estado de Nevada. El informe esboz\u00f3 las siguientes recomendaciones:\n<ol>\n<li>Establecer una Oficina Estatal de Cuidado y Educaci\u00f3n Temprana de Nevada<\/li>\n<li>Mejorar los Est\u00e1ndares de Licencias de Cuidado Infantil<\/li>\n<li>Establecer una Escala Profesional para los Profesionales de la Primera Infancia de Nevada<\/li>\n<li>Desarrollar un sistema coordinado de capacitaci\u00f3n y educaci\u00f3n a nivel estatal<\/li>\n<li>Establecer iniciativas estatales de becas y salarios<\/li>\n<\/ol>\n<\/li>\n<\/ul>\n<p>En 1999, comenz\u00f3 el Programa de Aprendizaje para el Cuidado Infantil de Nevada. Tambi\u00e9n se estableci\u00f3 la Oficina Estatal de Cuidado y Educaci\u00f3n Temprana de Nevada (ahora llamada Oficina de Aprendizaje y Desarrollo Temprano del Departamento de Educaci\u00f3n de Nevada). Durante este tiempo, el QTL cre\u00f3 subcomit\u00e9s para trabajar en la Escala Profesional, el Reembolso Escalonado y las \u00c1reas de Conocimiento B\u00e1sico. Despu\u00e9s de una gran cantidad de investigaci\u00f3n y discusi\u00f3n, se completaron los borradores de los tres sistemas en 2001. Al investigar c\u00f3mo otros estados incorporan cada uno de estos componentes en sus estados, se hizo evidente para el comit\u00e9 QTL y la Oficina de Cuidado y Educaci\u00f3n Temprana que un Registro de Cuidado Infantil en Nevada era el siguiente paso l\u00f3gico.    <\/p>\n<p>Mientras tanto, en abril de 2002, se llev\u00f3 a cabo una Cumbre de Cuidado y Educaci\u00f3n Temprana con m\u00e1s de 100 participantes. Los participantes proporcionaron comentarios sobre la propuesta Escala Profesional, el Sistema de Reembolso Escalonado y las \u00c1reas de Conocimiento B\u00e1sico. El 12 de abril de 2002, el Comit\u00e9 Asesor de Cuidado Infantil del Estado de Nevada adopt\u00f3 tanto la Escala Profesional como los Sistemas de Reembolso Escalonado. Las \u00c1reas de Conocimiento B\u00e1sico permanecieron como un trabajo en progreso.   <\/p>\n<p>En agosto del mismo a\u00f1o, la Oficina de Cuidado y Educaci\u00f3n Temprana contrat\u00f3 al Distrito Escolar del Condado de Washoe (WCSD) para desarrollar la estructura para albergar e implementar cada uno de los componentes adoptados. Con fondos de la Subvenci\u00f3n en Bloque para el Cuidado y Desarrollo Infantil, se contrat\u00f3 a un equipo del Registro de Wisconsin y se reuni\u00f3 con un peque\u00f1o grupo de la Oficina de Cuidado y Educaci\u00f3n Temprana y el WCSD para ayudar a crear el sistema de Registro de Nevada. Fue en este punto que comenz\u00f3 el desarrollo de lo que ahora llamamos El Nevada Registry.  <\/p>\n<p>El desarrollo del programa backend continu\u00f3 durante los siguientes a\u00f1os. Durante este tiempo, el concepto de Registro y el Sistema de Aprobaci\u00f3n de Capacitaci\u00f3n se promocionaron en todo el estado a trav\u00e9s de presentaciones en la mayor\u00eda, si no todas, las reuniones de la Junta de Licencias de Cuidado Infantil. Tambi\u00e9n se realiz\u00f3 un peque\u00f1o piloto de la Solicitud de Participante para la colocaci\u00f3n en la Escala Profesional en diciembre de 2003.  <\/p>\n<p>El sistema de Escala Profesional\/Registro de Cuidado y Educaci\u00f3n Temprana de Nevada se lanz\u00f3 oficialmente en enero de 2004 como un sistema voluntario de desarrollo profesional. Se form\u00f3 un comit\u00e9 compuesto por representantes de todo el estado para servir como <a href=\"https:\/\/www.nevadaregistry.org\/es\/about\/comite-asesor-del-registro\/\">El Comit\u00e9 Asesor de Nevada Registry<\/a> y asistir con el desarrollo del programa. El siguiente componente del Registro, un sistema estatal de aprobaci\u00f3n de capacitaci\u00f3n, se lanz\u00f3 en octubre del mismo a\u00f1o. Fue en este punto que el programa se hizo responsable de la aprobaci\u00f3n de toda la capacitaci\u00f3n informal basada en la comunidad ofrecida en Nevada, lo que significaba que toda la capacitaci\u00f3n tomada para cumplir con los requisitos anuales ahora ten\u00eda que ser aprobada por El Nevada Registry para ser aceptada por las Licencias de Cuidado Infantil.   <\/p>\n<p>En abril de 2009, la participaci\u00f3n en El Nevada Registry fue adoptada en las regulaciones estatales de Licencias de Cuidado Infantil R112-06 y R001-09 para todos los educadores de la Primera Infancia que trabajan en entornos de cuidado infantil con licencia. La participaci\u00f3n obligatoria se implement\u00f3 completamente el 31 de diciembre de 2012, posicionando a El Nevada Registry para recopilar y proporcionar una gran cantidad de datos esenciales, y previamente no disponibles, sobre la fuerza laboral de la primera infancia en Nevada que se utilizar\u00e1n para informar el trabajo de las partes interesadas y los responsables de pol\u00edticas en el futuro, as\u00ed como para ayudar a dirigir las decisiones sobre financiamiento y desarrollo de programas futuros. <\/p>\n<h3><\/h3>\n","protected":false},"excerpt":{"rendered":"<p>Revisado\/Actualizado octubre de 2024 El Nevada Registry se origin\u00f3 como un esfuerzo colaborativo de un grupo diverso de profesionales y&#8230;<\/p>\n","protected":false},"author":2,"featured_media":0,"parent":13312,"menu_order":0,"comment_status":"closed","ping_status":"closed","template":"","meta":{"_acf_changed":false,"footnotes":""},"class_list":["post-13164","page","type-page","status-publish","hentry"],"acf":[],"yoast_head":"<!-- This site is optimized with the Yoast SEO plugin v27.4 - https:\/\/yoast.com\/product\/yoast-seo-wordpress\/ -->\n<title>Manual de pol\u00edticas: Historia - The Nevada Registry<\/title>\n<meta name=\"description\" content=\"Revisado\/Actualizado octubre de 2024 El Nevada Registry se origin\u00f3 como un esfuerzo colaborativo de un grupo diverso de profesionales y programas de\" \/>\n<meta name=\"robots\" content=\"index, follow, max-snippet:-1, max-image-preview:large, max-video-preview:-1\" \/>\n<link rel=\"canonical\" href=\"https:\/\/www.nevadaregistry.org\/es\/acerca\/politicas-del-programa\/manual-de-politicas-historia\/\" \/>\n<meta property=\"og:locale\" content=\"es_ES\" \/>\n<meta property=\"og:type\" content=\"article\" \/>\n<meta property=\"og:title\" content=\"Manual de pol\u00edticas: Historia - The Nevada Registry\" \/>\n<meta property=\"og:description\" content=\"Revisado\/Actualizado octubre de 2024 El Nevada Registry se origin\u00f3 como un esfuerzo colaborativo de un grupo diverso de profesionales y programas de\" \/>\n<meta property=\"og:url\" content=\"https:\/\/www.nevadaregistry.org\/es\/acerca\/politicas-del-programa\/manual-de-politicas-historia\/\" \/>\n<meta property=\"og:site_name\" content=\"The Nevada Registry\" \/>\n<meta property=\"article:publisher\" content=\"https:\/\/www.facebook.com\/nevadaregistry\" \/>\n<meta property=\"article:modified_time\" content=\"2025-05-01T21:54:51+00:00\" \/>\n<meta property=\"og:image\" content=\"https:\/\/www.nevadaregistry.org\/wp-content\/uploads\/2020\/10\/NevadaRegistryOGImage.jpg\" \/>\n\t<meta property=\"og:image:width\" content=\"1200\" \/>\n\t<meta property=\"og:image:height\" content=\"630\" \/>\n\t<meta property=\"og:image:type\" content=\"image\/jpeg\" \/>\n<meta name=\"twitter:card\" content=\"summary_large_image\" \/>\n<meta name=\"twitter:label1\" content=\"Tiempo de lectura\" \/>\n\t<meta name=\"twitter:data1\" content=\"4 minutos\" \/>\n<script type=\"application\/ld+json\" class=\"yoast-schema-graph\">{\"@context\":\"https:\\\/\\\/schema.org\",\"@graph\":[{\"@type\":\"WebPage\",\"@id\":\"https:\\\/\\\/www.nevadaregistry.org\\\/es\\\/acerca\\\/politicas-del-programa\\\/manual-de-politicas-historia\\\/\",\"url\":\"https:\\\/\\\/www.nevadaregistry.org\\\/es\\\/acerca\\\/politicas-del-programa\\\/manual-de-politicas-historia\\\/\",\"name\":\"Manual de pol\u00edticas: Historia - The Nevada Registry\",\"isPartOf\":{\"@id\":\"https:\\\/\\\/www.nevadaregistry.org\\\/es\\\/#website\"},\"datePublished\":\"2024-09-13T16:09:23+00:00\",\"dateModified\":\"2025-05-01T21:54:51+00:00\",\"description\":\"Revisado\\\/Actualizado octubre de 2024 El Nevada Registry se origin\u00f3 como un esfuerzo colaborativo de un grupo diverso de profesionales y programas de\",\"breadcrumb\":{\"@id\":\"https:\\\/\\\/www.nevadaregistry.org\\\/es\\\/acerca\\\/politicas-del-programa\\\/manual-de-politicas-historia\\\/#breadcrumb\"},\"inLanguage\":\"es\",\"potentialAction\":[{\"@type\":\"ReadAction\",\"target\":[\"https:\\\/\\\/www.nevadaregistry.org\\\/es\\\/acerca\\\/politicas-del-programa\\\/manual-de-politicas-historia\\\/\"]}]},{\"@type\":\"BreadcrumbList\",\"@id\":\"https:\\\/\\\/www.nevadaregistry.org\\\/es\\\/acerca\\\/politicas-del-programa\\\/manual-de-politicas-historia\\\/#breadcrumb\",\"itemListElement\":[{\"@type\":\"ListItem\",\"position\":1,\"name\":\"Home\",\"item\":\"https:\\\/\\\/www.nevadaregistry.org\\\/es\\\/pagina-principal\\\/\"},{\"@type\":\"ListItem\",\"position\":2,\"name\":\"P\u00e1gina Acerca de The Nevada Registry\",\"item\":\"https:\\\/\\\/www.nevadaregistry.org\\\/es\\\/acerca\\\/\"},{\"@type\":\"ListItem\",\"position\":3,\"name\":\"Pol\u00edticas del programa\",\"item\":\"https:\\\/\\\/www.nevadaregistry.org\\\/es\\\/acerca\\\/politicas-del-programa\\\/\"},{\"@type\":\"ListItem\",\"position\":4,\"name\":\"Manual de pol\u00edticas: Historia\"}]},{\"@type\":\"WebSite\",\"@id\":\"https:\\\/\\\/www.nevadaregistry.org\\\/es\\\/#website\",\"url\":\"https:\\\/\\\/www.nevadaregistry.org\\\/es\\\/\",\"name\":\"The Nevada Registry\",\"description\":\"Workforce data system capturing information about the Early Childhood Education and Care (ECEC) workforce in Nevada.\",\"publisher\":{\"@id\":\"https:\\\/\\\/www.nevadaregistry.org\\\/es\\\/#organization\"},\"potentialAction\":[{\"@type\":\"SearchAction\",\"target\":{\"@type\":\"EntryPoint\",\"urlTemplate\":\"https:\\\/\\\/www.nevadaregistry.org\\\/es\\\/?s={search_term_string}\"},\"query-input\":{\"@type\":\"PropertyValueSpecification\",\"valueRequired\":true,\"valueName\":\"search_term_string\"}}],\"inLanguage\":\"es\"},{\"@type\":\"Organization\",\"@id\":\"https:\\\/\\\/www.nevadaregistry.org\\\/es\\\/#organization\",\"name\":\"El Nevada Registry\",\"url\":\"https:\\\/\\\/www.nevadaregistry.org\\\/es\\\/\",\"logo\":{\"@type\":\"ImageObject\",\"inLanguage\":\"es\",\"@id\":\"https:\\\/\\\/www.nevadaregistry.org\\\/es\\\/#\\\/schema\\\/logo\\\/image\\\/\",\"url\":\"https:\\\/\\\/www.nevadaregistry.org\\\/wp-content\\\/uploads\\\/2020\\\/10\\\/tnr-logo-purple-copy.jpg\",\"contentUrl\":\"https:\\\/\\\/www.nevadaregistry.org\\\/wp-content\\\/uploads\\\/2020\\\/10\\\/tnr-logo-purple-copy.jpg\",\"width\":\"900\",\"height\":\"562\",\"caption\":\"El Nevada Registry\"},\"image\":{\"@id\":\"https:\\\/\\\/www.nevadaregistry.org\\\/es\\\/#\\\/schema\\\/logo\\\/image\\\/\"},\"sameAs\":[\"https:\\\/\\\/www.facebook.com\\\/nevadaregistry\"]}]}<\/script>\n<!-- \/ Yoast SEO plugin. -->","yoast_head_json":{"title":"Manual de pol\u00edticas: Historia - The Nevada Registry","description":"Revisado\/Actualizado octubre de 2024 El Nevada Registry se origin\u00f3 como un esfuerzo colaborativo de un grupo diverso de profesionales y programas de","robots":{"index":"index","follow":"follow","max-snippet":"max-snippet:-1","max-image-preview":"max-image-preview:large","max-video-preview":"max-video-preview:-1"},"canonical":"https:\/\/www.nevadaregistry.org\/es\/acerca\/politicas-del-programa\/manual-de-politicas-historia\/","og_locale":"es_ES","og_type":"article","og_title":"Manual de pol\u00edticas: Historia - The Nevada Registry","og_description":"Revisado\/Actualizado octubre de 2024 El Nevada Registry se origin\u00f3 como un esfuerzo colaborativo de un grupo diverso de profesionales y programas de","og_url":"https:\/\/www.nevadaregistry.org\/es\/acerca\/politicas-del-programa\/manual-de-politicas-historia\/","og_site_name":"The Nevada Registry","article_publisher":"https:\/\/www.facebook.com\/nevadaregistry","article_modified_time":"2025-05-01T21:54:51+00:00","og_image":[{"width":1200,"height":630,"url":"https:\/\/www.nevadaregistry.org\/wp-content\/uploads\/2020\/10\/NevadaRegistryOGImage.jpg","type":"image\/jpeg"}],"twitter_card":"summary_large_image","twitter_misc":{"Tiempo de lectura":"4 minutos"},"schema":{"@context":"https:\/\/schema.org","@graph":[{"@type":"WebPage","@id":"https:\/\/www.nevadaregistry.org\/es\/acerca\/politicas-del-programa\/manual-de-politicas-historia\/","url":"https:\/\/www.nevadaregistry.org\/es\/acerca\/politicas-del-programa\/manual-de-politicas-historia\/","name":"Manual de pol\u00edticas: Historia - The Nevada Registry","isPartOf":{"@id":"https:\/\/www.nevadaregistry.org\/es\/#website"},"datePublished":"2024-09-13T16:09:23+00:00","dateModified":"2025-05-01T21:54:51+00:00","description":"Revisado\/Actualizado octubre de 2024 El Nevada Registry se origin\u00f3 como un esfuerzo colaborativo de un grupo diverso de profesionales y programas de","breadcrumb":{"@id":"https:\/\/www.nevadaregistry.org\/es\/acerca\/politicas-del-programa\/manual-de-politicas-historia\/#breadcrumb"},"inLanguage":"es","potentialAction":[{"@type":"ReadAction","target":["https:\/\/www.nevadaregistry.org\/es\/acerca\/politicas-del-programa\/manual-de-politicas-historia\/"]}]},{"@type":"BreadcrumbList","@id":"https:\/\/www.nevadaregistry.org\/es\/acerca\/politicas-del-programa\/manual-de-politicas-historia\/#breadcrumb","itemListElement":[{"@type":"ListItem","position":1,"name":"Home","item":"https:\/\/www.nevadaregistry.org\/es\/pagina-principal\/"},{"@type":"ListItem","position":2,"name":"P\u00e1gina Acerca de The Nevada Registry","item":"https:\/\/www.nevadaregistry.org\/es\/acerca\/"},{"@type":"ListItem","position":3,"name":"Pol\u00edticas del programa","item":"https:\/\/www.nevadaregistry.org\/es\/acerca\/politicas-del-programa\/"},{"@type":"ListItem","position":4,"name":"Manual de pol\u00edticas: Historia"}]},{"@type":"WebSite","@id":"https:\/\/www.nevadaregistry.org\/es\/#website","url":"https:\/\/www.nevadaregistry.org\/es\/","name":"The Nevada Registry","description":"Workforce data system capturing information about the Early Childhood Education and Care (ECEC) workforce in Nevada.","publisher":{"@id":"https:\/\/www.nevadaregistry.org\/es\/#organization"},"potentialAction":[{"@type":"SearchAction","target":{"@type":"EntryPoint","urlTemplate":"https:\/\/www.nevadaregistry.org\/es\/?s={search_term_string}"},"query-input":{"@type":"PropertyValueSpecification","valueRequired":true,"valueName":"search_term_string"}}],"inLanguage":"es"},{"@type":"Organization","@id":"https:\/\/www.nevadaregistry.org\/es\/#organization","name":"El Nevada Registry","url":"https:\/\/www.nevadaregistry.org\/es\/","logo":{"@type":"ImageObject","inLanguage":"es","@id":"https:\/\/www.nevadaregistry.org\/es\/#\/schema\/logo\/image\/","url":"https:\/\/www.nevadaregistry.org\/wp-content\/uploads\/2020\/10\/tnr-logo-purple-copy.jpg","contentUrl":"https:\/\/www.nevadaregistry.org\/wp-content\/uploads\/2020\/10\/tnr-logo-purple-copy.jpg","width":"900","height":"562","caption":"El Nevada Registry"},"image":{"@id":"https:\/\/www.nevadaregistry.org\/es\/#\/schema\/logo\/image\/"},"sameAs":["https:\/\/www.facebook.com\/nevadaregistry"]}]}},"_links":{"self":[{"href":"https:\/\/www.nevadaregistry.org\/es\/wp-json\/wp\/v2\/pages\/13164","targetHints":{"allow":["GET"]}}],"collection":[{"href":"https:\/\/www.nevadaregistry.org\/es\/wp-json\/wp\/v2\/pages"}],"about":[{"href":"https:\/\/www.nevadaregistry.org\/es\/wp-json\/wp\/v2\/types\/page"}],"author":[{"embeddable":true,"href":"https:\/\/www.nevadaregistry.org\/es\/wp-json\/wp\/v2\/users\/2"}],"replies":[{"embeddable":true,"href":"https:\/\/www.nevadaregistry.org\/es\/wp-json\/wp\/v2\/comments?post=13164"}],"version-history":[{"count":1,"href":"https:\/\/www.nevadaregistry.org\/es\/wp-json\/wp\/v2\/pages\/13164\/revisions"}],"predecessor-version":[{"id":13165,"href":"https:\/\/www.nevadaregistry.org\/es\/wp-json\/wp\/v2\/pages\/13164\/revisions\/13165"}],"up":[{"embeddable":true,"href":"https:\/\/www.nevadaregistry.org\/es\/wp-json\/wp\/v2\/pages\/13312"}],"wp:attachment":[{"href":"https:\/\/www.nevadaregistry.org\/es\/wp-json\/wp\/v2\/media?parent=13164"}],"curies":[{"name":"wp","href":"https:\/\/api.w.org\/{rel}","templated":true}]}}