{"id":13166,"date":"2024-08-23T16:01:27","date_gmt":"2024-08-23T23:01:27","guid":{"rendered":"https:\/\/www.nevadaregistry.org\/politica-contra-el-fraude\/"},"modified":"2025-05-01T14:54:51","modified_gmt":"2025-05-01T21:54:51","slug":"politica-contra-el-fraude","status":"publish","type":"page","link":"https:\/\/www.nevadaregistry.org\/es\/acerca\/politicas-del-programa\/politica-contra-el-fraude\/","title":{"rendered":"Pol\u00edtica contra el Fraude"},"content":{"rendered":"<p>El Nevada Registry considera fraude la tergiversaci\u00f3n, manipulaci\u00f3n o enga\u00f1o intencional para obtener una ventaja injusta sobre un individuo o sistema. Los ejemplos de posible fraude incluyen, pero no se limitan a, la manipulaci\u00f3n de certificados de formaci\u00f3n, alteraci\u00f3n de expedientes acad\u00e9micos\/diplomas, informaci\u00f3n falsificada en el formulario de solicitud\/renovaci\u00f3n de membres\u00eda, incluyendo historial laboral falsificado y registros de asistencia falsificados o manipulados. <\/p>\n<p>Consulte la Pol\u00edtica de Fraude del Nevada Registry en su totalidad en la p\u00e1gina <a href=\"https:\/\/www.nevadaregistry.org\/es\/?page_id=13176\">Manual de Pol\u00edticas: Pol\u00edtica de Fraude<\/a> de nuestro sitio web.<\/p>\n<p>&nbsp;<\/p>\n","protected":false},"excerpt":{"rendered":"<p>El Nevada Registry considera fraude la tergiversaci\u00f3n, manipulaci\u00f3n o enga\u00f1o intencional para obtener una ventaja injusta sobre un individuo o&#8230;<\/p>\n","protected":false},"author":2,"featured_media":0,"parent":13312,"menu_order":0,"comment_status":"closed","ping_status":"closed","template":"","meta":{"_acf_changed":false,"footnotes":""},"class_list":["post-13166","page","type-page","status-publish","hentry"],"acf":[],"yoast_head":"<!-- This site is optimized with the Yoast SEO plugin v27.2 - https:\/\/yoast.com\/product\/yoast-seo-wordpress\/ -->\n<title>Pol\u00edtica contra el Fraude - The Nevada Registry<\/title>\n<meta name=\"description\" content=\"El Nevada Registry considera fraude la tergiversaci\u00f3n, manipulaci\u00f3n o enga\u00f1o intencional para obtener una ventaja injusta sobre un individuo o sistema.\" \/>\n<meta name=\"robots\" content=\"index, follow, max-snippet:-1, max-image-preview:large, max-video-preview:-1\" \/>\n<link rel=\"canonical\" href=\"https:\/\/www.nevadaregistry.org\/es\/acerca\/politicas-del-programa\/politica-contra-el-fraude\/\" \/>\n<meta property=\"og:locale\" content=\"es_ES\" \/>\n<meta property=\"og:type\" content=\"article\" \/>\n<meta property=\"og:title\" content=\"Pol\u00edtica contra el Fraude - The Nevada Registry\" \/>\n<meta property=\"og:description\" content=\"El Nevada Registry considera fraude la tergiversaci\u00f3n, manipulaci\u00f3n o enga\u00f1o intencional para obtener una ventaja injusta sobre un individuo o sistema.\" \/>\n<meta property=\"og:url\" content=\"https:\/\/www.nevadaregistry.org\/es\/acerca\/politicas-del-programa\/politica-contra-el-fraude\/\" \/>\n<meta property=\"og:site_name\" content=\"The Nevada Registry\" \/>\n<meta property=\"article:publisher\" content=\"https:\/\/www.facebook.com\/nevadaregistry\" \/>\n<meta property=\"article:modified_time\" content=\"2025-05-01T21:54:51+00:00\" \/>\n<meta property=\"og:image\" content=\"https:\/\/www.nevadaregistry.org\/wp-content\/uploads\/2020\/10\/NevadaRegistryOGImage.jpg\" \/>\n\t<meta property=\"og:image:width\" content=\"1200\" \/>\n\t<meta property=\"og:image:height\" content=\"630\" \/>\n\t<meta property=\"og:image:type\" content=\"image\/jpeg\" \/>\n<meta name=\"twitter:card\" content=\"summary_large_image\" \/>\n<meta name=\"twitter:label1\" content=\"Tiempo de lectura\" \/>\n\t<meta name=\"twitter:data1\" content=\"1 minuto\" \/>\n<script type=\"application\/ld+json\" class=\"yoast-schema-graph\">{\"@context\":\"https:\/\/schema.org\",\"@graph\":[{\"@type\":\"WebPage\",\"@id\":\"https:\/\/www.nevadaregistry.org\/es\/acerca\/politicas-del-programa\/politica-contra-el-fraude\/\",\"url\":\"https:\/\/www.nevadaregistry.org\/es\/acerca\/politicas-del-programa\/politica-contra-el-fraude\/\",\"name\":\"Pol\u00edtica contra el Fraude - The Nevada Registry\",\"isPartOf\":{\"@id\":\"https:\/\/www.nevadaregistry.org\/es\/#website\"},\"datePublished\":\"2024-08-23T23:01:27+00:00\",\"dateModified\":\"2025-05-01T21:54:51+00:00\",\"description\":\"El Nevada Registry considera fraude la tergiversaci\u00f3n, manipulaci\u00f3n o enga\u00f1o intencional para obtener una ventaja injusta sobre un individuo o sistema.\",\"breadcrumb\":{\"@id\":\"https:\/\/www.nevadaregistry.org\/es\/acerca\/politicas-del-programa\/politica-contra-el-fraude\/#breadcrumb\"},\"inLanguage\":\"es\",\"potentialAction\":[{\"@type\":\"ReadAction\",\"target\":[\"https:\/\/www.nevadaregistry.org\/es\/acerca\/politicas-del-programa\/politica-contra-el-fraude\/\"]}]},{\"@type\":\"BreadcrumbList\",\"@id\":\"https:\/\/www.nevadaregistry.org\/es\/acerca\/politicas-del-programa\/politica-contra-el-fraude\/#breadcrumb\",\"itemListElement\":[{\"@type\":\"ListItem\",\"position\":1,\"name\":\"Home\",\"item\":\"https:\/\/www.nevadaregistry.org\/es\/pagina-principal\/\"},{\"@type\":\"ListItem\",\"position\":2,\"name\":\"P\u00e1gina Acerca de The Nevada Registry\",\"item\":\"https:\/\/www.nevadaregistry.org\/es\/acerca\/\"},{\"@type\":\"ListItem\",\"position\":3,\"name\":\"Pol\u00edticas del programa\",\"item\":\"https:\/\/www.nevadaregistry.org\/es\/acerca\/politicas-del-programa\/\"},{\"@type\":\"ListItem\",\"position\":4,\"name\":\"Pol\u00edtica contra el Fraude\"}]},{\"@type\":\"WebSite\",\"@id\":\"https:\/\/www.nevadaregistry.org\/es\/#website\",\"url\":\"https:\/\/www.nevadaregistry.org\/es\/\",\"name\":\"The Nevada Registry\",\"description\":\"Workforce data system capturing information about the Early Childhood Education and Care (ECEC) workforce in Nevada.\",\"publisher\":{\"@id\":\"https:\/\/www.nevadaregistry.org\/es\/#organization\"},\"potentialAction\":[{\"@type\":\"SearchAction\",\"target\":{\"@type\":\"EntryPoint\",\"urlTemplate\":\"https:\/\/www.nevadaregistry.org\/es\/?s={search_term_string}\"},\"query-input\":{\"@type\":\"PropertyValueSpecification\",\"valueRequired\":true,\"valueName\":\"search_term_string\"}}],\"inLanguage\":\"es\"},{\"@type\":\"Organization\",\"@id\":\"https:\/\/www.nevadaregistry.org\/es\/#organization\",\"name\":\"El Nevada Registry\",\"url\":\"https:\/\/www.nevadaregistry.org\/es\/\",\"logo\":{\"@type\":\"ImageObject\",\"inLanguage\":\"es\",\"@id\":\"https:\/\/www.nevadaregistry.org\/es\/#\/schema\/logo\/image\/\",\"url\":\"https:\/\/www.nevadaregistry.org\/wp-content\/uploads\/2020\/10\/tnr-logo-purple-copy.jpg\",\"contentUrl\":\"https:\/\/www.nevadaregistry.org\/wp-content\/uploads\/2020\/10\/tnr-logo-purple-copy.jpg\",\"width\":\"900\",\"height\":\"562\",\"caption\":\"El Nevada Registry\"},\"image\":{\"@id\":\"https:\/\/www.nevadaregistry.org\/es\/#\/schema\/logo\/image\/\"},\"sameAs\":[\"https:\/\/www.facebook.com\/nevadaregistry\"]}]}<\/script>\n<!-- \/ Yoast SEO plugin. -->","yoast_head_json":{"title":"Pol\u00edtica contra el Fraude - The Nevada Registry","description":"El Nevada Registry considera fraude la tergiversaci\u00f3n, manipulaci\u00f3n o enga\u00f1o intencional para obtener una ventaja injusta sobre un individuo o sistema.","robots":{"index":"index","follow":"follow","max-snippet":"max-snippet:-1","max-image-preview":"max-image-preview:large","max-video-preview":"max-video-preview:-1"},"canonical":"https:\/\/www.nevadaregistry.org\/es\/acerca\/politicas-del-programa\/politica-contra-el-fraude\/","og_locale":"es_ES","og_type":"article","og_title":"Pol\u00edtica contra el Fraude - The Nevada Registry","og_description":"El Nevada Registry considera fraude la tergiversaci\u00f3n, manipulaci\u00f3n o enga\u00f1o intencional para obtener una ventaja injusta sobre un individuo o sistema.","og_url":"https:\/\/www.nevadaregistry.org\/es\/acerca\/politicas-del-programa\/politica-contra-el-fraude\/","og_site_name":"The Nevada Registry","article_publisher":"https:\/\/www.facebook.com\/nevadaregistry","article_modified_time":"2025-05-01T21:54:51+00:00","og_image":[{"width":1200,"height":630,"url":"https:\/\/www.nevadaregistry.org\/wp-content\/uploads\/2020\/10\/NevadaRegistryOGImage.jpg","type":"image\/jpeg"}],"twitter_card":"summary_large_image","twitter_misc":{"Tiempo de lectura":"1 minuto"},"schema":{"@context":"https:\/\/schema.org","@graph":[{"@type":"WebPage","@id":"https:\/\/www.nevadaregistry.org\/es\/acerca\/politicas-del-programa\/politica-contra-el-fraude\/","url":"https:\/\/www.nevadaregistry.org\/es\/acerca\/politicas-del-programa\/politica-contra-el-fraude\/","name":"Pol\u00edtica contra el Fraude - The Nevada Registry","isPartOf":{"@id":"https:\/\/www.nevadaregistry.org\/es\/#website"},"datePublished":"2024-08-23T23:01:27+00:00","dateModified":"2025-05-01T21:54:51+00:00","description":"El Nevada Registry considera fraude la tergiversaci\u00f3n, manipulaci\u00f3n o enga\u00f1o intencional para obtener una ventaja injusta sobre un individuo o sistema.","breadcrumb":{"@id":"https:\/\/www.nevadaregistry.org\/es\/acerca\/politicas-del-programa\/politica-contra-el-fraude\/#breadcrumb"},"inLanguage":"es","potentialAction":[{"@type":"ReadAction","target":["https:\/\/www.nevadaregistry.org\/es\/acerca\/politicas-del-programa\/politica-contra-el-fraude\/"]}]},{"@type":"BreadcrumbList","@id":"https:\/\/www.nevadaregistry.org\/es\/acerca\/politicas-del-programa\/politica-contra-el-fraude\/#breadcrumb","itemListElement":[{"@type":"ListItem","position":1,"name":"Home","item":"https:\/\/www.nevadaregistry.org\/es\/pagina-principal\/"},{"@type":"ListItem","position":2,"name":"P\u00e1gina Acerca de The Nevada Registry","item":"https:\/\/www.nevadaregistry.org\/es\/acerca\/"},{"@type":"ListItem","position":3,"name":"Pol\u00edticas del programa","item":"https:\/\/www.nevadaregistry.org\/es\/acerca\/politicas-del-programa\/"},{"@type":"ListItem","position":4,"name":"Pol\u00edtica contra el Fraude"}]},{"@type":"WebSite","@id":"https:\/\/www.nevadaregistry.org\/es\/#website","url":"https:\/\/www.nevadaregistry.org\/es\/","name":"The Nevada Registry","description":"Workforce data system capturing information about the Early Childhood Education and Care (ECEC) workforce in Nevada.","publisher":{"@id":"https:\/\/www.nevadaregistry.org\/es\/#organization"},"potentialAction":[{"@type":"SearchAction","target":{"@type":"EntryPoint","urlTemplate":"https:\/\/www.nevadaregistry.org\/es\/?s={search_term_string}"},"query-input":{"@type":"PropertyValueSpecification","valueRequired":true,"valueName":"search_term_string"}}],"inLanguage":"es"},{"@type":"Organization","@id":"https:\/\/www.nevadaregistry.org\/es\/#organization","name":"El Nevada Registry","url":"https:\/\/www.nevadaregistry.org\/es\/","logo":{"@type":"ImageObject","inLanguage":"es","@id":"https:\/\/www.nevadaregistry.org\/es\/#\/schema\/logo\/image\/","url":"https:\/\/www.nevadaregistry.org\/wp-content\/uploads\/2020\/10\/tnr-logo-purple-copy.jpg","contentUrl":"https:\/\/www.nevadaregistry.org\/wp-content\/uploads\/2020\/10\/tnr-logo-purple-copy.jpg","width":"900","height":"562","caption":"El Nevada Registry"},"image":{"@id":"https:\/\/www.nevadaregistry.org\/es\/#\/schema\/logo\/image\/"},"sameAs":["https:\/\/www.facebook.com\/nevadaregistry"]}]}},"_links":{"self":[{"href":"https:\/\/www.nevadaregistry.org\/es\/wp-json\/wp\/v2\/pages\/13166","targetHints":{"allow":["GET"]}}],"collection":[{"href":"https:\/\/www.nevadaregistry.org\/es\/wp-json\/wp\/v2\/pages"}],"about":[{"href":"https:\/\/www.nevadaregistry.org\/es\/wp-json\/wp\/v2\/types\/page"}],"author":[{"embeddable":true,"href":"https:\/\/www.nevadaregistry.org\/es\/wp-json\/wp\/v2\/users\/2"}],"replies":[{"embeddable":true,"href":"https:\/\/www.nevadaregistry.org\/es\/wp-json\/wp\/v2\/comments?post=13166"}],"version-history":[{"count":1,"href":"https:\/\/www.nevadaregistry.org\/es\/wp-json\/wp\/v2\/pages\/13166\/revisions"}],"predecessor-version":[{"id":13167,"href":"https:\/\/www.nevadaregistry.org\/es\/wp-json\/wp\/v2\/pages\/13166\/revisions\/13167"}],"up":[{"embeddable":true,"href":"https:\/\/www.nevadaregistry.org\/es\/wp-json\/wp\/v2\/pages\/13312"}],"wp:attachment":[{"href":"https:\/\/www.nevadaregistry.org\/es\/wp-json\/wp\/v2\/media?parent=13166"}],"curies":[{"name":"wp","href":"https:\/\/api.w.org\/{rel}","templated":true}]}}