{"id":13169,"date":"2024-09-13T12:08:55","date_gmt":"2024-09-13T19:08:55","guid":{"rendered":"https:\/\/www.nevadaregistry.org\/manual-de-politicas-politicas-de-almacenamiento-respaldo-de-datos-mantenimiento-de-bases-de-datos-y-comparticion-de-datos\/"},"modified":"2025-05-01T14:54:51","modified_gmt":"2025-05-01T21:54:51","slug":"manual-de-politicas-politicas-de-almacenamiento-respaldo-de-datos-mantenimiento-de-bases-de-datos-y-comparticion-de-datos","status":"publish","type":"page","link":"https:\/\/www.nevadaregistry.org\/es\/acerca\/politicas-del-programa\/manual-de-politicas-politicas-de-almacenamiento-respaldo-de-datos-mantenimiento-de-bases-de-datos-y-comparticion-de-datos\/","title":{"rendered":"Manual de pol\u00edticas: Pol\u00edticas de almacenamiento\/respaldo de datos, mantenimiento de bases de datos y compartici\u00f3n de datos"},"content":{"rendered":"<h6><em>Revisado\/Actualizado octubre de 2024<\/em><\/h6>\n<p>Se han desarrollado procedimientos para el almacenamiento de la informaci\u00f3n de los miembros y para el mantenimiento de la base de datos SQL que alberga todas las tablas y datos del programa. Estos procedimientos incluyen un plan de recuperaci\u00f3n ante desastres en caso de que ocurra un evento catastr\u00f3fico en la base de datos. <\/p>\n<h4>Almacenamiento y respaldo de datos<\/h4>\n<p>El Nevada Registry est\u00e1 alojado dentro del <a href=\"https:\/\/www.washoeschools.net\/\">Distrito Escolar del Condado de Washoe (WCSD)<\/a>. El WCSD contrata a <a href=\"https:\/\/www.hyland.com\/en\">Hyland<\/a> (Proveedor de Gesti\u00f3n de Contenidos) a trav\u00e9s de <a href=\"https:\/\/naviant.com\/\">Naviant, Inc.<\/a> (Consultor de Gesti\u00f3n de Contenidos) para almacenar los datos importados a trav\u00e9s del sistema de gesti\u00f3n de documentos OnBase. Hyland aloja tres copias de los datos de la base de datos y los datos de archivos de cada cliente, cada una en un centro de datos ubicado geogr\u00e1ficamente de manera separada. La base de datos SQL que contiene las tablas del Registro y todos los datos relacionados con el programa y los miembros, as\u00ed como el c\u00f3digo fuente del sitio web y la interfaz de la base de datos Access, se aloja de forma remota y reside en un servidor virtual basado en la nube que se respalda de acuerdo con los procedimientos de mantenimiento y respaldo de la base de datos descritos a continuaci\u00f3n.   <\/p>\n<h4>Almacenamiento y respaldo de archivos electr\u00f3nicos<\/h4>\n<p>Actualmente, los miembros cargan documentaci\u00f3n al sistema de gesti\u00f3n de documentos OnBase a trav\u00e9s de su cuenta del Portal en L\u00ednea. Los documentos se organizan e indexan de acuerdo con el identificador \u00fanico de cada miembro y se almacenan electr\u00f3nicamente. Una vez que los documentos son sometidos a control de calidad para verificar su claridad e indexaci\u00f3n, se liberan (exportan) al servidor en la nube. Tan pronto como la informaci\u00f3n se libera, puede ser recuperada electr\u00f3nicamente en nuestros ordenadores locales ejecutando una consulta personalizada desde la aplicaci\u00f3n OnBase utilizando una variedad de campos de \u00edndice (es decir, n\u00famero de identificaci\u00f3n del Registro, nombre, apellido, etc.). Cualquier documento que pueda ser recuperado a trav\u00e9s de OnBase tambi\u00e9n puede ser impreso, guardado como archivo o enviado por correo electr\u00f3nico.    <\/p>\n<p>Los documentos importados a OnBase se almacenan en servidores en la nube alojados por Hyland. Los datos de producci\u00f3n se replican en dos ubicaciones secundarias y se realizan copias de seguridad diariamente. Se conserva un m\u00ednimo de 14 d\u00edas de datos de respaldo.  <\/p>\n<h4>Mantenimiento y respaldo de la base de datos<\/h4>\n<p>La base de datos y el sitio web de Nevada Registry residen en un servidor coubicado en AWS, una empresa de servicios en la nube y alojamiento. La base de datos SQL se respalda cada noche en el servidor utilizando un script de respaldo SQL. Cada noche, el archivo de respaldo SQL, todos los PDF y otros documentos de apoyo y el c\u00f3digo fuente se cargan en Amazon S3, un sistema seguro de almacenamiento en l\u00ednea basado en la nube, utilizando un sistema de respaldo en l\u00ednea llamado Cloudberry. Al completar este respaldo, se env\u00eda un correo electr\u00f3nico al administrador de Nevada Registry con los resultados del respaldo. Adem\u00e1s del respaldo en l\u00ednea, AWS (la empresa donde se coubica la base de datos) realiza respaldos completos del servidor cada noche con un nombre de archivo con marca de tiempo.    <\/p>\n<h4>Pol\u00edtica de retenci\u00f3n<\/h4>\n<p>Anteriormente, todos los archivos de los miembros se escaneaban y archivaban en formato de microficha; sin embargo, Nevada Registry descontinu\u00f3 la pr\u00e1ctica de crear microfichas en febrero de 2015. Ahora todos los archivos se almacenan \u00fanicamente en formato digital. Independientemente del estado de membres\u00eda, todos los registros digitales se conservan indefinidamente. Las pel\u00edculas de microficha se almacenan en gabinetes cerrados con llave en una sala de servidores bajo llave y tambi\u00e9n se conservar\u00e1n indefinidamente.   <\/p>\n<h4>Recuperaci\u00f3n<\/h4>\n<p>Archivos electr\u00f3nicos almacenados<\/p>\n<p>Hyland tiene un Plan de Recuperaci\u00f3n ante Desastres (DR) de Hyland Cloud implementado para minimizar las interrupciones y cumplir con los niveles de servicio definidos en caso de un desastre en Hyland Cloud. El Plan DR de Hyland Cloud tambi\u00e9n describe los m\u00e9todos utilizados para mitigar posibles situaciones de desastre, incluyendo la prevenci\u00f3n de desastres, la evitaci\u00f3n de p\u00e9rdida de datos y el monitoreo continuo de los componentes del sistema. Tambi\u00e9n existen m\u00e9todos de validaci\u00f3n para asegurar que el plan sea preciso y est\u00e9 actualizado, que incluyen revisi\u00f3n y pruebas.  <\/p>\n<p>Hyland dedica un esfuerzo considerable para prevenir o limitar el impacto de las interrupciones del servicio en Hyland Cloud, incluyendo, pero no limit\u00e1ndose a:<\/p>\n<ol>\n<li>Replicaci\u00f3n en tiempo real de los datos de archivos de los clientes<\/li>\n<li>Captura de registros de transacciones de la base de datos OnBase cada 15 minutos o compromiso de las transacciones de la base de datos de manera continua y casi instant\u00e1nea a un centro de datos secundario<\/li>\n<li>Redundancia en toda la infraestructura de clientes de Hyland Cloud<\/li>\n<li>Un suministro de energ\u00eda ininterrumpible<\/li>\n<li>Requisitos de calefacci\u00f3n y refrigeraci\u00f3n<\/li>\n<li>Separaci\u00f3n geogr\u00e1fica de los componentes de respaldo<\/li>\n<\/ol>\n<p>La identificaci\u00f3n precisa y oportuna de condiciones que podr\u00edan resultar en una falla del servicio es un aspecto importante del Plan de Recuperaci\u00f3n ante Desastres de Hyland Cloud. Los clientes pueden iniciar un incidente de recuperaci\u00f3n ante desastres inform\u00e1ndolo al personal de soporte t\u00e9cnico de Hyland. Una vez que se ha identificado una falla en el servicio, Hyland intentar\u00e1 recuperar los servicios iniciando una Respuesta Estandarizada a Incidentes de Desastre. Esta respuesta consta de los siguientes pasos: an\u00e1lisis, escalamiento, recuperaci\u00f3n de componentes cr\u00edticos, recuperaci\u00f3n de componentes urgentes, y recuperaci\u00f3n de componentes dependientes y desescalamiento del incidente.   <\/p>\n<h4>Servidor Remoto<\/h4>\n<p>Debido a que todos los datos almacenados en la base de datos se respaldan en la nube, no habr\u00e1 p\u00e9rdida de datos en caso de un desastre catastr\u00f3fico de la base de datos\/servidor (excepto cualquier dato ingresado entre el momento en que ocurri\u00f3 la copia de seguridad nocturna y el fallo). Adem\u00e1s, dado que el servidor que aloja el sitio web y el servidor SQL est\u00e1 basado en la nube, se podr\u00eda configurar r\u00e1pidamente un nuevo servidor virtual sin requerir la adquisici\u00f3n de hardware. El tiempo de recuperaci\u00f3n es de aproximadamente uno a dos d\u00edas h\u00e1biles.  <\/p>\n<h4>Transferencia Electr\u00f3nica de Datos<\/h4>\n<p>Los miembros del registro y los capacitadores aprobados tambi\u00e9n tienen acceso completo a su propio Portal en L\u00ednea seguro para completar el proceso de solicitud y renovaci\u00f3n en l\u00ednea, revisar su informaci\u00f3n, enviar actualizaciones personales y de empleo, ver la educaci\u00f3n y el desarrollo profesional archivados, enviar capacitaciones para aprobaci\u00f3n, presentar la asistencia a capacitaciones y completar el proceso de solicitud de renovaci\u00f3n de capacitador en l\u00ednea. Se ha otorgado acceso limitado, de solo lectura, a la base de datos al personal de <a href=\"https:\/\/dwss.nv.gov\/Care\/CCL\/ccl-licensing-home\/\">Licencias de Cuidado Infantil del Estado de Nevada<\/a>, <a href=\"https:\/\/doe.nv.gov\/offices\/oeld\/ece-professionals\/qris\">QRIS<\/a> y <a href=\"https:\/\/nvteach.org\/\">T.E.A.C.H.<\/a> con el prop\u00f3sito de verificar la membres\u00eda con The Nevada Registry y temporalmente a <a href=\"https:\/\/nevaeyc.org\/\">NevAEYC<\/a> y Optima Payroll and Benefits con el prop\u00f3sito de verificar la elegibilidad hasta 2025. Ninguna agencia aparte del personal del Registro y el Programador de Base de Datos contratado tiene acceso a la base de datos o a los registros almacenados, o a la informaci\u00f3n de los miembros a trav\u00e9s de m\u00e9todos electr\u00f3nicos. La copia de seguridad de la base de datos es la \u00fanica fuente de transferencia de datos desde la computadora, el servidor y\/o el hardware de origen. The Nevada Registry adquiere y mantiene un certificado de seguridad para proteger a\u00fan m\u00e1s los datos que se env\u00edan entre nuestro navegador y el sitio web\/base de datos (https:\/\/ en lugar de http:\/\/). Como resultado, todas las comunicaciones entre nuestro navegador y el sitio web\/base de datos est\u00e1n encriptadas para proteger la informaci\u00f3n y los datos confidenciales.    <\/p>\n<p>Los datos e informaci\u00f3n sensibles no se transfieren entre el Programador de Base de Datos contratado por The Nevada Registry y el Director del Programa. Sin embargo, si fuera necesario, las consultas que contienen informaci\u00f3n confidencial (por ejemplo, fecha de nacimiento e informaci\u00f3n demogr\u00e1fica como salarios) se enviar\u00e1n a trav\u00e9s de un servidor de correo encriptado. Siempre se utilizar\u00e1 un identificador \u00fanico al transferir datos en lugar del nombre del miembro.  <\/p>\n<h4>Asociaciones de Intercambio de Datos<\/h4>\n<p>Actualmente existen asociaciones de intercambio de datos electr\u00f3nicos entre The Nevada Registry y organizaciones de capacitaci\u00f3n en l\u00ednea aprobadas que han establecido una asociaci\u00f3n de intercambio de datos para importar datos de finalizaci\u00f3n de cursos semanalmente a trav\u00e9s de un proceso seguro de transferencia de archivos. Con el prop\u00f3sito de compartir datos, los datos agregados, los informes est\u00e1ndar y las solicitudes ad hoc de informes \u00fanicos son generados actualmente internamente por el Director del Programa y se comparten en formato PDF bajo solicitud de acuerdo con las pol\u00edticas de confidencialidad establecidas. <\/p>\n","protected":false},"excerpt":{"rendered":"<p>Revisado\/Actualizado octubre de 2024 Se han desarrollado procedimientos para el almacenamiento de la informaci\u00f3n de los miembros y para el&#8230;<\/p>\n","protected":false},"author":2,"featured_media":0,"parent":13312,"menu_order":0,"comment_status":"closed","ping_status":"closed","template":"","meta":{"_acf_changed":false,"footnotes":""},"class_list":["post-13169","page","type-page","status-publish","hentry"],"acf":[],"yoast_head":"<!-- This site is optimized with the Yoast SEO plugin v27.4 - https:\/\/yoast.com\/product\/yoast-seo-wordpress\/ -->\n<title>Manual de pol\u00edticas: Pol\u00edticas de almacenamiento\/respaldo de datos, mantenimiento de bases de datos y compartici\u00f3n de datos - The Nevada Registry<\/title>\n<meta name=\"description\" content=\"Revisado\/Actualizado octubre de 2024 Se han desarrollado procedimientos para el almacenamiento de la informaci\u00f3n de los miembros y para el mantenimiento\" \/>\n<meta name=\"robots\" content=\"index, follow, max-snippet:-1, max-image-preview:large, max-video-preview:-1\" \/>\n<link rel=\"canonical\" href=\"https:\/\/www.nevadaregistry.org\/es\/acerca\/politicas-del-programa\/manual-de-politicas-politicas-de-almacenamiento-respaldo-de-datos-mantenimiento-de-bases-de-datos-y-comparticion-de-datos\/\" \/>\n<meta property=\"og:locale\" content=\"es_ES\" \/>\n<meta property=\"og:type\" content=\"article\" \/>\n<meta property=\"og:title\" content=\"Manual de pol\u00edticas: Pol\u00edticas de almacenamiento\/respaldo de datos, mantenimiento de bases de datos y compartici\u00f3n de datos - The Nevada Registry\" \/>\n<meta property=\"og:description\" content=\"Revisado\/Actualizado octubre de 2024 Se han desarrollado procedimientos para el almacenamiento de la informaci\u00f3n de los miembros y para el mantenimiento\" \/>\n<meta property=\"og:url\" content=\"https:\/\/www.nevadaregistry.org\/es\/acerca\/politicas-del-programa\/manual-de-politicas-politicas-de-almacenamiento-respaldo-de-datos-mantenimiento-de-bases-de-datos-y-comparticion-de-datos\/\" \/>\n<meta property=\"og:site_name\" content=\"The Nevada Registry\" \/>\n<meta property=\"article:publisher\" content=\"https:\/\/www.facebook.com\/nevadaregistry\" \/>\n<meta property=\"article:modified_time\" content=\"2025-05-01T21:54:51+00:00\" \/>\n<meta property=\"og:image\" content=\"https:\/\/www.nevadaregistry.org\/wp-content\/uploads\/2020\/10\/NevadaRegistryOGImage.jpg\" \/>\n\t<meta property=\"og:image:width\" content=\"1200\" \/>\n\t<meta property=\"og:image:height\" content=\"630\" \/>\n\t<meta property=\"og:image:type\" content=\"image\/jpeg\" \/>\n<meta name=\"twitter:card\" content=\"summary_large_image\" \/>\n<meta name=\"twitter:label1\" content=\"Tiempo de lectura\" \/>\n\t<meta name=\"twitter:data1\" content=\"8 minutos\" \/>\n<script type=\"application\/ld+json\" class=\"yoast-schema-graph\">{\"@context\":\"https:\\\/\\\/schema.org\",\"@graph\":[{\"@type\":\"WebPage\",\"@id\":\"https:\\\/\\\/www.nevadaregistry.org\\\/es\\\/acerca\\\/politicas-del-programa\\\/manual-de-politicas-politicas-de-almacenamiento-respaldo-de-datos-mantenimiento-de-bases-de-datos-y-comparticion-de-datos\\\/\",\"url\":\"https:\\\/\\\/www.nevadaregistry.org\\\/es\\\/acerca\\\/politicas-del-programa\\\/manual-de-politicas-politicas-de-almacenamiento-respaldo-de-datos-mantenimiento-de-bases-de-datos-y-comparticion-de-datos\\\/\",\"name\":\"Manual de pol\u00edticas: Pol\u00edticas de almacenamiento\\\/respaldo de datos, mantenimiento de bases de datos y compartici\u00f3n de datos - The Nevada Registry\",\"isPartOf\":{\"@id\":\"https:\\\/\\\/www.nevadaregistry.org\\\/es\\\/#website\"},\"datePublished\":\"2024-09-13T19:08:55+00:00\",\"dateModified\":\"2025-05-01T21:54:51+00:00\",\"description\":\"Revisado\\\/Actualizado octubre de 2024 Se han desarrollado procedimientos para el almacenamiento de la informaci\u00f3n de los miembros y para el mantenimiento\",\"breadcrumb\":{\"@id\":\"https:\\\/\\\/www.nevadaregistry.org\\\/es\\\/acerca\\\/politicas-del-programa\\\/manual-de-politicas-politicas-de-almacenamiento-respaldo-de-datos-mantenimiento-de-bases-de-datos-y-comparticion-de-datos\\\/#breadcrumb\"},\"inLanguage\":\"es\",\"potentialAction\":[{\"@type\":\"ReadAction\",\"target\":[\"https:\\\/\\\/www.nevadaregistry.org\\\/es\\\/acerca\\\/politicas-del-programa\\\/manual-de-politicas-politicas-de-almacenamiento-respaldo-de-datos-mantenimiento-de-bases-de-datos-y-comparticion-de-datos\\\/\"]}]},{\"@type\":\"BreadcrumbList\",\"@id\":\"https:\\\/\\\/www.nevadaregistry.org\\\/es\\\/acerca\\\/politicas-del-programa\\\/manual-de-politicas-politicas-de-almacenamiento-respaldo-de-datos-mantenimiento-de-bases-de-datos-y-comparticion-de-datos\\\/#breadcrumb\",\"itemListElement\":[{\"@type\":\"ListItem\",\"position\":1,\"name\":\"Home\",\"item\":\"https:\\\/\\\/www.nevadaregistry.org\\\/es\\\/pagina-principal\\\/\"},{\"@type\":\"ListItem\",\"position\":2,\"name\":\"P\u00e1gina Acerca de The Nevada Registry\",\"item\":\"https:\\\/\\\/www.nevadaregistry.org\\\/es\\\/acerca\\\/\"},{\"@type\":\"ListItem\",\"position\":3,\"name\":\"Pol\u00edticas del programa\",\"item\":\"https:\\\/\\\/www.nevadaregistry.org\\\/es\\\/acerca\\\/politicas-del-programa\\\/\"},{\"@type\":\"ListItem\",\"position\":4,\"name\":\"Manual de pol\u00edticas: Pol\u00edticas de almacenamiento\\\/respaldo de datos, mantenimiento de bases de datos y compartici\u00f3n de datos\"}]},{\"@type\":\"WebSite\",\"@id\":\"https:\\\/\\\/www.nevadaregistry.org\\\/es\\\/#website\",\"url\":\"https:\\\/\\\/www.nevadaregistry.org\\\/es\\\/\",\"name\":\"The Nevada Registry\",\"description\":\"Workforce data system capturing information about the Early Childhood Education and Care (ECEC) workforce in Nevada.\",\"publisher\":{\"@id\":\"https:\\\/\\\/www.nevadaregistry.org\\\/es\\\/#organization\"},\"potentialAction\":[{\"@type\":\"SearchAction\",\"target\":{\"@type\":\"EntryPoint\",\"urlTemplate\":\"https:\\\/\\\/www.nevadaregistry.org\\\/es\\\/?s={search_term_string}\"},\"query-input\":{\"@type\":\"PropertyValueSpecification\",\"valueRequired\":true,\"valueName\":\"search_term_string\"}}],\"inLanguage\":\"es\"},{\"@type\":\"Organization\",\"@id\":\"https:\\\/\\\/www.nevadaregistry.org\\\/es\\\/#organization\",\"name\":\"El Nevada Registry\",\"url\":\"https:\\\/\\\/www.nevadaregistry.org\\\/es\\\/\",\"logo\":{\"@type\":\"ImageObject\",\"inLanguage\":\"es\",\"@id\":\"https:\\\/\\\/www.nevadaregistry.org\\\/es\\\/#\\\/schema\\\/logo\\\/image\\\/\",\"url\":\"https:\\\/\\\/www.nevadaregistry.org\\\/wp-content\\\/uploads\\\/2020\\\/10\\\/tnr-logo-purple-copy.jpg\",\"contentUrl\":\"https:\\\/\\\/www.nevadaregistry.org\\\/wp-content\\\/uploads\\\/2020\\\/10\\\/tnr-logo-purple-copy.jpg\",\"width\":\"900\",\"height\":\"562\",\"caption\":\"El Nevada Registry\"},\"image\":{\"@id\":\"https:\\\/\\\/www.nevadaregistry.org\\\/es\\\/#\\\/schema\\\/logo\\\/image\\\/\"},\"sameAs\":[\"https:\\\/\\\/www.facebook.com\\\/nevadaregistry\"]}]}<\/script>\n<!-- \/ Yoast SEO plugin. -->","yoast_head_json":{"title":"Manual de pol\u00edticas: Pol\u00edticas de almacenamiento\/respaldo de datos, mantenimiento de bases de datos y compartici\u00f3n de datos - The Nevada Registry","description":"Revisado\/Actualizado octubre de 2024 Se han desarrollado procedimientos para el almacenamiento de la informaci\u00f3n de los miembros y para el mantenimiento","robots":{"index":"index","follow":"follow","max-snippet":"max-snippet:-1","max-image-preview":"max-image-preview:large","max-video-preview":"max-video-preview:-1"},"canonical":"https:\/\/www.nevadaregistry.org\/es\/acerca\/politicas-del-programa\/manual-de-politicas-politicas-de-almacenamiento-respaldo-de-datos-mantenimiento-de-bases-de-datos-y-comparticion-de-datos\/","og_locale":"es_ES","og_type":"article","og_title":"Manual de pol\u00edticas: Pol\u00edticas de almacenamiento\/respaldo de datos, mantenimiento de bases de datos y compartici\u00f3n de datos - The Nevada Registry","og_description":"Revisado\/Actualizado octubre de 2024 Se han desarrollado procedimientos para el almacenamiento de la informaci\u00f3n de los miembros y para el mantenimiento","og_url":"https:\/\/www.nevadaregistry.org\/es\/acerca\/politicas-del-programa\/manual-de-politicas-politicas-de-almacenamiento-respaldo-de-datos-mantenimiento-de-bases-de-datos-y-comparticion-de-datos\/","og_site_name":"The Nevada Registry","article_publisher":"https:\/\/www.facebook.com\/nevadaregistry","article_modified_time":"2025-05-01T21:54:51+00:00","og_image":[{"width":1200,"height":630,"url":"https:\/\/www.nevadaregistry.org\/wp-content\/uploads\/2020\/10\/NevadaRegistryOGImage.jpg","type":"image\/jpeg"}],"twitter_card":"summary_large_image","twitter_misc":{"Tiempo de lectura":"8 minutos"},"schema":{"@context":"https:\/\/schema.org","@graph":[{"@type":"WebPage","@id":"https:\/\/www.nevadaregistry.org\/es\/acerca\/politicas-del-programa\/manual-de-politicas-politicas-de-almacenamiento-respaldo-de-datos-mantenimiento-de-bases-de-datos-y-comparticion-de-datos\/","url":"https:\/\/www.nevadaregistry.org\/es\/acerca\/politicas-del-programa\/manual-de-politicas-politicas-de-almacenamiento-respaldo-de-datos-mantenimiento-de-bases-de-datos-y-comparticion-de-datos\/","name":"Manual de pol\u00edticas: Pol\u00edticas de almacenamiento\/respaldo de datos, mantenimiento de bases de datos y compartici\u00f3n de datos - The Nevada Registry","isPartOf":{"@id":"https:\/\/www.nevadaregistry.org\/es\/#website"},"datePublished":"2024-09-13T19:08:55+00:00","dateModified":"2025-05-01T21:54:51+00:00","description":"Revisado\/Actualizado octubre de 2024 Se han desarrollado procedimientos para el almacenamiento de la informaci\u00f3n de los miembros y para el mantenimiento","breadcrumb":{"@id":"https:\/\/www.nevadaregistry.org\/es\/acerca\/politicas-del-programa\/manual-de-politicas-politicas-de-almacenamiento-respaldo-de-datos-mantenimiento-de-bases-de-datos-y-comparticion-de-datos\/#breadcrumb"},"inLanguage":"es","potentialAction":[{"@type":"ReadAction","target":["https:\/\/www.nevadaregistry.org\/es\/acerca\/politicas-del-programa\/manual-de-politicas-politicas-de-almacenamiento-respaldo-de-datos-mantenimiento-de-bases-de-datos-y-comparticion-de-datos\/"]}]},{"@type":"BreadcrumbList","@id":"https:\/\/www.nevadaregistry.org\/es\/acerca\/politicas-del-programa\/manual-de-politicas-politicas-de-almacenamiento-respaldo-de-datos-mantenimiento-de-bases-de-datos-y-comparticion-de-datos\/#breadcrumb","itemListElement":[{"@type":"ListItem","position":1,"name":"Home","item":"https:\/\/www.nevadaregistry.org\/es\/pagina-principal\/"},{"@type":"ListItem","position":2,"name":"P\u00e1gina Acerca de The Nevada Registry","item":"https:\/\/www.nevadaregistry.org\/es\/acerca\/"},{"@type":"ListItem","position":3,"name":"Pol\u00edticas del programa","item":"https:\/\/www.nevadaregistry.org\/es\/acerca\/politicas-del-programa\/"},{"@type":"ListItem","position":4,"name":"Manual de pol\u00edticas: Pol\u00edticas de almacenamiento\/respaldo de datos, mantenimiento de bases de datos y compartici\u00f3n de datos"}]},{"@type":"WebSite","@id":"https:\/\/www.nevadaregistry.org\/es\/#website","url":"https:\/\/www.nevadaregistry.org\/es\/","name":"The Nevada Registry","description":"Workforce data system capturing information about the Early Childhood Education and Care (ECEC) workforce in Nevada.","publisher":{"@id":"https:\/\/www.nevadaregistry.org\/es\/#organization"},"potentialAction":[{"@type":"SearchAction","target":{"@type":"EntryPoint","urlTemplate":"https:\/\/www.nevadaregistry.org\/es\/?s={search_term_string}"},"query-input":{"@type":"PropertyValueSpecification","valueRequired":true,"valueName":"search_term_string"}}],"inLanguage":"es"},{"@type":"Organization","@id":"https:\/\/www.nevadaregistry.org\/es\/#organization","name":"El Nevada Registry","url":"https:\/\/www.nevadaregistry.org\/es\/","logo":{"@type":"ImageObject","inLanguage":"es","@id":"https:\/\/www.nevadaregistry.org\/es\/#\/schema\/logo\/image\/","url":"https:\/\/www.nevadaregistry.org\/wp-content\/uploads\/2020\/10\/tnr-logo-purple-copy.jpg","contentUrl":"https:\/\/www.nevadaregistry.org\/wp-content\/uploads\/2020\/10\/tnr-logo-purple-copy.jpg","width":"900","height":"562","caption":"El Nevada Registry"},"image":{"@id":"https:\/\/www.nevadaregistry.org\/es\/#\/schema\/logo\/image\/"},"sameAs":["https:\/\/www.facebook.com\/nevadaregistry"]}]}},"_links":{"self":[{"href":"https:\/\/www.nevadaregistry.org\/es\/wp-json\/wp\/v2\/pages\/13169","targetHints":{"allow":["GET"]}}],"collection":[{"href":"https:\/\/www.nevadaregistry.org\/es\/wp-json\/wp\/v2\/pages"}],"about":[{"href":"https:\/\/www.nevadaregistry.org\/es\/wp-json\/wp\/v2\/types\/page"}],"author":[{"embeddable":true,"href":"https:\/\/www.nevadaregistry.org\/es\/wp-json\/wp\/v2\/users\/2"}],"replies":[{"embeddable":true,"href":"https:\/\/www.nevadaregistry.org\/es\/wp-json\/wp\/v2\/comments?post=13169"}],"version-history":[{"count":1,"href":"https:\/\/www.nevadaregistry.org\/es\/wp-json\/wp\/v2\/pages\/13169\/revisions"}],"predecessor-version":[{"id":13171,"href":"https:\/\/www.nevadaregistry.org\/es\/wp-json\/wp\/v2\/pages\/13169\/revisions\/13171"}],"up":[{"embeddable":true,"href":"https:\/\/www.nevadaregistry.org\/es\/wp-json\/wp\/v2\/pages\/13312"}],"wp:attachment":[{"href":"https:\/\/www.nevadaregistry.org\/es\/wp-json\/wp\/v2\/media?parent=13169"}],"curies":[{"name":"wp","href":"https:\/\/api.w.org\/{rel}","templated":true}]}}