{"id":13176,"date":"2024-09-13T16:17:37","date_gmt":"2024-09-13T23:17:37","guid":{"rendered":"https:\/\/www.nevadaregistry.org\/manual-de-politicas-politica-de-fraude\/"},"modified":"2025-05-01T14:54:51","modified_gmt":"2025-05-01T21:54:51","slug":"manual-de-politicas-politica-de-fraude","status":"publish","type":"page","link":"https:\/\/www.nevadaregistry.org\/es\/acerca\/politicas-del-programa\/manual-de-politicas-politica-de-fraude\/","title":{"rendered":"Manual de pol\u00edticas: Pol\u00edtica de fraude"},"content":{"rendered":"<h6><em>Revisado\/Actualizado octubre de 2024<\/em><\/h6>\n<p>El Nevada Registry considera fraude la tergiversaci\u00f3n, manipulaci\u00f3n o enga\u00f1o intencional para obtener una ventaja injusta sobre un individuo o sistema. Los ejemplos de posible fraude incluyen, pero no se limitan a, la manipulaci\u00f3n de certificados de capacitaci\u00f3n, distorsi\u00f3n de transcripciones\/diplomas, informaci\u00f3n falsificada en la solicitud de membres\u00eda y\/o formulario de actualizaci\u00f3n\/renovaci\u00f3n, incluyendo historial laboral falsificado y registros de asistencia forjados o manipulados. <\/p>\n<p>El Nevada Registry intenta salvaguardarse contra el fraude requiriendo que todos los miembros firmen una declaraci\u00f3n de exenci\u00f3n en la \u00faltima secci\u00f3n del formulario en l\u00ednea de solicitud y renovaci\u00f3n de membres\u00eda. La firma de la solicitud es un reconocimiento por parte del individuo de que la informaci\u00f3n contenida en una solicitud\/renovaci\u00f3n es verdadera y correcta. El Nevada Registry asume que la informaci\u00f3n proporcionada en la solicitud y la documentaci\u00f3n de respaldo es ver\u00eddica, a menos que exista evidencia clara para creer lo contrario. El Nevada Registry se reserva el derecho de investigar cualquier sospecha de fraude*. El fraude tambi\u00e9n ser\u00e1 investigado si se realiza un informe o remisi\u00f3n al Nevada Registry por parte de un tercero.    <\/p>\n<p>La sospecha de fraude se maneja de manera individual, entendiendo que una persona puede, sin saberlo y, por lo tanto, involuntariamente, tergiversar la experiencia laboral y\/o la capacitaci\u00f3n. Se hace todo lo posible por comunicarse de manera objetiva y no acusatoria que busque informar y ayudar. El curso de acci\u00f3n tomado ser\u00e1 determinado por la naturaleza y gravedad del presunto fraude.  <\/p>\n<p><em>*La sospecha de fraude se toma en serio. Dado que El Nevada Registry no es una agencia reguladora, las sospechas de fraude pueden ser remitidas a la Licencia de Cuidado Infantil para una investigaci\u00f3n\/acci\u00f3n adicional, a un director de instalaci\u00f3n y\/o a otra agencia apropiada seg\u00fan la naturaleza del presunto fraude. <\/em><\/p>\n<h4>Proceso para identificar posible fraude<\/h4>\n<p>El personal est\u00e1 capacitado para revisar cuidadosamente todas las solicitudes y documentaci\u00f3n de respaldo en busca de precisi\u00f3n y posible fraude. Se han creado las siguientes pautas para ayudar con el proceso de revisi\u00f3n\/examen. <\/p>\n<p>Los indicadores de falsificaci\u00f3n de documentos podr\u00edan incluir, pero no se limitan a:<\/p>\n<ul>\n<li>Inconsistencias en el tipo y tama\u00f1o de fuente que no coinciden con la mayor parte del texto en el documento.<\/li>\n<li>Indicaciones sutiles de que un nombre ha sido cubierto y\/o reimpreso con un nombre diferente.<\/li>\n<li>Nombres en certificados de capacitaci\u00f3n, licencias o transcripciones que no son los mismos que los del individuo que presenta la solicitud.<\/li>\n<li>Certificados de capacitaci\u00f3n, licencias o transcripciones que no incluyen un nombre u otra informaci\u00f3n est\u00e1ndar como calificaciones, cr\u00e9ditos, etc.<\/li>\n<li>Nombre de universidad\/colegio ficticio o faltante.<\/li>\n<li>Sello o marca de agua faltante o aparentemente alterado en diplomas o transcripciones.<\/li>\n<li>Tipo de fuente o informaci\u00f3n en los certificados de membres\u00eda emitidos por el Registro que var\u00eda de la fuente\/informaci\u00f3n estandarizada.<\/li>\n<li>Nombres mal escritos en certificados de capacitaci\u00f3n.<\/li>\n<li>Certificados de capacitaci\u00f3n que contienen c\u00f3digos de aprobaci\u00f3n que no son emitidos por el Registro (es decir, no coinciden con el formato o la secuencia num\u00e9rica).<\/li>\n<li>Certificados de capacitaci\u00f3n que contienen c\u00f3digos de aprobaci\u00f3n que no hacen referencia a la sesi\u00f3n de capacitaci\u00f3n correcta.<\/li>\n<\/ul>\n<p>Cualquier cambio obvio en un documento posterior a su emisi\u00f3n resultar\u00e1 en un rechazo inmediato de la documentaci\u00f3n. El fraude tambi\u00e9n ser\u00e1 investigado si un tercero hace un informe o remisi\u00f3n al Nevada Registry. <\/p>\n<h4>Expectativas del personal con respecto a la sospecha de fraude<\/h4>\n<p>Todo el personal del Registro est\u00e1 obligado a informar cualquier sospecha de fraude. Si el personal tiene preocupaciones sobre la validez y\/o integridad de las transcripciones, t\u00edtulos formales, certificados de capacitaci\u00f3n o cualquier otra documentaci\u00f3n presentada por un solicitante\/miembro, compartir\u00e1 sus preocupaciones con el Director del Programa del Registro. Los casos de sospecha de fraude que no puedan determinarse claramente se llevar\u00e1n al Comit\u00e9 Asesor del Nevada Registry para su discusi\u00f3n.  <\/p>\n<p>Todas las sospechas de fraude se anotan en el archivo del miembro (y de cualquier otra parte involucrada) en forma de un memorando electr\u00f3nico del personal. Cualquier acci\u00f3n correctiva tomada tambi\u00e9n se documentar\u00e1 en el archivo del miembro. <\/p>\n<h4>Acciones tomadas con respecto a la sospecha de fraude<\/h4>\n<p>Se tomar\u00e1 el siguiente curso de acci\u00f3n cuando exista sospecha de fraude:<\/p>\n<p>Los certificados de capacitaci\u00f3n sin cr\u00e9ditos se aceptan de acuerdo con las pol\u00edticas descritas en la secci\u00f3n &#8216;Verificaci\u00f3n de cursos sin cr\u00e9ditos\/Certificados de capacitaci\u00f3n comunitaria&#8217; de este manual de pol\u00edticas.<\/p>\n<p>Cuando se cuestiona la validez de un certificado de capacitaci\u00f3n:<\/p>\n<ul>\n<li>El personal del Registro se pondr\u00e1 en contacto con el formador o la organizaci\u00f3n formativa emisora para verificar la validez del certificado. La formaci\u00f3n no se registrar\u00e1 en la cuenta del individuo hasta que se haya verificado que asisti\u00f3 a la sesi\u00f3n de formaci\u00f3n presencial\/virtual y\/o complet\u00f3 el curso en l\u00ednea en cuesti\u00f3n. <\/li>\n<li>Si el formador\/organizaci\u00f3n formativa verifica que el certificado es v\u00e1lido, la formaci\u00f3n se a\u00f1adir\u00e1 a la cuenta del miembro. No se tomar\u00e1n medidas adicionales. <\/li>\n<li>Si el formador\/organizaci\u00f3n formativa verifica que el certificado no es v\u00e1lido (corroborando el presunto fraude), se notificar\u00e1 al individuo por correo electr\u00f3nico que el certificado no puede ser aceptado tal como se present\u00f3. Se prestar\u00e1 especial atenci\u00f3n para evitar acusar al miembro de fraude intencional, dado que es posible que haya tergiversado la informaci\u00f3n de manera involuntaria y, por lo tanto, no intencionada. <\/li>\n<li>El fraude corroborado se anotar\u00e1 en la cuenta del miembro (y de cualquier otra parte involucrada) en forma de una nota electr\u00f3nica del personal. Cualquier acci\u00f3n correctiva tomada tambi\u00e9n se documentar\u00e1 en el expediente del miembro. <\/li>\n<li>El personal del Registro notificar\u00e1 a la <a href=\"https:\/\/dwss.nv.gov\/Care\/CCL\/ccl-licensing-home\/\">Licencia de Cuidado Infantil<\/a> sobre el fraude corroborado.<\/li>\n<\/ul>\n<p>Cuando se cuestiona la validez de un registro de asistencia digital (por ejemplo, se sospecha que un formador ha falsificado la asistencia a\u00f1adiendo nombres de participantes que no estuvieron presentes):<\/p>\n<ul>\n<li>El personal del Registro se pondr\u00e1 en contacto con el formador\/agencia patrocinadora que present\u00f3 el registro de asistencia digital para verificar la validez de la presentaci\u00f3n de asistencia. La formaci\u00f3n no se registrar\u00e1 en la cuenta del individuo hasta que se haya verificado que el certificado es v\u00e1lido y que el individuo asisti\u00f3 a la sesi\u00f3n de formaci\u00f3n presencial\/virtual. <\/li>\n<li>Se solicitar\u00e1 al formador que proporcione una copia de la hoja de registro f\u00edsico utilizada para registrar la asistencia (para sesiones de formaci\u00f3n presenciales\/virtuales) o una copia de la documentaci\u00f3n utilizada para verificar la asistencia a la formaci\u00f3n virtual. Tambi\u00e9n se solicitar\u00e1 una declaraci\u00f3n de exactitud. <\/li>\n<li>Si se verifica que el individuo estuvo presente, la formaci\u00f3n se a\u00f1adir\u00e1 a la cuenta del miembro. No se tomar\u00e1n medidas adicionales. <\/li>\n<li>Si no se puede verificar que el individuo asisti\u00f3, la preocupaci\u00f3n se abordar\u00e1 con el formador\/organizaci\u00f3n formativa siguiendo los procedimientos descritos en el <a href=\"https:\/\/www.nevadaregistry.org\/wp-content\/uploads\/2023\/03\/TrainerComplaintProtocol.pdf\">Procedimiento de Quejas para Formadores Registrados<\/a>.<\/li>\n<li>El fraude corroborado se anotar\u00e1 en la cuenta del formador (y de cualquier otra parte involucrada) en forma de una nota electr\u00f3nica del personal. Cualquier acci\u00f3n correctiva tomada tambi\u00e9n se documentar\u00e1 en el expediente del miembro. <\/li>\n<li>El personal del Registro notificar\u00e1 a la <a href=\"https:\/\/dwss.nv.gov\/Care\/CCL\/ccl-licensing-home\/\">Licencia de Cuidado Infantil<\/a> sobre lo ocurrido.<\/li>\n<\/ul>\n<p>Cuando se cuestiona la validez de cursos\/t\u00edtulos que otorgan cr\u00e9ditos:<\/p>\n<ul>\n<li>Se solicitar\u00e1 al individuo que proporcione informaci\u00f3n adicional para validar la exactitud o autenticidad del documento o documentos en cuesti\u00f3n. Si se sospecha fraude en expedientes acad\u00e9micos no oficiales, se solicitar\u00e1 un expediente acad\u00e9mico oficial sellado de la universidad. <\/li>\n<li>Si un individuo no puede presentar la documentaci\u00f3n solicitada y\/o si se corrobora el fraude, la informaci\u00f3n fraudulenta no ser\u00e1 aceptada ni considerada para la colocaci\u00f3n en la Escala Profesional. El documento se guardar\u00e1 electr\u00f3nicamente en el expediente del miembro, pero no se registrar\u00e1 en la base de datos. <\/li>\n<li>El personal del Registro documentar\u00e1 la no aceptaci\u00f3n de la documentaci\u00f3n en la cuenta del miembro en forma de una nota electr\u00f3nica del personal. No se tomar\u00e1n medidas adicionales. <\/li>\n<\/ul>\n<p>El solicitante\/miembro puede apelar cualquier determinaci\u00f3n de fraude siguiendo el proceso de apelaci\u00f3n establecido.<\/p>\n","protected":false},"excerpt":{"rendered":"<p>Revisado\/Actualizado octubre de 2024 El Nevada Registry considera fraude la tergiversaci\u00f3n, manipulaci\u00f3n o enga\u00f1o intencional para obtener una ventaja injusta&#8230;<\/p>\n","protected":false},"author":2,"featured_media":0,"parent":13312,"menu_order":0,"comment_status":"closed","ping_status":"closed","template":"","meta":{"_acf_changed":false,"footnotes":""},"class_list":["post-13176","page","type-page","status-publish","hentry"],"acf":[],"yoast_head":"<!-- This site is optimized with the Yoast SEO plugin v27.2 - https:\/\/yoast.com\/product\/yoast-seo-wordpress\/ -->\n<title>Manual de pol\u00edticas: Pol\u00edtica de fraude - The Nevada Registry<\/title>\n<meta name=\"description\" content=\"Revisado\/Actualizado octubre de 2024 El Nevada Registry considera fraude la tergiversaci\u00f3n, manipulaci\u00f3n o enga\u00f1o intencional para obtener una ventaja\" \/>\n<meta name=\"robots\" content=\"index, follow, max-snippet:-1, max-image-preview:large, max-video-preview:-1\" \/>\n<link rel=\"canonical\" href=\"https:\/\/www.nevadaregistry.org\/es\/acerca\/politicas-del-programa\/manual-de-politicas-politica-de-fraude\/\" \/>\n<meta property=\"og:locale\" content=\"es_ES\" \/>\n<meta property=\"og:type\" content=\"article\" \/>\n<meta property=\"og:title\" content=\"Manual de pol\u00edticas: Pol\u00edtica de fraude - The Nevada Registry\" \/>\n<meta property=\"og:description\" content=\"Revisado\/Actualizado octubre de 2024 El Nevada Registry considera fraude la tergiversaci\u00f3n, manipulaci\u00f3n o enga\u00f1o intencional para obtener una ventaja\" \/>\n<meta property=\"og:url\" content=\"https:\/\/www.nevadaregistry.org\/es\/acerca\/politicas-del-programa\/manual-de-politicas-politica-de-fraude\/\" \/>\n<meta property=\"og:site_name\" content=\"The Nevada Registry\" \/>\n<meta property=\"article:publisher\" content=\"https:\/\/www.facebook.com\/nevadaregistry\" \/>\n<meta property=\"article:modified_time\" content=\"2025-05-01T21:54:51+00:00\" \/>\n<meta property=\"og:image\" content=\"https:\/\/www.nevadaregistry.org\/wp-content\/uploads\/2020\/10\/NevadaRegistryOGImage.jpg\" \/>\n\t<meta property=\"og:image:width\" content=\"1200\" \/>\n\t<meta property=\"og:image:height\" content=\"630\" \/>\n\t<meta property=\"og:image:type\" content=\"image\/jpeg\" \/>\n<meta name=\"twitter:card\" content=\"summary_large_image\" \/>\n<meta name=\"twitter:label1\" content=\"Tiempo de lectura\" \/>\n\t<meta name=\"twitter:data1\" content=\"7 minutos\" \/>\n<script type=\"application\/ld+json\" class=\"yoast-schema-graph\">{\"@context\":\"https:\/\/schema.org\",\"@graph\":[{\"@type\":\"WebPage\",\"@id\":\"https:\/\/www.nevadaregistry.org\/es\/acerca\/politicas-del-programa\/manual-de-politicas-politica-de-fraude\/\",\"url\":\"https:\/\/www.nevadaregistry.org\/es\/acerca\/politicas-del-programa\/manual-de-politicas-politica-de-fraude\/\",\"name\":\"Manual de pol\u00edticas: Pol\u00edtica de fraude - The Nevada Registry\",\"isPartOf\":{\"@id\":\"https:\/\/www.nevadaregistry.org\/es\/#website\"},\"datePublished\":\"2024-09-13T23:17:37+00:00\",\"dateModified\":\"2025-05-01T21:54:51+00:00\",\"description\":\"Revisado\/Actualizado octubre de 2024 El Nevada Registry considera fraude la tergiversaci\u00f3n, manipulaci\u00f3n o enga\u00f1o intencional para obtener una ventaja\",\"breadcrumb\":{\"@id\":\"https:\/\/www.nevadaregistry.org\/es\/acerca\/politicas-del-programa\/manual-de-politicas-politica-de-fraude\/#breadcrumb\"},\"inLanguage\":\"es\",\"potentialAction\":[{\"@type\":\"ReadAction\",\"target\":[\"https:\/\/www.nevadaregistry.org\/es\/acerca\/politicas-del-programa\/manual-de-politicas-politica-de-fraude\/\"]}]},{\"@type\":\"BreadcrumbList\",\"@id\":\"https:\/\/www.nevadaregistry.org\/es\/acerca\/politicas-del-programa\/manual-de-politicas-politica-de-fraude\/#breadcrumb\",\"itemListElement\":[{\"@type\":\"ListItem\",\"position\":1,\"name\":\"Home\",\"item\":\"https:\/\/www.nevadaregistry.org\/es\/pagina-principal\/\"},{\"@type\":\"ListItem\",\"position\":2,\"name\":\"P\u00e1gina Acerca de The Nevada Registry\",\"item\":\"https:\/\/www.nevadaregistry.org\/es\/acerca\/\"},{\"@type\":\"ListItem\",\"position\":3,\"name\":\"Pol\u00edticas del programa\",\"item\":\"https:\/\/www.nevadaregistry.org\/es\/acerca\/politicas-del-programa\/\"},{\"@type\":\"ListItem\",\"position\":4,\"name\":\"Manual de pol\u00edticas: Pol\u00edtica de fraude\"}]},{\"@type\":\"WebSite\",\"@id\":\"https:\/\/www.nevadaregistry.org\/es\/#website\",\"url\":\"https:\/\/www.nevadaregistry.org\/es\/\",\"name\":\"The Nevada Registry\",\"description\":\"Workforce data system capturing information about the Early Childhood Education and Care (ECEC) workforce in Nevada.\",\"publisher\":{\"@id\":\"https:\/\/www.nevadaregistry.org\/es\/#organization\"},\"potentialAction\":[{\"@type\":\"SearchAction\",\"target\":{\"@type\":\"EntryPoint\",\"urlTemplate\":\"https:\/\/www.nevadaregistry.org\/es\/?s={search_term_string}\"},\"query-input\":{\"@type\":\"PropertyValueSpecification\",\"valueRequired\":true,\"valueName\":\"search_term_string\"}}],\"inLanguage\":\"es\"},{\"@type\":\"Organization\",\"@id\":\"https:\/\/www.nevadaregistry.org\/es\/#organization\",\"name\":\"El Nevada Registry\",\"url\":\"https:\/\/www.nevadaregistry.org\/es\/\",\"logo\":{\"@type\":\"ImageObject\",\"inLanguage\":\"es\",\"@id\":\"https:\/\/www.nevadaregistry.org\/es\/#\/schema\/logo\/image\/\",\"url\":\"https:\/\/www.nevadaregistry.org\/wp-content\/uploads\/2020\/10\/tnr-logo-purple-copy.jpg\",\"contentUrl\":\"https:\/\/www.nevadaregistry.org\/wp-content\/uploads\/2020\/10\/tnr-logo-purple-copy.jpg\",\"width\":\"900\",\"height\":\"562\",\"caption\":\"El Nevada Registry\"},\"image\":{\"@id\":\"https:\/\/www.nevadaregistry.org\/es\/#\/schema\/logo\/image\/\"},\"sameAs\":[\"https:\/\/www.facebook.com\/nevadaregistry\"]}]}<\/script>\n<!-- \/ Yoast SEO plugin. -->","yoast_head_json":{"title":"Manual de pol\u00edticas: Pol\u00edtica de fraude - The Nevada Registry","description":"Revisado\/Actualizado octubre de 2024 El Nevada Registry considera fraude la tergiversaci\u00f3n, manipulaci\u00f3n o enga\u00f1o intencional para obtener una ventaja","robots":{"index":"index","follow":"follow","max-snippet":"max-snippet:-1","max-image-preview":"max-image-preview:large","max-video-preview":"max-video-preview:-1"},"canonical":"https:\/\/www.nevadaregistry.org\/es\/acerca\/politicas-del-programa\/manual-de-politicas-politica-de-fraude\/","og_locale":"es_ES","og_type":"article","og_title":"Manual de pol\u00edticas: Pol\u00edtica de fraude - The Nevada Registry","og_description":"Revisado\/Actualizado octubre de 2024 El Nevada Registry considera fraude la tergiversaci\u00f3n, manipulaci\u00f3n o enga\u00f1o intencional para obtener una ventaja","og_url":"https:\/\/www.nevadaregistry.org\/es\/acerca\/politicas-del-programa\/manual-de-politicas-politica-de-fraude\/","og_site_name":"The Nevada Registry","article_publisher":"https:\/\/www.facebook.com\/nevadaregistry","article_modified_time":"2025-05-01T21:54:51+00:00","og_image":[{"width":1200,"height":630,"url":"https:\/\/www.nevadaregistry.org\/wp-content\/uploads\/2020\/10\/NevadaRegistryOGImage.jpg","type":"image\/jpeg"}],"twitter_card":"summary_large_image","twitter_misc":{"Tiempo de lectura":"7 minutos"},"schema":{"@context":"https:\/\/schema.org","@graph":[{"@type":"WebPage","@id":"https:\/\/www.nevadaregistry.org\/es\/acerca\/politicas-del-programa\/manual-de-politicas-politica-de-fraude\/","url":"https:\/\/www.nevadaregistry.org\/es\/acerca\/politicas-del-programa\/manual-de-politicas-politica-de-fraude\/","name":"Manual de pol\u00edticas: Pol\u00edtica de fraude - The Nevada Registry","isPartOf":{"@id":"https:\/\/www.nevadaregistry.org\/es\/#website"},"datePublished":"2024-09-13T23:17:37+00:00","dateModified":"2025-05-01T21:54:51+00:00","description":"Revisado\/Actualizado octubre de 2024 El Nevada Registry considera fraude la tergiversaci\u00f3n, manipulaci\u00f3n o enga\u00f1o intencional para obtener una ventaja","breadcrumb":{"@id":"https:\/\/www.nevadaregistry.org\/es\/acerca\/politicas-del-programa\/manual-de-politicas-politica-de-fraude\/#breadcrumb"},"inLanguage":"es","potentialAction":[{"@type":"ReadAction","target":["https:\/\/www.nevadaregistry.org\/es\/acerca\/politicas-del-programa\/manual-de-politicas-politica-de-fraude\/"]}]},{"@type":"BreadcrumbList","@id":"https:\/\/www.nevadaregistry.org\/es\/acerca\/politicas-del-programa\/manual-de-politicas-politica-de-fraude\/#breadcrumb","itemListElement":[{"@type":"ListItem","position":1,"name":"Home","item":"https:\/\/www.nevadaregistry.org\/es\/pagina-principal\/"},{"@type":"ListItem","position":2,"name":"P\u00e1gina Acerca de The Nevada Registry","item":"https:\/\/www.nevadaregistry.org\/es\/acerca\/"},{"@type":"ListItem","position":3,"name":"Pol\u00edticas del programa","item":"https:\/\/www.nevadaregistry.org\/es\/acerca\/politicas-del-programa\/"},{"@type":"ListItem","position":4,"name":"Manual de pol\u00edticas: Pol\u00edtica de fraude"}]},{"@type":"WebSite","@id":"https:\/\/www.nevadaregistry.org\/es\/#website","url":"https:\/\/www.nevadaregistry.org\/es\/","name":"The Nevada Registry","description":"Workforce data system capturing information about the Early Childhood Education and Care (ECEC) workforce in Nevada.","publisher":{"@id":"https:\/\/www.nevadaregistry.org\/es\/#organization"},"potentialAction":[{"@type":"SearchAction","target":{"@type":"EntryPoint","urlTemplate":"https:\/\/www.nevadaregistry.org\/es\/?s={search_term_string}"},"query-input":{"@type":"PropertyValueSpecification","valueRequired":true,"valueName":"search_term_string"}}],"inLanguage":"es"},{"@type":"Organization","@id":"https:\/\/www.nevadaregistry.org\/es\/#organization","name":"El Nevada Registry","url":"https:\/\/www.nevadaregistry.org\/es\/","logo":{"@type":"ImageObject","inLanguage":"es","@id":"https:\/\/www.nevadaregistry.org\/es\/#\/schema\/logo\/image\/","url":"https:\/\/www.nevadaregistry.org\/wp-content\/uploads\/2020\/10\/tnr-logo-purple-copy.jpg","contentUrl":"https:\/\/www.nevadaregistry.org\/wp-content\/uploads\/2020\/10\/tnr-logo-purple-copy.jpg","width":"900","height":"562","caption":"El Nevada Registry"},"image":{"@id":"https:\/\/www.nevadaregistry.org\/es\/#\/schema\/logo\/image\/"},"sameAs":["https:\/\/www.facebook.com\/nevadaregistry"]}]}},"_links":{"self":[{"href":"https:\/\/www.nevadaregistry.org\/es\/wp-json\/wp\/v2\/pages\/13176","targetHints":{"allow":["GET"]}}],"collection":[{"href":"https:\/\/www.nevadaregistry.org\/es\/wp-json\/wp\/v2\/pages"}],"about":[{"href":"https:\/\/www.nevadaregistry.org\/es\/wp-json\/wp\/v2\/types\/page"}],"author":[{"embeddable":true,"href":"https:\/\/www.nevadaregistry.org\/es\/wp-json\/wp\/v2\/users\/2"}],"replies":[{"embeddable":true,"href":"https:\/\/www.nevadaregistry.org\/es\/wp-json\/wp\/v2\/comments?post=13176"}],"version-history":[{"count":1,"href":"https:\/\/www.nevadaregistry.org\/es\/wp-json\/wp\/v2\/pages\/13176\/revisions"}],"predecessor-version":[{"id":13177,"href":"https:\/\/www.nevadaregistry.org\/es\/wp-json\/wp\/v2\/pages\/13176\/revisions\/13177"}],"up":[{"embeddable":true,"href":"https:\/\/www.nevadaregistry.org\/es\/wp-json\/wp\/v2\/pages\/13312"}],"wp:attachment":[{"href":"https:\/\/www.nevadaregistry.org\/es\/wp-json\/wp\/v2\/media?parent=13176"}],"curies":[{"name":"wp","href":"https:\/\/api.w.org\/{rel}","templated":true}]}}