{"id":13178,"date":"2024-09-18T10:47:43","date_gmt":"2024-09-18T17:47:43","guid":{"rendered":"https:\/\/www.nevadaregistry.org\/manual-de-politicas-proceso-de-inscripcion\/"},"modified":"2025-05-01T14:54:51","modified_gmt":"2025-05-01T21:54:51","slug":"manual-de-politicas-proceso-de-inscripcion","status":"publish","type":"page","link":"https:\/\/www.nevadaregistry.org\/es\/acerca\/politicas-del-programa\/manual-de-politicas-proceso-de-inscripcion\/","title":{"rendered":"Manual de pol\u00edticas: Proceso de inscripci\u00f3n"},"content":{"rendered":"<h6><em>Revisado\/Actualizado octubre de 2024<\/em><\/h6>\n<p>La solicitud a Nevada Registry se realiza mediante un proceso de solicitud en l\u00ednea a trav\u00e9s del Portal en L\u00ednea.<\/p>\n<h4>Solicitud inicial<\/h4>\n<p>Los individuos pueden inicialmente solicitar a The Nevada Registry mediante la presentaci\u00f3n de una Solicitud de Membres\u00eda en l\u00ednea. A los individuos que trabajan en programas de cuidado infantil con licencia se les otorga acceso a la solicitud en l\u00ednea una vez que su nombre ha sido presentado a The Nevada Registry a trav\u00e9s de la Lista de Empleados de su Director. Los individuos que no trabajan en programas con licencia pueden solicitar una aplicaci\u00f3n por cuenta propia a trav\u00e9s de la p\u00e1gina &#8216;<a href=\"https:\/\/www.nevadaregistry.org\/es\/membresia\/solicitar-membresia\/\">Solicitud de Aplicaci\u00f3n de Membres\u00eda<\/a>&#8216; del sitio web de The Nevada Registry. Todas las secciones de la solicitud en l\u00ednea deben ser completadas, y el <a href=\"https:\/\/www.nevadaregistry.org\/wp-content\/uploads\/2023\/03\/MemberAgreement.pdf\">Acuerdo de Membres\u00eda<\/a> debe ser aceptado digitalmente para ser considerado completo. Las solicitudes y formularios de renovaci\u00f3n no ser\u00e1n aceptados si son enviados por fax, correo electr\u00f3nico, correo postal o entregados en nuestra oficina.<\/p>\n<p>Al recibir una solicitud de aplicaci\u00f3n, se realiza una verificaci\u00f3n del sistema para encontrar coincidencias de datos (direcci\u00f3n de correo electr\u00f3nico, fecha de nacimiento, nombre, apellido) para determinar si el individuo ya posee una cuenta. Si NO se encuentra una coincidencia, se crea una cuenta y se le otorga al individuo acceso a la solicitud en l\u00ednea a trav\u00e9s de su cuenta del Portal en L\u00ednea. El siguiente n\u00famero de ID de Registro disponible es asignado autom\u00e1ticamente por el sistema al crear la cuenta. Una vez asignado, este n\u00famero permanece con el miembro independientemente del estado de la membres\u00eda y no ser\u00e1 reutilizado para ning\u00fan otro miembro. Todas las solicitudes iniciales son cargadas y guardadas en la base de datos, independientemente de si la solicitud est\u00e1 completa o incompleta al momento de la presentaci\u00f3n.<\/p>\n<h4>Renovaci\u00f3n anual<\/h4>\n<p>La renovaci\u00f3n de la membres\u00eda con The Nevada Registry se completa anualmente en conjunto con la fecha de vencimiento indicada en el Certificado de Logro\/Participaci\u00f3n del individuo. Los recordatorios de renovaci\u00f3n se env\u00edan por correo electr\u00f3nico aproximadamente de cuatro a seis semanas antes de la fecha de vencimiento del certificado del individuo con un recordatorio para renovar, nuevamente dos semanas antes de la fecha de vencimiento, y una tercera y \u00faltima vez en la fecha en que el certificado\/membres\u00eda expira. No hay costo por renovar a tiempo. Sin embargo, si una membres\u00eda caduca m\u00e1s de 30 d\u00edas despu\u00e9s de la fecha de vencimiento indicada en el certificado de membres\u00eda, se asigna una tarifa de reincorporaci\u00f3n de $25.<\/p>\n<p>Para mantener un recuento preciso de membres\u00edas y asistir a los miembros en el mantenimiento del cumplimiento de las regulaciones de Licencias de Cuidado Infantil con respecto a la participaci\u00f3n obligatoria, se genera un proceso manual de vencimiento cada d\u00eda h\u00e1bil. A trav\u00e9s de este proceso, los miembros con certificados vencidos se colocan en estado &#8216;Inactivo&#8217; y permanecer\u00e1n en ese estado hasta que se presente un formulario de renovaci\u00f3n completo. Luego, se genera autom\u00e1ticamente un correo electr\u00f3nico que se env\u00eda a los miembros con direcciones de correo electr\u00f3nico registradas, notific\u00e1ndoles que su membres\u00eda ha caducado.<\/p>\n<p>El estado de la solicitud de un miembro tambi\u00e9n puede cambiarse manualmente a &#8216;Inactivo&#8217; a pedido del miembro y\/o debido a otra forma de notificaci\u00f3n (por ejemplo, notificaci\u00f3n de un familiar de que el miembro ha fallecido). La raz\u00f3n de todos los estados &#8216;Inactivos&#8217; se registra en la base de datos y en forma de un Memorando del Personal electr\u00f3nico en la cuenta del miembro.<\/p>\n<p>La pesta\u00f1a del formulario de renovaci\u00f3n est\u00e1 disponible dentro de la cuenta del Portal en L\u00ednea de cada miembro. Al igual que con la solicitud inicial, todas las secciones del formulario de renovaci\u00f3n en l\u00ednea deben completarse y el Acuerdo de Membres\u00eda debe ser aceptado digitalmente para ser considerado completo. No se aceptan formularios de renovaci\u00f3n enviados por fax, correo electr\u00f3nico, correo postal o entregados en persona. Aunque no es obligatorio, se alienta a los miembros a cargar documentaci\u00f3n de cualquier certificado de finalizaci\u00f3n de capacitaci\u00f3n reci\u00e9n adquirido que no se haya agregado autom\u00e1ticamente a su cuenta a trav\u00e9s de la funci\u00f3n de seguimiento de asistencia\/importaci\u00f3n de datos, transcripciones universitarias que muestren la finalizaci\u00f3n de cursos adicionales de ECE\/finalizaci\u00f3n de un t\u00edtulo desde el momento de su \u00faltima solicitud o renovaci\u00f3n.<\/p>\n<p>Se solicita a los miembros que conserven y presenten registros educativos reci\u00e9n obtenidos y certificados de cualquier desarrollo profesional y capacitaci\u00f3n completada que no se haya agregado autom\u00e1ticamente a su cuenta a trav\u00e9s de la funci\u00f3n de seguimiento de asistencia\/importaci\u00f3n de datos en su renovaci\u00f3n anual. La excepci\u00f3n a esto es si la finalizaci\u00f3n de cursos universitarios adicionales y\/o la obtenci\u00f3n de un t\u00edtulo cambiar\u00e1n el nivel de Escalera Profesional de un individuo. En este caso, se alienta a los miembros a presentar transcripciones para que su nivel sea reevaluado antes de su fecha de renovaci\u00f3n anual. La documentaci\u00f3n miscel\u00e1nea (certificados de capacitaci\u00f3n, transcripciones, etc.) recibida de los miembros entre las fechas de renovaci\u00f3n que no afectar\u00e1 su Escalera Profesional es aceptada e ingresada en su cuenta al recibirla, pero la cuenta del miembro no ser\u00e1 reprocesada hasta su renovaci\u00f3n anual.<\/p>\n<p>Adem\u00e1s de las actualizaciones recibidas en conjunto con el proceso de renovaci\u00f3n anual, el Nevada Registry acepta actualizaciones de los miembros en cualquier momento con respecto a informaci\u00f3n de contacto, cambios de empleo, etc. Las actualizaciones de informaci\u00f3n personal de contacto y empleo fuera del per\u00edodo de elegibilidad para la renovaci\u00f3n deben ser presentadas electr\u00f3nicamente desde el Portal en L\u00ednea del miembro. Las solicitudes de reevaluaci\u00f3n del Nivel de Escalaf\u00f3n Profesional actualmente se requieren a trav\u00e9s del <a href=\"https:\/\/www.nevadaregistry.org\/wp-content\/uploads\/2020\/07\/CareerLadderLevelReEvaluationFILLABLE.pdf\"><em>Formulario de Solicitud de Reevaluaci\u00f3n del Nivel de Escalaf\u00f3n Profesional<\/em><\/a>.<\/p>\n","protected":false},"excerpt":{"rendered":"<p>Revisado\/Actualizado octubre de 2024 La solicitud a Nevada Registry se realiza mediante un proceso de solicitud en l\u00ednea a trav\u00e9s&#8230;<\/p>\n","protected":false},"author":2,"featured_media":0,"parent":13312,"menu_order":0,"comment_status":"closed","ping_status":"closed","template":"","meta":{"_acf_changed":false,"footnotes":""},"class_list":["post-13178","page","type-page","status-publish","hentry"],"acf":[],"yoast_head":"<!-- This site is optimized with the Yoast SEO plugin v27.4 - https:\/\/yoast.com\/product\/yoast-seo-wordpress\/ -->\n<title>Manual de pol\u00edticas: Proceso de inscripci\u00f3n - The Nevada Registry<\/title>\n<meta name=\"description\" content=\"Revisado\/Actualizado octubre de 2024 La solicitud a Nevada Registry se realiza mediante un proceso de solicitud en l\u00ednea a trav\u00e9s del Portal en L\u00ednea.\" \/>\n<meta name=\"robots\" content=\"index, follow, max-snippet:-1, max-image-preview:large, max-video-preview:-1\" \/>\n<link rel=\"canonical\" href=\"https:\/\/www.nevadaregistry.org\/es\/acerca\/politicas-del-programa\/manual-de-politicas-proceso-de-inscripcion\/\" \/>\n<meta property=\"og:locale\" content=\"es_ES\" \/>\n<meta property=\"og:type\" content=\"article\" \/>\n<meta property=\"og:title\" content=\"Manual de pol\u00edticas: Proceso de inscripci\u00f3n - The Nevada Registry\" \/>\n<meta property=\"og:description\" content=\"Revisado\/Actualizado octubre de 2024 La solicitud a Nevada Registry se realiza mediante un proceso de solicitud en l\u00ednea a trav\u00e9s del Portal en L\u00ednea.\" \/>\n<meta property=\"og:url\" content=\"https:\/\/www.nevadaregistry.org\/es\/acerca\/politicas-del-programa\/manual-de-politicas-proceso-de-inscripcion\/\" \/>\n<meta property=\"og:site_name\" content=\"The Nevada Registry\" \/>\n<meta property=\"article:publisher\" content=\"https:\/\/www.facebook.com\/nevadaregistry\" \/>\n<meta property=\"article:modified_time\" content=\"2025-05-01T21:54:51+00:00\" \/>\n<meta property=\"og:image\" content=\"https:\/\/www.nevadaregistry.org\/wp-content\/uploads\/2020\/10\/NevadaRegistryOGImage.jpg\" \/>\n\t<meta property=\"og:image:width\" content=\"1200\" \/>\n\t<meta property=\"og:image:height\" content=\"630\" \/>\n\t<meta property=\"og:image:type\" content=\"image\/jpeg\" \/>\n<meta name=\"twitter:card\" content=\"summary_large_image\" \/>\n<meta name=\"twitter:label1\" content=\"Tiempo de lectura\" \/>\n\t<meta name=\"twitter:data1\" content=\"5 minutos\" \/>\n<script type=\"application\/ld+json\" class=\"yoast-schema-graph\">{\"@context\":\"https:\\\/\\\/schema.org\",\"@graph\":[{\"@type\":\"WebPage\",\"@id\":\"https:\\\/\\\/www.nevadaregistry.org\\\/es\\\/acerca\\\/politicas-del-programa\\\/manual-de-politicas-proceso-de-inscripcion\\\/\",\"url\":\"https:\\\/\\\/www.nevadaregistry.org\\\/es\\\/acerca\\\/politicas-del-programa\\\/manual-de-politicas-proceso-de-inscripcion\\\/\",\"name\":\"Manual de pol\u00edticas: Proceso de inscripci\u00f3n - The Nevada Registry\",\"isPartOf\":{\"@id\":\"https:\\\/\\\/www.nevadaregistry.org\\\/es\\\/#website\"},\"datePublished\":\"2024-09-18T17:47:43+00:00\",\"dateModified\":\"2025-05-01T21:54:51+00:00\",\"description\":\"Revisado\\\/Actualizado octubre de 2024 La solicitud a Nevada Registry se realiza mediante un proceso de solicitud en l\u00ednea a trav\u00e9s del Portal en L\u00ednea.\",\"breadcrumb\":{\"@id\":\"https:\\\/\\\/www.nevadaregistry.org\\\/es\\\/acerca\\\/politicas-del-programa\\\/manual-de-politicas-proceso-de-inscripcion\\\/#breadcrumb\"},\"inLanguage\":\"es\",\"potentialAction\":[{\"@type\":\"ReadAction\",\"target\":[\"https:\\\/\\\/www.nevadaregistry.org\\\/es\\\/acerca\\\/politicas-del-programa\\\/manual-de-politicas-proceso-de-inscripcion\\\/\"]}]},{\"@type\":\"BreadcrumbList\",\"@id\":\"https:\\\/\\\/www.nevadaregistry.org\\\/es\\\/acerca\\\/politicas-del-programa\\\/manual-de-politicas-proceso-de-inscripcion\\\/#breadcrumb\",\"itemListElement\":[{\"@type\":\"ListItem\",\"position\":1,\"name\":\"Home\",\"item\":\"https:\\\/\\\/www.nevadaregistry.org\\\/es\\\/pagina-principal\\\/\"},{\"@type\":\"ListItem\",\"position\":2,\"name\":\"P\u00e1gina Acerca de The Nevada Registry\",\"item\":\"https:\\\/\\\/www.nevadaregistry.org\\\/es\\\/acerca\\\/\"},{\"@type\":\"ListItem\",\"position\":3,\"name\":\"Pol\u00edticas del programa\",\"item\":\"https:\\\/\\\/www.nevadaregistry.org\\\/es\\\/acerca\\\/politicas-del-programa\\\/\"},{\"@type\":\"ListItem\",\"position\":4,\"name\":\"Manual de pol\u00edticas: Proceso de inscripci\u00f3n\"}]},{\"@type\":\"WebSite\",\"@id\":\"https:\\\/\\\/www.nevadaregistry.org\\\/es\\\/#website\",\"url\":\"https:\\\/\\\/www.nevadaregistry.org\\\/es\\\/\",\"name\":\"The Nevada Registry\",\"description\":\"Workforce data system capturing information about the Early Childhood Education and Care (ECEC) workforce in Nevada.\",\"publisher\":{\"@id\":\"https:\\\/\\\/www.nevadaregistry.org\\\/es\\\/#organization\"},\"potentialAction\":[{\"@type\":\"SearchAction\",\"target\":{\"@type\":\"EntryPoint\",\"urlTemplate\":\"https:\\\/\\\/www.nevadaregistry.org\\\/es\\\/?s={search_term_string}\"},\"query-input\":{\"@type\":\"PropertyValueSpecification\",\"valueRequired\":true,\"valueName\":\"search_term_string\"}}],\"inLanguage\":\"es\"},{\"@type\":\"Organization\",\"@id\":\"https:\\\/\\\/www.nevadaregistry.org\\\/es\\\/#organization\",\"name\":\"El Nevada Registry\",\"url\":\"https:\\\/\\\/www.nevadaregistry.org\\\/es\\\/\",\"logo\":{\"@type\":\"ImageObject\",\"inLanguage\":\"es\",\"@id\":\"https:\\\/\\\/www.nevadaregistry.org\\\/es\\\/#\\\/schema\\\/logo\\\/image\\\/\",\"url\":\"https:\\\/\\\/www.nevadaregistry.org\\\/wp-content\\\/uploads\\\/2020\\\/10\\\/tnr-logo-purple-copy.jpg\",\"contentUrl\":\"https:\\\/\\\/www.nevadaregistry.org\\\/wp-content\\\/uploads\\\/2020\\\/10\\\/tnr-logo-purple-copy.jpg\",\"width\":\"900\",\"height\":\"562\",\"caption\":\"El Nevada Registry\"},\"image\":{\"@id\":\"https:\\\/\\\/www.nevadaregistry.org\\\/es\\\/#\\\/schema\\\/logo\\\/image\\\/\"},\"sameAs\":[\"https:\\\/\\\/www.facebook.com\\\/nevadaregistry\"]}]}<\/script>\n<!-- \/ Yoast SEO plugin. -->","yoast_head_json":{"title":"Manual de pol\u00edticas: Proceso de inscripci\u00f3n - The Nevada Registry","description":"Revisado\/Actualizado octubre de 2024 La solicitud a Nevada Registry se realiza mediante un proceso de solicitud en l\u00ednea a trav\u00e9s del Portal en L\u00ednea.","robots":{"index":"index","follow":"follow","max-snippet":"max-snippet:-1","max-image-preview":"max-image-preview:large","max-video-preview":"max-video-preview:-1"},"canonical":"https:\/\/www.nevadaregistry.org\/es\/acerca\/politicas-del-programa\/manual-de-politicas-proceso-de-inscripcion\/","og_locale":"es_ES","og_type":"article","og_title":"Manual de pol\u00edticas: Proceso de inscripci\u00f3n - The Nevada Registry","og_description":"Revisado\/Actualizado octubre de 2024 La solicitud a Nevada Registry se realiza mediante un proceso de solicitud en l\u00ednea a trav\u00e9s del Portal en L\u00ednea.","og_url":"https:\/\/www.nevadaregistry.org\/es\/acerca\/politicas-del-programa\/manual-de-politicas-proceso-de-inscripcion\/","og_site_name":"The Nevada Registry","article_publisher":"https:\/\/www.facebook.com\/nevadaregistry","article_modified_time":"2025-05-01T21:54:51+00:00","og_image":[{"width":1200,"height":630,"url":"https:\/\/www.nevadaregistry.org\/wp-content\/uploads\/2020\/10\/NevadaRegistryOGImage.jpg","type":"image\/jpeg"}],"twitter_card":"summary_large_image","twitter_misc":{"Tiempo de lectura":"5 minutos"},"schema":{"@context":"https:\/\/schema.org","@graph":[{"@type":"WebPage","@id":"https:\/\/www.nevadaregistry.org\/es\/acerca\/politicas-del-programa\/manual-de-politicas-proceso-de-inscripcion\/","url":"https:\/\/www.nevadaregistry.org\/es\/acerca\/politicas-del-programa\/manual-de-politicas-proceso-de-inscripcion\/","name":"Manual de pol\u00edticas: Proceso de inscripci\u00f3n - The Nevada Registry","isPartOf":{"@id":"https:\/\/www.nevadaregistry.org\/es\/#website"},"datePublished":"2024-09-18T17:47:43+00:00","dateModified":"2025-05-01T21:54:51+00:00","description":"Revisado\/Actualizado octubre de 2024 La solicitud a Nevada Registry se realiza mediante un proceso de solicitud en l\u00ednea a trav\u00e9s del Portal en L\u00ednea.","breadcrumb":{"@id":"https:\/\/www.nevadaregistry.org\/es\/acerca\/politicas-del-programa\/manual-de-politicas-proceso-de-inscripcion\/#breadcrumb"},"inLanguage":"es","potentialAction":[{"@type":"ReadAction","target":["https:\/\/www.nevadaregistry.org\/es\/acerca\/politicas-del-programa\/manual-de-politicas-proceso-de-inscripcion\/"]}]},{"@type":"BreadcrumbList","@id":"https:\/\/www.nevadaregistry.org\/es\/acerca\/politicas-del-programa\/manual-de-politicas-proceso-de-inscripcion\/#breadcrumb","itemListElement":[{"@type":"ListItem","position":1,"name":"Home","item":"https:\/\/www.nevadaregistry.org\/es\/pagina-principal\/"},{"@type":"ListItem","position":2,"name":"P\u00e1gina Acerca de The Nevada Registry","item":"https:\/\/www.nevadaregistry.org\/es\/acerca\/"},{"@type":"ListItem","position":3,"name":"Pol\u00edticas del programa","item":"https:\/\/www.nevadaregistry.org\/es\/acerca\/politicas-del-programa\/"},{"@type":"ListItem","position":4,"name":"Manual de pol\u00edticas: Proceso de inscripci\u00f3n"}]},{"@type":"WebSite","@id":"https:\/\/www.nevadaregistry.org\/es\/#website","url":"https:\/\/www.nevadaregistry.org\/es\/","name":"The Nevada Registry","description":"Workforce data system capturing information about the Early Childhood Education and Care (ECEC) workforce in Nevada.","publisher":{"@id":"https:\/\/www.nevadaregistry.org\/es\/#organization"},"potentialAction":[{"@type":"SearchAction","target":{"@type":"EntryPoint","urlTemplate":"https:\/\/www.nevadaregistry.org\/es\/?s={search_term_string}"},"query-input":{"@type":"PropertyValueSpecification","valueRequired":true,"valueName":"search_term_string"}}],"inLanguage":"es"},{"@type":"Organization","@id":"https:\/\/www.nevadaregistry.org\/es\/#organization","name":"El Nevada Registry","url":"https:\/\/www.nevadaregistry.org\/es\/","logo":{"@type":"ImageObject","inLanguage":"es","@id":"https:\/\/www.nevadaregistry.org\/es\/#\/schema\/logo\/image\/","url":"https:\/\/www.nevadaregistry.org\/wp-content\/uploads\/2020\/10\/tnr-logo-purple-copy.jpg","contentUrl":"https:\/\/www.nevadaregistry.org\/wp-content\/uploads\/2020\/10\/tnr-logo-purple-copy.jpg","width":"900","height":"562","caption":"El Nevada Registry"},"image":{"@id":"https:\/\/www.nevadaregistry.org\/es\/#\/schema\/logo\/image\/"},"sameAs":["https:\/\/www.facebook.com\/nevadaregistry"]}]}},"_links":{"self":[{"href":"https:\/\/www.nevadaregistry.org\/es\/wp-json\/wp\/v2\/pages\/13178","targetHints":{"allow":["GET"]}}],"collection":[{"href":"https:\/\/www.nevadaregistry.org\/es\/wp-json\/wp\/v2\/pages"}],"about":[{"href":"https:\/\/www.nevadaregistry.org\/es\/wp-json\/wp\/v2\/types\/page"}],"author":[{"embeddable":true,"href":"https:\/\/www.nevadaregistry.org\/es\/wp-json\/wp\/v2\/users\/2"}],"replies":[{"embeddable":true,"href":"https:\/\/www.nevadaregistry.org\/es\/wp-json\/wp\/v2\/comments?post=13178"}],"version-history":[{"count":1,"href":"https:\/\/www.nevadaregistry.org\/es\/wp-json\/wp\/v2\/pages\/13178\/revisions"}],"predecessor-version":[{"id":13179,"href":"https:\/\/www.nevadaregistry.org\/es\/wp-json\/wp\/v2\/pages\/13178\/revisions\/13179"}],"up":[{"embeddable":true,"href":"https:\/\/www.nevadaregistry.org\/es\/wp-json\/wp\/v2\/pages\/13312"}],"wp:attachment":[{"href":"https:\/\/www.nevadaregistry.org\/es\/wp-json\/wp\/v2\/media?parent=13178"}],"curies":[{"name":"wp","href":"https:\/\/api.w.org\/{rel}","templated":true}]}}