{"id":13184,"date":"2021-01-25T09:55:31","date_gmt":"2021-01-25T16:55:31","guid":{"rendered":"https:\/\/www.nevadaregistry.org\/escalera-profesional\/"},"modified":"2026-02-04T16:55:33","modified_gmt":"2026-02-04T23:55:33","slug":"escalera-profesional","status":"publish","type":"page","link":"https:\/\/www.nevadaregistry.org\/es\/recursos-de-ece\/escalera-profesional\/","title":{"rendered":"Escalera Profesional"},"content":{"rendered":"<p>La <a href=\"https:\/\/www.nevadaregistry.org\/wp-content\/uploads\/2020\/09\/CareerLadder.pdf\">Escalera Profesional de Cuidado Infantil y Educaci\u00f3n Temprana de Nevada<\/a> es la piedra angular del sistema de reconocimiento del Registry y se basa en lo que la investigaci\u00f3n ha demostrado sobre la importancia de la formaci\u00f3n especializada en Educaci\u00f3n Infantil (ECE) y la correlaci\u00f3n entre la educaci\u00f3n formal y los entornos de calidad para los ni\u00f1os.<\/p>\n<p>La escalera considera la ECE como un cuerpo de conocimiento distinto y separado y un \u00e1rea de especializaci\u00f3n, y es espec\u00edfica del campo de la ECE. Consta de m\u00faltiples niveles que representan varias combinaciones de educaci\u00f3n formal, capacitaci\u00f3n y experiencia directa (hasta 4000 horas). Los niveles de la Escalera Profesional son una medida de la educaci\u00f3n formal en ECE obtenida al completar con \u00e9xito cursos en el colegio comunitario y\/o a nivel universitario, y son otorgados por The Nevada Registry en funci\u00f3n de los cr\u00e9ditos acumulados o los t\u00edtulos obtenidos. \u00a1Siga <a href=\"https:\/\/www.nevadaregistry.org\/wp-content\/uploads\/2020\/09\/CareerLadder.pdf\">este camino<\/a> para alcanzar sus metas educativas y profesionales!  <\/p>\n<p><em>*Los miembros se ubican en los niveles seg\u00fan la documentaci\u00f3n proporcionada a The Nevada Registry. Aunque es dif\u00edcil determinar el porcentaje real, se sabe que varios miembros han presentado solo lo necesario para cumplir con la Licencia de Cuidado Infantil (en conjunto con la participaci\u00f3n obligatoria), no lo que se necesita para ubicarse en el nivel acorde con sus cursos\/t\u00edtulos universitarios completos en ECE.  <\/em><em>Como resultado, no debe asumirse que los miembros que se ubican en los niveles sin t\u00edtulo del escalaf\u00f3n no poseen educaci\u00f3n y formaci\u00f3n formales m\u00e1s all\u00e1 de un diploma de escuela secundaria o que no poseen t\u00edtulos de educaci\u00f3n superior.<\/em><\/p>\n","protected":false},"excerpt":{"rendered":"<p>La Escalera Profesional de Cuidado Infantil y Educaci\u00f3n Temprana de Nevada es la piedra angular del sistema de reconocimiento del&#8230;<\/p>\n","protected":false},"author":2,"featured_media":0,"parent":13346,"menu_order":1,"comment_status":"closed","ping_status":"closed","template":"","meta":{"_acf_changed":false,"footnotes":""},"class_list":["post-13184","page","type-page","status-publish","hentry"],"acf":[],"yoast_head":"<!-- This site is optimized with the Yoast SEO plugin v27.2 - https:\/\/yoast.com\/product\/yoast-seo-wordpress\/ -->\n<title>Escalera Profesional - The Nevada Registry<\/title>\n<meta name=\"description\" content=\"La Escalera Profesional de Cuidado Infantil y Educaci\u00f3n Temprana de Nevada es la piedra angular del sistema de reconocimiento del Registry y se basa en lo\" \/>\n<meta name=\"robots\" content=\"index, follow, max-snippet:-1, max-image-preview:large, max-video-preview:-1\" \/>\n<link rel=\"canonical\" href=\"https:\/\/www.nevadaregistry.org\/es\/recursos-de-ece\/escalera-profesional\/\" \/>\n<meta property=\"og:locale\" content=\"es_ES\" \/>\n<meta property=\"og:type\" content=\"article\" \/>\n<meta property=\"og:title\" content=\"Escalera Profesional - The Nevada Registry\" \/>\n<meta property=\"og:description\" content=\"La Escalera Profesional de Cuidado Infantil y Educaci\u00f3n Temprana de Nevada es la piedra angular del sistema de reconocimiento del Registry y se basa en lo\" \/>\n<meta property=\"og:url\" content=\"https:\/\/www.nevadaregistry.org\/es\/recursos-de-ece\/escalera-profesional\/\" \/>\n<meta property=\"og:site_name\" content=\"The Nevada Registry\" \/>\n<meta property=\"article:publisher\" content=\"https:\/\/www.facebook.com\/nevadaregistry\" \/>\n<meta property=\"article:modified_time\" content=\"2026-02-04T23:55:33+00:00\" \/>\n<meta property=\"og:image\" content=\"https:\/\/www.nevadaregistry.org\/wp-content\/uploads\/2020\/10\/NevadaRegistryOGImage.jpg\" \/>\n\t<meta property=\"og:image:width\" content=\"1200\" \/>\n\t<meta property=\"og:image:height\" content=\"630\" \/>\n\t<meta property=\"og:image:type\" content=\"image\/jpeg\" \/>\n<meta name=\"twitter:card\" content=\"summary_large_image\" \/>\n<meta name=\"twitter:label1\" content=\"Tiempo de lectura\" \/>\n\t<meta name=\"twitter:data1\" content=\"1 minuto\" \/>\n<script type=\"application\/ld+json\" class=\"yoast-schema-graph\">{\"@context\":\"https:\/\/schema.org\",\"@graph\":[{\"@type\":\"WebPage\",\"@id\":\"https:\/\/www.nevadaregistry.org\/es\/recursos-de-ece\/escalera-profesional\/\",\"url\":\"https:\/\/www.nevadaregistry.org\/es\/recursos-de-ece\/escalera-profesional\/\",\"name\":\"Escalera Profesional - The Nevada Registry\",\"isPartOf\":{\"@id\":\"https:\/\/www.nevadaregistry.org\/es\/#website\"},\"datePublished\":\"2021-01-25T16:55:31+00:00\",\"dateModified\":\"2026-02-04T23:55:33+00:00\",\"description\":\"La Escalera Profesional de Cuidado Infantil y Educaci\u00f3n Temprana de Nevada es la piedra angular del sistema de reconocimiento del Registry y se basa en lo\",\"breadcrumb\":{\"@id\":\"https:\/\/www.nevadaregistry.org\/es\/recursos-de-ece\/escalera-profesional\/#breadcrumb\"},\"inLanguage\":\"es\",\"potentialAction\":[{\"@type\":\"ReadAction\",\"target\":[\"https:\/\/www.nevadaregistry.org\/es\/recursos-de-ece\/escalera-profesional\/\"]}]},{\"@type\":\"BreadcrumbList\",\"@id\":\"https:\/\/www.nevadaregistry.org\/es\/recursos-de-ece\/escalera-profesional\/#breadcrumb\",\"itemListElement\":[{\"@type\":\"ListItem\",\"position\":1,\"name\":\"Home\",\"item\":\"https:\/\/www.nevadaregistry.org\/es\/pagina-principal\/\"},{\"@type\":\"ListItem\",\"position\":2,\"name\":\"Recursos de ECE de The Nevada Registry\",\"item\":\"https:\/\/www.nevadaregistry.org\/es\/recursos-de-ece\/\"},{\"@type\":\"ListItem\",\"position\":3,\"name\":\"Escalera Profesional\"}]},{\"@type\":\"WebSite\",\"@id\":\"https:\/\/www.nevadaregistry.org\/es\/#website\",\"url\":\"https:\/\/www.nevadaregistry.org\/es\/\",\"name\":\"The Nevada Registry\",\"description\":\"Workforce data system capturing information about the Early Childhood Education and Care (ECEC) workforce in Nevada.\",\"publisher\":{\"@id\":\"https:\/\/www.nevadaregistry.org\/es\/#organization\"},\"potentialAction\":[{\"@type\":\"SearchAction\",\"target\":{\"@type\":\"EntryPoint\",\"urlTemplate\":\"https:\/\/www.nevadaregistry.org\/es\/?s={search_term_string}\"},\"query-input\":{\"@type\":\"PropertyValueSpecification\",\"valueRequired\":true,\"valueName\":\"search_term_string\"}}],\"inLanguage\":\"es\"},{\"@type\":\"Organization\",\"@id\":\"https:\/\/www.nevadaregistry.org\/es\/#organization\",\"name\":\"El Nevada Registry\",\"url\":\"https:\/\/www.nevadaregistry.org\/es\/\",\"logo\":{\"@type\":\"ImageObject\",\"inLanguage\":\"es\",\"@id\":\"https:\/\/www.nevadaregistry.org\/es\/#\/schema\/logo\/image\/\",\"url\":\"https:\/\/www.nevadaregistry.org\/wp-content\/uploads\/2020\/10\/tnr-logo-purple-copy.jpg\",\"contentUrl\":\"https:\/\/www.nevadaregistry.org\/wp-content\/uploads\/2020\/10\/tnr-logo-purple-copy.jpg\",\"width\":\"900\",\"height\":\"562\",\"caption\":\"El Nevada Registry\"},\"image\":{\"@id\":\"https:\/\/www.nevadaregistry.org\/es\/#\/schema\/logo\/image\/\"},\"sameAs\":[\"https:\/\/www.facebook.com\/nevadaregistry\"]}]}<\/script>\n<!-- \/ Yoast SEO plugin. -->","yoast_head_json":{"title":"Escalera Profesional - The Nevada Registry","description":"La Escalera Profesional de Cuidado Infantil y Educaci\u00f3n Temprana de Nevada es la piedra angular del sistema de reconocimiento del Registry y se basa en lo","robots":{"index":"index","follow":"follow","max-snippet":"max-snippet:-1","max-image-preview":"max-image-preview:large","max-video-preview":"max-video-preview:-1"},"canonical":"https:\/\/www.nevadaregistry.org\/es\/recursos-de-ece\/escalera-profesional\/","og_locale":"es_ES","og_type":"article","og_title":"Escalera Profesional - The Nevada Registry","og_description":"La Escalera Profesional de Cuidado Infantil y Educaci\u00f3n Temprana de Nevada es la piedra angular del sistema de reconocimiento del Registry y se basa en lo","og_url":"https:\/\/www.nevadaregistry.org\/es\/recursos-de-ece\/escalera-profesional\/","og_site_name":"The Nevada Registry","article_publisher":"https:\/\/www.facebook.com\/nevadaregistry","article_modified_time":"2026-02-04T23:55:33+00:00","og_image":[{"width":1200,"height":630,"url":"https:\/\/www.nevadaregistry.org\/wp-content\/uploads\/2020\/10\/NevadaRegistryOGImage.jpg","type":"image\/jpeg"}],"twitter_card":"summary_large_image","twitter_misc":{"Tiempo de lectura":"1 minuto"},"schema":{"@context":"https:\/\/schema.org","@graph":[{"@type":"WebPage","@id":"https:\/\/www.nevadaregistry.org\/es\/recursos-de-ece\/escalera-profesional\/","url":"https:\/\/www.nevadaregistry.org\/es\/recursos-de-ece\/escalera-profesional\/","name":"Escalera Profesional - The Nevada Registry","isPartOf":{"@id":"https:\/\/www.nevadaregistry.org\/es\/#website"},"datePublished":"2021-01-25T16:55:31+00:00","dateModified":"2026-02-04T23:55:33+00:00","description":"La Escalera Profesional de Cuidado Infantil y Educaci\u00f3n Temprana de Nevada es la piedra angular del sistema de reconocimiento del Registry y se basa en lo","breadcrumb":{"@id":"https:\/\/www.nevadaregistry.org\/es\/recursos-de-ece\/escalera-profesional\/#breadcrumb"},"inLanguage":"es","potentialAction":[{"@type":"ReadAction","target":["https:\/\/www.nevadaregistry.org\/es\/recursos-de-ece\/escalera-profesional\/"]}]},{"@type":"BreadcrumbList","@id":"https:\/\/www.nevadaregistry.org\/es\/recursos-de-ece\/escalera-profesional\/#breadcrumb","itemListElement":[{"@type":"ListItem","position":1,"name":"Home","item":"https:\/\/www.nevadaregistry.org\/es\/pagina-principal\/"},{"@type":"ListItem","position":2,"name":"Recursos de ECE de The Nevada Registry","item":"https:\/\/www.nevadaregistry.org\/es\/recursos-de-ece\/"},{"@type":"ListItem","position":3,"name":"Escalera Profesional"}]},{"@type":"WebSite","@id":"https:\/\/www.nevadaregistry.org\/es\/#website","url":"https:\/\/www.nevadaregistry.org\/es\/","name":"The Nevada Registry","description":"Workforce data system capturing information about the Early Childhood Education and Care (ECEC) workforce in Nevada.","publisher":{"@id":"https:\/\/www.nevadaregistry.org\/es\/#organization"},"potentialAction":[{"@type":"SearchAction","target":{"@type":"EntryPoint","urlTemplate":"https:\/\/www.nevadaregistry.org\/es\/?s={search_term_string}"},"query-input":{"@type":"PropertyValueSpecification","valueRequired":true,"valueName":"search_term_string"}}],"inLanguage":"es"},{"@type":"Organization","@id":"https:\/\/www.nevadaregistry.org\/es\/#organization","name":"El Nevada Registry","url":"https:\/\/www.nevadaregistry.org\/es\/","logo":{"@type":"ImageObject","inLanguage":"es","@id":"https:\/\/www.nevadaregistry.org\/es\/#\/schema\/logo\/image\/","url":"https:\/\/www.nevadaregistry.org\/wp-content\/uploads\/2020\/10\/tnr-logo-purple-copy.jpg","contentUrl":"https:\/\/www.nevadaregistry.org\/wp-content\/uploads\/2020\/10\/tnr-logo-purple-copy.jpg","width":"900","height":"562","caption":"El Nevada Registry"},"image":{"@id":"https:\/\/www.nevadaregistry.org\/es\/#\/schema\/logo\/image\/"},"sameAs":["https:\/\/www.facebook.com\/nevadaregistry"]}]}},"_links":{"self":[{"href":"https:\/\/www.nevadaregistry.org\/es\/wp-json\/wp\/v2\/pages\/13184","targetHints":{"allow":["GET"]}}],"collection":[{"href":"https:\/\/www.nevadaregistry.org\/es\/wp-json\/wp\/v2\/pages"}],"about":[{"href":"https:\/\/www.nevadaregistry.org\/es\/wp-json\/wp\/v2\/types\/page"}],"author":[{"embeddable":true,"href":"https:\/\/www.nevadaregistry.org\/es\/wp-json\/wp\/v2\/users\/2"}],"replies":[{"embeddable":true,"href":"https:\/\/www.nevadaregistry.org\/es\/wp-json\/wp\/v2\/comments?post=13184"}],"version-history":[{"count":2,"href":"https:\/\/www.nevadaregistry.org\/es\/wp-json\/wp\/v2\/pages\/13184\/revisions"}],"predecessor-version":[{"id":17906,"href":"https:\/\/www.nevadaregistry.org\/es\/wp-json\/wp\/v2\/pages\/13184\/revisions\/17906"}],"up":[{"embeddable":true,"href":"https:\/\/www.nevadaregistry.org\/es\/wp-json\/wp\/v2\/pages\/13346"}],"wp:attachment":[{"href":"https:\/\/www.nevadaregistry.org\/es\/wp-json\/wp\/v2\/media?parent=13184"}],"curies":[{"name":"wp","href":"https:\/\/api.w.org\/{rel}","templated":true}]}}