{"id":13185,"date":"2020-10-19T16:54:28","date_gmt":"2020-10-19T23:54:28","guid":{"rendered":"https:\/\/www.nevadaregistry.org\/archivo-de-estadisticas-del-programa\/estadisticas-del-programa-de-2018\/"},"modified":"2026-03-06T08:36:35","modified_gmt":"2026-03-06T16:36:35","slug":"estadisticas-del-programa-de-2018","status":"publish","type":"page","link":"https:\/\/www.nevadaregistry.org\/es\/acerca\/informes-y-estadisticas\/archivo-de-estadisticas-del-programa\/estadisticas-del-programa-de-2018\/","title":{"rendered":"Estad\u00edsticas del programa Nevada Registry 2018"},"content":{"rendered":"<div id=\"hidbg\">\n<div id=\"owrap\">\n<div id=\"wrap\">\n<div id=\"content\">\n<p>Haz clic en los enlaces de abajo para ver los informes trimestrales de algunas de las estad\u00edsticas del programa m\u00e1s solicitadas en relaci\u00f3n con la participaci\u00f3n en la escala profesional (Career Ladder) y el sistema de aprobaci\u00f3n de formaci\u00f3n.<\/p>\n<\/div>\n<\/div>\n<\/div>\n<\/div>\n<ul>\n<li><a href=\"https:\/\/www.nevadaregistry.org\/es\/1stqtr2018-2\/\">Primer trimestre (enero de 2018 &#8211; marzo de 2018)<\/a><\/li>\n<li><a href=\"https:\/\/www.nevadaregistry.org\/es\/2ndqtr2018-2\/\">Segundo trimestre (abril de 2018 &#8211; junio de 2018)<\/a><\/li>\n<li><a href=\"https:\/\/www.nevadaregistry.org\/es\/3rdqtr2018-2\/\">Tercer trimestre (julio de 2018 &#8211; septiembre de 2018)<\/a><\/li>\n<li><a href=\"https:\/\/www.nevadaregistry.org\/es\/4thqtr2018-2\/\">Cuarto trimestre (octubre de 2018 &#8211; diciembre de 2018)<\/a><\/li>\n<\/ul>\n","protected":false},"excerpt":{"rendered":"<p>Haz clic en los enlaces de abajo para ver los informes trimestrales de algunas de las estad\u00edsticas del programa m\u00e1s&#8230;<\/p>\n","protected":false},"author":2,"featured_media":0,"parent":13129,"menu_order":0,"comment_status":"closed","ping_status":"closed","template":"","meta":{"_acf_changed":false,"footnotes":""},"class_list":["post-13185","page","type-page","status-publish","hentry"],"acf":[],"yoast_head":"<!-- This site is optimized with the Yoast SEO plugin v27.2 - https:\/\/yoast.com\/product\/yoast-seo-wordpress\/ -->\n<title>Estad\u00edsticas del programa Nevada Registry 2018 - The Nevada Registry<\/title>\n<meta name=\"description\" content=\"Haz clic en los enlaces de abajo para ver los informes trimestrales de algunas de las estad\u00edsticas del programa m\u00e1s solicitadas en relaci\u00f3n con la\" \/>\n<meta name=\"robots\" content=\"index, follow, max-snippet:-1, max-image-preview:large, max-video-preview:-1\" \/>\n<link rel=\"canonical\" href=\"https:\/\/www.nevadaregistry.org\/es\/acerca\/informes-y-estadisticas\/archivo-de-estadisticas-del-programa\/estadisticas-del-programa-de-2018\/\" \/>\n<meta property=\"og:locale\" content=\"es_ES\" \/>\n<meta property=\"og:type\" content=\"article\" \/>\n<meta property=\"og:title\" content=\"Estad\u00edsticas del programa Nevada Registry 2018 - The Nevada Registry\" \/>\n<meta property=\"og:description\" content=\"Haz clic en los enlaces de abajo para ver los informes trimestrales de algunas de las estad\u00edsticas del programa m\u00e1s solicitadas en relaci\u00f3n con la\" \/>\n<meta property=\"og:url\" content=\"https:\/\/www.nevadaregistry.org\/es\/acerca\/informes-y-estadisticas\/archivo-de-estadisticas-del-programa\/estadisticas-del-programa-de-2018\/\" \/>\n<meta property=\"og:site_name\" content=\"The Nevada Registry\" \/>\n<meta property=\"article:publisher\" content=\"https:\/\/www.facebook.com\/nevadaregistry\" \/>\n<meta property=\"article:modified_time\" content=\"2026-03-06T16:36:35+00:00\" \/>\n<meta property=\"og:image\" content=\"https:\/\/www.nevadaregistry.org\/wp-content\/uploads\/2020\/10\/NevadaRegistryOGImage.jpg\" \/>\n\t<meta property=\"og:image:width\" content=\"1200\" \/>\n\t<meta property=\"og:image:height\" content=\"630\" \/>\n\t<meta property=\"og:image:type\" content=\"image\/jpeg\" \/>\n<meta name=\"twitter:card\" content=\"summary_large_image\" \/>\n<script type=\"application\/ld+json\" class=\"yoast-schema-graph\">{\"@context\":\"https:\/\/schema.org\",\"@graph\":[{\"@type\":\"WebPage\",\"@id\":\"https:\/\/www.nevadaregistry.org\/es\/acerca\/informes-y-estadisticas\/archivo-de-estadisticas-del-programa\/estadisticas-del-programa-de-2018\/\",\"url\":\"https:\/\/www.nevadaregistry.org\/es\/acerca\/informes-y-estadisticas\/archivo-de-estadisticas-del-programa\/estadisticas-del-programa-de-2018\/\",\"name\":\"Estad\u00edsticas del programa Nevada Registry 2018 - The Nevada Registry\",\"isPartOf\":{\"@id\":\"https:\/\/www.nevadaregistry.org\/es\/#website\"},\"datePublished\":\"2020-10-19T23:54:28+00:00\",\"dateModified\":\"2026-03-06T16:36:35+00:00\",\"description\":\"Haz clic en los enlaces de abajo para ver los informes trimestrales de algunas de las estad\u00edsticas del programa m\u00e1s solicitadas en relaci\u00f3n con la\",\"breadcrumb\":{\"@id\":\"https:\/\/www.nevadaregistry.org\/es\/acerca\/informes-y-estadisticas\/archivo-de-estadisticas-del-programa\/estadisticas-del-programa-de-2018\/#breadcrumb\"},\"inLanguage\":\"es\",\"potentialAction\":[{\"@type\":\"ReadAction\",\"target\":[\"https:\/\/www.nevadaregistry.org\/es\/acerca\/informes-y-estadisticas\/archivo-de-estadisticas-del-programa\/estadisticas-del-programa-de-2018\/\"]}]},{\"@type\":\"BreadcrumbList\",\"@id\":\"https:\/\/www.nevadaregistry.org\/es\/acerca\/informes-y-estadisticas\/archivo-de-estadisticas-del-programa\/estadisticas-del-programa-de-2018\/#breadcrumb\",\"itemListElement\":[{\"@type\":\"ListItem\",\"position\":1,\"name\":\"Home\",\"item\":\"https:\/\/www.nevadaregistry.org\/es\/pagina-principal\/\"},{\"@type\":\"ListItem\",\"position\":2,\"name\":\"P\u00e1gina Acerca de The Nevada Registry\",\"item\":\"https:\/\/www.nevadaregistry.org\/es\/acerca\/\"},{\"@type\":\"ListItem\",\"position\":3,\"name\":\"Informes y estad\u00edsticas del Registro de Nevada\",\"item\":\"https:\/\/www.nevadaregistry.org\/es\/acerca\/informes-y-estadisticas\/\"},{\"@type\":\"ListItem\",\"position\":4,\"name\":\"Archivo de Estad\u00edsticas del Programa\",\"item\":\"https:\/\/www.nevadaregistry.org\/es\/acerca\/informes-y-estadisticas\/archivo-de-estadisticas-del-programa\/\"},{\"@type\":\"ListItem\",\"position\":5,\"name\":\"Estad\u00edsticas del programa Nevada Registry 2018\"}]},{\"@type\":\"WebSite\",\"@id\":\"https:\/\/www.nevadaregistry.org\/es\/#website\",\"url\":\"https:\/\/www.nevadaregistry.org\/es\/\",\"name\":\"The Nevada Registry\",\"description\":\"Workforce data system capturing information about the Early Childhood Education and Care (ECEC) workforce in Nevada.\",\"publisher\":{\"@id\":\"https:\/\/www.nevadaregistry.org\/es\/#organization\"},\"potentialAction\":[{\"@type\":\"SearchAction\",\"target\":{\"@type\":\"EntryPoint\",\"urlTemplate\":\"https:\/\/www.nevadaregistry.org\/es\/?s={search_term_string}\"},\"query-input\":{\"@type\":\"PropertyValueSpecification\",\"valueRequired\":true,\"valueName\":\"search_term_string\"}}],\"inLanguage\":\"es\"},{\"@type\":\"Organization\",\"@id\":\"https:\/\/www.nevadaregistry.org\/es\/#organization\",\"name\":\"El Nevada Registry\",\"url\":\"https:\/\/www.nevadaregistry.org\/es\/\",\"logo\":{\"@type\":\"ImageObject\",\"inLanguage\":\"es\",\"@id\":\"https:\/\/www.nevadaregistry.org\/es\/#\/schema\/logo\/image\/\",\"url\":\"https:\/\/www.nevadaregistry.org\/wp-content\/uploads\/2020\/10\/tnr-logo-purple-copy.jpg\",\"contentUrl\":\"https:\/\/www.nevadaregistry.org\/wp-content\/uploads\/2020\/10\/tnr-logo-purple-copy.jpg\",\"width\":\"900\",\"height\":\"562\",\"caption\":\"El Nevada Registry\"},\"image\":{\"@id\":\"https:\/\/www.nevadaregistry.org\/es\/#\/schema\/logo\/image\/\"},\"sameAs\":[\"https:\/\/www.facebook.com\/nevadaregistry\"]}]}<\/script>\n<!-- \/ Yoast SEO plugin. -->","yoast_head_json":{"title":"Estad\u00edsticas del programa Nevada Registry 2018 - The Nevada Registry","description":"Haz clic en los enlaces de abajo para ver los informes trimestrales de algunas de las estad\u00edsticas del programa m\u00e1s solicitadas en relaci\u00f3n con la","robots":{"index":"index","follow":"follow","max-snippet":"max-snippet:-1","max-image-preview":"max-image-preview:large","max-video-preview":"max-video-preview:-1"},"canonical":"https:\/\/www.nevadaregistry.org\/es\/acerca\/informes-y-estadisticas\/archivo-de-estadisticas-del-programa\/estadisticas-del-programa-de-2018\/","og_locale":"es_ES","og_type":"article","og_title":"Estad\u00edsticas del programa Nevada Registry 2018 - The Nevada Registry","og_description":"Haz clic en los enlaces de abajo para ver los informes trimestrales de algunas de las estad\u00edsticas del programa m\u00e1s solicitadas en relaci\u00f3n con la","og_url":"https:\/\/www.nevadaregistry.org\/es\/acerca\/informes-y-estadisticas\/archivo-de-estadisticas-del-programa\/estadisticas-del-programa-de-2018\/","og_site_name":"The Nevada Registry","article_publisher":"https:\/\/www.facebook.com\/nevadaregistry","article_modified_time":"2026-03-06T16:36:35+00:00","og_image":[{"width":1200,"height":630,"url":"https:\/\/www.nevadaregistry.org\/wp-content\/uploads\/2020\/10\/NevadaRegistryOGImage.jpg","type":"image\/jpeg"}],"twitter_card":"summary_large_image","schema":{"@context":"https:\/\/schema.org","@graph":[{"@type":"WebPage","@id":"https:\/\/www.nevadaregistry.org\/es\/acerca\/informes-y-estadisticas\/archivo-de-estadisticas-del-programa\/estadisticas-del-programa-de-2018\/","url":"https:\/\/www.nevadaregistry.org\/es\/acerca\/informes-y-estadisticas\/archivo-de-estadisticas-del-programa\/estadisticas-del-programa-de-2018\/","name":"Estad\u00edsticas del programa Nevada Registry 2018 - The Nevada Registry","isPartOf":{"@id":"https:\/\/www.nevadaregistry.org\/es\/#website"},"datePublished":"2020-10-19T23:54:28+00:00","dateModified":"2026-03-06T16:36:35+00:00","description":"Haz clic en los enlaces de abajo para ver los informes trimestrales de algunas de las estad\u00edsticas del programa m\u00e1s solicitadas en relaci\u00f3n con la","breadcrumb":{"@id":"https:\/\/www.nevadaregistry.org\/es\/acerca\/informes-y-estadisticas\/archivo-de-estadisticas-del-programa\/estadisticas-del-programa-de-2018\/#breadcrumb"},"inLanguage":"es","potentialAction":[{"@type":"ReadAction","target":["https:\/\/www.nevadaregistry.org\/es\/acerca\/informes-y-estadisticas\/archivo-de-estadisticas-del-programa\/estadisticas-del-programa-de-2018\/"]}]},{"@type":"BreadcrumbList","@id":"https:\/\/www.nevadaregistry.org\/es\/acerca\/informes-y-estadisticas\/archivo-de-estadisticas-del-programa\/estadisticas-del-programa-de-2018\/#breadcrumb","itemListElement":[{"@type":"ListItem","position":1,"name":"Home","item":"https:\/\/www.nevadaregistry.org\/es\/pagina-principal\/"},{"@type":"ListItem","position":2,"name":"P\u00e1gina Acerca de The Nevada Registry","item":"https:\/\/www.nevadaregistry.org\/es\/acerca\/"},{"@type":"ListItem","position":3,"name":"Informes y estad\u00edsticas del Registro de Nevada","item":"https:\/\/www.nevadaregistry.org\/es\/acerca\/informes-y-estadisticas\/"},{"@type":"ListItem","position":4,"name":"Archivo de Estad\u00edsticas del Programa","item":"https:\/\/www.nevadaregistry.org\/es\/acerca\/informes-y-estadisticas\/archivo-de-estadisticas-del-programa\/"},{"@type":"ListItem","position":5,"name":"Estad\u00edsticas del programa Nevada Registry 2018"}]},{"@type":"WebSite","@id":"https:\/\/www.nevadaregistry.org\/es\/#website","url":"https:\/\/www.nevadaregistry.org\/es\/","name":"The Nevada Registry","description":"Workforce data system capturing information about the Early Childhood Education and Care (ECEC) workforce in Nevada.","publisher":{"@id":"https:\/\/www.nevadaregistry.org\/es\/#organization"},"potentialAction":[{"@type":"SearchAction","target":{"@type":"EntryPoint","urlTemplate":"https:\/\/www.nevadaregistry.org\/es\/?s={search_term_string}"},"query-input":{"@type":"PropertyValueSpecification","valueRequired":true,"valueName":"search_term_string"}}],"inLanguage":"es"},{"@type":"Organization","@id":"https:\/\/www.nevadaregistry.org\/es\/#organization","name":"El Nevada Registry","url":"https:\/\/www.nevadaregistry.org\/es\/","logo":{"@type":"ImageObject","inLanguage":"es","@id":"https:\/\/www.nevadaregistry.org\/es\/#\/schema\/logo\/image\/","url":"https:\/\/www.nevadaregistry.org\/wp-content\/uploads\/2020\/10\/tnr-logo-purple-copy.jpg","contentUrl":"https:\/\/www.nevadaregistry.org\/wp-content\/uploads\/2020\/10\/tnr-logo-purple-copy.jpg","width":"900","height":"562","caption":"El Nevada Registry"},"image":{"@id":"https:\/\/www.nevadaregistry.org\/es\/#\/schema\/logo\/image\/"},"sameAs":["https:\/\/www.facebook.com\/nevadaregistry"]}]}},"_links":{"self":[{"href":"https:\/\/www.nevadaregistry.org\/es\/wp-json\/wp\/v2\/pages\/13185","targetHints":{"allow":["GET"]}}],"collection":[{"href":"https:\/\/www.nevadaregistry.org\/es\/wp-json\/wp\/v2\/pages"}],"about":[{"href":"https:\/\/www.nevadaregistry.org\/es\/wp-json\/wp\/v2\/types\/page"}],"author":[{"embeddable":true,"href":"https:\/\/www.nevadaregistry.org\/es\/wp-json\/wp\/v2\/users\/2"}],"replies":[{"embeddable":true,"href":"https:\/\/www.nevadaregistry.org\/es\/wp-json\/wp\/v2\/comments?post=13185"}],"version-history":[{"count":2,"href":"https:\/\/www.nevadaregistry.org\/es\/wp-json\/wp\/v2\/pages\/13185\/revisions"}],"predecessor-version":[{"id":18205,"href":"https:\/\/www.nevadaregistry.org\/es\/wp-json\/wp\/v2\/pages\/13185\/revisions\/18205"}],"up":[{"embeddable":true,"href":"https:\/\/www.nevadaregistry.org\/es\/wp-json\/wp\/v2\/pages\/13129"}],"wp:attachment":[{"href":"https:\/\/www.nevadaregistry.org\/es\/wp-json\/wp\/v2\/media?parent=13185"}],"curies":[{"name":"wp","href":"https:\/\/api.w.org\/{rel}","templated":true}]}}