{"id":13192,"date":"2020-11-06T14:19:17","date_gmt":"2020-11-06T22:19:17","guid":{"rendered":"https:\/\/www.nevadaregistry.org\/capacitacion-en-rcp-y-primeros-auxilios\/"},"modified":"2026-02-26T15:16:40","modified_gmt":"2026-02-26T23:16:40","slug":"capacitacion-en-rcp-y-primeros-auxilios","status":"publish","type":"page","link":"https:\/\/www.nevadaregistry.org\/es\/formacion-desarrollo-profesional\/capacitacion-en-rcp-y-primeros-auxilios\/","title":{"rendered":"Capacitaci\u00f3n en RCP y primeros auxilios"},"content":{"rendered":"<h6><em>Actualizado en febrero de 2026<\/em><\/h6>\n<p>La formaci\u00f3n en RCP\/Primeros auxilios ser\u00e1 reconocida por Child Care Licensing y The Nevada Registry para la ubicaci\u00f3n en la escala profesional SOLO cuando se reciba de un instructor que emita una tarjeta de certificaci\u00f3n oficial* de una de las siguientes agencias:<\/p>\n<ul>\n<li><b>American Heart Association<\/b><\/li>\n<li><b>American Red Cross<\/b><\/li>\n<li><strong>HSI<\/strong> (agencia matriz para las marcas Instituto Americano de Seguridad y Salud, Primeros Auxilios M\u00e9dicos y Servicios de Seguridad EMS)<\/li>\n<\/ul>\n<p><strong>Seg\u00fan la licencia estatal de cuidado infantil: <\/strong><\/p>\n<ul>\n<li><strong>La capacitaci\u00f3n en RCP debe incluir un componente para beb\u00e9s\/ni\u00f1os\/pedi\u00e1trico.<\/strong> No se aceptar\u00e1n tarjetas que indiquen instrucci\u00f3n solo para adultos o que no indiquen claramente que se incluy\u00f3 RCP para beb\u00e9s\/ni\u00f1os\/pedi\u00e1trico.<\/li>\n<li><strong>La capacitaci\u00f3n en RCP debe incluir un componente de demostraci\u00f3n pr\u00e1ctica en persona. <\/strong>Se permite la instrucci\u00f3n combinada que combine el aprendizaje en l\u00ednea con la demostraci\u00f3n de habilidades. No se aceptar\u00e1 un curso de RCP ofrecido 100% en l\u00ednea, incluso si se toma de una de las agencias reconocidas. <\/li>\n<li>La formaci\u00f3n en primeros auxilios se puede completar en persona o en l\u00ednea, pero <strong>debe ser espec\u00edfica para beb\u00e9s\/ni\u00f1os\/pedi\u00e1trica<\/strong>. No se aceptar\u00e1n tarjetas que indiquen \u00fanicamente formaci\u00f3n para adultos o que no indiquen claramente que se incluyeron los primeros auxilios para beb\u00e9s\/ni\u00f1os\/pedi\u00e1tricos.<\/li>\n<\/ul>\n<div>\n<p><a href=\"https:\/\/www.nevadaregistry.org\/es\/news-updates\/consejos-para-seleccionar-formacion-aceptada-en-rcp-y-primeros-auxilios\/\">Consejos para seleccionar formaci\u00f3n aceptada en RCP\/Primeros auxilios<\/a><\/p>\n<p><em>*No se aceptar\u00e1 una tarjeta de terceros que lleve el nombre de una empresa privada en lugar de la tarjeta oficial de la agencia <u>,<\/u> incluso si la tarjeta indica que la formaci\u00f3n \u201ccumple con las directrices de la agencia XX\u201d.<\/em><em>Ejemplos de tarjetas de RCP\/Primeros auxilios que llevan los logotipos oficiales de una de las agencias reconocidas:<\/em><\/p>\n<p><img fetchpriority=\"high\" decoding=\"async\" class=\"alignnone wp-image-18054\" src=\"https:\/\/www.nevadaregistry.org\/wp-content\/uploads\/2026\/02\/SAMPLE-HSI-002-1-253x300.jpeg\" alt=\"\" width=\"392\" height=\"465\" srcset=\"https:\/\/www.nevadaregistry.org\/wp-content\/uploads\/2026\/02\/SAMPLE-HSI-002-1-253x300.jpeg 253w, https:\/\/www.nevadaregistry.org\/wp-content\/uploads\/2026\/02\/SAMPLE-HSI-002-1-63x75.jpeg 63w, https:\/\/www.nevadaregistry.org\/wp-content\/uploads\/2026\/02\/SAMPLE-HSI-002-1-127x150.jpeg 127w, https:\/\/www.nevadaregistry.org\/wp-content\/uploads\/2026\/02\/SAMPLE-HSI-002-1.jpeg 462w\" sizes=\"(max-width: 392px) 100vw, 392px\" \/><\/p>\n<p><img decoding=\"async\" class=\"alignnone wp-image-18048\" src=\"https:\/\/www.nevadaregistry.org\/wp-content\/uploads\/2026\/02\/AHAPediatric-282x300.jpg\" alt=\"\" width=\"395\" height=\"420\" srcset=\"https:\/\/www.nevadaregistry.org\/wp-content\/uploads\/2026\/02\/AHAPediatric-282x300.jpg 282w, https:\/\/www.nevadaregistry.org\/wp-content\/uploads\/2026\/02\/AHAPediatric-71x75.jpg 71w, https:\/\/www.nevadaregistry.org\/wp-content\/uploads\/2026\/02\/AHAPediatric-141x150.jpg 141w, https:\/\/www.nevadaregistry.org\/wp-content\/uploads\/2026\/02\/AHAPediatric.jpg 419w\" sizes=\"(max-width: 395px) 100vw, 395px\" \/><\/p>\n<\/div>\n<div><img decoding=\"async\" class=\"alignnone wp-image-18046\" src=\"https:\/\/www.nevadaregistry.org\/wp-content\/uploads\/2026\/02\/PediatricRedCross-300x174.jpg\" alt=\"\" width=\"403\" height=\"234\" srcset=\"https:\/\/www.nevadaregistry.org\/wp-content\/uploads\/2026\/02\/PediatricRedCross-300x174.jpg 300w, https:\/\/www.nevadaregistry.org\/wp-content\/uploads\/2026\/02\/PediatricRedCross-75x44.jpg 75w, https:\/\/www.nevadaregistry.org\/wp-content\/uploads\/2026\/02\/PediatricRedCross-150x87.jpg 150w, https:\/\/www.nevadaregistry.org\/wp-content\/uploads\/2026\/02\/PediatricRedCross.jpg 674w\" sizes=\"(max-width: 403px) 100vw, 403px\" \/><\/div>\n<div><\/div>\n<div><img loading=\"lazy\" decoding=\"async\" class=\"alignnone wp-image-18047\" src=\"https:\/\/www.nevadaregistry.org\/wp-content\/uploads\/2026\/02\/RedCross-300x214.jpg\" alt=\"\" width=\"412\" height=\"294\" srcset=\"https:\/\/www.nevadaregistry.org\/wp-content\/uploads\/2026\/02\/RedCross-300x214.jpg 300w, https:\/\/www.nevadaregistry.org\/wp-content\/uploads\/2026\/02\/RedCross-768x547.jpg 768w, https:\/\/www.nevadaregistry.org\/wp-content\/uploads\/2026\/02\/RedCross-75x53.jpg 75w, https:\/\/www.nevadaregistry.org\/wp-content\/uploads\/2026\/02\/RedCross-150x107.jpg 150w, https:\/\/www.nevadaregistry.org\/wp-content\/uploads\/2026\/02\/RedCross.jpg 786w\" sizes=\"(max-width: 412px) 100vw, 412px\" \/><\/div>\n<div><\/div>\n<div><\/div>\n<div><\/div>\n","protected":false},"excerpt":{"rendered":"<p>Actualizado en febrero de 2026 La formaci\u00f3n en RCP\/Primeros auxilios ser\u00e1 reconocida por Child Care Licensing y The Nevada Registry&#8230;<\/p>\n","protected":false},"author":2,"featured_media":0,"parent":13373,"menu_order":0,"comment_status":"closed","ping_status":"closed","template":"","meta":{"_acf_changed":false,"footnotes":""},"class_list":["post-13192","page","type-page","status-publish","hentry"],"acf":[],"yoast_head":"<!-- This site is optimized with the Yoast SEO plugin v27.2 - https:\/\/yoast.com\/product\/yoast-seo-wordpress\/ -->\n<title>Capacitaci\u00f3n en RCP y primeros auxilios - The Nevada Registry<\/title>\n<meta name=\"description\" content=\"Actualizado en febrero de 2026 La formaci\u00f3n en RCP\/Primeros auxilios ser\u00e1 reconocida por Child Care Licensing y The Nevada Registry para la ubicaci\u00f3n en\" \/>\n<meta name=\"robots\" content=\"index, follow, max-snippet:-1, max-image-preview:large, max-video-preview:-1\" \/>\n<link rel=\"canonical\" href=\"https:\/\/www.nevadaregistry.org\/es\/formacion-desarrollo-profesional\/capacitacion-en-rcp-y-primeros-auxilios\/\" \/>\n<meta property=\"og:locale\" content=\"es_ES\" \/>\n<meta property=\"og:type\" content=\"article\" \/>\n<meta property=\"og:title\" content=\"Capacitaci\u00f3n en RCP y primeros auxilios - The Nevada Registry\" \/>\n<meta property=\"og:description\" content=\"Actualizado en febrero de 2026 La formaci\u00f3n en RCP\/Primeros auxilios ser\u00e1 reconocida por Child Care Licensing y The Nevada Registry para la ubicaci\u00f3n en\" \/>\n<meta property=\"og:url\" content=\"https:\/\/www.nevadaregistry.org\/es\/formacion-desarrollo-profesional\/capacitacion-en-rcp-y-primeros-auxilios\/\" \/>\n<meta property=\"og:site_name\" content=\"The Nevada Registry\" \/>\n<meta property=\"article:publisher\" content=\"https:\/\/www.facebook.com\/nevadaregistry\" \/>\n<meta property=\"article:modified_time\" content=\"2026-02-26T23:16:40+00:00\" \/>\n<meta property=\"og:image\" content=\"https:\/\/www.nevadaregistry.org\/wp-content\/uploads\/2026\/02\/SAMPLE-HSI-002-1.jpeg\" \/>\n\t<meta property=\"og:image:width\" content=\"462\" \/>\n\t<meta property=\"og:image:height\" content=\"547\" \/>\n\t<meta property=\"og:image:type\" content=\"image\/jpeg\" \/>\n<meta name=\"twitter:card\" content=\"summary_large_image\" \/>\n<meta name=\"twitter:label1\" content=\"Tiempo de lectura\" \/>\n\t<meta name=\"twitter:data1\" content=\"2 minutos\" \/>\n<script type=\"application\/ld+json\" class=\"yoast-schema-graph\">{\"@context\":\"https:\/\/schema.org\",\"@graph\":[{\"@type\":\"WebPage\",\"@id\":\"https:\/\/www.nevadaregistry.org\/es\/formacion-desarrollo-profesional\/capacitacion-en-rcp-y-primeros-auxilios\/\",\"url\":\"https:\/\/www.nevadaregistry.org\/es\/formacion-desarrollo-profesional\/capacitacion-en-rcp-y-primeros-auxilios\/\",\"name\":\"Capacitaci\u00f3n en RCP y primeros auxilios - The Nevada Registry\",\"isPartOf\":{\"@id\":\"https:\/\/www.nevadaregistry.org\/es\/#website\"},\"primaryImageOfPage\":{\"@id\":\"https:\/\/www.nevadaregistry.org\/es\/formacion-desarrollo-profesional\/capacitacion-en-rcp-y-primeros-auxilios\/#primaryimage\"},\"image\":{\"@id\":\"https:\/\/www.nevadaregistry.org\/es\/formacion-desarrollo-profesional\/capacitacion-en-rcp-y-primeros-auxilios\/#primaryimage\"},\"thumbnailUrl\":\"https:\/\/www.nevadaregistry.org\/wp-content\/uploads\/2026\/02\/SAMPLE-HSI-002-1-253x300.jpeg\",\"datePublished\":\"2020-11-06T22:19:17+00:00\",\"dateModified\":\"2026-02-26T23:16:40+00:00\",\"description\":\"Actualizado en febrero de 2026 La formaci\u00f3n en RCP\/Primeros auxilios ser\u00e1 reconocida por Child Care Licensing y The Nevada Registry para la ubicaci\u00f3n en\",\"breadcrumb\":{\"@id\":\"https:\/\/www.nevadaregistry.org\/es\/formacion-desarrollo-profesional\/capacitacion-en-rcp-y-primeros-auxilios\/#breadcrumb\"},\"inLanguage\":\"es\",\"potentialAction\":[{\"@type\":\"ReadAction\",\"target\":[\"https:\/\/www.nevadaregistry.org\/es\/formacion-desarrollo-profesional\/capacitacion-en-rcp-y-primeros-auxilios\/\"]}]},{\"@type\":\"ImageObject\",\"inLanguage\":\"es\",\"@id\":\"https:\/\/www.nevadaregistry.org\/es\/formacion-desarrollo-profesional\/capacitacion-en-rcp-y-primeros-auxilios\/#primaryimage\",\"url\":\"https:\/\/www.nevadaregistry.org\/wp-content\/uploads\/2026\/02\/SAMPLE-HSI-002-1-253x300.jpeg\",\"contentUrl\":\"https:\/\/www.nevadaregistry.org\/wp-content\/uploads\/2026\/02\/SAMPLE-HSI-002-1-253x300.jpeg\"},{\"@type\":\"BreadcrumbList\",\"@id\":\"https:\/\/www.nevadaregistry.org\/es\/formacion-desarrollo-profesional\/capacitacion-en-rcp-y-primeros-auxilios\/#breadcrumb\",\"itemListElement\":[{\"@type\":\"ListItem\",\"position\":1,\"name\":\"Home\",\"item\":\"https:\/\/www.nevadaregistry.org\/es\/pagina-principal\/\"},{\"@type\":\"ListItem\",\"position\":2,\"name\":\"Formaci\u00f3n\/Desarrollo profesional\",\"item\":\"https:\/\/www.nevadaregistry.org\/es\/formacion-desarrollo-profesional\/\"},{\"@type\":\"ListItem\",\"position\":3,\"name\":\"Capacitaci\u00f3n en RCP y primeros auxilios\"}]},{\"@type\":\"WebSite\",\"@id\":\"https:\/\/www.nevadaregistry.org\/es\/#website\",\"url\":\"https:\/\/www.nevadaregistry.org\/es\/\",\"name\":\"The Nevada Registry\",\"description\":\"Workforce data system capturing information about the Early Childhood Education and Care (ECEC) workforce in Nevada.\",\"publisher\":{\"@id\":\"https:\/\/www.nevadaregistry.org\/es\/#organization\"},\"potentialAction\":[{\"@type\":\"SearchAction\",\"target\":{\"@type\":\"EntryPoint\",\"urlTemplate\":\"https:\/\/www.nevadaregistry.org\/es\/?s={search_term_string}\"},\"query-input\":{\"@type\":\"PropertyValueSpecification\",\"valueRequired\":true,\"valueName\":\"search_term_string\"}}],\"inLanguage\":\"es\"},{\"@type\":\"Organization\",\"@id\":\"https:\/\/www.nevadaregistry.org\/es\/#organization\",\"name\":\"El Nevada Registry\",\"url\":\"https:\/\/www.nevadaregistry.org\/es\/\",\"logo\":{\"@type\":\"ImageObject\",\"inLanguage\":\"es\",\"@id\":\"https:\/\/www.nevadaregistry.org\/es\/#\/schema\/logo\/image\/\",\"url\":\"https:\/\/www.nevadaregistry.org\/wp-content\/uploads\/2020\/10\/tnr-logo-purple-copy.jpg\",\"contentUrl\":\"https:\/\/www.nevadaregistry.org\/wp-content\/uploads\/2020\/10\/tnr-logo-purple-copy.jpg\",\"width\":\"900\",\"height\":\"562\",\"caption\":\"El Nevada Registry\"},\"image\":{\"@id\":\"https:\/\/www.nevadaregistry.org\/es\/#\/schema\/logo\/image\/\"},\"sameAs\":[\"https:\/\/www.facebook.com\/nevadaregistry\"]}]}<\/script>\n<!-- \/ Yoast SEO plugin. -->","yoast_head_json":{"title":"Capacitaci\u00f3n en RCP y primeros auxilios - The Nevada Registry","description":"Actualizado en febrero de 2026 La formaci\u00f3n en RCP\/Primeros auxilios ser\u00e1 reconocida por Child Care Licensing y The Nevada Registry para la ubicaci\u00f3n en","robots":{"index":"index","follow":"follow","max-snippet":"max-snippet:-1","max-image-preview":"max-image-preview:large","max-video-preview":"max-video-preview:-1"},"canonical":"https:\/\/www.nevadaregistry.org\/es\/formacion-desarrollo-profesional\/capacitacion-en-rcp-y-primeros-auxilios\/","og_locale":"es_ES","og_type":"article","og_title":"Capacitaci\u00f3n en RCP y primeros auxilios - The Nevada Registry","og_description":"Actualizado en febrero de 2026 La formaci\u00f3n en RCP\/Primeros auxilios ser\u00e1 reconocida por Child Care Licensing y The Nevada Registry para la ubicaci\u00f3n en","og_url":"https:\/\/www.nevadaregistry.org\/es\/formacion-desarrollo-profesional\/capacitacion-en-rcp-y-primeros-auxilios\/","og_site_name":"The Nevada Registry","article_publisher":"https:\/\/www.facebook.com\/nevadaregistry","article_modified_time":"2026-02-26T23:16:40+00:00","og_image":[{"width":462,"height":547,"url":"https:\/\/www.nevadaregistry.org\/wp-content\/uploads\/2026\/02\/SAMPLE-HSI-002-1.jpeg","type":"image\/jpeg"}],"twitter_card":"summary_large_image","twitter_misc":{"Tiempo de lectura":"2 minutos"},"schema":{"@context":"https:\/\/schema.org","@graph":[{"@type":"WebPage","@id":"https:\/\/www.nevadaregistry.org\/es\/formacion-desarrollo-profesional\/capacitacion-en-rcp-y-primeros-auxilios\/","url":"https:\/\/www.nevadaregistry.org\/es\/formacion-desarrollo-profesional\/capacitacion-en-rcp-y-primeros-auxilios\/","name":"Capacitaci\u00f3n en RCP y primeros auxilios - The Nevada Registry","isPartOf":{"@id":"https:\/\/www.nevadaregistry.org\/es\/#website"},"primaryImageOfPage":{"@id":"https:\/\/www.nevadaregistry.org\/es\/formacion-desarrollo-profesional\/capacitacion-en-rcp-y-primeros-auxilios\/#primaryimage"},"image":{"@id":"https:\/\/www.nevadaregistry.org\/es\/formacion-desarrollo-profesional\/capacitacion-en-rcp-y-primeros-auxilios\/#primaryimage"},"thumbnailUrl":"https:\/\/www.nevadaregistry.org\/wp-content\/uploads\/2026\/02\/SAMPLE-HSI-002-1-253x300.jpeg","datePublished":"2020-11-06T22:19:17+00:00","dateModified":"2026-02-26T23:16:40+00:00","description":"Actualizado en febrero de 2026 La formaci\u00f3n en RCP\/Primeros auxilios ser\u00e1 reconocida por Child Care Licensing y The Nevada Registry para la ubicaci\u00f3n en","breadcrumb":{"@id":"https:\/\/www.nevadaregistry.org\/es\/formacion-desarrollo-profesional\/capacitacion-en-rcp-y-primeros-auxilios\/#breadcrumb"},"inLanguage":"es","potentialAction":[{"@type":"ReadAction","target":["https:\/\/www.nevadaregistry.org\/es\/formacion-desarrollo-profesional\/capacitacion-en-rcp-y-primeros-auxilios\/"]}]},{"@type":"ImageObject","inLanguage":"es","@id":"https:\/\/www.nevadaregistry.org\/es\/formacion-desarrollo-profesional\/capacitacion-en-rcp-y-primeros-auxilios\/#primaryimage","url":"https:\/\/www.nevadaregistry.org\/wp-content\/uploads\/2026\/02\/SAMPLE-HSI-002-1-253x300.jpeg","contentUrl":"https:\/\/www.nevadaregistry.org\/wp-content\/uploads\/2026\/02\/SAMPLE-HSI-002-1-253x300.jpeg"},{"@type":"BreadcrumbList","@id":"https:\/\/www.nevadaregistry.org\/es\/formacion-desarrollo-profesional\/capacitacion-en-rcp-y-primeros-auxilios\/#breadcrumb","itemListElement":[{"@type":"ListItem","position":1,"name":"Home","item":"https:\/\/www.nevadaregistry.org\/es\/pagina-principal\/"},{"@type":"ListItem","position":2,"name":"Formaci\u00f3n\/Desarrollo profesional","item":"https:\/\/www.nevadaregistry.org\/es\/formacion-desarrollo-profesional\/"},{"@type":"ListItem","position":3,"name":"Capacitaci\u00f3n en RCP y primeros auxilios"}]},{"@type":"WebSite","@id":"https:\/\/www.nevadaregistry.org\/es\/#website","url":"https:\/\/www.nevadaregistry.org\/es\/","name":"The Nevada Registry","description":"Workforce data system capturing information about the Early Childhood Education and Care (ECEC) workforce in Nevada.","publisher":{"@id":"https:\/\/www.nevadaregistry.org\/es\/#organization"},"potentialAction":[{"@type":"SearchAction","target":{"@type":"EntryPoint","urlTemplate":"https:\/\/www.nevadaregistry.org\/es\/?s={search_term_string}"},"query-input":{"@type":"PropertyValueSpecification","valueRequired":true,"valueName":"search_term_string"}}],"inLanguage":"es"},{"@type":"Organization","@id":"https:\/\/www.nevadaregistry.org\/es\/#organization","name":"El Nevada Registry","url":"https:\/\/www.nevadaregistry.org\/es\/","logo":{"@type":"ImageObject","inLanguage":"es","@id":"https:\/\/www.nevadaregistry.org\/es\/#\/schema\/logo\/image\/","url":"https:\/\/www.nevadaregistry.org\/wp-content\/uploads\/2020\/10\/tnr-logo-purple-copy.jpg","contentUrl":"https:\/\/www.nevadaregistry.org\/wp-content\/uploads\/2020\/10\/tnr-logo-purple-copy.jpg","width":"900","height":"562","caption":"El Nevada Registry"},"image":{"@id":"https:\/\/www.nevadaregistry.org\/es\/#\/schema\/logo\/image\/"},"sameAs":["https:\/\/www.facebook.com\/nevadaregistry"]}]}},"_links":{"self":[{"href":"https:\/\/www.nevadaregistry.org\/es\/wp-json\/wp\/v2\/pages\/13192","targetHints":{"allow":["GET"]}}],"collection":[{"href":"https:\/\/www.nevadaregistry.org\/es\/wp-json\/wp\/v2\/pages"}],"about":[{"href":"https:\/\/www.nevadaregistry.org\/es\/wp-json\/wp\/v2\/types\/page"}],"author":[{"embeddable":true,"href":"https:\/\/www.nevadaregistry.org\/es\/wp-json\/wp\/v2\/users\/2"}],"replies":[{"embeddable":true,"href":"https:\/\/www.nevadaregistry.org\/es\/wp-json\/wp\/v2\/comments?post=13192"}],"version-history":[{"count":8,"href":"https:\/\/www.nevadaregistry.org\/es\/wp-json\/wp\/v2\/pages\/13192\/revisions"}],"predecessor-version":[{"id":18057,"href":"https:\/\/www.nevadaregistry.org\/es\/wp-json\/wp\/v2\/pages\/13192\/revisions\/18057"}],"up":[{"embeddable":true,"href":"https:\/\/www.nevadaregistry.org\/es\/wp-json\/wp\/v2\/pages\/13373"}],"wp:attachment":[{"href":"https:\/\/www.nevadaregistry.org\/es\/wp-json\/wp\/v2\/media?parent=13192"}],"curies":[{"name":"wp","href":"https:\/\/api.w.org\/{rel}","templated":true}]}}