{"id":13194,"date":"2020-12-02T19:08:09","date_gmt":"2020-12-03T03:08:09","guid":{"rendered":"https:\/\/www.nevadaregistry.org\/directrices-y-recursos-para-la-formacion-virtual\/"},"modified":"2026-03-06T08:49:47","modified_gmt":"2026-03-06T16:49:47","slug":"directrices-y-recursos-para-la-formacion-virtual","status":"publish","type":"page","link":"https:\/\/www.nevadaregistry.org\/es\/para-formadores\/directrices-y-recursos-para-la-formacion-virtual\/","title":{"rendered":"Directrices y recursos de formaci\u00f3n virtual de The Nevada Registry"},"content":{"rendered":"\t\t<div data-elementor-type=\"wp-page\" data-elementor-id=\"13194\" class=\"elementor elementor-13194 elementor-3112\" data-elementor-post-type=\"page\">\n\t\t\t\t\t\t<section class=\"elementor-section elementor-top-section elementor-element elementor-element-4b57067 elementor-section-boxed elementor-section-height-default elementor-section-height-default\" data-id=\"4b57067\" data-element_type=\"section\" data-e-type=\"section\">\n\t\t\t\t\t\t<div class=\"elementor-container elementor-column-gap-default\">\n\t\t\t\t\t<div class=\"elementor-column elementor-col-100 elementor-top-column elementor-element elementor-element-db80573\" data-id=\"db80573\" data-element_type=\"column\" data-e-type=\"column\">\n\t\t\t<div class=\"elementor-widget-wrap elementor-element-populated\">\n\t\t\t\t\t\t<div class=\"elementor-element elementor-element-bc22889 elementor-widget elementor-widget-kps3-spacer\" data-id=\"bc22889\" data-element_type=\"widget\" data-e-type=\"widget\" data-widget_type=\"kps3-spacer.default\">\n\t\t\t\t<div class=\"elementor-widget-container\">\n\t\t\t\t\t    <div \n            class=\"spacer spacer--small spacer--white\"\n    ><\/div>\n    \t\t\t\t<\/div>\n\t\t\t\t<\/div>\n\t\t\t\t<div class=\"elementor-element elementor-element-cc1ca9d elementor-widget elementor-widget-kps3-intro-text\" data-id=\"cc1ca9d\" data-element_type=\"widget\" data-e-type=\"widget\" data-widget_type=\"kps3-intro-text.default\">\n\t\t\t\t<div class=\"elementor-widget-container\">\n\t\t\t\t\t\n    <div  class=\"intro-text\">\n      <div class=\"intro-text__container container\">\n        <h2 class=\"intro-text__heading\" id=\"cc1ca9d\">Directrices y recursos para formaci\u00f3n virtual<\/h2>\n                  <p class=\"intro-text__text\">\n            <p>La pandemia de COVID-19 cre\u00f3 desaf\u00edos \u00fanicos e imprevistos en nuestro mundo. La formaci\u00f3n virtual se convirti\u00f3 en una parte necesaria de nuestro trabajo diario y de nuestra vida personal para mantenernos conectados. Oblig\u00f3 a los formadores y a las agencias de formaci\u00f3n a replantearse sus pr\u00e1cticas de impartici\u00f3n ante los requisitos de distanciamiento social. Como resultado, aument\u00f3 el deseo y la necesidad de convertir las sesiones de formaci\u00f3n presenciales tradicionales en oportunidades de formaci\u00f3n \u201cvirtuales\u201d. The Nevada Registry respondi\u00f3 a esta nueva necesidad creando procesos para la aprobaci\u00f3n de la formaci\u00f3n virtual, incluyendo directrices de impartici\u00f3n y recursos de formaci\u00f3n.     <\/p>\n<p>Aunque se desarroll\u00f3 como respuesta a la pandemia, la formaci\u00f3n virtual sigue satisfaciendo las necesidades del personal de Educaci\u00f3n y Cuidado de la Primera Infancia (ECEC) en Nevada; especialmente de los educadores que viven en zonas rurales con acceso limitado a la formaci\u00f3n presencial. Ha ayudado a diversificar las opciones de formaci\u00f3n y desarrollo profesional para los educadores de ECEC y ha reducido significativamente las barreras geogr\u00e1ficas al hacer que la formaci\u00f3n sea accesible para cualquier persona, independientemente de su residencia f\u00edsica. Si eres un formador aprobado por el Registro interesado en impartir sesiones de formaci\u00f3n virtual, puede que algunos de estos recursos te resulten \u00fatiles a medida que empieces a desarrollar formaciones participativas para tus alumnos virtuales. Independientemente del formato de formaci\u00f3n que elijas impartir, el objetivo es siempre ofrecer un desarrollo profesional de alta calidad que, en \u00faltima instancia, contribuya a obtener resultados positivos para los ni\u00f1os.   <\/p>\n          <\/p>\n                      <\/div>\n    <\/div>\n\n    \t\t\t\t<\/div>\n\t\t\t\t<\/div>\n\t\t\t\t\t<\/div>\n\t\t<\/div>\n\t\t\t\t\t<\/div>\n\t\t<\/section>\n\t\t\t\t<section class=\"elementor-section elementor-top-section elementor-element elementor-element-28c4abd elementor-section-boxed elementor-section-height-default elementor-section-height-default\" data-id=\"28c4abd\" data-element_type=\"section\" data-e-type=\"section\">\n\t\t\t\t\t\t<div class=\"elementor-container elementor-column-gap-default\">\n\t\t\t\t\t<div class=\"elementor-column elementor-col-100 elementor-top-column elementor-element elementor-element-093a348\" data-id=\"093a348\" data-element_type=\"column\" data-e-type=\"column\">\n\t\t\t<div class=\"elementor-widget-wrap\">\n\t\t\t\t\t\t\t<\/div>\n\t\t<\/div>\n\t\t\t\t\t<\/div>\n\t\t<\/section>\n\t\t\t\t<section class=\"elementor-section elementor-top-section elementor-element elementor-element-accc210 elementor-section-boxed elementor-section-height-default elementor-section-height-default\" data-id=\"accc210\" data-element_type=\"section\" data-e-type=\"section\">\n\t\t\t\t\t\t<div class=\"elementor-container elementor-column-gap-default\">\n\t\t\t\t\t<div class=\"elementor-column elementor-col-100 elementor-top-column elementor-element elementor-element-249495f\" data-id=\"249495f\" data-element_type=\"column\" data-e-type=\"column\">\n\t\t\t<div class=\"elementor-widget-wrap elementor-element-populated\">\n\t\t\t\t\t\t<div class=\"elementor-element elementor-element-3dbd0b6 elementor-widget elementor-widget-kps3-image-callouts\" data-id=\"3dbd0b6\" data-element_type=\"widget\" data-e-type=\"widget\" data-widget_type=\"kps3-image-callouts.default\">\n\t\t\t\t<div class=\"elementor-widget-container\">\n\t\t\t\t\t    <div  class=\"image-callouts\">\n      <div class=\"image-callouts__container container\">\n        <div class=\"image-callouts__content\">\n\n                                \n            <div class=\"image-callouts__item\">\n              <a class=\"image-callouts__wrapper\" href=\"https:\/\/www.nevadaregistry.org\/es\/para-formadores\/directrices-y-recursos-para-la-formacion-virtual\/requisitos-para-la-formacion-virtual\/?preview=true\" target=\"\"rel=\"\">                <div class=\"image-callouts__image\">\n                                      <img fetchpriority=\"high\" decoding=\"async\"\n                      src=\"https:\/\/www.nevadaregistry.org\/wp-content\/uploads\/2020\/09\/iStock-614834942-520x335.jpg\"\n                      width=\"520\"\n                      height=\"335\"\n                      alt=\"\"\n                      role=\"presentation\"\n                    \/>\n                                  <\/div>\n                                <div class=\"image-callouts__link\">\n                  Requisitos de la formaci\u00f3n virtual                  <span>\n                    <svg class=\"svg-icon next-arrow-icon\" width=\"11\" height=\"14\" aria-hidden=\"true\">\n                      <use xlink:href=\"https:\/\/www.nevadaregistry.org\/wp-content\/themes\/kps3-tnr\/public\/assets\/images\/icons.svg?ver=1.7#icon-arrow-right\"><\/use>\n                    <\/svg>\n                  <\/span>\n                <\/div>\n                              <\/a>            <\/div>\n                              \n            <div class=\"image-callouts__item\">\n              <a class=\"image-callouts__wrapper\" href=\"https:\/\/www.nevadaregistry.org\/es\/para-formadores\/directrices-y-recursos-para-la-formacion-virtual\/directrices-para-la-imparticion-de-formacion-virtual\/?preview=true\" target=\"\"rel=\"\">                <div class=\"image-callouts__image\">\n                                      <img decoding=\"async\"\n                      src=\"https:\/\/www.nevadaregistry.org\/wp-content\/uploads\/2020\/10\/NVR_Website_Image_62-520x335.png\"\n                      width=\"520\"\n                      height=\"335\"\n                      alt=\"\"\n                      role=\"presentation\"\n                    \/>\n                                  <\/div>\n                                <div class=\"image-callouts__link\">\n                  Directrices para la impartici\u00f3n de formaci\u00f3n virtual                  <span>\n                    <svg class=\"svg-icon next-arrow-icon\" width=\"11\" height=\"14\" aria-hidden=\"true\">\n                      <use xlink:href=\"https:\/\/www.nevadaregistry.org\/wp-content\/themes\/kps3-tnr\/public\/assets\/images\/icons.svg?ver=1.7#icon-arrow-right\"><\/use>\n                    <\/svg>\n                  <\/span>\n                <\/div>\n                              <\/a>            <\/div>\n                              \n            <div class=\"image-callouts__item\">\n              <a class=\"image-callouts__wrapper\" href=\"https:\/\/www.nevadaregistry.org\/es\/news-updates\/tamizando-el-formato-de-capacitacion-sopa-de-letras\/\" target=\"\"rel=\"\">                <div class=\"image-callouts__image\">\n                                      <img decoding=\"async\"\n                      src=\"https:\/\/www.nevadaregistry.org\/wp-content\/uploads\/2020\/10\/NVR_Website_Image_48-520x335.png\"\n                      width=\"520\"\n                      height=\"335\"\n                      alt=\"\"\n                      role=\"presentation\"\n                    \/>\n                                  <\/div>\n                                <div class=\"image-callouts__link\">\n                  Formaci\u00f3n virtual frente a formaci\u00f3n online                  <span>\n                    <svg class=\"svg-icon next-arrow-icon\" width=\"11\" height=\"14\" aria-hidden=\"true\">\n                      <use xlink:href=\"https:\/\/www.nevadaregistry.org\/wp-content\/themes\/kps3-tnr\/public\/assets\/images\/icons.svg?ver=1.7#icon-arrow-right\"><\/use>\n                    <\/svg>\n                  <\/span>\n                <\/div>\n                              <\/a>            <\/div>\n                              \n            <div class=\"image-callouts__item\">\n              <a class=\"image-callouts__wrapper\" href=\"https:\/\/www.nevadaregistry.org\/es\/para-formadores\/directrices-y-recursos-para-la-formacion-virtual\/articulos-de-recursos-para-la-formacion-virtual\/\" target=\"\"rel=\"\">                <div class=\"image-callouts__image\">\n                                      <img loading=\"lazy\" decoding=\"async\"\n                      src=\"https:\/\/www.nevadaregistry.org\/wp-content\/uploads\/2020\/10\/NVR_Website_Image_60-520x335.png\"\n                      width=\"520\"\n                      height=\"335\"\n                      alt=\"\"\n                      role=\"presentation\"\n                    \/>\n                                  <\/div>\n                                <div class=\"image-callouts__link\">\n                  Art\u00edculos de recursos para la formaci\u00f3n virtual                  <span>\n                    <svg class=\"svg-icon next-arrow-icon\" width=\"11\" height=\"14\" aria-hidden=\"true\">\n                      <use xlink:href=\"https:\/\/www.nevadaregistry.org\/wp-content\/themes\/kps3-tnr\/public\/assets\/images\/icons.svg?ver=1.7#icon-arrow-right\"><\/use>\n                    <\/svg>\n                  <\/span>\n                <\/div>\n                              <\/a>            <\/div>\n                              \n            <div class=\"image-callouts__item\">\n              <a class=\"image-callouts__wrapper\" href=\"https:\/\/www.nevadaregistry.org\/es\/para-formadores\/directrices-y-recursos-para-la-formacion-virtual\/eleccion-de-una-plataforma-de-aprendizaje-a-distancia\/\" target=\"\"rel=\"\">                <div class=\"image-callouts__image\">\n                                      <img loading=\"lazy\" decoding=\"async\"\n                      src=\"https:\/\/www.nevadaregistry.org\/wp-content\/uploads\/2020\/10\/NVR_Website_Image_57-520x335.png\"\n                      width=\"520\"\n                      height=\"335\"\n                      alt=\"\"\n                      role=\"presentation\"\n                    \/>\n                                  <\/div>\n                                <div class=\"image-callouts__link\">\n                  C\u00f3mo elegir una plataforma de aprendizaje a distancia                  <span>\n                    <svg class=\"svg-icon next-arrow-icon\" width=\"11\" height=\"14\" aria-hidden=\"true\">\n                      <use xlink:href=\"https:\/\/www.nevadaregistry.org\/wp-content\/themes\/kps3-tnr\/public\/assets\/images\/icons.svg?ver=1.7#icon-arrow-right\"><\/use>\n                    <\/svg>\n                  <\/span>\n                <\/div>\n                              <\/a>            <\/div>\n        \n        <\/div>\n      <\/div>\n    <\/div>\n    \t\t\t\t<\/div>\n\t\t\t\t<\/div>\n\t\t\t\t\t<\/div>\n\t\t<\/div>\n\t\t\t\t\t<\/div>\n\t\t<\/section>\n\t\t\t\t<section class=\"elementor-section elementor-top-section elementor-element elementor-element-07fc645 elementor-section-boxed elementor-section-height-default elementor-section-height-default\" data-id=\"07fc645\" data-element_type=\"section\" data-e-type=\"section\">\n\t\t\t\t\t\t<div class=\"elementor-container elementor-column-gap-default\">\n\t\t\t\t\t<div class=\"elementor-column elementor-col-100 elementor-top-column elementor-element elementor-element-bb4ff21\" data-id=\"bb4ff21\" data-element_type=\"column\" data-e-type=\"column\">\n\t\t\t<div class=\"elementor-widget-wrap elementor-element-populated\">\n\t\t\t\t\t\t<div class=\"elementor-element elementor-element-52a4b52 elementor-widget elementor-widget-kps3-text-content\" data-id=\"52a4b52\" data-element_type=\"widget\" data-e-type=\"widget\" data-widget_type=\"kps3-text-content.default\">\n\t\t\t\t<div class=\"elementor-widget-container\">\n\t\t\t\t\t\n    <div  class=\"page-content page-content--full\">\n      <article class=\"page-content__container container\">\n        <div class=\"page-content__text type\">\n          <h6 style=\"text-align: center;\"><em>Revisado\/actualizado en septiembre de 2025<\/em><\/h6>\n        <\/div>\n      <\/article>\n    <\/div>\n\n\n    \t\t\t\t<\/div>\n\t\t\t\t<\/div>\n\t\t\t\t<div class=\"elementor-element elementor-element-36dc4f1 elementor-widget elementor-widget-kps3-spacer\" data-id=\"36dc4f1\" data-element_type=\"widget\" data-e-type=\"widget\" data-widget_type=\"kps3-spacer.default\">\n\t\t\t\t<div class=\"elementor-widget-container\">\n\t\t\t\t\t    <div \n            class=\"spacer spacer--white\"\n    ><\/div>\n    \t\t\t\t<\/div>\n\t\t\t\t<\/div>\n\t\t\t\t\t<\/div>\n\t\t<\/div>\n\t\t\t\t\t<\/div>\n\t\t<\/section>\n\t\t\t\t<\/div>\n\t\t","protected":false},"excerpt":{"rendered":"<p>Directrices y recursos para formaci\u00f3n virtual La pandemia de COVID-19 cre\u00f3 desaf\u00edos \u00fanicos e imprevistos en nuestro mundo. La formaci\u00f3n&#8230;<\/p>\n","protected":false},"author":2,"featured_media":0,"parent":13325,"menu_order":6,"comment_status":"closed","ping_status":"closed","template":"","meta":{"_acf_changed":false,"footnotes":""},"class_list":["post-13194","page","type-page","status-publish","hentry"],"acf":[],"yoast_head":"<!-- This site is optimized with the Yoast SEO plugin v27.2 - https:\/\/yoast.com\/product\/yoast-seo-wordpress\/ -->\n<title>Directrices y recursos de formaci\u00f3n virtual de The Nevada Registry - The Nevada Registry<\/title>\n<meta name=\"description\" content=\"Directrices y recursos para formaci\u00f3n virtual La pandemia de COVID-19 cre\u00f3 desaf\u00edos \u00fanicos e imprevistos en nuestro mundo. La formaci\u00f3n virtual se\" \/>\n<meta name=\"robots\" content=\"index, follow, max-snippet:-1, max-image-preview:large, max-video-preview:-1\" \/>\n<link rel=\"canonical\" href=\"https:\/\/www.nevadaregistry.org\/es\/para-formadores\/directrices-y-recursos-para-la-formacion-virtual\/\" \/>\n<meta property=\"og:locale\" content=\"es_ES\" \/>\n<meta property=\"og:type\" content=\"article\" \/>\n<meta property=\"og:title\" content=\"Directrices y recursos de formaci\u00f3n virtual de The Nevada Registry - The Nevada Registry\" \/>\n<meta property=\"og:description\" content=\"Directrices y recursos para formaci\u00f3n virtual La pandemia de COVID-19 cre\u00f3 desaf\u00edos \u00fanicos e imprevistos en nuestro mundo. La formaci\u00f3n virtual se\" \/>\n<meta property=\"og:url\" content=\"https:\/\/www.nevadaregistry.org\/es\/para-formadores\/directrices-y-recursos-para-la-formacion-virtual\/\" \/>\n<meta property=\"og:site_name\" content=\"The Nevada Registry\" \/>\n<meta property=\"article:publisher\" content=\"https:\/\/www.facebook.com\/nevadaregistry\" \/>\n<meta property=\"article:modified_time\" content=\"2026-03-06T16:49:47+00:00\" \/>\n<meta property=\"og:image\" content=\"https:\/\/www.nevadaregistry.org\/wp-content\/uploads\/2020\/10\/NevadaRegistryOGImage.jpg\" \/>\n\t<meta property=\"og:image:width\" content=\"1200\" \/>\n\t<meta property=\"og:image:height\" content=\"630\" \/>\n\t<meta property=\"og:image:type\" content=\"image\/jpeg\" \/>\n<meta name=\"twitter:card\" content=\"summary_large_image\" \/>\n<meta name=\"twitter:label1\" content=\"Tiempo de lectura\" \/>\n\t<meta name=\"twitter:data1\" content=\"2 minutos\" \/>\n<script type=\"application\/ld+json\" class=\"yoast-schema-graph\">{\"@context\":\"https:\/\/schema.org\",\"@graph\":[{\"@type\":\"WebPage\",\"@id\":\"https:\/\/www.nevadaregistry.org\/es\/para-formadores\/directrices-y-recursos-para-la-formacion-virtual\/\",\"url\":\"https:\/\/www.nevadaregistry.org\/es\/para-formadores\/directrices-y-recursos-para-la-formacion-virtual\/\",\"name\":\"Directrices y recursos de formaci\u00f3n virtual de The Nevada Registry - The Nevada Registry\",\"isPartOf\":{\"@id\":\"https:\/\/www.nevadaregistry.org\/es\/#website\"},\"datePublished\":\"2020-12-03T03:08:09+00:00\",\"dateModified\":\"2026-03-06T16:49:47+00:00\",\"description\":\"Directrices y recursos para formaci\u00f3n virtual La pandemia de COVID-19 cre\u00f3 desaf\u00edos \u00fanicos e imprevistos en nuestro mundo. La formaci\u00f3n virtual se\",\"breadcrumb\":{\"@id\":\"https:\/\/www.nevadaregistry.org\/es\/para-formadores\/directrices-y-recursos-para-la-formacion-virtual\/#breadcrumb\"},\"inLanguage\":\"es\",\"potentialAction\":[{\"@type\":\"ReadAction\",\"target\":[\"https:\/\/www.nevadaregistry.org\/es\/para-formadores\/directrices-y-recursos-para-la-formacion-virtual\/\"]}]},{\"@type\":\"BreadcrumbList\",\"@id\":\"https:\/\/www.nevadaregistry.org\/es\/para-formadores\/directrices-y-recursos-para-la-formacion-virtual\/#breadcrumb\",\"itemListElement\":[{\"@type\":\"ListItem\",\"position\":1,\"name\":\"Home\",\"item\":\"https:\/\/www.nevadaregistry.org\/es\/pagina-principal\/\"},{\"@type\":\"ListItem\",\"position\":2,\"name\":\"Informaci\u00f3n de The Nevada Registry para formadores\",\"item\":\"https:\/\/www.nevadaregistry.org\/es\/para-formadores\/\"},{\"@type\":\"ListItem\",\"position\":3,\"name\":\"Directrices y recursos de formaci\u00f3n virtual de The Nevada Registry\"}]},{\"@type\":\"WebSite\",\"@id\":\"https:\/\/www.nevadaregistry.org\/es\/#website\",\"url\":\"https:\/\/www.nevadaregistry.org\/es\/\",\"name\":\"The Nevada Registry\",\"description\":\"Workforce data system capturing information about the Early Childhood Education and Care (ECEC) workforce in Nevada.\",\"publisher\":{\"@id\":\"https:\/\/www.nevadaregistry.org\/es\/#organization\"},\"potentialAction\":[{\"@type\":\"SearchAction\",\"target\":{\"@type\":\"EntryPoint\",\"urlTemplate\":\"https:\/\/www.nevadaregistry.org\/es\/?s={search_term_string}\"},\"query-input\":{\"@type\":\"PropertyValueSpecification\",\"valueRequired\":true,\"valueName\":\"search_term_string\"}}],\"inLanguage\":\"es\"},{\"@type\":\"Organization\",\"@id\":\"https:\/\/www.nevadaregistry.org\/es\/#organization\",\"name\":\"El Nevada Registry\",\"url\":\"https:\/\/www.nevadaregistry.org\/es\/\",\"logo\":{\"@type\":\"ImageObject\",\"inLanguage\":\"es\",\"@id\":\"https:\/\/www.nevadaregistry.org\/es\/#\/schema\/logo\/image\/\",\"url\":\"https:\/\/www.nevadaregistry.org\/wp-content\/uploads\/2020\/10\/tnr-logo-purple-copy.jpg\",\"contentUrl\":\"https:\/\/www.nevadaregistry.org\/wp-content\/uploads\/2020\/10\/tnr-logo-purple-copy.jpg\",\"width\":\"900\",\"height\":\"562\",\"caption\":\"El Nevada Registry\"},\"image\":{\"@id\":\"https:\/\/www.nevadaregistry.org\/es\/#\/schema\/logo\/image\/\"},\"sameAs\":[\"https:\/\/www.facebook.com\/nevadaregistry\"]}]}<\/script>\n<!-- \/ Yoast SEO plugin. -->","yoast_head_json":{"title":"Directrices y recursos de formaci\u00f3n virtual de The Nevada Registry - The Nevada Registry","description":"Directrices y recursos para formaci\u00f3n virtual La pandemia de COVID-19 cre\u00f3 desaf\u00edos \u00fanicos e imprevistos en nuestro mundo. La formaci\u00f3n virtual se","robots":{"index":"index","follow":"follow","max-snippet":"max-snippet:-1","max-image-preview":"max-image-preview:large","max-video-preview":"max-video-preview:-1"},"canonical":"https:\/\/www.nevadaregistry.org\/es\/para-formadores\/directrices-y-recursos-para-la-formacion-virtual\/","og_locale":"es_ES","og_type":"article","og_title":"Directrices y recursos de formaci\u00f3n virtual de The Nevada Registry - The Nevada Registry","og_description":"Directrices y recursos para formaci\u00f3n virtual La pandemia de COVID-19 cre\u00f3 desaf\u00edos \u00fanicos e imprevistos en nuestro mundo. La formaci\u00f3n virtual se","og_url":"https:\/\/www.nevadaregistry.org\/es\/para-formadores\/directrices-y-recursos-para-la-formacion-virtual\/","og_site_name":"The Nevada Registry","article_publisher":"https:\/\/www.facebook.com\/nevadaregistry","article_modified_time":"2026-03-06T16:49:47+00:00","og_image":[{"width":1200,"height":630,"url":"https:\/\/www.nevadaregistry.org\/wp-content\/uploads\/2020\/10\/NevadaRegistryOGImage.jpg","type":"image\/jpeg"}],"twitter_card":"summary_large_image","twitter_misc":{"Tiempo de lectura":"2 minutos"},"schema":{"@context":"https:\/\/schema.org","@graph":[{"@type":"WebPage","@id":"https:\/\/www.nevadaregistry.org\/es\/para-formadores\/directrices-y-recursos-para-la-formacion-virtual\/","url":"https:\/\/www.nevadaregistry.org\/es\/para-formadores\/directrices-y-recursos-para-la-formacion-virtual\/","name":"Directrices y recursos de formaci\u00f3n virtual de The Nevada Registry - The Nevada Registry","isPartOf":{"@id":"https:\/\/www.nevadaregistry.org\/es\/#website"},"datePublished":"2020-12-03T03:08:09+00:00","dateModified":"2026-03-06T16:49:47+00:00","description":"Directrices y recursos para formaci\u00f3n virtual La pandemia de COVID-19 cre\u00f3 desaf\u00edos \u00fanicos e imprevistos en nuestro mundo. La formaci\u00f3n virtual se","breadcrumb":{"@id":"https:\/\/www.nevadaregistry.org\/es\/para-formadores\/directrices-y-recursos-para-la-formacion-virtual\/#breadcrumb"},"inLanguage":"es","potentialAction":[{"@type":"ReadAction","target":["https:\/\/www.nevadaregistry.org\/es\/para-formadores\/directrices-y-recursos-para-la-formacion-virtual\/"]}]},{"@type":"BreadcrumbList","@id":"https:\/\/www.nevadaregistry.org\/es\/para-formadores\/directrices-y-recursos-para-la-formacion-virtual\/#breadcrumb","itemListElement":[{"@type":"ListItem","position":1,"name":"Home","item":"https:\/\/www.nevadaregistry.org\/es\/pagina-principal\/"},{"@type":"ListItem","position":2,"name":"Informaci\u00f3n de The Nevada Registry para formadores","item":"https:\/\/www.nevadaregistry.org\/es\/para-formadores\/"},{"@type":"ListItem","position":3,"name":"Directrices y recursos de formaci\u00f3n virtual de The Nevada Registry"}]},{"@type":"WebSite","@id":"https:\/\/www.nevadaregistry.org\/es\/#website","url":"https:\/\/www.nevadaregistry.org\/es\/","name":"The Nevada Registry","description":"Workforce data system capturing information about the Early Childhood Education and Care (ECEC) workforce in Nevada.","publisher":{"@id":"https:\/\/www.nevadaregistry.org\/es\/#organization"},"potentialAction":[{"@type":"SearchAction","target":{"@type":"EntryPoint","urlTemplate":"https:\/\/www.nevadaregistry.org\/es\/?s={search_term_string}"},"query-input":{"@type":"PropertyValueSpecification","valueRequired":true,"valueName":"search_term_string"}}],"inLanguage":"es"},{"@type":"Organization","@id":"https:\/\/www.nevadaregistry.org\/es\/#organization","name":"El Nevada Registry","url":"https:\/\/www.nevadaregistry.org\/es\/","logo":{"@type":"ImageObject","inLanguage":"es","@id":"https:\/\/www.nevadaregistry.org\/es\/#\/schema\/logo\/image\/","url":"https:\/\/www.nevadaregistry.org\/wp-content\/uploads\/2020\/10\/tnr-logo-purple-copy.jpg","contentUrl":"https:\/\/www.nevadaregistry.org\/wp-content\/uploads\/2020\/10\/tnr-logo-purple-copy.jpg","width":"900","height":"562","caption":"El Nevada Registry"},"image":{"@id":"https:\/\/www.nevadaregistry.org\/es\/#\/schema\/logo\/image\/"},"sameAs":["https:\/\/www.facebook.com\/nevadaregistry"]}]}},"_links":{"self":[{"href":"https:\/\/www.nevadaregistry.org\/es\/wp-json\/wp\/v2\/pages\/13194","targetHints":{"allow":["GET"]}}],"collection":[{"href":"https:\/\/www.nevadaregistry.org\/es\/wp-json\/wp\/v2\/pages"}],"about":[{"href":"https:\/\/www.nevadaregistry.org\/es\/wp-json\/wp\/v2\/types\/page"}],"author":[{"embeddable":true,"href":"https:\/\/www.nevadaregistry.org\/es\/wp-json\/wp\/v2\/users\/2"}],"replies":[{"embeddable":true,"href":"https:\/\/www.nevadaregistry.org\/es\/wp-json\/wp\/v2\/comments?post=13194"}],"version-history":[{"count":8,"href":"https:\/\/www.nevadaregistry.org\/es\/wp-json\/wp\/v2\/pages\/13194\/revisions"}],"predecessor-version":[{"id":18225,"href":"https:\/\/www.nevadaregistry.org\/es\/wp-json\/wp\/v2\/pages\/13194\/revisions\/18225"}],"up":[{"embeddable":true,"href":"https:\/\/www.nevadaregistry.org\/es\/wp-json\/wp\/v2\/pages\/13325"}],"wp:attachment":[{"href":"https:\/\/www.nevadaregistry.org\/es\/wp-json\/wp\/v2\/media?parent=13194"}],"curies":[{"name":"wp","href":"https:\/\/api.w.org\/{rel}","templated":true}]}}