{"id":13217,"date":"2020-12-17T11:24:25","date_gmt":"2020-12-17T18:24:25","guid":{"rendered":"https:\/\/www.nevadaregistry.org\/directrices-y-recursos-para-la-formacion-virtual\/articulos-de-recursos-para-la-formacion-virtual\/"},"modified":"2025-05-01T14:46:26","modified_gmt":"2025-05-01T21:46:26","slug":"articulos-de-recursos-para-la-formacion-virtual","status":"publish","type":"page","link":"https:\/\/www.nevadaregistry.org\/es\/para-formadores\/directrices-y-recursos-para-la-formacion-virtual\/articulos-de-recursos-para-la-formacion-virtual\/","title":{"rendered":"Art\u00edculos de recursos para la formaci\u00f3n virtual"},"content":{"rendered":"<p>La pandemia de COVID-19 ha creado nuevas oportunidades para que todos nosotros pensemos en nuestro trabajo de maneras novedosas e innovadoras. Con los requisitos de distanciamiento social vigentes, el inter\u00e9s (y la necesidad) de impartir capacitaciones de forma segura a trav\u00e9s de plataformas virtuales ha experimentado un auge significativo. Muchos de nosotros nos hemos subido por primera vez a la \u00abtendencia de la capacitaci\u00f3n virtual\u00bb, con muy poca experiencia o conocimiento sobre c\u00f3mo ofrecerla de manera atractiva y significativa.  <\/p>\n<p>Existen numerosos recursos disponibles en internet para ayudarle a reflexionar sobre su enfoque en la impartici\u00f3n de capacitaciones virtuales. Hemos compilado una lista breve, aunque no exhaustiva, de algunos de los art\u00edculos de recursos que encontramos al realizar nuestra propia investigaci\u00f3n. Muchas de las mejores pr\u00e1cticas que hallar\u00e1 en los siguientes art\u00edculos han constituido la base de las directrices que hemos creado para apoyarle en este nuevo recorrido. Le rogamos que visite esta p\u00e1gina con frecuencia, ya que se actualizar\u00e1 peri\u00f3dicamente a medida que se disponga de m\u00e1s informaci\u00f3n. Asimismo, le invitamos a enviar por correo electr\u00f3nico a nuestra oficina cualquier art\u00edculo que haya encontrado particularmente \u00fatil en el desarrollo e impartici\u00f3n de sesiones de capacitaci\u00f3n virtual para que sea a\u00f1adido a esta p\u00e1gina. Juntos, podemos construir una biblioteca de recursos que puedan ser compartidos y utilizados por todos los capacitadores aprobados por el Registro de Nevada.     <\/p>\n<ul>\n<li><a href=\"https:\/\/www.talentlms.com\/blog\/virtual-instructor-led-training-guide\/\">Capacitaci\u00f3n virtual dirigida por instructor: Una gu\u00eda paso a paso<\/a><\/li>\n<li>\n<p class=\"entry-title\"><a href=\"https:\/\/www.languagemagazine.com\/2020\/04\/17\/best-practices-for-the-virtual-classroom\/\">Mejores pr\u00e1cticas para el aula virtual<\/a><\/p>\n<\/li>\n<li><a href=\"https:\/\/www.cvent.com\/en\/blog\/hospitality\/virtual-training\">Capacitaci\u00f3n virtual: 29 consejos para maximizar sus sesiones<\/a><\/li>\n<li>\n<p class=\"page-title\"><a href=\"https:\/\/educegroup.com\/15-tips-delivering-effective-virtual-training\/\">15 consejos para impartir capacitaci\u00f3n virtual eficaz<\/a><\/p>\n<\/li>\n<li><a href=\"https:\/\/www.leadstrat.com\/the-invisible-trainer-effectively-delivering-virtual-training\/\">El capacitador invisible: Impartiendo capacitaci\u00f3n virtual de manera efectiva<\/a><\/li>\n<li>\n<p class=\"entry-title\"><a href=\"https:\/\/www.eventalways.com\/blog\/10-ideas-for-virtual-workshops-that-are-super-creative\/\">10 ideas para talleres virtuales sumamente creativos<\/a><\/p>\n<\/li>\n<li>\n<p class=\"post-title entry-title\"><a href=\"https:\/\/www.uncannyowl.com\/delivering-training-virtual-classrooms\/\">Impartici\u00f3n de capacitaci\u00f3n mediante aulas virtuales<\/a><\/p>\n<\/li>\n<li>\n<p class=\"entry-title\"><a href=\"https:\/\/www.sweetrush.com\/converting-in-person-training-to-effective-virtual-learning-best-practices\/\">Mejores pr\u00e1cticas al convertir la capacitaci\u00f3n presencial en capacitaci\u00f3n virtual<\/a><\/p>\n<\/li>\n<li>\n<p class=\"entry__title\"><a href=\"https:\/\/elearningindustry.com\/virtual-instructor-led-training-what-criteria-lead-to-effective-vilt-delivery\">Capacitaci\u00f3n virtual dirigida por instructor (VILT): \u00bfQu\u00e9 criterios conducen a una impartici\u00f3n VILT eficaz?<\/a><\/p>\n<\/li>\n<li><a href=\"https:\/\/www.caveolearning.com\/blog\/7-ideas-for-interactive-activities-in-your-virtual-training-environment\"><span id=\"hs_cos_wrapper_name\" class=\"hs_cos_wrapper hs_cos_wrapper_meta_field hs_cos_wrapper_type_text\" data-hs-cos-general-type=\"meta_field\" data-hs-cos-type=\"text\">7 ideas para actividades interactivas en su entorno de capacitaci\u00f3n virtual<\/span><\/a><\/li>\n<li>\n<p class=\"entry-title\"><a href=\"https:\/\/unboxedtechnology.com\/how-to-make-virtual-training-platforms-interactive\/\">9 mejores pr\u00e1cticas para la capacitaci\u00f3n virtual en la nueva normalidad<\/a><\/p>\n<\/li>\n<li>\n<p class=\"post--title\"><a href=\"https:\/\/blog.polleverywhere.com\/instructor-led-training-activities\/\">12 actividades de capacitaci\u00f3n dirigidas por instructor para antes, durante y despu\u00e9s de la formaci\u00f3n<\/a><\/p>\n<\/li>\n<li>\n<p class=\"entry__title\"><a href=\"https:\/\/elearningindustry.com\/virtual-instructor-led-training-benefits-corporate-training\">\u00bfC\u00f3mo puede beneficiar la capacitaci\u00f3n virtual dirigida por instructor a la formaci\u00f3n corporativa?<\/a><\/p>\n<\/li>\n<li>\n<p id=\"45f9\" class=\"fp dg fq av cv fr fs ft fu fv fw fx fy fz ga gb gc gd ge gf gg gh gi gj gk gl dz\"><a href=\"https:\/\/maestroconference.medium.com\/12-step-plan-for-effective-engaging-virtual-training-sessions-db0529346e65\">Plan de 12 pasos para sesiones de capacitaci\u00f3n virtual eficaces y atractivas<\/a><\/p>\n<\/li>\n<\/ul>\n","protected":false},"excerpt":{"rendered":"<p>La pandemia de COVID-19 ha creado nuevas oportunidades para que todos nosotros pensemos en nuestro trabajo de maneras novedosas e&#8230;<\/p>\n","protected":false},"author":2,"featured_media":0,"parent":13194,"menu_order":4,"comment_status":"closed","ping_status":"closed","template":"","meta":{"_acf_changed":false,"footnotes":""},"class_list":["post-13217","page","type-page","status-publish","hentry"],"acf":[],"yoast_head":"<!-- This site is optimized with the Yoast SEO plugin v27.2 - https:\/\/yoast.com\/product\/yoast-seo-wordpress\/ -->\n<title>Art\u00edculos de recursos para la formaci\u00f3n virtual - The Nevada Registry<\/title>\n<meta name=\"description\" content=\"La pandemia de COVID-19 ha creado nuevas oportunidades para que todos nosotros pensemos en nuestro trabajo de maneras novedosas e innovadoras. Con los\" \/>\n<meta name=\"robots\" content=\"index, follow, max-snippet:-1, max-image-preview:large, max-video-preview:-1\" \/>\n<link rel=\"canonical\" href=\"https:\/\/www.nevadaregistry.org\/es\/para-formadores\/directrices-y-recursos-para-la-formacion-virtual\/articulos-de-recursos-para-la-formacion-virtual\/\" \/>\n<meta property=\"og:locale\" content=\"es_ES\" \/>\n<meta property=\"og:type\" content=\"article\" \/>\n<meta property=\"og:title\" content=\"Art\u00edculos de recursos para la formaci\u00f3n virtual - The Nevada Registry\" \/>\n<meta property=\"og:description\" content=\"La pandemia de COVID-19 ha creado nuevas oportunidades para que todos nosotros pensemos en nuestro trabajo de maneras novedosas e innovadoras. Con los\" \/>\n<meta property=\"og:url\" content=\"https:\/\/www.nevadaregistry.org\/es\/para-formadores\/directrices-y-recursos-para-la-formacion-virtual\/articulos-de-recursos-para-la-formacion-virtual\/\" \/>\n<meta property=\"og:site_name\" content=\"The Nevada Registry\" \/>\n<meta property=\"article:publisher\" content=\"https:\/\/www.facebook.com\/nevadaregistry\" \/>\n<meta property=\"article:modified_time\" content=\"2025-05-01T21:46:26+00:00\" \/>\n<meta property=\"og:image\" content=\"https:\/\/www.nevadaregistry.org\/wp-content\/uploads\/2020\/10\/NevadaRegistryOGImage.jpg\" \/>\n\t<meta property=\"og:image:width\" content=\"1200\" \/>\n\t<meta property=\"og:image:height\" content=\"630\" \/>\n\t<meta property=\"og:image:type\" content=\"image\/jpeg\" \/>\n<meta name=\"twitter:card\" content=\"summary_large_image\" \/>\n<meta name=\"twitter:label1\" content=\"Tiempo de lectura\" \/>\n\t<meta name=\"twitter:data1\" content=\"2 minutos\" \/>\n<script type=\"application\/ld+json\" class=\"yoast-schema-graph\">{\"@context\":\"https:\/\/schema.org\",\"@graph\":[{\"@type\":\"WebPage\",\"@id\":\"https:\/\/www.nevadaregistry.org\/es\/para-formadores\/directrices-y-recursos-para-la-formacion-virtual\/articulos-de-recursos-para-la-formacion-virtual\/\",\"url\":\"https:\/\/www.nevadaregistry.org\/es\/para-formadores\/directrices-y-recursos-para-la-formacion-virtual\/articulos-de-recursos-para-la-formacion-virtual\/\",\"name\":\"Art\u00edculos de recursos para la formaci\u00f3n virtual - The Nevada Registry\",\"isPartOf\":{\"@id\":\"https:\/\/www.nevadaregistry.org\/es\/#website\"},\"datePublished\":\"2020-12-17T18:24:25+00:00\",\"dateModified\":\"2025-05-01T21:46:26+00:00\",\"description\":\"La pandemia de COVID-19 ha creado nuevas oportunidades para que todos nosotros pensemos en nuestro trabajo de maneras novedosas e innovadoras. Con los\",\"breadcrumb\":{\"@id\":\"https:\/\/www.nevadaregistry.org\/es\/para-formadores\/directrices-y-recursos-para-la-formacion-virtual\/articulos-de-recursos-para-la-formacion-virtual\/#breadcrumb\"},\"inLanguage\":\"es\",\"potentialAction\":[{\"@type\":\"ReadAction\",\"target\":[\"https:\/\/www.nevadaregistry.org\/es\/para-formadores\/directrices-y-recursos-para-la-formacion-virtual\/articulos-de-recursos-para-la-formacion-virtual\/\"]}]},{\"@type\":\"BreadcrumbList\",\"@id\":\"https:\/\/www.nevadaregistry.org\/es\/para-formadores\/directrices-y-recursos-para-la-formacion-virtual\/articulos-de-recursos-para-la-formacion-virtual\/#breadcrumb\",\"itemListElement\":[{\"@type\":\"ListItem\",\"position\":1,\"name\":\"Home\",\"item\":\"https:\/\/www.nevadaregistry.org\/es\/pagina-principal\/\"},{\"@type\":\"ListItem\",\"position\":2,\"name\":\"Directrices y recursos de formaci\u00f3n virtual de The Nevada Registry\",\"item\":\"https:\/\/www.nevadaregistry.org\/es\/para-formadores\/directrices-y-recursos-para-la-formacion-virtual\/\"},{\"@type\":\"ListItem\",\"position\":3,\"name\":\"Art\u00edculos de recursos para la formaci\u00f3n virtual\"}]},{\"@type\":\"WebSite\",\"@id\":\"https:\/\/www.nevadaregistry.org\/es\/#website\",\"url\":\"https:\/\/www.nevadaregistry.org\/es\/\",\"name\":\"The Nevada Registry\",\"description\":\"Workforce data system capturing information about the Early Childhood Education and Care (ECEC) workforce in Nevada.\",\"publisher\":{\"@id\":\"https:\/\/www.nevadaregistry.org\/es\/#organization\"},\"potentialAction\":[{\"@type\":\"SearchAction\",\"target\":{\"@type\":\"EntryPoint\",\"urlTemplate\":\"https:\/\/www.nevadaregistry.org\/es\/?s={search_term_string}\"},\"query-input\":{\"@type\":\"PropertyValueSpecification\",\"valueRequired\":true,\"valueName\":\"search_term_string\"}}],\"inLanguage\":\"es\"},{\"@type\":\"Organization\",\"@id\":\"https:\/\/www.nevadaregistry.org\/es\/#organization\",\"name\":\"El Nevada Registry\",\"url\":\"https:\/\/www.nevadaregistry.org\/es\/\",\"logo\":{\"@type\":\"ImageObject\",\"inLanguage\":\"es\",\"@id\":\"https:\/\/www.nevadaregistry.org\/es\/#\/schema\/logo\/image\/\",\"url\":\"https:\/\/www.nevadaregistry.org\/wp-content\/uploads\/2020\/10\/tnr-logo-purple-copy.jpg\",\"contentUrl\":\"https:\/\/www.nevadaregistry.org\/wp-content\/uploads\/2020\/10\/tnr-logo-purple-copy.jpg\",\"width\":\"900\",\"height\":\"562\",\"caption\":\"El Nevada Registry\"},\"image\":{\"@id\":\"https:\/\/www.nevadaregistry.org\/es\/#\/schema\/logo\/image\/\"},\"sameAs\":[\"https:\/\/www.facebook.com\/nevadaregistry\"]}]}<\/script>\n<!-- \/ Yoast SEO plugin. -->","yoast_head_json":{"title":"Art\u00edculos de recursos para la formaci\u00f3n virtual - The Nevada Registry","description":"La pandemia de COVID-19 ha creado nuevas oportunidades para que todos nosotros pensemos en nuestro trabajo de maneras novedosas e innovadoras. Con los","robots":{"index":"index","follow":"follow","max-snippet":"max-snippet:-1","max-image-preview":"max-image-preview:large","max-video-preview":"max-video-preview:-1"},"canonical":"https:\/\/www.nevadaregistry.org\/es\/para-formadores\/directrices-y-recursos-para-la-formacion-virtual\/articulos-de-recursos-para-la-formacion-virtual\/","og_locale":"es_ES","og_type":"article","og_title":"Art\u00edculos de recursos para la formaci\u00f3n virtual - The Nevada Registry","og_description":"La pandemia de COVID-19 ha creado nuevas oportunidades para que todos nosotros pensemos en nuestro trabajo de maneras novedosas e innovadoras. Con los","og_url":"https:\/\/www.nevadaregistry.org\/es\/para-formadores\/directrices-y-recursos-para-la-formacion-virtual\/articulos-de-recursos-para-la-formacion-virtual\/","og_site_name":"The Nevada Registry","article_publisher":"https:\/\/www.facebook.com\/nevadaregistry","article_modified_time":"2025-05-01T21:46:26+00:00","og_image":[{"width":1200,"height":630,"url":"https:\/\/www.nevadaregistry.org\/wp-content\/uploads\/2020\/10\/NevadaRegistryOGImage.jpg","type":"image\/jpeg"}],"twitter_card":"summary_large_image","twitter_misc":{"Tiempo de lectura":"2 minutos"},"schema":{"@context":"https:\/\/schema.org","@graph":[{"@type":"WebPage","@id":"https:\/\/www.nevadaregistry.org\/es\/para-formadores\/directrices-y-recursos-para-la-formacion-virtual\/articulos-de-recursos-para-la-formacion-virtual\/","url":"https:\/\/www.nevadaregistry.org\/es\/para-formadores\/directrices-y-recursos-para-la-formacion-virtual\/articulos-de-recursos-para-la-formacion-virtual\/","name":"Art\u00edculos de recursos para la formaci\u00f3n virtual - The Nevada Registry","isPartOf":{"@id":"https:\/\/www.nevadaregistry.org\/es\/#website"},"datePublished":"2020-12-17T18:24:25+00:00","dateModified":"2025-05-01T21:46:26+00:00","description":"La pandemia de COVID-19 ha creado nuevas oportunidades para que todos nosotros pensemos en nuestro trabajo de maneras novedosas e innovadoras. Con los","breadcrumb":{"@id":"https:\/\/www.nevadaregistry.org\/es\/para-formadores\/directrices-y-recursos-para-la-formacion-virtual\/articulos-de-recursos-para-la-formacion-virtual\/#breadcrumb"},"inLanguage":"es","potentialAction":[{"@type":"ReadAction","target":["https:\/\/www.nevadaregistry.org\/es\/para-formadores\/directrices-y-recursos-para-la-formacion-virtual\/articulos-de-recursos-para-la-formacion-virtual\/"]}]},{"@type":"BreadcrumbList","@id":"https:\/\/www.nevadaregistry.org\/es\/para-formadores\/directrices-y-recursos-para-la-formacion-virtual\/articulos-de-recursos-para-la-formacion-virtual\/#breadcrumb","itemListElement":[{"@type":"ListItem","position":1,"name":"Home","item":"https:\/\/www.nevadaregistry.org\/es\/pagina-principal\/"},{"@type":"ListItem","position":2,"name":"Directrices y recursos de formaci\u00f3n virtual de The Nevada Registry","item":"https:\/\/www.nevadaregistry.org\/es\/para-formadores\/directrices-y-recursos-para-la-formacion-virtual\/"},{"@type":"ListItem","position":3,"name":"Art\u00edculos de recursos para la formaci\u00f3n virtual"}]},{"@type":"WebSite","@id":"https:\/\/www.nevadaregistry.org\/es\/#website","url":"https:\/\/www.nevadaregistry.org\/es\/","name":"The Nevada Registry","description":"Workforce data system capturing information about the Early Childhood Education and Care (ECEC) workforce in Nevada.","publisher":{"@id":"https:\/\/www.nevadaregistry.org\/es\/#organization"},"potentialAction":[{"@type":"SearchAction","target":{"@type":"EntryPoint","urlTemplate":"https:\/\/www.nevadaregistry.org\/es\/?s={search_term_string}"},"query-input":{"@type":"PropertyValueSpecification","valueRequired":true,"valueName":"search_term_string"}}],"inLanguage":"es"},{"@type":"Organization","@id":"https:\/\/www.nevadaregistry.org\/es\/#organization","name":"El Nevada Registry","url":"https:\/\/www.nevadaregistry.org\/es\/","logo":{"@type":"ImageObject","inLanguage":"es","@id":"https:\/\/www.nevadaregistry.org\/es\/#\/schema\/logo\/image\/","url":"https:\/\/www.nevadaregistry.org\/wp-content\/uploads\/2020\/10\/tnr-logo-purple-copy.jpg","contentUrl":"https:\/\/www.nevadaregistry.org\/wp-content\/uploads\/2020\/10\/tnr-logo-purple-copy.jpg","width":"900","height":"562","caption":"El Nevada Registry"},"image":{"@id":"https:\/\/www.nevadaregistry.org\/es\/#\/schema\/logo\/image\/"},"sameAs":["https:\/\/www.facebook.com\/nevadaregistry"]}]}},"_links":{"self":[{"href":"https:\/\/www.nevadaregistry.org\/es\/wp-json\/wp\/v2\/pages\/13217","targetHints":{"allow":["GET"]}}],"collection":[{"href":"https:\/\/www.nevadaregistry.org\/es\/wp-json\/wp\/v2\/pages"}],"about":[{"href":"https:\/\/www.nevadaregistry.org\/es\/wp-json\/wp\/v2\/types\/page"}],"author":[{"embeddable":true,"href":"https:\/\/www.nevadaregistry.org\/es\/wp-json\/wp\/v2\/users\/2"}],"replies":[{"embeddable":true,"href":"https:\/\/www.nevadaregistry.org\/es\/wp-json\/wp\/v2\/comments?post=13217"}],"version-history":[{"count":1,"href":"https:\/\/www.nevadaregistry.org\/es\/wp-json\/wp\/v2\/pages\/13217\/revisions"}],"predecessor-version":[{"id":13218,"href":"https:\/\/www.nevadaregistry.org\/es\/wp-json\/wp\/v2\/pages\/13217\/revisions\/13218"}],"up":[{"embeddable":true,"href":"https:\/\/www.nevadaregistry.org\/es\/wp-json\/wp\/v2\/pages\/13194"}],"wp:attachment":[{"href":"https:\/\/www.nevadaregistry.org\/es\/wp-json\/wp\/v2\/media?parent=13217"}],"curies":[{"name":"wp","href":"https:\/\/api.w.org\/{rel}","templated":true}]}}