{"id":13219,"date":"2020-10-09T11:00:34","date_gmt":"2020-10-09T18:00:34","guid":{"rendered":"https:\/\/www.nevadaregistry.org\/que-es-el-ged\/"},"modified":"2025-05-01T14:46:57","modified_gmt":"2025-05-01T21:46:57","slug":"que-es-el-ged","status":"publish","type":"page","link":"https:\/\/www.nevadaregistry.org\/es\/recursos-de-ece\/recursos-educativos\/que-es-el-ged\/","title":{"rendered":"\u00bfQu\u00e9 es el GED?"},"content":{"rendered":"<div id=\"hidbg\">\n<div id=\"owrap\">\n<div id=\"wrap\">\n<div id=\"content\">\n<p>GED es el acr\u00f3nimo de Desarrollo Educativo General. Al completar y aprobar los ex\u00e1menes del GED, usted recibir\u00e1 un Certificado de Equivalencia de Educaci\u00f3n Secundaria. El 97% de las instituciones de educaci\u00f3n superior y el 95% de los empleadores informan que aceptan el GED como equivalente a un diploma de escuela secundaria. Para ser elegible para tomar el GED de Nevada, debe ser residente de Nevada y tener 18 a\u00f1os de edad (o 17 a\u00f1os con permiso escrito de un tutor legal y debe tener verificaci\u00f3n de retiro de la escuela secundaria).   <\/p>\n<p>Existen varios centros de ex\u00e1menes GED en todo el estado. P\u00f3ngase en contacto con el centro de ex\u00e1menes donde planea tomar la prueba para obtener informaci\u00f3n sobre fechas y horarios. <\/p>\n<p><a href=\"http:\/\/www.doe.nv.gov\/uploadedFiles\/ndedoenvgov\/content\/Adult_Education\/HSE\/High-School-Equivalency-Test-Centers-in-Nevada.pdf\">Centros de Ex\u00e1menes GED en Nevada<\/a><\/p>\n<p>Para obtener m\u00e1s informaci\u00f3n sobre los programas de preparaci\u00f3n para el GED, visite uno de los siguientes enlaces:<\/p>\n<ul>\n<li><a href=\"https:\/\/www.csn.edu\/\">College of Southern Nevada<\/a><\/li>\n<li><a href=\"https:\/\/www.gbcnv.edu\/\">Great Basin College<\/a><\/li>\n<li><a href=\"http:\/\/www.tmcc.edu\/\">Truckee Meadows Community College<\/a><\/li>\n<li><a href=\"https:\/\/www.wnc.edu\/\">Western Nevada College<\/a><\/li>\n<\/ul>\n<\/div>\n<\/div>\n<\/div>\n<\/div>\n","protected":false},"excerpt":{"rendered":"<p>GED es el acr\u00f3nimo de Desarrollo Educativo General. Al completar y aprobar los ex\u00e1menes del GED, usted recibir\u00e1 un Certificado&#8230;<\/p>\n","protected":false},"author":2,"featured_media":0,"parent":13239,"menu_order":0,"comment_status":"closed","ping_status":"closed","template":"","meta":{"_acf_changed":false,"footnotes":""},"class_list":["post-13219","page","type-page","status-publish","hentry"],"acf":[],"yoast_head":"<!-- This site is optimized with the Yoast SEO plugin v27.2 - https:\/\/yoast.com\/product\/yoast-seo-wordpress\/ -->\n<title>\u00bfQu\u00e9 es el GED? - The Nevada Registry<\/title>\n<meta name=\"description\" content=\"GED es el acr\u00f3nimo de Desarrollo Educativo General. Al completar y aprobar los ex\u00e1menes del GED, usted recibir\u00e1 un Certificado de Equivalencia de\" \/>\n<meta name=\"robots\" content=\"index, follow, max-snippet:-1, max-image-preview:large, max-video-preview:-1\" \/>\n<link rel=\"canonical\" href=\"https:\/\/www.nevadaregistry.org\/es\/recursos-de-ece\/recursos-educativos\/que-es-el-ged\/\" \/>\n<meta property=\"og:locale\" content=\"es_ES\" \/>\n<meta property=\"og:type\" content=\"article\" \/>\n<meta property=\"og:title\" content=\"\u00bfQu\u00e9 es el GED? - The Nevada Registry\" \/>\n<meta property=\"og:description\" content=\"GED es el acr\u00f3nimo de Desarrollo Educativo General. Al completar y aprobar los ex\u00e1menes del GED, usted recibir\u00e1 un Certificado de Equivalencia de\" \/>\n<meta property=\"og:url\" content=\"https:\/\/www.nevadaregistry.org\/es\/recursos-de-ece\/recursos-educativos\/que-es-el-ged\/\" \/>\n<meta property=\"og:site_name\" content=\"The Nevada Registry\" \/>\n<meta property=\"article:publisher\" content=\"https:\/\/www.facebook.com\/nevadaregistry\" \/>\n<meta property=\"article:modified_time\" content=\"2025-05-01T21:46:57+00:00\" \/>\n<meta property=\"og:image\" content=\"https:\/\/www.nevadaregistry.org\/wp-content\/uploads\/2020\/10\/NevadaRegistryOGImage.jpg\" \/>\n\t<meta property=\"og:image:width\" content=\"1200\" \/>\n\t<meta property=\"og:image:height\" content=\"630\" \/>\n\t<meta property=\"og:image:type\" content=\"image\/jpeg\" \/>\n<meta name=\"twitter:card\" content=\"summary_large_image\" \/>\n<meta name=\"twitter:label1\" content=\"Tiempo de lectura\" \/>\n\t<meta name=\"twitter:data1\" content=\"1 minuto\" \/>\n<script type=\"application\/ld+json\" class=\"yoast-schema-graph\">{\"@context\":\"https:\/\/schema.org\",\"@graph\":[{\"@type\":\"WebPage\",\"@id\":\"https:\/\/www.nevadaregistry.org\/es\/recursos-de-ece\/recursos-educativos\/que-es-el-ged\/\",\"url\":\"https:\/\/www.nevadaregistry.org\/es\/recursos-de-ece\/recursos-educativos\/que-es-el-ged\/\",\"name\":\"\u00bfQu\u00e9 es el GED? - The Nevada Registry\",\"isPartOf\":{\"@id\":\"https:\/\/www.nevadaregistry.org\/es\/#website\"},\"datePublished\":\"2020-10-09T18:00:34+00:00\",\"dateModified\":\"2025-05-01T21:46:57+00:00\",\"description\":\"GED es el acr\u00f3nimo de Desarrollo Educativo General. Al completar y aprobar los ex\u00e1menes del GED, usted recibir\u00e1 un Certificado de Equivalencia de\",\"breadcrumb\":{\"@id\":\"https:\/\/www.nevadaregistry.org\/es\/recursos-de-ece\/recursos-educativos\/que-es-el-ged\/#breadcrumb\"},\"inLanguage\":\"es\",\"potentialAction\":[{\"@type\":\"ReadAction\",\"target\":[\"https:\/\/www.nevadaregistry.org\/es\/recursos-de-ece\/recursos-educativos\/que-es-el-ged\/\"]}]},{\"@type\":\"BreadcrumbList\",\"@id\":\"https:\/\/www.nevadaregistry.org\/es\/recursos-de-ece\/recursos-educativos\/que-es-el-ged\/#breadcrumb\",\"itemListElement\":[{\"@type\":\"ListItem\",\"position\":1,\"name\":\"Home\",\"item\":\"https:\/\/www.nevadaregistry.org\/es\/pagina-principal\/\"},{\"@type\":\"ListItem\",\"position\":2,\"name\":\"Recursos educativos\",\"item\":\"https:\/\/www.nevadaregistry.org\/es\/recursos-de-ece\/recursos-educativos\/\"},{\"@type\":\"ListItem\",\"position\":3,\"name\":\"\u00bfQu\u00e9 es el GED?\"}]},{\"@type\":\"WebSite\",\"@id\":\"https:\/\/www.nevadaregistry.org\/es\/#website\",\"url\":\"https:\/\/www.nevadaregistry.org\/es\/\",\"name\":\"The Nevada Registry\",\"description\":\"Workforce data system capturing information about the Early Childhood Education and Care (ECEC) workforce in Nevada.\",\"publisher\":{\"@id\":\"https:\/\/www.nevadaregistry.org\/es\/#organization\"},\"potentialAction\":[{\"@type\":\"SearchAction\",\"target\":{\"@type\":\"EntryPoint\",\"urlTemplate\":\"https:\/\/www.nevadaregistry.org\/es\/?s={search_term_string}\"},\"query-input\":{\"@type\":\"PropertyValueSpecification\",\"valueRequired\":true,\"valueName\":\"search_term_string\"}}],\"inLanguage\":\"es\"},{\"@type\":\"Organization\",\"@id\":\"https:\/\/www.nevadaregistry.org\/es\/#organization\",\"name\":\"El Nevada Registry\",\"url\":\"https:\/\/www.nevadaregistry.org\/es\/\",\"logo\":{\"@type\":\"ImageObject\",\"inLanguage\":\"es\",\"@id\":\"https:\/\/www.nevadaregistry.org\/es\/#\/schema\/logo\/image\/\",\"url\":\"https:\/\/www.nevadaregistry.org\/wp-content\/uploads\/2020\/10\/tnr-logo-purple-copy.jpg\",\"contentUrl\":\"https:\/\/www.nevadaregistry.org\/wp-content\/uploads\/2020\/10\/tnr-logo-purple-copy.jpg\",\"width\":\"900\",\"height\":\"562\",\"caption\":\"El Nevada Registry\"},\"image\":{\"@id\":\"https:\/\/www.nevadaregistry.org\/es\/#\/schema\/logo\/image\/\"},\"sameAs\":[\"https:\/\/www.facebook.com\/nevadaregistry\"]}]}<\/script>\n<!-- \/ Yoast SEO plugin. -->","yoast_head_json":{"title":"\u00bfQu\u00e9 es el GED? - The Nevada Registry","description":"GED es el acr\u00f3nimo de Desarrollo Educativo General. Al completar y aprobar los ex\u00e1menes del GED, usted recibir\u00e1 un Certificado de Equivalencia de","robots":{"index":"index","follow":"follow","max-snippet":"max-snippet:-1","max-image-preview":"max-image-preview:large","max-video-preview":"max-video-preview:-1"},"canonical":"https:\/\/www.nevadaregistry.org\/es\/recursos-de-ece\/recursos-educativos\/que-es-el-ged\/","og_locale":"es_ES","og_type":"article","og_title":"\u00bfQu\u00e9 es el GED? - The Nevada Registry","og_description":"GED es el acr\u00f3nimo de Desarrollo Educativo General. Al completar y aprobar los ex\u00e1menes del GED, usted recibir\u00e1 un Certificado de Equivalencia de","og_url":"https:\/\/www.nevadaregistry.org\/es\/recursos-de-ece\/recursos-educativos\/que-es-el-ged\/","og_site_name":"The Nevada Registry","article_publisher":"https:\/\/www.facebook.com\/nevadaregistry","article_modified_time":"2025-05-01T21:46:57+00:00","og_image":[{"width":1200,"height":630,"url":"https:\/\/www.nevadaregistry.org\/wp-content\/uploads\/2020\/10\/NevadaRegistryOGImage.jpg","type":"image\/jpeg"}],"twitter_card":"summary_large_image","twitter_misc":{"Tiempo de lectura":"1 minuto"},"schema":{"@context":"https:\/\/schema.org","@graph":[{"@type":"WebPage","@id":"https:\/\/www.nevadaregistry.org\/es\/recursos-de-ece\/recursos-educativos\/que-es-el-ged\/","url":"https:\/\/www.nevadaregistry.org\/es\/recursos-de-ece\/recursos-educativos\/que-es-el-ged\/","name":"\u00bfQu\u00e9 es el GED? - The Nevada Registry","isPartOf":{"@id":"https:\/\/www.nevadaregistry.org\/es\/#website"},"datePublished":"2020-10-09T18:00:34+00:00","dateModified":"2025-05-01T21:46:57+00:00","description":"GED es el acr\u00f3nimo de Desarrollo Educativo General. Al completar y aprobar los ex\u00e1menes del GED, usted recibir\u00e1 un Certificado de Equivalencia de","breadcrumb":{"@id":"https:\/\/www.nevadaregistry.org\/es\/recursos-de-ece\/recursos-educativos\/que-es-el-ged\/#breadcrumb"},"inLanguage":"es","potentialAction":[{"@type":"ReadAction","target":["https:\/\/www.nevadaregistry.org\/es\/recursos-de-ece\/recursos-educativos\/que-es-el-ged\/"]}]},{"@type":"BreadcrumbList","@id":"https:\/\/www.nevadaregistry.org\/es\/recursos-de-ece\/recursos-educativos\/que-es-el-ged\/#breadcrumb","itemListElement":[{"@type":"ListItem","position":1,"name":"Home","item":"https:\/\/www.nevadaregistry.org\/es\/pagina-principal\/"},{"@type":"ListItem","position":2,"name":"Recursos educativos","item":"https:\/\/www.nevadaregistry.org\/es\/recursos-de-ece\/recursos-educativos\/"},{"@type":"ListItem","position":3,"name":"\u00bfQu\u00e9 es el GED?"}]},{"@type":"WebSite","@id":"https:\/\/www.nevadaregistry.org\/es\/#website","url":"https:\/\/www.nevadaregistry.org\/es\/","name":"The Nevada Registry","description":"Workforce data system capturing information about the Early Childhood Education and Care (ECEC) workforce in Nevada.","publisher":{"@id":"https:\/\/www.nevadaregistry.org\/es\/#organization"},"potentialAction":[{"@type":"SearchAction","target":{"@type":"EntryPoint","urlTemplate":"https:\/\/www.nevadaregistry.org\/es\/?s={search_term_string}"},"query-input":{"@type":"PropertyValueSpecification","valueRequired":true,"valueName":"search_term_string"}}],"inLanguage":"es"},{"@type":"Organization","@id":"https:\/\/www.nevadaregistry.org\/es\/#organization","name":"El Nevada Registry","url":"https:\/\/www.nevadaregistry.org\/es\/","logo":{"@type":"ImageObject","inLanguage":"es","@id":"https:\/\/www.nevadaregistry.org\/es\/#\/schema\/logo\/image\/","url":"https:\/\/www.nevadaregistry.org\/wp-content\/uploads\/2020\/10\/tnr-logo-purple-copy.jpg","contentUrl":"https:\/\/www.nevadaregistry.org\/wp-content\/uploads\/2020\/10\/tnr-logo-purple-copy.jpg","width":"900","height":"562","caption":"El Nevada Registry"},"image":{"@id":"https:\/\/www.nevadaregistry.org\/es\/#\/schema\/logo\/image\/"},"sameAs":["https:\/\/www.facebook.com\/nevadaregistry"]}]}},"_links":{"self":[{"href":"https:\/\/www.nevadaregistry.org\/es\/wp-json\/wp\/v2\/pages\/13219","targetHints":{"allow":["GET"]}}],"collection":[{"href":"https:\/\/www.nevadaregistry.org\/es\/wp-json\/wp\/v2\/pages"}],"about":[{"href":"https:\/\/www.nevadaregistry.org\/es\/wp-json\/wp\/v2\/types\/page"}],"author":[{"embeddable":true,"href":"https:\/\/www.nevadaregistry.org\/es\/wp-json\/wp\/v2\/users\/2"}],"replies":[{"embeddable":true,"href":"https:\/\/www.nevadaregistry.org\/es\/wp-json\/wp\/v2\/comments?post=13219"}],"version-history":[{"count":1,"href":"https:\/\/www.nevadaregistry.org\/es\/wp-json\/wp\/v2\/pages\/13219\/revisions"}],"predecessor-version":[{"id":13220,"href":"https:\/\/www.nevadaregistry.org\/es\/wp-json\/wp\/v2\/pages\/13219\/revisions\/13220"}],"up":[{"embeddable":true,"href":"https:\/\/www.nevadaregistry.org\/es\/wp-json\/wp\/v2\/pages\/13239"}],"wp:attachment":[{"href":"https:\/\/www.nevadaregistry.org\/es\/wp-json\/wp\/v2\/media?parent=13219"}],"curies":[{"name":"wp","href":"https:\/\/api.w.org\/{rel}","templated":true}]}}