{"id":13221,"date":"2020-10-18T11:56:09","date_gmt":"2020-10-18T18:56:09","guid":{"rendered":"https:\/\/www.nevadaregistry.org\/estadisticas-del-programa-2020\/datos-del-segundo-trimestre-de-2020-membresia\/"},"modified":"2026-03-04T15:56:31","modified_gmt":"2026-03-04T23:56:31","slug":"datos-del-segundo-trimestre-de-2020-membresia","status":"publish","type":"page","link":"https:\/\/www.nevadaregistry.org\/es\/estadisticas-del-programa-2020\/datos-del-segundo-trimestre-de-2020-membresia\/","title":{"rendered":"Datos del segundo trimestre de 2020 &#8211; Membres\u00eda"},"content":{"rendered":"<h3>A fecha de 30 de junio de 2020<\/h3>\n<h2 id=\"e3d8ffa\" class=\"intro-text__heading\">Participaci\u00f3n en Membres\u00eda\/Escalaf\u00f3n Profesional<\/h2>\n<h3>7.132 miembros activos<\/h3>\n<ul>\n<li>248 NUEVOS miembros durante este trimestre<\/li>\n<li>1.156 miembros que REGRESAN (renuevan) durante este trimestre<\/li>\n<\/ul>\n<h2 id=\"dc37c21\">Miembros actuales por nivel<\/h2>\n<p>Los niveles 1-3 (incluido el nivel previo*) son los niveles de la escala que no requieren titulaci\u00f3n. Sin embargo, algunos miembros que se encuentran en estos niveles poseen un t\u00edtulo de Grado Asociado (AA) o superior en otro campo, pero tienen menos de 30 cr\u00e9ditos ECE (o no cumplen otros criterios de cualificaci\u00f3n**) necesarios para acceder a un nivel de la escala que s\u00ed requiere titulaci\u00f3n (niveles 4-7). El n\u00famero de miembros en cada nivel de la escala con un t\u00edtulo no relacionado con ECE se incluye en la \u00faltima columna de la siguiente tabla.  <\/p>\n\n<table id=\"tablepress-17\" class=\"tablepress tablepress-id-17\">\n<thead>\n<tr class=\"row-1\">\n\t<th class=\"column-1\">Career Ladder Level<\/th><th class=\"column-2\">Number Within Each Level<\/th><th class=\"column-3\">Percentage of Total Membership<\/th><th class=\"column-4\">Members at Level with a Non-ECE Degree<\/th>\n<\/tr>\n<\/thead>\n<tbody>\n<tr class=\"row-2\">\n\t<td class=\"column-1\">Review\/In Process - Level TBD<\/td><td class=\"column-2\">12<\/td><td class=\"column-3\">0.17%<\/td><td class=\"column-4\">1<\/td>\n<\/tr>\n<tr class=\"row-3\">\n\t<td class=\"column-1\">Certificate of Participation\/Pre-Level*<\/td><td class=\"column-2\">1135<\/td><td class=\"column-3\">15.91%<\/td><td class=\"column-4\">46<\/td>\n<\/tr>\n<tr class=\"row-4\">\n\t<td class=\"column-1\">Level 1<br \/>\n<\/td><td class=\"column-2\">3460<\/td><td class=\"column-3\">48.51%<\/td><td class=\"column-4\">216<\/td>\n<\/tr>\n<tr class=\"row-5\">\n\t<td class=\"column-1\">Level 2<\/td><td class=\"column-2\">1334<\/td><td class=\"column-3\">18.7%<\/td><td class=\"column-4\">319<br \/>\n<\/td>\n<\/tr>\n<tr class=\"row-6\">\n\t<td class=\"column-1\">Level 3<\/td><td class=\"column-2\">330<\/td><td class=\"column-3\">4.63%<\/td><td class=\"column-4\">34<\/td>\n<\/tr>\n<tr class=\"row-7\">\n\t<td class=\"column-1\">Level 4<\/td><td class=\"column-2\">261<\/td><td class=\"column-3\">3.66%<\/td><td class=\"column-4\">29<\/td>\n<\/tr>\n<tr class=\"row-8\">\n\t<td class=\"column-1\">Level 5<\/td><td class=\"column-2\">434<\/td><td class=\"column-3\">6.09%<\/td><td class=\"column-4\">103<\/td>\n<\/tr>\n<tr class=\"row-9\">\n\t<td class=\"column-1\">Level 6<\/td><td class=\"column-2\">150<\/td><td class=\"column-3\">2.1%<\/td><td class=\"column-4\">85<\/td>\n<\/tr>\n<tr class=\"row-10\">\n\t<td class=\"column-1\">Level 7<\/td><td class=\"column-2\">16<\/td><td class=\"column-3\">0.22%<\/td><td class=\"column-4\">11<\/td>\n<\/tr>\n<\/tbody>\n<\/table>\n<!-- #tablepress-17 from cache -->\n<h6><em>*Las personas en este nivel han solicitado la colocaci\u00f3n en la Escala Profesional y son miembros activos, pero a\u00fan no han acumulado las 1000 horas de experiencia directa en el campo de ECE necesarias para acceder a un nivel.<\/em><\/h6>\n<ul>\n<li>Cambio en el total de membres\u00eda durante este trimestre: -201 <em>(El descenso de la membres\u00eda est\u00e1 directamente relacionado con el n\u00famero de programas de cuidado infantil que cerraron como consecuencia del COVID-19).<\/em><\/li>\n<li>Cambio en el n\u00famero de miembros con un t\u00edtulo ajeno a la ECE durante este trimestre: +7<\/li>\n<\/ul>\n<h2 id=\"tablepress-20-name\" class=\"tablepress-table-name tablepress-table-name-id-20\">Breakdown of Membership<\/h2>\n\n<table id=\"tablepress-20\" class=\"tablepress tablepress-id-20\" aria-labelledby=\"tablepress-20-name\">\n<tbody class=\"row-striping row-hover\">\n<tr class=\"row-1\">\n\t<td class=\"column-1\">Total percentage of members with less than 1000 hours of direct service (regardless of education and training):<\/td><td class=\"column-2\">16%<\/td>\n<\/tr>\n<tr class=\"row-2\">\n\t<td class=\"column-1\">Total percentage of members WITHOUT an ECE degree or other qualifying criteria to place at degreed level (Level 1- Level 3):<\/td><td class=\"column-2\">72%<\/td>\n<\/tr>\n<tr class=\"row-3\">\n\t<td class=\"column-1\">Total percentage of members WITH an ECE degree or Non-ECE degree with other qualifying criteria** (Level 4 \u2013 Level 7):<\/td><td class=\"column-2\">12%<\/td>\n<\/tr>\n<\/tbody>\n<\/table>\n<!-- #tablepress-20 from cache -->\n<h6><em>**Otros criterios de cualificaci\u00f3n se definen como 30 o m\u00e1s cr\u00e9ditos ECE, una acreditaci\u00f3n ECE emitida por el Departamento de Educaci\u00f3n o un diploma Montessori obtenido a trav\u00e9s de un programa acreditado combinado con un t\u00edtulo formal de Grado Asociado (AA) o superior.<\/em><\/h6>\n<div id=\"hidbg\">\n<div id=\"owrap\">\n<div id=\"wrap\">\n<div id=\"content\">\n<h2>Un vistazo m\u00e1s de cerca a los niveles de la Escala Profesional<\/h2>\n<\/div>\n<\/div>\n<\/div>\n<\/div>\n<div id=\"hidbg\">\n<div id=\"owrap\">\n<div id=\"wrap\">\n<div id=\"content\">\n<ul>\n<li>El 21% de todos los miembros activos tiene un t\u00edtulo de asociado o superior (en cualquier campo de estudio).<br \/>\nDe este porcentaje:<br \/>\nel 43% tiene un t\u00edtulo en ECE<br \/>\nel 57% tiene un t\u00edtulo ajeno a la ECE<\/li>\n<li>Del 57% de los miembros con un t\u00edtulo ajeno a la ECE:<br \/>\nel 73% se sit\u00faa en los niveles 1-3 (incluyendo el Certificado de Participaci\u00f3n\/Pre-Nivel)<br \/>\nel 27% se sit\u00faa en los niveles 4-7<\/li>\n<li>El 10% de todos los miembros que se encuentran en los niveles 1-3 (incluido el Certificado de Participaci\u00f3n\/Nivel Previo) tienen un t\u00edtulo no relacionado con ECE, pero menos de 30 cr\u00e9ditos ECE (u otros criterios de cualificaci\u00f3n) necesarios para acceder a los niveles de la escala que requieren titulaci\u00f3n (niveles 4-7).<\/li>\n<li>El 74% de todos los miembros ubicados en los niveles 4 &#8211; 7 tienen un t\u00edtulo en ECE. El 26% tiene un t\u00edtulo no relacionado con ECE con otros criterios de calificaci\u00f3n. <\/li>\n<li>El 15% de todos los miembros sin ning\u00fan tipo de t\u00edtulo <strong>registrado<\/strong> ha completado uno o m\u00e1s cr\u00e9ditos universitarios de ECE (12% de todos los miembros). El 24% de los que han completado <em>algunos<\/em> estudios universitarios ha completado 20 cr\u00e9ditos de ECE o m\u00e1s. <\/li>\n<li>El 68% de TODOS los miembros tienen cero cr\u00e9ditos universitarios de ECE <strong>registrados\/documentados<\/strong>*.<\/li>\n<\/ul>\n<h6><em>*Los miembros se clasifican en niveles seg\u00fan la documentaci\u00f3n proporcionada a The Nevada Registry. Aunque es dif\u00edcil determinar el porcentaje real, se sabe que varios miembros han presentado solo lo necesario para cumplir con la Licencia de Cuidado Infantil (junto con la participaci\u00f3n obligatoria), no lo que se necesita para acceder al nivel acorde con sus cursos universitarios\/t\u00edtulos completados en ECE. Como resultado, no debe asumirse que los miembros con cero cr\u00e9ditos universitarios de ECE registrados\/documentados no poseen educaci\u00f3n formal m\u00e1s all\u00e1 de un diploma de escuela secundaria o que los miembros en los niveles 1-3 (incluido el nivel previo) no poseen t\u00edtulos de educaci\u00f3n superior.  <\/em><\/h6>\n<\/div>\n<\/div>\n<\/div>\n<\/div>\n<h2 class=\"tablepress-table-name tablepress-table-name-id-3\">Aumentos de nivel en la Escala Profesional<\/h2>\n<div id=\"hidbg\">\n<div id=\"owrap\">\n<div id=\"wrap\">\n<div id=\"content\">\n<p>El 16% de los miembros que renovaron su membres\u00eda durante este trimestre experimentaron un aumento de nivel en la Escala Profesional.<\/p>\n\n<table id=\"tablepress-26\" class=\"tablepress tablepress-id-26\">\n<thead>\n<tr class=\"row-1\">\n\t<th class=\"column-1\">Number of Members<\/th><th class=\"column-2\">Level Change<\/th>\n<\/tr>\n<\/thead>\n<tbody class=\"row-striping row-hover\">\n<tr class=\"row-2\">\n\t<td class=\"column-1\">15<\/td><td class=\"column-2\">Completion of a formal degree in ECE and\/or other qualifying criteria.<\/td>\n<\/tr>\n<tr class=\"row-3\">\n\t<td class=\"column-1\">108<\/td><td class=\"column-2\">Accumulated the 1000 hours of direct service needed to place on the ladder.<\/td>\n<\/tr>\n<tr class=\"row-4\">\n\t<td class=\"column-1\">27<\/td><td class=\"column-2\">Within the same level (i.e., Level 1.1 to 1.2, 4.1 to 4.2, etc.)<\/td>\n<\/tr>\n<tr class=\"row-5\">\n\t<td class=\"column-1\">25<\/td><td class=\"column-2\">Level 1 to Level 2<\/td>\n<\/tr>\n<tr class=\"row-6\">\n\t<td class=\"column-1\">1<\/td><td class=\"column-2\">Level 1 to Level 3<\/td>\n<\/tr>\n<tr class=\"row-7\">\n\t<td class=\"column-1\">8<\/td><td class=\"column-2\">Level 2 to Level 3<\/td>\n<\/tr>\n<\/tbody>\n<\/table>\n<!-- #tablepress-26 from cache -->\n<\/div>\n<\/div>\n<\/div>\n<\/div>\n<h2 class=\"tablepress-table-name tablepress-table-name-id-3\">Miembros actuales por tipo\/clasificaci\u00f3n de puesto<\/h2>\n\n<table id=\"tablepress-16\" class=\"tablepress tablepress-id-16\">\n<thead>\n<tr class=\"row-1\">\n\t<th class=\"column-1\">Job Type\/Classification<\/th><th class=\"column-2\">Percentage of Total<\/th>\n<\/tr>\n<\/thead>\n<tbody class=\"row-striping row-hover\">\n<tr class=\"row-2\">\n\t<td class=\"column-1\">Direct Service<br \/>\n(Director, Lead\/Asst. Teacher, <br \/>\nFamily Home Care Provider, etc.)<\/td><td class=\"column-2\">89%<\/td>\n<\/tr>\n<tr class=\"row-3\">\n\t<td class=\"column-1\">Indirect Service<br \/>\n(Early Childhood Trainer, Program Administrator, Higher Education Faculty, etc.)<\/td><td class=\"column-2\">3%<\/td>\n<\/tr>\n<tr class=\"row-4\">\n\t<td class=\"column-1\">Other<br \/>\n(Unemployed, Student, Not Working in ECE, etc.)<\/td><td class=\"column-2\">8%<\/td>\n<\/tr>\n<\/tbody>\n<\/table>\n<!-- #tablepress-16 from cache -->\n<h2 class=\"tablepress-table-name tablepress-table-name-id-3\">Miembros actuales por condado<\/h2>\n\n<table id=\"tablepress-28\" class=\"tablepress tablepress-id-28\">\n<thead>\n<tr class=\"row-1\">\n\t<th class=\"column-1\">County<\/th><th class=\"column-2\">% of Total<\/th>\n<\/tr>\n<\/thead>\n<tbody class=\"row-striping row-hover\">\n<tr class=\"row-2\">\n\t<td class=\"column-1\">Carson City<\/td><td class=\"column-2\">2.2%<\/td>\n<\/tr>\n<tr class=\"row-3\">\n\t<td class=\"column-1\">Churchill<\/td><td class=\"column-2\">0.69%<\/td>\n<\/tr>\n<tr class=\"row-4\">\n\t<td class=\"column-1\">Clark<\/td><td class=\"column-2\">65.49%<\/td>\n<\/tr>\n<tr class=\"row-5\">\n\t<td class=\"column-1\">Douglas<\/td><td class=\"column-2\">1.57%<\/td>\n<\/tr>\n<tr class=\"row-6\">\n\t<td class=\"column-1\">Elko<\/td><td class=\"column-2\">1.71%<\/td>\n<\/tr>\n<tr class=\"row-7\">\n\t<td class=\"column-1\">Esmerelda<\/td><td class=\"column-2\">0%<\/td>\n<\/tr>\n<tr class=\"row-8\">\n\t<td class=\"column-1\">Eureka<\/td><td class=\"column-2\">0%<\/td>\n<\/tr>\n<tr class=\"row-9\">\n\t<td class=\"column-1\">Humboldt<\/td><td class=\"column-2\">0.46%<\/td>\n<\/tr>\n<tr class=\"row-10\">\n\t<td class=\"column-1\">Lander<\/td><td class=\"column-2\">0.24%<\/td>\n<\/tr>\n<tr class=\"row-11\">\n\t<td class=\"column-1\">Lincoln<\/td><td class=\"column-2\">0%<\/td>\n<\/tr>\n<tr class=\"row-12\">\n\t<td class=\"column-1\">Lyon<\/td><td class=\"column-2\">1.68%<\/td>\n<\/tr>\n<tr class=\"row-13\">\n\t<td class=\"column-1\">Mineral<\/td><td class=\"column-2\">0.07%<\/td>\n<\/tr>\n<tr class=\"row-14\">\n\t<td class=\"column-1\">Nye<\/td><td class=\"column-2\">1.05%<\/td>\n<\/tr>\n<tr class=\"row-15\">\n\t<td class=\"column-1\">Pershing<\/td><td class=\"column-2\">0.04%<\/td>\n<\/tr>\n<tr class=\"row-16\">\n\t<td class=\"column-1\">Storey<\/td><td class=\"column-2\">0.03%<\/td>\n<\/tr>\n<tr class=\"row-17\">\n\t<td class=\"column-1\">Washoe<\/td><td class=\"column-2\">23.32%<\/td>\n<\/tr>\n<tr class=\"row-18\">\n\t<td class=\"column-1\">White Pine<\/td><td class=\"column-2\">0.55%<\/td>\n<\/tr>\n<tr class=\"row-19\">\n\t<td class=\"column-1\">Out of State<\/td><td class=\"column-2\">0.9%<\/td>\n<\/tr>\n<\/tbody>\n<\/table>\n<!-- #tablepress-28 from cache -->\n","protected":false},"excerpt":{"rendered":"<p>A fecha de 30 de junio de 2020 Participaci\u00f3n en Membres\u00eda\/Escalaf\u00f3n Profesional 7.132 miembros activos 248 NUEVOS miembros durante este&#8230;<\/p>\n","protected":false},"author":2,"featured_media":0,"parent":13215,"menu_order":3,"comment_status":"closed","ping_status":"closed","template":"page-secondary.php","meta":{"_acf_changed":false,"footnotes":""},"class_list":["post-13221","page","type-page","status-publish","hentry"],"acf":[],"yoast_head":"<!-- This site is optimized with the Yoast SEO plugin v27.2 - https:\/\/yoast.com\/product\/yoast-seo-wordpress\/ -->\n<title>Datos del segundo trimestre de 2020 - Membres\u00eda - The Nevada Registry<\/title>\n<meta name=\"description\" content=\"A fecha de 30 de junio de 2020 Participaci\u00f3n en Membres\u00eda\/Escalaf\u00f3n Profesional 7.132 miembros activos 248 NUEVOS miembros durante este trimestre 1.156\" \/>\n<meta name=\"robots\" content=\"index, follow, max-snippet:-1, max-image-preview:large, max-video-preview:-1\" \/>\n<link rel=\"canonical\" href=\"https:\/\/www.nevadaregistry.org\/es\/estadisticas-del-programa-2020\/datos-del-segundo-trimestre-de-2020-membresia\/\" \/>\n<meta property=\"og:locale\" content=\"es_ES\" \/>\n<meta property=\"og:type\" content=\"article\" \/>\n<meta property=\"og:title\" content=\"Datos del segundo trimestre de 2020 - Membres\u00eda - The Nevada Registry\" \/>\n<meta property=\"og:description\" content=\"A fecha de 30 de junio de 2020 Participaci\u00f3n en Membres\u00eda\/Escalaf\u00f3n Profesional 7.132 miembros activos 248 NUEVOS miembros durante este trimestre 1.156\" \/>\n<meta property=\"og:url\" content=\"https:\/\/www.nevadaregistry.org\/es\/estadisticas-del-programa-2020\/datos-del-segundo-trimestre-de-2020-membresia\/\" \/>\n<meta property=\"og:site_name\" content=\"The Nevada Registry\" \/>\n<meta property=\"article:publisher\" content=\"https:\/\/www.facebook.com\/nevadaregistry\" \/>\n<meta property=\"article:modified_time\" content=\"2026-03-04T23:56:31+00:00\" \/>\n<meta property=\"og:image\" content=\"https:\/\/www.nevadaregistry.org\/wp-content\/uploads\/2020\/10\/NevadaRegistryOGImage.jpg\" \/>\n\t<meta property=\"og:image:width\" content=\"1200\" \/>\n\t<meta property=\"og:image:height\" content=\"630\" \/>\n\t<meta property=\"og:image:type\" content=\"image\/jpeg\" \/>\n<meta name=\"twitter:card\" content=\"summary_large_image\" \/>\n<meta name=\"twitter:label1\" content=\"Tiempo de lectura\" \/>\n\t<meta name=\"twitter:data1\" content=\"3 minutos\" \/>\n<script type=\"application\/ld+json\" class=\"yoast-schema-graph\">{\"@context\":\"https:\/\/schema.org\",\"@graph\":[{\"@type\":\"WebPage\",\"@id\":\"https:\/\/www.nevadaregistry.org\/es\/estadisticas-del-programa-2020\/datos-del-segundo-trimestre-de-2020-membresia\/\",\"url\":\"https:\/\/www.nevadaregistry.org\/es\/estadisticas-del-programa-2020\/datos-del-segundo-trimestre-de-2020-membresia\/\",\"name\":\"Datos del segundo trimestre de 2020 - Membres\u00eda - The Nevada Registry\",\"isPartOf\":{\"@id\":\"https:\/\/www.nevadaregistry.org\/es\/#website\"},\"datePublished\":\"2020-10-18T18:56:09+00:00\",\"dateModified\":\"2026-03-04T23:56:31+00:00\",\"description\":\"A fecha de 30 de junio de 2020 Participaci\u00f3n en Membres\u00eda\/Escalaf\u00f3n Profesional 7.132 miembros activos 248 NUEVOS miembros durante este trimestre 1.156\",\"breadcrumb\":{\"@id\":\"https:\/\/www.nevadaregistry.org\/es\/estadisticas-del-programa-2020\/datos-del-segundo-trimestre-de-2020-membresia\/#breadcrumb\"},\"inLanguage\":\"es\",\"potentialAction\":[{\"@type\":\"ReadAction\",\"target\":[\"https:\/\/www.nevadaregistry.org\/es\/estadisticas-del-programa-2020\/datos-del-segundo-trimestre-de-2020-membresia\/\"]}]},{\"@type\":\"BreadcrumbList\",\"@id\":\"https:\/\/www.nevadaregistry.org\/es\/estadisticas-del-programa-2020\/datos-del-segundo-trimestre-de-2020-membresia\/#breadcrumb\",\"itemListElement\":[{\"@type\":\"ListItem\",\"position\":1,\"name\":\"Home\",\"item\":\"https:\/\/www.nevadaregistry.org\/es\/pagina-principal\/\"},{\"@type\":\"ListItem\",\"position\":2,\"name\":\"Estad\u00edsticas del programa de 2020\",\"item\":\"https:\/\/www.nevadaregistry.org\/es\/estadisticas-del-programa-2020\/\"},{\"@type\":\"ListItem\",\"position\":3,\"name\":\"Datos del segundo trimestre de 2020 &#8211; Membres\u00eda\"}]},{\"@type\":\"WebSite\",\"@id\":\"https:\/\/www.nevadaregistry.org\/es\/#website\",\"url\":\"https:\/\/www.nevadaregistry.org\/es\/\",\"name\":\"The Nevada Registry\",\"description\":\"Workforce data system capturing information about the Early Childhood Education and Care (ECEC) workforce in Nevada.\",\"publisher\":{\"@id\":\"https:\/\/www.nevadaregistry.org\/es\/#organization\"},\"potentialAction\":[{\"@type\":\"SearchAction\",\"target\":{\"@type\":\"EntryPoint\",\"urlTemplate\":\"https:\/\/www.nevadaregistry.org\/es\/?s={search_term_string}\"},\"query-input\":{\"@type\":\"PropertyValueSpecification\",\"valueRequired\":true,\"valueName\":\"search_term_string\"}}],\"inLanguage\":\"es\"},{\"@type\":\"Organization\",\"@id\":\"https:\/\/www.nevadaregistry.org\/es\/#organization\",\"name\":\"El Nevada Registry\",\"url\":\"https:\/\/www.nevadaregistry.org\/es\/\",\"logo\":{\"@type\":\"ImageObject\",\"inLanguage\":\"es\",\"@id\":\"https:\/\/www.nevadaregistry.org\/es\/#\/schema\/logo\/image\/\",\"url\":\"https:\/\/www.nevadaregistry.org\/wp-content\/uploads\/2020\/10\/tnr-logo-purple-copy.jpg\",\"contentUrl\":\"https:\/\/www.nevadaregistry.org\/wp-content\/uploads\/2020\/10\/tnr-logo-purple-copy.jpg\",\"width\":\"900\",\"height\":\"562\",\"caption\":\"El Nevada Registry\"},\"image\":{\"@id\":\"https:\/\/www.nevadaregistry.org\/es\/#\/schema\/logo\/image\/\"},\"sameAs\":[\"https:\/\/www.facebook.com\/nevadaregistry\"]}]}<\/script>\n<!-- \/ Yoast SEO plugin. -->","yoast_head_json":{"title":"Datos del segundo trimestre de 2020 - Membres\u00eda - The Nevada Registry","description":"A fecha de 30 de junio de 2020 Participaci\u00f3n en Membres\u00eda\/Escalaf\u00f3n Profesional 7.132 miembros activos 248 NUEVOS miembros durante este trimestre 1.156","robots":{"index":"index","follow":"follow","max-snippet":"max-snippet:-1","max-image-preview":"max-image-preview:large","max-video-preview":"max-video-preview:-1"},"canonical":"https:\/\/www.nevadaregistry.org\/es\/estadisticas-del-programa-2020\/datos-del-segundo-trimestre-de-2020-membresia\/","og_locale":"es_ES","og_type":"article","og_title":"Datos del segundo trimestre de 2020 - Membres\u00eda - The Nevada Registry","og_description":"A fecha de 30 de junio de 2020 Participaci\u00f3n en Membres\u00eda\/Escalaf\u00f3n Profesional 7.132 miembros activos 248 NUEVOS miembros durante este trimestre 1.156","og_url":"https:\/\/www.nevadaregistry.org\/es\/estadisticas-del-programa-2020\/datos-del-segundo-trimestre-de-2020-membresia\/","og_site_name":"The Nevada Registry","article_publisher":"https:\/\/www.facebook.com\/nevadaregistry","article_modified_time":"2026-03-04T23:56:31+00:00","og_image":[{"width":1200,"height":630,"url":"https:\/\/www.nevadaregistry.org\/wp-content\/uploads\/2020\/10\/NevadaRegistryOGImage.jpg","type":"image\/jpeg"}],"twitter_card":"summary_large_image","twitter_misc":{"Tiempo de lectura":"3 minutos"},"schema":{"@context":"https:\/\/schema.org","@graph":[{"@type":"WebPage","@id":"https:\/\/www.nevadaregistry.org\/es\/estadisticas-del-programa-2020\/datos-del-segundo-trimestre-de-2020-membresia\/","url":"https:\/\/www.nevadaregistry.org\/es\/estadisticas-del-programa-2020\/datos-del-segundo-trimestre-de-2020-membresia\/","name":"Datos del segundo trimestre de 2020 - Membres\u00eda - The Nevada Registry","isPartOf":{"@id":"https:\/\/www.nevadaregistry.org\/es\/#website"},"datePublished":"2020-10-18T18:56:09+00:00","dateModified":"2026-03-04T23:56:31+00:00","description":"A fecha de 30 de junio de 2020 Participaci\u00f3n en Membres\u00eda\/Escalaf\u00f3n Profesional 7.132 miembros activos 248 NUEVOS miembros durante este trimestre 1.156","breadcrumb":{"@id":"https:\/\/www.nevadaregistry.org\/es\/estadisticas-del-programa-2020\/datos-del-segundo-trimestre-de-2020-membresia\/#breadcrumb"},"inLanguage":"es","potentialAction":[{"@type":"ReadAction","target":["https:\/\/www.nevadaregistry.org\/es\/estadisticas-del-programa-2020\/datos-del-segundo-trimestre-de-2020-membresia\/"]}]},{"@type":"BreadcrumbList","@id":"https:\/\/www.nevadaregistry.org\/es\/estadisticas-del-programa-2020\/datos-del-segundo-trimestre-de-2020-membresia\/#breadcrumb","itemListElement":[{"@type":"ListItem","position":1,"name":"Home","item":"https:\/\/www.nevadaregistry.org\/es\/pagina-principal\/"},{"@type":"ListItem","position":2,"name":"Estad\u00edsticas del programa de 2020","item":"https:\/\/www.nevadaregistry.org\/es\/estadisticas-del-programa-2020\/"},{"@type":"ListItem","position":3,"name":"Datos del segundo trimestre de 2020 &#8211; Membres\u00eda"}]},{"@type":"WebSite","@id":"https:\/\/www.nevadaregistry.org\/es\/#website","url":"https:\/\/www.nevadaregistry.org\/es\/","name":"The Nevada Registry","description":"Workforce data system capturing information about the Early Childhood Education and Care (ECEC) workforce in Nevada.","publisher":{"@id":"https:\/\/www.nevadaregistry.org\/es\/#organization"},"potentialAction":[{"@type":"SearchAction","target":{"@type":"EntryPoint","urlTemplate":"https:\/\/www.nevadaregistry.org\/es\/?s={search_term_string}"},"query-input":{"@type":"PropertyValueSpecification","valueRequired":true,"valueName":"search_term_string"}}],"inLanguage":"es"},{"@type":"Organization","@id":"https:\/\/www.nevadaregistry.org\/es\/#organization","name":"El Nevada Registry","url":"https:\/\/www.nevadaregistry.org\/es\/","logo":{"@type":"ImageObject","inLanguage":"es","@id":"https:\/\/www.nevadaregistry.org\/es\/#\/schema\/logo\/image\/","url":"https:\/\/www.nevadaregistry.org\/wp-content\/uploads\/2020\/10\/tnr-logo-purple-copy.jpg","contentUrl":"https:\/\/www.nevadaregistry.org\/wp-content\/uploads\/2020\/10\/tnr-logo-purple-copy.jpg","width":"900","height":"562","caption":"El Nevada Registry"},"image":{"@id":"https:\/\/www.nevadaregistry.org\/es\/#\/schema\/logo\/image\/"},"sameAs":["https:\/\/www.facebook.com\/nevadaregistry"]}]}},"_links":{"self":[{"href":"https:\/\/www.nevadaregistry.org\/es\/wp-json\/wp\/v2\/pages\/13221","targetHints":{"allow":["GET"]}}],"collection":[{"href":"https:\/\/www.nevadaregistry.org\/es\/wp-json\/wp\/v2\/pages"}],"about":[{"href":"https:\/\/www.nevadaregistry.org\/es\/wp-json\/wp\/v2\/types\/page"}],"author":[{"embeddable":true,"href":"https:\/\/www.nevadaregistry.org\/es\/wp-json\/wp\/v2\/users\/2"}],"replies":[{"embeddable":true,"href":"https:\/\/www.nevadaregistry.org\/es\/wp-json\/wp\/v2\/comments?post=13221"}],"version-history":[{"count":2,"href":"https:\/\/www.nevadaregistry.org\/es\/wp-json\/wp\/v2\/pages\/13221\/revisions"}],"predecessor-version":[{"id":18110,"href":"https:\/\/www.nevadaregistry.org\/es\/wp-json\/wp\/v2\/pages\/13221\/revisions\/18110"}],"up":[{"embeddable":true,"href":"https:\/\/www.nevadaregistry.org\/es\/wp-json\/wp\/v2\/pages\/13215"}],"wp:attachment":[{"href":"https:\/\/www.nevadaregistry.org\/es\/wp-json\/wp\/v2\/media?parent=13221"}],"curies":[{"name":"wp","href":"https:\/\/api.w.org\/{rel}","templated":true}]}}