{"id":13225,"date":"2020-10-18T20:07:17","date_gmt":"2020-10-19T03:07:17","guid":{"rendered":"https:\/\/www.nevadaregistry.org\/directrices-para-el-aprendizaje-temprano\/"},"modified":"2026-03-06T08:13:10","modified_gmt":"2026-03-06T16:13:10","slug":"directrices-para-el-aprendizaje-temprano","status":"publish","type":"page","link":"https:\/\/www.nevadaregistry.org\/es\/recursos-de-ece\/estandares-de-pre-k-de-nevada\/directrices-para-el-aprendizaje-temprano\/","title":{"rendered":"Directrices para formadores de licencias de cuidado infantil de Nevada"},"content":{"rendered":"<div>En 2008, un comit\u00e9 directivo de profesionales de la primera infancia comenz\u00f3 a trabajar en las Directrices de Aprendizaje Temprano para Beb\u00e9s y Ni\u00f1os Peque\u00f1os de Nevada. Revisaron el trabajo que hab\u00edan realizado otros estados y luego invitaron a una lista de partes interesadas a participar en grupos de trabajo. Los grupos de trabajo se formaron en el norte, sur y noreste de Nevada. Los grupos de trabajo se centraron en dominios espec\u00edficos y desarrollaron directrices concretas que deb\u00edan incluirse en las Directrices de Aprendizaje Temprano de Nevada. Las directrices est\u00e1n alineadas con los <a href=\"https:\/\/www.nevadaregistry.org\/es\/recursos-de-ece\/estandares-de-pre-k-de-nevada\/\">Est\u00e1ndares Pre-K de Nevada<\/a>. Los participantes identificaron los siguientes grupos de edad: Nacimiento a Cuatro Meses, Cuatro a Ocho Meses, Ocho a Doce Meses, Doce a Dieciocho Meses, Dieciocho a Veinticuatro Meses, Veinticuatro a Treinta Meses, Treinta Meses a Tres A\u00f1os y Tres A\u00f1os. Un grupo selecto del comit\u00e9 directivo recopil\u00f3 las recomendaciones de los grupos de trabajo y desarroll\u00f3 el borrador de las Directrices de Aprendizaje Temprano. El borrador se present\u00f3 a la Comunidad de Primera Infancia de Nevada durante la Conferencia Estatal de Primera Infancia de 2009 en el norte de Nevada. Los participantes y miembros del comit\u00e9 hicieron recomendaciones y sugerencias. El comit\u00e9 directivo complet\u00f3 las recomendaciones en 2010. Una copia del borrador de las directrices completadas fue revisada por el comit\u00e9 directivo y se imprimi\u00f3 en 2011.          <\/div>\n<div><\/div>\n<div>\n<p>Las <a href=\"https:\/\/www.nevadaregistry.org\/es\/infanttoddlerguidelines-2-2\/\">Directrices de Aprendizaje Temprano para Beb\u00e9s y Ni\u00f1os Peque\u00f1os de Nevada<\/a> (ELG) se han desarrollado tanto para profesionales de la primera infancia como para padres. Este documento se desarroll\u00f3 para que los adultos que cuidan de beb\u00e9s y ni\u00f1os peque\u00f1os puedan contar con un conjunto de directrices de desarrollo apropiadas a las que puedan recurrir para obtener informaci\u00f3n y recursos. Las directrices pueden utilizarse como marco de referencia para los ni\u00f1os, pero es importante recordar que cada ni\u00f1o se desarrolla de manera diferente, por lo que los rangos de edad deben usarse como sugerencias. Las actividades que se recomiendan pueden ser proporcionadas por el cuidador o el padre para ayudar a apoyar el aprendizaje. Los beb\u00e9s y ni\u00f1os peque\u00f1os crecen y se desarrollan r\u00e1pidamente, por lo que es importante mencionar que diferentes hitos pueden ocurrir en diferentes momentos y las etapas en el desarrollo de un ni\u00f1o pueden cambiar r\u00e1pidamente. El uso de estas directrices apoyar\u00e1 el uso de enfoques de mejores pr\u00e1cticas en programas para beb\u00e9s y ni\u00f1os peque\u00f1os.     <\/p>\n<\/div>\n","protected":false},"excerpt":{"rendered":"<p>En 2008, un comit\u00e9 directivo de profesionales de la primera infancia comenz\u00f3 a trabajar en las Directrices de Aprendizaje Temprano&#8230;<\/p>\n","protected":false},"author":2,"featured_media":0,"parent":13307,"menu_order":0,"comment_status":"closed","ping_status":"closed","template":"","meta":{"_acf_changed":false,"footnotes":""},"class_list":["post-13225","page","type-page","status-publish","hentry"],"acf":[],"yoast_head":"<!-- This site is optimized with the Yoast SEO plugin v27.2 - https:\/\/yoast.com\/product\/yoast-seo-wordpress\/ -->\n<title>Directrices para formadores de licencias de cuidado infantil de Nevada - The Nevada Registry<\/title>\n<meta name=\"description\" content=\"En 2008, un comit\u00e9 directivo de profesionales de la primera infancia comenz\u00f3 a trabajar en las Directrices de Aprendizaje Temprano para Beb\u00e9s y Ni\u00f1os\" \/>\n<meta name=\"robots\" content=\"index, follow, max-snippet:-1, max-image-preview:large, max-video-preview:-1\" \/>\n<link rel=\"canonical\" href=\"https:\/\/www.nevadaregistry.org\/es\/recursos-de-ece\/estandares-de-pre-k-de-nevada\/directrices-para-el-aprendizaje-temprano\/\" \/>\n<meta property=\"og:locale\" content=\"es_ES\" \/>\n<meta property=\"og:type\" content=\"article\" \/>\n<meta property=\"og:title\" content=\"Directrices para formadores de licencias de cuidado infantil de Nevada - The Nevada Registry\" \/>\n<meta property=\"og:description\" content=\"En 2008, un comit\u00e9 directivo de profesionales de la primera infancia comenz\u00f3 a trabajar en las Directrices de Aprendizaje Temprano para Beb\u00e9s y Ni\u00f1os\" \/>\n<meta property=\"og:url\" content=\"https:\/\/www.nevadaregistry.org\/es\/recursos-de-ece\/estandares-de-pre-k-de-nevada\/directrices-para-el-aprendizaje-temprano\/\" \/>\n<meta property=\"og:site_name\" content=\"The Nevada Registry\" \/>\n<meta property=\"article:publisher\" content=\"https:\/\/www.facebook.com\/nevadaregistry\" \/>\n<meta property=\"article:modified_time\" content=\"2026-03-06T16:13:10+00:00\" \/>\n<meta property=\"og:image\" content=\"https:\/\/www.nevadaregistry.org\/wp-content\/uploads\/2020\/10\/NevadaRegistryOGImage.jpg\" \/>\n\t<meta property=\"og:image:width\" content=\"1200\" \/>\n\t<meta property=\"og:image:height\" content=\"630\" \/>\n\t<meta property=\"og:image:type\" content=\"image\/jpeg\" \/>\n<meta name=\"twitter:card\" content=\"summary_large_image\" \/>\n<meta name=\"twitter:label1\" content=\"Tiempo de lectura\" \/>\n\t<meta name=\"twitter:data1\" content=\"2 minutos\" \/>\n<script type=\"application\/ld+json\" class=\"yoast-schema-graph\">{\"@context\":\"https:\/\/schema.org\",\"@graph\":[{\"@type\":\"WebPage\",\"@id\":\"https:\/\/www.nevadaregistry.org\/es\/recursos-de-ece\/estandares-de-pre-k-de-nevada\/directrices-para-el-aprendizaje-temprano\/\",\"url\":\"https:\/\/www.nevadaregistry.org\/es\/recursos-de-ece\/estandares-de-pre-k-de-nevada\/directrices-para-el-aprendizaje-temprano\/\",\"name\":\"Directrices para formadores de licencias de cuidado infantil de Nevada - The Nevada Registry\",\"isPartOf\":{\"@id\":\"https:\/\/www.nevadaregistry.org\/es\/#website\"},\"datePublished\":\"2020-10-19T03:07:17+00:00\",\"dateModified\":\"2026-03-06T16:13:10+00:00\",\"description\":\"En 2008, un comit\u00e9 directivo de profesionales de la primera infancia comenz\u00f3 a trabajar en las Directrices de Aprendizaje Temprano para Beb\u00e9s y Ni\u00f1os\",\"breadcrumb\":{\"@id\":\"https:\/\/www.nevadaregistry.org\/es\/recursos-de-ece\/estandares-de-pre-k-de-nevada\/directrices-para-el-aprendizaje-temprano\/#breadcrumb\"},\"inLanguage\":\"es\",\"potentialAction\":[{\"@type\":\"ReadAction\",\"target\":[\"https:\/\/www.nevadaregistry.org\/es\/recursos-de-ece\/estandares-de-pre-k-de-nevada\/directrices-para-el-aprendizaje-temprano\/\"]}]},{\"@type\":\"BreadcrumbList\",\"@id\":\"https:\/\/www.nevadaregistry.org\/es\/recursos-de-ece\/estandares-de-pre-k-de-nevada\/directrices-para-el-aprendizaje-temprano\/#breadcrumb\",\"itemListElement\":[{\"@type\":\"ListItem\",\"position\":1,\"name\":\"Home\",\"item\":\"https:\/\/www.nevadaregistry.org\/es\/pagina-principal\/\"},{\"@type\":\"ListItem\",\"position\":2,\"name\":\"Recursos de ECE de The Nevada Registry\",\"item\":\"https:\/\/www.nevadaregistry.org\/es\/recursos-de-ece\/\"},{\"@type\":\"ListItem\",\"position\":3,\"name\":\"Est\u00e1ndares de Nevada para la etapa preescolar\",\"item\":\"https:\/\/www.nevadaregistry.org\/es\/recursos-de-ece\/estandares-de-pre-k-de-nevada\/\"},{\"@type\":\"ListItem\",\"position\":4,\"name\":\"Directrices para formadores de licencias de cuidado infantil de Nevada\"}]},{\"@type\":\"WebSite\",\"@id\":\"https:\/\/www.nevadaregistry.org\/es\/#website\",\"url\":\"https:\/\/www.nevadaregistry.org\/es\/\",\"name\":\"The Nevada Registry\",\"description\":\"Workforce data system capturing information about the Early Childhood Education and Care (ECEC) workforce in Nevada.\",\"publisher\":{\"@id\":\"https:\/\/www.nevadaregistry.org\/es\/#organization\"},\"potentialAction\":[{\"@type\":\"SearchAction\",\"target\":{\"@type\":\"EntryPoint\",\"urlTemplate\":\"https:\/\/www.nevadaregistry.org\/es\/?s={search_term_string}\"},\"query-input\":{\"@type\":\"PropertyValueSpecification\",\"valueRequired\":true,\"valueName\":\"search_term_string\"}}],\"inLanguage\":\"es\"},{\"@type\":\"Organization\",\"@id\":\"https:\/\/www.nevadaregistry.org\/es\/#organization\",\"name\":\"El Nevada Registry\",\"url\":\"https:\/\/www.nevadaregistry.org\/es\/\",\"logo\":{\"@type\":\"ImageObject\",\"inLanguage\":\"es\",\"@id\":\"https:\/\/www.nevadaregistry.org\/es\/#\/schema\/logo\/image\/\",\"url\":\"https:\/\/www.nevadaregistry.org\/wp-content\/uploads\/2020\/10\/tnr-logo-purple-copy.jpg\",\"contentUrl\":\"https:\/\/www.nevadaregistry.org\/wp-content\/uploads\/2020\/10\/tnr-logo-purple-copy.jpg\",\"width\":\"900\",\"height\":\"562\",\"caption\":\"El Nevada Registry\"},\"image\":{\"@id\":\"https:\/\/www.nevadaregistry.org\/es\/#\/schema\/logo\/image\/\"},\"sameAs\":[\"https:\/\/www.facebook.com\/nevadaregistry\"]}]}<\/script>\n<!-- \/ Yoast SEO plugin. -->","yoast_head_json":{"title":"Directrices para formadores de licencias de cuidado infantil de Nevada - The Nevada Registry","description":"En 2008, un comit\u00e9 directivo de profesionales de la primera infancia comenz\u00f3 a trabajar en las Directrices de Aprendizaje Temprano para Beb\u00e9s y Ni\u00f1os","robots":{"index":"index","follow":"follow","max-snippet":"max-snippet:-1","max-image-preview":"max-image-preview:large","max-video-preview":"max-video-preview:-1"},"canonical":"https:\/\/www.nevadaregistry.org\/es\/recursos-de-ece\/estandares-de-pre-k-de-nevada\/directrices-para-el-aprendizaje-temprano\/","og_locale":"es_ES","og_type":"article","og_title":"Directrices para formadores de licencias de cuidado infantil de Nevada - The Nevada Registry","og_description":"En 2008, un comit\u00e9 directivo de profesionales de la primera infancia comenz\u00f3 a trabajar en las Directrices de Aprendizaje Temprano para Beb\u00e9s y Ni\u00f1os","og_url":"https:\/\/www.nevadaregistry.org\/es\/recursos-de-ece\/estandares-de-pre-k-de-nevada\/directrices-para-el-aprendizaje-temprano\/","og_site_name":"The Nevada Registry","article_publisher":"https:\/\/www.facebook.com\/nevadaregistry","article_modified_time":"2026-03-06T16:13:10+00:00","og_image":[{"width":1200,"height":630,"url":"https:\/\/www.nevadaregistry.org\/wp-content\/uploads\/2020\/10\/NevadaRegistryOGImage.jpg","type":"image\/jpeg"}],"twitter_card":"summary_large_image","twitter_misc":{"Tiempo de lectura":"2 minutos"},"schema":{"@context":"https:\/\/schema.org","@graph":[{"@type":"WebPage","@id":"https:\/\/www.nevadaregistry.org\/es\/recursos-de-ece\/estandares-de-pre-k-de-nevada\/directrices-para-el-aprendizaje-temprano\/","url":"https:\/\/www.nevadaregistry.org\/es\/recursos-de-ece\/estandares-de-pre-k-de-nevada\/directrices-para-el-aprendizaje-temprano\/","name":"Directrices para formadores de licencias de cuidado infantil de Nevada - The Nevada Registry","isPartOf":{"@id":"https:\/\/www.nevadaregistry.org\/es\/#website"},"datePublished":"2020-10-19T03:07:17+00:00","dateModified":"2026-03-06T16:13:10+00:00","description":"En 2008, un comit\u00e9 directivo de profesionales de la primera infancia comenz\u00f3 a trabajar en las Directrices de Aprendizaje Temprano para Beb\u00e9s y Ni\u00f1os","breadcrumb":{"@id":"https:\/\/www.nevadaregistry.org\/es\/recursos-de-ece\/estandares-de-pre-k-de-nevada\/directrices-para-el-aprendizaje-temprano\/#breadcrumb"},"inLanguage":"es","potentialAction":[{"@type":"ReadAction","target":["https:\/\/www.nevadaregistry.org\/es\/recursos-de-ece\/estandares-de-pre-k-de-nevada\/directrices-para-el-aprendizaje-temprano\/"]}]},{"@type":"BreadcrumbList","@id":"https:\/\/www.nevadaregistry.org\/es\/recursos-de-ece\/estandares-de-pre-k-de-nevada\/directrices-para-el-aprendizaje-temprano\/#breadcrumb","itemListElement":[{"@type":"ListItem","position":1,"name":"Home","item":"https:\/\/www.nevadaregistry.org\/es\/pagina-principal\/"},{"@type":"ListItem","position":2,"name":"Recursos de ECE de The Nevada Registry","item":"https:\/\/www.nevadaregistry.org\/es\/recursos-de-ece\/"},{"@type":"ListItem","position":3,"name":"Est\u00e1ndares de Nevada para la etapa preescolar","item":"https:\/\/www.nevadaregistry.org\/es\/recursos-de-ece\/estandares-de-pre-k-de-nevada\/"},{"@type":"ListItem","position":4,"name":"Directrices para formadores de licencias de cuidado infantil de Nevada"}]},{"@type":"WebSite","@id":"https:\/\/www.nevadaregistry.org\/es\/#website","url":"https:\/\/www.nevadaregistry.org\/es\/","name":"The Nevada Registry","description":"Workforce data system capturing information about the Early Childhood Education and Care (ECEC) workforce in Nevada.","publisher":{"@id":"https:\/\/www.nevadaregistry.org\/es\/#organization"},"potentialAction":[{"@type":"SearchAction","target":{"@type":"EntryPoint","urlTemplate":"https:\/\/www.nevadaregistry.org\/es\/?s={search_term_string}"},"query-input":{"@type":"PropertyValueSpecification","valueRequired":true,"valueName":"search_term_string"}}],"inLanguage":"es"},{"@type":"Organization","@id":"https:\/\/www.nevadaregistry.org\/es\/#organization","name":"El Nevada Registry","url":"https:\/\/www.nevadaregistry.org\/es\/","logo":{"@type":"ImageObject","inLanguage":"es","@id":"https:\/\/www.nevadaregistry.org\/es\/#\/schema\/logo\/image\/","url":"https:\/\/www.nevadaregistry.org\/wp-content\/uploads\/2020\/10\/tnr-logo-purple-copy.jpg","contentUrl":"https:\/\/www.nevadaregistry.org\/wp-content\/uploads\/2020\/10\/tnr-logo-purple-copy.jpg","width":"900","height":"562","caption":"El Nevada Registry"},"image":{"@id":"https:\/\/www.nevadaregistry.org\/es\/#\/schema\/logo\/image\/"},"sameAs":["https:\/\/www.facebook.com\/nevadaregistry"]}]}},"_links":{"self":[{"href":"https:\/\/www.nevadaregistry.org\/es\/wp-json\/wp\/v2\/pages\/13225","targetHints":{"allow":["GET"]}}],"collection":[{"href":"https:\/\/www.nevadaregistry.org\/es\/wp-json\/wp\/v2\/pages"}],"about":[{"href":"https:\/\/www.nevadaregistry.org\/es\/wp-json\/wp\/v2\/types\/page"}],"author":[{"embeddable":true,"href":"https:\/\/www.nevadaregistry.org\/es\/wp-json\/wp\/v2\/users\/2"}],"replies":[{"embeddable":true,"href":"https:\/\/www.nevadaregistry.org\/es\/wp-json\/wp\/v2\/comments?post=13225"}],"version-history":[{"count":3,"href":"https:\/\/www.nevadaregistry.org\/es\/wp-json\/wp\/v2\/pages\/13225\/revisions"}],"predecessor-version":[{"id":18184,"href":"https:\/\/www.nevadaregistry.org\/es\/wp-json\/wp\/v2\/pages\/13225\/revisions\/18184"}],"up":[{"embeddable":true,"href":"https:\/\/www.nevadaregistry.org\/es\/wp-json\/wp\/v2\/pages\/13307"}],"wp:attachment":[{"href":"https:\/\/www.nevadaregistry.org\/es\/wp-json\/wp\/v2\/media?parent=13225"}],"curies":[{"name":"wp","href":"https:\/\/api.w.org\/{rel}","templated":true}]}}