{"id":13227,"date":"2020-10-09T10:58:24","date_gmt":"2020-10-09T17:58:24","guid":{"rendered":"https:\/\/www.nevadaregistry.org\/child-development-associate-cda\/"},"modified":"2026-03-06T09:00:09","modified_gmt":"2026-03-06T17:00:09","slug":"child-development-associate-cda","status":"publish","type":"page","link":"https:\/\/www.nevadaregistry.org\/es\/recursos-de-ece\/recursos-educativos\/child-development-associate-cda\/","title":{"rendered":"Child Development Associate\u00ae (CDA)"},"content":{"rendered":"<div id=\"hidbg\">\n<div id=\"owrap\">\n<div id=\"wrap\">\n<div id=\"content\">\n<p>Un Child Development Associate\u00ae (CDA) es una persona que ha completado con \u00e9xito el proceso de evaluaci\u00f3n del CDA y ha obtenido la credencial CDA\u00ae otorgada por el Council for Professional Recognition.<\/p>\n<p>Los CDA\u00ae se pueden obtener en tres entornos: centros infantiles, cuidado infantil familiar y visitas al hogar. Mediante el m\u00e9todo de evaluaci\u00f3n directa, se puede elegir entre cuatro especialidades (Preescolar, Beb\u00e9s\/Ni\u00f1os peque\u00f1os, Cuidado infantil familiar y Visitas al hogar). Para obtener un CDA\u00ae, se requieren 120 horas de formaci\u00f3n en cuidado infantil en ocho \u00e1reas de contenido (se debe completar un m\u00ednimo de 10 horas en cada \u00e1rea).  <\/p>\n<p>Para m\u00e1s informaci\u00f3n sobre los requisitos del CDA\u00ae, c\u00f3mo obtenerlo y las ventajas de tenerlo, visita el <a href=\"http:\/\/www.cdacouncil.org\/\">Council for Professional Recognition<\/a>.<\/p>\n<h5><em>Nota: The Nevada Registry solo reconoce el CDA\u00ae emitido por el Council for Professional Recognition a efectos de la ubicaci\u00f3n en la escala profesional (Career Ladder). Otros tipos de certificados de Child Development Associate emitidos por agencias o instituciones distintas al Council (p. ej., Mohave Community College, Penn Foster, etc.) no son lo mismo que un CDA\u00ae emitido por el Council y no se reconocen como tales para la ubicaci\u00f3n en la escala profesional. <\/em><\/h5>\n<\/div>\n<\/div>\n<\/div>\n<\/div>\n","protected":false},"excerpt":{"rendered":"<p>Un Child Development Associate\u00ae (CDA) es una persona que ha completado con \u00e9xito el proceso de evaluaci\u00f3n del CDA y&#8230;<\/p>\n","protected":false},"author":2,"featured_media":0,"parent":13239,"menu_order":0,"comment_status":"closed","ping_status":"closed","template":"","meta":{"_acf_changed":false,"footnotes":""},"class_list":["post-13227","page","type-page","status-publish","hentry"],"acf":[],"yoast_head":"<!-- This site is optimized with the Yoast SEO plugin v27.2 - https:\/\/yoast.com\/product\/yoast-seo-wordpress\/ -->\n<title>Child Development Associate\u00ae (CDA) - The Nevada Registry<\/title>\n<meta name=\"description\" content=\"Un Child Development Associate\u00ae (CDA) es una persona que ha completado con \u00e9xito el proceso de evaluaci\u00f3n del CDA y ha obtenido la credencial CDA\u00ae\" \/>\n<meta name=\"robots\" content=\"index, follow, max-snippet:-1, max-image-preview:large, max-video-preview:-1\" \/>\n<link rel=\"canonical\" href=\"https:\/\/www.nevadaregistry.org\/es\/recursos-de-ece\/recursos-educativos\/child-development-associate-cda\/\" \/>\n<meta property=\"og:locale\" content=\"es_ES\" \/>\n<meta property=\"og:type\" content=\"article\" \/>\n<meta property=\"og:title\" content=\"Child Development Associate\u00ae (CDA) - The Nevada Registry\" \/>\n<meta property=\"og:description\" content=\"Un Child Development Associate\u00ae (CDA) es una persona que ha completado con \u00e9xito el proceso de evaluaci\u00f3n del CDA y ha obtenido la credencial CDA\u00ae\" \/>\n<meta property=\"og:url\" content=\"https:\/\/www.nevadaregistry.org\/es\/recursos-de-ece\/recursos-educativos\/child-development-associate-cda\/\" \/>\n<meta property=\"og:site_name\" content=\"The Nevada Registry\" \/>\n<meta property=\"article:publisher\" content=\"https:\/\/www.facebook.com\/nevadaregistry\" \/>\n<meta property=\"article:modified_time\" content=\"2026-03-06T17:00:09+00:00\" \/>\n<meta property=\"og:image\" content=\"https:\/\/www.nevadaregistry.org\/wp-content\/uploads\/2020\/10\/NevadaRegistryOGImage.jpg\" \/>\n\t<meta property=\"og:image:width\" content=\"1200\" \/>\n\t<meta property=\"og:image:height\" content=\"630\" \/>\n\t<meta property=\"og:image:type\" content=\"image\/jpeg\" \/>\n<meta name=\"twitter:card\" content=\"summary_large_image\" \/>\n<meta name=\"twitter:label1\" content=\"Tiempo de lectura\" \/>\n\t<meta name=\"twitter:data1\" content=\"1 minuto\" \/>\n<script type=\"application\/ld+json\" class=\"yoast-schema-graph\">{\"@context\":\"https:\/\/schema.org\",\"@graph\":[{\"@type\":\"WebPage\",\"@id\":\"https:\/\/www.nevadaregistry.org\/es\/recursos-de-ece\/recursos-educativos\/child-development-associate-cda\/\",\"url\":\"https:\/\/www.nevadaregistry.org\/es\/recursos-de-ece\/recursos-educativos\/child-development-associate-cda\/\",\"name\":\"Child Development Associate\u00ae (CDA) - The Nevada Registry\",\"isPartOf\":{\"@id\":\"https:\/\/www.nevadaregistry.org\/es\/#website\"},\"datePublished\":\"2020-10-09T17:58:24+00:00\",\"dateModified\":\"2026-03-06T17:00:09+00:00\",\"description\":\"Un Child Development Associate\u00ae (CDA) es una persona que ha completado con \u00e9xito el proceso de evaluaci\u00f3n del CDA y ha obtenido la credencial CDA\u00ae\",\"breadcrumb\":{\"@id\":\"https:\/\/www.nevadaregistry.org\/es\/recursos-de-ece\/recursos-educativos\/child-development-associate-cda\/#breadcrumb\"},\"inLanguage\":\"es\",\"potentialAction\":[{\"@type\":\"ReadAction\",\"target\":[\"https:\/\/www.nevadaregistry.org\/es\/recursos-de-ece\/recursos-educativos\/child-development-associate-cda\/\"]}]},{\"@type\":\"BreadcrumbList\",\"@id\":\"https:\/\/www.nevadaregistry.org\/es\/recursos-de-ece\/recursos-educativos\/child-development-associate-cda\/#breadcrumb\",\"itemListElement\":[{\"@type\":\"ListItem\",\"position\":1,\"name\":\"Home\",\"item\":\"https:\/\/www.nevadaregistry.org\/es\/pagina-principal\/\"},{\"@type\":\"ListItem\",\"position\":2,\"name\":\"Recursos de ECE de The Nevada Registry\",\"item\":\"https:\/\/www.nevadaregistry.org\/es\/recursos-de-ece\/\"},{\"@type\":\"ListItem\",\"position\":3,\"name\":\"Recursos educativos\",\"item\":\"https:\/\/www.nevadaregistry.org\/es\/recursos-de-ece\/recursos-educativos\/\"},{\"@type\":\"ListItem\",\"position\":4,\"name\":\"Child Development Associate\u00ae (CDA)\"}]},{\"@type\":\"WebSite\",\"@id\":\"https:\/\/www.nevadaregistry.org\/es\/#website\",\"url\":\"https:\/\/www.nevadaregistry.org\/es\/\",\"name\":\"The Nevada Registry\",\"description\":\"Workforce data system capturing information about the Early Childhood Education and Care (ECEC) workforce in Nevada.\",\"publisher\":{\"@id\":\"https:\/\/www.nevadaregistry.org\/es\/#organization\"},\"potentialAction\":[{\"@type\":\"SearchAction\",\"target\":{\"@type\":\"EntryPoint\",\"urlTemplate\":\"https:\/\/www.nevadaregistry.org\/es\/?s={search_term_string}\"},\"query-input\":{\"@type\":\"PropertyValueSpecification\",\"valueRequired\":true,\"valueName\":\"search_term_string\"}}],\"inLanguage\":\"es\"},{\"@type\":\"Organization\",\"@id\":\"https:\/\/www.nevadaregistry.org\/es\/#organization\",\"name\":\"El Nevada Registry\",\"url\":\"https:\/\/www.nevadaregistry.org\/es\/\",\"logo\":{\"@type\":\"ImageObject\",\"inLanguage\":\"es\",\"@id\":\"https:\/\/www.nevadaregistry.org\/es\/#\/schema\/logo\/image\/\",\"url\":\"https:\/\/www.nevadaregistry.org\/wp-content\/uploads\/2020\/10\/tnr-logo-purple-copy.jpg\",\"contentUrl\":\"https:\/\/www.nevadaregistry.org\/wp-content\/uploads\/2020\/10\/tnr-logo-purple-copy.jpg\",\"width\":\"900\",\"height\":\"562\",\"caption\":\"El Nevada Registry\"},\"image\":{\"@id\":\"https:\/\/www.nevadaregistry.org\/es\/#\/schema\/logo\/image\/\"},\"sameAs\":[\"https:\/\/www.facebook.com\/nevadaregistry\"]}]}<\/script>\n<!-- \/ Yoast SEO plugin. -->","yoast_head_json":{"title":"Child Development Associate\u00ae (CDA) - The Nevada Registry","description":"Un Child Development Associate\u00ae (CDA) es una persona que ha completado con \u00e9xito el proceso de evaluaci\u00f3n del CDA y ha obtenido la credencial CDA\u00ae","robots":{"index":"index","follow":"follow","max-snippet":"max-snippet:-1","max-image-preview":"max-image-preview:large","max-video-preview":"max-video-preview:-1"},"canonical":"https:\/\/www.nevadaregistry.org\/es\/recursos-de-ece\/recursos-educativos\/child-development-associate-cda\/","og_locale":"es_ES","og_type":"article","og_title":"Child Development Associate\u00ae (CDA) - The Nevada Registry","og_description":"Un Child Development Associate\u00ae (CDA) es una persona que ha completado con \u00e9xito el proceso de evaluaci\u00f3n del CDA y ha obtenido la credencial CDA\u00ae","og_url":"https:\/\/www.nevadaregistry.org\/es\/recursos-de-ece\/recursos-educativos\/child-development-associate-cda\/","og_site_name":"The Nevada Registry","article_publisher":"https:\/\/www.facebook.com\/nevadaregistry","article_modified_time":"2026-03-06T17:00:09+00:00","og_image":[{"width":1200,"height":630,"url":"https:\/\/www.nevadaregistry.org\/wp-content\/uploads\/2020\/10\/NevadaRegistryOGImage.jpg","type":"image\/jpeg"}],"twitter_card":"summary_large_image","twitter_misc":{"Tiempo de lectura":"1 minuto"},"schema":{"@context":"https:\/\/schema.org","@graph":[{"@type":"WebPage","@id":"https:\/\/www.nevadaregistry.org\/es\/recursos-de-ece\/recursos-educativos\/child-development-associate-cda\/","url":"https:\/\/www.nevadaregistry.org\/es\/recursos-de-ece\/recursos-educativos\/child-development-associate-cda\/","name":"Child Development Associate\u00ae (CDA) - The Nevada Registry","isPartOf":{"@id":"https:\/\/www.nevadaregistry.org\/es\/#website"},"datePublished":"2020-10-09T17:58:24+00:00","dateModified":"2026-03-06T17:00:09+00:00","description":"Un Child Development Associate\u00ae (CDA) es una persona que ha completado con \u00e9xito el proceso de evaluaci\u00f3n del CDA y ha obtenido la credencial CDA\u00ae","breadcrumb":{"@id":"https:\/\/www.nevadaregistry.org\/es\/recursos-de-ece\/recursos-educativos\/child-development-associate-cda\/#breadcrumb"},"inLanguage":"es","potentialAction":[{"@type":"ReadAction","target":["https:\/\/www.nevadaregistry.org\/es\/recursos-de-ece\/recursos-educativos\/child-development-associate-cda\/"]}]},{"@type":"BreadcrumbList","@id":"https:\/\/www.nevadaregistry.org\/es\/recursos-de-ece\/recursos-educativos\/child-development-associate-cda\/#breadcrumb","itemListElement":[{"@type":"ListItem","position":1,"name":"Home","item":"https:\/\/www.nevadaregistry.org\/es\/pagina-principal\/"},{"@type":"ListItem","position":2,"name":"Recursos de ECE de The Nevada Registry","item":"https:\/\/www.nevadaregistry.org\/es\/recursos-de-ece\/"},{"@type":"ListItem","position":3,"name":"Recursos educativos","item":"https:\/\/www.nevadaregistry.org\/es\/recursos-de-ece\/recursos-educativos\/"},{"@type":"ListItem","position":4,"name":"Child Development Associate\u00ae (CDA)"}]},{"@type":"WebSite","@id":"https:\/\/www.nevadaregistry.org\/es\/#website","url":"https:\/\/www.nevadaregistry.org\/es\/","name":"The Nevada Registry","description":"Workforce data system capturing information about the Early Childhood Education and Care (ECEC) workforce in Nevada.","publisher":{"@id":"https:\/\/www.nevadaregistry.org\/es\/#organization"},"potentialAction":[{"@type":"SearchAction","target":{"@type":"EntryPoint","urlTemplate":"https:\/\/www.nevadaregistry.org\/es\/?s={search_term_string}"},"query-input":{"@type":"PropertyValueSpecification","valueRequired":true,"valueName":"search_term_string"}}],"inLanguage":"es"},{"@type":"Organization","@id":"https:\/\/www.nevadaregistry.org\/es\/#organization","name":"El Nevada Registry","url":"https:\/\/www.nevadaregistry.org\/es\/","logo":{"@type":"ImageObject","inLanguage":"es","@id":"https:\/\/www.nevadaregistry.org\/es\/#\/schema\/logo\/image\/","url":"https:\/\/www.nevadaregistry.org\/wp-content\/uploads\/2020\/10\/tnr-logo-purple-copy.jpg","contentUrl":"https:\/\/www.nevadaregistry.org\/wp-content\/uploads\/2020\/10\/tnr-logo-purple-copy.jpg","width":"900","height":"562","caption":"El Nevada Registry"},"image":{"@id":"https:\/\/www.nevadaregistry.org\/es\/#\/schema\/logo\/image\/"},"sameAs":["https:\/\/www.facebook.com\/nevadaregistry"]}]}},"_links":{"self":[{"href":"https:\/\/www.nevadaregistry.org\/es\/wp-json\/wp\/v2\/pages\/13227","targetHints":{"allow":["GET"]}}],"collection":[{"href":"https:\/\/www.nevadaregistry.org\/es\/wp-json\/wp\/v2\/pages"}],"about":[{"href":"https:\/\/www.nevadaregistry.org\/es\/wp-json\/wp\/v2\/types\/page"}],"author":[{"embeddable":true,"href":"https:\/\/www.nevadaregistry.org\/es\/wp-json\/wp\/v2\/users\/2"}],"replies":[{"embeddable":true,"href":"https:\/\/www.nevadaregistry.org\/es\/wp-json\/wp\/v2\/comments?post=13227"}],"version-history":[{"count":2,"href":"https:\/\/www.nevadaregistry.org\/es\/wp-json\/wp\/v2\/pages\/13227\/revisions"}],"predecessor-version":[{"id":18241,"href":"https:\/\/www.nevadaregistry.org\/es\/wp-json\/wp\/v2\/pages\/13227\/revisions\/18241"}],"up":[{"embeddable":true,"href":"https:\/\/www.nevadaregistry.org\/es\/wp-json\/wp\/v2\/pages\/13239"}],"wp:attachment":[{"href":"https:\/\/www.nevadaregistry.org\/es\/wp-json\/wp\/v2\/media?parent=13227"}],"curies":[{"name":"wp","href":"https:\/\/api.w.org\/{rel}","templated":true}]}}