{"id":13229,"date":"2020-10-18T12:42:37","date_gmt":"2020-10-18T19:42:37","guid":{"rendered":"https:\/\/www.nevadaregistry.org\/estadisticas-del-programa-2020\/datos-del-tercer-trimestre-de-2020-aprobacion-de-formadores-formacion\/"},"modified":"2026-03-06T07:43:36","modified_gmt":"2026-03-06T15:43:36","slug":"datos-del-tercer-trimestre-de-2020-aprobacion-de-formadores-formacion","status":"publish","type":"page","link":"https:\/\/www.nevadaregistry.org\/es\/estadisticas-del-programa-2020\/datos-del-tercer-trimestre-de-2020-aprobacion-de-formadores-formacion\/","title":{"rendered":"Datos del tercer trimestre de 2020: aprobaci\u00f3n de formadores\/formaci\u00f3n"},"content":{"rendered":"<div id=\"hidbg\">\n<div id=\"owrap\">\n<div id=\"wrap\">\n<div id=\"content\">\n<h3>A 30 de septiembre de 2020<\/h3>\n<h2><strong>Estad\u00edsticas de FORMADORES<\/strong><\/h2>\n<h3>N\u00famero total de formadores: 261<\/h3>\n<p>El n\u00famero total de formadores incluye formadores <em><strong>aprobados<\/strong><\/em> y <strong><em>registrados<\/em><\/strong>. Los formadores aprobados se encuadran en las categor\u00edas de generalista, de fuera del estado y corporativo, y est\u00e1n sujetos a todos los requisitos de cualificaci\u00f3n inicial del formador y a los criterios de renovaci\u00f3n anual. Los formadores registrados se encuadran en las categor\u00edas de ponente de conferencia, ponente patrocinado, representante de la organizaci\u00f3n y formador de cumplimiento, y NO est\u00e1n sujetos a los requisitos iniciales del formador ni a los de renovaci\u00f3n.  <\/p>\n<ul>\n<li>Formadores APROBADOS: 175<\/li>\n<li>Formadores REGISTRADOS: 86<\/li>\n<\/ul>\n<h3>Desglose por TIPO de formador<\/h3>\n<p>En enero de 2017 se lanz\u00f3 un nuevo sistema mejorado de aprobaci\u00f3n de formaciones. Con \u00e9l, se crearon criterios de cualificaci\u00f3n y aprobaci\u00f3n de formadores. En 2020, el criterio educativo m\u00ednimo para los formadores de Primera Infancia (ECE) es un t\u00edtulo de Associate con 4000 horas de experiencia directa trabajando con ni\u00f1os (nivel 4.2, 5.2, 6.2 o 7.2). Un t\u00edtulo de Associate tambi\u00e9n es el est\u00e1ndar educativo m\u00ednimo para los NUEVOS formadores de temas.   <\/p>\n<ul>\n<li>Formadores de EDUCACI\u00d3N INFANTIL: 165<\/li>\n<li>Formadores por TEMA: 96<\/li>\n<\/ul>\n<h3>Desglose por CATEGOR\u00cdA de formador<\/h3>\n<h3>Total de formadores de EDUCACI\u00d3N INFANTIL: 165<\/h3>\n<p><a href=\"https:\/\/www.nevadaregistry.org\/earlychildhoodtrainercriteria-2\/\"><em>Criterios de cualificaci\u00f3n y aprobaci\u00f3n para formadores de Educaci\u00f3n Infantil <\/em><\/a><\/p>\n\n<table id=\"tablepress-23\" class=\"tablepress tablepress-id-23\">\n<thead>\n<tr class=\"row-1\">\n\t<th class=\"column-1\">Category<\/th><th class=\"column-2\">Total in Category<\/th>\n<\/tr>\n<\/thead>\n<tbody class=\"row-striping row-hover\">\n<tr class=\"row-2\">\n\t<td class=\"column-1\">Generalist<\/td><td class=\"column-2\">136<br \/>\n<\/td>\n<\/tr>\n<tr class=\"row-3\">\n\t<td class=\"column-1\">Corporate<\/td><td class=\"column-2\">4<\/td>\n<\/tr>\n<tr class=\"row-4\">\n\t<td class=\"column-1\">Out of State<\/td><td class=\"column-2\">0<\/td>\n<\/tr>\n<tr class=\"row-5\">\n\t<td class=\"column-1\">Compliance <\/td><td class=\"column-2\">0<\/td>\n<\/tr>\n<tr class=\"row-6\">\n\t<td class=\"column-1\">Conference Presenter*<\/td><td class=\"column-2\">0<\/td>\n<\/tr>\n<tr class=\"row-7\">\n\t<td class=\"column-1\">Organizational Representative<\/td><td class=\"column-2\">2<\/td>\n<\/tr>\n<tr class=\"row-8\">\n\t<td class=\"column-1\">Sponsored Presenter<\/td><td class=\"column-2\">23<\/td>\n<\/tr>\n<\/tbody>\n<\/table>\n<!-- #tablepress-23 from cache -->\n<div id=\"hidbg\">\n<div id=\"owrap\">\n<div id=\"wrap\">\n<div id=\"content\">\n<h3>Total de formadores por TEMA: 96<\/h3>\n<p><a href=\"https:\/\/www.nevadaregistry.org\/topictrainercriteria-2\/\"><em>Criterios de cualificaci\u00f3n y aprobaci\u00f3n para formadores de temas espec\u00edficos<\/em><\/a><\/p>\n\n<table id=\"tablepress-33\" class=\"tablepress tablepress-id-33\">\n<thead>\n<tr class=\"row-1\">\n\t<th class=\"column-1\">Category<\/th><th class=\"column-2\">Total in Category<\/th>\n<\/tr>\n<\/thead>\n<tbody class=\"row-striping row-hover\">\n<tr class=\"row-2\">\n\t<td class=\"column-1\">Generalist<\/td><td class=\"column-2\">35<\/td>\n<\/tr>\n<tr class=\"row-3\">\n\t<td class=\"column-1\">Corporate<\/td><td class=\"column-2\">0<\/td>\n<\/tr>\n<tr class=\"row-4\">\n\t<td class=\"column-1\">Out of State<\/td><td class=\"column-2\">0<\/td>\n<\/tr>\n<tr class=\"row-5\">\n\t<td class=\"column-1\">Compliance<\/td><td class=\"column-2\">55<\/td>\n<\/tr>\n<tr class=\"row-6\">\n\t<td class=\"column-1\">Conference Presenter*<\/td><td class=\"column-2\">0<\/td>\n<\/tr>\n<tr class=\"row-7\">\n\t<td class=\"column-1\">Organizational Representative   <\/td><td class=\"column-2\">2<\/td>\n<\/tr>\n<tr class=\"row-8\">\n\t<td class=\"column-1\">Sponsored Presenter<\/td><td class=\"column-2\">4<\/td>\n<\/tr>\n<\/tbody>\n<\/table>\n<!-- #tablepress-33 from cache -->\n<\/div>\n<\/div>\n<\/div>\n<\/div>\n<div id=\"hidbg\">\n<div id=\"owrap\">\n<div id=\"wrap\">\n<div id=\"content\">\n<h6><em>*La categor\u00eda de formador Ponente de conferencia es un estado temporal asignado a personas que presentan en una conferencia espec\u00edfica con un prop\u00f3sito concreto. Como resultado, el total de esta categor\u00eda fluct\u00faa con frecuencia. Dado que est\u00e1 dise\u00f1ada para dar soporte a formadores para un \u00fanico evento, la asignaci\u00f3n a la categor\u00eda de formador Ponente de conferencia se elimina al finalizar el evento de la conferencia para el que \u00e9l\/ella se registr\u00f3.  <\/em><\/h6>\n<h3>Niveles de la escala profesional de los formadores de ECE<\/h3>\n\n<table id=\"tablepress-31\" class=\"tablepress tablepress-id-31\">\n<thead>\n<tr class=\"row-1\">\n\t<th class=\"column-1\">Career Ladder Level<\/th><th class=\"column-2\">Percentage of Total<\/th>\n<\/tr>\n<\/thead>\n<tbody class=\"row-striping row-hover\">\n<tr class=\"row-2\">\n\t<td class=\"column-1\">Certificate of Participation<\/td><td class=\"column-2\">N\/A<\/td>\n<\/tr>\n<tr class=\"row-3\">\n\t<td class=\"column-1\">Level 1<\/td><td class=\"column-2\">N\/A<\/td>\n<\/tr>\n<tr class=\"row-4\">\n\t<td class=\"column-1\">Level 2<\/td><td class=\"column-2\">N\/A<\/td>\n<\/tr>\n<tr class=\"row-5\">\n\t<td class=\"column-1\">Level 3<\/td><td class=\"column-2\">N\/A<\/td>\n<\/tr>\n<tr class=\"row-6\">\n\t<td class=\"column-1\">Level 4<\/td><td class=\"column-2\">9.42%<\/td>\n<\/tr>\n<tr class=\"row-7\">\n\t<td class=\"column-1\">Level 5<\/td><td class=\"column-2\">42.75%<\/td>\n<\/tr>\n<tr class=\"row-8\">\n\t<td class=\"column-1\">Level 6<\/td><td class=\"column-2\">40.58%<\/td>\n<\/tr>\n<tr class=\"row-9\">\n\t<td class=\"column-1\">Level 7<\/td><td class=\"column-2\">7.25%<\/td>\n<\/tr>\n<\/tbody>\n<\/table>\n<!-- #tablepress-31 from cache -->\n<\/div>\n<\/div>\n<\/div>\n<\/div>\n<h2><strong>Estad\u00edsticas de FORMACI\u00d3N<br \/>\n<\/strong><\/h2>\n<p>La informaci\u00f3n que aparece a continuaci\u00f3n destaca el n\u00famero de sesiones de formaci\u00f3n y cursos en l\u00ednea aprobados por el Registro y disponibles durante este trimestre. Es importante se\u00f1alar que un descenso en el n\u00famero de sesiones de formaci\u00f3n presenciales ofrecidas durante un periodo de tiempo espec\u00edfico no est\u00e1 necesariamente correlacionado de forma directa con el n\u00famero de formadores aprobados en Nevada. Lo m\u00e1s probable es que sea indicativo de una tendencia creciente de los educadores de Educaci\u00f3n Infantil (ECE) a obtener gran parte de su desarrollo profesional requerido a trav\u00e9s de organizaciones de formaci\u00f3n en l\u00ednea; especialmente cuando los cursos en l\u00ednea se ofrecen a bajo coste o de forma gratuita. A medida que las opciones en l\u00ednea sigan aumentando y satisfaciendo las necesidades de los educadores de ECE, especialmente en las zonas rurales donde la formaci\u00f3n suele ser menos accesible, es probable que esta tendencia contin\u00fae.   <\/p>\n<h3>Estad\u00edsticas de formaci\u00f3n presencial\/virtual<\/h3>\n<ul>\n<li>Durante este trimestre se <strong>ofrecieron<\/strong> 407 sesiones de formaci\u00f3n aprobadas por el Registry, <strong>presenciales<\/strong> y <strong>virtuales<\/strong>.<br \/>\nDe este total:<br \/>\nEl 41% estaba abierto al p\u00fablico*<br \/>\nEl 59% se ofreci\u00f3 internamente\/no estaba abierto al p\u00fablico (y no se public\u00f3 en el <a href=\"https:\/\/ww2.nevadaregistry.org\/Calendar\/\">Calendario de formaci\u00f3n<\/a>)<\/li>\n<\/ul>\n<h6><em>*El <a href=\"https:\/\/ww2.nevadaregistry.org\/Calendar\/\">Calendario de formaci\u00f3n<\/a> solo muestra las sesiones de formaci\u00f3n presenciales y virtuales que est\u00e1n <strong>abiertas al p\u00fablico<\/strong>. No debe asumirse que los eventos que figuran en el calendario representan toda la formaci\u00f3n disponible en un momento dado.  <\/em><\/h6>\n<h3>Estad\u00edsticas de formaci\u00f3n en l\u00ednea<\/h3>\n<ul>\n<li>Actualmente hay 1682 cursos en l\u00ednea aprobados\/publicados en el <a href=\"https:\/\/ww2.nevadaregistry.org\/Calendar\/\">Calendario de formaci\u00f3n<\/a><\/li>\n<\/ul>\n<p>The Nevada Registry ha establecido asociaciones de transferencia de datos con <a href=\"https:\/\/www.cceifame.com\/login.cfm\">ChildCare Education Institute<\/a> (CCEI) y <a href=\"https:\/\/www.prosolutionstraining.com\/index.cfm\">ProSolutions Training<\/a> para importar electr\u00f3nicamente las formaciones en l\u00ednea aprobadas por el Registro y completadas a las cuentas de membres\u00eda de los miembros activos del Registro. Estas importaciones se realizan semanalmente a trav\u00e9s de un proceso seguro de transferencia de datos. Como resultado, ahora podemos informar sobre el n\u00famero de cursos en l\u00ednea que se est\u00e1n completando a trav\u00e9s de estas dos organizaciones.  <\/p>\n<ul>\n<li><strong>ChildCare Education Institute<\/strong><br \/>\nN\u00famero total de cursos en l\u00ednea de CCEI actualmente <strong>aprobados: <\/strong>215<br \/>\nN\u00famero de cursos de CCEI<strong> completados<\/strong> por miembros activos del Registry <strong>durante este trimestre<\/strong>: 1544<\/li>\n<\/ul>\n<ul>\n<li><strong>ProSolutions Training<\/strong><br \/>\nN\u00famero total de cursos en l\u00ednea de ProSolutions Training actualmente <strong>aprobados<\/strong>: 185<br \/>\nN\u00famero de cursos de ProSolutions<strong> completados<\/strong> por miembros activos del Registry <strong>durante este trimestre<\/strong>: 1595<\/li>\n<\/ul>\n<h3>Sesiones de formaci\u00f3n por \u00c1reas de Conocimiento Esenciales (CKA)<\/h3>\n<\/div>\n<div id=\"hidbg\">\n<div id=\"owrap\">\n<div id=\"wrap\">\n<div id=\"content\">\n\n<table id=\"tablepress-35\" class=\"tablepress tablepress-id-35\">\n<thead>\n<tr class=\"row-1\">\n\t<th class=\"column-1\">Core Knowledge Area<\/th><th class=\"column-2\">Percentage of Total<\/th>\n<\/tr>\n<\/thead>\n<tbody class=\"row-striping row-hover\">\n<tr class=\"row-2\">\n\t<td class=\"column-1\">Human Growth and Development<\/td><td class=\"column-2\">17.31%<\/td>\n<\/tr>\n<tr class=\"row-3\">\n\t<td class=\"column-1\">Positive Interactions and Guidance<\/td><td class=\"column-2\">21.26%<\/td>\n<\/tr>\n<tr class=\"row-4\">\n\t<td class=\"column-1\">Observation and Assessment<\/td><td class=\"column-2\">5.31%<\/td>\n<\/tr>\n<tr class=\"row-5\">\n\t<td class=\"column-1\">Environment and Curriculum<\/td><td class=\"column-2\">22.62%<\/td>\n<\/tr>\n<tr class=\"row-6\">\n\t<td class=\"column-1\">Health, Nutrition and Safety<\/td><td class=\"column-2\">14.21%<\/td>\n<\/tr>\n<tr class=\"row-7\">\n\t<td class=\"column-1\">Leadership and Professional Development<\/td><td class=\"column-2\">8.27%<\/td>\n<\/tr>\n<tr class=\"row-8\">\n\t<td class=\"column-1\">Family and Community Relationships<\/td><td class=\"column-2\">5.31%<\/td>\n<\/tr>\n<tr class=\"row-9\">\n\t<td class=\"column-1\">Management and Administration<\/td><td class=\"column-2\">5.71%<\/td>\n<\/tr>\n<\/tbody>\n<\/table>\n<!-- #tablepress-35 from cache -->\n<\/div>\n<\/div>\n<\/div>\n<\/div>\n<\/div>\n<\/div>\n<\/div>\n","protected":false},"excerpt":{"rendered":"<p>A 30 de septiembre de 2020 Estad\u00edsticas de FORMADORES N\u00famero total de formadores: 261 El n\u00famero total de formadores incluye&#8230;<\/p>\n","protected":false},"author":2,"featured_media":0,"parent":13215,"menu_order":6,"comment_status":"closed","ping_status":"closed","template":"page-secondary.php","meta":{"_acf_changed":false,"footnotes":""},"class_list":["post-13229","page","type-page","status-publish","hentry"],"acf":[],"yoast_head":"<!-- This site is optimized with the Yoast SEO plugin v27.2 - https:\/\/yoast.com\/product\/yoast-seo-wordpress\/ -->\n<title>Datos del tercer trimestre de 2020: aprobaci\u00f3n de formadores\/formaci\u00f3n - The Nevada Registry<\/title>\n<meta name=\"description\" content=\"A 30 de septiembre de 2020 Estad\u00edsticas de FORMADORES N\u00famero total de formadores: 261 El n\u00famero total de formadores incluye formadores aprobados y\" \/>\n<meta name=\"robots\" content=\"index, follow, max-snippet:-1, max-image-preview:large, max-video-preview:-1\" \/>\n<link rel=\"canonical\" href=\"https:\/\/www.nevadaregistry.org\/es\/estadisticas-del-programa-2020\/datos-del-tercer-trimestre-de-2020-aprobacion-de-formadores-formacion\/\" \/>\n<meta property=\"og:locale\" content=\"es_ES\" \/>\n<meta property=\"og:type\" content=\"article\" \/>\n<meta property=\"og:title\" content=\"Datos del tercer trimestre de 2020: aprobaci\u00f3n de formadores\/formaci\u00f3n - The Nevada Registry\" \/>\n<meta property=\"og:description\" content=\"A 30 de septiembre de 2020 Estad\u00edsticas de FORMADORES N\u00famero total de formadores: 261 El n\u00famero total de formadores incluye formadores aprobados y\" \/>\n<meta property=\"og:url\" content=\"https:\/\/www.nevadaregistry.org\/es\/estadisticas-del-programa-2020\/datos-del-tercer-trimestre-de-2020-aprobacion-de-formadores-formacion\/\" \/>\n<meta property=\"og:site_name\" content=\"The Nevada Registry\" \/>\n<meta property=\"article:publisher\" content=\"https:\/\/www.facebook.com\/nevadaregistry\" \/>\n<meta property=\"article:modified_time\" content=\"2026-03-06T15:43:36+00:00\" \/>\n<meta property=\"og:image\" content=\"https:\/\/www.nevadaregistry.org\/wp-content\/uploads\/2020\/10\/NevadaRegistryOGImage.jpg\" \/>\n\t<meta property=\"og:image:width\" content=\"1200\" \/>\n\t<meta property=\"og:image:height\" content=\"630\" \/>\n\t<meta property=\"og:image:type\" content=\"image\/jpeg\" \/>\n<meta name=\"twitter:card\" content=\"summary_large_image\" \/>\n<meta name=\"twitter:label1\" content=\"Tiempo de lectura\" \/>\n\t<meta name=\"twitter:data1\" content=\"4 minutos\" \/>\n<script type=\"application\/ld+json\" class=\"yoast-schema-graph\">{\"@context\":\"https:\/\/schema.org\",\"@graph\":[{\"@type\":\"WebPage\",\"@id\":\"https:\/\/www.nevadaregistry.org\/es\/estadisticas-del-programa-2020\/datos-del-tercer-trimestre-de-2020-aprobacion-de-formadores-formacion\/\",\"url\":\"https:\/\/www.nevadaregistry.org\/es\/estadisticas-del-programa-2020\/datos-del-tercer-trimestre-de-2020-aprobacion-de-formadores-formacion\/\",\"name\":\"Datos del tercer trimestre de 2020: aprobaci\u00f3n de formadores\/formaci\u00f3n - The Nevada Registry\",\"isPartOf\":{\"@id\":\"https:\/\/www.nevadaregistry.org\/es\/#website\"},\"datePublished\":\"2020-10-18T19:42:37+00:00\",\"dateModified\":\"2026-03-06T15:43:36+00:00\",\"description\":\"A 30 de septiembre de 2020 Estad\u00edsticas de FORMADORES N\u00famero total de formadores: 261 El n\u00famero total de formadores incluye formadores aprobados y\",\"breadcrumb\":{\"@id\":\"https:\/\/www.nevadaregistry.org\/es\/estadisticas-del-programa-2020\/datos-del-tercer-trimestre-de-2020-aprobacion-de-formadores-formacion\/#breadcrumb\"},\"inLanguage\":\"es\",\"potentialAction\":[{\"@type\":\"ReadAction\",\"target\":[\"https:\/\/www.nevadaregistry.org\/es\/estadisticas-del-programa-2020\/datos-del-tercer-trimestre-de-2020-aprobacion-de-formadores-formacion\/\"]}]},{\"@type\":\"BreadcrumbList\",\"@id\":\"https:\/\/www.nevadaregistry.org\/es\/estadisticas-del-programa-2020\/datos-del-tercer-trimestre-de-2020-aprobacion-de-formadores-formacion\/#breadcrumb\",\"itemListElement\":[{\"@type\":\"ListItem\",\"position\":1,\"name\":\"Home\",\"item\":\"https:\/\/www.nevadaregistry.org\/es\/pagina-principal\/\"},{\"@type\":\"ListItem\",\"position\":2,\"name\":\"Estad\u00edsticas del programa de 2020\",\"item\":\"https:\/\/www.nevadaregistry.org\/es\/estadisticas-del-programa-2020\/\"},{\"@type\":\"ListItem\",\"position\":3,\"name\":\"Datos del tercer trimestre de 2020: aprobaci\u00f3n de formadores\/formaci\u00f3n\"}]},{\"@type\":\"WebSite\",\"@id\":\"https:\/\/www.nevadaregistry.org\/es\/#website\",\"url\":\"https:\/\/www.nevadaregistry.org\/es\/\",\"name\":\"The Nevada Registry\",\"description\":\"Workforce data system capturing information about the Early Childhood Education and Care (ECEC) workforce in Nevada.\",\"publisher\":{\"@id\":\"https:\/\/www.nevadaregistry.org\/es\/#organization\"},\"potentialAction\":[{\"@type\":\"SearchAction\",\"target\":{\"@type\":\"EntryPoint\",\"urlTemplate\":\"https:\/\/www.nevadaregistry.org\/es\/?s={search_term_string}\"},\"query-input\":{\"@type\":\"PropertyValueSpecification\",\"valueRequired\":true,\"valueName\":\"search_term_string\"}}],\"inLanguage\":\"es\"},{\"@type\":\"Organization\",\"@id\":\"https:\/\/www.nevadaregistry.org\/es\/#organization\",\"name\":\"El Nevada Registry\",\"url\":\"https:\/\/www.nevadaregistry.org\/es\/\",\"logo\":{\"@type\":\"ImageObject\",\"inLanguage\":\"es\",\"@id\":\"https:\/\/www.nevadaregistry.org\/es\/#\/schema\/logo\/image\/\",\"url\":\"https:\/\/www.nevadaregistry.org\/wp-content\/uploads\/2020\/10\/tnr-logo-purple-copy.jpg\",\"contentUrl\":\"https:\/\/www.nevadaregistry.org\/wp-content\/uploads\/2020\/10\/tnr-logo-purple-copy.jpg\",\"width\":\"900\",\"height\":\"562\",\"caption\":\"El Nevada Registry\"},\"image\":{\"@id\":\"https:\/\/www.nevadaregistry.org\/es\/#\/schema\/logo\/image\/\"},\"sameAs\":[\"https:\/\/www.facebook.com\/nevadaregistry\"]}]}<\/script>\n<!-- \/ Yoast SEO plugin. -->","yoast_head_json":{"title":"Datos del tercer trimestre de 2020: aprobaci\u00f3n de formadores\/formaci\u00f3n - The Nevada Registry","description":"A 30 de septiembre de 2020 Estad\u00edsticas de FORMADORES N\u00famero total de formadores: 261 El n\u00famero total de formadores incluye formadores aprobados y","robots":{"index":"index","follow":"follow","max-snippet":"max-snippet:-1","max-image-preview":"max-image-preview:large","max-video-preview":"max-video-preview:-1"},"canonical":"https:\/\/www.nevadaregistry.org\/es\/estadisticas-del-programa-2020\/datos-del-tercer-trimestre-de-2020-aprobacion-de-formadores-formacion\/","og_locale":"es_ES","og_type":"article","og_title":"Datos del tercer trimestre de 2020: aprobaci\u00f3n de formadores\/formaci\u00f3n - The Nevada Registry","og_description":"A 30 de septiembre de 2020 Estad\u00edsticas de FORMADORES N\u00famero total de formadores: 261 El n\u00famero total de formadores incluye formadores aprobados y","og_url":"https:\/\/www.nevadaregistry.org\/es\/estadisticas-del-programa-2020\/datos-del-tercer-trimestre-de-2020-aprobacion-de-formadores-formacion\/","og_site_name":"The Nevada Registry","article_publisher":"https:\/\/www.facebook.com\/nevadaregistry","article_modified_time":"2026-03-06T15:43:36+00:00","og_image":[{"width":1200,"height":630,"url":"https:\/\/www.nevadaregistry.org\/wp-content\/uploads\/2020\/10\/NevadaRegistryOGImage.jpg","type":"image\/jpeg"}],"twitter_card":"summary_large_image","twitter_misc":{"Tiempo de lectura":"4 minutos"},"schema":{"@context":"https:\/\/schema.org","@graph":[{"@type":"WebPage","@id":"https:\/\/www.nevadaregistry.org\/es\/estadisticas-del-programa-2020\/datos-del-tercer-trimestre-de-2020-aprobacion-de-formadores-formacion\/","url":"https:\/\/www.nevadaregistry.org\/es\/estadisticas-del-programa-2020\/datos-del-tercer-trimestre-de-2020-aprobacion-de-formadores-formacion\/","name":"Datos del tercer trimestre de 2020: aprobaci\u00f3n de formadores\/formaci\u00f3n - The Nevada Registry","isPartOf":{"@id":"https:\/\/www.nevadaregistry.org\/es\/#website"},"datePublished":"2020-10-18T19:42:37+00:00","dateModified":"2026-03-06T15:43:36+00:00","description":"A 30 de septiembre de 2020 Estad\u00edsticas de FORMADORES N\u00famero total de formadores: 261 El n\u00famero total de formadores incluye formadores aprobados y","breadcrumb":{"@id":"https:\/\/www.nevadaregistry.org\/es\/estadisticas-del-programa-2020\/datos-del-tercer-trimestre-de-2020-aprobacion-de-formadores-formacion\/#breadcrumb"},"inLanguage":"es","potentialAction":[{"@type":"ReadAction","target":["https:\/\/www.nevadaregistry.org\/es\/estadisticas-del-programa-2020\/datos-del-tercer-trimestre-de-2020-aprobacion-de-formadores-formacion\/"]}]},{"@type":"BreadcrumbList","@id":"https:\/\/www.nevadaregistry.org\/es\/estadisticas-del-programa-2020\/datos-del-tercer-trimestre-de-2020-aprobacion-de-formadores-formacion\/#breadcrumb","itemListElement":[{"@type":"ListItem","position":1,"name":"Home","item":"https:\/\/www.nevadaregistry.org\/es\/pagina-principal\/"},{"@type":"ListItem","position":2,"name":"Estad\u00edsticas del programa de 2020","item":"https:\/\/www.nevadaregistry.org\/es\/estadisticas-del-programa-2020\/"},{"@type":"ListItem","position":3,"name":"Datos del tercer trimestre de 2020: aprobaci\u00f3n de formadores\/formaci\u00f3n"}]},{"@type":"WebSite","@id":"https:\/\/www.nevadaregistry.org\/es\/#website","url":"https:\/\/www.nevadaregistry.org\/es\/","name":"The Nevada Registry","description":"Workforce data system capturing information about the Early Childhood Education and Care (ECEC) workforce in Nevada.","publisher":{"@id":"https:\/\/www.nevadaregistry.org\/es\/#organization"},"potentialAction":[{"@type":"SearchAction","target":{"@type":"EntryPoint","urlTemplate":"https:\/\/www.nevadaregistry.org\/es\/?s={search_term_string}"},"query-input":{"@type":"PropertyValueSpecification","valueRequired":true,"valueName":"search_term_string"}}],"inLanguage":"es"},{"@type":"Organization","@id":"https:\/\/www.nevadaregistry.org\/es\/#organization","name":"El Nevada Registry","url":"https:\/\/www.nevadaregistry.org\/es\/","logo":{"@type":"ImageObject","inLanguage":"es","@id":"https:\/\/www.nevadaregistry.org\/es\/#\/schema\/logo\/image\/","url":"https:\/\/www.nevadaregistry.org\/wp-content\/uploads\/2020\/10\/tnr-logo-purple-copy.jpg","contentUrl":"https:\/\/www.nevadaregistry.org\/wp-content\/uploads\/2020\/10\/tnr-logo-purple-copy.jpg","width":"900","height":"562","caption":"El Nevada Registry"},"image":{"@id":"https:\/\/www.nevadaregistry.org\/es\/#\/schema\/logo\/image\/"},"sameAs":["https:\/\/www.facebook.com\/nevadaregistry"]}]}},"_links":{"self":[{"href":"https:\/\/www.nevadaregistry.org\/es\/wp-json\/wp\/v2\/pages\/13229","targetHints":{"allow":["GET"]}}],"collection":[{"href":"https:\/\/www.nevadaregistry.org\/es\/wp-json\/wp\/v2\/pages"}],"about":[{"href":"https:\/\/www.nevadaregistry.org\/es\/wp-json\/wp\/v2\/types\/page"}],"author":[{"embeddable":true,"href":"https:\/\/www.nevadaregistry.org\/es\/wp-json\/wp\/v2\/users\/2"}],"replies":[{"embeddable":true,"href":"https:\/\/www.nevadaregistry.org\/es\/wp-json\/wp\/v2\/comments?post=13229"}],"version-history":[{"count":2,"href":"https:\/\/www.nevadaregistry.org\/es\/wp-json\/wp\/v2\/pages\/13229\/revisions"}],"predecessor-version":[{"id":18146,"href":"https:\/\/www.nevadaregistry.org\/es\/wp-json\/wp\/v2\/pages\/13229\/revisions\/18146"}],"up":[{"embeddable":true,"href":"https:\/\/www.nevadaregistry.org\/es\/wp-json\/wp\/v2\/pages\/13215"}],"wp:attachment":[{"href":"https:\/\/www.nevadaregistry.org\/es\/wp-json\/wp\/v2\/media?parent=13229"}],"curies":[{"name":"wp","href":"https:\/\/api.w.org\/{rel}","templated":true}]}}