{"id":13231,"date":"2020-10-09T10:52:35","date_gmt":"2020-10-09T17:52:35","guid":{"rendered":"https:\/\/www.nevadaregistry.org\/advertencia-al-comprador-fabricas-de-titulos-diplomas\/"},"modified":"2026-03-06T09:01:10","modified_gmt":"2026-03-06T17:01:10","slug":"advertencia-al-comprador-fabricas-de-titulos-diplomas","status":"publish","type":"page","link":"https:\/\/www.nevadaregistry.org\/es\/recursos-de-ece\/recursos-educativos\/advertencia-al-comprador-fabricas-de-titulos-diplomas\/","title":{"rendered":"Atenci\u00f3n al comprador: F\u00e1bricas de t\u00edtulos\/diplomas"},"content":{"rendered":"<div id=\"hidbg\">\n<div id=\"owrap\">\n<div id=\"wrap\">\n<div id=\"content\">\n<p>Existen muchos programas de titulaci\u00f3n fiables, pero tambi\u00e9n hay algunos que no lo son. Por esta raz\u00f3n, es fundamental que investigues a fondo las instituciones de fuera del estado y los programas de titulaci\u00f3n en l\u00ednea antes de inscribirte. <\/p>\n<h3>\u00bfQu\u00e9 es una f\u00e1brica de diplomas?<\/h3>\n<p>La  <a href=\"http:\/\/www2.ed.gov\/policy\/highered\/leg\/hea08\/index.html\">Ley de Oportunidades de Educaci\u00f3n Superior<\/a> define una f\u00e1brica de diplomas de la siguiente manera:<\/p>\n<p>F\u00e1brica de diplomas: El t\u00e9rmino \u201cf\u00e1brica de diplomas\u201d se refiere a una entidad que; (A)(i) ofrece, por una tarifa, t\u00edtulos, diplomas o certificados que pueden utilizarse para representar al p\u00fablico en general que la persona que posee dicho t\u00edtulo, diploma o certificado ha completado un programa de educaci\u00f3n o formaci\u00f3n postsecundaria; y (ii) requiere que dicha persona complete poca o ninguna educaci\u00f3n o cursos para obtener dicho t\u00edtulo, diploma o certificado; y (B) carece de acreditaci\u00f3n por parte de una agencia u asociaci\u00f3n de acreditaci\u00f3n reconocida como agencia u asociaci\u00f3n de acreditaci\u00f3n de instituciones de educaci\u00f3n superior.<\/p>\n<p>En otras palabras, las f\u00e1bricas de diplomas son escuelas que est\u00e1n m\u00e1s interesadas en quedarse con tu dinero que en proporcionarte una educaci\u00f3n de calidad. Es importante que sepas c\u00f3mo protegerte como consumidor. <\/p>\n<h3>\u00a1Presta atenci\u00f3n a las se\u00f1ales de alerta!<\/h3>\n<p>El  <a href=\"http:\/\/www.bbb.org\/\">Better Business Bureau<\/a> sugiere que est\u00e9s atento a las siguientes se\u00f1ales de alerta al considerar si inscribirte o no en una escuela:<\/p>\n<ul>\n<li>T\u00edtulos que se pueden obtener en menos tiempo que en una instituci\u00f3n postsecundaria acreditada. Un ejemplo ser\u00eda obtener una licenciatura en pocos meses. <\/li>\n<li>Una lista de agencias de acreditaci\u00f3n que suena demasiado impresionante. A menudo, estas escuelas enumeran acreditaciones de organizaciones que no est\u00e1n reconocidas por el Departamento de Educaci\u00f3n de EE. UU. o el Consejo para la Acreditaci\u00f3n de la Educaci\u00f3n Superior (las dos organizaciones reputadas que reconocen a las agencias de acreditaci\u00f3n). <a href=\"http:\/\/ope.ed.gov\/accreditation\/\">Encuentra una escuela acreditada<\/a>. <\/li>\n<li>Ofertas que hacen un \u00e9nfasis poco realista en ofrecer cr\u00e9ditos universitarios por experiencia vital o del mundo real.<\/li>\n<li>Matr\u00edcula pagada por t\u00edtulo, o descuentos por inscribirse en m\u00faltiples programas de titulaci\u00f3n. Las instituciones acreditadas cobran por horas de cr\u00e9dito, curso o semestre. <\/li>\n<li>Poca o ninguna interacci\u00f3n con los profesores.<\/li>\n<li>Nombres similares a universidades reputadas y conocidas.<\/li>\n<li>Direcciones que son apartados de correos o suites y\/o instituciones que no tienen n\u00fameros de contacto telef\u00f3nico, direcciones, departamentos o profesorado.<\/li>\n<\/ul>\n<p>Si a\u00fan tienes dudas, ponte en contacto con el <a href=\"http:\/\/www.bbb.org\/\">Better Business Bureau<\/a> o la oficina del Fiscal General del estado para asegurarte de que la escuela opera legalmente en un estado y para ver si alguien ha presentado una queja.<\/p>\n<\/div>\n<\/div>\n<\/div>\n<\/div>\n","protected":false},"excerpt":{"rendered":"<p>Existen muchos programas de titulaci\u00f3n fiables, pero tambi\u00e9n hay algunos que no lo son. Por esta raz\u00f3n, es fundamental que&#8230;<\/p>\n","protected":false},"author":2,"featured_media":0,"parent":13239,"menu_order":0,"comment_status":"closed","ping_status":"closed","template":"","meta":{"_acf_changed":false,"footnotes":""},"class_list":["post-13231","page","type-page","status-publish","hentry"],"acf":[],"yoast_head":"<!-- This site is optimized with the Yoast SEO plugin v27.2 - https:\/\/yoast.com\/product\/yoast-seo-wordpress\/ -->\n<title>Atenci\u00f3n al comprador: F\u00e1bricas de t\u00edtulos\/diplomas - The Nevada Registry<\/title>\n<meta name=\"description\" content=\"Existen muchos programas de titulaci\u00f3n fiables, pero tambi\u00e9n hay algunos que no lo son. Por esta raz\u00f3n, es fundamental que investigues a fondo las\" \/>\n<meta name=\"robots\" content=\"index, follow, max-snippet:-1, max-image-preview:large, max-video-preview:-1\" \/>\n<link rel=\"canonical\" href=\"https:\/\/www.nevadaregistry.org\/es\/recursos-de-ece\/recursos-educativos\/advertencia-al-comprador-fabricas-de-titulos-diplomas\/\" \/>\n<meta property=\"og:locale\" content=\"es_ES\" \/>\n<meta property=\"og:type\" content=\"article\" \/>\n<meta property=\"og:title\" content=\"Atenci\u00f3n al comprador: F\u00e1bricas de t\u00edtulos\/diplomas - The Nevada Registry\" \/>\n<meta property=\"og:description\" content=\"Existen muchos programas de titulaci\u00f3n fiables, pero tambi\u00e9n hay algunos que no lo son. Por esta raz\u00f3n, es fundamental que investigues a fondo las\" \/>\n<meta property=\"og:url\" content=\"https:\/\/www.nevadaregistry.org\/es\/recursos-de-ece\/recursos-educativos\/advertencia-al-comprador-fabricas-de-titulos-diplomas\/\" \/>\n<meta property=\"og:site_name\" content=\"The Nevada Registry\" \/>\n<meta property=\"article:publisher\" content=\"https:\/\/www.facebook.com\/nevadaregistry\" \/>\n<meta property=\"article:modified_time\" content=\"2026-03-06T17:01:10+00:00\" \/>\n<meta property=\"og:image\" content=\"https:\/\/www.nevadaregistry.org\/wp-content\/uploads\/2020\/10\/NevadaRegistryOGImage.jpg\" \/>\n\t<meta property=\"og:image:width\" content=\"1200\" \/>\n\t<meta property=\"og:image:height\" content=\"630\" \/>\n\t<meta property=\"og:image:type\" content=\"image\/jpeg\" \/>\n<meta name=\"twitter:card\" content=\"summary_large_image\" \/>\n<meta name=\"twitter:label1\" content=\"Tiempo de lectura\" \/>\n\t<meta name=\"twitter:data1\" content=\"2 minutos\" \/>\n<script type=\"application\/ld+json\" class=\"yoast-schema-graph\">{\"@context\":\"https:\/\/schema.org\",\"@graph\":[{\"@type\":\"WebPage\",\"@id\":\"https:\/\/www.nevadaregistry.org\/es\/recursos-de-ece\/recursos-educativos\/advertencia-al-comprador-fabricas-de-titulos-diplomas\/\",\"url\":\"https:\/\/www.nevadaregistry.org\/es\/recursos-de-ece\/recursos-educativos\/advertencia-al-comprador-fabricas-de-titulos-diplomas\/\",\"name\":\"Atenci\u00f3n al comprador: F\u00e1bricas de t\u00edtulos\/diplomas - The Nevada Registry\",\"isPartOf\":{\"@id\":\"https:\/\/www.nevadaregistry.org\/es\/#website\"},\"datePublished\":\"2020-10-09T17:52:35+00:00\",\"dateModified\":\"2026-03-06T17:01:10+00:00\",\"description\":\"Existen muchos programas de titulaci\u00f3n fiables, pero tambi\u00e9n hay algunos que no lo son. Por esta raz\u00f3n, es fundamental que investigues a fondo las\",\"breadcrumb\":{\"@id\":\"https:\/\/www.nevadaregistry.org\/es\/recursos-de-ece\/recursos-educativos\/advertencia-al-comprador-fabricas-de-titulos-diplomas\/#breadcrumb\"},\"inLanguage\":\"es\",\"potentialAction\":[{\"@type\":\"ReadAction\",\"target\":[\"https:\/\/www.nevadaregistry.org\/es\/recursos-de-ece\/recursos-educativos\/advertencia-al-comprador-fabricas-de-titulos-diplomas\/\"]}]},{\"@type\":\"BreadcrumbList\",\"@id\":\"https:\/\/www.nevadaregistry.org\/es\/recursos-de-ece\/recursos-educativos\/advertencia-al-comprador-fabricas-de-titulos-diplomas\/#breadcrumb\",\"itemListElement\":[{\"@type\":\"ListItem\",\"position\":1,\"name\":\"Home\",\"item\":\"https:\/\/www.nevadaregistry.org\/es\/pagina-principal\/\"},{\"@type\":\"ListItem\",\"position\":2,\"name\":\"Recursos de ECE de The Nevada Registry\",\"item\":\"https:\/\/www.nevadaregistry.org\/es\/recursos-de-ece\/\"},{\"@type\":\"ListItem\",\"position\":3,\"name\":\"Recursos educativos\",\"item\":\"https:\/\/www.nevadaregistry.org\/es\/recursos-de-ece\/recursos-educativos\/\"},{\"@type\":\"ListItem\",\"position\":4,\"name\":\"Atenci\u00f3n al comprador: F\u00e1bricas de t\u00edtulos\/diplomas\"}]},{\"@type\":\"WebSite\",\"@id\":\"https:\/\/www.nevadaregistry.org\/es\/#website\",\"url\":\"https:\/\/www.nevadaregistry.org\/es\/\",\"name\":\"The Nevada Registry\",\"description\":\"Workforce data system capturing information about the Early Childhood Education and Care (ECEC) workforce in Nevada.\",\"publisher\":{\"@id\":\"https:\/\/www.nevadaregistry.org\/es\/#organization\"},\"potentialAction\":[{\"@type\":\"SearchAction\",\"target\":{\"@type\":\"EntryPoint\",\"urlTemplate\":\"https:\/\/www.nevadaregistry.org\/es\/?s={search_term_string}\"},\"query-input\":{\"@type\":\"PropertyValueSpecification\",\"valueRequired\":true,\"valueName\":\"search_term_string\"}}],\"inLanguage\":\"es\"},{\"@type\":\"Organization\",\"@id\":\"https:\/\/www.nevadaregistry.org\/es\/#organization\",\"name\":\"El Nevada Registry\",\"url\":\"https:\/\/www.nevadaregistry.org\/es\/\",\"logo\":{\"@type\":\"ImageObject\",\"inLanguage\":\"es\",\"@id\":\"https:\/\/www.nevadaregistry.org\/es\/#\/schema\/logo\/image\/\",\"url\":\"https:\/\/www.nevadaregistry.org\/wp-content\/uploads\/2020\/10\/tnr-logo-purple-copy.jpg\",\"contentUrl\":\"https:\/\/www.nevadaregistry.org\/wp-content\/uploads\/2020\/10\/tnr-logo-purple-copy.jpg\",\"width\":\"900\",\"height\":\"562\",\"caption\":\"El Nevada Registry\"},\"image\":{\"@id\":\"https:\/\/www.nevadaregistry.org\/es\/#\/schema\/logo\/image\/\"},\"sameAs\":[\"https:\/\/www.facebook.com\/nevadaregistry\"]}]}<\/script>\n<!-- \/ Yoast SEO plugin. -->","yoast_head_json":{"title":"Atenci\u00f3n al comprador: F\u00e1bricas de t\u00edtulos\/diplomas - The Nevada Registry","description":"Existen muchos programas de titulaci\u00f3n fiables, pero tambi\u00e9n hay algunos que no lo son. Por esta raz\u00f3n, es fundamental que investigues a fondo las","robots":{"index":"index","follow":"follow","max-snippet":"max-snippet:-1","max-image-preview":"max-image-preview:large","max-video-preview":"max-video-preview:-1"},"canonical":"https:\/\/www.nevadaregistry.org\/es\/recursos-de-ece\/recursos-educativos\/advertencia-al-comprador-fabricas-de-titulos-diplomas\/","og_locale":"es_ES","og_type":"article","og_title":"Atenci\u00f3n al comprador: F\u00e1bricas de t\u00edtulos\/diplomas - The Nevada Registry","og_description":"Existen muchos programas de titulaci\u00f3n fiables, pero tambi\u00e9n hay algunos que no lo son. Por esta raz\u00f3n, es fundamental que investigues a fondo las","og_url":"https:\/\/www.nevadaregistry.org\/es\/recursos-de-ece\/recursos-educativos\/advertencia-al-comprador-fabricas-de-titulos-diplomas\/","og_site_name":"The Nevada Registry","article_publisher":"https:\/\/www.facebook.com\/nevadaregistry","article_modified_time":"2026-03-06T17:01:10+00:00","og_image":[{"width":1200,"height":630,"url":"https:\/\/www.nevadaregistry.org\/wp-content\/uploads\/2020\/10\/NevadaRegistryOGImage.jpg","type":"image\/jpeg"}],"twitter_card":"summary_large_image","twitter_misc":{"Tiempo de lectura":"2 minutos"},"schema":{"@context":"https:\/\/schema.org","@graph":[{"@type":"WebPage","@id":"https:\/\/www.nevadaregistry.org\/es\/recursos-de-ece\/recursos-educativos\/advertencia-al-comprador-fabricas-de-titulos-diplomas\/","url":"https:\/\/www.nevadaregistry.org\/es\/recursos-de-ece\/recursos-educativos\/advertencia-al-comprador-fabricas-de-titulos-diplomas\/","name":"Atenci\u00f3n al comprador: F\u00e1bricas de t\u00edtulos\/diplomas - The Nevada Registry","isPartOf":{"@id":"https:\/\/www.nevadaregistry.org\/es\/#website"},"datePublished":"2020-10-09T17:52:35+00:00","dateModified":"2026-03-06T17:01:10+00:00","description":"Existen muchos programas de titulaci\u00f3n fiables, pero tambi\u00e9n hay algunos que no lo son. Por esta raz\u00f3n, es fundamental que investigues a fondo las","breadcrumb":{"@id":"https:\/\/www.nevadaregistry.org\/es\/recursos-de-ece\/recursos-educativos\/advertencia-al-comprador-fabricas-de-titulos-diplomas\/#breadcrumb"},"inLanguage":"es","potentialAction":[{"@type":"ReadAction","target":["https:\/\/www.nevadaregistry.org\/es\/recursos-de-ece\/recursos-educativos\/advertencia-al-comprador-fabricas-de-titulos-diplomas\/"]}]},{"@type":"BreadcrumbList","@id":"https:\/\/www.nevadaregistry.org\/es\/recursos-de-ece\/recursos-educativos\/advertencia-al-comprador-fabricas-de-titulos-diplomas\/#breadcrumb","itemListElement":[{"@type":"ListItem","position":1,"name":"Home","item":"https:\/\/www.nevadaregistry.org\/es\/pagina-principal\/"},{"@type":"ListItem","position":2,"name":"Recursos de ECE de The Nevada Registry","item":"https:\/\/www.nevadaregistry.org\/es\/recursos-de-ece\/"},{"@type":"ListItem","position":3,"name":"Recursos educativos","item":"https:\/\/www.nevadaregistry.org\/es\/recursos-de-ece\/recursos-educativos\/"},{"@type":"ListItem","position":4,"name":"Atenci\u00f3n al comprador: F\u00e1bricas de t\u00edtulos\/diplomas"}]},{"@type":"WebSite","@id":"https:\/\/www.nevadaregistry.org\/es\/#website","url":"https:\/\/www.nevadaregistry.org\/es\/","name":"The Nevada Registry","description":"Workforce data system capturing information about the Early Childhood Education and Care (ECEC) workforce in Nevada.","publisher":{"@id":"https:\/\/www.nevadaregistry.org\/es\/#organization"},"potentialAction":[{"@type":"SearchAction","target":{"@type":"EntryPoint","urlTemplate":"https:\/\/www.nevadaregistry.org\/es\/?s={search_term_string}"},"query-input":{"@type":"PropertyValueSpecification","valueRequired":true,"valueName":"search_term_string"}}],"inLanguage":"es"},{"@type":"Organization","@id":"https:\/\/www.nevadaregistry.org\/es\/#organization","name":"El Nevada Registry","url":"https:\/\/www.nevadaregistry.org\/es\/","logo":{"@type":"ImageObject","inLanguage":"es","@id":"https:\/\/www.nevadaregistry.org\/es\/#\/schema\/logo\/image\/","url":"https:\/\/www.nevadaregistry.org\/wp-content\/uploads\/2020\/10\/tnr-logo-purple-copy.jpg","contentUrl":"https:\/\/www.nevadaregistry.org\/wp-content\/uploads\/2020\/10\/tnr-logo-purple-copy.jpg","width":"900","height":"562","caption":"El Nevada Registry"},"image":{"@id":"https:\/\/www.nevadaregistry.org\/es\/#\/schema\/logo\/image\/"},"sameAs":["https:\/\/www.facebook.com\/nevadaregistry"]}]}},"_links":{"self":[{"href":"https:\/\/www.nevadaregistry.org\/es\/wp-json\/wp\/v2\/pages\/13231","targetHints":{"allow":["GET"]}}],"collection":[{"href":"https:\/\/www.nevadaregistry.org\/es\/wp-json\/wp\/v2\/pages"}],"about":[{"href":"https:\/\/www.nevadaregistry.org\/es\/wp-json\/wp\/v2\/types\/page"}],"author":[{"embeddable":true,"href":"https:\/\/www.nevadaregistry.org\/es\/wp-json\/wp\/v2\/users\/2"}],"replies":[{"embeddable":true,"href":"https:\/\/www.nevadaregistry.org\/es\/wp-json\/wp\/v2\/comments?post=13231"}],"version-history":[{"count":2,"href":"https:\/\/www.nevadaregistry.org\/es\/wp-json\/wp\/v2\/pages\/13231\/revisions"}],"predecessor-version":[{"id":18242,"href":"https:\/\/www.nevadaregistry.org\/es\/wp-json\/wp\/v2\/pages\/13231\/revisions\/18242"}],"up":[{"embeddable":true,"href":"https:\/\/www.nevadaregistry.org\/es\/wp-json\/wp\/v2\/pages\/13239"}],"wp:attachment":[{"href":"https:\/\/www.nevadaregistry.org\/es\/wp-json\/wp\/v2\/media?parent=13231"}],"curies":[{"name":"wp","href":"https:\/\/api.w.org\/{rel}","templated":true}]}}