{"id":13233,"date":"2020-10-09T10:54:58","date_gmt":"2020-10-09T17:54:58","guid":{"rendered":"https:\/\/www.nevadaregistry.org\/esta-considerando-la-ayuda-financiera\/"},"modified":"2025-05-01T14:46:57","modified_gmt":"2025-05-01T21:46:57","slug":"esta-considerando-la-ayuda-financiera","status":"publish","type":"page","link":"https:\/\/www.nevadaregistry.org\/es\/recursos-de-ece\/recursos-educativos\/esta-considerando-la-ayuda-financiera\/","title":{"rendered":"\u00bfEst\u00e1 considerando la ayuda financiera?"},"content":{"rendered":"<div id=\"hidbg\">\n<div id=\"owrap\">\n<div id=\"wrap\">\n<div id=\"content\">\n<h3>\u00bfQu\u00e9 es la ayuda financiera?<\/h3>\n<p>Asistencia monetaria del gobierno federal y fuentes no federales en diversas formas:<\/p>\n<ul>\n<li>Becas: Dinero gratuito o asistencia financiera que no tiene que ser reembolsado.<\/li>\n<li>Beca Pell: El monto m\u00e1ximo otorgado es de $4,731.<\/li>\n<li>Ayuda basada en el campus: Programas administrados directamente por la oficina de ayuda financiera en cada instituci\u00f3n educativa participante. No todas las instituciones ofrecen estos programas. <\/li>\n<li>Beca Federal Suplementaria para la Oportunidad Educativa (FSEOG)<\/li>\n<li>Programa Federal de Estudio y Trabajo (FWS)<\/li>\n<li>Pr\u00e9stamo Federal Perkins<\/li>\n<li>Pr\u00e9stamos: Dinero que debe ser reembolsado.<\/li>\n<li>Pr\u00e9stamos Federales para la Educaci\u00f3n Familiar (FFEL): Los fondos provienen de un banco, cooperativa de cr\u00e9dito u otro prestamista participante. Existen opciones disponibles para elegir el prestamista. Las instituciones participantes mantienen una lista de prestamistas preferidos.  <\/li>\n<li>Pr\u00e9stamos Directos: Los fondos provienen directamente del gobierno federal. Los pr\u00e9stamos pueden ser subsidiados o no subsidiados. <\/li>\n<li>Subsidiados: Un pr\u00e9stamo en el que el prestatario no tiene que preocuparse por el inter\u00e9s acumulado mientras est\u00e1 estudiando, o durante un per\u00edodo de gracia o aplazamiento.<\/li>\n<li>No subsidiados: Un pr\u00e9stamo en el que el inter\u00e9s comienza a acumularse desde el momento en que se desembolsa o utiliza el pr\u00e9stamo. El prestatario es responsable de todo el inter\u00e9s acumulado. <\/li>\n<\/ul>\n<h3>\u00bfD\u00f3nde puedo solicitar?<\/h3>\n<ul>\n<li>Instrucciones en l\u00ednea gratuitas y chat disponible para ayudar a completar los formularios de la <a href=\"http:\/\/www.fafsa.ed.gov\/\">Solicitud Gratuita de Ayuda Federal para Estudiantes<\/a> (FAFSA):<\/li>\n<li>Oficinas de Ayuda Financiera Estudiantil en cada instituci\u00f3n dentro del <a href=\"https:\/\/www.nevadaregistry.org\/es\/recursos-de-ece\/sistema-de-educacion-superior-de-nevada\/\">Sistema de Educaci\u00f3n Superior de Nevada<\/a><\/li>\n<\/ul>\n<p>La <a href=\"http:\/\/www.fafsa.ed.gov\/\">FAFSA<\/a> es la solicitud federal de ayuda financiera, pero tambi\u00e9n se utiliza para solicitar ayuda de otras fuentes, como su estado o instituci\u00f3n educativa. Los plazos estatales son normalmente mucho m\u00e1s tempranos que los plazos federales. Consulte a su oficina de ayuda financiera para obtener informaci\u00f3n sobre los plazos federales y estatales.  <\/p>\n<\/div>\n<\/div>\n<\/div>\n<\/div>\n","protected":false},"excerpt":{"rendered":"<p>\u00bfQu\u00e9 es la ayuda financiera? Asistencia monetaria del gobierno federal y fuentes no federales en diversas formas: Becas: Dinero gratuito&#8230;<\/p>\n","protected":false},"author":2,"featured_media":0,"parent":13239,"menu_order":0,"comment_status":"closed","ping_status":"closed","template":"","meta":{"_acf_changed":false,"footnotes":""},"class_list":["post-13233","page","type-page","status-publish","hentry"],"acf":[],"yoast_head":"<!-- This site is optimized with the Yoast SEO plugin v27.2 - https:\/\/yoast.com\/product\/yoast-seo-wordpress\/ -->\n<title>\u00bfEst\u00e1 considerando la ayuda financiera? - The Nevada Registry<\/title>\n<meta name=\"description\" content=\"\u00bfQu\u00e9 es la ayuda financiera? Asistencia monetaria del gobierno federal y fuentes no federales en diversas formas: Becas: Dinero gratuito o asistencia\" \/>\n<meta name=\"robots\" content=\"index, follow, max-snippet:-1, max-image-preview:large, max-video-preview:-1\" \/>\n<link rel=\"canonical\" href=\"https:\/\/www.nevadaregistry.org\/es\/recursos-de-ece\/recursos-educativos\/esta-considerando-la-ayuda-financiera\/\" \/>\n<meta property=\"og:locale\" content=\"es_ES\" \/>\n<meta property=\"og:type\" content=\"article\" \/>\n<meta property=\"og:title\" content=\"\u00bfEst\u00e1 considerando la ayuda financiera? - The Nevada Registry\" \/>\n<meta property=\"og:description\" content=\"\u00bfQu\u00e9 es la ayuda financiera? Asistencia monetaria del gobierno federal y fuentes no federales en diversas formas: Becas: Dinero gratuito o asistencia\" \/>\n<meta property=\"og:url\" content=\"https:\/\/www.nevadaregistry.org\/es\/recursos-de-ece\/recursos-educativos\/esta-considerando-la-ayuda-financiera\/\" \/>\n<meta property=\"og:site_name\" content=\"The Nevada Registry\" \/>\n<meta property=\"article:publisher\" content=\"https:\/\/www.facebook.com\/nevadaregistry\" \/>\n<meta property=\"article:modified_time\" content=\"2025-05-01T21:46:57+00:00\" \/>\n<meta property=\"og:image\" content=\"https:\/\/www.nevadaregistry.org\/wp-content\/uploads\/2020\/10\/NevadaRegistryOGImage.jpg\" \/>\n\t<meta property=\"og:image:width\" content=\"1200\" \/>\n\t<meta property=\"og:image:height\" content=\"630\" \/>\n\t<meta property=\"og:image:type\" content=\"image\/jpeg\" \/>\n<meta name=\"twitter:card\" content=\"summary_large_image\" \/>\n<meta name=\"twitter:label1\" content=\"Tiempo de lectura\" \/>\n\t<meta name=\"twitter:data1\" content=\"2 minutos\" \/>\n<script type=\"application\/ld+json\" class=\"yoast-schema-graph\">{\"@context\":\"https:\/\/schema.org\",\"@graph\":[{\"@type\":\"WebPage\",\"@id\":\"https:\/\/www.nevadaregistry.org\/es\/recursos-de-ece\/recursos-educativos\/esta-considerando-la-ayuda-financiera\/\",\"url\":\"https:\/\/www.nevadaregistry.org\/es\/recursos-de-ece\/recursos-educativos\/esta-considerando-la-ayuda-financiera\/\",\"name\":\"\u00bfEst\u00e1 considerando la ayuda financiera? - The Nevada Registry\",\"isPartOf\":{\"@id\":\"https:\/\/www.nevadaregistry.org\/es\/#website\"},\"datePublished\":\"2020-10-09T17:54:58+00:00\",\"dateModified\":\"2025-05-01T21:46:57+00:00\",\"description\":\"\u00bfQu\u00e9 es la ayuda financiera? Asistencia monetaria del gobierno federal y fuentes no federales en diversas formas: Becas: Dinero gratuito o asistencia\",\"breadcrumb\":{\"@id\":\"https:\/\/www.nevadaregistry.org\/es\/recursos-de-ece\/recursos-educativos\/esta-considerando-la-ayuda-financiera\/#breadcrumb\"},\"inLanguage\":\"es\",\"potentialAction\":[{\"@type\":\"ReadAction\",\"target\":[\"https:\/\/www.nevadaregistry.org\/es\/recursos-de-ece\/recursos-educativos\/esta-considerando-la-ayuda-financiera\/\"]}]},{\"@type\":\"BreadcrumbList\",\"@id\":\"https:\/\/www.nevadaregistry.org\/es\/recursos-de-ece\/recursos-educativos\/esta-considerando-la-ayuda-financiera\/#breadcrumb\",\"itemListElement\":[{\"@type\":\"ListItem\",\"position\":1,\"name\":\"Home\",\"item\":\"https:\/\/www.nevadaregistry.org\/es\/pagina-principal\/\"},{\"@type\":\"ListItem\",\"position\":2,\"name\":\"Recursos educativos\",\"item\":\"https:\/\/www.nevadaregistry.org\/es\/recursos-de-ece\/recursos-educativos\/\"},{\"@type\":\"ListItem\",\"position\":3,\"name\":\"\u00bfEst\u00e1 considerando la ayuda financiera?\"}]},{\"@type\":\"WebSite\",\"@id\":\"https:\/\/www.nevadaregistry.org\/es\/#website\",\"url\":\"https:\/\/www.nevadaregistry.org\/es\/\",\"name\":\"The Nevada Registry\",\"description\":\"Workforce data system capturing information about the Early Childhood Education and Care (ECEC) workforce in Nevada.\",\"publisher\":{\"@id\":\"https:\/\/www.nevadaregistry.org\/es\/#organization\"},\"potentialAction\":[{\"@type\":\"SearchAction\",\"target\":{\"@type\":\"EntryPoint\",\"urlTemplate\":\"https:\/\/www.nevadaregistry.org\/es\/?s={search_term_string}\"},\"query-input\":{\"@type\":\"PropertyValueSpecification\",\"valueRequired\":true,\"valueName\":\"search_term_string\"}}],\"inLanguage\":\"es\"},{\"@type\":\"Organization\",\"@id\":\"https:\/\/www.nevadaregistry.org\/es\/#organization\",\"name\":\"El Nevada Registry\",\"url\":\"https:\/\/www.nevadaregistry.org\/es\/\",\"logo\":{\"@type\":\"ImageObject\",\"inLanguage\":\"es\",\"@id\":\"https:\/\/www.nevadaregistry.org\/es\/#\/schema\/logo\/image\/\",\"url\":\"https:\/\/www.nevadaregistry.org\/wp-content\/uploads\/2020\/10\/tnr-logo-purple-copy.jpg\",\"contentUrl\":\"https:\/\/www.nevadaregistry.org\/wp-content\/uploads\/2020\/10\/tnr-logo-purple-copy.jpg\",\"width\":\"900\",\"height\":\"562\",\"caption\":\"El Nevada Registry\"},\"image\":{\"@id\":\"https:\/\/www.nevadaregistry.org\/es\/#\/schema\/logo\/image\/\"},\"sameAs\":[\"https:\/\/www.facebook.com\/nevadaregistry\"]}]}<\/script>\n<!-- \/ Yoast SEO plugin. -->","yoast_head_json":{"title":"\u00bfEst\u00e1 considerando la ayuda financiera? - The Nevada Registry","description":"\u00bfQu\u00e9 es la ayuda financiera? Asistencia monetaria del gobierno federal y fuentes no federales en diversas formas: Becas: Dinero gratuito o asistencia","robots":{"index":"index","follow":"follow","max-snippet":"max-snippet:-1","max-image-preview":"max-image-preview:large","max-video-preview":"max-video-preview:-1"},"canonical":"https:\/\/www.nevadaregistry.org\/es\/recursos-de-ece\/recursos-educativos\/esta-considerando-la-ayuda-financiera\/","og_locale":"es_ES","og_type":"article","og_title":"\u00bfEst\u00e1 considerando la ayuda financiera? - The Nevada Registry","og_description":"\u00bfQu\u00e9 es la ayuda financiera? Asistencia monetaria del gobierno federal y fuentes no federales en diversas formas: Becas: Dinero gratuito o asistencia","og_url":"https:\/\/www.nevadaregistry.org\/es\/recursos-de-ece\/recursos-educativos\/esta-considerando-la-ayuda-financiera\/","og_site_name":"The Nevada Registry","article_publisher":"https:\/\/www.facebook.com\/nevadaregistry","article_modified_time":"2025-05-01T21:46:57+00:00","og_image":[{"width":1200,"height":630,"url":"https:\/\/www.nevadaregistry.org\/wp-content\/uploads\/2020\/10\/NevadaRegistryOGImage.jpg","type":"image\/jpeg"}],"twitter_card":"summary_large_image","twitter_misc":{"Tiempo de lectura":"2 minutos"},"schema":{"@context":"https:\/\/schema.org","@graph":[{"@type":"WebPage","@id":"https:\/\/www.nevadaregistry.org\/es\/recursos-de-ece\/recursos-educativos\/esta-considerando-la-ayuda-financiera\/","url":"https:\/\/www.nevadaregistry.org\/es\/recursos-de-ece\/recursos-educativos\/esta-considerando-la-ayuda-financiera\/","name":"\u00bfEst\u00e1 considerando la ayuda financiera? - The Nevada Registry","isPartOf":{"@id":"https:\/\/www.nevadaregistry.org\/es\/#website"},"datePublished":"2020-10-09T17:54:58+00:00","dateModified":"2025-05-01T21:46:57+00:00","description":"\u00bfQu\u00e9 es la ayuda financiera? Asistencia monetaria del gobierno federal y fuentes no federales en diversas formas: Becas: Dinero gratuito o asistencia","breadcrumb":{"@id":"https:\/\/www.nevadaregistry.org\/es\/recursos-de-ece\/recursos-educativos\/esta-considerando-la-ayuda-financiera\/#breadcrumb"},"inLanguage":"es","potentialAction":[{"@type":"ReadAction","target":["https:\/\/www.nevadaregistry.org\/es\/recursos-de-ece\/recursos-educativos\/esta-considerando-la-ayuda-financiera\/"]}]},{"@type":"BreadcrumbList","@id":"https:\/\/www.nevadaregistry.org\/es\/recursos-de-ece\/recursos-educativos\/esta-considerando-la-ayuda-financiera\/#breadcrumb","itemListElement":[{"@type":"ListItem","position":1,"name":"Home","item":"https:\/\/www.nevadaregistry.org\/es\/pagina-principal\/"},{"@type":"ListItem","position":2,"name":"Recursos educativos","item":"https:\/\/www.nevadaregistry.org\/es\/recursos-de-ece\/recursos-educativos\/"},{"@type":"ListItem","position":3,"name":"\u00bfEst\u00e1 considerando la ayuda financiera?"}]},{"@type":"WebSite","@id":"https:\/\/www.nevadaregistry.org\/es\/#website","url":"https:\/\/www.nevadaregistry.org\/es\/","name":"The Nevada Registry","description":"Workforce data system capturing information about the Early Childhood Education and Care (ECEC) workforce in Nevada.","publisher":{"@id":"https:\/\/www.nevadaregistry.org\/es\/#organization"},"potentialAction":[{"@type":"SearchAction","target":{"@type":"EntryPoint","urlTemplate":"https:\/\/www.nevadaregistry.org\/es\/?s={search_term_string}"},"query-input":{"@type":"PropertyValueSpecification","valueRequired":true,"valueName":"search_term_string"}}],"inLanguage":"es"},{"@type":"Organization","@id":"https:\/\/www.nevadaregistry.org\/es\/#organization","name":"El Nevada Registry","url":"https:\/\/www.nevadaregistry.org\/es\/","logo":{"@type":"ImageObject","inLanguage":"es","@id":"https:\/\/www.nevadaregistry.org\/es\/#\/schema\/logo\/image\/","url":"https:\/\/www.nevadaregistry.org\/wp-content\/uploads\/2020\/10\/tnr-logo-purple-copy.jpg","contentUrl":"https:\/\/www.nevadaregistry.org\/wp-content\/uploads\/2020\/10\/tnr-logo-purple-copy.jpg","width":"900","height":"562","caption":"El Nevada Registry"},"image":{"@id":"https:\/\/www.nevadaregistry.org\/es\/#\/schema\/logo\/image\/"},"sameAs":["https:\/\/www.facebook.com\/nevadaregistry"]}]}},"_links":{"self":[{"href":"https:\/\/www.nevadaregistry.org\/es\/wp-json\/wp\/v2\/pages\/13233","targetHints":{"allow":["GET"]}}],"collection":[{"href":"https:\/\/www.nevadaregistry.org\/es\/wp-json\/wp\/v2\/pages"}],"about":[{"href":"https:\/\/www.nevadaregistry.org\/es\/wp-json\/wp\/v2\/types\/page"}],"author":[{"embeddable":true,"href":"https:\/\/www.nevadaregistry.org\/es\/wp-json\/wp\/v2\/users\/2"}],"replies":[{"embeddable":true,"href":"https:\/\/www.nevadaregistry.org\/es\/wp-json\/wp\/v2\/comments?post=13233"}],"version-history":[{"count":1,"href":"https:\/\/www.nevadaregistry.org\/es\/wp-json\/wp\/v2\/pages\/13233\/revisions"}],"predecessor-version":[{"id":13234,"href":"https:\/\/www.nevadaregistry.org\/es\/wp-json\/wp\/v2\/pages\/13233\/revisions\/13234"}],"up":[{"embeddable":true,"href":"https:\/\/www.nevadaregistry.org\/es\/wp-json\/wp\/v2\/pages\/13239"}],"wp:attachment":[{"href":"https:\/\/www.nevadaregistry.org\/es\/wp-json\/wp\/v2\/media?parent=13233"}],"curies":[{"name":"wp","href":"https:\/\/api.w.org\/{rel}","templated":true}]}}