{"id":13239,"date":"2020-10-06T10:03:11","date_gmt":"2020-10-06T17:03:11","guid":{"rendered":"https:\/\/www.nevadaregistry.org\/recursos-educativos\/"},"modified":"2026-03-06T08:58:01","modified_gmt":"2026-03-06T16:58:01","slug":"recursos-educativos","status":"publish","type":"page","link":"https:\/\/www.nevadaregistry.org\/es\/recursos-de-ece\/recursos-educativos\/","title":{"rendered":"Recursos educativos"},"content":{"rendered":"<div id=\"hidbg\">\n<div id=\"owrap\">\n<div id=\"wrap\">\n<div id=\"content\">\n<p>Ya sea que est\u00e9s ingresando a la universidad por primera vez o regresando despu\u00e9s de muchos a\u00f1os, el proceso de empezar puede ser un poco abrumador. Hemos compilado una lista de recursos educativos que quiz\u00e1s quieras considerar antes de lanzarte a tu programa de estudios. <\/p>\n<p>Ya sea que est\u00e9s considerando una escuela en particular o un programa espec\u00edfico, siempre es aconsejable concertar una cita con un asesor acad\u00e9mico antes de tomar cualquier decisi\u00f3n importante. Un asesor acad\u00e9mico puede ayudarte a determinar el mejor curso de acci\u00f3n para asegurar que tus objetivos previstos se cumplan. Por favor, visita el <a href=\"https:\/\/www.nevadaregistry.org\/es\/recursos-de-ece\/sistema-de-educacion-superior-de-nevada\/\">Nevada System of Higher Education<\/a> para encontrar un asesor en la escuela de tu elecci\u00f3n.  <\/p>\n<div id=\"hidbg\">\n<div id=\"owrap\">\n<div id=\"wrap\">\n<div id=\"content\">\n<ul>\n<li>\n<div><a href=\"https:\/\/www.nevadaregistry.org\/es\/recursos-de-ece\/sistema-de-educacion-superior-de-nevada\/\">Sistema de Educaci\u00f3n Superior de Nevada<\/a><\/div>\n<\/li>\n<li>\n<div><a href=\"http:\/\/nvteach.org\/\">TEACH Primera Infancia Nevada<\/a><\/div>\n<\/li>\n<li>\n<div><a href=\"https:\/\/www.nevadaregistry.org\/choosing-a-school-what-you-should-know\/\">Elegir una escuela: lo que debes saber<\/a><\/div>\n<\/li>\n<li>\n<div><a href=\"https:\/\/www.nevadaregistry.org\/es\/recursos-de-ece\/recursos-educativos\/advertencia-al-comprador-fabricas-de-titulos-diplomas\/\">Atenci\u00f3n al comprador: F\u00e1bricas de t\u00edtulos\/diplomas<\/a><\/div>\n<\/li>\n<li>\n<div><a href=\"https:\/\/www.nevadaregistry.org\/considering-financial-aid\/\">\u00bfEst\u00e1s considerando ayuda financiera?<\/a><\/div>\n<\/li>\n<li>\n<div><a href=\"https:\/\/www.nevadaregistry.org\/es\/recursos-de-ece\/recursos-educativos\/child-development-associate-cda\/\">\u00bfQu\u00e9 es un Asociado en Desarrollo Infantil\u00ae (CDA)?<\/a><\/div>\n<\/li>\n<li>\n<div><a href=\"https:\/\/www.nevadaregistry.org\/es\/recursos-de-ece\/recursos-educativos\/que-es-el-ged\/\">\u00bfQu\u00e9 es el GED?<\/a><\/div>\n<\/li>\n<\/ul>\n<\/div>\n<\/div>\n<\/div>\n<\/div>\n<\/div>\n<\/div>\n<\/div>\n<\/div>\n","protected":false},"excerpt":{"rendered":"<p>Ya sea que est\u00e9s ingresando a la universidad por primera vez o regresando despu\u00e9s de muchos a\u00f1os, el proceso de&#8230;<\/p>\n","protected":false},"author":2,"featured_media":0,"parent":13346,"menu_order":7,"comment_status":"closed","ping_status":"closed","template":"","meta":{"_acf_changed":false,"footnotes":""},"class_list":["post-13239","page","type-page","status-publish","hentry"],"acf":[],"yoast_head":"<!-- This site is optimized with the Yoast SEO plugin v27.2 - https:\/\/yoast.com\/product\/yoast-seo-wordpress\/ -->\n<title>Recursos educativos - The Nevada Registry<\/title>\n<meta name=\"description\" content=\"Ya sea que est\u00e9s ingresando a la universidad por primera vez o regresando despu\u00e9s de muchos a\u00f1os, el proceso de empezar puede ser un poco abrumador. Hemos\" \/>\n<meta name=\"robots\" content=\"index, follow, max-snippet:-1, max-image-preview:large, max-video-preview:-1\" \/>\n<link rel=\"canonical\" href=\"https:\/\/www.nevadaregistry.org\/es\/recursos-de-ece\/recursos-educativos\/\" \/>\n<meta property=\"og:locale\" content=\"es_ES\" \/>\n<meta property=\"og:type\" content=\"article\" \/>\n<meta property=\"og:title\" content=\"Recursos educativos - The Nevada Registry\" \/>\n<meta property=\"og:description\" content=\"Ya sea que est\u00e9s ingresando a la universidad por primera vez o regresando despu\u00e9s de muchos a\u00f1os, el proceso de empezar puede ser un poco abrumador. Hemos\" \/>\n<meta property=\"og:url\" content=\"https:\/\/www.nevadaregistry.org\/es\/recursos-de-ece\/recursos-educativos\/\" \/>\n<meta property=\"og:site_name\" content=\"The Nevada Registry\" \/>\n<meta property=\"article:publisher\" content=\"https:\/\/www.facebook.com\/nevadaregistry\" \/>\n<meta property=\"article:modified_time\" content=\"2026-03-06T16:58:01+00:00\" \/>\n<meta property=\"og:image\" content=\"https:\/\/www.nevadaregistry.org\/wp-content\/uploads\/2020\/10\/NevadaRegistryOGImage.jpg\" \/>\n\t<meta property=\"og:image:width\" content=\"1200\" \/>\n\t<meta property=\"og:image:height\" content=\"630\" \/>\n\t<meta property=\"og:image:type\" content=\"image\/jpeg\" \/>\n<meta name=\"twitter:card\" content=\"summary_large_image\" \/>\n<meta name=\"twitter:label1\" content=\"Tiempo de lectura\" \/>\n\t<meta name=\"twitter:data1\" content=\"1 minuto\" \/>\n<script type=\"application\/ld+json\" class=\"yoast-schema-graph\">{\"@context\":\"https:\/\/schema.org\",\"@graph\":[{\"@type\":\"WebPage\",\"@id\":\"https:\/\/www.nevadaregistry.org\/es\/recursos-de-ece\/recursos-educativos\/\",\"url\":\"https:\/\/www.nevadaregistry.org\/es\/recursos-de-ece\/recursos-educativos\/\",\"name\":\"Recursos educativos - The Nevada Registry\",\"isPartOf\":{\"@id\":\"https:\/\/www.nevadaregistry.org\/es\/#website\"},\"datePublished\":\"2020-10-06T17:03:11+00:00\",\"dateModified\":\"2026-03-06T16:58:01+00:00\",\"description\":\"Ya sea que est\u00e9s ingresando a la universidad por primera vez o regresando despu\u00e9s de muchos a\u00f1os, el proceso de empezar puede ser un poco abrumador. Hemos\",\"breadcrumb\":{\"@id\":\"https:\/\/www.nevadaregistry.org\/es\/recursos-de-ece\/recursos-educativos\/#breadcrumb\"},\"inLanguage\":\"es\",\"potentialAction\":[{\"@type\":\"ReadAction\",\"target\":[\"https:\/\/www.nevadaregistry.org\/es\/recursos-de-ece\/recursos-educativos\/\"]}]},{\"@type\":\"BreadcrumbList\",\"@id\":\"https:\/\/www.nevadaregistry.org\/es\/recursos-de-ece\/recursos-educativos\/#breadcrumb\",\"itemListElement\":[{\"@type\":\"ListItem\",\"position\":1,\"name\":\"Home\",\"item\":\"https:\/\/www.nevadaregistry.org\/es\/pagina-principal\/\"},{\"@type\":\"ListItem\",\"position\":2,\"name\":\"Recursos de ECE de The Nevada Registry\",\"item\":\"https:\/\/www.nevadaregistry.org\/es\/recursos-de-ece\/\"},{\"@type\":\"ListItem\",\"position\":3,\"name\":\"Recursos educativos\"}]},{\"@type\":\"WebSite\",\"@id\":\"https:\/\/www.nevadaregistry.org\/es\/#website\",\"url\":\"https:\/\/www.nevadaregistry.org\/es\/\",\"name\":\"The Nevada Registry\",\"description\":\"Workforce data system capturing information about the Early Childhood Education and Care (ECEC) workforce in Nevada.\",\"publisher\":{\"@id\":\"https:\/\/www.nevadaregistry.org\/es\/#organization\"},\"potentialAction\":[{\"@type\":\"SearchAction\",\"target\":{\"@type\":\"EntryPoint\",\"urlTemplate\":\"https:\/\/www.nevadaregistry.org\/es\/?s={search_term_string}\"},\"query-input\":{\"@type\":\"PropertyValueSpecification\",\"valueRequired\":true,\"valueName\":\"search_term_string\"}}],\"inLanguage\":\"es\"},{\"@type\":\"Organization\",\"@id\":\"https:\/\/www.nevadaregistry.org\/es\/#organization\",\"name\":\"El Nevada Registry\",\"url\":\"https:\/\/www.nevadaregistry.org\/es\/\",\"logo\":{\"@type\":\"ImageObject\",\"inLanguage\":\"es\",\"@id\":\"https:\/\/www.nevadaregistry.org\/es\/#\/schema\/logo\/image\/\",\"url\":\"https:\/\/www.nevadaregistry.org\/wp-content\/uploads\/2020\/10\/tnr-logo-purple-copy.jpg\",\"contentUrl\":\"https:\/\/www.nevadaregistry.org\/wp-content\/uploads\/2020\/10\/tnr-logo-purple-copy.jpg\",\"width\":\"900\",\"height\":\"562\",\"caption\":\"El Nevada Registry\"},\"image\":{\"@id\":\"https:\/\/www.nevadaregistry.org\/es\/#\/schema\/logo\/image\/\"},\"sameAs\":[\"https:\/\/www.facebook.com\/nevadaregistry\"]}]}<\/script>\n<!-- \/ Yoast SEO plugin. -->","yoast_head_json":{"title":"Recursos educativos - The Nevada Registry","description":"Ya sea que est\u00e9s ingresando a la universidad por primera vez o regresando despu\u00e9s de muchos a\u00f1os, el proceso de empezar puede ser un poco abrumador. Hemos","robots":{"index":"index","follow":"follow","max-snippet":"max-snippet:-1","max-image-preview":"max-image-preview:large","max-video-preview":"max-video-preview:-1"},"canonical":"https:\/\/www.nevadaregistry.org\/es\/recursos-de-ece\/recursos-educativos\/","og_locale":"es_ES","og_type":"article","og_title":"Recursos educativos - The Nevada Registry","og_description":"Ya sea que est\u00e9s ingresando a la universidad por primera vez o regresando despu\u00e9s de muchos a\u00f1os, el proceso de empezar puede ser un poco abrumador. Hemos","og_url":"https:\/\/www.nevadaregistry.org\/es\/recursos-de-ece\/recursos-educativos\/","og_site_name":"The Nevada Registry","article_publisher":"https:\/\/www.facebook.com\/nevadaregistry","article_modified_time":"2026-03-06T16:58:01+00:00","og_image":[{"width":1200,"height":630,"url":"https:\/\/www.nevadaregistry.org\/wp-content\/uploads\/2020\/10\/NevadaRegistryOGImage.jpg","type":"image\/jpeg"}],"twitter_card":"summary_large_image","twitter_misc":{"Tiempo de lectura":"1 minuto"},"schema":{"@context":"https:\/\/schema.org","@graph":[{"@type":"WebPage","@id":"https:\/\/www.nevadaregistry.org\/es\/recursos-de-ece\/recursos-educativos\/","url":"https:\/\/www.nevadaregistry.org\/es\/recursos-de-ece\/recursos-educativos\/","name":"Recursos educativos - The Nevada Registry","isPartOf":{"@id":"https:\/\/www.nevadaregistry.org\/es\/#website"},"datePublished":"2020-10-06T17:03:11+00:00","dateModified":"2026-03-06T16:58:01+00:00","description":"Ya sea que est\u00e9s ingresando a la universidad por primera vez o regresando despu\u00e9s de muchos a\u00f1os, el proceso de empezar puede ser un poco abrumador. Hemos","breadcrumb":{"@id":"https:\/\/www.nevadaregistry.org\/es\/recursos-de-ece\/recursos-educativos\/#breadcrumb"},"inLanguage":"es","potentialAction":[{"@type":"ReadAction","target":["https:\/\/www.nevadaregistry.org\/es\/recursos-de-ece\/recursos-educativos\/"]}]},{"@type":"BreadcrumbList","@id":"https:\/\/www.nevadaregistry.org\/es\/recursos-de-ece\/recursos-educativos\/#breadcrumb","itemListElement":[{"@type":"ListItem","position":1,"name":"Home","item":"https:\/\/www.nevadaregistry.org\/es\/pagina-principal\/"},{"@type":"ListItem","position":2,"name":"Recursos de ECE de The Nevada Registry","item":"https:\/\/www.nevadaregistry.org\/es\/recursos-de-ece\/"},{"@type":"ListItem","position":3,"name":"Recursos educativos"}]},{"@type":"WebSite","@id":"https:\/\/www.nevadaregistry.org\/es\/#website","url":"https:\/\/www.nevadaregistry.org\/es\/","name":"The Nevada Registry","description":"Workforce data system capturing information about the Early Childhood Education and Care (ECEC) workforce in Nevada.","publisher":{"@id":"https:\/\/www.nevadaregistry.org\/es\/#organization"},"potentialAction":[{"@type":"SearchAction","target":{"@type":"EntryPoint","urlTemplate":"https:\/\/www.nevadaregistry.org\/es\/?s={search_term_string}"},"query-input":{"@type":"PropertyValueSpecification","valueRequired":true,"valueName":"search_term_string"}}],"inLanguage":"es"},{"@type":"Organization","@id":"https:\/\/www.nevadaregistry.org\/es\/#organization","name":"El Nevada Registry","url":"https:\/\/www.nevadaregistry.org\/es\/","logo":{"@type":"ImageObject","inLanguage":"es","@id":"https:\/\/www.nevadaregistry.org\/es\/#\/schema\/logo\/image\/","url":"https:\/\/www.nevadaregistry.org\/wp-content\/uploads\/2020\/10\/tnr-logo-purple-copy.jpg","contentUrl":"https:\/\/www.nevadaregistry.org\/wp-content\/uploads\/2020\/10\/tnr-logo-purple-copy.jpg","width":"900","height":"562","caption":"El Nevada Registry"},"image":{"@id":"https:\/\/www.nevadaregistry.org\/es\/#\/schema\/logo\/image\/"},"sameAs":["https:\/\/www.facebook.com\/nevadaregistry"]}]}},"_links":{"self":[{"href":"https:\/\/www.nevadaregistry.org\/es\/wp-json\/wp\/v2\/pages\/13239","targetHints":{"allow":["GET"]}}],"collection":[{"href":"https:\/\/www.nevadaregistry.org\/es\/wp-json\/wp\/v2\/pages"}],"about":[{"href":"https:\/\/www.nevadaregistry.org\/es\/wp-json\/wp\/v2\/types\/page"}],"author":[{"embeddable":true,"href":"https:\/\/www.nevadaregistry.org\/es\/wp-json\/wp\/v2\/users\/2"}],"replies":[{"embeddable":true,"href":"https:\/\/www.nevadaregistry.org\/es\/wp-json\/wp\/v2\/comments?post=13239"}],"version-history":[{"count":4,"href":"https:\/\/www.nevadaregistry.org\/es\/wp-json\/wp\/v2\/pages\/13239\/revisions"}],"predecessor-version":[{"id":18240,"href":"https:\/\/www.nevadaregistry.org\/es\/wp-json\/wp\/v2\/pages\/13239\/revisions\/18240"}],"up":[{"embeddable":true,"href":"https:\/\/www.nevadaregistry.org\/es\/wp-json\/wp\/v2\/pages\/13346"}],"wp:attachment":[{"href":"https:\/\/www.nevadaregistry.org\/es\/wp-json\/wp\/v2\/media?parent=13239"}],"curies":[{"name":"wp","href":"https:\/\/api.w.org\/{rel}","templated":true}]}}