{"id":13243,"date":"2020-10-09T10:29:54","date_gmt":"2020-10-09T17:29:54","guid":{"rendered":"https:\/\/www.nevadaregistry.org\/recursos-educativos\/elegir-una-institucion-educativa-lo-que-usted-debe-saber\/"},"modified":"2025-05-01T14:46:58","modified_gmt":"2025-05-01T21:46:58","slug":"elegir-una-institucion-educativa-lo-que-usted-debe-saber","status":"publish","type":"page","link":"https:\/\/www.nevadaregistry.org\/es\/recursos-de-ece\/recursos-educativos\/elegir-una-institucion-educativa-lo-que-usted-debe-saber\/","title":{"rendered":"Elegir una instituci\u00f3n educativa: Lo que usted debe saber"},"content":{"rendered":"<div id=\"hidbg\">\n<div id=\"owrap\">\n<div id=\"wrap\">\n<div id=\"content\">\n<p>Antes de matricularse en cualquier programa educativo, t\u00f3mese unos minutos para examinar la escuela\/programa de su elecci\u00f3n. Deber\u00eda tener una buena idea sobre si la escuela\/programa es el adecuado para usted una vez que haya respondido a las siguientes preguntas. <\/p>\n<ul>\n<li>\u00bfCu\u00e1les son los requisitos educativos del profesorado? \u00bfQui\u00e9n imparte el curso? \u00bfSe siente c\u00f3modo con sus cualificaciones?  <\/li>\n<li>\u00bfQu\u00e9 t\u00edtulos se ofrecen? Aseg\u00farese de que su instituci\u00f3n ofrece el t\u00edtulo de su elecci\u00f3n. <\/li>\n<li>\u00bfCu\u00e1nto tiempo llevar\u00e1 completar el t\u00edtulo? \u00bfTiene cr\u00e9ditos de otras instituciones que puedan ser transferidos? <\/li>\n<li>\u00bfC\u00f3mo es el plan de estudios? \u00bfLas clases son pr\u00e1cticas, en l\u00ednea o basadas en lectura? <\/li>\n<li>\u00bfQu\u00e9 ocurre si necesita ayuda? \u00bfPuede ponerse en contacto con su profesor o con un centro de apoyo si es necesario? <\/li>\n<li>\u00bfCu\u00e1l es el costo de la matr\u00edcula? \u00bfSe incluyen los libros? \u00bfHay tasas adicionales de \u00abtecnolog\u00eda\u00bb o \u00ablaboratorio\u00bb? \u00bfExiste una tasa de inscripci\u00f3n? Consulte la informaci\u00f3n sobre <a href=\"https:\/\/nvteach.org\/\">TEACH Early Childhood\u00ae Nevada<\/a> para obtener m\u00e1s informaci\u00f3n sobre oportunidades de becas en Nevada.    <\/li>\n<li>Y lo m\u00e1s importante, \u00bfest\u00e1 acreditada la instituci\u00f3n? Si es as\u00ed, \u00bfpor qui\u00e9n? Aseg\u00farese de que la instituci\u00f3n est\u00e9 acreditada por un organismo acreditador leg\u00edtimo, teniendo en cuenta que el Nevada Registry solo acepta clases y\/o t\u00edtulos universitarios de instituciones postsecundarias que est\u00e9n acreditadas regionalmente (se hacen excepciones de forma individual).  <\/li>\n<\/ul>\n<p>Los criterios de aceptaci\u00f3n son dobles:<\/p>\n<ol>\n<li>La instituci\u00f3n de educaci\u00f3n superior debe estar acreditada.<br \/>\nPara determinar si una instituci\u00f3n de educaci\u00f3n superior est\u00e1 acreditada, busque en la Base de Datos de Instituciones y Programas Postsecundarios del Departamento de Educaci\u00f3n de EE. UU. que se encuentra en: <a href=\"http:\/\/ope.ed.gov\/accreditation\/\">http:\/\/ope.ed.gov\/accreditation\/<\/a>. La agencia acreditadora debe estar reconocida. <\/li>\n<li>Las instituciones deben estar acreditadas por uno de los organismos acreditadores regionales reconocidos por el Departamento de Educaci\u00f3n de EE. UU. que se enumeran a continuaci\u00f3n:<\/li>\n<\/ol>\n<ul>\n<li><a href=\"https:\/\/www.msche.org\/\">Comisi\u00f3n de Educaci\u00f3n Superior de los Estados Centrales<\/a><\/li>\n<li><a href=\"https:\/\/www.neasc.org\/\">Asociaci\u00f3n de Escuelas y Universidades de Nueva Inglaterra, Comisi\u00f3n de Instituciones de Educaci\u00f3n Superior<\/a><\/li>\n<li><a href=\"http:\/\/www.ncacasi.org\/postsecondary\/u\/par\/search\">Asociaci\u00f3n del Centro Norte de Universidades y Escuelas<\/a><\/li>\n<li><a href=\"https:\/\/www.nwccu.org\/\">Comisi\u00f3n del Noroeste sobre Universidades y Escuelas<\/a><\/li>\n<li><a href=\"https:\/\/sacscoc.org\/\">Asociaci\u00f3n Sure\u00f1a de Universidades y Escuelas, Comisi\u00f3n de Universidades<\/a><\/li>\n<li><a href=\"https:\/\/www.wscuc.org\/\">Asociaci\u00f3n Occidental de Escuelas y Universidades, Comisi\u00f3n de Universidades y Escuelas Superiores<\/a><\/li>\n<\/ul>\n<\/div>\n<div id=\"hidbg\">\n<div id=\"owrap\">\n<div id=\"wrap\">\n<div id=\"content\"><\/div>\n<\/div>\n<\/div>\n<\/div>\n<\/div>\n<\/div>\n<\/div>\n","protected":false},"excerpt":{"rendered":"<p>Antes de matricularse en cualquier programa educativo, t\u00f3mese unos minutos para examinar la escuela\/programa de su elecci\u00f3n. Deber\u00eda tener una&#8230;<\/p>\n","protected":false},"author":2,"featured_media":0,"parent":13239,"menu_order":0,"comment_status":"closed","ping_status":"closed","template":"","meta":{"_acf_changed":false,"footnotes":""},"class_list":["post-13243","page","type-page","status-publish","hentry"],"acf":[],"yoast_head":"<!-- This site is optimized with the Yoast SEO plugin v27.2 - https:\/\/yoast.com\/product\/yoast-seo-wordpress\/ -->\n<title>Elegir una instituci\u00f3n educativa: Lo que usted debe saber - The Nevada Registry<\/title>\n<meta name=\"description\" content=\"Antes de matricularse en cualquier programa educativo, t\u00f3mese unos minutos para examinar la escuela\/programa de su elecci\u00f3n. Deber\u00eda tener una buena idea\" \/>\n<meta name=\"robots\" content=\"index, follow, max-snippet:-1, max-image-preview:large, max-video-preview:-1\" \/>\n<link rel=\"canonical\" href=\"https:\/\/www.nevadaregistry.org\/es\/recursos-de-ece\/recursos-educativos\/elegir-una-institucion-educativa-lo-que-usted-debe-saber\/\" \/>\n<meta property=\"og:locale\" content=\"es_ES\" \/>\n<meta property=\"og:type\" content=\"article\" \/>\n<meta property=\"og:title\" content=\"Elegir una instituci\u00f3n educativa: Lo que usted debe saber - The Nevada Registry\" \/>\n<meta property=\"og:description\" content=\"Antes de matricularse en cualquier programa educativo, t\u00f3mese unos minutos para examinar la escuela\/programa de su elecci\u00f3n. Deber\u00eda tener una buena idea\" \/>\n<meta property=\"og:url\" content=\"https:\/\/www.nevadaregistry.org\/es\/recursos-de-ece\/recursos-educativos\/elegir-una-institucion-educativa-lo-que-usted-debe-saber\/\" \/>\n<meta property=\"og:site_name\" content=\"The Nevada Registry\" \/>\n<meta property=\"article:publisher\" content=\"https:\/\/www.facebook.com\/nevadaregistry\" \/>\n<meta property=\"article:modified_time\" content=\"2025-05-01T21:46:58+00:00\" \/>\n<meta property=\"og:image\" content=\"https:\/\/www.nevadaregistry.org\/wp-content\/uploads\/2020\/10\/NevadaRegistryOGImage.jpg\" \/>\n\t<meta property=\"og:image:width\" content=\"1200\" \/>\n\t<meta property=\"og:image:height\" content=\"630\" \/>\n\t<meta property=\"og:image:type\" content=\"image\/jpeg\" \/>\n<meta name=\"twitter:card\" content=\"summary_large_image\" \/>\n<meta name=\"twitter:label1\" content=\"Tiempo de lectura\" \/>\n\t<meta name=\"twitter:data1\" content=\"2 minutos\" \/>\n<script type=\"application\/ld+json\" class=\"yoast-schema-graph\">{\"@context\":\"https:\/\/schema.org\",\"@graph\":[{\"@type\":\"WebPage\",\"@id\":\"https:\/\/www.nevadaregistry.org\/es\/recursos-de-ece\/recursos-educativos\/elegir-una-institucion-educativa-lo-que-usted-debe-saber\/\",\"url\":\"https:\/\/www.nevadaregistry.org\/es\/recursos-de-ece\/recursos-educativos\/elegir-una-institucion-educativa-lo-que-usted-debe-saber\/\",\"name\":\"Elegir una instituci\u00f3n educativa: Lo que usted debe saber - The Nevada Registry\",\"isPartOf\":{\"@id\":\"https:\/\/www.nevadaregistry.org\/es\/#website\"},\"datePublished\":\"2020-10-09T17:29:54+00:00\",\"dateModified\":\"2025-05-01T21:46:58+00:00\",\"description\":\"Antes de matricularse en cualquier programa educativo, t\u00f3mese unos minutos para examinar la escuela\/programa de su elecci\u00f3n. Deber\u00eda tener una buena idea\",\"breadcrumb\":{\"@id\":\"https:\/\/www.nevadaregistry.org\/es\/recursos-de-ece\/recursos-educativos\/elegir-una-institucion-educativa-lo-que-usted-debe-saber\/#breadcrumb\"},\"inLanguage\":\"es\",\"potentialAction\":[{\"@type\":\"ReadAction\",\"target\":[\"https:\/\/www.nevadaregistry.org\/es\/recursos-de-ece\/recursos-educativos\/elegir-una-institucion-educativa-lo-que-usted-debe-saber\/\"]}]},{\"@type\":\"BreadcrumbList\",\"@id\":\"https:\/\/www.nevadaregistry.org\/es\/recursos-de-ece\/recursos-educativos\/elegir-una-institucion-educativa-lo-que-usted-debe-saber\/#breadcrumb\",\"itemListElement\":[{\"@type\":\"ListItem\",\"position\":1,\"name\":\"Home\",\"item\":\"https:\/\/www.nevadaregistry.org\/es\/pagina-principal\/\"},{\"@type\":\"ListItem\",\"position\":2,\"name\":\"Recursos educativos\",\"item\":\"https:\/\/www.nevadaregistry.org\/es\/recursos-de-ece\/recursos-educativos\/\"},{\"@type\":\"ListItem\",\"position\":3,\"name\":\"Elegir una instituci\u00f3n educativa: Lo que usted debe saber\"}]},{\"@type\":\"WebSite\",\"@id\":\"https:\/\/www.nevadaregistry.org\/es\/#website\",\"url\":\"https:\/\/www.nevadaregistry.org\/es\/\",\"name\":\"The Nevada Registry\",\"description\":\"Workforce data system capturing information about the Early Childhood Education and Care (ECEC) workforce in Nevada.\",\"publisher\":{\"@id\":\"https:\/\/www.nevadaregistry.org\/es\/#organization\"},\"potentialAction\":[{\"@type\":\"SearchAction\",\"target\":{\"@type\":\"EntryPoint\",\"urlTemplate\":\"https:\/\/www.nevadaregistry.org\/es\/?s={search_term_string}\"},\"query-input\":{\"@type\":\"PropertyValueSpecification\",\"valueRequired\":true,\"valueName\":\"search_term_string\"}}],\"inLanguage\":\"es\"},{\"@type\":\"Organization\",\"@id\":\"https:\/\/www.nevadaregistry.org\/es\/#organization\",\"name\":\"El Nevada Registry\",\"url\":\"https:\/\/www.nevadaregistry.org\/es\/\",\"logo\":{\"@type\":\"ImageObject\",\"inLanguage\":\"es\",\"@id\":\"https:\/\/www.nevadaregistry.org\/es\/#\/schema\/logo\/image\/\",\"url\":\"https:\/\/www.nevadaregistry.org\/wp-content\/uploads\/2020\/10\/tnr-logo-purple-copy.jpg\",\"contentUrl\":\"https:\/\/www.nevadaregistry.org\/wp-content\/uploads\/2020\/10\/tnr-logo-purple-copy.jpg\",\"width\":\"900\",\"height\":\"562\",\"caption\":\"El Nevada Registry\"},\"image\":{\"@id\":\"https:\/\/www.nevadaregistry.org\/es\/#\/schema\/logo\/image\/\"},\"sameAs\":[\"https:\/\/www.facebook.com\/nevadaregistry\"]}]}<\/script>\n<!-- \/ Yoast SEO plugin. -->","yoast_head_json":{"title":"Elegir una instituci\u00f3n educativa: Lo que usted debe saber - The Nevada Registry","description":"Antes de matricularse en cualquier programa educativo, t\u00f3mese unos minutos para examinar la escuela\/programa de su elecci\u00f3n. Deber\u00eda tener una buena idea","robots":{"index":"index","follow":"follow","max-snippet":"max-snippet:-1","max-image-preview":"max-image-preview:large","max-video-preview":"max-video-preview:-1"},"canonical":"https:\/\/www.nevadaregistry.org\/es\/recursos-de-ece\/recursos-educativos\/elegir-una-institucion-educativa-lo-que-usted-debe-saber\/","og_locale":"es_ES","og_type":"article","og_title":"Elegir una instituci\u00f3n educativa: Lo que usted debe saber - The Nevada Registry","og_description":"Antes de matricularse en cualquier programa educativo, t\u00f3mese unos minutos para examinar la escuela\/programa de su elecci\u00f3n. Deber\u00eda tener una buena idea","og_url":"https:\/\/www.nevadaregistry.org\/es\/recursos-de-ece\/recursos-educativos\/elegir-una-institucion-educativa-lo-que-usted-debe-saber\/","og_site_name":"The Nevada Registry","article_publisher":"https:\/\/www.facebook.com\/nevadaregistry","article_modified_time":"2025-05-01T21:46:58+00:00","og_image":[{"width":1200,"height":630,"url":"https:\/\/www.nevadaregistry.org\/wp-content\/uploads\/2020\/10\/NevadaRegistryOGImage.jpg","type":"image\/jpeg"}],"twitter_card":"summary_large_image","twitter_misc":{"Tiempo de lectura":"2 minutos"},"schema":{"@context":"https:\/\/schema.org","@graph":[{"@type":"WebPage","@id":"https:\/\/www.nevadaregistry.org\/es\/recursos-de-ece\/recursos-educativos\/elegir-una-institucion-educativa-lo-que-usted-debe-saber\/","url":"https:\/\/www.nevadaregistry.org\/es\/recursos-de-ece\/recursos-educativos\/elegir-una-institucion-educativa-lo-que-usted-debe-saber\/","name":"Elegir una instituci\u00f3n educativa: Lo que usted debe saber - The Nevada Registry","isPartOf":{"@id":"https:\/\/www.nevadaregistry.org\/es\/#website"},"datePublished":"2020-10-09T17:29:54+00:00","dateModified":"2025-05-01T21:46:58+00:00","description":"Antes de matricularse en cualquier programa educativo, t\u00f3mese unos minutos para examinar la escuela\/programa de su elecci\u00f3n. Deber\u00eda tener una buena idea","breadcrumb":{"@id":"https:\/\/www.nevadaregistry.org\/es\/recursos-de-ece\/recursos-educativos\/elegir-una-institucion-educativa-lo-que-usted-debe-saber\/#breadcrumb"},"inLanguage":"es","potentialAction":[{"@type":"ReadAction","target":["https:\/\/www.nevadaregistry.org\/es\/recursos-de-ece\/recursos-educativos\/elegir-una-institucion-educativa-lo-que-usted-debe-saber\/"]}]},{"@type":"BreadcrumbList","@id":"https:\/\/www.nevadaregistry.org\/es\/recursos-de-ece\/recursos-educativos\/elegir-una-institucion-educativa-lo-que-usted-debe-saber\/#breadcrumb","itemListElement":[{"@type":"ListItem","position":1,"name":"Home","item":"https:\/\/www.nevadaregistry.org\/es\/pagina-principal\/"},{"@type":"ListItem","position":2,"name":"Recursos educativos","item":"https:\/\/www.nevadaregistry.org\/es\/recursos-de-ece\/recursos-educativos\/"},{"@type":"ListItem","position":3,"name":"Elegir una instituci\u00f3n educativa: Lo que usted debe saber"}]},{"@type":"WebSite","@id":"https:\/\/www.nevadaregistry.org\/es\/#website","url":"https:\/\/www.nevadaregistry.org\/es\/","name":"The Nevada Registry","description":"Workforce data system capturing information about the Early Childhood Education and Care (ECEC) workforce in Nevada.","publisher":{"@id":"https:\/\/www.nevadaregistry.org\/es\/#organization"},"potentialAction":[{"@type":"SearchAction","target":{"@type":"EntryPoint","urlTemplate":"https:\/\/www.nevadaregistry.org\/es\/?s={search_term_string}"},"query-input":{"@type":"PropertyValueSpecification","valueRequired":true,"valueName":"search_term_string"}}],"inLanguage":"es"},{"@type":"Organization","@id":"https:\/\/www.nevadaregistry.org\/es\/#organization","name":"El Nevada Registry","url":"https:\/\/www.nevadaregistry.org\/es\/","logo":{"@type":"ImageObject","inLanguage":"es","@id":"https:\/\/www.nevadaregistry.org\/es\/#\/schema\/logo\/image\/","url":"https:\/\/www.nevadaregistry.org\/wp-content\/uploads\/2020\/10\/tnr-logo-purple-copy.jpg","contentUrl":"https:\/\/www.nevadaregistry.org\/wp-content\/uploads\/2020\/10\/tnr-logo-purple-copy.jpg","width":"900","height":"562","caption":"El Nevada Registry"},"image":{"@id":"https:\/\/www.nevadaregistry.org\/es\/#\/schema\/logo\/image\/"},"sameAs":["https:\/\/www.facebook.com\/nevadaregistry"]}]}},"_links":{"self":[{"href":"https:\/\/www.nevadaregistry.org\/es\/wp-json\/wp\/v2\/pages\/13243","targetHints":{"allow":["GET"]}}],"collection":[{"href":"https:\/\/www.nevadaregistry.org\/es\/wp-json\/wp\/v2\/pages"}],"about":[{"href":"https:\/\/www.nevadaregistry.org\/es\/wp-json\/wp\/v2\/types\/page"}],"author":[{"embeddable":true,"href":"https:\/\/www.nevadaregistry.org\/es\/wp-json\/wp\/v2\/users\/2"}],"replies":[{"embeddable":true,"href":"https:\/\/www.nevadaregistry.org\/es\/wp-json\/wp\/v2\/comments?post=13243"}],"version-history":[{"count":1,"href":"https:\/\/www.nevadaregistry.org\/es\/wp-json\/wp\/v2\/pages\/13243\/revisions"}],"predecessor-version":[{"id":13244,"href":"https:\/\/www.nevadaregistry.org\/es\/wp-json\/wp\/v2\/pages\/13243\/revisions\/13244"}],"up":[{"embeddable":true,"href":"https:\/\/www.nevadaregistry.org\/es\/wp-json\/wp\/v2\/pages\/13239"}],"wp:attachment":[{"href":"https:\/\/www.nevadaregistry.org\/es\/wp-json\/wp\/v2\/media?parent=13243"}],"curies":[{"name":"wp","href":"https:\/\/api.w.org\/{rel}","templated":true}]}}