{"id":13245,"date":"2020-10-07T10:41:58","date_gmt":"2020-10-07T17:41:58","guid":{"rendered":"https:\/\/www.nevadaregistry.org\/denuncias-obligatorias-de-abuso-y-negligencia-infantil\/"},"modified":"2026-03-06T08:55:37","modified_gmt":"2026-03-06T16:55:37","slug":"denuncias-obligatorias-de-abuso-y-negligencia-infantil","status":"publish","type":"page","link":"https:\/\/www.nevadaregistry.org\/es\/recursos-de-ece\/licenciamiento-de-cuidado-infantil\/denuncias-obligatorias-de-abuso-y-negligencia-infantil\/","title":{"rendered":"Denuncia obligatoria de abuso y negligencia infantil"},"content":{"rendered":"<div id=\"hidbg\">\n<div id=\"owrap\">\n<div id=\"wrap\">\n<div id=\"content\">\n<p>Los proveedores de cuidado infantil son uno de los muchos grupos de profesionales obligados a denunciar la sospecha conocida o razonable de abuso y\/o negligencia de los ni\u00f1os a su cargo. Seg\u00fan el <a href=\"http:\/\/www.leg.state.nv.us\/Nrs\/NRS-432B.html#NRS432BSec220\">Estatuto Revisado de Nevada 432B.220<\/a>, las denuncias de sospecha de abuso deben realizarse dentro de las 24 horas siguientes a tener conocimiento de dicha preocupaci\u00f3n. <\/p>\n<p>Las denuncias pueden hacerse a cualquiera de las agencias que se enumeran a continuaci\u00f3n:<\/p>\n<ul>\n<li>\n<div>Servicios de Protecci\u00f3n Infantil: 1-800-992-5757<\/div>\n<\/li>\n<li>\n<div>Polic\u00eda<\/div>\n<\/li>\n<li>\n<div>Licencias de Cuidado Infantil*<\/div>\n<\/li>\n<li>\n<div>Cualquier otra agencia de Bienestar Infantil<\/div>\n<\/li>\n<\/ul>\n<h5><span style=\"background-color: #ffff00;\">* Las Licencias de Cuidado Infantil no sustituyen la denuncia a los Servicios de Protecci\u00f3n Infantil (CPS) o a las fuerzas del orden. Las instalaciones deben notificar a su inspector la sospecha de abuso y\/o negligencia, <em>adem\u00e1s de<\/em> a los CPS o a las fuerzas del orden. <\/span><\/h5>\n<h5><em>Ten en cuenta:<\/em> <i><span style=\"font-size: 11.0pt;\">The Nevada Registry no acepta denuncias de sospecha de abuso y negligencia. Todas las sospechas de abuso deben ser denunciadas a la agencia apropiada seg\u00fan lo indicado anteriormente. <\/span><\/i><b><i><span style=\"font-size: 11.0pt;\">En caso de que The Nevada Registry reciba un mensaje de sospecha de abuso, se denunciar\u00e1 de acuerdo con los requisitos descritos anteriormente.<\/span><\/i><\/b><\/h5>\n<h3>Qu\u00e9 esperar al hacer una denuncia<\/h3>\n<p>Al hacer una denuncia, se te pedir\u00e1 informaci\u00f3n espec\u00edfica sobre el ni\u00f1o. Recopila la mayor cantidad posible de esta informaci\u00f3n antes de llamar: <\/p>\n<ul>\n<li>\n<div>Nombre, direcci\u00f3n, edad y sexo del ni\u00f1o<\/div>\n<\/li>\n<li>\n<div>Nombre y direcci\u00f3n de los padres u otra persona responsable del cuidado<\/div>\n<\/li>\n<li>\n<div>Naturaleza y alcance del abuso o negligencia del ni\u00f1o<\/div>\n<\/li>\n<li>\n<div>Evidencia de cualquier abuso previamente conocido o sospechado<\/div>\n<\/li>\n<li>\n<div>El nombre, direcci\u00f3n y relaci\u00f3n, si se conoce, de la persona sospechosa del abuso<\/div>\n<\/li>\n<li>\n<div>Por ley, todas las denuncias se mantienen an\u00f3nimas (tu nombre no ser\u00e1 revelado).<\/div>\n<\/li>\n<\/ul>\n<h3>Falta de denuncia<\/h3>\n<p>Dado que los proveedores de cuidado infantil son considerados denunciantes obligatorios de sospecha de abuso y negligencia infantil, la falta de denuncia podr\u00eda resultar en un cargo por delito menor.<\/p>\n<h3>Desarrollo profesional y formaci\u00f3n<\/h3>\n<p>Todo proveedor de cuidado infantil en Nevada que trabaje en un entorno de cuidado infantil con licencia debe completar la formaci\u00f3n en Reconocimiento y Denuncia de Abuso y Negligencia Infantil dentro de los 90 d\u00edas posteriores a la contrataci\u00f3n y cada cinco a\u00f1os a partir de entonces. Para encontrar formaci\u00f3n en tu \u00e1rea, visita el <a href=\"http:\/\/ww2.nevadaregistry.org\/calendar\/\">Calendario de Formaci\u00f3n.<\/a>  <\/p>\n<\/div>\n<\/div>\n<\/div>\n<\/div>\n","protected":false},"excerpt":{"rendered":"<p>Los proveedores de cuidado infantil son uno de los muchos grupos de profesionales obligados a denunciar la sospecha conocida o&#8230;<\/p>\n","protected":false},"author":2,"featured_media":0,"parent":13257,"menu_order":3,"comment_status":"closed","ping_status":"closed","template":"","meta":{"_acf_changed":false,"footnotes":""},"class_list":["post-13245","page","type-page","status-publish","hentry"],"acf":[],"yoast_head":"<!-- This site is optimized with the Yoast SEO plugin v27.2 - https:\/\/yoast.com\/product\/yoast-seo-wordpress\/ -->\n<title>Denuncia obligatoria: Abuso &amp; negligencia infantil | The Nevada Registry<\/title>\n<meta name=\"description\" content=\"Los proveedores de cuidado infantil est\u00e1n obligados a denunciar el abuso o la negligencia infantil conocido o sospechado de los ni\u00f1os a su cargo. Aprende qu\u00e9 esperar &amp; d\u00f3nde denunciar.\" \/>\n<meta name=\"robots\" content=\"index, follow, max-snippet:-1, max-image-preview:large, max-video-preview:-1\" \/>\n<link rel=\"canonical\" href=\"https:\/\/www.nevadaregistry.org\/es\/recursos-de-ece\/licenciamiento-de-cuidado-infantil\/denuncias-obligatorias-de-abuso-y-negligencia-infantil\/\" \/>\n<meta property=\"og:locale\" content=\"es_ES\" \/>\n<meta property=\"og:type\" content=\"article\" \/>\n<meta property=\"og:title\" content=\"Denuncia obligatoria: Abuso &amp; negligencia infantil | The Nevada Registry\" \/>\n<meta property=\"og:description\" content=\"Los proveedores de cuidado infantil est\u00e1n obligados a denunciar el abuso o la negligencia infantil conocido o sospechado de los ni\u00f1os a su cargo. Aprende qu\u00e9 esperar &amp; d\u00f3nde denunciar.\" \/>\n<meta property=\"og:url\" content=\"https:\/\/www.nevadaregistry.org\/es\/recursos-de-ece\/licenciamiento-de-cuidado-infantil\/denuncias-obligatorias-de-abuso-y-negligencia-infantil\/\" \/>\n<meta property=\"og:site_name\" content=\"The Nevada Registry\" \/>\n<meta property=\"article:publisher\" content=\"https:\/\/www.facebook.com\/nevadaregistry\" \/>\n<meta property=\"article:modified_time\" content=\"2026-03-06T16:55:37+00:00\" \/>\n<meta property=\"og:image\" content=\"https:\/\/www.nevadaregistry.org\/wp-content\/uploads\/2020\/10\/NevadaRegistryOGImage.jpg\" \/>\n<meta name=\"twitter:card\" content=\"summary_large_image\" \/>\n<meta name=\"twitter:label1\" content=\"Tiempo de lectura\" \/>\n\t<meta name=\"twitter:data1\" content=\"2 minutos\" \/>\n<script type=\"application\/ld+json\" class=\"yoast-schema-graph\">{\"@context\":\"https:\/\/schema.org\",\"@graph\":[{\"@type\":\"WebPage\",\"@id\":\"https:\/\/www.nevadaregistry.org\/es\/recursos-de-ece\/licenciamiento-de-cuidado-infantil\/denuncias-obligatorias-de-abuso-y-negligencia-infantil\/\",\"url\":\"https:\/\/www.nevadaregistry.org\/es\/recursos-de-ece\/licenciamiento-de-cuidado-infantil\/denuncias-obligatorias-de-abuso-y-negligencia-infantil\/\",\"name\":\"Denuncia obligatoria: Abuso & negligencia infantil | The Nevada Registry\",\"isPartOf\":{\"@id\":\"https:\/\/www.nevadaregistry.org\/es\/#website\"},\"datePublished\":\"2020-10-07T17:41:58+00:00\",\"dateModified\":\"2026-03-06T16:55:37+00:00\",\"description\":\"Los proveedores de cuidado infantil est\u00e1n obligados a denunciar el abuso o la negligencia infantil conocido o sospechado de los ni\u00f1os a su cargo. Aprende qu\u00e9 esperar & d\u00f3nde denunciar.\",\"breadcrumb\":{\"@id\":\"https:\/\/www.nevadaregistry.org\/es\/recursos-de-ece\/licenciamiento-de-cuidado-infantil\/denuncias-obligatorias-de-abuso-y-negligencia-infantil\/#breadcrumb\"},\"inLanguage\":\"es\",\"potentialAction\":[{\"@type\":\"ReadAction\",\"target\":[\"https:\/\/www.nevadaregistry.org\/es\/recursos-de-ece\/licenciamiento-de-cuidado-infantil\/denuncias-obligatorias-de-abuso-y-negligencia-infantil\/\"]}]},{\"@type\":\"BreadcrumbList\",\"@id\":\"https:\/\/www.nevadaregistry.org\/es\/recursos-de-ece\/licenciamiento-de-cuidado-infantil\/denuncias-obligatorias-de-abuso-y-negligencia-infantil\/#breadcrumb\",\"itemListElement\":[{\"@type\":\"ListItem\",\"position\":1,\"name\":\"Home\",\"item\":\"https:\/\/www.nevadaregistry.org\/es\/pagina-principal\/\"},{\"@type\":\"ListItem\",\"position\":2,\"name\":\"Recursos de ECE de The Nevada Registry\",\"item\":\"https:\/\/www.nevadaregistry.org\/es\/recursos-de-ece\/\"},{\"@type\":\"ListItem\",\"position\":3,\"name\":\"Licencias de cuidado infantil de Nevada\",\"item\":\"https:\/\/www.nevadaregistry.org\/es\/recursos-de-ece\/licenciamiento-de-cuidado-infantil\/\"},{\"@type\":\"ListItem\",\"position\":4,\"name\":\"Denuncia obligatoria de abuso y negligencia infantil\"}]},{\"@type\":\"WebSite\",\"@id\":\"https:\/\/www.nevadaregistry.org\/es\/#website\",\"url\":\"https:\/\/www.nevadaregistry.org\/es\/\",\"name\":\"The Nevada Registry\",\"description\":\"Workforce data system capturing information about the Early Childhood Education and Care (ECEC) workforce in Nevada.\",\"publisher\":{\"@id\":\"https:\/\/www.nevadaregistry.org\/es\/#organization\"},\"potentialAction\":[{\"@type\":\"SearchAction\",\"target\":{\"@type\":\"EntryPoint\",\"urlTemplate\":\"https:\/\/www.nevadaregistry.org\/es\/?s={search_term_string}\"},\"query-input\":{\"@type\":\"PropertyValueSpecification\",\"valueRequired\":true,\"valueName\":\"search_term_string\"}}],\"inLanguage\":\"es\"},{\"@type\":\"Organization\",\"@id\":\"https:\/\/www.nevadaregistry.org\/es\/#organization\",\"name\":\"El Nevada Registry\",\"url\":\"https:\/\/www.nevadaregistry.org\/es\/\",\"logo\":{\"@type\":\"ImageObject\",\"inLanguage\":\"es\",\"@id\":\"https:\/\/www.nevadaregistry.org\/es\/#\/schema\/logo\/image\/\",\"url\":\"https:\/\/www.nevadaregistry.org\/wp-content\/uploads\/2020\/10\/tnr-logo-purple-copy.jpg\",\"contentUrl\":\"https:\/\/www.nevadaregistry.org\/wp-content\/uploads\/2020\/10\/tnr-logo-purple-copy.jpg\",\"width\":\"900\",\"height\":\"562\",\"caption\":\"El Nevada Registry\"},\"image\":{\"@id\":\"https:\/\/www.nevadaregistry.org\/es\/#\/schema\/logo\/image\/\"},\"sameAs\":[\"https:\/\/www.facebook.com\/nevadaregistry\"]}]}<\/script>\n<!-- \/ Yoast SEO plugin. -->","yoast_head_json":{"title":"Denuncia obligatoria: Abuso & negligencia infantil | The Nevada Registry","description":"Los proveedores de cuidado infantil est\u00e1n obligados a denunciar el abuso o la negligencia infantil conocido o sospechado de los ni\u00f1os a su cargo. Aprende qu\u00e9 esperar & d\u00f3nde denunciar.","robots":{"index":"index","follow":"follow","max-snippet":"max-snippet:-1","max-image-preview":"max-image-preview:large","max-video-preview":"max-video-preview:-1"},"canonical":"https:\/\/www.nevadaregistry.org\/es\/recursos-de-ece\/licenciamiento-de-cuidado-infantil\/denuncias-obligatorias-de-abuso-y-negligencia-infantil\/","og_locale":"es_ES","og_type":"article","og_title":"Denuncia obligatoria: Abuso & negligencia infantil | The Nevada Registry","og_description":"Los proveedores de cuidado infantil est\u00e1n obligados a denunciar el abuso o la negligencia infantil conocido o sospechado de los ni\u00f1os a su cargo. Aprende qu\u00e9 esperar & d\u00f3nde denunciar.","og_url":"https:\/\/www.nevadaregistry.org\/es\/recursos-de-ece\/licenciamiento-de-cuidado-infantil\/denuncias-obligatorias-de-abuso-y-negligencia-infantil\/","og_site_name":"The Nevada Registry","article_publisher":"https:\/\/www.facebook.com\/nevadaregistry","article_modified_time":"2026-03-06T16:55:37+00:00","og_image":[{"url":"https:\/\/www.nevadaregistry.org\/wp-content\/uploads\/2020\/10\/NevadaRegistryOGImage.jpg","type":"","width":"","height":""}],"twitter_card":"summary_large_image","twitter_misc":{"Tiempo de lectura":"2 minutos"},"schema":{"@context":"https:\/\/schema.org","@graph":[{"@type":"WebPage","@id":"https:\/\/www.nevadaregistry.org\/es\/recursos-de-ece\/licenciamiento-de-cuidado-infantil\/denuncias-obligatorias-de-abuso-y-negligencia-infantil\/","url":"https:\/\/www.nevadaregistry.org\/es\/recursos-de-ece\/licenciamiento-de-cuidado-infantil\/denuncias-obligatorias-de-abuso-y-negligencia-infantil\/","name":"Denuncia obligatoria: Abuso & negligencia infantil | The Nevada Registry","isPartOf":{"@id":"https:\/\/www.nevadaregistry.org\/es\/#website"},"datePublished":"2020-10-07T17:41:58+00:00","dateModified":"2026-03-06T16:55:37+00:00","description":"Los proveedores de cuidado infantil est\u00e1n obligados a denunciar el abuso o la negligencia infantil conocido o sospechado de los ni\u00f1os a su cargo. Aprende qu\u00e9 esperar & d\u00f3nde denunciar.","breadcrumb":{"@id":"https:\/\/www.nevadaregistry.org\/es\/recursos-de-ece\/licenciamiento-de-cuidado-infantil\/denuncias-obligatorias-de-abuso-y-negligencia-infantil\/#breadcrumb"},"inLanguage":"es","potentialAction":[{"@type":"ReadAction","target":["https:\/\/www.nevadaregistry.org\/es\/recursos-de-ece\/licenciamiento-de-cuidado-infantil\/denuncias-obligatorias-de-abuso-y-negligencia-infantil\/"]}]},{"@type":"BreadcrumbList","@id":"https:\/\/www.nevadaregistry.org\/es\/recursos-de-ece\/licenciamiento-de-cuidado-infantil\/denuncias-obligatorias-de-abuso-y-negligencia-infantil\/#breadcrumb","itemListElement":[{"@type":"ListItem","position":1,"name":"Home","item":"https:\/\/www.nevadaregistry.org\/es\/pagina-principal\/"},{"@type":"ListItem","position":2,"name":"Recursos de ECE de The Nevada Registry","item":"https:\/\/www.nevadaregistry.org\/es\/recursos-de-ece\/"},{"@type":"ListItem","position":3,"name":"Licencias de cuidado infantil de Nevada","item":"https:\/\/www.nevadaregistry.org\/es\/recursos-de-ece\/licenciamiento-de-cuidado-infantil\/"},{"@type":"ListItem","position":4,"name":"Denuncia obligatoria de abuso y negligencia infantil"}]},{"@type":"WebSite","@id":"https:\/\/www.nevadaregistry.org\/es\/#website","url":"https:\/\/www.nevadaregistry.org\/es\/","name":"The Nevada Registry","description":"Workforce data system capturing information about the Early Childhood Education and Care (ECEC) workforce in Nevada.","publisher":{"@id":"https:\/\/www.nevadaregistry.org\/es\/#organization"},"potentialAction":[{"@type":"SearchAction","target":{"@type":"EntryPoint","urlTemplate":"https:\/\/www.nevadaregistry.org\/es\/?s={search_term_string}"},"query-input":{"@type":"PropertyValueSpecification","valueRequired":true,"valueName":"search_term_string"}}],"inLanguage":"es"},{"@type":"Organization","@id":"https:\/\/www.nevadaregistry.org\/es\/#organization","name":"El Nevada Registry","url":"https:\/\/www.nevadaregistry.org\/es\/","logo":{"@type":"ImageObject","inLanguage":"es","@id":"https:\/\/www.nevadaregistry.org\/es\/#\/schema\/logo\/image\/","url":"https:\/\/www.nevadaregistry.org\/wp-content\/uploads\/2020\/10\/tnr-logo-purple-copy.jpg","contentUrl":"https:\/\/www.nevadaregistry.org\/wp-content\/uploads\/2020\/10\/tnr-logo-purple-copy.jpg","width":"900","height":"562","caption":"El Nevada Registry"},"image":{"@id":"https:\/\/www.nevadaregistry.org\/es\/#\/schema\/logo\/image\/"},"sameAs":["https:\/\/www.facebook.com\/nevadaregistry"]}]}},"_links":{"self":[{"href":"https:\/\/www.nevadaregistry.org\/es\/wp-json\/wp\/v2\/pages\/13245","targetHints":{"allow":["GET"]}}],"collection":[{"href":"https:\/\/www.nevadaregistry.org\/es\/wp-json\/wp\/v2\/pages"}],"about":[{"href":"https:\/\/www.nevadaregistry.org\/es\/wp-json\/wp\/v2\/types\/page"}],"author":[{"embeddable":true,"href":"https:\/\/www.nevadaregistry.org\/es\/wp-json\/wp\/v2\/users\/2"}],"replies":[{"embeddable":true,"href":"https:\/\/www.nevadaregistry.org\/es\/wp-json\/wp\/v2\/comments?post=13245"}],"version-history":[{"count":2,"href":"https:\/\/www.nevadaregistry.org\/es\/wp-json\/wp\/v2\/pages\/13245\/revisions"}],"predecessor-version":[{"id":18237,"href":"https:\/\/www.nevadaregistry.org\/es\/wp-json\/wp\/v2\/pages\/13245\/revisions\/18237"}],"up":[{"embeddable":true,"href":"https:\/\/www.nevadaregistry.org\/es\/wp-json\/wp\/v2\/pages\/13257"}],"wp:attachment":[{"href":"https:\/\/www.nevadaregistry.org\/es\/wp-json\/wp\/v2\/media?parent=13245"}],"curies":[{"name":"wp","href":"https:\/\/api.w.org\/{rel}","templated":true}]}}