{"id":13247,"date":"2020-10-18T20:35:03","date_gmt":"2020-10-19T03:35:03","guid":{"rendered":"https:\/\/www.nevadaregistry.org\/about\/alianza-nacional-de-registros-de-la-fuerza-laboral-socios-en-la-presentacion-de-informes-de-empleo-per\/"},"modified":"2026-03-06T08:38:45","modified_gmt":"2026-03-06T16:38:45","slug":"alianza-nacional-de-registros-de-la-fuerza-laboral-socios-en-la-presentacion-de-informes-de-empleo-per","status":"publish","type":"page","link":"https:\/\/www.nevadaregistry.org\/es\/acerca\/alianza-nacional-de-registros-de-la-fuerza-laboral-socios-en-la-presentacion-de-informes-de-empleo-per\/","title":{"rendered":"National Workforce Registry Alliance y Partners in Employment Reporting (PER)"},"content":{"rendered":"<div id=\"hidbg\">\n<div id=\"owrap\">\n<div id=\"wrap\">\n<div id=\"content\">\n<p>Como uno de los 44 registros plenamente operativos que funcionan actualmente en todo el pa\u00eds para agilizar la recopilaci\u00f3n de datos de la fuerza laboral, The Nevada Registry sirve como repositorio integral de datos para la fuerza laboral de educaci\u00f3n infantil en Nevada.<\/p>\n<h3><strong>\u00bfQu\u00e9 es un registro?<\/strong><\/h3>\n<p>Un registro es un sistema de informaci\u00f3n para la fuerza laboral de educaci\u00f3n infantil y edad escolar que promueve el crecimiento y desarrollo profesional, captura informaci\u00f3n cr\u00edtica sobre la fuerza laboral, reconoce logros y hitos profesionales, proporciona datos para iniciativas de cumplimiento y calidad, e informa a administradores, innovadores y responsables de pol\u00edticas. Los registros se dise\u00f1aron originalmente para recopilar datos con el fin de reconocer logros profesionales y difundir datos b\u00e1sicos para las necesidades de informes estatales y federales, pero a medida que los registros han evolucionado, se han convertido en una fuente esencial de los datos necesarios para informar debates y decisiones sobre iniciativas y pol\u00edticas estatales y federales. Los registros tambi\u00e9n suelen apoyar los elementos clave de los sistemas estatales de desarrollo profesional (acceso y divulgaci\u00f3n, garant\u00eda de calidad, cualificaciones, credenciales y trayectorias, conocimiento profesional b\u00e1sico, financiaci\u00f3n y compensaci\u00f3n).  <\/p>\n<h3><strong>Compromiso nacional<\/strong><\/h3>\n<p>Se anima a los registros estatales de la fuerza laboral a unirse a la <a href=\"https:\/\/registryalliance.org\/index.php\">National Workforce Registry Alliance<\/a>; una organizaci\u00f3n de l\u00edderes de registros y desarrollo profesional de la fuerza laboral de educaci\u00f3n infantil y edad escolar que promueve sistemas estatales de desarrollo profesional de alta calidad, coordinados, documentados y accesibles. La misi\u00f3n de la Alliance es proporcionar a los registros de todo el pa\u00eds recursos sobre est\u00e1ndares de calidad para sistemas de datos de la fuerza laboral y crear una voz nacional s\u00f3lida que impulse pol\u00edticas e iniciativas relevantes.  Unirse a la National Workforce Registry Alliance proporciona a un registro un sistema de apoyo y la capacidad de interactuar con otros profesionales de registros de todo el pa\u00eds. <strong>The Nevada Registry ha sido miembro activo de la Alliance desde 2009.<\/strong><\/p>\n<h3><strong>Datos nacionales de la fuerza laboral <\/strong><\/h3>\n<p>Los registros desempe\u00f1an un papel fundamental en la contribuci\u00f3n al conjunto de datos nacionales de la fuerza laboral de educaci\u00f3n infantil y edad escolar, lo que puede tener un impacto importante en la profesi\u00f3n. Para contribuir al conjunto de datos nacionales, un registro estatal debe verificar que sus m\u00e9todos de recopilaci\u00f3n y mantenimiento de datos cumplan est\u00e1ndares rigurosos que garanticen coherencia y calidad. <\/p>\n<p>La <a href=\"https:\/\/registryalliance.org\/index.php\">National Workforce Registry Alliance<\/a> ha creado <a href=\"https:\/\/www.registryalliance.org\/our-work\/per\/\">Partners in Employment Reporting<\/a> (PER) para verificar si un estado est\u00e1 preparado para contribuir con datos al conjunto de datos nacionales. Los registros que mantienen con \u00e9xito la aprobaci\u00f3n PER cumplen los est\u00e1ndares operativos requeridos por la Alliance, recopilan los elementos de datos necesarios y demuestran la capacidad de producir informes de datos y\/o archivos de transferencia para proyectos y asociaciones de datos nacionales utilizando m\u00e9todos s\u00f3lidos y probados para agregar datos. <strong>The Nevada Registry logr\u00f3 el estatus PER en 2015 y es uno de los \u00fanicos 17 sistemas de registro actualmente aprobados por PER.<\/strong><\/p>\n<p>Las decisiones basadas en datos son fundamentales para el \u00e9xito de la fuerza laboral en cualquier profesi\u00f3n, y los registros proporcionan esos datos. Hasta la fecha, la National Workforce Registry Alliance ha publicado dos informes de conjuntos de datos de la fuerza laboral que proporcionan un an\u00e1lisis descriptivo sobre la fuerza laboral de educaci\u00f3n infantil utilizando datos de registros que han logrado el estatus de Partnership Eligibility Review (PER). Aumentar la capacidad de los registros para compartir datos seguir\u00e1 mejorando su capacidad para actuar como contribuyentes importantes a otras iniciativas pol\u00edticas basadas en datos. Futuros informes como este incluir\u00e1n comparaciones entre datos espec\u00edficos de la fuerza laboral a nivel estatal de Nevada y datos contenidos en los informes de conjuntos de datos publicados por la National Workforce Registry Alliance. <strong>Los datos agregados de The Nevada Registry se incluyen en los informes de conjuntos de datos de <a href=\"https:\/\/www.registryalliance.org\/2017-alliance-dataset-report\/\">2017<\/a>, <a href=\"https:\/\/www.registryalliance.org\/2019-alliance-data-set-full-report\/\">2019<\/a> y <a href=\"https:\/\/www.registryalliance.org\/2021-alliance-longitudinal-workforce-report\/\">2021<\/a>.<\/strong>    <\/p>\n<h3><strong>Participaci\u00f3n obligatoria<\/strong><\/h3>\n<p>El nivel requerido de participaci\u00f3n para un registro estatal var\u00eda en todo el pa\u00eds. Algunos requieren membres\u00eda para todos los profesionales de la fuerza laboral, mientras que otros permanecen parcial o completamente voluntarios.  A medida que aumente la participaci\u00f3n en el conjunto de datos nacionales por parte de los registros estatales, habr\u00e1 una necesidad cr\u00edtica de que cada estado considere la participaci\u00f3n de todos los miembros de la fuerza laboral como importante y necesaria para el \u00e9xito del campo de la educaci\u00f3n infantil y el tiempo fuera de la escuela. <strong>La membres\u00eda con The Nevada Registry para todos los profesionales que trabajan en centros de cuidado infantil con licencia se adopt\u00f3 plenamente en las regulaciones estatales de licencias de cuidado infantil NAC432A en 2012.<\/strong><\/p>\n<h6><em>Fuente: Partnership, Outreach and Public Policy Committee (2019), Why Do States Implement Workforce Registries? A white paper from the National Workforce Registry Alliance, Inc., Washington, D.C. <\/em><\/h6>\n<\/div>\n<\/div>\n<\/div>\n<\/div>\n","protected":false},"excerpt":{"rendered":"<p>Como uno de los 44 registros plenamente operativos que funcionan actualmente en todo el pa\u00eds para agilizar la recopilaci\u00f3n de&#8230;<\/p>\n","protected":false},"author":2,"featured_media":0,"parent":12893,"menu_order":8,"comment_status":"closed","ping_status":"closed","template":"","meta":{"_acf_changed":false,"footnotes":""},"class_list":["post-13247","page","type-page","status-publish","hentry"],"acf":[],"yoast_head":"<!-- This site is optimized with the Yoast SEO plugin v27.2 - https:\/\/yoast.com\/product\/yoast-seo-wordpress\/ -->\n<title>National Workforce Registry Alliance y Partners in Employment Reporting (PER) - The Nevada Registry<\/title>\n<meta name=\"description\" content=\"Como uno de los 44 registros plenamente operativos que funcionan actualmente en todo el pa\u00eds para agilizar la recopilaci\u00f3n de datos de la fuerza laboral,\" \/>\n<meta name=\"robots\" content=\"index, follow, max-snippet:-1, max-image-preview:large, max-video-preview:-1\" \/>\n<link rel=\"canonical\" href=\"https:\/\/www.nevadaregistry.org\/es\/acerca\/alianza-nacional-de-registros-de-la-fuerza-laboral-socios-en-la-presentacion-de-informes-de-empleo-per\/\" \/>\n<meta property=\"og:locale\" content=\"es_ES\" \/>\n<meta property=\"og:type\" content=\"article\" \/>\n<meta property=\"og:title\" content=\"National Workforce Registry Alliance y Partners in Employment Reporting (PER) - The Nevada Registry\" \/>\n<meta property=\"og:description\" content=\"Como uno de los 44 registros plenamente operativos que funcionan actualmente en todo el pa\u00eds para agilizar la recopilaci\u00f3n de datos de la fuerza laboral,\" \/>\n<meta property=\"og:url\" content=\"https:\/\/www.nevadaregistry.org\/es\/acerca\/alianza-nacional-de-registros-de-la-fuerza-laboral-socios-en-la-presentacion-de-informes-de-empleo-per\/\" \/>\n<meta property=\"og:site_name\" content=\"The Nevada Registry\" \/>\n<meta property=\"article:publisher\" content=\"https:\/\/www.facebook.com\/nevadaregistry\" \/>\n<meta property=\"article:modified_time\" content=\"2026-03-06T16:38:45+00:00\" \/>\n<meta property=\"og:image\" content=\"https:\/\/www.nevadaregistry.org\/wp-content\/uploads\/2020\/10\/NevadaRegistryOGImage.jpg\" \/>\n\t<meta property=\"og:image:width\" content=\"1200\" \/>\n\t<meta property=\"og:image:height\" content=\"630\" \/>\n\t<meta property=\"og:image:type\" content=\"image\/jpeg\" \/>\n<meta name=\"twitter:card\" content=\"summary_large_image\" \/>\n<meta name=\"twitter:label1\" content=\"Tiempo de lectura\" \/>\n\t<meta name=\"twitter:data1\" content=\"4 minutos\" \/>\n<script type=\"application\/ld+json\" class=\"yoast-schema-graph\">{\"@context\":\"https:\/\/schema.org\",\"@graph\":[{\"@type\":\"WebPage\",\"@id\":\"https:\/\/www.nevadaregistry.org\/es\/acerca\/alianza-nacional-de-registros-de-la-fuerza-laboral-socios-en-la-presentacion-de-informes-de-empleo-per\/\",\"url\":\"https:\/\/www.nevadaregistry.org\/es\/acerca\/alianza-nacional-de-registros-de-la-fuerza-laboral-socios-en-la-presentacion-de-informes-de-empleo-per\/\",\"name\":\"National Workforce Registry Alliance y Partners in Employment Reporting (PER) - The Nevada Registry\",\"isPartOf\":{\"@id\":\"https:\/\/www.nevadaregistry.org\/es\/#website\"},\"datePublished\":\"2020-10-19T03:35:03+00:00\",\"dateModified\":\"2026-03-06T16:38:45+00:00\",\"description\":\"Como uno de los 44 registros plenamente operativos que funcionan actualmente en todo el pa\u00eds para agilizar la recopilaci\u00f3n de datos de la fuerza laboral,\",\"breadcrumb\":{\"@id\":\"https:\/\/www.nevadaregistry.org\/es\/acerca\/alianza-nacional-de-registros-de-la-fuerza-laboral-socios-en-la-presentacion-de-informes-de-empleo-per\/#breadcrumb\"},\"inLanguage\":\"es\",\"potentialAction\":[{\"@type\":\"ReadAction\",\"target\":[\"https:\/\/www.nevadaregistry.org\/es\/acerca\/alianza-nacional-de-registros-de-la-fuerza-laboral-socios-en-la-presentacion-de-informes-de-empleo-per\/\"]}]},{\"@type\":\"BreadcrumbList\",\"@id\":\"https:\/\/www.nevadaregistry.org\/es\/acerca\/alianza-nacional-de-registros-de-la-fuerza-laboral-socios-en-la-presentacion-de-informes-de-empleo-per\/#breadcrumb\",\"itemListElement\":[{\"@type\":\"ListItem\",\"position\":1,\"name\":\"Home\",\"item\":\"https:\/\/www.nevadaregistry.org\/es\/pagina-principal\/\"},{\"@type\":\"ListItem\",\"position\":2,\"name\":\"P\u00e1gina Acerca de The Nevada Registry\",\"item\":\"https:\/\/www.nevadaregistry.org\/es\/acerca\/\"},{\"@type\":\"ListItem\",\"position\":3,\"name\":\"National Workforce Registry Alliance y Partners in Employment Reporting (PER)\"}]},{\"@type\":\"WebSite\",\"@id\":\"https:\/\/www.nevadaregistry.org\/es\/#website\",\"url\":\"https:\/\/www.nevadaregistry.org\/es\/\",\"name\":\"The Nevada Registry\",\"description\":\"Workforce data system capturing information about the Early Childhood Education and Care (ECEC) workforce in Nevada.\",\"publisher\":{\"@id\":\"https:\/\/www.nevadaregistry.org\/es\/#organization\"},\"potentialAction\":[{\"@type\":\"SearchAction\",\"target\":{\"@type\":\"EntryPoint\",\"urlTemplate\":\"https:\/\/www.nevadaregistry.org\/es\/?s={search_term_string}\"},\"query-input\":{\"@type\":\"PropertyValueSpecification\",\"valueRequired\":true,\"valueName\":\"search_term_string\"}}],\"inLanguage\":\"es\"},{\"@type\":\"Organization\",\"@id\":\"https:\/\/www.nevadaregistry.org\/es\/#organization\",\"name\":\"El Nevada Registry\",\"url\":\"https:\/\/www.nevadaregistry.org\/es\/\",\"logo\":{\"@type\":\"ImageObject\",\"inLanguage\":\"es\",\"@id\":\"https:\/\/www.nevadaregistry.org\/es\/#\/schema\/logo\/image\/\",\"url\":\"https:\/\/www.nevadaregistry.org\/wp-content\/uploads\/2020\/10\/tnr-logo-purple-copy.jpg\",\"contentUrl\":\"https:\/\/www.nevadaregistry.org\/wp-content\/uploads\/2020\/10\/tnr-logo-purple-copy.jpg\",\"width\":\"900\",\"height\":\"562\",\"caption\":\"El Nevada Registry\"},\"image\":{\"@id\":\"https:\/\/www.nevadaregistry.org\/es\/#\/schema\/logo\/image\/\"},\"sameAs\":[\"https:\/\/www.facebook.com\/nevadaregistry\"]}]}<\/script>\n<!-- \/ Yoast SEO plugin. -->","yoast_head_json":{"title":"National Workforce Registry Alliance y Partners in Employment Reporting (PER) - The Nevada Registry","description":"Como uno de los 44 registros plenamente operativos que funcionan actualmente en todo el pa\u00eds para agilizar la recopilaci\u00f3n de datos de la fuerza laboral,","robots":{"index":"index","follow":"follow","max-snippet":"max-snippet:-1","max-image-preview":"max-image-preview:large","max-video-preview":"max-video-preview:-1"},"canonical":"https:\/\/www.nevadaregistry.org\/es\/acerca\/alianza-nacional-de-registros-de-la-fuerza-laboral-socios-en-la-presentacion-de-informes-de-empleo-per\/","og_locale":"es_ES","og_type":"article","og_title":"National Workforce Registry Alliance y Partners in Employment Reporting (PER) - The Nevada Registry","og_description":"Como uno de los 44 registros plenamente operativos que funcionan actualmente en todo el pa\u00eds para agilizar la recopilaci\u00f3n de datos de la fuerza laboral,","og_url":"https:\/\/www.nevadaregistry.org\/es\/acerca\/alianza-nacional-de-registros-de-la-fuerza-laboral-socios-en-la-presentacion-de-informes-de-empleo-per\/","og_site_name":"The Nevada Registry","article_publisher":"https:\/\/www.facebook.com\/nevadaregistry","article_modified_time":"2026-03-06T16:38:45+00:00","og_image":[{"width":1200,"height":630,"url":"https:\/\/www.nevadaregistry.org\/wp-content\/uploads\/2020\/10\/NevadaRegistryOGImage.jpg","type":"image\/jpeg"}],"twitter_card":"summary_large_image","twitter_misc":{"Tiempo de lectura":"4 minutos"},"schema":{"@context":"https:\/\/schema.org","@graph":[{"@type":"WebPage","@id":"https:\/\/www.nevadaregistry.org\/es\/acerca\/alianza-nacional-de-registros-de-la-fuerza-laboral-socios-en-la-presentacion-de-informes-de-empleo-per\/","url":"https:\/\/www.nevadaregistry.org\/es\/acerca\/alianza-nacional-de-registros-de-la-fuerza-laboral-socios-en-la-presentacion-de-informes-de-empleo-per\/","name":"National Workforce Registry Alliance y Partners in Employment Reporting (PER) - The Nevada Registry","isPartOf":{"@id":"https:\/\/www.nevadaregistry.org\/es\/#website"},"datePublished":"2020-10-19T03:35:03+00:00","dateModified":"2026-03-06T16:38:45+00:00","description":"Como uno de los 44 registros plenamente operativos que funcionan actualmente en todo el pa\u00eds para agilizar la recopilaci\u00f3n de datos de la fuerza laboral,","breadcrumb":{"@id":"https:\/\/www.nevadaregistry.org\/es\/acerca\/alianza-nacional-de-registros-de-la-fuerza-laboral-socios-en-la-presentacion-de-informes-de-empleo-per\/#breadcrumb"},"inLanguage":"es","potentialAction":[{"@type":"ReadAction","target":["https:\/\/www.nevadaregistry.org\/es\/acerca\/alianza-nacional-de-registros-de-la-fuerza-laboral-socios-en-la-presentacion-de-informes-de-empleo-per\/"]}]},{"@type":"BreadcrumbList","@id":"https:\/\/www.nevadaregistry.org\/es\/acerca\/alianza-nacional-de-registros-de-la-fuerza-laboral-socios-en-la-presentacion-de-informes-de-empleo-per\/#breadcrumb","itemListElement":[{"@type":"ListItem","position":1,"name":"Home","item":"https:\/\/www.nevadaregistry.org\/es\/pagina-principal\/"},{"@type":"ListItem","position":2,"name":"P\u00e1gina Acerca de The Nevada Registry","item":"https:\/\/www.nevadaregistry.org\/es\/acerca\/"},{"@type":"ListItem","position":3,"name":"National Workforce Registry Alliance y Partners in Employment Reporting (PER)"}]},{"@type":"WebSite","@id":"https:\/\/www.nevadaregistry.org\/es\/#website","url":"https:\/\/www.nevadaregistry.org\/es\/","name":"The Nevada Registry","description":"Workforce data system capturing information about the Early Childhood Education and Care (ECEC) workforce in Nevada.","publisher":{"@id":"https:\/\/www.nevadaregistry.org\/es\/#organization"},"potentialAction":[{"@type":"SearchAction","target":{"@type":"EntryPoint","urlTemplate":"https:\/\/www.nevadaregistry.org\/es\/?s={search_term_string}"},"query-input":{"@type":"PropertyValueSpecification","valueRequired":true,"valueName":"search_term_string"}}],"inLanguage":"es"},{"@type":"Organization","@id":"https:\/\/www.nevadaregistry.org\/es\/#organization","name":"El Nevada Registry","url":"https:\/\/www.nevadaregistry.org\/es\/","logo":{"@type":"ImageObject","inLanguage":"es","@id":"https:\/\/www.nevadaregistry.org\/es\/#\/schema\/logo\/image\/","url":"https:\/\/www.nevadaregistry.org\/wp-content\/uploads\/2020\/10\/tnr-logo-purple-copy.jpg","contentUrl":"https:\/\/www.nevadaregistry.org\/wp-content\/uploads\/2020\/10\/tnr-logo-purple-copy.jpg","width":"900","height":"562","caption":"El Nevada Registry"},"image":{"@id":"https:\/\/www.nevadaregistry.org\/es\/#\/schema\/logo\/image\/"},"sameAs":["https:\/\/www.facebook.com\/nevadaregistry"]}]}},"_links":{"self":[{"href":"https:\/\/www.nevadaregistry.org\/es\/wp-json\/wp\/v2\/pages\/13247","targetHints":{"allow":["GET"]}}],"collection":[{"href":"https:\/\/www.nevadaregistry.org\/es\/wp-json\/wp\/v2\/pages"}],"about":[{"href":"https:\/\/www.nevadaregistry.org\/es\/wp-json\/wp\/v2\/types\/page"}],"author":[{"embeddable":true,"href":"https:\/\/www.nevadaregistry.org\/es\/wp-json\/wp\/v2\/users\/2"}],"replies":[{"embeddable":true,"href":"https:\/\/www.nevadaregistry.org\/es\/wp-json\/wp\/v2\/comments?post=13247"}],"version-history":[{"count":2,"href":"https:\/\/www.nevadaregistry.org\/es\/wp-json\/wp\/v2\/pages\/13247\/revisions"}],"predecessor-version":[{"id":18213,"href":"https:\/\/www.nevadaregistry.org\/es\/wp-json\/wp\/v2\/pages\/13247\/revisions\/18213"}],"up":[{"embeddable":true,"href":"https:\/\/www.nevadaregistry.org\/es\/wp-json\/wp\/v2\/pages\/12893"}],"wp:attachment":[{"href":"https:\/\/www.nevadaregistry.org\/es\/wp-json\/wp\/v2\/media?parent=13247"}],"curies":[{"name":"wp","href":"https:\/\/api.w.org\/{rel}","templated":true}]}}