{"id":13251,"date":"2020-08-24T13:20:09","date_gmt":"2020-08-24T20:20:09","guid":{"rendered":"https:\/\/www.nevadaregistry.org\/mas-informacion-sobre-los-datos\/"},"modified":"2025-05-01T14:55:08","modified_gmt":"2025-05-01T21:55:08","slug":"mas-informacion-sobre-los-datos","status":"publish","type":"page","link":"https:\/\/www.nevadaregistry.org\/es\/acerca\/informes-y-estadisticas\/mas-informacion-sobre-los-datos\/","title":{"rendered":"M\u00e1s informaci\u00f3n sobre los datos"},"content":{"rendered":"<div id=\"hidbg\">\n<div id=\"owrap\">\n<div id=\"wrap\">\n<div id=\"content\">\n<p>Los datos recopilados de la Solicitud de Membres\u00eda se utilizan para crear Expedientes de Desarrollo Profesional para cada miembro y nos ayudan a reflejar con precisi\u00f3n los antecedentes profesionales y educativos \u00fanicos de cada individuo en ECE; lo que resulta en una ubicaci\u00f3n apropiada y correcta en el nivel de la Escala Profesional. Los datos tambi\u00e9n nos ayudan a obtener conocimiento sobre la fuerza laboral de Educaci\u00f3n Infantil Temprana (ECE) y pueden contribuir a realizar cambios positivos en el sistema de desarrollo profesional en Nevada. <\/p>\n<p>Como observar\u00e1 al revisar los informes estad\u00edsticos disponibles en este sitio, la informaci\u00f3n recopilada a trav\u00e9s del proceso de solicitud y el sistema de aprobaci\u00f3n de capacitaciones nunca se divulga con informaci\u00f3n identificativa adjunta. Cualquier dato proporcionado a la comunidad a trav\u00e9s de este sitio web y\/o colaboradores por otros medios, se combina con el fin de informar sobre grandes grupos de personas, en lugar de sobre miembros individuales. Esta y TODA la dem\u00e1s informaci\u00f3n contenida en el Expediente de Desarrollo Profesional de cada miembro es confidencial.  <\/p>\n<h2>Historia en Desarrollo<\/h2>\n<p>La participaci\u00f3n en Nevada Registry se convirti\u00f3 en un requisito para todos los cuidadores que trabajan en entornos de cuidado infantil con licencia en abril de 2009 (seg\u00fan las regulaciones estatales de licencias de cuidado infantil <a href=\"https:\/\/www.nevadaregistry.org\/fb_files\/revisedadoptedR112-06.pdf\">R112-06<\/a> y <a href=\"https:\/\/www.nevadaregistry.org\/fb_files\/revisedadoptedR001-09.pdf\">R001-09<\/a>) y se implement\u00f3 completamente el 31 de diciembre de 2012. La participaci\u00f3n obligatoria en el Registro significa que ahora tenemos una imagen representativa de la fuerza laboral de ECE en nuestro estado por primera vez en la historia de Nevada. Es nuestra esperanza e intenci\u00f3n que los datos del Registro se utilicen para respaldar e informar el proceso de toma de decisiones sobre el desarrollo de un sistema mejorado de Cuidado y Educaci\u00f3n Temprana en Nevada, incluyendo la provisi\u00f3n de datos a la Legislatura del Estado de Nevada en apoyo de un mayor financiamiento para programas, todo lo cual es posible solo cuando la participaci\u00f3n en el Registro es obligatoria.  <\/p>\n<\/div>\n<\/div>\n<\/div>\n<\/div>\n","protected":false},"excerpt":{"rendered":"<p>Los datos recopilados de la Solicitud de Membres\u00eda se utilizan para crear Expedientes de Desarrollo Profesional para cada miembro y&#8230;<\/p>\n","protected":false},"author":2,"featured_media":0,"parent":13330,"menu_order":0,"comment_status":"closed","ping_status":"closed","template":"","meta":{"_acf_changed":false,"footnotes":""},"class_list":["post-13251","page","type-page","status-publish","hentry"],"acf":[],"yoast_head":"<!-- This site is optimized with the Yoast SEO plugin v27.4 - https:\/\/yoast.com\/product\/yoast-seo-wordpress\/ -->\n<title>M\u00e1s informaci\u00f3n sobre los datos - The Nevada Registry<\/title>\n<meta name=\"description\" content=\"Los datos recopilados de la Solicitud de Membres\u00eda se utilizan para crear Expedientes de Desarrollo Profesional para cada miembro y nos ayudan a reflejar\" \/>\n<meta name=\"robots\" content=\"index, follow, max-snippet:-1, max-image-preview:large, max-video-preview:-1\" \/>\n<link rel=\"canonical\" href=\"https:\/\/www.nevadaregistry.org\/es\/acerca\/informes-y-estadisticas\/mas-informacion-sobre-los-datos\/\" \/>\n<meta property=\"og:locale\" content=\"es_ES\" \/>\n<meta property=\"og:type\" content=\"article\" \/>\n<meta property=\"og:title\" content=\"M\u00e1s informaci\u00f3n sobre los datos - The Nevada Registry\" \/>\n<meta property=\"og:description\" content=\"Los datos recopilados de la Solicitud de Membres\u00eda se utilizan para crear Expedientes de Desarrollo Profesional para cada miembro y nos ayudan a reflejar\" \/>\n<meta property=\"og:url\" content=\"https:\/\/www.nevadaregistry.org\/es\/acerca\/informes-y-estadisticas\/mas-informacion-sobre-los-datos\/\" \/>\n<meta property=\"og:site_name\" content=\"The Nevada Registry\" \/>\n<meta property=\"article:publisher\" content=\"https:\/\/www.facebook.com\/nevadaregistry\" \/>\n<meta property=\"article:modified_time\" content=\"2025-05-01T21:55:08+00:00\" \/>\n<meta property=\"og:image\" content=\"https:\/\/www.nevadaregistry.org\/wp-content\/uploads\/2020\/10\/NevadaRegistryOGImage.jpg\" \/>\n\t<meta property=\"og:image:width\" content=\"1200\" \/>\n\t<meta property=\"og:image:height\" content=\"630\" \/>\n\t<meta property=\"og:image:type\" content=\"image\/jpeg\" \/>\n<meta name=\"twitter:card\" content=\"summary_large_image\" \/>\n<meta name=\"twitter:label1\" content=\"Tiempo de lectura\" \/>\n\t<meta name=\"twitter:data1\" content=\"2 minutos\" \/>\n<script type=\"application\/ld+json\" class=\"yoast-schema-graph\">{\"@context\":\"https:\\\/\\\/schema.org\",\"@graph\":[{\"@type\":\"WebPage\",\"@id\":\"https:\\\/\\\/www.nevadaregistry.org\\\/es\\\/acerca\\\/informes-y-estadisticas\\\/mas-informacion-sobre-los-datos\\\/\",\"url\":\"https:\\\/\\\/www.nevadaregistry.org\\\/es\\\/acerca\\\/informes-y-estadisticas\\\/mas-informacion-sobre-los-datos\\\/\",\"name\":\"M\u00e1s informaci\u00f3n sobre los datos - The Nevada Registry\",\"isPartOf\":{\"@id\":\"https:\\\/\\\/www.nevadaregistry.org\\\/es\\\/#website\"},\"datePublished\":\"2020-08-24T20:20:09+00:00\",\"dateModified\":\"2025-05-01T21:55:08+00:00\",\"description\":\"Los datos recopilados de la Solicitud de Membres\u00eda se utilizan para crear Expedientes de Desarrollo Profesional para cada miembro y nos ayudan a reflejar\",\"breadcrumb\":{\"@id\":\"https:\\\/\\\/www.nevadaregistry.org\\\/es\\\/acerca\\\/informes-y-estadisticas\\\/mas-informacion-sobre-los-datos\\\/#breadcrumb\"},\"inLanguage\":\"es\",\"potentialAction\":[{\"@type\":\"ReadAction\",\"target\":[\"https:\\\/\\\/www.nevadaregistry.org\\\/es\\\/acerca\\\/informes-y-estadisticas\\\/mas-informacion-sobre-los-datos\\\/\"]}]},{\"@type\":\"BreadcrumbList\",\"@id\":\"https:\\\/\\\/www.nevadaregistry.org\\\/es\\\/acerca\\\/informes-y-estadisticas\\\/mas-informacion-sobre-los-datos\\\/#breadcrumb\",\"itemListElement\":[{\"@type\":\"ListItem\",\"position\":1,\"name\":\"Home\",\"item\":\"https:\\\/\\\/www.nevadaregistry.org\\\/es\\\/pagina-principal\\\/\"},{\"@type\":\"ListItem\",\"position\":2,\"name\":\"P\u00e1gina Acerca de The Nevada Registry\",\"item\":\"https:\\\/\\\/www.nevadaregistry.org\\\/es\\\/acerca\\\/\"},{\"@type\":\"ListItem\",\"position\":3,\"name\":\"Informes y estad\u00edsticas del Registro de Nevada\",\"item\":\"https:\\\/\\\/www.nevadaregistry.org\\\/es\\\/acerca\\\/informes-y-estadisticas\\\/\"},{\"@type\":\"ListItem\",\"position\":4,\"name\":\"M\u00e1s informaci\u00f3n sobre los datos\"}]},{\"@type\":\"WebSite\",\"@id\":\"https:\\\/\\\/www.nevadaregistry.org\\\/es\\\/#website\",\"url\":\"https:\\\/\\\/www.nevadaregistry.org\\\/es\\\/\",\"name\":\"The Nevada Registry\",\"description\":\"Workforce data system capturing information about the Early Childhood Education and Care (ECEC) workforce in Nevada.\",\"publisher\":{\"@id\":\"https:\\\/\\\/www.nevadaregistry.org\\\/es\\\/#organization\"},\"potentialAction\":[{\"@type\":\"SearchAction\",\"target\":{\"@type\":\"EntryPoint\",\"urlTemplate\":\"https:\\\/\\\/www.nevadaregistry.org\\\/es\\\/?s={search_term_string}\"},\"query-input\":{\"@type\":\"PropertyValueSpecification\",\"valueRequired\":true,\"valueName\":\"search_term_string\"}}],\"inLanguage\":\"es\"},{\"@type\":\"Organization\",\"@id\":\"https:\\\/\\\/www.nevadaregistry.org\\\/es\\\/#organization\",\"name\":\"El Nevada Registry\",\"url\":\"https:\\\/\\\/www.nevadaregistry.org\\\/es\\\/\",\"logo\":{\"@type\":\"ImageObject\",\"inLanguage\":\"es\",\"@id\":\"https:\\\/\\\/www.nevadaregistry.org\\\/es\\\/#\\\/schema\\\/logo\\\/image\\\/\",\"url\":\"https:\\\/\\\/www.nevadaregistry.org\\\/wp-content\\\/uploads\\\/2020\\\/10\\\/tnr-logo-purple-copy.jpg\",\"contentUrl\":\"https:\\\/\\\/www.nevadaregistry.org\\\/wp-content\\\/uploads\\\/2020\\\/10\\\/tnr-logo-purple-copy.jpg\",\"width\":\"900\",\"height\":\"562\",\"caption\":\"El Nevada Registry\"},\"image\":{\"@id\":\"https:\\\/\\\/www.nevadaregistry.org\\\/es\\\/#\\\/schema\\\/logo\\\/image\\\/\"},\"sameAs\":[\"https:\\\/\\\/www.facebook.com\\\/nevadaregistry\"]}]}<\/script>\n<!-- \/ Yoast SEO plugin. -->","yoast_head_json":{"title":"M\u00e1s informaci\u00f3n sobre los datos - The Nevada Registry","description":"Los datos recopilados de la Solicitud de Membres\u00eda se utilizan para crear Expedientes de Desarrollo Profesional para cada miembro y nos ayudan a reflejar","robots":{"index":"index","follow":"follow","max-snippet":"max-snippet:-1","max-image-preview":"max-image-preview:large","max-video-preview":"max-video-preview:-1"},"canonical":"https:\/\/www.nevadaregistry.org\/es\/acerca\/informes-y-estadisticas\/mas-informacion-sobre-los-datos\/","og_locale":"es_ES","og_type":"article","og_title":"M\u00e1s informaci\u00f3n sobre los datos - The Nevada Registry","og_description":"Los datos recopilados de la Solicitud de Membres\u00eda se utilizan para crear Expedientes de Desarrollo Profesional para cada miembro y nos ayudan a reflejar","og_url":"https:\/\/www.nevadaregistry.org\/es\/acerca\/informes-y-estadisticas\/mas-informacion-sobre-los-datos\/","og_site_name":"The Nevada Registry","article_publisher":"https:\/\/www.facebook.com\/nevadaregistry","article_modified_time":"2025-05-01T21:55:08+00:00","og_image":[{"width":1200,"height":630,"url":"https:\/\/www.nevadaregistry.org\/wp-content\/uploads\/2020\/10\/NevadaRegistryOGImage.jpg","type":"image\/jpeg"}],"twitter_card":"summary_large_image","twitter_misc":{"Tiempo de lectura":"2 minutos"},"schema":{"@context":"https:\/\/schema.org","@graph":[{"@type":"WebPage","@id":"https:\/\/www.nevadaregistry.org\/es\/acerca\/informes-y-estadisticas\/mas-informacion-sobre-los-datos\/","url":"https:\/\/www.nevadaregistry.org\/es\/acerca\/informes-y-estadisticas\/mas-informacion-sobre-los-datos\/","name":"M\u00e1s informaci\u00f3n sobre los datos - The Nevada Registry","isPartOf":{"@id":"https:\/\/www.nevadaregistry.org\/es\/#website"},"datePublished":"2020-08-24T20:20:09+00:00","dateModified":"2025-05-01T21:55:08+00:00","description":"Los datos recopilados de la Solicitud de Membres\u00eda se utilizan para crear Expedientes de Desarrollo Profesional para cada miembro y nos ayudan a reflejar","breadcrumb":{"@id":"https:\/\/www.nevadaregistry.org\/es\/acerca\/informes-y-estadisticas\/mas-informacion-sobre-los-datos\/#breadcrumb"},"inLanguage":"es","potentialAction":[{"@type":"ReadAction","target":["https:\/\/www.nevadaregistry.org\/es\/acerca\/informes-y-estadisticas\/mas-informacion-sobre-los-datos\/"]}]},{"@type":"BreadcrumbList","@id":"https:\/\/www.nevadaregistry.org\/es\/acerca\/informes-y-estadisticas\/mas-informacion-sobre-los-datos\/#breadcrumb","itemListElement":[{"@type":"ListItem","position":1,"name":"Home","item":"https:\/\/www.nevadaregistry.org\/es\/pagina-principal\/"},{"@type":"ListItem","position":2,"name":"P\u00e1gina Acerca de The Nevada Registry","item":"https:\/\/www.nevadaregistry.org\/es\/acerca\/"},{"@type":"ListItem","position":3,"name":"Informes y estad\u00edsticas del Registro de Nevada","item":"https:\/\/www.nevadaregistry.org\/es\/acerca\/informes-y-estadisticas\/"},{"@type":"ListItem","position":4,"name":"M\u00e1s informaci\u00f3n sobre los datos"}]},{"@type":"WebSite","@id":"https:\/\/www.nevadaregistry.org\/es\/#website","url":"https:\/\/www.nevadaregistry.org\/es\/","name":"The Nevada Registry","description":"Workforce data system capturing information about the Early Childhood Education and Care (ECEC) workforce in Nevada.","publisher":{"@id":"https:\/\/www.nevadaregistry.org\/es\/#organization"},"potentialAction":[{"@type":"SearchAction","target":{"@type":"EntryPoint","urlTemplate":"https:\/\/www.nevadaregistry.org\/es\/?s={search_term_string}"},"query-input":{"@type":"PropertyValueSpecification","valueRequired":true,"valueName":"search_term_string"}}],"inLanguage":"es"},{"@type":"Organization","@id":"https:\/\/www.nevadaregistry.org\/es\/#organization","name":"El Nevada Registry","url":"https:\/\/www.nevadaregistry.org\/es\/","logo":{"@type":"ImageObject","inLanguage":"es","@id":"https:\/\/www.nevadaregistry.org\/es\/#\/schema\/logo\/image\/","url":"https:\/\/www.nevadaregistry.org\/wp-content\/uploads\/2020\/10\/tnr-logo-purple-copy.jpg","contentUrl":"https:\/\/www.nevadaregistry.org\/wp-content\/uploads\/2020\/10\/tnr-logo-purple-copy.jpg","width":"900","height":"562","caption":"El Nevada Registry"},"image":{"@id":"https:\/\/www.nevadaregistry.org\/es\/#\/schema\/logo\/image\/"},"sameAs":["https:\/\/www.facebook.com\/nevadaregistry"]}]}},"_links":{"self":[{"href":"https:\/\/www.nevadaregistry.org\/es\/wp-json\/wp\/v2\/pages\/13251","targetHints":{"allow":["GET"]}}],"collection":[{"href":"https:\/\/www.nevadaregistry.org\/es\/wp-json\/wp\/v2\/pages"}],"about":[{"href":"https:\/\/www.nevadaregistry.org\/es\/wp-json\/wp\/v2\/types\/page"}],"author":[{"embeddable":true,"href":"https:\/\/www.nevadaregistry.org\/es\/wp-json\/wp\/v2\/users\/2"}],"replies":[{"embeddable":true,"href":"https:\/\/www.nevadaregistry.org\/es\/wp-json\/wp\/v2\/comments?post=13251"}],"version-history":[{"count":1,"href":"https:\/\/www.nevadaregistry.org\/es\/wp-json\/wp\/v2\/pages\/13251\/revisions"}],"predecessor-version":[{"id":13252,"href":"https:\/\/www.nevadaregistry.org\/es\/wp-json\/wp\/v2\/pages\/13251\/revisions\/13252"}],"up":[{"embeddable":true,"href":"https:\/\/www.nevadaregistry.org\/es\/wp-json\/wp\/v2\/pages\/13330"}],"wp:attachment":[{"href":"https:\/\/www.nevadaregistry.org\/es\/wp-json\/wp\/v2\/media?parent=13251"}],"curies":[{"name":"wp","href":"https:\/\/api.w.org\/{rel}","templated":true}]}}