{"id":13262,"date":"2020-08-24T11:56:16","date_gmt":"2020-08-24T18:56:16","guid":{"rendered":"https:\/\/www.nevadaregistry.org\/about\/lo-que-hacemos\/"},"modified":"2026-03-05T10:47:53","modified_gmt":"2026-03-05T18:47:53","slug":"lo-que-hacemos","status":"publish","type":"page","link":"https:\/\/www.nevadaregistry.org\/es\/acerca\/lo-que-hacemos\/","title":{"rendered":"Lo que hacemos"},"content":{"rendered":"<p>A trav\u00e9s de la validaci\u00f3n de los logros profesionales y educativos de los educadores de Educaci\u00f3n y Cuidado de la Primera Infancia (ECEC), The Nevada Registry tiene como objetivo ayudar a elevar el estatus de la profesi\u00f3n promoviendo una fuerza laboral bien capacitada, educada, apoyada y justamente remunerada; una fuerza laboral que representa un componente ESENCIAL de nuestra econom\u00eda. The Nevada Registry es uno de los esfuerzos estatales dirigidos a reducir la rotaci\u00f3n de personal, aumentar los salarios, aumentar la profesionalidad y aumentar las oportunidades de avance para los profesionales de ECEC. <\/p>\n<div id=\"hidbg\">\n<div id=\"owrap\">\n<div id=\"wrap\">\n<div id=\"content\">\n<p>Adem\u00e1s de ser un sistema de datos de la fuerza laboral para el estado de Nevada, The Nevada Registry es tambi\u00e9n un sistema de reconocimiento y desarrollo profesional que ayuda a apoyar las carreras de los educadores de ECEC. Como anfitri\u00f3n de <a href=\"https:\/\/www.nevadaregistry.org\/membership\/ece-professional-career-ladder\/\">la Escalera Profesional de Educaci\u00f3n y Cuidado Temprano de Nevada,<\/a> The Nevada Registry recopila, valida y almacena los logros profesionales y educativos de los educadores de ECEC en todo el estado y destaca esos logros a trav\u00e9s de la colocaci\u00f3n en la Escalera Profesional. Proporcionando un \u00fanico punto de acceso, The Nevada Registry proporciona herramientas de planificaci\u00f3n del desarrollo profesional, incluyendo un Plan de Desarrollo Profesional en l\u00ednea, y alberga un sitio web completo que contiene un calendario en l\u00ednea de formaci\u00f3n aprobada, una p\u00e1gina de NOTICIAS relacionada con la industria, una bolsa de trabajo estatal y recursos\/informaci\u00f3n de la comunidad. The Nevada Registry tambi\u00e9n opera el sistema estatal de aprobaci\u00f3n de formaci\u00f3n para toda la formaci\u00f3n informal, basada en la comunidad (no para cr\u00e9ditos universitarios) en Nevada.   <\/p>\n<h3>Participaci\u00f3n obligatoria<\/h3>\n<\/div>\n<\/div>\n<\/div>\n<\/div>\n<p>En abril de 2009, la participaci\u00f3n en The Nevada Registry se adopt\u00f3 en las regulaciones estatales de licencias de cuidado infantil R112-06 y R001-09 para todos los profesionales de ECEC que trabajan en entornos de cuidado infantil con licencia. La participaci\u00f3n obligatoria se implement\u00f3 por completo a partir del 31 de diciembre de 2012, lo que permiti\u00f3 a The Nevada Registry recopilar y proporcionar una gran cantidad de datos esenciales, y antes no disponibles, sobre la fuerza laboral de ECEC en Nevada que se pueden utilizar para informar el trabajo de las partes interesadas y los responsables pol\u00edticos ahora y en el futuro, as\u00ed como para ayudar a dirigir las decisiones sobre la financiaci\u00f3n futura y el desarrollo de programas. <\/p>\n<div id=\"hidbg\">\n<div id=\"owrap\">\n<div id=\"wrap\">\n<div id=\"content\">\n<h3>\u00bfPor qu\u00e9 Nevada necesita un Registro?<\/h3>\n<p>Los estados comenzaron a reconocer la necesidad de sistemas de registro a principios de los a\u00f1os noventa mientras identificaban los componentes clave de los sistemas estatales de desarrollo profesional; ahora hay 43 registros en 39 estados y el n\u00famero contin\u00faa creciendo cada a\u00f1o. Los sistemas de registro ayudan a establecer est\u00e1ndares basados en datos cuantificables; sirven como una herramienta para recopilar y verificar datos y crean un proceso para documentar esos datos. Muchos de los estados con sistemas de registro activos hacen recomendaciones de pol\u00edticas basadas en los datos recopilados y el registro de Nevada planea seguir el mismo camino. Tambi\u00e9n existe una tendencia creciente a nivel nacional de vincular los sistemas de registro con las licencias de cuidado infantil, y aunque el grado en que la participaci\u00f3n es obligatoria var\u00eda de un estado a otro, hay un reconocimiento y comprensi\u00f3n cada vez mayores del importante v\u00ednculo entre los sistemas de desarrollo profesional y los departamentos de licencias en t\u00e9rminos de los datos que se pueden generar como resultado de incorporar la participaci\u00f3n en las regulaciones de cuidado infantil.   <\/p>\n<div id=\"hidbg\">\n<div id=\"owrap\">\n<div id=\"wrap\">\n<div id=\"content\">\n<h3>Tendencias en ECE<\/h3>\n<p>La creaci\u00f3n de un registro tambi\u00e9n sigue las tendencias nacionales de desarrollo profesional en el campo de la educaci\u00f3n y el cuidado de la primera infancia (ECEC). The Nevada Registry est\u00e1 efectivamente alineado con los sistemas de desarrollo profesional de otros estados y, como se observa en ciertas \u00e1reas del pa\u00eds, est\u00e1 comenzando a integrarse en muchas de las actividades de desarrollo profesional existentes y futuras en el estado. Por ejemplo, The Nevada Registry es un componente del Plan Estatal de Nevada requerido por el gobierno federal para el desarrollo profesional, est\u00e1 incluido en los requisitos para <a href=\"http:\/\/nvteach.org\/\">TEACH Early Childhood\u00ae Nevada<\/a> y ser\u00e1 un componente y enlace importante en cualquier proyecto e iniciativa futura relacionada con ECEC que se introduzca en Nevada, como el <a href=\"https:\/\/doe.nv.gov\/offices\/oeld\/ece-professionals\/qris\/\">Sistema de Calificaci\u00f3n y Mejora de la Calidad<\/a> o un programa de compensaci\u00f3n para los profesionales de ECEC. La participaci\u00f3n en el Registro se est\u00e1 convirtiendo en la piedra angular del desarrollo profesional en Nevada. Exigir que todas las personas que trabajan en centros de cuidado infantil con licencia participen en The Nevada Registry impulsa a los profesionales en la direcci\u00f3n correcta a lo largo de una trayectoria profesional y aumenta su probabilidad de ser elegibles para acceder y beneficiarse de las oportunidades de desarrollo profesional en el futuro.    <\/p>\n<div id=\"hidbg\">\n<div id=\"owrap\">\n<div id=\"wrap\">\n<div id=\"content\">\n<h3>Cambiando el Paradigma<\/h3>\n<p>The Nevada Registry es una herramienta que puede ayudar a la fuerza laboral de ECEC a cambiar la forma en que pensamos sobre nosotros mismos y lo que hacemos; c\u00f3mo nos presentamos a los consumidores de cuidado infantil (padres y tutores); y la forma en que somos percibidos por el p\u00fablico en general. No es una tarea f\u00e1cil, pero cada paso que damos hacia la profesionalizaci\u00f3n de nuestro campo es un paso en la direcci\u00f3n correcta. <\/p>\n<\/div>\n<\/div>\n<\/div>\n<\/div>\n<\/div>\n<\/div>\n<\/div>\n<\/div>\n<\/div>\n<\/div>\n<\/div>\n<\/div>\n","protected":false},"excerpt":{"rendered":"<p>A trav\u00e9s de la validaci\u00f3n de los logros profesionales y educativos de los educadores de Educaci\u00f3n y Cuidado de la&#8230;<\/p>\n","protected":false},"author":2,"featured_media":0,"parent":12893,"menu_order":1,"comment_status":"closed","ping_status":"closed","template":"","meta":{"_acf_changed":false,"footnotes":""},"class_list":["post-13262","page","type-page","status-publish","hentry"],"acf":[],"yoast_head":"<!-- This site is optimized with the Yoast SEO plugin v27.2 - https:\/\/yoast.com\/product\/yoast-seo-wordpress\/ -->\n<title>Lo que hacemos - The Nevada Registry<\/title>\n<meta name=\"description\" content=\"A trav\u00e9s de la validaci\u00f3n de los logros profesionales y educativos de los educadores de Educaci\u00f3n y Cuidado de la Primera Infancia (ECEC), The Nevada\" \/>\n<meta name=\"robots\" content=\"index, follow, max-snippet:-1, max-image-preview:large, max-video-preview:-1\" \/>\n<link rel=\"canonical\" href=\"https:\/\/www.nevadaregistry.org\/es\/acerca\/lo-que-hacemos\/\" \/>\n<meta property=\"og:locale\" content=\"es_ES\" \/>\n<meta property=\"og:type\" content=\"article\" \/>\n<meta property=\"og:title\" content=\"Lo que hacemos - The Nevada Registry\" \/>\n<meta property=\"og:description\" content=\"A trav\u00e9s de la validaci\u00f3n de los logros profesionales y educativos de los educadores de Educaci\u00f3n y Cuidado de la Primera Infancia (ECEC), The Nevada\" \/>\n<meta property=\"og:url\" content=\"https:\/\/www.nevadaregistry.org\/es\/acerca\/lo-que-hacemos\/\" \/>\n<meta property=\"og:site_name\" content=\"The Nevada Registry\" \/>\n<meta property=\"article:publisher\" content=\"https:\/\/www.facebook.com\/nevadaregistry\" \/>\n<meta property=\"article:modified_time\" content=\"2026-03-05T18:47:53+00:00\" \/>\n<meta property=\"og:image\" content=\"https:\/\/www.nevadaregistry.org\/wp-content\/uploads\/2020\/10\/NevadaRegistryOGImage.jpg\" \/>\n\t<meta property=\"og:image:width\" content=\"1200\" \/>\n\t<meta property=\"og:image:height\" content=\"630\" \/>\n\t<meta property=\"og:image:type\" content=\"image\/jpeg\" \/>\n<meta name=\"twitter:card\" content=\"summary_large_image\" \/>\n<meta name=\"twitter:label1\" content=\"Tiempo de lectura\" \/>\n\t<meta name=\"twitter:data1\" content=\"5 minutos\" \/>\n<script type=\"application\/ld+json\" class=\"yoast-schema-graph\">{\"@context\":\"https:\/\/schema.org\",\"@graph\":[{\"@type\":\"WebPage\",\"@id\":\"https:\/\/www.nevadaregistry.org\/es\/acerca\/lo-que-hacemos\/\",\"url\":\"https:\/\/www.nevadaregistry.org\/es\/acerca\/lo-que-hacemos\/\",\"name\":\"Lo que hacemos - The Nevada Registry\",\"isPartOf\":{\"@id\":\"https:\/\/www.nevadaregistry.org\/es\/#website\"},\"datePublished\":\"2020-08-24T18:56:16+00:00\",\"dateModified\":\"2026-03-05T18:47:53+00:00\",\"description\":\"A trav\u00e9s de la validaci\u00f3n de los logros profesionales y educativos de los educadores de Educaci\u00f3n y Cuidado de la Primera Infancia (ECEC), The Nevada\",\"breadcrumb\":{\"@id\":\"https:\/\/www.nevadaregistry.org\/es\/acerca\/lo-que-hacemos\/#breadcrumb\"},\"inLanguage\":\"es\",\"potentialAction\":[{\"@type\":\"ReadAction\",\"target\":[\"https:\/\/www.nevadaregistry.org\/es\/acerca\/lo-que-hacemos\/\"]}]},{\"@type\":\"BreadcrumbList\",\"@id\":\"https:\/\/www.nevadaregistry.org\/es\/acerca\/lo-que-hacemos\/#breadcrumb\",\"itemListElement\":[{\"@type\":\"ListItem\",\"position\":1,\"name\":\"Home\",\"item\":\"https:\/\/www.nevadaregistry.org\/es\/pagina-principal\/\"},{\"@type\":\"ListItem\",\"position\":2,\"name\":\"P\u00e1gina Acerca de The Nevada Registry\",\"item\":\"https:\/\/www.nevadaregistry.org\/es\/acerca\/\"},{\"@type\":\"ListItem\",\"position\":3,\"name\":\"Lo que hacemos\"}]},{\"@type\":\"WebSite\",\"@id\":\"https:\/\/www.nevadaregistry.org\/es\/#website\",\"url\":\"https:\/\/www.nevadaregistry.org\/es\/\",\"name\":\"The Nevada Registry\",\"description\":\"Workforce data system capturing information about the Early Childhood Education and Care (ECEC) workforce in Nevada.\",\"publisher\":{\"@id\":\"https:\/\/www.nevadaregistry.org\/es\/#organization\"},\"potentialAction\":[{\"@type\":\"SearchAction\",\"target\":{\"@type\":\"EntryPoint\",\"urlTemplate\":\"https:\/\/www.nevadaregistry.org\/es\/?s={search_term_string}\"},\"query-input\":{\"@type\":\"PropertyValueSpecification\",\"valueRequired\":true,\"valueName\":\"search_term_string\"}}],\"inLanguage\":\"es\"},{\"@type\":\"Organization\",\"@id\":\"https:\/\/www.nevadaregistry.org\/es\/#organization\",\"name\":\"El Nevada Registry\",\"url\":\"https:\/\/www.nevadaregistry.org\/es\/\",\"logo\":{\"@type\":\"ImageObject\",\"inLanguage\":\"es\",\"@id\":\"https:\/\/www.nevadaregistry.org\/es\/#\/schema\/logo\/image\/\",\"url\":\"https:\/\/www.nevadaregistry.org\/wp-content\/uploads\/2020\/10\/tnr-logo-purple-copy.jpg\",\"contentUrl\":\"https:\/\/www.nevadaregistry.org\/wp-content\/uploads\/2020\/10\/tnr-logo-purple-copy.jpg\",\"width\":\"900\",\"height\":\"562\",\"caption\":\"El Nevada Registry\"},\"image\":{\"@id\":\"https:\/\/www.nevadaregistry.org\/es\/#\/schema\/logo\/image\/\"},\"sameAs\":[\"https:\/\/www.facebook.com\/nevadaregistry\"]}]}<\/script>\n<!-- \/ Yoast SEO plugin. -->","yoast_head_json":{"title":"Lo que hacemos - The Nevada Registry","description":"A trav\u00e9s de la validaci\u00f3n de los logros profesionales y educativos de los educadores de Educaci\u00f3n y Cuidado de la Primera Infancia (ECEC), The Nevada","robots":{"index":"index","follow":"follow","max-snippet":"max-snippet:-1","max-image-preview":"max-image-preview:large","max-video-preview":"max-video-preview:-1"},"canonical":"https:\/\/www.nevadaregistry.org\/es\/acerca\/lo-que-hacemos\/","og_locale":"es_ES","og_type":"article","og_title":"Lo que hacemos - The Nevada Registry","og_description":"A trav\u00e9s de la validaci\u00f3n de los logros profesionales y educativos de los educadores de Educaci\u00f3n y Cuidado de la Primera Infancia (ECEC), The Nevada","og_url":"https:\/\/www.nevadaregistry.org\/es\/acerca\/lo-que-hacemos\/","og_site_name":"The Nevada Registry","article_publisher":"https:\/\/www.facebook.com\/nevadaregistry","article_modified_time":"2026-03-05T18:47:53+00:00","og_image":[{"width":1200,"height":630,"url":"https:\/\/www.nevadaregistry.org\/wp-content\/uploads\/2020\/10\/NevadaRegistryOGImage.jpg","type":"image\/jpeg"}],"twitter_card":"summary_large_image","twitter_misc":{"Tiempo de lectura":"5 minutos"},"schema":{"@context":"https:\/\/schema.org","@graph":[{"@type":"WebPage","@id":"https:\/\/www.nevadaregistry.org\/es\/acerca\/lo-que-hacemos\/","url":"https:\/\/www.nevadaregistry.org\/es\/acerca\/lo-que-hacemos\/","name":"Lo que hacemos - The Nevada Registry","isPartOf":{"@id":"https:\/\/www.nevadaregistry.org\/es\/#website"},"datePublished":"2020-08-24T18:56:16+00:00","dateModified":"2026-03-05T18:47:53+00:00","description":"A trav\u00e9s de la validaci\u00f3n de los logros profesionales y educativos de los educadores de Educaci\u00f3n y Cuidado de la Primera Infancia (ECEC), The Nevada","breadcrumb":{"@id":"https:\/\/www.nevadaregistry.org\/es\/acerca\/lo-que-hacemos\/#breadcrumb"},"inLanguage":"es","potentialAction":[{"@type":"ReadAction","target":["https:\/\/www.nevadaregistry.org\/es\/acerca\/lo-que-hacemos\/"]}]},{"@type":"BreadcrumbList","@id":"https:\/\/www.nevadaregistry.org\/es\/acerca\/lo-que-hacemos\/#breadcrumb","itemListElement":[{"@type":"ListItem","position":1,"name":"Home","item":"https:\/\/www.nevadaregistry.org\/es\/pagina-principal\/"},{"@type":"ListItem","position":2,"name":"P\u00e1gina Acerca de The Nevada Registry","item":"https:\/\/www.nevadaregistry.org\/es\/acerca\/"},{"@type":"ListItem","position":3,"name":"Lo que hacemos"}]},{"@type":"WebSite","@id":"https:\/\/www.nevadaregistry.org\/es\/#website","url":"https:\/\/www.nevadaregistry.org\/es\/","name":"The Nevada Registry","description":"Workforce data system capturing information about the Early Childhood Education and Care (ECEC) workforce in Nevada.","publisher":{"@id":"https:\/\/www.nevadaregistry.org\/es\/#organization"},"potentialAction":[{"@type":"SearchAction","target":{"@type":"EntryPoint","urlTemplate":"https:\/\/www.nevadaregistry.org\/es\/?s={search_term_string}"},"query-input":{"@type":"PropertyValueSpecification","valueRequired":true,"valueName":"search_term_string"}}],"inLanguage":"es"},{"@type":"Organization","@id":"https:\/\/www.nevadaregistry.org\/es\/#organization","name":"El Nevada Registry","url":"https:\/\/www.nevadaregistry.org\/es\/","logo":{"@type":"ImageObject","inLanguage":"es","@id":"https:\/\/www.nevadaregistry.org\/es\/#\/schema\/logo\/image\/","url":"https:\/\/www.nevadaregistry.org\/wp-content\/uploads\/2020\/10\/tnr-logo-purple-copy.jpg","contentUrl":"https:\/\/www.nevadaregistry.org\/wp-content\/uploads\/2020\/10\/tnr-logo-purple-copy.jpg","width":"900","height":"562","caption":"El Nevada Registry"},"image":{"@id":"https:\/\/www.nevadaregistry.org\/es\/#\/schema\/logo\/image\/"},"sameAs":["https:\/\/www.facebook.com\/nevadaregistry"]}]}},"_links":{"self":[{"href":"https:\/\/www.nevadaregistry.org\/es\/wp-json\/wp\/v2\/pages\/13262","targetHints":{"allow":["GET"]}}],"collection":[{"href":"https:\/\/www.nevadaregistry.org\/es\/wp-json\/wp\/v2\/pages"}],"about":[{"href":"https:\/\/www.nevadaregistry.org\/es\/wp-json\/wp\/v2\/types\/page"}],"author":[{"embeddable":true,"href":"https:\/\/www.nevadaregistry.org\/es\/wp-json\/wp\/v2\/users\/2"}],"replies":[{"embeddable":true,"href":"https:\/\/www.nevadaregistry.org\/es\/wp-json\/wp\/v2\/comments?post=13262"}],"version-history":[{"count":4,"href":"https:\/\/www.nevadaregistry.org\/es\/wp-json\/wp\/v2\/pages\/13262\/revisions"}],"predecessor-version":[{"id":17343,"href":"https:\/\/www.nevadaregistry.org\/es\/wp-json\/wp\/v2\/pages\/13262\/revisions\/17343"}],"up":[{"embeddable":true,"href":"https:\/\/www.nevadaregistry.org\/es\/wp-json\/wp\/v2\/pages\/12893"}],"wp:attachment":[{"href":"https:\/\/www.nevadaregistry.org\/es\/wp-json\/wp\/v2\/media?parent=13262"}],"curies":[{"name":"wp","href":"https:\/\/api.w.org\/{rel}","templated":true}]}}