{"id":13263,"date":"2020-08-04T14:50:53","date_gmt":"2020-08-04T21:50:53","guid":{"rendered":"https:\/\/www.nevadaregistry.org\/about\/principios-rectores-historia-y-financiacion\/"},"modified":"2026-03-06T08:29:22","modified_gmt":"2026-03-06T16:29:22","slug":"principios-rectores-historia-y-financiacion","status":"publish","type":"page","link":"https:\/\/www.nevadaregistry.org\/es\/acerca\/principios-rectores-historia-y-financiacion\/","title":{"rendered":"Principios Rectores, Historia y Financiaci\u00f3n de The Nevada Registry"},"content":{"rendered":"<h2>Principios Rectores de The Nevada Registry<\/h2>\n<p>La investigaci\u00f3n demuestra la importancia vital de la formaci\u00f3n profesional para las personas que proporcionan experiencias de atenci\u00f3n y educaci\u00f3n temprana (AET) a los ni\u00f1os. Lo que hacemos o dejamos de hacer por los ni\u00f1os peque\u00f1os marca la diferencia en sus capacidades de aprendizaje y en su \u00e9xito futuro en la vida. Es esencial garantizar que las personas que proporcionan estas experiencias tengan los conocimientos y las habilidades para ofrecer entornos de atenci\u00f3n y educaci\u00f3n temprana de calidad. Garantizar que los profesionales de AET sean reconocidos por sus logros profesionales, su formaci\u00f3n formal en AET y su capacitaci\u00f3n especializada es esencial para el crecimiento del campo y para la comprensi\u00f3n p\u00fablica de la Atenci\u00f3n y Educaci\u00f3n Temprana como una profesi\u00f3n viable y cr\u00edtica en nuestra sociedad. Estos son los principios rectores que forman la base de la <a href=\"https:\/\/www.nevadaregistry.org\/about\/vision-mission-and-value-statement\/\">Declaraci\u00f3n de Visi\u00f3n, Misi\u00f3n y Valores<\/a> de The Nevada Registry.    <\/p>\n<h2><strong>Historia de The Nevada Registry<\/strong><\/h2>\n<p>En abril de 2002, el Comit\u00e9 Asesor Estatal de Cuidado Infantil de Nevada adopt\u00f3 formalmente una Carrera Profesional voluntaria y un conjunto de \u00c1reas de Conocimiento B\u00e1sico. La adopci\u00f3n de estos sistemas se bas\u00f3 en las recomendaciones recibidas del subcomit\u00e9 de Calidad, Formaci\u00f3n y Licencias y de cientos de profesionales de Atenci\u00f3n y Educaci\u00f3n Temprana de todo el estado. Desde la adopci\u00f3n de estos sistemas, la Oficina de Atenci\u00f3n y Educaci\u00f3n Temprana, a trav\u00e9s de un contrato con el Distrito Escolar del Condado de Washoe, ha trabajado arduamente para desarrollar una estructura que implemente cada uno de los sistemas. La estructura ha sido oficialmente nombrada y se ha convertido en lo que ahora conocemos como The Nevada Registry.   <\/p>\n<p>El concepto de un Registro a nivel estatal no es nuevo. De hecho, el desarrollo y la implementaci\u00f3n de un sistema de desarrollo profesional para los profesionales de Atenci\u00f3n y Educaci\u00f3n Temprana en el estado de Nevada ha estado en la agenda de muchas organizaciones de AET durante a\u00f1os. Afortunadamente, esta visi\u00f3n colectiva de profesionales de todo el estado es ahora una realidad. El Registro no habr\u00eda sido posible sin los esfuerzos de colaboraci\u00f3n de un grupo diverso de profesionales y programas de Atenci\u00f3n y Educaci\u00f3n Temprana de todo el estado que:   <\/p>\n<ul>\n<li>Comparten el deseo de mejorar la calidad de los entornos de Atenci\u00f3n y Educaci\u00f3n Temprana para los ni\u00f1os;<\/li>\n<li>Ven la necesidad de abordar los problemas que conducen a una alta rotaci\u00f3n de personal en nuestra fuerza laboral;<\/li>\n<li>Est\u00e1n trabajando para desarrollar sistemas innovadores que conduzcan a un aumento de los salarios para los profesionales del sector;<\/li>\n<li>Trabajan para profesionalizar el campo de la Atenci\u00f3n y Educaci\u00f3n Temprana;<\/li>\n<li>Apoyan el desarrollo de un centro de informaci\u00f3n central que conecte a todos los profesionales del estado.<\/li>\n<\/ul>\n<h2>Financiaci\u00f3n<\/h2>\n<p>A partir de julio de 2025, el contrato de The Nevada Registry es gestionado por el Departamento de Salud y Servicios Humanos, Divisi\u00f3n de Servicios Sociales. El proyecto se financia a trav\u00e9s del Fondo Federal de Cuidado y Desarrollo Infantil (CCDF) &#8211; Fondos de Mejora de la Calidad y se administra a trav\u00e9s de un contrato de subadjudicaci\u00f3n con el Distrito Escolar del Condado de Washoe. <\/p>\n","protected":false},"excerpt":{"rendered":"<p>Principios Rectores de The Nevada Registry La investigaci\u00f3n demuestra la importancia vital de la formaci\u00f3n profesional para las personas que&#8230;<\/p>\n","protected":false},"author":2,"featured_media":0,"parent":12893,"menu_order":3,"comment_status":"closed","ping_status":"closed","template":"","meta":{"_acf_changed":false,"footnotes":""},"class_list":["post-13263","page","type-page","status-publish","hentry"],"acf":[],"yoast_head":"<!-- This site is optimized with the Yoast SEO plugin v27.2 - https:\/\/yoast.com\/product\/yoast-seo-wordpress\/ -->\n<title>Principios Rectores, Historia y Financiaci\u00f3n de The Nevada Registry - The Nevada Registry<\/title>\n<meta name=\"description\" content=\"Principios Rectores de The Nevada Registry La investigaci\u00f3n demuestra la importancia vital de la formaci\u00f3n profesional para las personas que proporcionan\" \/>\n<meta name=\"robots\" content=\"index, follow, max-snippet:-1, max-image-preview:large, max-video-preview:-1\" \/>\n<link rel=\"canonical\" href=\"https:\/\/www.nevadaregistry.org\/es\/acerca\/principios-rectores-historia-y-financiacion\/\" \/>\n<meta property=\"og:locale\" content=\"es_ES\" \/>\n<meta property=\"og:type\" content=\"article\" \/>\n<meta property=\"og:title\" content=\"Principios Rectores, Historia y Financiaci\u00f3n de The Nevada Registry - The Nevada Registry\" \/>\n<meta property=\"og:description\" content=\"Principios Rectores de The Nevada Registry La investigaci\u00f3n demuestra la importancia vital de la formaci\u00f3n profesional para las personas que proporcionan\" \/>\n<meta property=\"og:url\" content=\"https:\/\/www.nevadaregistry.org\/es\/acerca\/principios-rectores-historia-y-financiacion\/\" \/>\n<meta property=\"og:site_name\" content=\"The Nevada Registry\" \/>\n<meta property=\"article:publisher\" content=\"https:\/\/www.facebook.com\/nevadaregistry\" \/>\n<meta property=\"article:modified_time\" content=\"2026-03-06T16:29:22+00:00\" \/>\n<meta property=\"og:image\" content=\"https:\/\/www.nevadaregistry.org\/wp-content\/uploads\/2020\/10\/NevadaRegistryOGImage.jpg\" \/>\n\t<meta property=\"og:image:width\" content=\"1200\" \/>\n\t<meta property=\"og:image:height\" content=\"630\" \/>\n\t<meta property=\"og:image:type\" content=\"image\/jpeg\" \/>\n<meta name=\"twitter:card\" content=\"summary_large_image\" \/>\n<meta name=\"twitter:label1\" content=\"Tiempo de lectura\" \/>\n\t<meta name=\"twitter:data1\" content=\"3 minutos\" \/>\n<script type=\"application\/ld+json\" class=\"yoast-schema-graph\">{\"@context\":\"https:\/\/schema.org\",\"@graph\":[{\"@type\":\"WebPage\",\"@id\":\"https:\/\/www.nevadaregistry.org\/es\/acerca\/principios-rectores-historia-y-financiacion\/\",\"url\":\"https:\/\/www.nevadaregistry.org\/es\/acerca\/principios-rectores-historia-y-financiacion\/\",\"name\":\"Principios Rectores, Historia y Financiaci\u00f3n de The Nevada Registry - The Nevada Registry\",\"isPartOf\":{\"@id\":\"https:\/\/www.nevadaregistry.org\/es\/#website\"},\"datePublished\":\"2020-08-04T21:50:53+00:00\",\"dateModified\":\"2026-03-06T16:29:22+00:00\",\"description\":\"Principios Rectores de The Nevada Registry La investigaci\u00f3n demuestra la importancia vital de la formaci\u00f3n profesional para las personas que proporcionan\",\"breadcrumb\":{\"@id\":\"https:\/\/www.nevadaregistry.org\/es\/acerca\/principios-rectores-historia-y-financiacion\/#breadcrumb\"},\"inLanguage\":\"es\",\"potentialAction\":[{\"@type\":\"ReadAction\",\"target\":[\"https:\/\/www.nevadaregistry.org\/es\/acerca\/principios-rectores-historia-y-financiacion\/\"]}]},{\"@type\":\"BreadcrumbList\",\"@id\":\"https:\/\/www.nevadaregistry.org\/es\/acerca\/principios-rectores-historia-y-financiacion\/#breadcrumb\",\"itemListElement\":[{\"@type\":\"ListItem\",\"position\":1,\"name\":\"Home\",\"item\":\"https:\/\/www.nevadaregistry.org\/es\/pagina-principal\/\"},{\"@type\":\"ListItem\",\"position\":2,\"name\":\"P\u00e1gina Acerca de The Nevada Registry\",\"item\":\"https:\/\/www.nevadaregistry.org\/es\/acerca\/\"},{\"@type\":\"ListItem\",\"position\":3,\"name\":\"Principios Rectores, Historia y Financiaci\u00f3n de The Nevada Registry\"}]},{\"@type\":\"WebSite\",\"@id\":\"https:\/\/www.nevadaregistry.org\/es\/#website\",\"url\":\"https:\/\/www.nevadaregistry.org\/es\/\",\"name\":\"The Nevada Registry\",\"description\":\"Workforce data system capturing information about the Early Childhood Education and Care (ECEC) workforce in Nevada.\",\"publisher\":{\"@id\":\"https:\/\/www.nevadaregistry.org\/es\/#organization\"},\"potentialAction\":[{\"@type\":\"SearchAction\",\"target\":{\"@type\":\"EntryPoint\",\"urlTemplate\":\"https:\/\/www.nevadaregistry.org\/es\/?s={search_term_string}\"},\"query-input\":{\"@type\":\"PropertyValueSpecification\",\"valueRequired\":true,\"valueName\":\"search_term_string\"}}],\"inLanguage\":\"es\"},{\"@type\":\"Organization\",\"@id\":\"https:\/\/www.nevadaregistry.org\/es\/#organization\",\"name\":\"El Nevada Registry\",\"url\":\"https:\/\/www.nevadaregistry.org\/es\/\",\"logo\":{\"@type\":\"ImageObject\",\"inLanguage\":\"es\",\"@id\":\"https:\/\/www.nevadaregistry.org\/es\/#\/schema\/logo\/image\/\",\"url\":\"https:\/\/www.nevadaregistry.org\/wp-content\/uploads\/2020\/10\/tnr-logo-purple-copy.jpg\",\"contentUrl\":\"https:\/\/www.nevadaregistry.org\/wp-content\/uploads\/2020\/10\/tnr-logo-purple-copy.jpg\",\"width\":\"900\",\"height\":\"562\",\"caption\":\"El Nevada Registry\"},\"image\":{\"@id\":\"https:\/\/www.nevadaregistry.org\/es\/#\/schema\/logo\/image\/\"},\"sameAs\":[\"https:\/\/www.facebook.com\/nevadaregistry\"]}]}<\/script>\n<!-- \/ Yoast SEO plugin. -->","yoast_head_json":{"title":"Principios Rectores, Historia y Financiaci\u00f3n de The Nevada Registry - The Nevada Registry","description":"Principios Rectores de The Nevada Registry La investigaci\u00f3n demuestra la importancia vital de la formaci\u00f3n profesional para las personas que proporcionan","robots":{"index":"index","follow":"follow","max-snippet":"max-snippet:-1","max-image-preview":"max-image-preview:large","max-video-preview":"max-video-preview:-1"},"canonical":"https:\/\/www.nevadaregistry.org\/es\/acerca\/principios-rectores-historia-y-financiacion\/","og_locale":"es_ES","og_type":"article","og_title":"Principios Rectores, Historia y Financiaci\u00f3n de The Nevada Registry - The Nevada Registry","og_description":"Principios Rectores de The Nevada Registry La investigaci\u00f3n demuestra la importancia vital de la formaci\u00f3n profesional para las personas que proporcionan","og_url":"https:\/\/www.nevadaregistry.org\/es\/acerca\/principios-rectores-historia-y-financiacion\/","og_site_name":"The Nevada Registry","article_publisher":"https:\/\/www.facebook.com\/nevadaregistry","article_modified_time":"2026-03-06T16:29:22+00:00","og_image":[{"width":1200,"height":630,"url":"https:\/\/www.nevadaregistry.org\/wp-content\/uploads\/2020\/10\/NevadaRegistryOGImage.jpg","type":"image\/jpeg"}],"twitter_card":"summary_large_image","twitter_misc":{"Tiempo de lectura":"3 minutos"},"schema":{"@context":"https:\/\/schema.org","@graph":[{"@type":"WebPage","@id":"https:\/\/www.nevadaregistry.org\/es\/acerca\/principios-rectores-historia-y-financiacion\/","url":"https:\/\/www.nevadaregistry.org\/es\/acerca\/principios-rectores-historia-y-financiacion\/","name":"Principios Rectores, Historia y Financiaci\u00f3n de The Nevada Registry - The Nevada Registry","isPartOf":{"@id":"https:\/\/www.nevadaregistry.org\/es\/#website"},"datePublished":"2020-08-04T21:50:53+00:00","dateModified":"2026-03-06T16:29:22+00:00","description":"Principios Rectores de The Nevada Registry La investigaci\u00f3n demuestra la importancia vital de la formaci\u00f3n profesional para las personas que proporcionan","breadcrumb":{"@id":"https:\/\/www.nevadaregistry.org\/es\/acerca\/principios-rectores-historia-y-financiacion\/#breadcrumb"},"inLanguage":"es","potentialAction":[{"@type":"ReadAction","target":["https:\/\/www.nevadaregistry.org\/es\/acerca\/principios-rectores-historia-y-financiacion\/"]}]},{"@type":"BreadcrumbList","@id":"https:\/\/www.nevadaregistry.org\/es\/acerca\/principios-rectores-historia-y-financiacion\/#breadcrumb","itemListElement":[{"@type":"ListItem","position":1,"name":"Home","item":"https:\/\/www.nevadaregistry.org\/es\/pagina-principal\/"},{"@type":"ListItem","position":2,"name":"P\u00e1gina Acerca de The Nevada Registry","item":"https:\/\/www.nevadaregistry.org\/es\/acerca\/"},{"@type":"ListItem","position":3,"name":"Principios Rectores, Historia y Financiaci\u00f3n de The Nevada Registry"}]},{"@type":"WebSite","@id":"https:\/\/www.nevadaregistry.org\/es\/#website","url":"https:\/\/www.nevadaregistry.org\/es\/","name":"The Nevada Registry","description":"Workforce data system capturing information about the Early Childhood Education and Care (ECEC) workforce in Nevada.","publisher":{"@id":"https:\/\/www.nevadaregistry.org\/es\/#organization"},"potentialAction":[{"@type":"SearchAction","target":{"@type":"EntryPoint","urlTemplate":"https:\/\/www.nevadaregistry.org\/es\/?s={search_term_string}"},"query-input":{"@type":"PropertyValueSpecification","valueRequired":true,"valueName":"search_term_string"}}],"inLanguage":"es"},{"@type":"Organization","@id":"https:\/\/www.nevadaregistry.org\/es\/#organization","name":"El Nevada Registry","url":"https:\/\/www.nevadaregistry.org\/es\/","logo":{"@type":"ImageObject","inLanguage":"es","@id":"https:\/\/www.nevadaregistry.org\/es\/#\/schema\/logo\/image\/","url":"https:\/\/www.nevadaregistry.org\/wp-content\/uploads\/2020\/10\/tnr-logo-purple-copy.jpg","contentUrl":"https:\/\/www.nevadaregistry.org\/wp-content\/uploads\/2020\/10\/tnr-logo-purple-copy.jpg","width":"900","height":"562","caption":"El Nevada Registry"},"image":{"@id":"https:\/\/www.nevadaregistry.org\/es\/#\/schema\/logo\/image\/"},"sameAs":["https:\/\/www.facebook.com\/nevadaregistry"]}]}},"_links":{"self":[{"href":"https:\/\/www.nevadaregistry.org\/es\/wp-json\/wp\/v2\/pages\/13263","targetHints":{"allow":["GET"]}}],"collection":[{"href":"https:\/\/www.nevadaregistry.org\/es\/wp-json\/wp\/v2\/pages"}],"about":[{"href":"https:\/\/www.nevadaregistry.org\/es\/wp-json\/wp\/v2\/types\/page"}],"author":[{"embeddable":true,"href":"https:\/\/www.nevadaregistry.org\/es\/wp-json\/wp\/v2\/users\/2"}],"replies":[{"embeddable":true,"href":"https:\/\/www.nevadaregistry.org\/es\/wp-json\/wp\/v2\/comments?post=13263"}],"version-history":[{"count":3,"href":"https:\/\/www.nevadaregistry.org\/es\/wp-json\/wp\/v2\/pages\/13263\/revisions"}],"predecessor-version":[{"id":18195,"href":"https:\/\/www.nevadaregistry.org\/es\/wp-json\/wp\/v2\/pages\/13263\/revisions\/18195"}],"up":[{"embeddable":true,"href":"https:\/\/www.nevadaregistry.org\/es\/wp-json\/wp\/v2\/pages\/12893"}],"wp:attachment":[{"href":"https:\/\/www.nevadaregistry.org\/es\/wp-json\/wp\/v2\/media?parent=13263"}],"curies":[{"name":"wp","href":"https:\/\/api.w.org\/{rel}","templated":true}]}}