{"id":13266,"date":"2020-08-19T13:16:36","date_gmt":"2020-08-19T20:16:36","guid":{"rendered":"https:\/\/www.nevadaregistry.org\/directrices-de-aceptacion-para-el-desarrollo-profesional\/"},"modified":"2025-05-01T14:57:31","modified_gmt":"2025-05-01T21:57:31","slug":"directrices-de-aceptacion-para-el-desarrollo-profesional","status":"publish","type":"page","link":"https:\/\/www.nevadaregistry.org\/es\/formacion-desarrollo-profesional\/directrices-de-aceptacion-para-el-desarrollo-profesional\/","title":{"rendered":"Directrices de aceptaci\u00f3n para el desarrollo profesional"},"content":{"rendered":"<p>Los profesionales de la educaci\u00f3n infantil temprana en Nevada participan en actividades de desarrollo profesional que abarcan desde capacitaciones presenciales, talleres y conferencias, cursos universitarios con cr\u00e9ditos, clases en l\u00ednea, sesiones de formaci\u00f3n virtual, clases de servicio que otorgan cr\u00e9ditos de educaci\u00f3n continua requeridas para la recertificaci\u00f3n o licenciatura en otras profesiones (es decir, educaci\u00f3n, trabajo social, enfermer\u00eda, etc.) y una variedad de otros formatos de aprendizaje electr\u00f3nico como seminarios web, m\u00f3dulos y seminarios en l\u00ednea.<\/p>\n<p>Si bien la mayor\u00eda de la formaci\u00f3n se realiza en el estado de Nevada, un n\u00famero creciente de profesionales est\u00e1 completando su desarrollo profesional fuera del estado o en l\u00ednea. Independientemente del formato, toda formaci\u00f3n que no otorgue cr\u00e9ditos universitarios debe ser aprobada por The Nevada Registry para ser aplicada a los requisitos anuales de formaci\u00f3n de la Licencia de Cuidado Infantil. Algunas formaciones est\u00e1n sujetas al proceso est\u00e1ndar de aprobaci\u00f3n de The Nevada Registry, mientras que otras no lo est\u00e1n.  <\/p>\n<p>El <a href=\"https:\/\/www.nevadaregistry.org\/es\/professionaldevelopmentacceptanceguidelines-doc-2\/\">documento de Directrices de aceptaci\u00f3n para el desarrollo profesional<\/a> de The Nevada Registry describe las pautas de aceptaci\u00f3n para tres categor\u00edas separadas de desarrollo profesional que NO est\u00e1n sujetas al proceso est\u00e1ndar de aprobaci\u00f3n de The Nevada Registry: 1) Formaci\u00f3n fuera del estado; 2) Cursos universitarios con cr\u00e9ditos; y 3) Otros desarrollos profesionales y formaciones diversas. Este documento fue creado con la aportaci\u00f3n de la Licencia Estatal de Cuidado Infantil.    <\/p>\n<p><strong>Esto significa que cuando usted participa en cualquiera de las formaciones y desarrollos profesionales descritos en el documento mencionado anteriormente, ser\u00e1 reconocido y aceptado por la Licencia de Cuidado Infantil y The Nevada Registry sin necesidad de un c\u00f3digo de aprobaci\u00f3n emitido por el Registro. En estos casos, no necesita hacer nada adicional para obtener la aprobaci\u00f3n o recibir cr\u00e9dito (es decir, no hay un formulario que completar, etc.). Simplemente asista, obtenga un certificado de finalizaci\u00f3n que documente su asistencia y pres\u00e9ntelo a la Licencia cuando se lo soliciten y a The Nevada Registry con su pr\u00f3xima renovaci\u00f3n anual de membres\u00eda.   <\/strong><\/p>\n<p>Por favor, tenga en cuenta que la mayor\u00eda de las formaciones que usted realiza para cumplir con los requisitos anuales de formaci\u00f3n de la Licencia de Cuidado Infantil est\u00e1n sujetas al proceso de aprobaci\u00f3n de formaci\u00f3n. Cualquier desarrollo profesional que no est\u00e9 descrito en el documento de Directrices de aceptaci\u00f3n para el desarrollo profesional debe tener asignado un c\u00f3digo de aprobaci\u00f3n emitido por el Registro para recibir horas de formaci\u00f3n en cuidado infantil. <\/p>\n<p>Visite el <a href=\"http:\/\/ww2.nevadaregistry.org\/calendar\/\">Calendario de formaci\u00f3n<\/a> de The Nevada Registry para obtener una lista completa de las formaciones aprobadas por el Registro disponibles para satisfacer sus necesidades de desarrollo profesional.<\/p>\n","protected":false},"excerpt":{"rendered":"<p>Los profesionales de la educaci\u00f3n infantil temprana en Nevada participan en actividades de desarrollo profesional que abarcan desde capacitaciones presenciales,&#8230;<\/p>\n","protected":false},"author":2,"featured_media":0,"parent":13373,"menu_order":3,"comment_status":"closed","ping_status":"closed","template":"","meta":{"_acf_changed":false,"footnotes":""},"class_list":["post-13266","page","type-page","status-publish","hentry"],"acf":[],"yoast_head":"<!-- This site is optimized with the Yoast SEO plugin v27.2 - https:\/\/yoast.com\/product\/yoast-seo-wordpress\/ -->\n<title>Directrices de aceptaci\u00f3n para el desarrollo profesional - The Nevada Registry<\/title>\n<meta name=\"description\" content=\"Los profesionales de la educaci\u00f3n infantil temprana en Nevada participan en actividades de desarrollo profesional que abarcan desde capacitaciones\" \/>\n<meta name=\"robots\" content=\"index, follow, max-snippet:-1, max-image-preview:large, max-video-preview:-1\" \/>\n<link rel=\"canonical\" href=\"https:\/\/www.nevadaregistry.org\/es\/formacion-desarrollo-profesional\/directrices-de-aceptacion-para-el-desarrollo-profesional\/\" \/>\n<meta property=\"og:locale\" content=\"es_ES\" \/>\n<meta property=\"og:type\" content=\"article\" \/>\n<meta property=\"og:title\" content=\"Directrices de aceptaci\u00f3n para el desarrollo profesional - The Nevada Registry\" \/>\n<meta property=\"og:description\" content=\"Los profesionales de la educaci\u00f3n infantil temprana en Nevada participan en actividades de desarrollo profesional que abarcan desde capacitaciones\" \/>\n<meta property=\"og:url\" content=\"https:\/\/www.nevadaregistry.org\/es\/formacion-desarrollo-profesional\/directrices-de-aceptacion-para-el-desarrollo-profesional\/\" \/>\n<meta property=\"og:site_name\" content=\"The Nevada Registry\" \/>\n<meta property=\"article:publisher\" content=\"https:\/\/www.facebook.com\/nevadaregistry\" \/>\n<meta property=\"article:modified_time\" content=\"2025-05-01T21:57:31+00:00\" \/>\n<meta property=\"og:image\" content=\"https:\/\/www.nevadaregistry.org\/wp-content\/uploads\/2020\/10\/NevadaRegistryOGImage.jpg\" \/>\n\t<meta property=\"og:image:width\" content=\"1200\" \/>\n\t<meta property=\"og:image:height\" content=\"630\" \/>\n\t<meta property=\"og:image:type\" content=\"image\/jpeg\" \/>\n<meta name=\"twitter:card\" content=\"summary_large_image\" \/>\n<meta name=\"twitter:label1\" content=\"Tiempo de lectura\" \/>\n\t<meta name=\"twitter:data1\" content=\"2 minutos\" \/>\n<script type=\"application\/ld+json\" class=\"yoast-schema-graph\">{\"@context\":\"https:\/\/schema.org\",\"@graph\":[{\"@type\":\"WebPage\",\"@id\":\"https:\/\/www.nevadaregistry.org\/es\/formacion-desarrollo-profesional\/directrices-de-aceptacion-para-el-desarrollo-profesional\/\",\"url\":\"https:\/\/www.nevadaregistry.org\/es\/formacion-desarrollo-profesional\/directrices-de-aceptacion-para-el-desarrollo-profesional\/\",\"name\":\"Directrices de aceptaci\u00f3n para el desarrollo profesional - The Nevada Registry\",\"isPartOf\":{\"@id\":\"https:\/\/www.nevadaregistry.org\/es\/#website\"},\"datePublished\":\"2020-08-19T20:16:36+00:00\",\"dateModified\":\"2025-05-01T21:57:31+00:00\",\"description\":\"Los profesionales de la educaci\u00f3n infantil temprana en Nevada participan en actividades de desarrollo profesional que abarcan desde capacitaciones\",\"breadcrumb\":{\"@id\":\"https:\/\/www.nevadaregistry.org\/es\/formacion-desarrollo-profesional\/directrices-de-aceptacion-para-el-desarrollo-profesional\/#breadcrumb\"},\"inLanguage\":\"es\",\"potentialAction\":[{\"@type\":\"ReadAction\",\"target\":[\"https:\/\/www.nevadaregistry.org\/es\/formacion-desarrollo-profesional\/directrices-de-aceptacion-para-el-desarrollo-profesional\/\"]}]},{\"@type\":\"BreadcrumbList\",\"@id\":\"https:\/\/www.nevadaregistry.org\/es\/formacion-desarrollo-profesional\/directrices-de-aceptacion-para-el-desarrollo-profesional\/#breadcrumb\",\"itemListElement\":[{\"@type\":\"ListItem\",\"position\":1,\"name\":\"Home\",\"item\":\"https:\/\/www.nevadaregistry.org\/es\/pagina-principal\/\"},{\"@type\":\"ListItem\",\"position\":2,\"name\":\"Formaci\u00f3n\/Desarrollo profesional\",\"item\":\"https:\/\/www.nevadaregistry.org\/es\/formacion-desarrollo-profesional\/\"},{\"@type\":\"ListItem\",\"position\":3,\"name\":\"Directrices de aceptaci\u00f3n para el desarrollo profesional\"}]},{\"@type\":\"WebSite\",\"@id\":\"https:\/\/www.nevadaregistry.org\/es\/#website\",\"url\":\"https:\/\/www.nevadaregistry.org\/es\/\",\"name\":\"The Nevada Registry\",\"description\":\"Workforce data system capturing information about the Early Childhood Education and Care (ECEC) workforce in Nevada.\",\"publisher\":{\"@id\":\"https:\/\/www.nevadaregistry.org\/es\/#organization\"},\"potentialAction\":[{\"@type\":\"SearchAction\",\"target\":{\"@type\":\"EntryPoint\",\"urlTemplate\":\"https:\/\/www.nevadaregistry.org\/es\/?s={search_term_string}\"},\"query-input\":{\"@type\":\"PropertyValueSpecification\",\"valueRequired\":true,\"valueName\":\"search_term_string\"}}],\"inLanguage\":\"es\"},{\"@type\":\"Organization\",\"@id\":\"https:\/\/www.nevadaregistry.org\/es\/#organization\",\"name\":\"El Nevada Registry\",\"url\":\"https:\/\/www.nevadaregistry.org\/es\/\",\"logo\":{\"@type\":\"ImageObject\",\"inLanguage\":\"es\",\"@id\":\"https:\/\/www.nevadaregistry.org\/es\/#\/schema\/logo\/image\/\",\"url\":\"https:\/\/www.nevadaregistry.org\/wp-content\/uploads\/2020\/10\/tnr-logo-purple-copy.jpg\",\"contentUrl\":\"https:\/\/www.nevadaregistry.org\/wp-content\/uploads\/2020\/10\/tnr-logo-purple-copy.jpg\",\"width\":\"900\",\"height\":\"562\",\"caption\":\"El Nevada Registry\"},\"image\":{\"@id\":\"https:\/\/www.nevadaregistry.org\/es\/#\/schema\/logo\/image\/\"},\"sameAs\":[\"https:\/\/www.facebook.com\/nevadaregistry\"]}]}<\/script>\n<!-- \/ Yoast SEO plugin. -->","yoast_head_json":{"title":"Directrices de aceptaci\u00f3n para el desarrollo profesional - The Nevada Registry","description":"Los profesionales de la educaci\u00f3n infantil temprana en Nevada participan en actividades de desarrollo profesional que abarcan desde capacitaciones","robots":{"index":"index","follow":"follow","max-snippet":"max-snippet:-1","max-image-preview":"max-image-preview:large","max-video-preview":"max-video-preview:-1"},"canonical":"https:\/\/www.nevadaregistry.org\/es\/formacion-desarrollo-profesional\/directrices-de-aceptacion-para-el-desarrollo-profesional\/","og_locale":"es_ES","og_type":"article","og_title":"Directrices de aceptaci\u00f3n para el desarrollo profesional - The Nevada Registry","og_description":"Los profesionales de la educaci\u00f3n infantil temprana en Nevada participan en actividades de desarrollo profesional que abarcan desde capacitaciones","og_url":"https:\/\/www.nevadaregistry.org\/es\/formacion-desarrollo-profesional\/directrices-de-aceptacion-para-el-desarrollo-profesional\/","og_site_name":"The Nevada Registry","article_publisher":"https:\/\/www.facebook.com\/nevadaregistry","article_modified_time":"2025-05-01T21:57:31+00:00","og_image":[{"width":1200,"height":630,"url":"https:\/\/www.nevadaregistry.org\/wp-content\/uploads\/2020\/10\/NevadaRegistryOGImage.jpg","type":"image\/jpeg"}],"twitter_card":"summary_large_image","twitter_misc":{"Tiempo de lectura":"2 minutos"},"schema":{"@context":"https:\/\/schema.org","@graph":[{"@type":"WebPage","@id":"https:\/\/www.nevadaregistry.org\/es\/formacion-desarrollo-profesional\/directrices-de-aceptacion-para-el-desarrollo-profesional\/","url":"https:\/\/www.nevadaregistry.org\/es\/formacion-desarrollo-profesional\/directrices-de-aceptacion-para-el-desarrollo-profesional\/","name":"Directrices de aceptaci\u00f3n para el desarrollo profesional - The Nevada Registry","isPartOf":{"@id":"https:\/\/www.nevadaregistry.org\/es\/#website"},"datePublished":"2020-08-19T20:16:36+00:00","dateModified":"2025-05-01T21:57:31+00:00","description":"Los profesionales de la educaci\u00f3n infantil temprana en Nevada participan en actividades de desarrollo profesional que abarcan desde capacitaciones","breadcrumb":{"@id":"https:\/\/www.nevadaregistry.org\/es\/formacion-desarrollo-profesional\/directrices-de-aceptacion-para-el-desarrollo-profesional\/#breadcrumb"},"inLanguage":"es","potentialAction":[{"@type":"ReadAction","target":["https:\/\/www.nevadaregistry.org\/es\/formacion-desarrollo-profesional\/directrices-de-aceptacion-para-el-desarrollo-profesional\/"]}]},{"@type":"BreadcrumbList","@id":"https:\/\/www.nevadaregistry.org\/es\/formacion-desarrollo-profesional\/directrices-de-aceptacion-para-el-desarrollo-profesional\/#breadcrumb","itemListElement":[{"@type":"ListItem","position":1,"name":"Home","item":"https:\/\/www.nevadaregistry.org\/es\/pagina-principal\/"},{"@type":"ListItem","position":2,"name":"Formaci\u00f3n\/Desarrollo profesional","item":"https:\/\/www.nevadaregistry.org\/es\/formacion-desarrollo-profesional\/"},{"@type":"ListItem","position":3,"name":"Directrices de aceptaci\u00f3n para el desarrollo profesional"}]},{"@type":"WebSite","@id":"https:\/\/www.nevadaregistry.org\/es\/#website","url":"https:\/\/www.nevadaregistry.org\/es\/","name":"The Nevada Registry","description":"Workforce data system capturing information about the Early Childhood Education and Care (ECEC) workforce in Nevada.","publisher":{"@id":"https:\/\/www.nevadaregistry.org\/es\/#organization"},"potentialAction":[{"@type":"SearchAction","target":{"@type":"EntryPoint","urlTemplate":"https:\/\/www.nevadaregistry.org\/es\/?s={search_term_string}"},"query-input":{"@type":"PropertyValueSpecification","valueRequired":true,"valueName":"search_term_string"}}],"inLanguage":"es"},{"@type":"Organization","@id":"https:\/\/www.nevadaregistry.org\/es\/#organization","name":"El Nevada Registry","url":"https:\/\/www.nevadaregistry.org\/es\/","logo":{"@type":"ImageObject","inLanguage":"es","@id":"https:\/\/www.nevadaregistry.org\/es\/#\/schema\/logo\/image\/","url":"https:\/\/www.nevadaregistry.org\/wp-content\/uploads\/2020\/10\/tnr-logo-purple-copy.jpg","contentUrl":"https:\/\/www.nevadaregistry.org\/wp-content\/uploads\/2020\/10\/tnr-logo-purple-copy.jpg","width":"900","height":"562","caption":"El Nevada Registry"},"image":{"@id":"https:\/\/www.nevadaregistry.org\/es\/#\/schema\/logo\/image\/"},"sameAs":["https:\/\/www.facebook.com\/nevadaregistry"]}]}},"_links":{"self":[{"href":"https:\/\/www.nevadaregistry.org\/es\/wp-json\/wp\/v2\/pages\/13266","targetHints":{"allow":["GET"]}}],"collection":[{"href":"https:\/\/www.nevadaregistry.org\/es\/wp-json\/wp\/v2\/pages"}],"about":[{"href":"https:\/\/www.nevadaregistry.org\/es\/wp-json\/wp\/v2\/types\/page"}],"author":[{"embeddable":true,"href":"https:\/\/www.nevadaregistry.org\/es\/wp-json\/wp\/v2\/users\/2"}],"replies":[{"embeddable":true,"href":"https:\/\/www.nevadaregistry.org\/es\/wp-json\/wp\/v2\/comments?post=13266"}],"version-history":[{"count":2,"href":"https:\/\/www.nevadaregistry.org\/es\/wp-json\/wp\/v2\/pages\/13266\/revisions"}],"predecessor-version":[{"id":13374,"href":"https:\/\/www.nevadaregistry.org\/es\/wp-json\/wp\/v2\/pages\/13266\/revisions\/13374"}],"up":[{"embeddable":true,"href":"https:\/\/www.nevadaregistry.org\/es\/wp-json\/wp\/v2\/pages\/13373"}],"wp:attachment":[{"href":"https:\/\/www.nevadaregistry.org\/es\/wp-json\/wp\/v2\/media?parent=13266"}],"curies":[{"name":"wp","href":"https:\/\/api.w.org\/{rel}","templated":true}]}}