{"id":13267,"date":"2020-09-01T20:41:21","date_gmt":"2020-09-02T03:41:21","guid":{"rendered":"https:\/\/www.nevadaregistry.org\/departamento-de-educacion-oficina-de-aprendizaje-y-desarrollo-temprano\/"},"modified":"2025-05-01T14:55:37","modified_gmt":"2025-05-01T21:55:37","slug":"departamento-de-educacion-oficina-de-aprendizaje-y-desarrollo-temprano","status":"publish","type":"page","link":"https:\/\/www.nevadaregistry.org\/es\/acerca\/nuestros-socios\/departamento-de-educacion-oficina-de-aprendizaje-y-desarrollo-temprano\/","title":{"rendered":"Departamento de Educaci\u00f3n &#8211; Oficina de Aprendizaje y Desarrollo Temprano"},"content":{"rendered":"<p>La <a href=\"http:\/\/www.doe.nv.gov\/Early_Learning_Development\/\">Oficina de Aprendizaje y Desarrollo Temprano <\/a>(OELD) en el Departamento de Educaci\u00f3n de Nevada fue creada por el Gobernador Sandoval mediante la Orden Ejecutiva #2013-16 y aprobada por el comit\u00e9 interino de finanzas en junio de 2014. La oficina administra m\u00faltiples fuentes de financiamiento estatales y federales para la primera infancia, incluyendo: Pre-K Estatal de Nevada, Subvenci\u00f3n para el Desarrollo de Pre-K, Subvenci\u00f3n de la Oficina de Colaboraci\u00f3n Estatal de Head Start, Subvenci\u00f3n de Sistemas Integrales para la Primera Infancia, y Fondos de Calidad del Fondo de Cuidado y Desarrollo Infantil (CCDF). Los programas financiados a trav\u00e9s de los Fondos de Calidad del CCDF incluyen:  <\/p>\n<ul>\n<li><a href=\"http:\/\/www.nvsilverstatestars.org\/\">Sistema de Calificaci\u00f3n y Mejora de la Calidad Silver State Stars<\/a><\/li>\n<li><a href=\"https:\/\/www.nevadaregistry.org\/es\/\">El Nevada Registry<\/a><\/li>\n<li><a href=\"https:\/\/www.nevadaregistry.org\/es\/?page_id=13307\">Est\u00e1ndares de Pre-K de Nevada y Directrices de Aprendizaje Temprano<\/a><\/li>\n<li><a href=\"http:\/\/nvteach.org\/\">Programa de Becas T.E.A.C.H. Early Childhood Nevada<\/a><\/li>\n<\/ul>\n<p>El enfoque de la OELD es coordinar el trabajo a nivel estatal desde el nacimiento hasta el tercer grado en colaboraci\u00f3n con el Consejo Asesor de la Primera Infancia de Nevada y mejorar el acceso y la calidad de los programas de la primera infancia en una variedad de entornos. La oficina coordina los esfuerzos de reforma P-3 a nivel estatal, que son parte de una iniciativa nacional para transformar c\u00f3mo aprenden los ni\u00f1os de 0 a 8 a\u00f1os. La iniciativa se centra en establecer conexiones s\u00f3lidas entre las experiencias de aprendizaje a lo largo de estos a\u00f1os cr\u00edticos. Este enfoque requiere que los est\u00e1ndares educativos, los planes de estudio, la evaluaci\u00f3n, la instrucci\u00f3n y el desarrollo profesional est\u00e9n fuertemente alineados entre los programas desde la infancia hasta el tercer grado.   <\/p>\n<h3><strong>Reconocimiento por Aumentos de Nivel en la Escala Profesional<\/strong><\/h3>\n<p>La Oficina de Aprendizaje y Desarrollo Temprano (OELD), en colaboraci\u00f3n con Lakeshore Learning, reconoce los aumentos en los niveles de la Escala Profesional otorgando a los miembros elegibles del Registro su elecci\u00f3n de un kit de materiales para el aula de Lakeshore a cambio de un ascenso en la escala.<\/p>\n<p>Esta es una oferta limitada mientras haya fondos disponibles. Los participantes elegibles solo pueden recibir un kit por a\u00f1o al momento de la renovaci\u00f3n de su Nevada Registry y recibir\u00e1n una notificaci\u00f3n del premio por parte de la OELD*. Los kits se otorgan por avanzar a lo largo de la Escala Profesional en uno o m\u00e1s niveles (es decir, del Nivel 2 al Nivel 3); no por movimiento dentro de un nivel (es decir, del Nivel 1.2 al Nivel 1.3). Si tiene alguna pregunta, por favor contacte a Emily Champlin v\u00eda correo electr\u00f3nico a <a href=\"mailto:echamplin@doe.nv.gov\">echamplin@doe.nv.gov<\/a>.   <\/p>\n<h6><em>*Si es elegible para un kit, su nombre ser\u00e1 proporcionado a la OELD solo si tiene una autorizaci\u00f3n de divulgaci\u00f3n de informaci\u00f3n en el archivo del Nevada Registry. <a href=\"https:\/\/www.nevadaregistry.org\/es\/?page_id=13305\">Contacte<\/a> al Registro si no est\u00e1 seguro de si ha otorgado previamente permiso para que el Registro divulgue su informaci\u00f3n de contacto (marcando la casilla en los formularios de solicitud inicial o de renovaci\u00f3n) con el prop\u00f3sito de ser informado sobre pr\u00f3ximos eventos de capacitaci\u00f3n, ofertas\/eventos especiales, premios de membres\u00eda, oportunidades limitadas de becas, etc.<\/em><\/h6>\n<h3>Informaci\u00f3n de contacto<\/h3>\n<p><strong>Patti Oya <\/strong><br \/>\n<em>Directora<\/em><br \/>\n<a href=\"mailto:poya@doe.nv.gov\">poya@doe.nv.gov<\/a><cx id=\"gid_1\"><\/cx>(702) 486-6492<\/p>\n<p><strong>Emily Champlin<cx id=\"gid_1\"><\/cx><\/strong><a href=\"mailto:echamplin@doe.nv.gov\">echamplin@doe.nv.gov<\/a><br \/>\n<em>Sistema de Calificaci\u00f3n y Mejora de la Calidad Silver State Stars<cx id=\"gid_1\"><\/cx><\/em>(702) 668-4315<\/p>\n<p><strong>Patrice Gardner<\/strong><br \/>\n<em>Oficina de Colaboraci\u00f3n Estatal de Head Start<\/em><br \/>\n<a href=\"mailto:%20pmgardner@doe.nv.gov\">pmgardner@doe.nv.gov<\/a><cx id=\"gid_1\"><\/cx>(702) 668-4325<\/p>\n<p><strong>Anna Severens <\/strong><br \/>\n<em>Programa Estatal de Pre-K de Nevada <\/em><br \/>\n<a href=\"mailto:aseverens@doe.nv.gov\">aseverens@doe.nv.gov<\/a><cx id=\"gid_1\"><\/cx>(775) 687-9248<\/p>\n<p><strong>Stacey Joyner <\/strong><br \/>\n<em>Subvenci\u00f3n para el Desarrollo de Nevada Ready! Pre-K  <\/em><br \/>\n<a href=\"mailto:%20sjoyner@doe.nv.gov\">sjoyner@doe.nv.gov <\/a><cx id=\"gid_1\"><\/cx>(702) 668-4348<\/p>\n","protected":false},"excerpt":{"rendered":"<p>La Oficina de Aprendizaje y Desarrollo Temprano (OELD) en el Departamento de Educaci\u00f3n de Nevada fue creada por el Gobernador&#8230;<\/p>\n","protected":false},"author":2,"featured_media":0,"parent":13338,"menu_order":0,"comment_status":"closed","ping_status":"closed","template":"","meta":{"_acf_changed":false,"footnotes":""},"class_list":["post-13267","page","type-page","status-publish","hentry"],"acf":[],"yoast_head":"<!-- This site is optimized with the Yoast SEO plugin v27.2 - https:\/\/yoast.com\/product\/yoast-seo-wordpress\/ -->\n<title>Departamento de Educaci\u00f3n - Oficina de Aprendizaje y Desarrollo Temprano - The Nevada Registry<\/title>\n<meta name=\"description\" content=\"La Oficina de Aprendizaje y Desarrollo Temprano (OELD) en el Departamento de Educaci\u00f3n de Nevada fue creada por el Gobernador Sandoval mediante la Orden\" \/>\n<meta name=\"robots\" content=\"index, follow, max-snippet:-1, max-image-preview:large, max-video-preview:-1\" \/>\n<link rel=\"canonical\" href=\"https:\/\/www.nevadaregistry.org\/es\/acerca\/nuestros-socios\/departamento-de-educacion-oficina-de-aprendizaje-y-desarrollo-temprano\/\" \/>\n<meta property=\"og:locale\" content=\"es_ES\" \/>\n<meta property=\"og:type\" content=\"article\" \/>\n<meta property=\"og:title\" content=\"Departamento de Educaci\u00f3n - Oficina de Aprendizaje y Desarrollo Temprano - The Nevada Registry\" \/>\n<meta property=\"og:description\" content=\"La Oficina de Aprendizaje y Desarrollo Temprano (OELD) en el Departamento de Educaci\u00f3n de Nevada fue creada por el Gobernador Sandoval mediante la Orden\" \/>\n<meta property=\"og:url\" content=\"https:\/\/www.nevadaregistry.org\/es\/acerca\/nuestros-socios\/departamento-de-educacion-oficina-de-aprendizaje-y-desarrollo-temprano\/\" \/>\n<meta property=\"og:site_name\" content=\"The Nevada Registry\" \/>\n<meta property=\"article:publisher\" content=\"https:\/\/www.facebook.com\/nevadaregistry\" \/>\n<meta property=\"article:modified_time\" content=\"2025-05-01T21:55:37+00:00\" \/>\n<meta property=\"og:image\" content=\"https:\/\/www.nevadaregistry.org\/wp-content\/uploads\/2020\/10\/NevadaRegistryOGImage.jpg\" \/>\n\t<meta property=\"og:image:width\" content=\"1200\" \/>\n\t<meta property=\"og:image:height\" content=\"630\" \/>\n\t<meta property=\"og:image:type\" content=\"image\/jpeg\" \/>\n<meta name=\"twitter:card\" content=\"summary_large_image\" \/>\n<meta name=\"twitter:label1\" content=\"Tiempo de lectura\" \/>\n\t<meta name=\"twitter:data1\" content=\"3 minutos\" \/>\n<script type=\"application\/ld+json\" class=\"yoast-schema-graph\">{\"@context\":\"https:\/\/schema.org\",\"@graph\":[{\"@type\":\"WebPage\",\"@id\":\"https:\/\/www.nevadaregistry.org\/es\/acerca\/nuestros-socios\/departamento-de-educacion-oficina-de-aprendizaje-y-desarrollo-temprano\/\",\"url\":\"https:\/\/www.nevadaregistry.org\/es\/acerca\/nuestros-socios\/departamento-de-educacion-oficina-de-aprendizaje-y-desarrollo-temprano\/\",\"name\":\"Departamento de Educaci\u00f3n - Oficina de Aprendizaje y Desarrollo Temprano - The Nevada Registry\",\"isPartOf\":{\"@id\":\"https:\/\/www.nevadaregistry.org\/es\/#website\"},\"datePublished\":\"2020-09-02T03:41:21+00:00\",\"dateModified\":\"2025-05-01T21:55:37+00:00\",\"description\":\"La Oficina de Aprendizaje y Desarrollo Temprano (OELD) en el Departamento de Educaci\u00f3n de Nevada fue creada por el Gobernador Sandoval mediante la Orden\",\"breadcrumb\":{\"@id\":\"https:\/\/www.nevadaregistry.org\/es\/acerca\/nuestros-socios\/departamento-de-educacion-oficina-de-aprendizaje-y-desarrollo-temprano\/#breadcrumb\"},\"inLanguage\":\"es\",\"potentialAction\":[{\"@type\":\"ReadAction\",\"target\":[\"https:\/\/www.nevadaregistry.org\/es\/acerca\/nuestros-socios\/departamento-de-educacion-oficina-de-aprendizaje-y-desarrollo-temprano\/\"]}]},{\"@type\":\"BreadcrumbList\",\"@id\":\"https:\/\/www.nevadaregistry.org\/es\/acerca\/nuestros-socios\/departamento-de-educacion-oficina-de-aprendizaje-y-desarrollo-temprano\/#breadcrumb\",\"itemListElement\":[{\"@type\":\"ListItem\",\"position\":1,\"name\":\"Home\",\"item\":\"https:\/\/www.nevadaregistry.org\/es\/pagina-principal\/\"},{\"@type\":\"ListItem\",\"position\":2,\"name\":\"P\u00e1gina Acerca de The Nevada Registry\",\"item\":\"https:\/\/www.nevadaregistry.org\/es\/acerca\/\"},{\"@type\":\"ListItem\",\"position\":3,\"name\":\"Nuestros socios\",\"item\":\"https:\/\/www.nevadaregistry.org\/es\/acerca\/nuestros-socios\/\"},{\"@type\":\"ListItem\",\"position\":4,\"name\":\"Departamento de Educaci\u00f3n &#8211; Oficina de Aprendizaje y Desarrollo Temprano\"}]},{\"@type\":\"WebSite\",\"@id\":\"https:\/\/www.nevadaregistry.org\/es\/#website\",\"url\":\"https:\/\/www.nevadaregistry.org\/es\/\",\"name\":\"The Nevada Registry\",\"description\":\"Workforce data system capturing information about the Early Childhood Education and Care (ECEC) workforce in Nevada.\",\"publisher\":{\"@id\":\"https:\/\/www.nevadaregistry.org\/es\/#organization\"},\"potentialAction\":[{\"@type\":\"SearchAction\",\"target\":{\"@type\":\"EntryPoint\",\"urlTemplate\":\"https:\/\/www.nevadaregistry.org\/es\/?s={search_term_string}\"},\"query-input\":{\"@type\":\"PropertyValueSpecification\",\"valueRequired\":true,\"valueName\":\"search_term_string\"}}],\"inLanguage\":\"es\"},{\"@type\":\"Organization\",\"@id\":\"https:\/\/www.nevadaregistry.org\/es\/#organization\",\"name\":\"El Nevada Registry\",\"url\":\"https:\/\/www.nevadaregistry.org\/es\/\",\"logo\":{\"@type\":\"ImageObject\",\"inLanguage\":\"es\",\"@id\":\"https:\/\/www.nevadaregistry.org\/es\/#\/schema\/logo\/image\/\",\"url\":\"https:\/\/www.nevadaregistry.org\/wp-content\/uploads\/2020\/10\/tnr-logo-purple-copy.jpg\",\"contentUrl\":\"https:\/\/www.nevadaregistry.org\/wp-content\/uploads\/2020\/10\/tnr-logo-purple-copy.jpg\",\"width\":\"900\",\"height\":\"562\",\"caption\":\"El Nevada Registry\"},\"image\":{\"@id\":\"https:\/\/www.nevadaregistry.org\/es\/#\/schema\/logo\/image\/\"},\"sameAs\":[\"https:\/\/www.facebook.com\/nevadaregistry\"]}]}<\/script>\n<!-- \/ Yoast SEO plugin. -->","yoast_head_json":{"title":"Departamento de Educaci\u00f3n - Oficina de Aprendizaje y Desarrollo Temprano - The Nevada Registry","description":"La Oficina de Aprendizaje y Desarrollo Temprano (OELD) en el Departamento de Educaci\u00f3n de Nevada fue creada por el Gobernador Sandoval mediante la Orden","robots":{"index":"index","follow":"follow","max-snippet":"max-snippet:-1","max-image-preview":"max-image-preview:large","max-video-preview":"max-video-preview:-1"},"canonical":"https:\/\/www.nevadaregistry.org\/es\/acerca\/nuestros-socios\/departamento-de-educacion-oficina-de-aprendizaje-y-desarrollo-temprano\/","og_locale":"es_ES","og_type":"article","og_title":"Departamento de Educaci\u00f3n - Oficina de Aprendizaje y Desarrollo Temprano - The Nevada Registry","og_description":"La Oficina de Aprendizaje y Desarrollo Temprano (OELD) en el Departamento de Educaci\u00f3n de Nevada fue creada por el Gobernador Sandoval mediante la Orden","og_url":"https:\/\/www.nevadaregistry.org\/es\/acerca\/nuestros-socios\/departamento-de-educacion-oficina-de-aprendizaje-y-desarrollo-temprano\/","og_site_name":"The Nevada Registry","article_publisher":"https:\/\/www.facebook.com\/nevadaregistry","article_modified_time":"2025-05-01T21:55:37+00:00","og_image":[{"width":1200,"height":630,"url":"https:\/\/www.nevadaregistry.org\/wp-content\/uploads\/2020\/10\/NevadaRegistryOGImage.jpg","type":"image\/jpeg"}],"twitter_card":"summary_large_image","twitter_misc":{"Tiempo de lectura":"3 minutos"},"schema":{"@context":"https:\/\/schema.org","@graph":[{"@type":"WebPage","@id":"https:\/\/www.nevadaregistry.org\/es\/acerca\/nuestros-socios\/departamento-de-educacion-oficina-de-aprendizaje-y-desarrollo-temprano\/","url":"https:\/\/www.nevadaregistry.org\/es\/acerca\/nuestros-socios\/departamento-de-educacion-oficina-de-aprendizaje-y-desarrollo-temprano\/","name":"Departamento de Educaci\u00f3n - Oficina de Aprendizaje y Desarrollo Temprano - The Nevada Registry","isPartOf":{"@id":"https:\/\/www.nevadaregistry.org\/es\/#website"},"datePublished":"2020-09-02T03:41:21+00:00","dateModified":"2025-05-01T21:55:37+00:00","description":"La Oficina de Aprendizaje y Desarrollo Temprano (OELD) en el Departamento de Educaci\u00f3n de Nevada fue creada por el Gobernador Sandoval mediante la Orden","breadcrumb":{"@id":"https:\/\/www.nevadaregistry.org\/es\/acerca\/nuestros-socios\/departamento-de-educacion-oficina-de-aprendizaje-y-desarrollo-temprano\/#breadcrumb"},"inLanguage":"es","potentialAction":[{"@type":"ReadAction","target":["https:\/\/www.nevadaregistry.org\/es\/acerca\/nuestros-socios\/departamento-de-educacion-oficina-de-aprendizaje-y-desarrollo-temprano\/"]}]},{"@type":"BreadcrumbList","@id":"https:\/\/www.nevadaregistry.org\/es\/acerca\/nuestros-socios\/departamento-de-educacion-oficina-de-aprendizaje-y-desarrollo-temprano\/#breadcrumb","itemListElement":[{"@type":"ListItem","position":1,"name":"Home","item":"https:\/\/www.nevadaregistry.org\/es\/pagina-principal\/"},{"@type":"ListItem","position":2,"name":"P\u00e1gina Acerca de The Nevada Registry","item":"https:\/\/www.nevadaregistry.org\/es\/acerca\/"},{"@type":"ListItem","position":3,"name":"Nuestros socios","item":"https:\/\/www.nevadaregistry.org\/es\/acerca\/nuestros-socios\/"},{"@type":"ListItem","position":4,"name":"Departamento de Educaci\u00f3n &#8211; Oficina de Aprendizaje y Desarrollo Temprano"}]},{"@type":"WebSite","@id":"https:\/\/www.nevadaregistry.org\/es\/#website","url":"https:\/\/www.nevadaregistry.org\/es\/","name":"The Nevada Registry","description":"Workforce data system capturing information about the Early Childhood Education and Care (ECEC) workforce in Nevada.","publisher":{"@id":"https:\/\/www.nevadaregistry.org\/es\/#organization"},"potentialAction":[{"@type":"SearchAction","target":{"@type":"EntryPoint","urlTemplate":"https:\/\/www.nevadaregistry.org\/es\/?s={search_term_string}"},"query-input":{"@type":"PropertyValueSpecification","valueRequired":true,"valueName":"search_term_string"}}],"inLanguage":"es"},{"@type":"Organization","@id":"https:\/\/www.nevadaregistry.org\/es\/#organization","name":"El Nevada Registry","url":"https:\/\/www.nevadaregistry.org\/es\/","logo":{"@type":"ImageObject","inLanguage":"es","@id":"https:\/\/www.nevadaregistry.org\/es\/#\/schema\/logo\/image\/","url":"https:\/\/www.nevadaregistry.org\/wp-content\/uploads\/2020\/10\/tnr-logo-purple-copy.jpg","contentUrl":"https:\/\/www.nevadaregistry.org\/wp-content\/uploads\/2020\/10\/tnr-logo-purple-copy.jpg","width":"900","height":"562","caption":"El Nevada Registry"},"image":{"@id":"https:\/\/www.nevadaregistry.org\/es\/#\/schema\/logo\/image\/"},"sameAs":["https:\/\/www.facebook.com\/nevadaregistry"]}]}},"_links":{"self":[{"href":"https:\/\/www.nevadaregistry.org\/es\/wp-json\/wp\/v2\/pages\/13267","targetHints":{"allow":["GET"]}}],"collection":[{"href":"https:\/\/www.nevadaregistry.org\/es\/wp-json\/wp\/v2\/pages"}],"about":[{"href":"https:\/\/www.nevadaregistry.org\/es\/wp-json\/wp\/v2\/types\/page"}],"author":[{"embeddable":true,"href":"https:\/\/www.nevadaregistry.org\/es\/wp-json\/wp\/v2\/users\/2"}],"replies":[{"embeddable":true,"href":"https:\/\/www.nevadaregistry.org\/es\/wp-json\/wp\/v2\/comments?post=13267"}],"version-history":[{"count":2,"href":"https:\/\/www.nevadaregistry.org\/es\/wp-json\/wp\/v2\/pages\/13267\/revisions"}],"predecessor-version":[{"id":13339,"href":"https:\/\/www.nevadaregistry.org\/es\/wp-json\/wp\/v2\/pages\/13267\/revisions\/13339"}],"up":[{"embeddable":true,"href":"https:\/\/www.nevadaregistry.org\/es\/wp-json\/wp\/v2\/pages\/13338"}],"wp:attachment":[{"href":"https:\/\/www.nevadaregistry.org\/es\/wp-json\/wp\/v2\/media?parent=13267"}],"curies":[{"name":"wp","href":"https:\/\/api.w.org\/{rel}","templated":true}]}}