{"id":13287,"date":"2020-12-17T15:47:06","date_gmt":"2020-12-17T22:47:06","guid":{"rendered":"https:\/\/www.nevadaregistry.org\/directrices-y-recursos-para-la-formacion-virtual\/eleccion-de-una-plataforma-de-aprendizaje-a-distancia\/"},"modified":"2025-05-01T14:47:58","modified_gmt":"2025-05-01T21:47:58","slug":"eleccion-de-una-plataforma-de-aprendizaje-a-distancia","status":"publish","type":"page","link":"https:\/\/www.nevadaregistry.org\/es\/para-formadores\/directrices-y-recursos-para-la-formacion-virtual\/eleccion-de-una-plataforma-de-aprendizaje-a-distancia\/","title":{"rendered":"Elecci\u00f3n de una plataforma de aprendizaje a distancia"},"content":{"rendered":"<p>\u00bfEst\u00e1 preparado para sumergirse y comenzar a impartir formaci\u00f3n de manera virtual? Tiene numerosas opciones a considerar. <\/p>\n<p>Haga clic en los enlaces a continuaci\u00f3n para obtener informaci\u00f3n sobre algunas de las plataformas m\u00e1s populares que se utilizan actualmente. Independientemente de la plataforma que seleccione, aseg\u00farese de estar familiarizado y saber c\u00f3mo utilizarla eficazmente <strong><em>antes<\/em><\/strong> de presentar una sesi\u00f3n de formaci\u00f3n virtual para su aprobaci\u00f3n. La mayor\u00eda de las plataformas de aprendizaje a distancia incluyen tutoriales integrados para utilizar el software. Tambi\u00e9n se puede encontrar una gran cantidad de informaci\u00f3n realizando una b\u00fasqueda general en Internet, especialmente en <a href=\"https:\/\/www.youtube.com\/\">YouTube!<\/a>    <\/p>\n<ul>\n<li><a href=\"https:\/\/support.zoom.us\/hc\/en-us\">ZOOM<\/a><\/li>\n<li><a href=\"https:\/\/www.gotomeeting.com\/\">GoTo Meeting<\/a><\/li>\n<li><a href=\"https:\/\/www.microsoft.com\/en-us\/microsoft-365\/microsoft-teams\/group-chat-software\">Microsoft Teams<\/a><\/li>\n<li><a href=\"http:\/\/webex.com\">WebEx<\/a><\/li>\n<li><a href=\"https:\/\/www.lifesize.com\/\">Lifesize<\/a><\/li>\n<\/ul>\n","protected":false},"excerpt":{"rendered":"<p>\u00bfEst\u00e1 preparado para sumergirse y comenzar a impartir formaci\u00f3n de manera virtual? Tiene numerosas opciones a considerar. Haga clic en&#8230;<\/p>\n","protected":false},"author":2,"featured_media":0,"parent":13194,"menu_order":3,"comment_status":"closed","ping_status":"closed","template":"","meta":{"_acf_changed":false,"footnotes":""},"class_list":["post-13287","page","type-page","status-publish","hentry"],"acf":[],"yoast_head":"<!-- This site is optimized with the Yoast SEO plugin v27.2 - https:\/\/yoast.com\/product\/yoast-seo-wordpress\/ -->\n<title>Elecci\u00f3n de una plataforma de aprendizaje a distancia - The Nevada Registry<\/title>\n<meta name=\"description\" content=\"\u00bfEst\u00e1 preparado para sumergirse y comenzar a impartir formaci\u00f3n de manera virtual? Tiene numerosas opciones a considerar. Haga clic en los enlaces a\" \/>\n<meta name=\"robots\" content=\"index, follow, max-snippet:-1, max-image-preview:large, max-video-preview:-1\" \/>\n<link rel=\"canonical\" href=\"https:\/\/www.nevadaregistry.org\/es\/para-formadores\/directrices-y-recursos-para-la-formacion-virtual\/eleccion-de-una-plataforma-de-aprendizaje-a-distancia\/\" \/>\n<meta property=\"og:locale\" content=\"es_ES\" \/>\n<meta property=\"og:type\" content=\"article\" \/>\n<meta property=\"og:title\" content=\"Elecci\u00f3n de una plataforma de aprendizaje a distancia - The Nevada Registry\" \/>\n<meta property=\"og:description\" content=\"\u00bfEst\u00e1 preparado para sumergirse y comenzar a impartir formaci\u00f3n de manera virtual? Tiene numerosas opciones a considerar. Haga clic en los enlaces a\" \/>\n<meta property=\"og:url\" content=\"https:\/\/www.nevadaregistry.org\/es\/para-formadores\/directrices-y-recursos-para-la-formacion-virtual\/eleccion-de-una-plataforma-de-aprendizaje-a-distancia\/\" \/>\n<meta property=\"og:site_name\" content=\"The Nevada Registry\" \/>\n<meta property=\"article:publisher\" content=\"https:\/\/www.facebook.com\/nevadaregistry\" \/>\n<meta property=\"article:modified_time\" content=\"2025-05-01T21:47:58+00:00\" \/>\n<meta property=\"og:image\" content=\"https:\/\/www.nevadaregistry.org\/wp-content\/uploads\/2020\/10\/NevadaRegistryOGImage.jpg\" \/>\n\t<meta property=\"og:image:width\" content=\"1200\" \/>\n\t<meta property=\"og:image:height\" content=\"630\" \/>\n\t<meta property=\"og:image:type\" content=\"image\/jpeg\" \/>\n<meta name=\"twitter:card\" content=\"summary_large_image\" \/>\n<meta name=\"twitter:label1\" content=\"Tiempo de lectura\" \/>\n\t<meta name=\"twitter:data1\" content=\"1 minuto\" \/>\n<script type=\"application\/ld+json\" class=\"yoast-schema-graph\">{\"@context\":\"https:\/\/schema.org\",\"@graph\":[{\"@type\":\"WebPage\",\"@id\":\"https:\/\/www.nevadaregistry.org\/es\/para-formadores\/directrices-y-recursos-para-la-formacion-virtual\/eleccion-de-una-plataforma-de-aprendizaje-a-distancia\/\",\"url\":\"https:\/\/www.nevadaregistry.org\/es\/para-formadores\/directrices-y-recursos-para-la-formacion-virtual\/eleccion-de-una-plataforma-de-aprendizaje-a-distancia\/\",\"name\":\"Elecci\u00f3n de una plataforma de aprendizaje a distancia - The Nevada Registry\",\"isPartOf\":{\"@id\":\"https:\/\/www.nevadaregistry.org\/es\/#website\"},\"datePublished\":\"2020-12-17T22:47:06+00:00\",\"dateModified\":\"2025-05-01T21:47:58+00:00\",\"description\":\"\u00bfEst\u00e1 preparado para sumergirse y comenzar a impartir formaci\u00f3n de manera virtual? Tiene numerosas opciones a considerar. Haga clic en los enlaces a\",\"breadcrumb\":{\"@id\":\"https:\/\/www.nevadaregistry.org\/es\/para-formadores\/directrices-y-recursos-para-la-formacion-virtual\/eleccion-de-una-plataforma-de-aprendizaje-a-distancia\/#breadcrumb\"},\"inLanguage\":\"es\",\"potentialAction\":[{\"@type\":\"ReadAction\",\"target\":[\"https:\/\/www.nevadaregistry.org\/es\/para-formadores\/directrices-y-recursos-para-la-formacion-virtual\/eleccion-de-una-plataforma-de-aprendizaje-a-distancia\/\"]}]},{\"@type\":\"BreadcrumbList\",\"@id\":\"https:\/\/www.nevadaregistry.org\/es\/para-formadores\/directrices-y-recursos-para-la-formacion-virtual\/eleccion-de-una-plataforma-de-aprendizaje-a-distancia\/#breadcrumb\",\"itemListElement\":[{\"@type\":\"ListItem\",\"position\":1,\"name\":\"Home\",\"item\":\"https:\/\/www.nevadaregistry.org\/es\/pagina-principal\/\"},{\"@type\":\"ListItem\",\"position\":2,\"name\":\"Directrices y recursos de formaci\u00f3n virtual de The Nevada Registry\",\"item\":\"https:\/\/www.nevadaregistry.org\/es\/para-formadores\/directrices-y-recursos-para-la-formacion-virtual\/\"},{\"@type\":\"ListItem\",\"position\":3,\"name\":\"Elecci\u00f3n de una plataforma de aprendizaje a distancia\"}]},{\"@type\":\"WebSite\",\"@id\":\"https:\/\/www.nevadaregistry.org\/es\/#website\",\"url\":\"https:\/\/www.nevadaregistry.org\/es\/\",\"name\":\"The Nevada Registry\",\"description\":\"Workforce data system capturing information about the Early Childhood Education and Care (ECEC) workforce in Nevada.\",\"publisher\":{\"@id\":\"https:\/\/www.nevadaregistry.org\/es\/#organization\"},\"potentialAction\":[{\"@type\":\"SearchAction\",\"target\":{\"@type\":\"EntryPoint\",\"urlTemplate\":\"https:\/\/www.nevadaregistry.org\/es\/?s={search_term_string}\"},\"query-input\":{\"@type\":\"PropertyValueSpecification\",\"valueRequired\":true,\"valueName\":\"search_term_string\"}}],\"inLanguage\":\"es\"},{\"@type\":\"Organization\",\"@id\":\"https:\/\/www.nevadaregistry.org\/es\/#organization\",\"name\":\"El Nevada Registry\",\"url\":\"https:\/\/www.nevadaregistry.org\/es\/\",\"logo\":{\"@type\":\"ImageObject\",\"inLanguage\":\"es\",\"@id\":\"https:\/\/www.nevadaregistry.org\/es\/#\/schema\/logo\/image\/\",\"url\":\"https:\/\/www.nevadaregistry.org\/wp-content\/uploads\/2020\/10\/tnr-logo-purple-copy.jpg\",\"contentUrl\":\"https:\/\/www.nevadaregistry.org\/wp-content\/uploads\/2020\/10\/tnr-logo-purple-copy.jpg\",\"width\":\"900\",\"height\":\"562\",\"caption\":\"El Nevada Registry\"},\"image\":{\"@id\":\"https:\/\/www.nevadaregistry.org\/es\/#\/schema\/logo\/image\/\"},\"sameAs\":[\"https:\/\/www.facebook.com\/nevadaregistry\"]}]}<\/script>\n<!-- \/ Yoast SEO plugin. -->","yoast_head_json":{"title":"Elecci\u00f3n de una plataforma de aprendizaje a distancia - The Nevada Registry","description":"\u00bfEst\u00e1 preparado para sumergirse y comenzar a impartir formaci\u00f3n de manera virtual? Tiene numerosas opciones a considerar. Haga clic en los enlaces a","robots":{"index":"index","follow":"follow","max-snippet":"max-snippet:-1","max-image-preview":"max-image-preview:large","max-video-preview":"max-video-preview:-1"},"canonical":"https:\/\/www.nevadaregistry.org\/es\/para-formadores\/directrices-y-recursos-para-la-formacion-virtual\/eleccion-de-una-plataforma-de-aprendizaje-a-distancia\/","og_locale":"es_ES","og_type":"article","og_title":"Elecci\u00f3n de una plataforma de aprendizaje a distancia - The Nevada Registry","og_description":"\u00bfEst\u00e1 preparado para sumergirse y comenzar a impartir formaci\u00f3n de manera virtual? Tiene numerosas opciones a considerar. Haga clic en los enlaces a","og_url":"https:\/\/www.nevadaregistry.org\/es\/para-formadores\/directrices-y-recursos-para-la-formacion-virtual\/eleccion-de-una-plataforma-de-aprendizaje-a-distancia\/","og_site_name":"The Nevada Registry","article_publisher":"https:\/\/www.facebook.com\/nevadaregistry","article_modified_time":"2025-05-01T21:47:58+00:00","og_image":[{"width":1200,"height":630,"url":"https:\/\/www.nevadaregistry.org\/wp-content\/uploads\/2020\/10\/NevadaRegistryOGImage.jpg","type":"image\/jpeg"}],"twitter_card":"summary_large_image","twitter_misc":{"Tiempo de lectura":"1 minuto"},"schema":{"@context":"https:\/\/schema.org","@graph":[{"@type":"WebPage","@id":"https:\/\/www.nevadaregistry.org\/es\/para-formadores\/directrices-y-recursos-para-la-formacion-virtual\/eleccion-de-una-plataforma-de-aprendizaje-a-distancia\/","url":"https:\/\/www.nevadaregistry.org\/es\/para-formadores\/directrices-y-recursos-para-la-formacion-virtual\/eleccion-de-una-plataforma-de-aprendizaje-a-distancia\/","name":"Elecci\u00f3n de una plataforma de aprendizaje a distancia - The Nevada Registry","isPartOf":{"@id":"https:\/\/www.nevadaregistry.org\/es\/#website"},"datePublished":"2020-12-17T22:47:06+00:00","dateModified":"2025-05-01T21:47:58+00:00","description":"\u00bfEst\u00e1 preparado para sumergirse y comenzar a impartir formaci\u00f3n de manera virtual? Tiene numerosas opciones a considerar. Haga clic en los enlaces a","breadcrumb":{"@id":"https:\/\/www.nevadaregistry.org\/es\/para-formadores\/directrices-y-recursos-para-la-formacion-virtual\/eleccion-de-una-plataforma-de-aprendizaje-a-distancia\/#breadcrumb"},"inLanguage":"es","potentialAction":[{"@type":"ReadAction","target":["https:\/\/www.nevadaregistry.org\/es\/para-formadores\/directrices-y-recursos-para-la-formacion-virtual\/eleccion-de-una-plataforma-de-aprendizaje-a-distancia\/"]}]},{"@type":"BreadcrumbList","@id":"https:\/\/www.nevadaregistry.org\/es\/para-formadores\/directrices-y-recursos-para-la-formacion-virtual\/eleccion-de-una-plataforma-de-aprendizaje-a-distancia\/#breadcrumb","itemListElement":[{"@type":"ListItem","position":1,"name":"Home","item":"https:\/\/www.nevadaregistry.org\/es\/pagina-principal\/"},{"@type":"ListItem","position":2,"name":"Directrices y recursos de formaci\u00f3n virtual de The Nevada Registry","item":"https:\/\/www.nevadaregistry.org\/es\/para-formadores\/directrices-y-recursos-para-la-formacion-virtual\/"},{"@type":"ListItem","position":3,"name":"Elecci\u00f3n de una plataforma de aprendizaje a distancia"}]},{"@type":"WebSite","@id":"https:\/\/www.nevadaregistry.org\/es\/#website","url":"https:\/\/www.nevadaregistry.org\/es\/","name":"The Nevada Registry","description":"Workforce data system capturing information about the Early Childhood Education and Care (ECEC) workforce in Nevada.","publisher":{"@id":"https:\/\/www.nevadaregistry.org\/es\/#organization"},"potentialAction":[{"@type":"SearchAction","target":{"@type":"EntryPoint","urlTemplate":"https:\/\/www.nevadaregistry.org\/es\/?s={search_term_string}"},"query-input":{"@type":"PropertyValueSpecification","valueRequired":true,"valueName":"search_term_string"}}],"inLanguage":"es"},{"@type":"Organization","@id":"https:\/\/www.nevadaregistry.org\/es\/#organization","name":"El Nevada Registry","url":"https:\/\/www.nevadaregistry.org\/es\/","logo":{"@type":"ImageObject","inLanguage":"es","@id":"https:\/\/www.nevadaregistry.org\/es\/#\/schema\/logo\/image\/","url":"https:\/\/www.nevadaregistry.org\/wp-content\/uploads\/2020\/10\/tnr-logo-purple-copy.jpg","contentUrl":"https:\/\/www.nevadaregistry.org\/wp-content\/uploads\/2020\/10\/tnr-logo-purple-copy.jpg","width":"900","height":"562","caption":"El Nevada Registry"},"image":{"@id":"https:\/\/www.nevadaregistry.org\/es\/#\/schema\/logo\/image\/"},"sameAs":["https:\/\/www.facebook.com\/nevadaregistry"]}]}},"_links":{"self":[{"href":"https:\/\/www.nevadaregistry.org\/es\/wp-json\/wp\/v2\/pages\/13287","targetHints":{"allow":["GET"]}}],"collection":[{"href":"https:\/\/www.nevadaregistry.org\/es\/wp-json\/wp\/v2\/pages"}],"about":[{"href":"https:\/\/www.nevadaregistry.org\/es\/wp-json\/wp\/v2\/types\/page"}],"author":[{"embeddable":true,"href":"https:\/\/www.nevadaregistry.org\/es\/wp-json\/wp\/v2\/users\/2"}],"replies":[{"embeddable":true,"href":"https:\/\/www.nevadaregistry.org\/es\/wp-json\/wp\/v2\/comments?post=13287"}],"version-history":[{"count":1,"href":"https:\/\/www.nevadaregistry.org\/es\/wp-json\/wp\/v2\/pages\/13287\/revisions"}],"predecessor-version":[{"id":13288,"href":"https:\/\/www.nevadaregistry.org\/es\/wp-json\/wp\/v2\/pages\/13287\/revisions\/13288"}],"up":[{"embeddable":true,"href":"https:\/\/www.nevadaregistry.org\/es\/wp-json\/wp\/v2\/pages\/13194"}],"wp:attachment":[{"href":"https:\/\/www.nevadaregistry.org\/es\/wp-json\/wp\/v2\/media?parent=13287"}],"curies":[{"name":"wp","href":"https:\/\/api.w.org\/{rel}","templated":true}]}}