{"id":13289,"date":"2020-07-30T17:01:25","date_gmt":"2020-07-31T00:01:25","guid":{"rendered":"https:\/\/www.nevadaregistry.org\/competencias-fundamentales\/"},"modified":"2026-03-06T08:11:37","modified_gmt":"2026-03-06T16:11:37","slug":"competencias-fundamentales","status":"publish","type":"page","link":"https:\/\/www.nevadaregistry.org\/es\/recursos-de-ece\/competencias-fundamentales\/","title":{"rendered":"Competencias b\u00e1sicas de The Nevada Registry"},"content":{"rendered":"<div id=\"content\">\n<h2>\u00bfQu\u00e9 son las competencias b\u00e1sicas?<\/h2>\n<p><a href=\"https:\/\/www.nevadaregistry.org\/wp-content\/uploads\/2020\/09\/CoreCompetenciesApril2013.pdf\">\u00c1reas de conocimiento b\u00e1sico y competencias b\u00e1sicas de Nevada para profesionales de educaci\u00f3n y cuidado infantil temprano<\/a> se desarrollaron en respuesta a los hallazgos de investigaci\u00f3n que indican que la formaci\u00f3n profesional para los profesionales de educaci\u00f3n y cuidado infantil temprano (ECE) es esencial para la calidad del cuidado y la educaci\u00f3n proporcionados. Tambi\u00e9n se ha demostrado que las acciones del cuidador marcan la diferencia en las capacidades de aprendizaje futuro y el \u00e9xito de los ni\u00f1os (Barnett, 2003). Este documento est\u00e1 dise\u00f1ado para ser una herramienta pr\u00e1ctica de autoevaluaci\u00f3n que puede utilizarse de diversas formas independientemente de tu funci\u00f3n (cuidador, supervisor, formador, orientador profesional, profesorado del <a href=\"https:\/\/www.nevadaregistry.org\/nevada-system-of-higher-education\/\">Sistema de Educaci\u00f3n Superior de Nevada<\/a> [NSHE], etc.) o del entorno en el que trabajas. El uso de este documento es completamente voluntario desde su aprobaci\u00f3n en junio de 2006.   <\/p>\n<h3>\u00bfCu\u00e1l es la diferencia entre \u00e1reas de conocimiento b\u00e1sico y competencias b\u00e1sicas?<\/h3>\n<p>Mientras que las <a href=\"https:\/\/www.nevadaregistry.org\/ece-resources\/core-knowledge-areas\/\">\u00e1reas de conocimiento b\u00e1sico<\/a> (CKA) son un conjunto de \u00e1reas de contenido que definen lo que los educadores de ECE deben saber y comprender para proporcionar experiencias de calidad a los ni\u00f1os, las competencias b\u00e1sicas son un conjunto de habilidades observables que reflejan el conocimiento y la comprensi\u00f3n del educador sobre las CKA. Las competencias identifican habilidades en los niveles inicial, intermedio y avanzado de profesionalidad relacionadas con la provisi\u00f3n de educaci\u00f3n y cuidado infantil temprano de alta calidad y ayudan a estandarizar las expectativas para los educadores de ECE. Las competencias se basan en est\u00e1ndares aceptados a nivel nacional y en las mejores pr\u00e1cticas en el campo de ECE.  <\/p>\n<h2>V\u00ednculos con otras partes del sistema de desarrollo profesional en Nevada<\/h2>\n<p>Las \u00e1reas de conocimiento b\u00e1sico (CKA) y las competencias b\u00e1sicas se desarrollaron como parte del creciente sistema de desarrollo profesional en Nevada. Se consider\u00f3 c\u00f3mo estos componentes apoyan, mejoran y afectan de otro modo a otras partes del sistema. Como se indica a continuaci\u00f3n, se pueden establecer varios v\u00ednculos claros.  <\/p>\n<h3>Conexi\u00f3n con la escala profesional<\/h3>\n<p>Las CKA y los niveles de competencia apoyan el marco de la <a href=\"https:\/\/www.nevadaregistry.org\/wp-content\/uploads\/2020\/09\/CareerLadder.pdf\">escala profesional<\/a> de educaci\u00f3n y cuidado infantil temprano de Nevada y proporcionan la base para el sistema de desarrollo profesional. Ofrecen una hoja de ruta para el crecimiento profesional individual que se vuelve cada vez m\u00e1s especializada a medida que se alcanzan niveles m\u00e1s altos de educaci\u00f3n formal. La finalizaci\u00f3n de la educaci\u00f3n formal en ECE resulta en el avance a lo largo de la escala profesional.  <\/p>\n<h3>Conexi\u00f3n con el sistema de aprobaci\u00f3n de formaci\u00f3n de Nevada<\/h3>\n<p>Las CKA son una parte importante del sistema de aprobaci\u00f3n de formaci\u00f3n de Nevada y se reflejan en toda la formaci\u00f3n aprobada por The Nevada Registry. Dado que la formaci\u00f3n aprobada se categoriza por CKA, los cuidadores y formadores pueden buscar formaci\u00f3n por CKA en el sitio web del Registry y utilizar esa informaci\u00f3n para distribuir su aprendizaje e instrucci\u00f3n en las ocho \u00e1reas. Esto ayuda a crear un enfoque equilibrado para participar en oportunidades de desarrollo profesional, adem\u00e1s de brindar a los formadores la oportunidad de identificar lagunas y ofrecer formaci\u00f3n en \u00e1reas donde hay disponibilidad limitada para satisfacer mejor las necesidades de los profesionales del sector.  <\/p>\n<h3>Conexi\u00f3n con los est\u00e1ndares de prek\u00ednder de Nevada<\/h3>\n<p>El conocimiento de los <a href=\"https:\/\/www.nevadaregistry.org\/es\/recursos-de-ece\/estandares-de-pre-k-de-nevada\/\">est\u00e1ndares de prek\u00ednder<\/a> est\u00e1 integrado en las competencias b\u00e1sicas. Mientras que los est\u00e1ndares de prek\u00ednder act\u00faan como gu\u00eda para los resultados de los ni\u00f1os, las competencias b\u00e1sicas se centran en los resultados preferidos para los adultos que cuidan a los ni\u00f1os peque\u00f1os. Se cree que los maestros de educaci\u00f3n infantil temprana que proporcionan entornos y experiencias de aprendizaje de calidad para los ni\u00f1os peque\u00f1os ayudar\u00e1n a esos ni\u00f1os a alcanzar los objetivos establecidos en los est\u00e1ndares de prek\u00ednder.  <\/p>\n<\/div>\n","protected":false},"excerpt":{"rendered":"<p>\u00bfQu\u00e9 son las competencias b\u00e1sicas? \u00c1reas de conocimiento b\u00e1sico y competencias b\u00e1sicas de Nevada para profesionales de educaci\u00f3n y cuidado&#8230;<\/p>\n","protected":false},"author":1,"featured_media":0,"parent":13346,"menu_order":2,"comment_status":"closed","ping_status":"closed","template":"","meta":{"_acf_changed":false,"footnotes":""},"class_list":["post-13289","page","type-page","status-publish","hentry"],"acf":[],"yoast_head":"<!-- This site is optimized with the Yoast SEO plugin v27.2 - https:\/\/yoast.com\/product\/yoast-seo-wordpress\/ -->\n<title>Competencias b\u00e1sicas de The Nevada Registry - The Nevada Registry<\/title>\n<meta name=\"description\" content=\"\u00bfQu\u00e9 son las competencias b\u00e1sicas? \u00c1reas de conocimiento b\u00e1sico y competencias b\u00e1sicas de Nevada para profesionales de educaci\u00f3n y cuidado infantil\" \/>\n<meta name=\"robots\" content=\"index, follow, max-snippet:-1, max-image-preview:large, max-video-preview:-1\" \/>\n<link rel=\"canonical\" href=\"https:\/\/www.nevadaregistry.org\/es\/recursos-de-ece\/competencias-fundamentales\/\" \/>\n<meta property=\"og:locale\" content=\"es_ES\" \/>\n<meta property=\"og:type\" content=\"article\" \/>\n<meta property=\"og:title\" content=\"Competencias b\u00e1sicas de The Nevada Registry - The Nevada Registry\" \/>\n<meta property=\"og:description\" content=\"\u00bfQu\u00e9 son las competencias b\u00e1sicas? \u00c1reas de conocimiento b\u00e1sico y competencias b\u00e1sicas de Nevada para profesionales de educaci\u00f3n y cuidado infantil\" \/>\n<meta property=\"og:url\" content=\"https:\/\/www.nevadaregistry.org\/es\/recursos-de-ece\/competencias-fundamentales\/\" \/>\n<meta property=\"og:site_name\" content=\"The Nevada Registry\" \/>\n<meta property=\"article:publisher\" content=\"https:\/\/www.facebook.com\/nevadaregistry\" \/>\n<meta property=\"article:modified_time\" content=\"2026-03-06T16:11:37+00:00\" \/>\n<meta property=\"og:image\" content=\"https:\/\/www.nevadaregistry.org\/wp-content\/uploads\/2020\/10\/NevadaRegistryOGImage.jpg\" \/>\n\t<meta property=\"og:image:width\" content=\"1200\" \/>\n\t<meta property=\"og:image:height\" content=\"630\" \/>\n\t<meta property=\"og:image:type\" content=\"image\/jpeg\" \/>\n<meta name=\"twitter:card\" content=\"summary_large_image\" \/>\n<meta name=\"twitter:label1\" content=\"Tiempo de lectura\" \/>\n\t<meta name=\"twitter:data1\" content=\"3 minutos\" \/>\n<script type=\"application\/ld+json\" class=\"yoast-schema-graph\">{\"@context\":\"https:\/\/schema.org\",\"@graph\":[{\"@type\":\"WebPage\",\"@id\":\"https:\/\/www.nevadaregistry.org\/es\/recursos-de-ece\/competencias-fundamentales\/\",\"url\":\"https:\/\/www.nevadaregistry.org\/es\/recursos-de-ece\/competencias-fundamentales\/\",\"name\":\"Competencias b\u00e1sicas de The Nevada Registry - The Nevada Registry\",\"isPartOf\":{\"@id\":\"https:\/\/www.nevadaregistry.org\/es\/#website\"},\"datePublished\":\"2020-07-31T00:01:25+00:00\",\"dateModified\":\"2026-03-06T16:11:37+00:00\",\"description\":\"\u00bfQu\u00e9 son las competencias b\u00e1sicas? \u00c1reas de conocimiento b\u00e1sico y competencias b\u00e1sicas de Nevada para profesionales de educaci\u00f3n y cuidado infantil\",\"breadcrumb\":{\"@id\":\"https:\/\/www.nevadaregistry.org\/es\/recursos-de-ece\/competencias-fundamentales\/#breadcrumb\"},\"inLanguage\":\"es\",\"potentialAction\":[{\"@type\":\"ReadAction\",\"target\":[\"https:\/\/www.nevadaregistry.org\/es\/recursos-de-ece\/competencias-fundamentales\/\"]}]},{\"@type\":\"BreadcrumbList\",\"@id\":\"https:\/\/www.nevadaregistry.org\/es\/recursos-de-ece\/competencias-fundamentales\/#breadcrumb\",\"itemListElement\":[{\"@type\":\"ListItem\",\"position\":1,\"name\":\"Home\",\"item\":\"https:\/\/www.nevadaregistry.org\/es\/pagina-principal\/\"},{\"@type\":\"ListItem\",\"position\":2,\"name\":\"Recursos de ECE de The Nevada Registry\",\"item\":\"https:\/\/www.nevadaregistry.org\/es\/recursos-de-ece\/\"},{\"@type\":\"ListItem\",\"position\":3,\"name\":\"Competencias b\u00e1sicas de The Nevada Registry\"}]},{\"@type\":\"WebSite\",\"@id\":\"https:\/\/www.nevadaregistry.org\/es\/#website\",\"url\":\"https:\/\/www.nevadaregistry.org\/es\/\",\"name\":\"The Nevada Registry\",\"description\":\"Workforce data system capturing information about the Early Childhood Education and Care (ECEC) workforce in Nevada.\",\"publisher\":{\"@id\":\"https:\/\/www.nevadaregistry.org\/es\/#organization\"},\"potentialAction\":[{\"@type\":\"SearchAction\",\"target\":{\"@type\":\"EntryPoint\",\"urlTemplate\":\"https:\/\/www.nevadaregistry.org\/es\/?s={search_term_string}\"},\"query-input\":{\"@type\":\"PropertyValueSpecification\",\"valueRequired\":true,\"valueName\":\"search_term_string\"}}],\"inLanguage\":\"es\"},{\"@type\":\"Organization\",\"@id\":\"https:\/\/www.nevadaregistry.org\/es\/#organization\",\"name\":\"El Nevada Registry\",\"url\":\"https:\/\/www.nevadaregistry.org\/es\/\",\"logo\":{\"@type\":\"ImageObject\",\"inLanguage\":\"es\",\"@id\":\"https:\/\/www.nevadaregistry.org\/es\/#\/schema\/logo\/image\/\",\"url\":\"https:\/\/www.nevadaregistry.org\/wp-content\/uploads\/2020\/10\/tnr-logo-purple-copy.jpg\",\"contentUrl\":\"https:\/\/www.nevadaregistry.org\/wp-content\/uploads\/2020\/10\/tnr-logo-purple-copy.jpg\",\"width\":\"900\",\"height\":\"562\",\"caption\":\"El Nevada Registry\"},\"image\":{\"@id\":\"https:\/\/www.nevadaregistry.org\/es\/#\/schema\/logo\/image\/\"},\"sameAs\":[\"https:\/\/www.facebook.com\/nevadaregistry\"]}]}<\/script>\n<!-- \/ Yoast SEO plugin. -->","yoast_head_json":{"title":"Competencias b\u00e1sicas de The Nevada Registry - The Nevada Registry","description":"\u00bfQu\u00e9 son las competencias b\u00e1sicas? \u00c1reas de conocimiento b\u00e1sico y competencias b\u00e1sicas de Nevada para profesionales de educaci\u00f3n y cuidado infantil","robots":{"index":"index","follow":"follow","max-snippet":"max-snippet:-1","max-image-preview":"max-image-preview:large","max-video-preview":"max-video-preview:-1"},"canonical":"https:\/\/www.nevadaregistry.org\/es\/recursos-de-ece\/competencias-fundamentales\/","og_locale":"es_ES","og_type":"article","og_title":"Competencias b\u00e1sicas de The Nevada Registry - The Nevada Registry","og_description":"\u00bfQu\u00e9 son las competencias b\u00e1sicas? \u00c1reas de conocimiento b\u00e1sico y competencias b\u00e1sicas de Nevada para profesionales de educaci\u00f3n y cuidado infantil","og_url":"https:\/\/www.nevadaregistry.org\/es\/recursos-de-ece\/competencias-fundamentales\/","og_site_name":"The Nevada Registry","article_publisher":"https:\/\/www.facebook.com\/nevadaregistry","article_modified_time":"2026-03-06T16:11:37+00:00","og_image":[{"width":1200,"height":630,"url":"https:\/\/www.nevadaregistry.org\/wp-content\/uploads\/2020\/10\/NevadaRegistryOGImage.jpg","type":"image\/jpeg"}],"twitter_card":"summary_large_image","twitter_misc":{"Tiempo de lectura":"3 minutos"},"schema":{"@context":"https:\/\/schema.org","@graph":[{"@type":"WebPage","@id":"https:\/\/www.nevadaregistry.org\/es\/recursos-de-ece\/competencias-fundamentales\/","url":"https:\/\/www.nevadaregistry.org\/es\/recursos-de-ece\/competencias-fundamentales\/","name":"Competencias b\u00e1sicas de The Nevada Registry - The Nevada Registry","isPartOf":{"@id":"https:\/\/www.nevadaregistry.org\/es\/#website"},"datePublished":"2020-07-31T00:01:25+00:00","dateModified":"2026-03-06T16:11:37+00:00","description":"\u00bfQu\u00e9 son las competencias b\u00e1sicas? \u00c1reas de conocimiento b\u00e1sico y competencias b\u00e1sicas de Nevada para profesionales de educaci\u00f3n y cuidado infantil","breadcrumb":{"@id":"https:\/\/www.nevadaregistry.org\/es\/recursos-de-ece\/competencias-fundamentales\/#breadcrumb"},"inLanguage":"es","potentialAction":[{"@type":"ReadAction","target":["https:\/\/www.nevadaregistry.org\/es\/recursos-de-ece\/competencias-fundamentales\/"]}]},{"@type":"BreadcrumbList","@id":"https:\/\/www.nevadaregistry.org\/es\/recursos-de-ece\/competencias-fundamentales\/#breadcrumb","itemListElement":[{"@type":"ListItem","position":1,"name":"Home","item":"https:\/\/www.nevadaregistry.org\/es\/pagina-principal\/"},{"@type":"ListItem","position":2,"name":"Recursos de ECE de The Nevada Registry","item":"https:\/\/www.nevadaregistry.org\/es\/recursos-de-ece\/"},{"@type":"ListItem","position":3,"name":"Competencias b\u00e1sicas de The Nevada Registry"}]},{"@type":"WebSite","@id":"https:\/\/www.nevadaregistry.org\/es\/#website","url":"https:\/\/www.nevadaregistry.org\/es\/","name":"The Nevada Registry","description":"Workforce data system capturing information about the Early Childhood Education and Care (ECEC) workforce in Nevada.","publisher":{"@id":"https:\/\/www.nevadaregistry.org\/es\/#organization"},"potentialAction":[{"@type":"SearchAction","target":{"@type":"EntryPoint","urlTemplate":"https:\/\/www.nevadaregistry.org\/es\/?s={search_term_string}"},"query-input":{"@type":"PropertyValueSpecification","valueRequired":true,"valueName":"search_term_string"}}],"inLanguage":"es"},{"@type":"Organization","@id":"https:\/\/www.nevadaregistry.org\/es\/#organization","name":"El Nevada Registry","url":"https:\/\/www.nevadaregistry.org\/es\/","logo":{"@type":"ImageObject","inLanguage":"es","@id":"https:\/\/www.nevadaregistry.org\/es\/#\/schema\/logo\/image\/","url":"https:\/\/www.nevadaregistry.org\/wp-content\/uploads\/2020\/10\/tnr-logo-purple-copy.jpg","contentUrl":"https:\/\/www.nevadaregistry.org\/wp-content\/uploads\/2020\/10\/tnr-logo-purple-copy.jpg","width":"900","height":"562","caption":"El Nevada Registry"},"image":{"@id":"https:\/\/www.nevadaregistry.org\/es\/#\/schema\/logo\/image\/"},"sameAs":["https:\/\/www.facebook.com\/nevadaregistry"]}]}},"_links":{"self":[{"href":"https:\/\/www.nevadaregistry.org\/es\/wp-json\/wp\/v2\/pages\/13289","targetHints":{"allow":["GET"]}}],"collection":[{"href":"https:\/\/www.nevadaregistry.org\/es\/wp-json\/wp\/v2\/pages"}],"about":[{"href":"https:\/\/www.nevadaregistry.org\/es\/wp-json\/wp\/v2\/types\/page"}],"author":[{"embeddable":true,"href":"https:\/\/www.nevadaregistry.org\/es\/wp-json\/wp\/v2\/users\/1"}],"replies":[{"embeddable":true,"href":"https:\/\/www.nevadaregistry.org\/es\/wp-json\/wp\/v2\/comments?post=13289"}],"version-history":[{"count":2,"href":"https:\/\/www.nevadaregistry.org\/es\/wp-json\/wp\/v2\/pages\/13289\/revisions"}],"predecessor-version":[{"id":18181,"href":"https:\/\/www.nevadaregistry.org\/es\/wp-json\/wp\/v2\/pages\/13289\/revisions\/18181"}],"up":[{"embeddable":true,"href":"https:\/\/www.nevadaregistry.org\/es\/wp-json\/wp\/v2\/pages\/13346"}],"wp:attachment":[{"href":"https:\/\/www.nevadaregistry.org\/es\/wp-json\/wp\/v2\/media?parent=13289"}],"curies":[{"name":"wp","href":"https:\/\/api.w.org\/{rel}","templated":true}]}}