{"id":13291,"date":"2020-10-18T16:18:25","date_gmt":"2020-10-18T23:18:25","guid":{"rendered":"https:\/\/www.nevadaregistry.org\/resumen-del-programa\/"},"modified":"2026-04-02T10:02:54","modified_gmt":"2026-04-02T17:02:54","slug":"resumen-del-programa","status":"publish","type":"page","link":"https:\/\/www.nevadaregistry.org\/es\/acerca\/informes-y-estadisticas\/resumen-del-programa\/","title":{"rendered":"Resumen del Programa del Registro de Nevada"},"content":{"rendered":"<div id=\"hidbg\">\n<div id=\"owrap\">\n<div id=\"wrap\">\n<div id=\"content\">\n<div id=\"hidbg\">\n<div id=\"owrap\">\n<div id=\"wrap\">\n<div id=\"content\">\n<p>La participaci\u00f3n en The Nevada Registry pas\u00f3 a ser un requisito para todos los cuidadores que trabajan en centros de cuidado infantil con licencia en abril de 2009 (seg\u00fan las <a href=\"https:\/\/www.leg.state.nv.us\/nrs\/NRS-432A.html\">regulaciones estatales de licencias de cuidado infantil<\/a>) y se implement\u00f3 por completo el 31 de diciembre de 2012. La participaci\u00f3n obligatoria en el Registro significa que ahora tenemos, por primera vez en la historia de Nevada, una imagen representativa del personal de educaci\u00f3n y cuidado de la primera infancia (ECEC) en nuestro estado. Esta p\u00e1gina ofrece el <strong>resumen acumulado\/visi\u00f3n general<\/strong> del crecimiento desde el inicio del programa en enero de 2004. Esta p\u00e1gina se actualiza trimestralmente.   <\/p>\n<\/div>\n<\/div>\n<\/div>\n<\/div>\n<h3>A 31 de marzo de 2026<\/h3>\n<ul>\n<li>8.590 miembros activos<\/li>\n<\/ul>\n<h2>Participaci\u00f3n en Membres\u00eda\/Escalaf\u00f3n Profesional<\/h2>\n<h6><em>Desde enero de 2004<\/em><\/h6>\n<ul>\n<li>38.953 perfiles de membres\u00eda creados<\/li>\n<\/ul>\n<ul>\n<li>15.299 AUMENTOS TOTALES de nivel en la Carrera Profesional<br \/>\n<em>Este total refleja TODOS los cambios de nivel; incluidos los cambios dentro del mismo nivel. <\/em> <\/li>\n<\/ul>\n<ul>\n<li>1.420 aumentos de nivel en la Carrera Profesional debido a la finalizaci\u00f3n de t\u00edtulos de educaci\u00f3n superior<br \/>\n<em>Este total refleja el n\u00famero de miembros que han pasado de un Nivel inicial sin titulaci\u00f3n (1-3) a un Nivel con titulaci\u00f3n (4-7) al completar un t\u00edtulo de asociado, grado, m\u00e1ster o doctorado, as\u00ed como aquellos con un Nivel inicial de 4, 5 o 6 que han ascendido al menos un nivel (de asociado a grado, de grado a m\u00e1ster, de m\u00e1ster a doctorado).<\/em><\/li>\n<\/ul>\n<h2>Sistema de Aprobaci\u00f3n de Capacitaci\u00f3n<\/h2>\n<h6><em>Desde enero de 2004<\/em><\/h6>\n<ul>\n<li>77.056 sesiones de formaci\u00f3n <strong>aprobadas<\/strong><\/li>\n<li>M\u00e1s de 213.000<strong> horas<\/strong> de formaci\u00f3n aprobada por el Registro <strong>ofrecidas<\/strong> en todo el estado<\/li>\n<\/ul>\n<h3>Capacitaci\u00f3n Total Aprobada por \u00c1rea de Conocimiento B\u00e1sico (CKA)<\/h3>\n<h6><em>*Es posible que el total no sea igual al 100% debido al redondeo. <\/em><\/h6>\n\n<table id=\"tablepress-99\" class=\"tablepress tablepress-id-99\">\n<thead>\n<tr class=\"row-1\">\n\t<th class=\"column-1\">Core Knowledge Area (CKA) <\/th><th class=\"column-2\">Percentage of Training in each CKA<\/th>\n<\/tr>\n<\/thead>\n<tbody class=\"row-striping row-hover\">\n<tr class=\"row-2\">\n\t<td class=\"column-1\">Human Growth and Development<\/td><td class=\"column-2\">8.23%<\/td>\n<\/tr>\n<tr class=\"row-3\">\n\t<td class=\"column-1\">Positive Interactions and Guidance<\/td><td class=\"column-2\">13.09%<\/td>\n<\/tr>\n<tr class=\"row-4\">\n\t<td class=\"column-1\">Observation and Assessment<\/td><td class=\"column-2\">3.1%<\/td>\n<\/tr>\n<tr class=\"row-5\">\n\t<td class=\"column-1\">Environment and Curriculum<\/td><td class=\"column-2\">20.71%<\/td>\n<\/tr>\n<tr class=\"row-6\">\n\t<td class=\"column-1\">Health, Nutrition and Safety<\/td><td class=\"column-2\">41.96%<\/td>\n<\/tr>\n<tr class=\"row-7\">\n\t<td class=\"column-1\">Leadership and Professional Development<\/td><td class=\"column-2\">5.13%<\/td>\n<\/tr>\n<tr class=\"row-8\">\n\t<td class=\"column-1\">Family and Community Relationships <\/td><td class=\"column-2\">3.71%<\/td>\n<\/tr>\n<tr class=\"row-9\">\n\t<td class=\"column-1\">Management and Administration<\/td><td class=\"column-2\">4.06%<\/td>\n<\/tr>\n<\/tbody>\n<\/table>\n\n<div id=\"hidbg\">\n<div id=\"owrap\">\n<div id=\"wrap\">\n<div id=\"content\">\n<h3>Capacitaci\u00f3n Total Aprobada por Condado<\/h3>\n<div id=\"hidbg\">\n<div id=\"owrap\">\n<div id=\"wrap\">\n<div id=\"content\">\n\n<table id=\"tablepress-100\" class=\"tablepress tablepress-id-100\">\n<thead>\n<tr class=\"row-1\">\n\t<th class=\"column-1\">County<\/th><th class=\"column-2\">Number of Training Sessions Approved<\/th>\n<\/tr>\n<\/thead>\n<tbody class=\"row-striping row-hover\">\n<tr class=\"row-2\">\n\t<td class=\"column-1\">Carson City<\/td><td class=\"column-2\">932<\/td>\n<\/tr>\n<tr class=\"row-3\">\n\t<td class=\"column-1\">Churchill<\/td><td class=\"column-2\">231<\/td>\n<\/tr>\n<tr class=\"row-4\">\n\t<td class=\"column-1\">Clark<\/td><td class=\"column-2\">47,841<\/td>\n<\/tr>\n<tr class=\"row-5\">\n\t<td class=\"column-1\">Douglas<\/td><td class=\"column-2\">647<\/td>\n<\/tr>\n<tr class=\"row-6\">\n\t<td class=\"column-1\">Elko<\/td><td class=\"column-2\">1,322<\/td>\n<\/tr>\n<tr class=\"row-7\">\n\t<td class=\"column-1\">Esmerelda<\/td><td class=\"column-2\">0<\/td>\n<\/tr>\n<tr class=\"row-8\">\n\t<td class=\"column-1\">Eureka<\/td><td class=\"column-2\">0<\/td>\n<\/tr>\n<tr class=\"row-9\">\n\t<td class=\"column-1\">Humboldt<\/td><td class=\"column-2\">180<\/td>\n<\/tr>\n<tr class=\"row-10\">\n\t<td class=\"column-1\">Lander<\/td><td class=\"column-2\">23<\/td>\n<\/tr>\n<tr class=\"row-11\">\n\t<td class=\"column-1\">Lincoln<\/td><td class=\"column-2\">1<\/td>\n<\/tr>\n<tr class=\"row-12\">\n\t<td class=\"column-1\">Lyon<\/td><td class=\"column-2\">335<\/td>\n<\/tr>\n<tr class=\"row-13\">\n\t<td class=\"column-1\">Mineral<\/td><td class=\"column-2\">26<\/td>\n<\/tr>\n<tr class=\"row-14\">\n\t<td class=\"column-1\">Nye<\/td><td class=\"column-2\">589<\/td>\n<\/tr>\n<tr class=\"row-15\">\n\t<td class=\"column-1\">Pershing<\/td><td class=\"column-2\">48<\/td>\n<\/tr>\n<tr class=\"row-16\">\n\t<td class=\"column-1\">Storey<\/td><td class=\"column-2\">14<\/td>\n<\/tr>\n<tr class=\"row-17\">\n\t<td class=\"column-1\">Washoe<\/td><td class=\"column-2\">15,875<\/td>\n<\/tr>\n<tr class=\"row-18\">\n\t<td class=\"column-1\">White Pine<\/td><td class=\"column-2\">543<\/td>\n<\/tr>\n<tr class=\"row-19\">\n\t<td class=\"column-1\">Out of State<\/td><td class=\"column-2\">96<\/td>\n<\/tr>\n<tr class=\"row-20\">\n\t<td class=\"column-1\">Online Courses (County N\/A)<\/td><td class=\"column-2\">4,263<\/td>\n<\/tr>\n<tr class=\"row-21\">\n\t<td class=\"column-1\">Virtual Training Sessions (County N\/A)<\/td><td class=\"column-2\">4,090<\/td>\n<\/tr>\n<\/tbody>\n<\/table>\n\n<div id=\"hidbg\">\n<div id=\"owrap\">\n<div id=\"wrap\">\n<div id=\"content\">\n<h2>Tabl\u00f3n de Empleos Estatal<\/h2>\n<ul>\n<li>\n<div>Casi 6.000 empleos publicados en el <a href=\"https:\/\/ww2.nevadaregistry.org\/Jobs\/\">Tabl\u00f3n de empleo<\/a> desde marzo de 2007.<\/div>\n<\/li>\n<\/ul>\n<\/div>\n<\/div>\n<\/div>\n<\/div>\n<\/div>\n<\/div>\n<\/div>\n<\/div>\n<\/div>\n<\/div>\n<\/div>\n<\/div>\n<\/div>\n<\/div>\n<\/div>\n<\/div>\n","protected":false},"excerpt":{"rendered":"<p>La participaci\u00f3n en The Nevada Registry pas\u00f3 a ser un requisito para todos los cuidadores que trabajan en centros de&#8230;<\/p>\n","protected":false},"author":2,"featured_media":0,"parent":13330,"menu_order":1,"comment_status":"closed","ping_status":"closed","template":"page-secondary.php","meta":{"_acf_changed":false,"footnotes":""},"class_list":["post-13291","page","type-page","status-publish","hentry"],"acf":[],"yoast_head":"<!-- This site is optimized with the Yoast SEO plugin v27.2 - https:\/\/yoast.com\/product\/yoast-seo-wordpress\/ -->\n<title>Resumen del Programa del Registro de Nevada - The Nevada Registry<\/title>\n<meta name=\"description\" content=\"La participaci\u00f3n en The Nevada Registry pas\u00f3 a ser un requisito para todos los cuidadores que trabajan en centros de cuidado infantil con licencia en\" \/>\n<meta name=\"robots\" content=\"index, follow, max-snippet:-1, max-image-preview:large, max-video-preview:-1\" \/>\n<link rel=\"canonical\" href=\"https:\/\/www.nevadaregistry.org\/es\/acerca\/informes-y-estadisticas\/resumen-del-programa\/\" \/>\n<meta property=\"og:locale\" content=\"es_ES\" \/>\n<meta property=\"og:type\" content=\"article\" \/>\n<meta property=\"og:title\" content=\"Resumen del Programa del Registro de Nevada - The Nevada Registry\" \/>\n<meta property=\"og:description\" content=\"La participaci\u00f3n en The Nevada Registry pas\u00f3 a ser un requisito para todos los cuidadores que trabajan en centros de cuidado infantil con licencia en\" \/>\n<meta property=\"og:url\" content=\"https:\/\/www.nevadaregistry.org\/es\/acerca\/informes-y-estadisticas\/resumen-del-programa\/\" \/>\n<meta property=\"og:site_name\" content=\"The Nevada Registry\" \/>\n<meta property=\"article:publisher\" content=\"https:\/\/www.facebook.com\/nevadaregistry\" \/>\n<meta property=\"article:modified_time\" content=\"2026-04-02T17:02:54+00:00\" \/>\n<meta property=\"og:image\" content=\"https:\/\/www.nevadaregistry.org\/wp-content\/uploads\/2020\/10\/NevadaRegistryOGImage.jpg\" \/>\n\t<meta property=\"og:image:width\" content=\"1200\" \/>\n\t<meta property=\"og:image:height\" content=\"630\" \/>\n\t<meta property=\"og:image:type\" content=\"image\/jpeg\" \/>\n<meta name=\"twitter:card\" content=\"summary_large_image\" \/>\n<meta name=\"twitter:label1\" content=\"Tiempo de lectura\" \/>\n\t<meta name=\"twitter:data1\" content=\"2 minutos\" \/>\n<script type=\"application\/ld+json\" class=\"yoast-schema-graph\">{\"@context\":\"https:\/\/schema.org\",\"@graph\":[{\"@type\":\"WebPage\",\"@id\":\"https:\/\/www.nevadaregistry.org\/es\/acerca\/informes-y-estadisticas\/resumen-del-programa\/\",\"url\":\"https:\/\/www.nevadaregistry.org\/es\/acerca\/informes-y-estadisticas\/resumen-del-programa\/\",\"name\":\"Resumen del Programa del Registro de Nevada - The Nevada Registry\",\"isPartOf\":{\"@id\":\"https:\/\/www.nevadaregistry.org\/es\/#website\"},\"datePublished\":\"2020-10-18T23:18:25+00:00\",\"dateModified\":\"2026-04-02T17:02:54+00:00\",\"description\":\"La participaci\u00f3n en The Nevada Registry pas\u00f3 a ser un requisito para todos los cuidadores que trabajan en centros de cuidado infantil con licencia en\",\"breadcrumb\":{\"@id\":\"https:\/\/www.nevadaregistry.org\/es\/acerca\/informes-y-estadisticas\/resumen-del-programa\/#breadcrumb\"},\"inLanguage\":\"es\",\"potentialAction\":[{\"@type\":\"ReadAction\",\"target\":[\"https:\/\/www.nevadaregistry.org\/es\/acerca\/informes-y-estadisticas\/resumen-del-programa\/\"]}]},{\"@type\":\"BreadcrumbList\",\"@id\":\"https:\/\/www.nevadaregistry.org\/es\/acerca\/informes-y-estadisticas\/resumen-del-programa\/#breadcrumb\",\"itemListElement\":[{\"@type\":\"ListItem\",\"position\":1,\"name\":\"Home\",\"item\":\"https:\/\/www.nevadaregistry.org\/es\/pagina-principal\/\"},{\"@type\":\"ListItem\",\"position\":2,\"name\":\"P\u00e1gina Acerca de The Nevada Registry\",\"item\":\"https:\/\/www.nevadaregistry.org\/es\/acerca\/\"},{\"@type\":\"ListItem\",\"position\":3,\"name\":\"Informes y estad\u00edsticas del Registro de Nevada\",\"item\":\"https:\/\/www.nevadaregistry.org\/es\/acerca\/informes-y-estadisticas\/\"},{\"@type\":\"ListItem\",\"position\":4,\"name\":\"Resumen del Programa del Registro de Nevada\"}]},{\"@type\":\"WebSite\",\"@id\":\"https:\/\/www.nevadaregistry.org\/es\/#website\",\"url\":\"https:\/\/www.nevadaregistry.org\/es\/\",\"name\":\"The Nevada Registry\",\"description\":\"Workforce data system capturing information about the Early Childhood Education and Care (ECEC) workforce in Nevada.\",\"publisher\":{\"@id\":\"https:\/\/www.nevadaregistry.org\/es\/#organization\"},\"potentialAction\":[{\"@type\":\"SearchAction\",\"target\":{\"@type\":\"EntryPoint\",\"urlTemplate\":\"https:\/\/www.nevadaregistry.org\/es\/?s={search_term_string}\"},\"query-input\":{\"@type\":\"PropertyValueSpecification\",\"valueRequired\":true,\"valueName\":\"search_term_string\"}}],\"inLanguage\":\"es\"},{\"@type\":\"Organization\",\"@id\":\"https:\/\/www.nevadaregistry.org\/es\/#organization\",\"name\":\"El Nevada Registry\",\"url\":\"https:\/\/www.nevadaregistry.org\/es\/\",\"logo\":{\"@type\":\"ImageObject\",\"inLanguage\":\"es\",\"@id\":\"https:\/\/www.nevadaregistry.org\/es\/#\/schema\/logo\/image\/\",\"url\":\"https:\/\/www.nevadaregistry.org\/wp-content\/uploads\/2020\/10\/tnr-logo-purple-copy.jpg\",\"contentUrl\":\"https:\/\/www.nevadaregistry.org\/wp-content\/uploads\/2020\/10\/tnr-logo-purple-copy.jpg\",\"width\":\"900\",\"height\":\"562\",\"caption\":\"El Nevada Registry\"},\"image\":{\"@id\":\"https:\/\/www.nevadaregistry.org\/es\/#\/schema\/logo\/image\/\"},\"sameAs\":[\"https:\/\/www.facebook.com\/nevadaregistry\"]}]}<\/script>\n<!-- \/ Yoast SEO plugin. -->","yoast_head_json":{"title":"Resumen del Programa del Registro de Nevada - The Nevada Registry","description":"La participaci\u00f3n en The Nevada Registry pas\u00f3 a ser un requisito para todos los cuidadores que trabajan en centros de cuidado infantil con licencia en","robots":{"index":"index","follow":"follow","max-snippet":"max-snippet:-1","max-image-preview":"max-image-preview:large","max-video-preview":"max-video-preview:-1"},"canonical":"https:\/\/www.nevadaregistry.org\/es\/acerca\/informes-y-estadisticas\/resumen-del-programa\/","og_locale":"es_ES","og_type":"article","og_title":"Resumen del Programa del Registro de Nevada - The Nevada Registry","og_description":"La participaci\u00f3n en The Nevada Registry pas\u00f3 a ser un requisito para todos los cuidadores que trabajan en centros de cuidado infantil con licencia en","og_url":"https:\/\/www.nevadaregistry.org\/es\/acerca\/informes-y-estadisticas\/resumen-del-programa\/","og_site_name":"The Nevada Registry","article_publisher":"https:\/\/www.facebook.com\/nevadaregistry","article_modified_time":"2026-04-02T17:02:54+00:00","og_image":[{"width":1200,"height":630,"url":"https:\/\/www.nevadaregistry.org\/wp-content\/uploads\/2020\/10\/NevadaRegistryOGImage.jpg","type":"image\/jpeg"}],"twitter_card":"summary_large_image","twitter_misc":{"Tiempo de lectura":"2 minutos"},"schema":{"@context":"https:\/\/schema.org","@graph":[{"@type":"WebPage","@id":"https:\/\/www.nevadaregistry.org\/es\/acerca\/informes-y-estadisticas\/resumen-del-programa\/","url":"https:\/\/www.nevadaregistry.org\/es\/acerca\/informes-y-estadisticas\/resumen-del-programa\/","name":"Resumen del Programa del Registro de Nevada - The Nevada Registry","isPartOf":{"@id":"https:\/\/www.nevadaregistry.org\/es\/#website"},"datePublished":"2020-10-18T23:18:25+00:00","dateModified":"2026-04-02T17:02:54+00:00","description":"La participaci\u00f3n en The Nevada Registry pas\u00f3 a ser un requisito para todos los cuidadores que trabajan en centros de cuidado infantil con licencia en","breadcrumb":{"@id":"https:\/\/www.nevadaregistry.org\/es\/acerca\/informes-y-estadisticas\/resumen-del-programa\/#breadcrumb"},"inLanguage":"es","potentialAction":[{"@type":"ReadAction","target":["https:\/\/www.nevadaregistry.org\/es\/acerca\/informes-y-estadisticas\/resumen-del-programa\/"]}]},{"@type":"BreadcrumbList","@id":"https:\/\/www.nevadaregistry.org\/es\/acerca\/informes-y-estadisticas\/resumen-del-programa\/#breadcrumb","itemListElement":[{"@type":"ListItem","position":1,"name":"Home","item":"https:\/\/www.nevadaregistry.org\/es\/pagina-principal\/"},{"@type":"ListItem","position":2,"name":"P\u00e1gina Acerca de The Nevada Registry","item":"https:\/\/www.nevadaregistry.org\/es\/acerca\/"},{"@type":"ListItem","position":3,"name":"Informes y estad\u00edsticas del Registro de Nevada","item":"https:\/\/www.nevadaregistry.org\/es\/acerca\/informes-y-estadisticas\/"},{"@type":"ListItem","position":4,"name":"Resumen del Programa del Registro de Nevada"}]},{"@type":"WebSite","@id":"https:\/\/www.nevadaregistry.org\/es\/#website","url":"https:\/\/www.nevadaregistry.org\/es\/","name":"The Nevada Registry","description":"Workforce data system capturing information about the Early Childhood Education and Care (ECEC) workforce in Nevada.","publisher":{"@id":"https:\/\/www.nevadaregistry.org\/es\/#organization"},"potentialAction":[{"@type":"SearchAction","target":{"@type":"EntryPoint","urlTemplate":"https:\/\/www.nevadaregistry.org\/es\/?s={search_term_string}"},"query-input":{"@type":"PropertyValueSpecification","valueRequired":true,"valueName":"search_term_string"}}],"inLanguage":"es"},{"@type":"Organization","@id":"https:\/\/www.nevadaregistry.org\/es\/#organization","name":"El Nevada Registry","url":"https:\/\/www.nevadaregistry.org\/es\/","logo":{"@type":"ImageObject","inLanguage":"es","@id":"https:\/\/www.nevadaregistry.org\/es\/#\/schema\/logo\/image\/","url":"https:\/\/www.nevadaregistry.org\/wp-content\/uploads\/2020\/10\/tnr-logo-purple-copy.jpg","contentUrl":"https:\/\/www.nevadaregistry.org\/wp-content\/uploads\/2020\/10\/tnr-logo-purple-copy.jpg","width":"900","height":"562","caption":"El Nevada Registry"},"image":{"@id":"https:\/\/www.nevadaregistry.org\/es\/#\/schema\/logo\/image\/"},"sameAs":["https:\/\/www.facebook.com\/nevadaregistry"]}]}},"_links":{"self":[{"href":"https:\/\/www.nevadaregistry.org\/es\/wp-json\/wp\/v2\/pages\/13291","targetHints":{"allow":["GET"]}}],"collection":[{"href":"https:\/\/www.nevadaregistry.org\/es\/wp-json\/wp\/v2\/pages"}],"about":[{"href":"https:\/\/www.nevadaregistry.org\/es\/wp-json\/wp\/v2\/types\/page"}],"author":[{"embeddable":true,"href":"https:\/\/www.nevadaregistry.org\/es\/wp-json\/wp\/v2\/users\/2"}],"replies":[{"embeddable":true,"href":"https:\/\/www.nevadaregistry.org\/es\/wp-json\/wp\/v2\/comments?post=13291"}],"version-history":[{"count":14,"href":"https:\/\/www.nevadaregistry.org\/es\/wp-json\/wp\/v2\/pages\/13291\/revisions"}],"predecessor-version":[{"id":18327,"href":"https:\/\/www.nevadaregistry.org\/es\/wp-json\/wp\/v2\/pages\/13291\/revisions\/18327"}],"up":[{"embeddable":true,"href":"https:\/\/www.nevadaregistry.org\/es\/wp-json\/wp\/v2\/pages\/13330"}],"wp:attachment":[{"href":"https:\/\/www.nevadaregistry.org\/es\/wp-json\/wp\/v2\/media?parent=13291"}],"curies":[{"name":"wp","href":"https:\/\/api.w.org\/{rel}","templated":true}]}}