{"id":13295,"date":"2020-08-19T09:14:22","date_gmt":"2020-08-19T16:14:22","guid":{"rendered":"https:\/\/www.nevadaregistry.org\/como-se-si-una-capacitacion-esta-aprobada-por-el-registro\/"},"modified":"2026-02-03T18:33:13","modified_gmt":"2026-02-04T01:33:13","slug":"como-se-si-una-capacitacion-esta-aprobada-por-el-registro","status":"publish","type":"page","link":"https:\/\/www.nevadaregistry.org\/es\/formacion-desarrollo-profesional\/como-se-si-una-capacitacion-esta-aprobada-por-el-registro\/","title":{"rendered":"\u00bfC\u00f3mo s\u00e9 si una formaci\u00f3n est\u00e1 aprobada por The Nevada Registry?"},"content":{"rendered":"<div id=\"hidbg\">\n<div id=\"owrap\">\n<div id=\"wrap\">\n<div id=\"content\">\n<h2>\u00a1Aproveche al m\u00e1ximo su tiempo e inversi\u00f3n en el desarrollo profesional!<\/h2>\n<p>Compruebe SIEMPRE el <a href=\"https:\/\/ww2.nevadaregistry.org\/calendar\/\">calendario de formaci\u00f3n<\/a> en l\u00ednea de The Nevada Registry ANTES de inscribirse o asistir a cualquier formaci\u00f3n para asegurarse de que est\u00e1 aprobada por The Nevada Registry. Si no est\u00e1 aprobada por The Nevada Registry, \u00a1Child Care Licensing no la aceptar\u00e1!<\/p>\n<p>A continuaci\u00f3n, se destacan varios de los errores m\u00e1s comunes con respecto a la b\u00fasqueda y la realizaci\u00f3n de formaci\u00f3n, pero aseg\u00farese de revisar la p\u00e1gina de <a href=\"https:\/\/www.nevadaregistry.org\/es\/formacion-desarrollo-profesional\/preguntas-frecuentes-sobre-formacion-y-desarrollo-profesional\/\">Preguntas frecuentes sobre formaci\u00f3n y desarrollo profesional<\/a> de nuestro sitio web para obtener respuestas detalladas a muchas m\u00e1s preguntas frecuentes sobre la formaci\u00f3n.<\/p>\n<p><a href=\"https:\/\/www.youtube.com\/watch?v=2w6maITXCS8&amp;ab_channel=TheNevadaRegistry\">Video tutorial sobre c\u00f3mo navegar por el calendario de formaci\u00f3n en l\u00ednea<\/a><\/p>\n<h3>El consumidor informado<\/h3>\n<p>Hist\u00f3ricamente, los certificados de finalizaci\u00f3n se han emitido al final de cada formaci\u00f3n presencial aprobada por The Nevada Registry. Sin embargo, con la incorporaci\u00f3n de sesiones de formaci\u00f3n virtual, la <a href=\"https:\/\/www.nevadaregistry.org\/es\/news-updates\/atencion-miembros-nuevo-beneficio-de-membresia-ahora-disponible\/\">funci\u00f3n de seguimiento de la asistencia<\/a> y la <a href=\"https:\/\/www.nevadaregistry.org\/es\/news-updates\/cursos-en-linea-anadidos-a-las-cuentas-del-registro-como-parte-de-la-asociacion-para-compartir-datos\/\">asociaci\u00f3n de intercambio de datos<\/a> de The Nevada Registry con organizaciones de formaci\u00f3n en l\u00ednea, es posible que ya no reciba un certificado en papel. Pero cuando lo reciba, es importante que se asegure de que el certificado incluya un c\u00f3digo de aprobaci\u00f3n emitido por The Nevada Registry. Si el certificado no contiene un c\u00f3digo de aprobaci\u00f3n de The Nevada Registry*, es posible que no sea una sesi\u00f3n de formaci\u00f3n aprobada, o puede que simplemente sea un descuido por parte del formador. En cualquier caso, la sesi\u00f3n o el curso de formaci\u00f3n no se contabilizar\u00e1n para sus requisitos de formaci\u00f3n anuales para la obtenci\u00f3n de la licencia sin la documentaci\u00f3n adecuada de la aprobaci\u00f3n de The Nevada Registry.    <\/p>\n<p>Tambi\u00e9n puede utilizar el &#8216;Expediente de formaci\u00f3n aprobada&#8217; que se encuentra en la pesta\u00f1a &#8216;Documentaci\u00f3n de formaci\u00f3n&#8217; de su <a href=\"https:\/\/ww2.nevadaregistry.org\/UserPortal\/NRUsers.aspx\">Portal en l\u00ednea<\/a> para verificar su formaci\u00f3n completada y su desarrollo profesional. Cada formador aprobado por The Nevada Registry ha firmado un acuerdo en el que se compromete a presentar un registro de asistencia digital a The Nevada Registry en un plazo de 5 d\u00edas tras una sesi\u00f3n de formaci\u00f3n aprobada por The Nevada Registry. Cuando un formador presenta su registro de asistencia, la formaci\u00f3n se a\u00f1ade a las cuentas de los miembros activos (tras la verificaci\u00f3n por parte de The Nevada Registry) siempre y cuando haya proporcionado su n\u00famero de identificaci\u00f3n de The Nevada Registry y\/o la direcci\u00f3n de correo electr\u00f3nico asociada a su cuenta de The Nevada Registry. Su expediente de formaci\u00f3n se considera formaci\u00f3n aprobada <strong>verificada<\/strong> por The Nevada Registry y puede aceptarse en lugar del certificado de finalizaci\u00f3n. Por favor, <a href=\"https:\/\/www.nevadaregistry.org\/es\/news-updates\/atencion-miembros-nuevo-beneficio-de-membresia-ahora-disponible\/\">haga clic aqu\u00ed<\/a> para obtener m\u00e1s informaci\u00f3n sobre esta funci\u00f3n.<\/p>\n<p><a href=\"https:\/\/www.nevadaregistry.org\/es\/news-updates\/consejos-para-seleccionar-formacion-aceptada-en-rcp-y-primeros-auxilios\/\">Consejos para seleccionar capacitaci\u00f3n aceptada de RCP\/Primeros Auxilios<\/a><\/p>\n<\/div>\n<h3>Comprador, tenga cuidado<\/h3>\n<p>Las organizaciones de formaci\u00f3n enviar\u00e1n ocasionalmente folletos\/correos electr\u00f3nicos anunciando pr\u00f3ximos eventos\/cursos de formaci\u00f3n. El mensaje puede indicar que todos los eventos\/cursos est\u00e1n aprobados por horas <em>en la mayor\u00eda de los estados<\/em>. No asuma que la formaci\u00f3n\/los cursos est\u00e1n aprobados por The Nevada Registry. \u00bfPor qu\u00e9? Incluso si una agencia ha presentado sus cursos para su aprobaci\u00f3n por parte de The Nevada Registry, no hay garant\u00eda de que TODAS sus sesiones de formaci\u00f3n disponibles hayan sido aceptadas\/aprobadas. Al igual que con TODA la formaci\u00f3n, debe consultar el <a href=\"http:\/\/ww2.nevadaregistry.org\/calendar\/\">calendario de formaci\u00f3n en l\u00ednea<\/a> de The Nevada Registry para determinar si un curso en el que est\u00e1 interesado ha sido aprobado.     <\/p>\n<p>Adem\u00e1s, las organizaciones de formaci\u00f3n en l\u00ednea pueden anunciar que su organizaci\u00f3n est\u00e1 aprobada\/reconocida por The Nevada Registry. Sin embargo, al igual que con las sesiones de formaci\u00f3n presenciales\/virtuales, es posible que no todos los cursos que figuran en su sitio web <em>est\u00e9n<\/em> aprobados por The Nevada Registry. Tenga en cuenta que la mayor\u00eda de las organizaciones de formaci\u00f3n en l\u00ednea aprobadas tambi\u00e9n est\u00e1n aprobadas en otros estados. Aseg\u00farese de seleccionar el cat\u00e1logo de cursos de &#8216;Nevada&#8217; cuando busque cursos en sus sitios web Y verifique que la formaci\u00f3n aparece en el <a href=\"https:\/\/ww2.nevadaregistry.org\/calendar\/\">calendario de formaci\u00f3n en l\u00ednea<\/a> de The Nevada Registry antes de registrarse.   <\/p>\n<p>En todos los casos, no asuma que las horas ser\u00e1n aceptadas por Licensing solo porque el curso aparece en un folleto\/correo electr\u00f3nico enviado por la organizaci\u00f3n y\/o su sitio web. Si una formaci\u00f3n no aparece en el <a href=\"https:\/\/ww2.nevadaregistry.org\/calendar\/\">calendario de formaci\u00f3n en l\u00ednea<\/a> de The Nevada Registry, no est\u00e1 aprobada y no ser\u00e1 aceptada por Licensing. <\/p>\n<div id=\"content\">\n<p>\u00a1Investigue antes de inscribirse en cualquier formaci\u00f3n para asegurarse de que una formaci\u00f3n ha sido aprobada ANTES de realizarla! La forma m\u00e1s f\u00e1cil de hacerlo es visitar nuestro <a href=\"http:\/\/ww2.nevadaregistry.org\/calendar\/\">calendario de formaci\u00f3n en l\u00ednea<\/a>. Todo lo que ha sido aprobado por The Nevada Registry, y que est\u00e1 abierto al p\u00fablico, aparecer\u00e1 en el calendario hasta el d\u00eda del evento inclusive. Si alguna vez tiene dudas, no dude en <a href=\"https:\/\/www.nevadaregistry.org\/es\/acerca\/contactenos\/\">ponerse en contacto<\/a> con nuestra oficina para hablar con un miembro del personal de The Nevada Registry que pueda verificar el estado de aprobaci\u00f3n por usted.   <\/p>\n<p><em>*La formaci\u00f3n incluida en <a href=\"https:\/\/www.nevadaregistry.org\/wp-content\/uploads\/2023\/03\/ProfessionalDevelopmentAcceptanceGuidelines.doc.pdf\">este documento<\/a> se acepta autom\u00e1ticamente sin un c\u00f3digo de aprobaci\u00f3n emitido por The Nevada Registry. Para ser aceptada, debe ser ofrecida por una organizaci\u00f3n de educaci\u00f3n infantil reconocida o incluir CEU emitidas por la organizaci\u00f3n. No se aceptar\u00e1 la formaci\u00f3n que no tenga CEU. <\/em><\/p>\n<\/div>\n<\/div>\n<\/div>\n<\/div>\n","protected":false},"excerpt":{"rendered":"<p>\u00a1Aproveche al m\u00e1ximo su tiempo e inversi\u00f3n en el desarrollo profesional! Compruebe SIEMPRE el calendario de formaci\u00f3n en l\u00ednea de&#8230;<\/p>\n","protected":false},"author":2,"featured_media":0,"parent":13373,"menu_order":2,"comment_status":"closed","ping_status":"closed","template":"","meta":{"_acf_changed":false,"footnotes":""},"class_list":["post-13295","page","type-page","status-publish","hentry"],"acf":[],"yoast_head":"<!-- This site is optimized with the Yoast SEO plugin v27.2 - https:\/\/yoast.com\/product\/yoast-seo-wordpress\/ -->\n<title>\u00bfC\u00f3mo s\u00e9 si una formaci\u00f3n est\u00e1 aprobada por The Nevada Registry? - The Nevada Registry<\/title>\n<meta name=\"description\" content=\"\u00a1Aproveche al m\u00e1ximo su tiempo e inversi\u00f3n en el desarrollo profesional! Compruebe SIEMPRE el calendario de formaci\u00f3n en l\u00ednea de The Nevada Registry\" \/>\n<meta name=\"robots\" content=\"index, follow, max-snippet:-1, max-image-preview:large, max-video-preview:-1\" \/>\n<link rel=\"canonical\" href=\"https:\/\/www.nevadaregistry.org\/es\/formacion-desarrollo-profesional\/como-se-si-una-capacitacion-esta-aprobada-por-el-registro\/\" \/>\n<meta property=\"og:locale\" content=\"es_ES\" \/>\n<meta property=\"og:type\" content=\"article\" \/>\n<meta property=\"og:title\" content=\"\u00bfC\u00f3mo s\u00e9 si una formaci\u00f3n est\u00e1 aprobada por The Nevada Registry? - The Nevada Registry\" \/>\n<meta property=\"og:description\" content=\"\u00a1Aproveche al m\u00e1ximo su tiempo e inversi\u00f3n en el desarrollo profesional! Compruebe SIEMPRE el calendario de formaci\u00f3n en l\u00ednea de The Nevada Registry\" \/>\n<meta property=\"og:url\" content=\"https:\/\/www.nevadaregistry.org\/es\/formacion-desarrollo-profesional\/como-se-si-una-capacitacion-esta-aprobada-por-el-registro\/\" \/>\n<meta property=\"og:site_name\" content=\"The Nevada Registry\" \/>\n<meta property=\"article:publisher\" content=\"https:\/\/www.facebook.com\/nevadaregistry\" \/>\n<meta property=\"article:modified_time\" content=\"2026-02-04T01:33:13+00:00\" \/>\n<meta property=\"og:image\" content=\"https:\/\/www.nevadaregistry.org\/wp-content\/uploads\/2020\/10\/NevadaRegistryOGImage.jpg\" \/>\n\t<meta property=\"og:image:width\" content=\"1200\" \/>\n\t<meta property=\"og:image:height\" content=\"630\" \/>\n\t<meta property=\"og:image:type\" content=\"image\/jpeg\" \/>\n<meta name=\"twitter:card\" content=\"summary_large_image\" \/>\n<meta name=\"twitter:label1\" content=\"Tiempo de lectura\" \/>\n\t<meta name=\"twitter:data1\" content=\"5 minutos\" \/>\n<script type=\"application\/ld+json\" class=\"yoast-schema-graph\">{\"@context\":\"https:\/\/schema.org\",\"@graph\":[{\"@type\":\"WebPage\",\"@id\":\"https:\/\/www.nevadaregistry.org\/es\/formacion-desarrollo-profesional\/como-se-si-una-capacitacion-esta-aprobada-por-el-registro\/\",\"url\":\"https:\/\/www.nevadaregistry.org\/es\/formacion-desarrollo-profesional\/como-se-si-una-capacitacion-esta-aprobada-por-el-registro\/\",\"name\":\"\u00bfC\u00f3mo s\u00e9 si una formaci\u00f3n est\u00e1 aprobada por The Nevada Registry? - The Nevada Registry\",\"isPartOf\":{\"@id\":\"https:\/\/www.nevadaregistry.org\/es\/#website\"},\"datePublished\":\"2020-08-19T16:14:22+00:00\",\"dateModified\":\"2026-02-04T01:33:13+00:00\",\"description\":\"\u00a1Aproveche al m\u00e1ximo su tiempo e inversi\u00f3n en el desarrollo profesional! Compruebe SIEMPRE el calendario de formaci\u00f3n en l\u00ednea de The Nevada Registry\",\"breadcrumb\":{\"@id\":\"https:\/\/www.nevadaregistry.org\/es\/formacion-desarrollo-profesional\/como-se-si-una-capacitacion-esta-aprobada-por-el-registro\/#breadcrumb\"},\"inLanguage\":\"es\",\"potentialAction\":[{\"@type\":\"ReadAction\",\"target\":[\"https:\/\/www.nevadaregistry.org\/es\/formacion-desarrollo-profesional\/como-se-si-una-capacitacion-esta-aprobada-por-el-registro\/\"]}]},{\"@type\":\"BreadcrumbList\",\"@id\":\"https:\/\/www.nevadaregistry.org\/es\/formacion-desarrollo-profesional\/como-se-si-una-capacitacion-esta-aprobada-por-el-registro\/#breadcrumb\",\"itemListElement\":[{\"@type\":\"ListItem\",\"position\":1,\"name\":\"Home\",\"item\":\"https:\/\/www.nevadaregistry.org\/es\/pagina-principal\/\"},{\"@type\":\"ListItem\",\"position\":2,\"name\":\"Formaci\u00f3n\/Desarrollo profesional\",\"item\":\"https:\/\/www.nevadaregistry.org\/es\/formacion-desarrollo-profesional\/\"},{\"@type\":\"ListItem\",\"position\":3,\"name\":\"\u00bfC\u00f3mo s\u00e9 si una formaci\u00f3n est\u00e1 aprobada por The Nevada Registry?\"}]},{\"@type\":\"WebSite\",\"@id\":\"https:\/\/www.nevadaregistry.org\/es\/#website\",\"url\":\"https:\/\/www.nevadaregistry.org\/es\/\",\"name\":\"The Nevada Registry\",\"description\":\"Workforce data system capturing information about the Early Childhood Education and Care (ECEC) workforce in Nevada.\",\"publisher\":{\"@id\":\"https:\/\/www.nevadaregistry.org\/es\/#organization\"},\"potentialAction\":[{\"@type\":\"SearchAction\",\"target\":{\"@type\":\"EntryPoint\",\"urlTemplate\":\"https:\/\/www.nevadaregistry.org\/es\/?s={search_term_string}\"},\"query-input\":{\"@type\":\"PropertyValueSpecification\",\"valueRequired\":true,\"valueName\":\"search_term_string\"}}],\"inLanguage\":\"es\"},{\"@type\":\"Organization\",\"@id\":\"https:\/\/www.nevadaregistry.org\/es\/#organization\",\"name\":\"El Nevada Registry\",\"url\":\"https:\/\/www.nevadaregistry.org\/es\/\",\"logo\":{\"@type\":\"ImageObject\",\"inLanguage\":\"es\",\"@id\":\"https:\/\/www.nevadaregistry.org\/es\/#\/schema\/logo\/image\/\",\"url\":\"https:\/\/www.nevadaregistry.org\/wp-content\/uploads\/2020\/10\/tnr-logo-purple-copy.jpg\",\"contentUrl\":\"https:\/\/www.nevadaregistry.org\/wp-content\/uploads\/2020\/10\/tnr-logo-purple-copy.jpg\",\"width\":\"900\",\"height\":\"562\",\"caption\":\"El Nevada Registry\"},\"image\":{\"@id\":\"https:\/\/www.nevadaregistry.org\/es\/#\/schema\/logo\/image\/\"},\"sameAs\":[\"https:\/\/www.facebook.com\/nevadaregistry\"]}]}<\/script>\n<!-- \/ Yoast SEO plugin. -->","yoast_head_json":{"title":"\u00bfC\u00f3mo s\u00e9 si una formaci\u00f3n est\u00e1 aprobada por The Nevada Registry? - The Nevada Registry","description":"\u00a1Aproveche al m\u00e1ximo su tiempo e inversi\u00f3n en el desarrollo profesional! Compruebe SIEMPRE el calendario de formaci\u00f3n en l\u00ednea de The Nevada Registry","robots":{"index":"index","follow":"follow","max-snippet":"max-snippet:-1","max-image-preview":"max-image-preview:large","max-video-preview":"max-video-preview:-1"},"canonical":"https:\/\/www.nevadaregistry.org\/es\/formacion-desarrollo-profesional\/como-se-si-una-capacitacion-esta-aprobada-por-el-registro\/","og_locale":"es_ES","og_type":"article","og_title":"\u00bfC\u00f3mo s\u00e9 si una formaci\u00f3n est\u00e1 aprobada por The Nevada Registry? - The Nevada Registry","og_description":"\u00a1Aproveche al m\u00e1ximo su tiempo e inversi\u00f3n en el desarrollo profesional! Compruebe SIEMPRE el calendario de formaci\u00f3n en l\u00ednea de The Nevada Registry","og_url":"https:\/\/www.nevadaregistry.org\/es\/formacion-desarrollo-profesional\/como-se-si-una-capacitacion-esta-aprobada-por-el-registro\/","og_site_name":"The Nevada Registry","article_publisher":"https:\/\/www.facebook.com\/nevadaregistry","article_modified_time":"2026-02-04T01:33:13+00:00","og_image":[{"width":1200,"height":630,"url":"https:\/\/www.nevadaregistry.org\/wp-content\/uploads\/2020\/10\/NevadaRegistryOGImage.jpg","type":"image\/jpeg"}],"twitter_card":"summary_large_image","twitter_misc":{"Tiempo de lectura":"5 minutos"},"schema":{"@context":"https:\/\/schema.org","@graph":[{"@type":"WebPage","@id":"https:\/\/www.nevadaregistry.org\/es\/formacion-desarrollo-profesional\/como-se-si-una-capacitacion-esta-aprobada-por-el-registro\/","url":"https:\/\/www.nevadaregistry.org\/es\/formacion-desarrollo-profesional\/como-se-si-una-capacitacion-esta-aprobada-por-el-registro\/","name":"\u00bfC\u00f3mo s\u00e9 si una formaci\u00f3n est\u00e1 aprobada por The Nevada Registry? - The Nevada Registry","isPartOf":{"@id":"https:\/\/www.nevadaregistry.org\/es\/#website"},"datePublished":"2020-08-19T16:14:22+00:00","dateModified":"2026-02-04T01:33:13+00:00","description":"\u00a1Aproveche al m\u00e1ximo su tiempo e inversi\u00f3n en el desarrollo profesional! Compruebe SIEMPRE el calendario de formaci\u00f3n en l\u00ednea de The Nevada Registry","breadcrumb":{"@id":"https:\/\/www.nevadaregistry.org\/es\/formacion-desarrollo-profesional\/como-se-si-una-capacitacion-esta-aprobada-por-el-registro\/#breadcrumb"},"inLanguage":"es","potentialAction":[{"@type":"ReadAction","target":["https:\/\/www.nevadaregistry.org\/es\/formacion-desarrollo-profesional\/como-se-si-una-capacitacion-esta-aprobada-por-el-registro\/"]}]},{"@type":"BreadcrumbList","@id":"https:\/\/www.nevadaregistry.org\/es\/formacion-desarrollo-profesional\/como-se-si-una-capacitacion-esta-aprobada-por-el-registro\/#breadcrumb","itemListElement":[{"@type":"ListItem","position":1,"name":"Home","item":"https:\/\/www.nevadaregistry.org\/es\/pagina-principal\/"},{"@type":"ListItem","position":2,"name":"Formaci\u00f3n\/Desarrollo profesional","item":"https:\/\/www.nevadaregistry.org\/es\/formacion-desarrollo-profesional\/"},{"@type":"ListItem","position":3,"name":"\u00bfC\u00f3mo s\u00e9 si una formaci\u00f3n est\u00e1 aprobada por The Nevada Registry?"}]},{"@type":"WebSite","@id":"https:\/\/www.nevadaregistry.org\/es\/#website","url":"https:\/\/www.nevadaregistry.org\/es\/","name":"The Nevada Registry","description":"Workforce data system capturing information about the Early Childhood Education and Care (ECEC) workforce in Nevada.","publisher":{"@id":"https:\/\/www.nevadaregistry.org\/es\/#organization"},"potentialAction":[{"@type":"SearchAction","target":{"@type":"EntryPoint","urlTemplate":"https:\/\/www.nevadaregistry.org\/es\/?s={search_term_string}"},"query-input":{"@type":"PropertyValueSpecification","valueRequired":true,"valueName":"search_term_string"}}],"inLanguage":"es"},{"@type":"Organization","@id":"https:\/\/www.nevadaregistry.org\/es\/#organization","name":"El Nevada Registry","url":"https:\/\/www.nevadaregistry.org\/es\/","logo":{"@type":"ImageObject","inLanguage":"es","@id":"https:\/\/www.nevadaregistry.org\/es\/#\/schema\/logo\/image\/","url":"https:\/\/www.nevadaregistry.org\/wp-content\/uploads\/2020\/10\/tnr-logo-purple-copy.jpg","contentUrl":"https:\/\/www.nevadaregistry.org\/wp-content\/uploads\/2020\/10\/tnr-logo-purple-copy.jpg","width":"900","height":"562","caption":"El Nevada Registry"},"image":{"@id":"https:\/\/www.nevadaregistry.org\/es\/#\/schema\/logo\/image\/"},"sameAs":["https:\/\/www.facebook.com\/nevadaregistry"]}]}},"_links":{"self":[{"href":"https:\/\/www.nevadaregistry.org\/es\/wp-json\/wp\/v2\/pages\/13295","targetHints":{"allow":["GET"]}}],"collection":[{"href":"https:\/\/www.nevadaregistry.org\/es\/wp-json\/wp\/v2\/pages"}],"about":[{"href":"https:\/\/www.nevadaregistry.org\/es\/wp-json\/wp\/v2\/types\/page"}],"author":[{"embeddable":true,"href":"https:\/\/www.nevadaregistry.org\/es\/wp-json\/wp\/v2\/users\/2"}],"replies":[{"embeddable":true,"href":"https:\/\/www.nevadaregistry.org\/es\/wp-json\/wp\/v2\/comments?post=13295"}],"version-history":[{"count":2,"href":"https:\/\/www.nevadaregistry.org\/es\/wp-json\/wp\/v2\/pages\/13295\/revisions"}],"predecessor-version":[{"id":17894,"href":"https:\/\/www.nevadaregistry.org\/es\/wp-json\/wp\/v2\/pages\/13295\/revisions\/17894"}],"up":[{"embeddable":true,"href":"https:\/\/www.nevadaregistry.org\/es\/wp-json\/wp\/v2\/pages\/13373"}],"wp:attachment":[{"href":"https:\/\/www.nevadaregistry.org\/es\/wp-json\/wp\/v2\/media?parent=13295"}],"curies":[{"name":"wp","href":"https:\/\/api.w.org\/{rel}","templated":true}]}}