{"id":13300,"date":"2020-07-30T16:12:15","date_gmt":"2020-07-30T23:12:15","guid":{"rendered":"https:\/\/www.nevadaregistry.org\/about\/preguntas-frecuentes-generales\/"},"modified":"2025-05-01T14:54:21","modified_gmt":"2025-05-01T21:54:21","slug":"preguntas-frecuentes-generales","status":"publish","type":"page","link":"https:\/\/www.nevadaregistry.org\/es\/acerca\/preguntas-frecuentes-generales\/","title":{"rendered":"Preguntas frecuentes generales"},"content":{"rendered":"<h3>\u00bfTiene usted preguntas acerca de The Nevada Registry &#8211; \u00bfQui\u00e9nes somos? \u00bfC\u00f3mo solicitar la membres\u00eda? \u00bfCu\u00e1les son los beneficios? Si es as\u00ed, \u00a1ha llegado al lugar correcto!   <\/h3>\n<p>Hemos compilado una lista de las preguntas m\u00e1s frecuentes con respecto a The Nevada Registry para ayudarle a obtener una mejor comprensi\u00f3n del programa. Si no encuentra una respuesta a su pregunta a continuaci\u00f3n, no dude en <a href=\"https:\/\/www.nevadaregistry.org\/es\/about\/contactenos\/\">contactar a nuestra oficina<\/a> para obtener m\u00e1s informaci\u00f3n sobre por qu\u00e9 la participaci\u00f3n en el Registro es importante para la industria de ECE en Nevada. <\/p>\n<h4>\u00bfQu\u00e9 es The Nevada Registry?<\/h4>\n<p>The Nevada Registry es un programa sin costo (para nuevas solicitudes y renovaciones a tiempo) que respalda su compromiso con su profesi\u00f3n elegida en Educaci\u00f3n Infantil Temprana (ECE). The Nevada Registry ofrece colocaci\u00f3n en la Escala Profesional, planificaci\u00f3n de desarrollo profesional, un <a href=\"https:\/\/www.nevadaregistry.org\/ece-training\/training-calendar\/\">calendario en l\u00ednea<\/a> de capacitaciones aprobadas, recursos e informaci\u00f3n comunitaria, una Bolsa de Trabajo estatal, y adem\u00e1s act\u00faa como centro de informaci\u00f3n estatal para noticias relacionadas con la industria. The Nevada Registry tambi\u00e9n es responsable de la aprobaci\u00f3n de todas las capacitaciones informales (no acreditadas) de cuidado infantil en el estado.  <\/p>\n<h4>\u00bfQui\u00e9n puede ser miembro de The Nevada Registry?<\/h4>\n<p>La membres\u00eda con The Nevada Registry est\u00e1 abierta a todos los profesionales de Educaci\u00f3n y Cuidado Temprano (ECE) independientemente de su rol o entorno. Esto incluye a cualquier persona que trabaje con ni\u00f1os y familias (tanto directa como indirectamente) en una variedad de entornos (Centros, Cuidado Infantil Familiar, Head Start, Pre-K Financiado por el Estado, Cuidado Infantil Tribal, Fuera de la Escuela, etc.) y se aplica tanto a profesionales nuevos en el campo como a aquellos que han servido a ni\u00f1os y familias durante muchos a\u00f1os. <\/p>\n<h4>\u00bfDebo solicitar The Nevada Registry?<\/h4>\n<p>En abril de 2009, la participaci\u00f3n en The Nevada Registry fue adoptada en las regulaciones estatales de cuidado infantil <a href=\"https:\/\/www.nevadaregistry.org\/wp-content\/uploads\/2020\/07\/adoptedR112-06.pdf\">R112-06<\/a> y <a href=\"https:\/\/www.nevadaregistry.org\/wp-content\/uploads\/2020\/07\/2ndrevisedR001-09.pdf\">R001-09<\/a>. Esto significa que si usted trabaja en un entorno de cuidado infantil con licencia de cualquier tipo (centro, Cuidado Familiar\/Grupal en el Hogar, etc.) y es contabilizado en las proporciones personal\/ni\u00f1o, debe solicitar (y renovar anualmente) The Nevada Registry. <\/p>\n<h4>\u00bfPor qu\u00e9 es obligatoria la participaci\u00f3n?<\/h4>\n<p>Esta es la primera vez en la historia de Nevada que tendremos una imagen completamente representativa de la fuerza laboral de ECE en nuestro estado. Es nuestra esperanza e intenci\u00f3n que los datos de The Nevada Registry puedan ser utilizados para apoyar e informar el proceso de toma de decisiones sobre el desarrollo de un sistema mejorado de Educaci\u00f3n y Cuidado Temprano en Nevada, incluyendo la provisi\u00f3n de datos a la Legislatura del Estado de Nevada en apoyo de un aumento en la financiaci\u00f3n de programas, todo lo cual es posible solo cuando la participaci\u00f3n en The Nevada Registry es obligatoria. <\/p>\n<h4>\u00bfCu\u00e1nto cuesta solicitar y\/o renovar con The Nevada Registry?<\/h4>\n<p>No hay costo para solicitar The Nevada Registry para la colocaci\u00f3n en la Escala Profesional y\/o para renovar a tiempo. Sin embargo, se impone una tarifa de $25 para las renovaciones recibidas m\u00e1s de 30 d\u00edas despu\u00e9s de la fecha de vencimiento indicada en su certificado de membres\u00eda para reactivar su cuenta. <\/p>\n<h4>\u00bfC\u00f3mo solicito?<\/h4>\n<p><a href=\"https:\/\/www.nevadaregistry.org\/es\/membresia\/solicitar-membresia\/\">Solicite The Nevada Registry<\/a> completando la <a href=\"https:\/\/www.nevadaregistry.org\/wp-content\/uploads\/2020\/07\/TheNevadaRegistryNewMembershipApplicationFILLABLE.pdf\">Solicitud de Membres\u00eda<\/a>. Despu\u00e9s de que su solicitud sea procesada, acceder\u00e1 a su certificado de membres\u00eda desde su <a href=\"https:\/\/ww2.nevadaregistry.org\/UserPortal\/NRUsers.aspx\">Portal en L\u00ednea<\/a>. Su certificado incluir\u00e1 su nivel en la Escala Profesional* basado en su educaci\u00f3n formal documentada y experiencia (hasta 4,000 horas).  <\/p>\n<h6><em>*Aunque se consideran miembros activos de The Nevada Registry y en cumplimiento con las regulaciones de Licencias de Cuidado Infantil para la participaci\u00f3n obligatoria (si corresponde), los miembros con menos de 1,000 horas de experiencia de servicio directo al momento de la solicitud se consideran \u00abPre-Nivel\u00bb y no se les emitir\u00e1 un nivel de Escala Profesional en su certificado.<\/em><\/h6>\n<h4>\u00bfEs este un requisito \u00fanico o necesito renovar cada a\u00f1o?<\/h4>\n<p>La membres\u00eda con The Nevada Registry se renueva anualmente antes de la fecha de vencimiento de su certificado de membres\u00eda. Recibir\u00e1 una serie de recordatorios por correo electr\u00f3nico* de The Nevada Registry para renovar su membres\u00eda en l\u00ednea a trav\u00e9s de su Portal en L\u00ednea antes y cuando su certificado expire. Por esta raz\u00f3n, es imperativo que siempre tengamos una direcci\u00f3n de correo electr\u00f3nico actualizada en nuestros archivos. Si su direcci\u00f3n de correo electr\u00f3nico cambia entre las fechas de renovaci\u00f3n, por favor <a href=\"https:\/\/www.nevadaregistry.org\/es\/about\/contactenos\/\">contacte a nuestra oficina<\/a> para actualizar su cuenta.   <\/p>\n<h6><em>* El Nevada Registry utiliza un proceso de notificaci\u00f3n electr\u00f3nica para recordatorios de renovaci\u00f3n. Para garantizar que usted reciba informaci\u00f3n importante, futuros recordatorios de renovaci\u00f3n, actualizaciones, etc. del Nevada Registry, es imperativo que se mantenga una direcci\u00f3n de correo electr\u00f3nico precisa en el archivo en todo momento. Nota: Ocasionalmente, los correos electr\u00f3nicos enviados desde el Nevada Registry son devueltos como no entregables y\/o considerados spam. Si tiene una direcci\u00f3n de correo electr\u00f3nico registrada pero no recibe este recordatorio en el futuro, es posible que su mensaje haya sido devuelto o bloqueado en su extremo. Por favor, revise sus carpetas de correo no deseado y\/o spam. Si no recibe un aviso de recordatorio de renovaci\u00f3n 4-6 semanas antes de que expire su certificado, comun\u00edquese con nuestra oficina al (775) 327-0670 o (800) 259-1906 para que podamos ayudar a resolver el problema.     <\/em><\/h6>\n<h4>Fui miembro en el pasado, pero mi membres\u00eda ha expirado hace tiempo. \u00bfQu\u00e9 formulario debo presentar para volver a afiliarme? <\/h4>\n<p>Cuando solicit\u00f3 inicialmente el Nevada Registry, se asign\u00f3 un ID \u00fanico a su cuenta. Este n\u00famero permanece como su ID personal indefinidamente, independientemente del tiempo que su cuenta haya estado inactiva. Para renovar su membres\u00eda en el Registro, \u00a1no necesita empezar de nuevo! Simplemente inicie sesi\u00f3n en su Portal en L\u00ednea para completar un Formulario de Actualizaci\u00f3n\/Renovaci\u00f3n de Membres\u00eda en l\u00ednea. Si su membres\u00eda ha estado expirada por m\u00e1s de 30 d\u00edas, se requerir\u00e1 una tarifa de reincorporaci\u00f3n de $25 para renovar.    <\/p>\n<h4>\u00bfC\u00f3mo me beneficia solicitar el Registro?<\/h4>\n<p>El Nevada Registry le ayuda a obtener reconocimiento por su trabajo en ECE documentando sus logros profesionales y educativos. La ubicaci\u00f3n en la Escalera de Carrera le ayuda a planificar sus objetivos de formaci\u00f3n, educaci\u00f3n y desarrollo profesional y a seguir su progreso hacia el cumplimiento de esos objetivos. Se crear\u00e1 un Archivo de Desarrollo Profesional en su nombre para almacenar copias de todos los certificados de formaci\u00f3n y documentaci\u00f3n educativa que presente, en caso de que alguna vez necesite reemplazar documentos perdidos o da\u00f1ados. Participar tambi\u00e9n le ayuda a formar parte de una red de primera infancia, obtener acceso a programas de becas e iniciativas como <a href=\"http:\/\/www.nevaeyc.org\/teach\/\">T.E.A.C.H Early Childhood Nevada,<\/a> y le hace elegible para sorteos y promociones patrocinados por el Registro.   <\/p>\n<h4>\u00bfCu\u00e1nto tiempo tardar\u00e1 en procesarse mi solicitud y c\u00f3mo sabr\u00e1 Licencias que he solicitado?<\/h4>\n<p>El tiempo de procesamiento para solicitudes completas es de aproximadamente 1-2 semanas; sin embargo, recibir\u00e1 una confirmaci\u00f3n por correo electr\u00f3nico cuando env\u00ede su solicitud completa que servir\u00e1 como verificaci\u00f3n para la Licencia de Cuidado Infantil de que est\u00e1 en cumplimiento con la normativa para solicitar. Se sugiere que proporcione una copia de su correo electr\u00f3nico a su Director\/Administrador para que la coloque en su archivo de personal. El tiempo de procesamiento se retrasar\u00e1 para las solicitudes incompletas.  <\/p>\n<h6><em>Nota: No se considera que est\u00e1 en cumplimiento con las regulaciones de licencia de cuidado infantil para la participaci\u00f3n obligatoria hasta que haya presentado una solicitud completa.<\/em><\/h6>\n<h4>\u00bfPor qu\u00e9 el Nevada Registry necesita tanta informaci\u00f3n?<\/h4>\n<p>La informaci\u00f3n solicitada en la aplicaci\u00f3n es necesaria para construir su Archivo de Desarrollo Profesional y asegura que su \u00fanico historial profesional y educativo en ECE se refleje con precisi\u00f3n. Tambi\u00e9n ayuda a proporcionar una instant\u00e1nea de la fuerza laboral de ECE en Nevada; algo que nunca antes hab\u00eda sido posible. <\/p>\n<h4>\u00bfC\u00f3mo se utilizar\u00e1 mi informaci\u00f3n personal?<\/h4>\n<p>Se asigna un n\u00famero de identificaci\u00f3n \u00fanico del Registro al archivo de cada miembro al recibir inicialmente una Solicitud de Membres\u00eda para garantizar que la informaci\u00f3n correcta se ingrese en el archivo correcto y para proteger la identidad de nuestros miembros. Las preguntas de seguridad, incluida su fecha de nacimiento, se utilizan para verificar su identidad en caso de que alguna vez pierda su n\u00famero de identificaci\u00f3n del Registro y\/o necesite contactar a nuestra oficina para obtener cualquier informaci\u00f3n contenida en su archivo. <\/p>\n<p>Frecuentemente recibimos llamadas de miembros solicitando informaci\u00f3n en su archivo (es decir, n\u00famero de identificaci\u00f3n del Registro, copias de certificados perdidos, etc.). Antes de que esta informaci\u00f3n pueda ser liberada, un miembro del personal del Nevada Registry debe hacer una serie de preguntas de seguridad para verificar que la persona al tel\u00e9fono es la persona a quien pertenece la informaci\u00f3n. Solo cuando se ha confirmado la identidad de un individuo, podemos proceder con la solicitud.  <\/p>\n<h4>\u00bfC\u00f3mo se utiliza la informaci\u00f3n que el Nevada Registry recopila?<\/h4>\n<p>El Nevada Registry ayuda al estado a recopilar datos valiosos sobre la fuerza laboral de Educaci\u00f3n Infantil Temprana (ECE, por sus siglas en ingl\u00e9s) en Nevada, lo cual constituye un paso importante en el desarrollo de ECE como profesi\u00f3n. Ninguna de las informaciones recopiladas a trav\u00e9s del proceso de solicitud y del sistema de aprobaci\u00f3n de capacitaciones se divulga jam\u00e1s con informaci\u00f3n identificativa adjunta. Cualquier dato proporcionado a la comunidad se combina con el fin de informar sobre grandes grupos de personas, en lugar de sobre miembros individuales. Esta y TODA otra informaci\u00f3n contenida en el Archivo de Desarrollo Profesional de cada miembro es confidencial.   <\/p>\n<h4>\u00bfEs el Nevada Registry lo mismo que la Licencia de Cuidado Infantil?<\/h4>\n<p>Si bien el Nevada Registry trabaja en estrecha colaboraci\u00f3n con la Licencia de Cuidado Infantil, son dos programas muy separados y distintos. El enfoque del Nevada Registry est\u00e1 en el desarrollo profesional individual y en proporcionar recursos a la comunidad de ECE. En contraste, la Licencia de Cuidado Infantil es una agencia reguladora responsable de otorgar licencias a las instalaciones y monitorear el cumplimiento de las regulaciones. Com\u00fanmente, existe confusi\u00f3n en lo que respecta al sistema de aprobaci\u00f3n de capacitaciones. Mientras que el Nevada Registry es responsable de revisar y aprobar todas las capacitaciones informales para el estado, la licencia es responsable de verificar que se cumplan los requisitos de capacitaci\u00f3n anual descritos en las regulaciones. En este caso, el Nevada Registry proporciona los recursos a la comunidad de ECE en forma de calendario de capacitaciones, mientras que el papel de la Licencia es de naturaleza regulatoria.     <\/p>\n<h4>\u00bfC\u00f3mo se utilizar\u00e1n las tarifas recaudadas por renovaciones tard\u00edas, reevaluaciones de la Escala Profesional y certificados de reemplazo?<\/h4>\n<div id=\"content\">\n<p>Todas las tarifas recaudadas se transferir\u00e1n a los miembros en forma de actividades y recursos de liderazgo\/desarrollo profesional, desarrollo de programas, materiales para el aula, becas, nuevos beneficios para los miembros, etc.<\/p>\n<\/div>\n<div id=\"lb_ql\"><\/div>\n","protected":false},"excerpt":{"rendered":"<p>\u00bfTiene usted preguntas acerca de The Nevada Registry &#8211; \u00bfQui\u00e9nes somos? \u00bfC\u00f3mo solicitar la membres\u00eda? \u00bfCu\u00e1les son los beneficios? Si&#8230;<\/p>\n","protected":false},"author":1,"featured_media":11338,"parent":12893,"menu_order":0,"comment_status":"closed","ping_status":"closed","template":"","meta":{"_acf_changed":false,"footnotes":""},"class_list":["post-13300","page","type-page","status-publish","has-post-thumbnail","hentry"],"acf":[],"yoast_head":"<!-- This site is optimized with the Yoast SEO plugin v27.2 - https:\/\/yoast.com\/product\/yoast-seo-wordpress\/ -->\n<title>Preguntas frecuentes generales - The Nevada Registry<\/title>\n<meta name=\"description\" content=\"\u00bfTiene usted preguntas acerca de The Nevada Registry? \u00bfSe pregunta qui\u00e9nes somos, c\u00f3mo solicitar y cu\u00e1les son sus beneficios? Si es as\u00ed, \u00a1ha llegado al lugar correcto!\" \/>\n<meta name=\"robots\" content=\"index, follow, max-snippet:-1, max-image-preview:large, max-video-preview:-1\" \/>\n<link rel=\"canonical\" href=\"https:\/\/www.nevadaregistry.org\/es\/acerca\/preguntas-frecuentes-generales\/\" \/>\n<meta property=\"og:locale\" content=\"es_ES\" \/>\n<meta property=\"og:type\" content=\"article\" \/>\n<meta property=\"og:title\" content=\"Preguntas frecuentes generales - The Nevada Registry\" \/>\n<meta property=\"og:description\" content=\"\u00bfTiene usted preguntas acerca de The Nevada Registry? \u00bfSe pregunta qui\u00e9nes somos, c\u00f3mo solicitar y cu\u00e1les son sus beneficios? Si es as\u00ed, \u00a1ha llegado al lugar correcto!\" \/>\n<meta property=\"og:url\" content=\"https:\/\/www.nevadaregistry.org\/es\/acerca\/preguntas-frecuentes-generales\/\" \/>\n<meta property=\"og:site_name\" content=\"The Nevada Registry\" \/>\n<meta property=\"article:publisher\" content=\"https:\/\/www.facebook.com\/nevadaregistry\" \/>\n<meta property=\"article:modified_time\" content=\"2025-05-01T21:54:21+00:00\" \/>\n<meta property=\"og:image\" content=\"https:\/\/www.nevadaregistry.org\/wp-content\/uploads\/2020\/07\/classroom-image-3.jpg\" \/>\n\t<meta property=\"og:image:width\" content=\"800\" \/>\n\t<meta property=\"og:image:height\" content=\"600\" \/>\n\t<meta property=\"og:image:type\" content=\"image\/jpeg\" \/>\n<meta name=\"twitter:card\" content=\"summary_large_image\" \/>\n<meta name=\"twitter:label1\" content=\"Tiempo de lectura\" \/>\n\t<meta name=\"twitter:data1\" content=\"10 minutos\" \/>\n<script type=\"application\/ld+json\" class=\"yoast-schema-graph\">{\"@context\":\"https:\/\/schema.org\",\"@graph\":[{\"@type\":\"WebPage\",\"@id\":\"https:\/\/www.nevadaregistry.org\/es\/acerca\/preguntas-frecuentes-generales\/\",\"url\":\"https:\/\/www.nevadaregistry.org\/es\/acerca\/preguntas-frecuentes-generales\/\",\"name\":\"Preguntas frecuentes generales - The Nevada Registry\",\"isPartOf\":{\"@id\":\"https:\/\/www.nevadaregistry.org\/es\/#website\"},\"primaryImageOfPage\":{\"@id\":\"https:\/\/www.nevadaregistry.org\/es\/acerca\/preguntas-frecuentes-generales\/#primaryimage\"},\"image\":{\"@id\":\"https:\/\/www.nevadaregistry.org\/es\/acerca\/preguntas-frecuentes-generales\/#primaryimage\"},\"thumbnailUrl\":\"https:\/\/www.nevadaregistry.org\/wp-content\/uploads\/2020\/07\/classroom-image-3.jpg\",\"datePublished\":\"2020-07-30T23:12:15+00:00\",\"dateModified\":\"2025-05-01T21:54:21+00:00\",\"description\":\"\u00bfTiene usted preguntas acerca de The Nevada Registry? \u00bfSe pregunta qui\u00e9nes somos, c\u00f3mo solicitar y cu\u00e1les son sus beneficios? Si es as\u00ed, \u00a1ha llegado al lugar correcto!\",\"breadcrumb\":{\"@id\":\"https:\/\/www.nevadaregistry.org\/es\/acerca\/preguntas-frecuentes-generales\/#breadcrumb\"},\"inLanguage\":\"es\",\"potentialAction\":[{\"@type\":\"ReadAction\",\"target\":[\"https:\/\/www.nevadaregistry.org\/es\/acerca\/preguntas-frecuentes-generales\/\"]}]},{\"@type\":\"ImageObject\",\"inLanguage\":\"es\",\"@id\":\"https:\/\/www.nevadaregistry.org\/es\/acerca\/preguntas-frecuentes-generales\/#primaryimage\",\"url\":\"https:\/\/www.nevadaregistry.org\/wp-content\/uploads\/2020\/07\/classroom-image-3.jpg\",\"contentUrl\":\"https:\/\/www.nevadaregistry.org\/wp-content\/uploads\/2020\/07\/classroom-image-3.jpg\",\"width\":800,\"height\":600},{\"@type\":\"BreadcrumbList\",\"@id\":\"https:\/\/www.nevadaregistry.org\/es\/acerca\/preguntas-frecuentes-generales\/#breadcrumb\",\"itemListElement\":[{\"@type\":\"ListItem\",\"position\":1,\"name\":\"Home\",\"item\":\"https:\/\/www.nevadaregistry.org\/es\/pagina-principal\/\"},{\"@type\":\"ListItem\",\"position\":2,\"name\":\"P\u00e1gina Acerca de The Nevada Registry\",\"item\":\"https:\/\/www.nevadaregistry.org\/es\/acerca\/\"},{\"@type\":\"ListItem\",\"position\":3,\"name\":\"Preguntas frecuentes generales\"}]},{\"@type\":\"WebSite\",\"@id\":\"https:\/\/www.nevadaregistry.org\/es\/#website\",\"url\":\"https:\/\/www.nevadaregistry.org\/es\/\",\"name\":\"The Nevada Registry\",\"description\":\"Workforce data system capturing information about the Early Childhood Education and Care (ECEC) workforce in Nevada.\",\"publisher\":{\"@id\":\"https:\/\/www.nevadaregistry.org\/es\/#organization\"},\"potentialAction\":[{\"@type\":\"SearchAction\",\"target\":{\"@type\":\"EntryPoint\",\"urlTemplate\":\"https:\/\/www.nevadaregistry.org\/es\/?s={search_term_string}\"},\"query-input\":{\"@type\":\"PropertyValueSpecification\",\"valueRequired\":true,\"valueName\":\"search_term_string\"}}],\"inLanguage\":\"es\"},{\"@type\":\"Organization\",\"@id\":\"https:\/\/www.nevadaregistry.org\/es\/#organization\",\"name\":\"El Nevada Registry\",\"url\":\"https:\/\/www.nevadaregistry.org\/es\/\",\"logo\":{\"@type\":\"ImageObject\",\"inLanguage\":\"es\",\"@id\":\"https:\/\/www.nevadaregistry.org\/es\/#\/schema\/logo\/image\/\",\"url\":\"https:\/\/www.nevadaregistry.org\/wp-content\/uploads\/2020\/10\/tnr-logo-purple-copy.jpg\",\"contentUrl\":\"https:\/\/www.nevadaregistry.org\/wp-content\/uploads\/2020\/10\/tnr-logo-purple-copy.jpg\",\"width\":\"900\",\"height\":\"562\",\"caption\":\"El Nevada Registry\"},\"image\":{\"@id\":\"https:\/\/www.nevadaregistry.org\/es\/#\/schema\/logo\/image\/\"},\"sameAs\":[\"https:\/\/www.facebook.com\/nevadaregistry\"]}]}<\/script>\n<!-- \/ Yoast SEO plugin. -->","yoast_head_json":{"title":"Preguntas frecuentes generales - The Nevada Registry","description":"\u00bfTiene usted preguntas acerca de The Nevada Registry? \u00bfSe pregunta qui\u00e9nes somos, c\u00f3mo solicitar y cu\u00e1les son sus beneficios? Si es as\u00ed, \u00a1ha llegado al lugar correcto!","robots":{"index":"index","follow":"follow","max-snippet":"max-snippet:-1","max-image-preview":"max-image-preview:large","max-video-preview":"max-video-preview:-1"},"canonical":"https:\/\/www.nevadaregistry.org\/es\/acerca\/preguntas-frecuentes-generales\/","og_locale":"es_ES","og_type":"article","og_title":"Preguntas frecuentes generales - The Nevada Registry","og_description":"\u00bfTiene usted preguntas acerca de The Nevada Registry? \u00bfSe pregunta qui\u00e9nes somos, c\u00f3mo solicitar y cu\u00e1les son sus beneficios? Si es as\u00ed, \u00a1ha llegado al lugar correcto!","og_url":"https:\/\/www.nevadaregistry.org\/es\/acerca\/preguntas-frecuentes-generales\/","og_site_name":"The Nevada Registry","article_publisher":"https:\/\/www.facebook.com\/nevadaregistry","article_modified_time":"2025-05-01T21:54:21+00:00","og_image":[{"width":800,"height":600,"url":"https:\/\/www.nevadaregistry.org\/wp-content\/uploads\/2020\/07\/classroom-image-3.jpg","type":"image\/jpeg"}],"twitter_card":"summary_large_image","twitter_misc":{"Tiempo de lectura":"10 minutos"},"schema":{"@context":"https:\/\/schema.org","@graph":[{"@type":"WebPage","@id":"https:\/\/www.nevadaregistry.org\/es\/acerca\/preguntas-frecuentes-generales\/","url":"https:\/\/www.nevadaregistry.org\/es\/acerca\/preguntas-frecuentes-generales\/","name":"Preguntas frecuentes generales - The Nevada Registry","isPartOf":{"@id":"https:\/\/www.nevadaregistry.org\/es\/#website"},"primaryImageOfPage":{"@id":"https:\/\/www.nevadaregistry.org\/es\/acerca\/preguntas-frecuentes-generales\/#primaryimage"},"image":{"@id":"https:\/\/www.nevadaregistry.org\/es\/acerca\/preguntas-frecuentes-generales\/#primaryimage"},"thumbnailUrl":"https:\/\/www.nevadaregistry.org\/wp-content\/uploads\/2020\/07\/classroom-image-3.jpg","datePublished":"2020-07-30T23:12:15+00:00","dateModified":"2025-05-01T21:54:21+00:00","description":"\u00bfTiene usted preguntas acerca de The Nevada Registry? \u00bfSe pregunta qui\u00e9nes somos, c\u00f3mo solicitar y cu\u00e1les son sus beneficios? Si es as\u00ed, \u00a1ha llegado al lugar correcto!","breadcrumb":{"@id":"https:\/\/www.nevadaregistry.org\/es\/acerca\/preguntas-frecuentes-generales\/#breadcrumb"},"inLanguage":"es","potentialAction":[{"@type":"ReadAction","target":["https:\/\/www.nevadaregistry.org\/es\/acerca\/preguntas-frecuentes-generales\/"]}]},{"@type":"ImageObject","inLanguage":"es","@id":"https:\/\/www.nevadaregistry.org\/es\/acerca\/preguntas-frecuentes-generales\/#primaryimage","url":"https:\/\/www.nevadaregistry.org\/wp-content\/uploads\/2020\/07\/classroom-image-3.jpg","contentUrl":"https:\/\/www.nevadaregistry.org\/wp-content\/uploads\/2020\/07\/classroom-image-3.jpg","width":800,"height":600},{"@type":"BreadcrumbList","@id":"https:\/\/www.nevadaregistry.org\/es\/acerca\/preguntas-frecuentes-generales\/#breadcrumb","itemListElement":[{"@type":"ListItem","position":1,"name":"Home","item":"https:\/\/www.nevadaregistry.org\/es\/pagina-principal\/"},{"@type":"ListItem","position":2,"name":"P\u00e1gina Acerca de The Nevada Registry","item":"https:\/\/www.nevadaregistry.org\/es\/acerca\/"},{"@type":"ListItem","position":3,"name":"Preguntas frecuentes generales"}]},{"@type":"WebSite","@id":"https:\/\/www.nevadaregistry.org\/es\/#website","url":"https:\/\/www.nevadaregistry.org\/es\/","name":"The Nevada Registry","description":"Workforce data system capturing information about the Early Childhood Education and Care (ECEC) workforce in Nevada.","publisher":{"@id":"https:\/\/www.nevadaregistry.org\/es\/#organization"},"potentialAction":[{"@type":"SearchAction","target":{"@type":"EntryPoint","urlTemplate":"https:\/\/www.nevadaregistry.org\/es\/?s={search_term_string}"},"query-input":{"@type":"PropertyValueSpecification","valueRequired":true,"valueName":"search_term_string"}}],"inLanguage":"es"},{"@type":"Organization","@id":"https:\/\/www.nevadaregistry.org\/es\/#organization","name":"El Nevada Registry","url":"https:\/\/www.nevadaregistry.org\/es\/","logo":{"@type":"ImageObject","inLanguage":"es","@id":"https:\/\/www.nevadaregistry.org\/es\/#\/schema\/logo\/image\/","url":"https:\/\/www.nevadaregistry.org\/wp-content\/uploads\/2020\/10\/tnr-logo-purple-copy.jpg","contentUrl":"https:\/\/www.nevadaregistry.org\/wp-content\/uploads\/2020\/10\/tnr-logo-purple-copy.jpg","width":"900","height":"562","caption":"El Nevada Registry"},"image":{"@id":"https:\/\/www.nevadaregistry.org\/es\/#\/schema\/logo\/image\/"},"sameAs":["https:\/\/www.facebook.com\/nevadaregistry"]}]}},"_links":{"self":[{"href":"https:\/\/www.nevadaregistry.org\/es\/wp-json\/wp\/v2\/pages\/13300","targetHints":{"allow":["GET"]}}],"collection":[{"href":"https:\/\/www.nevadaregistry.org\/es\/wp-json\/wp\/v2\/pages"}],"about":[{"href":"https:\/\/www.nevadaregistry.org\/es\/wp-json\/wp\/v2\/types\/page"}],"author":[{"embeddable":true,"href":"https:\/\/www.nevadaregistry.org\/es\/wp-json\/wp\/v2\/users\/1"}],"replies":[{"embeddable":true,"href":"https:\/\/www.nevadaregistry.org\/es\/wp-json\/wp\/v2\/comments?post=13300"}],"version-history":[{"count":1,"href":"https:\/\/www.nevadaregistry.org\/es\/wp-json\/wp\/v2\/pages\/13300\/revisions"}],"predecessor-version":[{"id":13301,"href":"https:\/\/www.nevadaregistry.org\/es\/wp-json\/wp\/v2\/pages\/13300\/revisions\/13301"}],"up":[{"embeddable":true,"href":"https:\/\/www.nevadaregistry.org\/es\/wp-json\/wp\/v2\/pages\/12893"}],"wp:featuredmedia":[{"embeddable":true,"href":"https:\/\/www.nevadaregistry.org\/es\/wp-json\/wp\/v2\/media\/11338"}],"wp:attachment":[{"href":"https:\/\/www.nevadaregistry.org\/es\/wp-json\/wp\/v2\/media?parent=13300"}],"curies":[{"name":"wp","href":"https:\/\/api.w.org\/{rel}","templated":true}]}}