{"id":13307,"date":"2020-07-30T17:00:21","date_gmt":"2020-07-31T00:00:21","guid":{"rendered":"https:\/\/www.nevadaregistry.org\/estandares-de-pre-k-de-nevada\/"},"modified":"2026-04-01T08:31:30","modified_gmt":"2026-04-01T15:31:30","slug":"estandares-de-pre-k-de-nevada","status":"publish","type":"page","link":"https:\/\/www.nevadaregistry.org\/es\/recursos-de-ece\/estandares-de-pre-k-de-nevada\/","title":{"rendered":"Est\u00e1ndares de Nevada para la etapa preescolar"},"content":{"rendered":"<div id=\"hidbg\">\n<div id=\"owrap\">\n<div id=\"wrap\">\n<div id=\"content\">\n<h6><em>Revisado\/Actualizado en marzo de 2026<\/em><\/h6>\n<h3><strong>Descripci\u00f3n general<\/strong><\/h3>\n<p>Los Est\u00e1ndares de Prek\u00ednder de Nevada, revisados en 2023, son el marco que proporciona orientaci\u00f3n a los educadores de la primera infancia sobre los hitos del desarrollo que los ni\u00f1os deben alcanzar al final de su a\u00f1o de prek\u00ednder. Los est\u00e1ndares de prek\u00ednder tienen muchos usos e impactan a los ni\u00f1os m\u00e1s peque\u00f1os de Nevada. Desde apoyar a los maestros en la redacci\u00f3n de Planes Educativos Individualizados hasta guiar a los l\u00edderes responsables de planificar e impartir programas de educaci\u00f3n infantil, los est\u00e1ndares proporcionan indicadores, ejemplos de lo que un ni\u00f1o puede hacer y pr\u00e1cticas de apoyo que un profesional puede implementar en el entorno de aprendizaje. Los educadores de la primera infancia de todo el estado conf\u00edan en los est\u00e1ndares de prek\u00ednder para asegurarse de que est\u00e1n proporcionando una ense\u00f1anza de calidad.   <\/p>\n<p>Los Est\u00e1ndares apoyan los entornos de aula basados en el juego, el curr\u00edculo de la primera infancia y la instrucci\u00f3n en todas las aulas y programas de la primera infancia que atienden a ni\u00f1os de prek\u00ednder en todo el estado, incluyendo centros de cuidado infantil, hogares de cuidado infantil familiar, Head Start, escuelas preescolares, programas de prek\u00ednder de los distritos escolares y m\u00e1s.<\/p>\n<p style=\"text-align: center;\"><strong><a href=\"https:\/\/docs.google.com\/forms\/d\/e\/1FAIpQLScdI5lD_rHSJJDsIdG9UIEjPZcTldv_uQwyq5kORjk9-XgOWw\/viewform\">Solicita una copia impresa de los est\u00e1ndares revisados<\/a><br \/>\nPonte en contacto con <a href=\"mailto:OSRLE@doe.nv.gov\">OSRLE@doe.nv.gov<\/a> para asistencia ADA<\/strong><\/p>\n<h3><strong>Resumen ejecutivo<\/strong><\/h3>\n<p>El Resumen Ejecutivo de los Est\u00e1ndares de Prek\u00ednder de Nevada, Revisados en 2023, proporciona una descripci\u00f3n de lo siguiente:<\/p>\n<ul>\n<li>Prop\u00f3sito de los Est\u00e1ndares de Prek\u00ednder<\/li>\n<li>Dominios e Indicadores de los Est\u00e1ndares de Prek\u00ednder<\/li>\n<li>Cronolog\u00eda hist\u00f3rica de los Est\u00e1ndares de Prek\u00ednder de Nevada y la alineaci\u00f3n con K-12<\/li>\n<li>Proceso de revisi\u00f3n de 2023<\/li>\n<li>Comparaci\u00f3n de la revisi\u00f3n de 2023 con la revisi\u00f3n de 2010 (\u00bfQu\u00e9 ha cambiado?)<\/li>\n<li>Implementaci\u00f3n, difusi\u00f3n, desarrollo profesional y capacitaci\u00f3n de los est\u00e1ndares de prek\u00ednder<\/li>\n<\/ul>\n<p><strong>Alineaci\u00f3n con los Est\u00e1ndares Acad\u00e9micos de Contenido de Nevada<\/strong><\/p>\n<p>Los Est\u00e1ndares est\u00e1n alineados verticalmente con los Est\u00e1ndares Acad\u00e9micos de Contenido de Nevada K-12 (Departamento de Educaci\u00f3n de Nevada, s.f.) para el jard\u00edn de infancia, as\u00ed como con el Marco de Resultados del Aprendizaje Temprano de Head Start (Oficina de Head Start, s.f.). Anticip\u00e1ndonos a futuras actualizaciones y revisiones de estos est\u00e1ndares, y con el compromiso de proporcionar constantemente a los educadores de la primera infancia de Nevada la informaci\u00f3n m\u00e1s actualizada, las tablas de alineaci\u00f3n con las que puede estar familiarizado se han trasladado fuera de este documento. El Departamento de Educaci\u00f3n de Nevada est\u00e1 en proceso de crear la tabla de alineaci\u00f3n de los est\u00e1ndares de aprendizaje temprano.  <\/p>\n<p><strong>Dominios e Indicadores:<\/strong><\/p>\n<p>Los Est\u00e1ndares est\u00e1n organizados en ocho* dominios e incluyen indicadores del aprendizaje y el desarrollo temprano de los ni\u00f1os, ejemplos de c\u00f3mo los ni\u00f1os podr\u00edan demostrar cada indicador y pr\u00e1cticas de apoyo para maestros y profesionales.<\/p>\n<ol>\n<li>Enfoques del aprendizaje<\/li>\n<li>*Socioemocional<\/li>\n<li>Estudios sociales<\/li>\n<li>Salud, seguridad y desarrollo f\u00edsico<\/li>\n<li>Lenguaje y alfabetizaci\u00f3n temprana<\/li>\n<li>Ciencia<\/li>\n<li>Tecnolog\u00eda<\/li>\n<li>Expresi\u00f3n creativa<\/li>\n<li>Matem\u00e1ticas<\/li>\n<\/ol>\n<p>*Los Est\u00e1ndares Socioemocionales se volvieron a desarrollar en 2025 para alinearse con el Marco Colaborativo para el Aprendizaje Acad\u00e9mico y Socioemocional (CASEL), ampliamente reconocido, y con los est\u00e1ndares K-12 NV SEL. Por esta raz\u00f3n, actualmente est\u00e1n disponibles en un documento separado, pero deben utilizarse junto con otros dominios de prek\u00ednder, ya que el Socioemocional es un dominio esencial del aprendizaje temprano que debe considerarse e implementarse en todos los entornos de la primera infancia. <\/p>\n<p>Los Est\u00e1ndares de 2023 incorporan dos nuevos dominios: Enfoques del Aprendizaje y Tecnolog\u00eda. Estos dominios se han a\u00f1adido para sentar las bases de las habilidades cr\u00edticas a medida que los ni\u00f1os peque\u00f1os desarrollan sus propios enfoques del aprendizaje, y en reconocimiento del papel central que desempe\u00f1a la tecnolog\u00eda en la vida moderna, la recopilaci\u00f3n de informaci\u00f3n, la resoluci\u00f3n de problemas y las habilidades de comunicaci\u00f3n. <\/p>\n<h3><strong>Uso de los Est\u00e1ndares de Prek\u00ednder para Guiar la Pr\u00e1ctica: Las Gu\u00edas Pr\u00e1cticas<\/strong><\/h3>\n<p>Como educador o responsable de programa que trabaja con ni\u00f1os de cuatro a cinco a\u00f1os, puede que te preguntes: \u00bfc\u00f3mo puedo usar los Est\u00e1ndares de Prek\u00ednder en mi pr\u00e1ctica? Hay dos recursos disponibles para ayudarte a utilizar los Est\u00e1ndares de Prek\u00ednder para reflexionar, planificar e implementar pr\u00e1cticas que apoyen el aprendizaje y el desarrollo de los ni\u00f1os en los nueve dominios: una Gu\u00eda Pr\u00e1ctica para Educadores y una Gu\u00eda Pr\u00e1ctica para Responsables. Cada gu\u00eda incluye una introducci\u00f3n sobre c\u00f3mo usarla, ejemplos y preguntas de reflexi\u00f3n en cuatro \u00e1reas de pr\u00e1ctica, y una herramienta de planificaci\u00f3n y reflexi\u00f3n.  <\/p>\n<p><a href=\"https:\/\/www.nevadaregistry.org\/wp-content\/uploads\/2026\/03\/PreKHowToGuide_Educators_ADA.pdf\">Uso de los Est\u00e1ndares de Prek\u00ednder para Guiar la Pr\u00e1ctica: Gu\u00eda Pr\u00e1ctica para Educadores<\/a><\/p>\n<p><a href=\"https:\/\/www.nevadaregistry.org\/wp-content\/uploads\/2026\/03\/PreKHowToGuide_Leaders_ADA.pdf\">Uso de los Est\u00e1ndares de Prek\u00ednder para Guiar la Pr\u00e1ctica: Gu\u00eda Pr\u00e1ctica para Responsables<\/a><\/p>\n<h3><strong>Correspondencia entre los Est\u00e1ndares de Prek\u00ednder de Nevada y los Est\u00e1ndares de Contenido Acad\u00e9mico de K\u00ednder de Nevada<\/strong><\/h3>\n<p><strong><em>\u00bfQu\u00e9 es la Correspondencia? <\/em><\/strong><\/p>\n<p>El <a href=\"https:\/\/www.nevadaregistry.org\/wp-content\/uploads\/2026\/03\/Crosswalk-PreK-to-K_ADA.pdf\">Crosswalk<\/a> es una herramienta de alineaci\u00f3n que muestra c\u00f3mo las habilidades y conceptos que los ni\u00f1os desarrollan en Pre-K se conectan directamente con lo que se espera que sepan y hagan en el jard\u00edn de infancia. Vincula los Est\u00e1ndares de Pre-Kindergarten de Nevada con los Est\u00e1ndares de Contenido Acad\u00e9mico de Kindergarten de Nevada a trav\u00e9s de nueve dominios clave, que incluyen: <\/p>\n<ul>\n<li>Enfoques del aprendizaje<\/li>\n<li>Socioemocional<\/li>\n<li>Estudios sociales<\/li>\n<li>Salud, seguridad y desarrollo f\u00edsico<\/li>\n<li>Lenguaje y alfabetizaci\u00f3n temprana<\/li>\n<li>Ciencia<\/li>\n<li>Tecnolog\u00eda<\/li>\n<li>Expresi\u00f3n creativa<\/li>\n<li>Matem\u00e1ticas<\/li>\n<\/ul>\n<p><strong><em>C\u00f3mo pueden usarla los educadores:<\/em><\/strong><\/p>\n<ul>\n<li>Planifica lecciones y experiencias de aprendizaje basadas en el juego que se basen intencionadamente en las expectativas a lo largo de los distintos cursos.<\/li>\n<li>Identifica qu\u00e9 saben ya los ni\u00f1os, qu\u00e9 hay que reforzar a continuaci\u00f3n y c\u00f3mo andamiar el aprendizaje.<\/li>\n<li>Crea un lenguaje compartido entre los niveles de grado para lograr transiciones m\u00e1s fluidas y una mayor alineaci\u00f3n.<\/li>\n<\/ul>\n<\/div>\n<\/div>\n<\/div>\n<\/div>\n","protected":false},"excerpt":{"rendered":"<p>Revisado\/Actualizado en marzo de 2026 Descripci\u00f3n general Los Est\u00e1ndares de Prek\u00ednder de Nevada, revisados en 2023, son el marco que&#8230;<\/p>\n","protected":false},"author":1,"featured_media":0,"parent":13346,"menu_order":4,"comment_status":"closed","ping_status":"closed","template":"","meta":{"_acf_changed":false,"footnotes":""},"class_list":["post-13307","page","type-page","status-publish","hentry"],"acf":[],"yoast_head":"<!-- This site is optimized with the Yoast SEO plugin v27.2 - https:\/\/yoast.com\/product\/yoast-seo-wordpress\/ -->\n<title>Est\u00e1ndares de prek\u00ednder de Nevada | The Nevada Registry<\/title>\n<meta name=\"description\" content=\"Est\u00e1ndares Pre-K Nevada: habilidades y conocimientos esperados antes del kindergarten.\" \/>\n<meta name=\"robots\" content=\"index, follow, max-snippet:-1, max-image-preview:large, max-video-preview:-1\" \/>\n<link rel=\"canonical\" href=\"https:\/\/www.nevadaregistry.org\/es\/recursos-de-ece\/estandares-de-pre-k-de-nevada\/\" \/>\n<meta property=\"og:locale\" content=\"es_ES\" \/>\n<meta property=\"og:type\" content=\"article\" \/>\n<meta property=\"og:title\" content=\"Est\u00e1ndares de prek\u00ednder de Nevada | The Nevada Registry\" \/>\n<meta property=\"og:description\" content=\"Est\u00e1ndares Pre-K Nevada: habilidades y conocimientos esperados antes del kindergarten.\" \/>\n<meta property=\"og:url\" content=\"https:\/\/www.nevadaregistry.org\/es\/recursos-de-ece\/estandares-de-pre-k-de-nevada\/\" \/>\n<meta property=\"og:site_name\" content=\"The Nevada Registry\" \/>\n<meta property=\"article:publisher\" content=\"https:\/\/www.facebook.com\/nevadaregistry\" \/>\n<meta property=\"article:modified_time\" content=\"2026-04-01T15:31:30+00:00\" \/>\n<meta property=\"og:image\" content=\"https:\/\/www.nevadaregistry.org\/wp-content\/uploads\/2020\/10\/NevadaRegistryOGImage.jpg\" \/>\n<meta name=\"twitter:card\" content=\"summary_large_image\" \/>\n<meta name=\"twitter:label1\" content=\"Tiempo de lectura\" \/>\n\t<meta name=\"twitter:data1\" content=\"5 minutos\" \/>\n<script type=\"application\/ld+json\" class=\"yoast-schema-graph\">{\"@context\":\"https:\/\/schema.org\",\"@graph\":[{\"@type\":\"WebPage\",\"@id\":\"https:\/\/www.nevadaregistry.org\/es\/recursos-de-ece\/estandares-de-pre-k-de-nevada\/\",\"url\":\"https:\/\/www.nevadaregistry.org\/es\/recursos-de-ece\/estandares-de-pre-k-de-nevada\/\",\"name\":\"Est\u00e1ndares de prek\u00ednder de Nevada | The Nevada Registry\",\"isPartOf\":{\"@id\":\"https:\/\/www.nevadaregistry.org\/es\/#website\"},\"datePublished\":\"2020-07-31T00:00:21+00:00\",\"dateModified\":\"2026-04-01T15:31:30+00:00\",\"description\":\"Est\u00e1ndares Pre-K Nevada: habilidades y conocimientos esperados antes del kindergarten.\",\"breadcrumb\":{\"@id\":\"https:\/\/www.nevadaregistry.org\/es\/recursos-de-ece\/estandares-de-pre-k-de-nevada\/#breadcrumb\"},\"inLanguage\":\"es\",\"potentialAction\":[{\"@type\":\"ReadAction\",\"target\":[\"https:\/\/www.nevadaregistry.org\/es\/recursos-de-ece\/estandares-de-pre-k-de-nevada\/\"]}]},{\"@type\":\"BreadcrumbList\",\"@id\":\"https:\/\/www.nevadaregistry.org\/es\/recursos-de-ece\/estandares-de-pre-k-de-nevada\/#breadcrumb\",\"itemListElement\":[{\"@type\":\"ListItem\",\"position\":1,\"name\":\"Home\",\"item\":\"https:\/\/www.nevadaregistry.org\/es\/pagina-principal\/\"},{\"@type\":\"ListItem\",\"position\":2,\"name\":\"Recursos de ECE de The Nevada Registry\",\"item\":\"https:\/\/www.nevadaregistry.org\/es\/recursos-de-ece\/\"},{\"@type\":\"ListItem\",\"position\":3,\"name\":\"Est\u00e1ndares de Nevada para la etapa preescolar\"}]},{\"@type\":\"WebSite\",\"@id\":\"https:\/\/www.nevadaregistry.org\/es\/#website\",\"url\":\"https:\/\/www.nevadaregistry.org\/es\/\",\"name\":\"The Nevada Registry\",\"description\":\"Workforce data system capturing information about the Early Childhood Education and Care (ECEC) workforce in Nevada.\",\"publisher\":{\"@id\":\"https:\/\/www.nevadaregistry.org\/es\/#organization\"},\"potentialAction\":[{\"@type\":\"SearchAction\",\"target\":{\"@type\":\"EntryPoint\",\"urlTemplate\":\"https:\/\/www.nevadaregistry.org\/es\/?s={search_term_string}\"},\"query-input\":{\"@type\":\"PropertyValueSpecification\",\"valueRequired\":true,\"valueName\":\"search_term_string\"}}],\"inLanguage\":\"es\"},{\"@type\":\"Organization\",\"@id\":\"https:\/\/www.nevadaregistry.org\/es\/#organization\",\"name\":\"El Nevada Registry\",\"url\":\"https:\/\/www.nevadaregistry.org\/es\/\",\"logo\":{\"@type\":\"ImageObject\",\"inLanguage\":\"es\",\"@id\":\"https:\/\/www.nevadaregistry.org\/es\/#\/schema\/logo\/image\/\",\"url\":\"https:\/\/www.nevadaregistry.org\/wp-content\/uploads\/2020\/10\/tnr-logo-purple-copy.jpg\",\"contentUrl\":\"https:\/\/www.nevadaregistry.org\/wp-content\/uploads\/2020\/10\/tnr-logo-purple-copy.jpg\",\"width\":\"900\",\"height\":\"562\",\"caption\":\"El Nevada Registry\"},\"image\":{\"@id\":\"https:\/\/www.nevadaregistry.org\/es\/#\/schema\/logo\/image\/\"},\"sameAs\":[\"https:\/\/www.facebook.com\/nevadaregistry\"]}]}<\/script>\n<!-- \/ Yoast SEO plugin. -->","yoast_head_json":{"title":"Est\u00e1ndares de prek\u00ednder de Nevada | The Nevada Registry","description":"Est\u00e1ndares Pre-K Nevada: habilidades y conocimientos esperados antes del kindergarten.","robots":{"index":"index","follow":"follow","max-snippet":"max-snippet:-1","max-image-preview":"max-image-preview:large","max-video-preview":"max-video-preview:-1"},"canonical":"https:\/\/www.nevadaregistry.org\/es\/recursos-de-ece\/estandares-de-pre-k-de-nevada\/","og_locale":"es_ES","og_type":"article","og_title":"Est\u00e1ndares de prek\u00ednder de Nevada | The Nevada Registry","og_description":"Est\u00e1ndares Pre-K Nevada: habilidades y conocimientos esperados antes del kindergarten.","og_url":"https:\/\/www.nevadaregistry.org\/es\/recursos-de-ece\/estandares-de-pre-k-de-nevada\/","og_site_name":"The Nevada Registry","article_publisher":"https:\/\/www.facebook.com\/nevadaregistry","article_modified_time":"2026-04-01T15:31:30+00:00","og_image":[{"url":"https:\/\/www.nevadaregistry.org\/wp-content\/uploads\/2020\/10\/NevadaRegistryOGImage.jpg","type":"","width":"","height":""}],"twitter_card":"summary_large_image","twitter_misc":{"Tiempo de lectura":"5 minutos"},"schema":{"@context":"https:\/\/schema.org","@graph":[{"@type":"WebPage","@id":"https:\/\/www.nevadaregistry.org\/es\/recursos-de-ece\/estandares-de-pre-k-de-nevada\/","url":"https:\/\/www.nevadaregistry.org\/es\/recursos-de-ece\/estandares-de-pre-k-de-nevada\/","name":"Est\u00e1ndares de prek\u00ednder de Nevada | The Nevada Registry","isPartOf":{"@id":"https:\/\/www.nevadaregistry.org\/es\/#website"},"datePublished":"2020-07-31T00:00:21+00:00","dateModified":"2026-04-01T15:31:30+00:00","description":"Est\u00e1ndares Pre-K Nevada: habilidades y conocimientos esperados antes del kindergarten.","breadcrumb":{"@id":"https:\/\/www.nevadaregistry.org\/es\/recursos-de-ece\/estandares-de-pre-k-de-nevada\/#breadcrumb"},"inLanguage":"es","potentialAction":[{"@type":"ReadAction","target":["https:\/\/www.nevadaregistry.org\/es\/recursos-de-ece\/estandares-de-pre-k-de-nevada\/"]}]},{"@type":"BreadcrumbList","@id":"https:\/\/www.nevadaregistry.org\/es\/recursos-de-ece\/estandares-de-pre-k-de-nevada\/#breadcrumb","itemListElement":[{"@type":"ListItem","position":1,"name":"Home","item":"https:\/\/www.nevadaregistry.org\/es\/pagina-principal\/"},{"@type":"ListItem","position":2,"name":"Recursos de ECE de The Nevada Registry","item":"https:\/\/www.nevadaregistry.org\/es\/recursos-de-ece\/"},{"@type":"ListItem","position":3,"name":"Est\u00e1ndares de Nevada para la etapa preescolar"}]},{"@type":"WebSite","@id":"https:\/\/www.nevadaregistry.org\/es\/#website","url":"https:\/\/www.nevadaregistry.org\/es\/","name":"The Nevada Registry","description":"Workforce data system capturing information about the Early Childhood Education and Care (ECEC) workforce in Nevada.","publisher":{"@id":"https:\/\/www.nevadaregistry.org\/es\/#organization"},"potentialAction":[{"@type":"SearchAction","target":{"@type":"EntryPoint","urlTemplate":"https:\/\/www.nevadaregistry.org\/es\/?s={search_term_string}"},"query-input":{"@type":"PropertyValueSpecification","valueRequired":true,"valueName":"search_term_string"}}],"inLanguage":"es"},{"@type":"Organization","@id":"https:\/\/www.nevadaregistry.org\/es\/#organization","name":"El Nevada Registry","url":"https:\/\/www.nevadaregistry.org\/es\/","logo":{"@type":"ImageObject","inLanguage":"es","@id":"https:\/\/www.nevadaregistry.org\/es\/#\/schema\/logo\/image\/","url":"https:\/\/www.nevadaregistry.org\/wp-content\/uploads\/2020\/10\/tnr-logo-purple-copy.jpg","contentUrl":"https:\/\/www.nevadaregistry.org\/wp-content\/uploads\/2020\/10\/tnr-logo-purple-copy.jpg","width":"900","height":"562","caption":"El Nevada Registry"},"image":{"@id":"https:\/\/www.nevadaregistry.org\/es\/#\/schema\/logo\/image\/"},"sameAs":["https:\/\/www.facebook.com\/nevadaregistry"]}]}},"_links":{"self":[{"href":"https:\/\/www.nevadaregistry.org\/es\/wp-json\/wp\/v2\/pages\/13307","targetHints":{"allow":["GET"]}}],"collection":[{"href":"https:\/\/www.nevadaregistry.org\/es\/wp-json\/wp\/v2\/pages"}],"about":[{"href":"https:\/\/www.nevadaregistry.org\/es\/wp-json\/wp\/v2\/types\/page"}],"author":[{"embeddable":true,"href":"https:\/\/www.nevadaregistry.org\/es\/wp-json\/wp\/v2\/users\/1"}],"replies":[{"embeddable":true,"href":"https:\/\/www.nevadaregistry.org\/es\/wp-json\/wp\/v2\/comments?post=13307"}],"version-history":[{"count":19,"href":"https:\/\/www.nevadaregistry.org\/es\/wp-json\/wp\/v2\/pages\/13307\/revisions"}],"predecessor-version":[{"id":18308,"href":"https:\/\/www.nevadaregistry.org\/es\/wp-json\/wp\/v2\/pages\/13307\/revisions\/18308"}],"up":[{"embeddable":true,"href":"https:\/\/www.nevadaregistry.org\/es\/wp-json\/wp\/v2\/pages\/13346"}],"wp:attachment":[{"href":"https:\/\/www.nevadaregistry.org\/es\/wp-json\/wp\/v2\/media?parent=13307"}],"curies":[{"name":"wp","href":"https:\/\/api.w.org\/{rel}","templated":true}]}}