{"id":13336,"date":"2020-07-20T16:13:11","date_gmt":"2020-07-20T23:13:11","guid":{"rendered":"https:\/\/www.nevadaregistry.org\/about\/su-equipo-del-registro\/"},"modified":"2026-03-06T08:42:38","modified_gmt":"2026-03-06T16:42:38","slug":"su-equipo-del-registro","status":"publish","type":"page","link":"https:\/\/www.nevadaregistry.org\/es\/acerca\/su-equipo-del-registro\/","title":{"rendered":"Tu equipo de The Nevada Registry"},"content":{"rendered":"<h3>El equipo de The Nevada Registry est\u00e1 aqu\u00ed para ayudarte con todas tus necesidades de desarrollo profesional.<\/h3>\n<p>Lo que somos se evidencia en nuestra <a href=\"https:\/\/www.nevadaregistry.org\/about\/vision-mission-and-value-statement\/\">Declaraci\u00f3n de Visi\u00f3n, Misi\u00f3n y Valores<\/a>. Es visible en nuestras pol\u00edticas y procedimientos, que marcan la pauta de nuestro enfoque de servicio al cliente. Nos dedicamos a ayudarte a sacar el m\u00e1ximo partido a tu membres\u00eda en The Nevada Registry y nos esforzamos por garantizar que cada interacci\u00f3n con nuestros miembros, socios comunitarios y la fuerza laboral de ECE en su conjunto sea receptiva, r\u00e1pida, cort\u00e9s, respetuosa y profesional en todo momento. Nos comprometemos a garantizar que tus llamadas telef\u00f3nicas y mensajes de correo electr\u00f3nico sean respondidos con prontitud, que tus preguntas sean contestadas y que tu experiencia general con nuestro programa sea positiva; cualquier cosa que no sea eso es inaceptable. No dudes en expresar tus inquietudes si tu experiencia con el equipo de The Nevada Registry no es positiva.    <\/p>\n<h2>Miembros del equipo de The Nevada Registry<\/h2>\n<h3>Shelly Nye,<br \/>\nDirectora de Programa<\/h3>\n<p>Shelly ha sido la Directora de Programa de The Nevada Registry desde su creaci\u00f3n en 2004 y ha tenido el gran privilegio de convertir lo que era solo un concepto hace m\u00e1s de veinte a\u00f1os en un sistema en pleno funcionamiento, ahora requerido por las regulaciones estatales de licencias de cuidado infantil para educadores que trabajan en entornos de cuidado infantil con licencia. Ha trabajado en el campo de la Atenci\u00f3n y Educaci\u00f3n Temprana (ECE) durante m\u00e1s de 30 a\u00f1os, desempe\u00f1\u00e1ndose en diversas capacidades, desde cuidado infantil con licencia y programas antes\/despu\u00e9s de la escuela hasta la coordinaci\u00f3n de programas que apoyan el crecimiento y desarrollo de ECE como profesi\u00f3n. Est\u00e1 activamente comprometida con la comunidad de ECE en todo el estado a trav\u00e9s de su participaci\u00f3n en varios comit\u00e9s y grupos de trabajo destinados a elevar la educaci\u00f3n formal y el estatus de los profesionales que trabajan en el campo de ECE. Como ex Representante de la Regi\u00f3n 9 y Secretaria de la <a href=\"https:\/\/www.registryalliance.org\/\">National Workforce Registry Alliance<\/a>, se mantiene al tanto de los problemas de la fuerza laboral y los sistemas de desarrollo profesional a nivel nacional y participa en conversaciones con colegas locales y nacionales para asegurar que Nevada tenga voz cuando se habla del trabajo de los registros. Es licenciada en Desarrollo Humano y Estudios Familiares con \u00e9nfasis en Primera Infancia por la Universidad de Nevada, Reno. El objetivo profesional de toda la vida de Shelly es aumentar la conciencia sobre la importancia de la Primera Infancia y lograr un mayor reconocimiento, un mayor valor y una mayor compensaci\u00f3n para la fuerza laboral de ECE. En su tiempo libre, Shelly se dedica a la fotograf\u00eda, disfruta del paddle surf, viajar y pasar tiempo con la familia.<br \/>\n<a href=\"mailto:snye@washoeschools.net\">Contactar con Shelly Nye<\/a><\/p>\n<h3>Joetta Forsty,<br \/>\nEspecialista de The Nevada Registry<\/h3>\n<p>Joetta es especialista de The Nevada Registry con 26 a\u00f1os de experiencia en la profesi\u00f3n de Atenci\u00f3n y Educaci\u00f3n Temprana. Joetta comenz\u00f3 a trabajar en The Nevada Registry en 2011 y ha apoyado la Visi\u00f3n, Misi\u00f3n y Valores de The Nevada Registry en todos los aspectos de sus funciones. Como miembro de larga data del equipo de The Nevada Registry, Joetta posee una gran cantidad de conocimientos y una perspectiva hist\u00f3rica sobre el desarrollo y los logros actuales y pasados de The Nevada Registry. Joetta es una orgullosa miembro de The Nevada Registry desde hace 20 a\u00f1os y anima a todos a solicitarlo. Cuando no est\u00e1 trabajando, es una \u00e1vida ciclista y disfruta pasando tiempo con su familia y mascotas.<br \/>\n<a href=\"mailto:jforsty@washoeschools.net\">Contactar con Joetta Forsty<\/a><\/p>\n<h3>Krystal Van Delden,<br \/>\nEspecialista de The Nevada Registry<\/h3>\n<p>Krystal forma parte del equipo de The Nevada Registry desde julio de 2015. Comenz\u00f3 su andadura como asistente de programa y adquiri\u00f3 los conocimientos necesarios para ascender hasta convertirse en especialista de The Nevada Registry. Es licenciada en Psicolog\u00eda y ha trabajado anteriormente como instructora individual con ni\u00f1os con necesidades especiales. Al tener dos hijos peque\u00f1os, conoce la importancia de la Primera Infancia y se dedica a servir a los educadores de ECE y a ayudar a concienciar sobre la importancia de la profesi\u00f3n. Krystal se especializa en gesti\u00f3n de documentos\/archivo digital, funcionalidad del tabl\u00f3n de empleo y la funci\u00f3n de seguimiento de asistencia en l\u00ednea, y contin\u00faa creciendo para apoyar a la fuerza laboral de nuevas maneras. Se enorgullece de servir a nuestros miembros y se dedica a proporcionar el mejor apoyo posible. En su tiempo libre, Krystal disfruta pasando tiempo con su familia, los d\u00edas en el lago y la comida.<br \/>\n<a href=\"mailto:Krystal.VanDelden@washoeschools.net\">Contactar con Krystal Van Delden<\/a><\/p>\n","protected":false},"excerpt":{"rendered":"<p>El equipo de The Nevada Registry est\u00e1 aqu\u00ed para ayudarte con todas tus necesidades de desarrollo profesional. Lo que somos&#8230;<\/p>\n","protected":false},"author":1,"featured_media":0,"parent":12893,"menu_order":9,"comment_status":"closed","ping_status":"closed","template":"","meta":{"_acf_changed":false,"footnotes":""},"class_list":["post-13336","page","type-page","status-publish","hentry"],"acf":[],"yoast_head":"<!-- This site is optimized with the Yoast SEO plugin v27.2 - https:\/\/yoast.com\/product\/yoast-seo-wordpress\/ -->\n<title>Tu equipo de The Nevada Registry - The Nevada Registry<\/title>\n<meta name=\"description\" content=\"El equipo de The Nevada Registry est\u00e1 aqu\u00ed para ayudarte con todas tus necesidades de desarrollo profesional. Lo que somos se evidencia en nuestra\" \/>\n<meta name=\"robots\" content=\"index, follow, max-snippet:-1, max-image-preview:large, max-video-preview:-1\" \/>\n<link rel=\"canonical\" href=\"https:\/\/www.nevadaregistry.org\/es\/acerca\/su-equipo-del-registro\/\" \/>\n<meta property=\"og:locale\" content=\"es_ES\" \/>\n<meta property=\"og:type\" content=\"article\" \/>\n<meta property=\"og:title\" content=\"Tu equipo de The Nevada Registry - The Nevada Registry\" \/>\n<meta property=\"og:description\" content=\"El equipo de The Nevada Registry est\u00e1 aqu\u00ed para ayudarte con todas tus necesidades de desarrollo profesional. Lo que somos se evidencia en nuestra\" \/>\n<meta property=\"og:url\" content=\"https:\/\/www.nevadaregistry.org\/es\/acerca\/su-equipo-del-registro\/\" \/>\n<meta property=\"og:site_name\" content=\"The Nevada Registry\" \/>\n<meta property=\"article:publisher\" content=\"https:\/\/www.facebook.com\/nevadaregistry\" \/>\n<meta property=\"article:modified_time\" content=\"2026-03-06T16:42:38+00:00\" \/>\n<meta property=\"og:image\" content=\"https:\/\/www.nevadaregistry.org\/wp-content\/uploads\/2020\/10\/NevadaRegistryOGImage.jpg\" \/>\n\t<meta property=\"og:image:width\" content=\"1200\" \/>\n\t<meta property=\"og:image:height\" content=\"630\" \/>\n\t<meta property=\"og:image:type\" content=\"image\/jpeg\" \/>\n<meta name=\"twitter:card\" content=\"summary_large_image\" \/>\n<meta name=\"twitter:label1\" content=\"Tiempo de lectura\" \/>\n\t<meta name=\"twitter:data1\" content=\"4 minutos\" \/>\n<script type=\"application\/ld+json\" class=\"yoast-schema-graph\">{\"@context\":\"https:\/\/schema.org\",\"@graph\":[{\"@type\":\"WebPage\",\"@id\":\"https:\/\/www.nevadaregistry.org\/es\/acerca\/su-equipo-del-registro\/\",\"url\":\"https:\/\/www.nevadaregistry.org\/es\/acerca\/su-equipo-del-registro\/\",\"name\":\"Tu equipo de The Nevada Registry - The Nevada Registry\",\"isPartOf\":{\"@id\":\"https:\/\/www.nevadaregistry.org\/es\/#website\"},\"datePublished\":\"2020-07-20T23:13:11+00:00\",\"dateModified\":\"2026-03-06T16:42:38+00:00\",\"description\":\"El equipo de The Nevada Registry est\u00e1 aqu\u00ed para ayudarte con todas tus necesidades de desarrollo profesional. Lo que somos se evidencia en nuestra\",\"breadcrumb\":{\"@id\":\"https:\/\/www.nevadaregistry.org\/es\/acerca\/su-equipo-del-registro\/#breadcrumb\"},\"inLanguage\":\"es\",\"potentialAction\":[{\"@type\":\"ReadAction\",\"target\":[\"https:\/\/www.nevadaregistry.org\/es\/acerca\/su-equipo-del-registro\/\"]}]},{\"@type\":\"BreadcrumbList\",\"@id\":\"https:\/\/www.nevadaregistry.org\/es\/acerca\/su-equipo-del-registro\/#breadcrumb\",\"itemListElement\":[{\"@type\":\"ListItem\",\"position\":1,\"name\":\"Home\",\"item\":\"https:\/\/www.nevadaregistry.org\/es\/pagina-principal\/\"},{\"@type\":\"ListItem\",\"position\":2,\"name\":\"P\u00e1gina Acerca de The Nevada Registry\",\"item\":\"https:\/\/www.nevadaregistry.org\/es\/acerca\/\"},{\"@type\":\"ListItem\",\"position\":3,\"name\":\"Tu equipo de The Nevada Registry\"}]},{\"@type\":\"WebSite\",\"@id\":\"https:\/\/www.nevadaregistry.org\/es\/#website\",\"url\":\"https:\/\/www.nevadaregistry.org\/es\/\",\"name\":\"The Nevada Registry\",\"description\":\"Workforce data system capturing information about the Early Childhood Education and Care (ECEC) workforce in Nevada.\",\"publisher\":{\"@id\":\"https:\/\/www.nevadaregistry.org\/es\/#organization\"},\"potentialAction\":[{\"@type\":\"SearchAction\",\"target\":{\"@type\":\"EntryPoint\",\"urlTemplate\":\"https:\/\/www.nevadaregistry.org\/es\/?s={search_term_string}\"},\"query-input\":{\"@type\":\"PropertyValueSpecification\",\"valueRequired\":true,\"valueName\":\"search_term_string\"}}],\"inLanguage\":\"es\"},{\"@type\":\"Organization\",\"@id\":\"https:\/\/www.nevadaregistry.org\/es\/#organization\",\"name\":\"El Nevada Registry\",\"url\":\"https:\/\/www.nevadaregistry.org\/es\/\",\"logo\":{\"@type\":\"ImageObject\",\"inLanguage\":\"es\",\"@id\":\"https:\/\/www.nevadaregistry.org\/es\/#\/schema\/logo\/image\/\",\"url\":\"https:\/\/www.nevadaregistry.org\/wp-content\/uploads\/2020\/10\/tnr-logo-purple-copy.jpg\",\"contentUrl\":\"https:\/\/www.nevadaregistry.org\/wp-content\/uploads\/2020\/10\/tnr-logo-purple-copy.jpg\",\"width\":\"900\",\"height\":\"562\",\"caption\":\"El Nevada Registry\"},\"image\":{\"@id\":\"https:\/\/www.nevadaregistry.org\/es\/#\/schema\/logo\/image\/\"},\"sameAs\":[\"https:\/\/www.facebook.com\/nevadaregistry\"]}]}<\/script>\n<!-- \/ Yoast SEO plugin. -->","yoast_head_json":{"title":"Tu equipo de The Nevada Registry - The Nevada Registry","description":"El equipo de The Nevada Registry est\u00e1 aqu\u00ed para ayudarte con todas tus necesidades de desarrollo profesional. Lo que somos se evidencia en nuestra","robots":{"index":"index","follow":"follow","max-snippet":"max-snippet:-1","max-image-preview":"max-image-preview:large","max-video-preview":"max-video-preview:-1"},"canonical":"https:\/\/www.nevadaregistry.org\/es\/acerca\/su-equipo-del-registro\/","og_locale":"es_ES","og_type":"article","og_title":"Tu equipo de The Nevada Registry - The Nevada Registry","og_description":"El equipo de The Nevada Registry est\u00e1 aqu\u00ed para ayudarte con todas tus necesidades de desarrollo profesional. Lo que somos se evidencia en nuestra","og_url":"https:\/\/www.nevadaregistry.org\/es\/acerca\/su-equipo-del-registro\/","og_site_name":"The Nevada Registry","article_publisher":"https:\/\/www.facebook.com\/nevadaregistry","article_modified_time":"2026-03-06T16:42:38+00:00","og_image":[{"width":1200,"height":630,"url":"https:\/\/www.nevadaregistry.org\/wp-content\/uploads\/2020\/10\/NevadaRegistryOGImage.jpg","type":"image\/jpeg"}],"twitter_card":"summary_large_image","twitter_misc":{"Tiempo de lectura":"4 minutos"},"schema":{"@context":"https:\/\/schema.org","@graph":[{"@type":"WebPage","@id":"https:\/\/www.nevadaregistry.org\/es\/acerca\/su-equipo-del-registro\/","url":"https:\/\/www.nevadaregistry.org\/es\/acerca\/su-equipo-del-registro\/","name":"Tu equipo de The Nevada Registry - The Nevada Registry","isPartOf":{"@id":"https:\/\/www.nevadaregistry.org\/es\/#website"},"datePublished":"2020-07-20T23:13:11+00:00","dateModified":"2026-03-06T16:42:38+00:00","description":"El equipo de The Nevada Registry est\u00e1 aqu\u00ed para ayudarte con todas tus necesidades de desarrollo profesional. Lo que somos se evidencia en nuestra","breadcrumb":{"@id":"https:\/\/www.nevadaregistry.org\/es\/acerca\/su-equipo-del-registro\/#breadcrumb"},"inLanguage":"es","potentialAction":[{"@type":"ReadAction","target":["https:\/\/www.nevadaregistry.org\/es\/acerca\/su-equipo-del-registro\/"]}]},{"@type":"BreadcrumbList","@id":"https:\/\/www.nevadaregistry.org\/es\/acerca\/su-equipo-del-registro\/#breadcrumb","itemListElement":[{"@type":"ListItem","position":1,"name":"Home","item":"https:\/\/www.nevadaregistry.org\/es\/pagina-principal\/"},{"@type":"ListItem","position":2,"name":"P\u00e1gina Acerca de The Nevada Registry","item":"https:\/\/www.nevadaregistry.org\/es\/acerca\/"},{"@type":"ListItem","position":3,"name":"Tu equipo de The Nevada Registry"}]},{"@type":"WebSite","@id":"https:\/\/www.nevadaregistry.org\/es\/#website","url":"https:\/\/www.nevadaregistry.org\/es\/","name":"The Nevada Registry","description":"Workforce data system capturing information about the Early Childhood Education and Care (ECEC) workforce in Nevada.","publisher":{"@id":"https:\/\/www.nevadaregistry.org\/es\/#organization"},"potentialAction":[{"@type":"SearchAction","target":{"@type":"EntryPoint","urlTemplate":"https:\/\/www.nevadaregistry.org\/es\/?s={search_term_string}"},"query-input":{"@type":"PropertyValueSpecification","valueRequired":true,"valueName":"search_term_string"}}],"inLanguage":"es"},{"@type":"Organization","@id":"https:\/\/www.nevadaregistry.org\/es\/#organization","name":"El Nevada Registry","url":"https:\/\/www.nevadaregistry.org\/es\/","logo":{"@type":"ImageObject","inLanguage":"es","@id":"https:\/\/www.nevadaregistry.org\/es\/#\/schema\/logo\/image\/","url":"https:\/\/www.nevadaregistry.org\/wp-content\/uploads\/2020\/10\/tnr-logo-purple-copy.jpg","contentUrl":"https:\/\/www.nevadaregistry.org\/wp-content\/uploads\/2020\/10\/tnr-logo-purple-copy.jpg","width":"900","height":"562","caption":"El Nevada Registry"},"image":{"@id":"https:\/\/www.nevadaregistry.org\/es\/#\/schema\/logo\/image\/"},"sameAs":["https:\/\/www.facebook.com\/nevadaregistry"]}]}},"_links":{"self":[{"href":"https:\/\/www.nevadaregistry.org\/es\/wp-json\/wp\/v2\/pages\/13336","targetHints":{"allow":["GET"]}}],"collection":[{"href":"https:\/\/www.nevadaregistry.org\/es\/wp-json\/wp\/v2\/pages"}],"about":[{"href":"https:\/\/www.nevadaregistry.org\/es\/wp-json\/wp\/v2\/types\/page"}],"author":[{"embeddable":true,"href":"https:\/\/www.nevadaregistry.org\/es\/wp-json\/wp\/v2\/users\/1"}],"replies":[{"embeddable":true,"href":"https:\/\/www.nevadaregistry.org\/es\/wp-json\/wp\/v2\/comments?post=13336"}],"version-history":[{"count":3,"href":"https:\/\/www.nevadaregistry.org\/es\/wp-json\/wp\/v2\/pages\/13336\/revisions"}],"predecessor-version":[{"id":18217,"href":"https:\/\/www.nevadaregistry.org\/es\/wp-json\/wp\/v2\/pages\/13336\/revisions\/18217"}],"up":[{"embeddable":true,"href":"https:\/\/www.nevadaregistry.org\/es\/wp-json\/wp\/v2\/pages\/12893"}],"wp:attachment":[{"href":"https:\/\/www.nevadaregistry.org\/es\/wp-json\/wp\/v2\/media?parent=13336"}],"curies":[{"name":"wp","href":"https:\/\/api.w.org\/{rel}","templated":true}]}}