{"id":13342,"date":"2020-07-20T16:13:11","date_gmt":"2020-07-20T23:13:11","guid":{"rendered":"https:\/\/www.nevadaregistry.org\/about\/comite-asesor-del-registro\/"},"modified":"2026-03-06T08:37:17","modified_gmt":"2026-03-06T16:37:17","slug":"comite-asesor-del-registro","status":"publish","type":"page","link":"https:\/\/www.nevadaregistry.org\/es\/acerca\/comite-asesor-del-registro\/","title":{"rendered":"Comit\u00e9 Asesor de The Nevada Registry"},"content":{"rendered":"<div id=\"hidbg\">\n<div id=\"owrap\">\n<div id=\"wrap\">\n<div id=\"content\">\n<div>\n<h6><em>Revisado\/Actualizado octubre de 2024<\/em><\/h6>\n<p>El Comit\u00e9 Asesor de The Nevada Registry sirve como \u00f3rgano para guiar, asesorar y hacer recomendaciones sobre cuestiones relacionadas con los sistemas de desarrollo profesional y aprobaci\u00f3n de formaci\u00f3n de Nevada. El Comit\u00e9 opera de acuerdo con la <a href=\"https:\/\/www.nevadaregistry.org\/about\/vision-mission-and-value-statement\/\">Declaraci\u00f3n de Visi\u00f3n, Misi\u00f3n y Valores<\/a> de The Nevada Registry. <\/p>\n<\/div>\n<h3>Composici\u00f3n del Comit\u00e9 Asesor de The Nevada Registry<\/h3>\n<div>\n<div>\n<p>El Comit\u00e9 Asesor de The Nevada Registry es un \u00f3rgano consultivo con una amplia representaci\u00f3n profesional en todo el estado. El Comit\u00e9 est\u00e1 compuesto por representantes de Programas de Primera Infancia que gu\u00edan la visi\u00f3n de The Nevada Registry. Se invita a los representantes de agencias a participar en funci\u00f3n de la poblaci\u00f3n representada por su programa\/agencia (Educaci\u00f3n Superior, Cuidado en Centros, Cuidado en el Hogar, etc.), as\u00ed como de la conexi\u00f3n y comprensi\u00f3n del individuo con la industria del cuidado infantil en Nevada.   Los miembros incluyen, pero no se limitan a, al menos un individuo que represente lo siguiente:<\/p>\n<\/div>\n<\/div>\n<ul>\n<li>\n<div>Agente de financiaci\u00f3n<\/div>\n<\/li>\n<li>\n<div>Representante de Subsidios CCDF<\/div>\n<\/li>\n<li>\n<div>Educaci\u00f3n Superior, incluyendo instituciones de 2 y 4 a\u00f1os<\/div>\n<\/li>\n<li>\n<div>Departamento de Educaci\u00f3n del Estado<\/div>\n<\/li>\n<li>\n<div>Sistema de Calificaci\u00f3n y Mejora de la Calidad (QRIS)<\/div>\n<\/li>\n<li>\n<div>Licencias de Cuidado Infantil (Estatal y del Condado)<\/div>\n<\/li>\n<li>\n<div>Programa Estatal de Becas para la Primera Infancia<\/div>\n<\/li>\n<li>\n<div>Est\u00e1ndares de Pre-K de Nevada<\/div>\n<\/li>\n<li>\n<div>Head Start\/Early Head Start<\/div>\n<\/li>\n<li>\n<div>Programa Pre-K Basado en Distritos Escolares<\/div>\n<\/li>\n<li>\n<div>Proveedor de Cuidado Infantil en Centro con Licencia (Urbano y Rural)<\/div>\n<\/li>\n<li>\n<div>Cuidado Infantil Familiar con Licencia<\/div>\n<\/li>\n<li>\n<div>Cuidado Infantil Tribal<\/div>\n<\/li>\n<\/ul>\n<div>\n<div>Las agencias identificadas tienen un puesto permanente en el Comit\u00e9. Los puestos en el Comit\u00e9 Asesor son voluntarios; sin embargo, se pide a los representantes de las agencias que se comprometan a un mandato m\u00ednimo de 2 a\u00f1os. Si una agencia no puede participar de acuerdo con el Acuerdo de Miembro manteniendo la representaci\u00f3n en el Comit\u00e9, se invitar\u00e1 a otra agencia que represente a la misma o similar poblaci\u00f3n a unirse al comit\u00e9.  <\/div>\n<\/div>\n<h3>Funciones de los miembros del Comit\u00e9 Asesor<\/h3>\n<ul>\n<li>\n<div>Proporcionar orientaci\u00f3n al Director del Programa de The Nevada Registry de acuerdo con el <a href=\"\/wp-content\/uploads\/2020\/08\/RACMemberAgreement.pdf\">Acuerdo de Miembro<\/a> del Comit\u00e9 Asesor<\/div>\n<\/li>\n<li>\n<div>Servir como defensor de The Nevada Registry dentro de la comunidad de ECE y en audiencias p\u00fablicas para Licencias de Cuidado Infantil y otras Juntas, Comit\u00e9s, etc. donde se discuta el Registro<\/div>\n<\/li>\n<li>\n<div>Actuar como grupo de consulta durante las etapas de planificaci\u00f3n de nuevos programas, servicios y actividades diversas de The Nevada Registry<\/div>\n<\/li>\n<li>\n<div>Ayudar a crear pol\u00edticas y procedimientos que rigen aspectos espec\u00edficos de los sistemas de Aprobaci\u00f3n de Formaci\u00f3n y Desarrollo Profesional de The Nevada Registry<\/div>\n<\/li>\n<li>\n<div>Participar en subcomit\u00e9s de proyectos espec\u00edficos de inter\u00e9s<\/div>\n<\/li>\n<li>\n<div>Servir en paneles de apelaci\u00f3n cuando sea aplicable<\/div>\n<\/li>\n<li>\n<div>Firmar anualmente un Acuerdo de Confidencialidad y una Pol\u00edtica de Conflicto de Intereses.<\/div>\n<\/li>\n<\/ul>\n<h3>Calendario y lugar de las reuniones<\/h3>\n<p>El Comit\u00e9 Asesor se re\u00fane solo cuando el Director del Programa de The Nevada Registry lo considera necesario y se comunica principalmente por correo electr\u00f3nico y teleconferencia. Adem\u00e1s, se forman peri\u00f3dicamente subcomit\u00e9s independientes para trabajar en tareas espec\u00edficas de proyectos. Todas las reuniones presenciales son programadas por el personal de The Nevada Registry y suelen tener lugar en el Centro de Desarrollo Profesional en Reno, en 240 S. Rock Boulevard, Ste.   #143. No hay reuniones del Comit\u00e9 Asesor programadas en este momento.<\/p>\n<h3>Estructura de informes<\/h3>\n<p>El Comit\u00e9 Asesor funciona independientemente de las operaciones diarias de The Nevada Registry para proporcionar retroalimentaci\u00f3n, aportaciones y recomendaciones a The Nevada Registry. The Nevada Registry tiene la autoridad de decisi\u00f3n final. <\/p>\n<h3>Miembros del Comit\u00e9 Asesor de The Nevada Registry<\/h3>\n<div>\u00a1Lista actualizada pr\u00f3ximamente!<\/div>\n<div>\n<div>\n<div>\n<div><\/div>\n<\/div>\n<\/div>\n<\/div>\n<\/div>\n<\/div>\n<\/div>\n<\/div>\n","protected":false},"excerpt":{"rendered":"<p>Revisado\/Actualizado octubre de 2024 El Comit\u00e9 Asesor de The Nevada Registry sirve como \u00f3rgano para guiar, asesorar y hacer recomendaciones&#8230;<\/p>\n","protected":false},"author":1,"featured_media":0,"parent":12893,"menu_order":5,"comment_status":"closed","ping_status":"closed","template":"","meta":{"_acf_changed":false,"footnotes":""},"class_list":["post-13342","page","type-page","status-publish","hentry"],"acf":[],"yoast_head":"<!-- This site is optimized with the Yoast SEO plugin v27.2 - https:\/\/yoast.com\/product\/yoast-seo-wordpress\/ -->\n<title>Comit\u00e9 Asesor de The Nevada Registry - The Nevada Registry<\/title>\n<meta name=\"description\" content=\"Revisado\/Actualizado octubre de 2024 El Comit\u00e9 Asesor de The Nevada Registry sirve como \u00f3rgano para guiar, asesorar y hacer recomendaciones sobre\" \/>\n<meta name=\"robots\" content=\"index, follow, max-snippet:-1, max-image-preview:large, max-video-preview:-1\" \/>\n<link rel=\"canonical\" href=\"https:\/\/www.nevadaregistry.org\/es\/acerca\/comite-asesor-del-registro\/\" \/>\n<meta property=\"og:locale\" content=\"es_ES\" \/>\n<meta property=\"og:type\" content=\"article\" \/>\n<meta property=\"og:title\" content=\"Comit\u00e9 Asesor de The Nevada Registry - The Nevada Registry\" \/>\n<meta property=\"og:description\" content=\"Revisado\/Actualizado octubre de 2024 El Comit\u00e9 Asesor de The Nevada Registry sirve como \u00f3rgano para guiar, asesorar y hacer recomendaciones sobre\" \/>\n<meta property=\"og:url\" content=\"https:\/\/www.nevadaregistry.org\/es\/acerca\/comite-asesor-del-registro\/\" \/>\n<meta property=\"og:site_name\" content=\"The Nevada Registry\" \/>\n<meta property=\"article:publisher\" content=\"https:\/\/www.facebook.com\/nevadaregistry\" \/>\n<meta property=\"article:modified_time\" content=\"2026-03-06T16:37:17+00:00\" \/>\n<meta property=\"og:image\" content=\"https:\/\/www.nevadaregistry.org\/wp-content\/uploads\/2020\/10\/NevadaRegistryOGImage.jpg\" \/>\n\t<meta property=\"og:image:width\" content=\"1200\" \/>\n\t<meta property=\"og:image:height\" content=\"630\" \/>\n\t<meta property=\"og:image:type\" content=\"image\/jpeg\" \/>\n<meta name=\"twitter:card\" content=\"summary_large_image\" \/>\n<meta name=\"twitter:label1\" content=\"Tiempo de lectura\" \/>\n\t<meta name=\"twitter:data1\" content=\"3 minutos\" \/>\n<script type=\"application\/ld+json\" class=\"yoast-schema-graph\">{\"@context\":\"https:\/\/schema.org\",\"@graph\":[{\"@type\":\"WebPage\",\"@id\":\"https:\/\/www.nevadaregistry.org\/es\/acerca\/comite-asesor-del-registro\/\",\"url\":\"https:\/\/www.nevadaregistry.org\/es\/acerca\/comite-asesor-del-registro\/\",\"name\":\"Comit\u00e9 Asesor de The Nevada Registry - The Nevada Registry\",\"isPartOf\":{\"@id\":\"https:\/\/www.nevadaregistry.org\/es\/#website\"},\"datePublished\":\"2020-07-20T23:13:11+00:00\",\"dateModified\":\"2026-03-06T16:37:17+00:00\",\"description\":\"Revisado\/Actualizado octubre de 2024 El Comit\u00e9 Asesor de The Nevada Registry sirve como \u00f3rgano para guiar, asesorar y hacer recomendaciones sobre\",\"breadcrumb\":{\"@id\":\"https:\/\/www.nevadaregistry.org\/es\/acerca\/comite-asesor-del-registro\/#breadcrumb\"},\"inLanguage\":\"es\",\"potentialAction\":[{\"@type\":\"ReadAction\",\"target\":[\"https:\/\/www.nevadaregistry.org\/es\/acerca\/comite-asesor-del-registro\/\"]}]},{\"@type\":\"BreadcrumbList\",\"@id\":\"https:\/\/www.nevadaregistry.org\/es\/acerca\/comite-asesor-del-registro\/#breadcrumb\",\"itemListElement\":[{\"@type\":\"ListItem\",\"position\":1,\"name\":\"Home\",\"item\":\"https:\/\/www.nevadaregistry.org\/es\/pagina-principal\/\"},{\"@type\":\"ListItem\",\"position\":2,\"name\":\"P\u00e1gina Acerca de The Nevada Registry\",\"item\":\"https:\/\/www.nevadaregistry.org\/es\/acerca\/\"},{\"@type\":\"ListItem\",\"position\":3,\"name\":\"Comit\u00e9 Asesor de The Nevada Registry\"}]},{\"@type\":\"WebSite\",\"@id\":\"https:\/\/www.nevadaregistry.org\/es\/#website\",\"url\":\"https:\/\/www.nevadaregistry.org\/es\/\",\"name\":\"The Nevada Registry\",\"description\":\"Workforce data system capturing information about the Early Childhood Education and Care (ECEC) workforce in Nevada.\",\"publisher\":{\"@id\":\"https:\/\/www.nevadaregistry.org\/es\/#organization\"},\"potentialAction\":[{\"@type\":\"SearchAction\",\"target\":{\"@type\":\"EntryPoint\",\"urlTemplate\":\"https:\/\/www.nevadaregistry.org\/es\/?s={search_term_string}\"},\"query-input\":{\"@type\":\"PropertyValueSpecification\",\"valueRequired\":true,\"valueName\":\"search_term_string\"}}],\"inLanguage\":\"es\"},{\"@type\":\"Organization\",\"@id\":\"https:\/\/www.nevadaregistry.org\/es\/#organization\",\"name\":\"El Nevada Registry\",\"url\":\"https:\/\/www.nevadaregistry.org\/es\/\",\"logo\":{\"@type\":\"ImageObject\",\"inLanguage\":\"es\",\"@id\":\"https:\/\/www.nevadaregistry.org\/es\/#\/schema\/logo\/image\/\",\"url\":\"https:\/\/www.nevadaregistry.org\/wp-content\/uploads\/2020\/10\/tnr-logo-purple-copy.jpg\",\"contentUrl\":\"https:\/\/www.nevadaregistry.org\/wp-content\/uploads\/2020\/10\/tnr-logo-purple-copy.jpg\",\"width\":\"900\",\"height\":\"562\",\"caption\":\"El Nevada Registry\"},\"image\":{\"@id\":\"https:\/\/www.nevadaregistry.org\/es\/#\/schema\/logo\/image\/\"},\"sameAs\":[\"https:\/\/www.facebook.com\/nevadaregistry\"]}]}<\/script>\n<!-- \/ Yoast SEO plugin. -->","yoast_head_json":{"title":"Comit\u00e9 Asesor de The Nevada Registry - The Nevada Registry","description":"Revisado\/Actualizado octubre de 2024 El Comit\u00e9 Asesor de The Nevada Registry sirve como \u00f3rgano para guiar, asesorar y hacer recomendaciones sobre","robots":{"index":"index","follow":"follow","max-snippet":"max-snippet:-1","max-image-preview":"max-image-preview:large","max-video-preview":"max-video-preview:-1"},"canonical":"https:\/\/www.nevadaregistry.org\/es\/acerca\/comite-asesor-del-registro\/","og_locale":"es_ES","og_type":"article","og_title":"Comit\u00e9 Asesor de The Nevada Registry - The Nevada Registry","og_description":"Revisado\/Actualizado octubre de 2024 El Comit\u00e9 Asesor de The Nevada Registry sirve como \u00f3rgano para guiar, asesorar y hacer recomendaciones sobre","og_url":"https:\/\/www.nevadaregistry.org\/es\/acerca\/comite-asesor-del-registro\/","og_site_name":"The Nevada Registry","article_publisher":"https:\/\/www.facebook.com\/nevadaregistry","article_modified_time":"2026-03-06T16:37:17+00:00","og_image":[{"width":1200,"height":630,"url":"https:\/\/www.nevadaregistry.org\/wp-content\/uploads\/2020\/10\/NevadaRegistryOGImage.jpg","type":"image\/jpeg"}],"twitter_card":"summary_large_image","twitter_misc":{"Tiempo de lectura":"3 minutos"},"schema":{"@context":"https:\/\/schema.org","@graph":[{"@type":"WebPage","@id":"https:\/\/www.nevadaregistry.org\/es\/acerca\/comite-asesor-del-registro\/","url":"https:\/\/www.nevadaregistry.org\/es\/acerca\/comite-asesor-del-registro\/","name":"Comit\u00e9 Asesor de The Nevada Registry - The Nevada Registry","isPartOf":{"@id":"https:\/\/www.nevadaregistry.org\/es\/#website"},"datePublished":"2020-07-20T23:13:11+00:00","dateModified":"2026-03-06T16:37:17+00:00","description":"Revisado\/Actualizado octubre de 2024 El Comit\u00e9 Asesor de The Nevada Registry sirve como \u00f3rgano para guiar, asesorar y hacer recomendaciones sobre","breadcrumb":{"@id":"https:\/\/www.nevadaregistry.org\/es\/acerca\/comite-asesor-del-registro\/#breadcrumb"},"inLanguage":"es","potentialAction":[{"@type":"ReadAction","target":["https:\/\/www.nevadaregistry.org\/es\/acerca\/comite-asesor-del-registro\/"]}]},{"@type":"BreadcrumbList","@id":"https:\/\/www.nevadaregistry.org\/es\/acerca\/comite-asesor-del-registro\/#breadcrumb","itemListElement":[{"@type":"ListItem","position":1,"name":"Home","item":"https:\/\/www.nevadaregistry.org\/es\/pagina-principal\/"},{"@type":"ListItem","position":2,"name":"P\u00e1gina Acerca de The Nevada Registry","item":"https:\/\/www.nevadaregistry.org\/es\/acerca\/"},{"@type":"ListItem","position":3,"name":"Comit\u00e9 Asesor de The Nevada Registry"}]},{"@type":"WebSite","@id":"https:\/\/www.nevadaregistry.org\/es\/#website","url":"https:\/\/www.nevadaregistry.org\/es\/","name":"The Nevada Registry","description":"Workforce data system capturing information about the Early Childhood Education and Care (ECEC) workforce in Nevada.","publisher":{"@id":"https:\/\/www.nevadaregistry.org\/es\/#organization"},"potentialAction":[{"@type":"SearchAction","target":{"@type":"EntryPoint","urlTemplate":"https:\/\/www.nevadaregistry.org\/es\/?s={search_term_string}"},"query-input":{"@type":"PropertyValueSpecification","valueRequired":true,"valueName":"search_term_string"}}],"inLanguage":"es"},{"@type":"Organization","@id":"https:\/\/www.nevadaregistry.org\/es\/#organization","name":"El Nevada Registry","url":"https:\/\/www.nevadaregistry.org\/es\/","logo":{"@type":"ImageObject","inLanguage":"es","@id":"https:\/\/www.nevadaregistry.org\/es\/#\/schema\/logo\/image\/","url":"https:\/\/www.nevadaregistry.org\/wp-content\/uploads\/2020\/10\/tnr-logo-purple-copy.jpg","contentUrl":"https:\/\/www.nevadaregistry.org\/wp-content\/uploads\/2020\/10\/tnr-logo-purple-copy.jpg","width":"900","height":"562","caption":"El Nevada Registry"},"image":{"@id":"https:\/\/www.nevadaregistry.org\/es\/#\/schema\/logo\/image\/"},"sameAs":["https:\/\/www.facebook.com\/nevadaregistry"]}]}},"_links":{"self":[{"href":"https:\/\/www.nevadaregistry.org\/es\/wp-json\/wp\/v2\/pages\/13342","targetHints":{"allow":["GET"]}}],"collection":[{"href":"https:\/\/www.nevadaregistry.org\/es\/wp-json\/wp\/v2\/pages"}],"about":[{"href":"https:\/\/www.nevadaregistry.org\/es\/wp-json\/wp\/v2\/types\/page"}],"author":[{"embeddable":true,"href":"https:\/\/www.nevadaregistry.org\/es\/wp-json\/wp\/v2\/users\/1"}],"replies":[{"embeddable":true,"href":"https:\/\/www.nevadaregistry.org\/es\/wp-json\/wp\/v2\/comments?post=13342"}],"version-history":[{"count":2,"href":"https:\/\/www.nevadaregistry.org\/es\/wp-json\/wp\/v2\/pages\/13342\/revisions"}],"predecessor-version":[{"id":18209,"href":"https:\/\/www.nevadaregistry.org\/es\/wp-json\/wp\/v2\/pages\/13342\/revisions\/18209"}],"up":[{"embeddable":true,"href":"https:\/\/www.nevadaregistry.org\/es\/wp-json\/wp\/v2\/pages\/12893"}],"wp:attachment":[{"href":"https:\/\/www.nevadaregistry.org\/es\/wp-json\/wp\/v2\/media?parent=13342"}],"curies":[{"name":"wp","href":"https:\/\/api.w.org\/{rel}","templated":true}]}}